{"id":2271,"date":"2024-01-04T10:39:35","date_gmt":"2024-01-04T02:39:35","guid":{"rendered":"https:\/\/skbty.com\/?post_type=product&#038;p=2271"},"modified":"2024-06-21T12:09:11","modified_gmt":"2024-06-21T04:09:11","slug":"maquina-de-terapia-de-ondas-de-choque-estilo-tactil","status":"publish","type":"product","link":"https:\/\/skbty.com\/es\/producto\/maquina-de-terapia-de-ondas-de-choque-estilo-tactil\/","title":{"rendered":"M\u00e1quina de terapia de ondas de choque (estilo t\u00e1ctil)"},"content":{"rendered":"<div class=\"J_module\">\n<div class=\"detail-decorate-json-renderer-container\">\n<div class=\"magic-2\">\n<h3 class=\"magic-3\" data-spm-anchor-id=\"a2700.details.0.i78.1778fb5bm3TcRl\"><span class=\"magic-5\">M\u00e1quina de terapia de ondas de choque<\/span><\/h3>\n<div class=\"magic-7\">\n<div class=\"magic-8\">\n<div class=\"magic-9\"><span class=\"magic-10\" style=\"font-family: Arial;\">La m\u00e1quina de terapia de ondas de choque se utiliza en ortopedia, fisioterapia, medicina deportiva, urolog\u00eda, veterinaria y otros equipos multidisciplinares. Sus principales ventajas son el r\u00e1pido alivio del dolor y la recuperaci\u00f3n de la movilidad. Esto, unido al hecho de que se trata de un tratamiento no quir\u00fargico que no requiere analg\u00e9sicos, lo convierte en un tratamiento ideal para acelerar la recuperaci\u00f3n y tratar diversos signos de dolor agudo o cr\u00f3nico.<\/span><\/div>\n<\/div>\n<\/div>\n<\/div>\n<\/div>\n<\/div>\n<div class=\"J_module\">\n<div class=\"ife-detail-decorate-table\">\n<table style=\"border-color: #f3f3f3;\" border=\"1\" cellspacing=\"0\" cellpadding=\"0\">\n<tbody>\n<tr>\n<td colspan=\"1\" rowspan=\"1\">\n<div class=\"magic-12\"><span class=\"magic-10\" style=\"font-family: Arial;\">Nombre<\/span><\/div>\n<\/td>\n<td colspan=\"1\" rowspan=\"1\">\n<div class=\"magic-13\"><span class=\"magic-10\" style=\"font-family: Arial;\">M\u00e1quina de terapia de ondas de choque<\/span><\/div>\n<\/td>\n<\/tr>\n<tr>\n<td colspan=\"1\" rowspan=\"1\">\n<div class=\"magic-12\"><span class=\"magic-10\" style=\"font-family: Arial;\">N\u00fameros de frecuencia de salida<\/span><\/div>\n<\/td>\n<td colspan=\"1\" rowspan=\"1\">\n<div class=\"magic-13\"><span class=\"magic-10\" style=\"font-family: Arial;\">16<\/span><\/div>\n<\/td>\n<\/tr>\n<tr>\n<td colspan=\"1\" rowspan=\"1\">\n<div class=\"magic-12\"><span class=\"magic-10\" style=\"font-family: Arial;\">N\u00fameros de nivel de salida<\/span><\/div>\n<\/td>\n<td colspan=\"1\" rowspan=\"1\">\n<div class=\"magic-13\"><span class=\"magic-10\" style=\"font-family: Arial;\">12<\/span><\/div>\n<\/td>\n<\/tr>\n<tr>\n<td colspan=\"1\" rowspan=\"1\">\n<div class=\"magic-12\"><span class=\"magic-10\" style=\"font-family: Arial;\">Voltaje de entrada<\/span><\/div>\n<\/td>\n<td colspan=\"1\" rowspan=\"1\">\n<div class=\"magic-13\"><span class=\"magic-10\" style=\"font-family: Arial;\">CA 110 V-CA 220 V<\/span><\/div>\n<\/td>\n<\/tr>\n<tr>\n<td colspan=\"1\" rowspan=\"1\">\n<div class=\"magic-12\"><span class=\"magic-10\" style=\"font-family: Arial;\">Frecuencia<\/span><\/div>\n<\/td>\n<td colspan=\"1\" rowspan=\"1\">\n<div class=\"magic-13\"><span class=\"magic-10\" style=\"font-family: Arial;\">50 Hz\/60 Hz<\/span><\/div>\n<\/td>\n<\/tr>\n<tr>\n<td colspan=\"1\" rowspan=\"1\">\n<div class=\"magic-12\"><span class=\"magic-10\" style=\"font-family: Arial;\">Fuerza<\/span><\/div>\n<\/td>\n<td colspan=\"1\" rowspan=\"1\">\n<div class=\"magic-13\"><span class=\"magic-10\" style=\"font-family: Arial;\">90 W M\u00c1XIMO<\/span><\/div>\n<\/td>\n<\/tr>\n<tr>\n<td colspan=\"1\" rowspan=\"1\">\n<div class=\"magic-14\">Actual<\/div>\n<\/td>\n<td colspan=\"1\" rowspan=\"1\">\n<div class=\"magic-15\"><span class=\"magic-10\" style=\"font-family: Arial;\">2A M\u00c1XIMO<\/span><\/div>\n<\/td>\n<\/tr>\n<\/tbody>\n<\/table>\n<\/div>\n<\/div>\n<div class=\"J_module\">\n<div class=\"detail-decorate-json-renderer-container\">\n<div class=\"magic-2\">\n<h3 class=\"magic-3\"><span class=\"magic-5\">Principio de trabajo<\/span><\/h3>\n<div class=\"magic-7\">\n<div class=\"magic-8\">\n<div class=\"magic-9\">\n<div><span class=\"magic-10\" style=\"font-family: Arial;\">La terapia de ondas de choque aplica una onda de choque radial a trav\u00e9s de la superficie de la piel hasta el tejido lesionado. Esta onda de choque inicia una respuesta similar a la inflamaci\u00f3n en el tejido lesionado y acelera el proceso de curaci\u00f3n al regenerar los vasos sangu\u00edneos. Tambi\u00e9n alivia el dolor del paciente.<\/span><\/div>\n<\/div>\n<\/div>\n<\/div>\n<\/div>\n<\/div>\n<\/div>\n<div class=\"J_module\">\n<div class=\"icbu-pc-images magic-16\">\n<div>\n<div class=\"flex-layout-v\">\n<div class=\"flex-layout-h magic-16\">\n<div class=\"magic-17\"><img loading=\"lazy\" decoding=\"async\" class=\"magic-18 aligncenter\" title=\"M\u00e1quina de terapia de ondas de choque\" src=\"https:\/\/sc04.alicdn.com\/kf\/H18a54888e92645aebece4acda80470eeZ\/247315878\/H18a54888e92645aebece4acda80470eeZ.png\" alt=\"M\u00e1quina de terapia de ondas de choque\" width=\"800\" height=\"516\" data-src=\"\/\/sc04.alicdn.com\/kf\/H18a54888e92645aebece4acda80470eeZ\/247315878\/H18a54888e92645aebece4acda80470eeZ.png\" \/><\/div>\n<\/div>\n<\/div>\n<\/div>\n<\/div>\n<\/div>\n<div class=\"J_module\">\n<div class=\"detail-decorate-json-renderer-container\">\n<div class=\"magic-2\">\n<h3 class=\"magic-3\"><span class=\"magic-19\">Funciones<\/span><\/h3>\n<div class=\"magic-7\">\n<div class=\"magic-8\">\n<div class=\"magic-9\"><span class=\"magic-10\" style=\"font-family: Arial;\">1) Remodelaci\u00f3n corporal <\/span><\/div>\n<div class=\"magic-9\"><span class=\"magic-10\" style=\"font-family: Arial;\">2) Terapia de adelgazamiento <\/span><\/div>\n<div class=\"magic-9\"><span class=\"magic-10\" style=\"font-family: Arial;\">3) Tratamiento de la piel irregular despu\u00e9s de la liposucci\u00f3n. <\/span><\/div>\n<div class=\"magic-9\"><span class=\"magic-10\" style=\"font-family: Arial;\">4) Mejora la elasticidad de la piel. <\/span><\/div>\n<div class=\"magic-9\"><span class=\"magic-10\" style=\"font-family: Arial;\">5) El tejido conectivo se tensa. <\/span><\/div>\n<div class=\"magic-9\"><span class=\"magic-10\" style=\"font-family: Arial;\">6\uff09Eliminar cicatrices y arrugas <\/span><\/div>\n<div class=\"magic-9\"><span class=\"magic-10\" style=\"font-family: Arial;\">7\uff09Reducir las estr\u00edas <\/span><\/div>\n<div class=\"magic-9\"><span class=\"magic-10\" style=\"font-family: Arial;\">8) Estimulaci\u00f3n del sistema linf\u00e1tico <\/span><\/div>\n<div class=\"magic-9\"><span class=\"magic-10\" style=\"font-family: Arial;\">9) Tratamiento de la disfunci\u00f3n er\u00e9ctil<\/span><\/div>\n<\/div>\n<\/div>\n<\/div>\n<\/div>\n<\/div>\n<div class=\"J_module\">\n<div class=\"icbu-pc-images magic-16\">\n<div>\n<div class=\"flex-layout-v\">\n<div class=\"flex-layout-h magic-16\">\n<div class=\"magic-20\"><img loading=\"lazy\" decoding=\"async\" class=\"magic-21 aligncenter\" title=\"M\u00e1quina de terapia de ondas de choque\" src=\"https:\/\/sc04.alicdn.com\/kf\/H3191a7d3f105493786a3287d2aab6295F\/247315878\/H3191a7d3f105493786a3287d2aab6295F.png\" alt=\"M\u00e1quina de terapia de ondas de choque\" width=\"750\" height=\"454\" data-src=\"\/\/sc04.alicdn.com\/kf\/H3191a7d3f105493786a3287d2aab6295F\/247315878\/H3191a7d3f105493786a3287d2aab6295F.png\" \/><\/div>\n<\/div>\n<\/div>\n<\/div>\n<\/div>\n<\/div>\n<div class=\"J_module\">\n<div class=\"detail-decorate-json-renderer-container\">\n<div class=\"magic-2\">\n<h3 class=\"magic-3\"><span class=\"magic-5\">Ventajas<\/span><\/h3>\n<div class=\"magic-7\">\n<div class=\"magic-8\">\n<div class=\"magic-9\"><span class=\"magic-10\" style=\"font-family: Arial;\">1) Dise\u00f1o de ingenier\u00eda humanizado, f\u00e1cil de configurar, f\u00e1cil de operar; <\/span><\/div>\n<div class=\"magic-9\"><span class=\"magic-10\" style=\"font-family: Arial;\">2\uff09Fuente de alimentaci\u00f3n importada para garantizar un efecto de salida de impacto instant\u00e1neo; <\/span><\/div>\n<div class=\"magic-9\"><span class=\"magic-10\" style=\"font-family: Arial;\">3\uff09La selecci\u00f3n de la presi\u00f3n y frecuencia de sobretensi\u00f3n cumple con los requisitos de procesamiento; <\/span><\/div>\n<div class=\"magic-9\"><span class=\"magic-10\" style=\"font-family: Arial;\">4) Compresor de aire ultra silencioso con caja de recolecci\u00f3n de accesorios incorporada; <\/span><\/div>\n<div class=\"magic-9\"><span class=\"magic-10\" style=\"font-family: Arial;\">5\uff09 Proporcionar una variedad de transmisores profesionales; <\/span><\/div>\n<div class=\"magic-9\"><span class=\"magic-10\" style=\"font-family: Arial;\">6) Alta eficacia, r\u00e1pido alivio del dolor. <\/span><\/div>\n<div class=\"magic-9\"><span class=\"magic-10\" style=\"font-family: Arial;\">7) Sin cirug\u00eda, la tasa de curaci\u00f3n es de 80~90%. <\/span><\/div>\n<div class=\"magic-9\"><span class=\"magic-10\" style=\"font-family: Arial;\">8) No invasivo, c\u00f3modo y r\u00e1pido. <\/span><\/div>\n<div class=\"magic-9\"><span class=\"magic-10\" style=\"font-family: Arial;\">9\uff09Ampliamente utilizado en diferentes tratamientos de tejidos blandos. <\/span><\/div>\n<div class=\"magic-9\"><span class=\"magic-10\" style=\"font-family: Arial;\">10\uff09Esta m\u00e1quina se puede utilizar para el tratamiento del dolor en las articulaciones y la disfunci\u00f3n er\u00e9ctil. <\/span><\/div>\n<div class=\"magic-9\"><span class=\"magic-10\" style=\"font-family: Arial;\">11\uff09 No causar lesiones ni da\u00f1os al tejido normal.<\/span><\/div>\n<\/div>\n<\/div>\n<\/div>\n<\/div>\n<\/div>\n<div class=\"J_module\">\n<div class=\"icbu-pc-images magic-16\">\n<div>\n<div class=\"flex-layout-v\">\n<div class=\"flex-layout-h magic-16\">\n<div class=\"magic-22\"><img loading=\"lazy\" decoding=\"async\" class=\"magic-23 aligncenter\" title=\"M\u00e1quina de terapia de ondas de choque\" src=\"https:\/\/sc04.alicdn.com\/kf\/H6491e48e4b774656aedb0e0055656d95F\/247315878\/H6491e48e4b774656aedb0e0055656d95F.png\" alt=\"M\u00e1quina de terapia de ondas de choque\" width=\"750\" height=\"610\" data-src=\"\/\/sc04.alicdn.com\/kf\/H6491e48e4b774656aedb0e0055656d95F\/247315878\/H6491e48e4b774656aedb0e0055656d95F.png\" \/><\/div>\n<\/div>\n<\/div>\n<\/div>\n<\/div>\n<\/div>\n<div class=\"J_module\">\n<div class=\"icbu-pc-images magic-16\">\n<div>\n<div class=\"flex-layout-v\">\n<div class=\"flex-layout-h magic-16\">\n<div class=\"magic-24\"><img loading=\"lazy\" decoding=\"async\" class=\"magic-25 aligncenter\" title=\"M\u00e1quina de terapia de ondas de choque\" src=\"https:\/\/sc04.alicdn.com\/kf\/Hac29e01ca8fa4327a656fe4f538cd3c4W\/247315878\/Hac29e01ca8fa4327a656fe4f538cd3c4W.png\" alt=\"M\u00e1quina de terapia de ondas de choque\" width=\"750\" height=\"697\" data-src=\"\/\/sc04.alicdn.com\/kf\/Hac29e01ca8fa4327a656fe4f538cd3c4W\/247315878\/Hac29e01ca8fa4327a656fe4f538cd3c4W.png\" \/><\/div>\n<div>\n<h3><strong>Personalizar El Logotipo De<\/strong><\/h3>\n<p>Queremos hacer de su marca se destaque? Ofrecemos logotipo modificado para requisitos particulares de los servicios que te ayudar\u00e1n a crear un entorno \u00fanico y personalizado logotipo que refleja la identidad de su marca. Nuestro equipo de expertos trabajar\u00e1 estrechamente con usted para dise\u00f1ar un logotipo que resuena con los valores de tu marca y de mensajer\u00eda. Si usted est\u00e1 buscando para renovar su logotipo existente o crear uno nuevo desde cero, lo tenemos cubierto. <a href=\"\/es\/contacto\/\">P\u00f3ngase en contacto con nosotros<\/a> hoy para aprender m\u00e1s acerca de nuestro logotipo modificado para requisitos particulares de los servicios!<\/p>\n<\/div>\n<\/div>\n<\/div>\n<\/div>\n<\/div>\n<\/div>","protected":false},"excerpt":{"rendered":"<p><span class=\"magic-10\" style=\"font-family: Arial;\">La m\u00e1quina de masaje de fisioterapia por ondas de choque se utiliza en ortopedia, fisioterapia, medicina deportiva, urolog\u00eda, veterinaria y otros equipos multidisciplinares. Sus principales ventajas son el r\u00e1pido alivio del dolor y la recuperaci\u00f3n de la movilidad. Esto, unido al hecho de que se trata de un tratamiento no quir\u00fargico que no requiere analg\u00e9sicos, lo convierte en un tratamiento ideal para acelerar la recuperaci\u00f3n y tratar diversos signos de dolor agudo o cr\u00f3nico.<\/span><\/p>","protected":false},"featured_media":2278,"comment_status":"open","ping_status":"closed","template":"","meta":{"_kad_post_transparent":"default","_kad_post_title":"","_kad_post_layout":"default","_kad_post_sidebar_id":"","_kad_post_content_style":"default","_kad_post_vertical_padding":"default","_kad_post_feature":"","_kad_post_feature_position":"","_kad_post_header":false,"_kad_post_footer":false,"_kad_post_classname":"","rank_math_title":"","rank_math_description":"","rank_math_focus_keyword":""},"product_brand":[],"product_cat":[65],"product_tag":[],"class_list":{"0":"post-2271","1":"product","2":"type-product","3":"status-publish","4":"has-post-thumbnail","6":"product_cat-shock-wave","8":"first","9":"instock","10":"shipping-taxable","11":"product-type-simple","12":"entry","13":"content-bg","14":"loop-entry"},"_links":{"self":[{"href":"https:\/\/skbty.com\/es\/wp-json\/wp\/v2\/product\/2271","targetHints":{"allow":["GET"]}}],"collection":[{"href":"https:\/\/skbty.com\/es\/wp-json\/wp\/v2\/product"}],"about":[{"href":"https:\/\/skbty.com\/es\/wp-json\/wp\/v2\/types\/product"}],"replies":[{"embeddable":true,"href":"https:\/\/skbty.com\/es\/wp-json\/wp\/v2\/comments?post=2271"}],"wp:featuredmedia":[{"embeddable":true,"href":"https:\/\/skbty.com\/es\/wp-json\/wp\/v2\/media\/2278"}],"wp:attachment":[{"href":"https:\/\/skbty.com\/es\/wp-json\/wp\/v2\/media?parent=2271"}],"wp:term":[{"taxonomy":"product_brand","embeddable":true,"href":"https:\/\/skbty.com\/es\/wp-json\/wp\/v2\/product_brand?post=2271"},{"taxonomy":"product_cat","embeddable":true,"href":"https:\/\/skbty.com\/es\/wp-json\/wp\/v2\/product_cat?post=2271"},{"taxonomy":"product_tag","embeddable":true,"href":"https:\/\/skbty.com\/es\/wp-json\/wp\/v2\/product_tag?post=2271"}],"curies":[{"name":"WP","href":"https:\/\/api.w.org\/{rel}","templated":true}]}}