{"id":2285,"date":"2024-01-04T10:43:30","date_gmt":"2024-01-04T02:43:30","guid":{"rendered":"https:\/\/skbty.com\/?post_type=product&#038;p=2285"},"modified":"2025-12-05T19:08:30","modified_gmt":"2025-12-05T11:08:30","slug":"maquina-de-terapia-de-ondas-de-choque-tipo-boton","status":"publish","type":"product","link":"https:\/\/skbty.com\/es\/producto\/maquina-de-terapia-de-ondas-de-choque-tipo-boton\/","title":{"rendered":"M\u00e1quina de terapia de ondas de choque (tipo bot\u00f3n)"},"content":{"rendered":"<div class=\"J_module\">\n<div class=\"detail-decorate-json-renderer-container\">\n<div class=\"magic-2\">\n<h3>M\u00e1quina de terapia de ondas de choque<\/h3>\n<p>La m\u00e1quina de terapia de ondas de choque es un dispositivo de masaje fisioterap\u00e9utico vers\u00e1til ampliamente utilizado en ortopedia, medicina deportiva, urolog\u00eda, medicina veterinaria y otros campos. Ofrece un r\u00e1pido alivio del dolor y una mejor recuperaci\u00f3n de la movilidad sin necesidad de cirug\u00eda ni analg\u00e9sicos, lo que lo hace ideal para tratar el dolor agudo y cr\u00f3nico.<\/p>\n<h3>Detalles del producto<\/h3>\n<ul>\n<li><strong>Nombre<\/strong>:M\u00e1quina de terapia de ondas de choque<\/li>\n<li><strong>N\u00fameros de frecuencia de salida<\/strong>: 16<\/li>\n<li><strong>N\u00fameros de nivel de salida<\/strong>: 12<\/li>\n<li><strong>Voltaje de entrada<\/strong>:CA 110 V-CA 220 V<\/li>\n<li><strong>Frecuencia<\/strong>:50 Hz\/60 Hz<\/li>\n<li><strong>Fuerza<\/strong>: 90 W M\u00c1XIMO<\/li>\n<li><strong>Actual<\/strong>:2A M\u00c1XIMO<\/li>\n<\/ul>\n<h3>C\u00f3mo funciona<\/h3>\n<p>La terapia de ondas de choque aplica ondas de choque radiales a trav\u00e9s de la piel hacia los tejidos lesionados. Esto desencadena una respuesta similar a la inflamaci\u00f3n, lo que promueve la regeneraci\u00f3n de los vasos sangu\u00edneos y acelera el proceso de curaci\u00f3n, al mismo tiempo que proporciona un alivio significativo del dolor.<\/p>\n<p><img decoding=\"async\" class=\"magic-18 aligncenter\" src=\"https:\/\/sc04.alicdn.com\/kf\/H18a54888e92645aebece4acda80470eeZ\/247315878\/H18a54888e92645aebece4acda80470eeZ.png\" data-src=\"\/\/sc04.alicdn.com\/kf\/H18a54888e92645aebece4acda80470eeZ\/247315878\/H18a54888e92645aebece4acda80470eeZ.png\" \/><\/p>\n<h3>Funciones<\/h3>\n<ol>\n<li><strong>Remodelaci\u00f3n corporal<\/strong>:Ayuda a remodelar y contornear el cuerpo.<\/li>\n<li><strong>Terapia de adelgazamiento<\/strong>:Ayuda en la reducci\u00f3n de peso.<\/li>\n<li><strong>Tratamiento post liposucci\u00f3n<\/strong>:Trata la piel irregular despu\u00e9s de la liposucci\u00f3n.<\/li>\n<li><strong>Mejora la elasticidad de la piel.<\/strong>:Mejora la elasticidad natural de la piel.<\/li>\n<li><strong>Tensado del tejido conectivo<\/strong>:Reafirma y tensa los tejidos conectivos.<\/li>\n<li><strong>Eliminaci\u00f3n de cicatrices y arrugas<\/strong>:Reduce la aparici\u00f3n de cicatrices y arrugas.<\/li>\n<li><strong>Reducci\u00f3n de estr\u00edas<\/strong>:Minimiza las estr\u00edas.<\/li>\n<li><strong>Estimulaci\u00f3n del sistema linf\u00e1tico<\/strong>:Estimula la circulaci\u00f3n linf\u00e1tica.<\/li>\n<li><strong>Tratamiento de la disfunci\u00f3n er\u00e9ctil<\/strong>:Eficaz para el tratamiento de la disfunci\u00f3n er\u00e9ctil.<\/li>\n<\/ol>\n<h3><img decoding=\"async\" class=\"magic-21 aligncenter\" src=\"https:\/\/sc04.alicdn.com\/kf\/H3191a7d3f105493786a3287d2aab6295F\/247315878\/H3191a7d3f105493786a3287d2aab6295F.png\" data-src=\"\/\/sc04.alicdn.com\/kf\/H3191a7d3f105493786a3287d2aab6295F\/247315878\/H3191a7d3f105493786a3287d2aab6295F.png\" \/><\/h3>\n<h3>Ventajas<\/h3>\n<ol>\n<li><strong>Dise\u00f1o f\u00e1cil de usar<\/strong>:F\u00e1cil de configurar y operar.<\/li>\n<li><strong>Fuente de alimentaci\u00f3n importada<\/strong>:Garantiza una salida de impacto instant\u00e1nea y efectiva.<\/li>\n<li><strong>Configuraciones personalizables<\/strong>:Presi\u00f3n de sobretensi\u00f3n y frecuencia ajustables para satisfacer los requisitos del tratamiento.<\/li>\n<li><strong>Funcionamiento ultra silencioso<\/strong>:Cuenta con un compresor de aire silencioso incorporado y una caja de recolecci\u00f3n de accesorios.<\/li>\n<li><strong>Transmisores profesionales<\/strong>:Viene con una variedad de transmisores especializados.<\/li>\n<li><strong>Alta eficacia<\/strong>:Alivio r\u00e1pido del dolor y alta tasa de \u00e9xito del tratamiento (80-90%).<\/li>\n<li><strong>No quir\u00fargico<\/strong>:Tratamiento c\u00f3modo, r\u00e1pido y no invasivo.<\/li>\n<li><strong>Uso vers\u00e1til<\/strong>:Adecuado para diversos tratamientos de tejidos blandos y dolores articulares, incluido el tratamiento de la disfunci\u00f3n er\u00e9ctil.<\/li>\n<li><strong>Seguro y eficaz<\/strong>:No da\u00f1a los tejidos normales.<\/li>\n<\/ol>\n<h3>Funciones mejoradas<\/h3>\n<ul>\n<li><strong>Dise\u00f1o de ingenier\u00eda humanizado<\/strong>:Garantiza facilidad de uso y operaci\u00f3n.<\/li>\n<li><strong>Fuente de alimentaci\u00f3n de alto rendimiento<\/strong>:Garantiza un rendimiento \u00f3ptimo.<\/li>\n<li><strong>Personalizaci\u00f3n precisa<\/strong>:Adapta el tratamiento a necesidades espec\u00edficas con configuraciones ajustables.<\/li>\n<li><strong>Equipo de calidad profesional<\/strong>:Proporciona resultados efectivos y confiables.<\/li>\n<li><strong>Amplias aplicaciones<\/strong>:Adecuado para m\u00faltiples usos terap\u00e9uticos, mejorando el bienestar general.<\/li>\n<\/ul>\n<\/div>\n<\/div>\n<\/div>\n<div class=\"J_module\">\n<div class=\"detail-decorate-json-renderer-container\">\n<div class=\"magic-2\">\n<div class=\"magic-7\">\n<div class=\"magic-8\">\n<div class=\"magic-9\">\n<div>\n<table style=\"border-collapse: collapse; width: 100%;\">\n<tbody>\n<tr>\n<td style=\"width: 50%;\"><img decoding=\"async\" class=\"magic-23 aligncenter\" src=\"https:\/\/sc04.alicdn.com\/kf\/He0951b05050c443b8cd0b1d8c6fb8076h\/247315878\/He0951b05050c443b8cd0b1d8c6fb8076h.png\" data-src=\"\/\/sc04.alicdn.com\/kf\/He0951b05050c443b8cd0b1d8c6fb8076h\/247315878\/He0951b05050c443b8cd0b1d8c6fb8076h.png\" \/><\/td>\n<td style=\"width: 50%;\"><img decoding=\"async\" class=\"magic-25 aligncenter\" src=\"https:\/\/sc04.alicdn.com\/kf\/H1729764a9148440eb6b9a78b1e2c0f0ap\/247315878\/H1729764a9148440eb6b9a78b1e2c0f0ap.png\" data-src=\"\/\/sc04.alicdn.com\/kf\/H1729764a9148440eb6b9a78b1e2c0f0ap\/247315878\/H1729764a9148440eb6b9a78b1e2c0f0ap.png\" \/><\/td>\n<\/tr>\n<\/tbody>\n<\/table>\n<\/div>\n<\/div>\n<\/div>\n<\/div>\n<\/div>\n<\/div>\n<\/div>\n<div class=\"J_module\">\n<div class=\"icbu-pc-images magic-16\">\n<div class=\"flex-layout-v\">\n<div class=\"flex-layout-h magic-16\">\n<div class=\"magic-17\"><\/div>\n<\/div>\n<\/div>\n<\/div>\n<\/div>\n<div class=\"J_module\">\n<div class=\"icbu-pc-images magic-16\">\n<div class=\"flex-layout-v\">\n<div class=\"flex-layout-h magic-16\">\n<div class=\"magic-22\">\n<h3><strong>Personalizar El Logotipo De<\/strong><\/h3>\n<p>Queremos hacer de su marca se destaque? Ofrecemos logotipo modificado para requisitos particulares de los servicios que te ayudar\u00e1n a crear un entorno \u00fanico y personalizado logotipo que refleja la identidad de su marca. Nuestro equipo de expertos trabajar\u00e1 estrechamente con usted para dise\u00f1ar un logotipo que resuena con los valores de tu marca y de mensajer\u00eda. Si usted est\u00e1 buscando para renovar su logotipo existente o crear uno nuevo desde cero, lo tenemos cubierto. <a href=\"\/es\/contacto\/\">P\u00f3ngase en contacto con nosotros<\/a> hoy para aprender m\u00e1s acerca de nuestro logotipo modificado para requisitos particulares de los servicios!<\/p>\n<\/div>\n<\/div>\n<\/div>\n<\/div>\n<\/div>\n<div class=\"J_module\">\n<div class=\"icbu-pc-images magic-16\">\n<div class=\"flex-layout-v\">\n<div class=\"flex-layout-h magic-16\">\n<div class=\"magic-24\"><\/div>\n<\/div>\n<\/div>\n<\/div>\n<\/div>","protected":false},"excerpt":{"rendered":"<p><span class=\"magic-10\" style=\"font-family: Arial;\">La m\u00e1quina de masaje de fisioterapia por ondas de choque se utiliza en ortopedia, fisioterapia, medicina deportiva, urolog\u00eda, veterinaria y otros equipos multidisciplinares. Sus principales ventajas son el r\u00e1pido alivio del dolor y la recuperaci\u00f3n de la movilidad. Esto, unido al hecho de que se trata de un tratamiento no quir\u00fargico que no requiere analg\u00e9sicos, lo convierte en un tratamiento ideal para acelerar la recuperaci\u00f3n y tratar diversos signos de dolor agudo o cr\u00f3nico.<\/span><\/p>","protected":false},"featured_media":2272,"comment_status":"open","ping_status":"closed","template":"","meta":{"_kad_post_transparent":"default","_kad_post_title":"","_kad_post_layout":"default","_kad_post_sidebar_id":"","_kad_post_content_style":"default","_kad_post_vertical_padding":"default","_kad_post_feature":"","_kad_post_feature_position":"","_kad_post_header":false,"_kad_post_footer":false,"_kad_post_classname":"","rank_math_title":"","rank_math_description":"","rank_math_focus_keyword":""},"product_brand":[],"product_cat":[65],"product_tag":[],"class_list":{"0":"post-2285","1":"product","2":"type-product","3":"status-publish","4":"has-post-thumbnail","6":"product_cat-shock-wave","7":"product_shipping_class-included-shipping","9":"first","10":"instock","11":"sale","12":"shipping-taxable","13":"purchasable","14":"product-type-simple","15":"entry","16":"content-bg","17":"loop-entry"},"_links":{"self":[{"href":"https:\/\/skbty.com\/es\/wp-json\/wp\/v2\/product\/2285","targetHints":{"allow":["GET"]}}],"collection":[{"href":"https:\/\/skbty.com\/es\/wp-json\/wp\/v2\/product"}],"about":[{"href":"https:\/\/skbty.com\/es\/wp-json\/wp\/v2\/types\/product"}],"replies":[{"embeddable":true,"href":"https:\/\/skbty.com\/es\/wp-json\/wp\/v2\/comments?post=2285"}],"wp:featuredmedia":[{"embeddable":true,"href":"https:\/\/skbty.com\/es\/wp-json\/wp\/v2\/media\/2272"}],"wp:attachment":[{"href":"https:\/\/skbty.com\/es\/wp-json\/wp\/v2\/media?parent=2285"}],"wp:term":[{"taxonomy":"product_brand","embeddable":true,"href":"https:\/\/skbty.com\/es\/wp-json\/wp\/v2\/product_brand?post=2285"},{"taxonomy":"product_cat","embeddable":true,"href":"https:\/\/skbty.com\/es\/wp-json\/wp\/v2\/product_cat?post=2285"},{"taxonomy":"product_tag","embeddable":true,"href":"https:\/\/skbty.com\/es\/wp-json\/wp\/v2\/product_tag?post=2285"}],"curies":[{"name":"WP","href":"https:\/\/api.w.org\/{rel}","templated":true}]}}