{"id":2294,"date":"2024-01-05T11:18:19","date_gmt":"2024-01-05T03:18:19","guid":{"rendered":"https:\/\/skbty.com\/?post_type=product&#038;p=2294"},"modified":"2024-06-21T12:03:05","modified_gmt":"2024-06-21T04:03:05","slug":"maquina-de-depilacion-laser-de-diodo-de-808-nm","status":"publish","type":"product","link":"https:\/\/skbty.com\/es\/producto\/maquina-de-depilacion-laser-de-diodo-de-808-nm\/","title":{"rendered":"M\u00e1quina de depilaci\u00f3n l\u00e1ser de diodo de 808 nm"},"content":{"rendered":"<div class=\"J_module\">\n<div class=\"detail-decorate-json-renderer-container\">\n<div class=\"magic-1\">\n<h3 class=\"magic-2\">M\u00e1quina de depilaci\u00f3n l\u00e1ser de diodo de 808 nm<\/h3>\n<div class=\"magic-4\">\n<div class=\"magic-5\">\n<div class=\"magic-6\"><span class=\"magic-7\" style=\"font-family: Arial;\">El sistema de depilaci\u00f3n l\u00e1ser de diodo de 808 nm utiliza su exclusivo l\u00e1ser de ancho de pulso largo para penetrar la epidermis hasta el fol\u00edculo piloso. De acuerdo con el principio de absorci\u00f3n selectiva de la luz, la energ\u00eda del l\u00e1ser es absorbida preferentemente por la melanina del vello, y el vello pierde la capacidad de regenerarse. Durante el proceso de tratamiento, la exclusiva tecnolog\u00eda de enfriamiento din\u00e1mico de zafiro del sistema hace que el tiempo IP de la anestesia epid\u00e9rmica sea corto, para garantizar que la epidermis no se queme y lograr una depilaci\u00f3n indolora, r\u00e1pida y permanente.<\/span><\/div>\n<\/div>\n<\/div>\n<\/div>\n<\/div>\n<\/div>\n<div class=\"J_module\">\n<div class=\"ife-detail-decorate-table\">\n<table style=\"border-color: #f3f3f3; width: 100%; height: 263px;\" border=\"1\" cellspacing=\"0\" cellpadding=\"0\">\n<tbody>\n<tr style=\"height: 29px;\">\n<td style=\"height: 29px;\" colspan=\"1\" rowspan=\"1\">\n<div class=\"magic-9\"><span class=\"magic-7\" style=\"font-family: Arial;\">Nombre<\/span><\/div>\n<\/td>\n<td style=\"height: 29px;\" colspan=\"1\" rowspan=\"1\">\n<div class=\"magic-10\"><span class=\"magic-7\" style=\"font-family: Arial;\">M\u00e1quina de depilaci\u00f3n l\u00e1ser de diodo de 808 nm<\/span><\/div>\n<\/td>\n<\/tr>\n<tr style=\"height: 29px;\">\n<td style=\"height: 29px;\" colspan=\"1\" rowspan=\"1\">\n<div class=\"magic-9\"><span class=\"magic-7\" style=\"font-family: Arial;\">Pantalla<\/span><\/div>\n<\/td>\n<td style=\"height: 29px;\" colspan=\"1\" rowspan=\"1\">\n<div class=\"magic-10\"><span class=\"magic-7\" style=\"font-family: Arial;\">8 pulgadas<\/span><\/div>\n<\/td>\n<\/tr>\n<tr style=\"height: 29px;\">\n<td style=\"height: 29px;\" colspan=\"1\" rowspan=\"1\">\n<div class=\"magic-9\"><span class=\"magic-7\" style=\"font-family: Arial;\">Frecuencia<\/span><\/div>\n<\/td>\n<td style=\"height: 29px;\" colspan=\"1\" rowspan=\"1\">\n<div class=\"magic-10\"><span class=\"magic-7\" style=\"font-family: Arial;\">1-10Hz<\/span><\/div>\n<\/td>\n<\/tr>\n<tr style=\"height: 29px;\">\n<td style=\"height: 29px;\" colspan=\"1\" rowspan=\"1\">\n<div class=\"magic-9\"><span class=\"magic-7\" style=\"font-family: Arial;\">Longitud de onda de depilaci\u00f3n<\/span><\/div>\n<\/td>\n<td style=\"height: 29px;\" colspan=\"1\" rowspan=\"1\">\n<div class=\"magic-10\"><span class=\"magic-7\" style=\"font-family: Arial;\">808 nm<\/span><\/div>\n<\/td>\n<\/tr>\n<tr style=\"height: 29px;\">\n<td style=\"height: 29px;\" colspan=\"1\" rowspan=\"1\">\n<div class=\"magic-9\"><span class=\"magic-7\" style=\"font-family: Arial;\">Energ\u00eda<\/span><\/div>\n<\/td>\n<td style=\"height: 29px;\" colspan=\"1\" rowspan=\"1\">\n<div class=\"magic-10\"><span class=\"magic-7\" style=\"font-family: Arial;\">1-120 J\/cm\u00b2<\/span><\/div>\n<\/td>\n<\/tr>\n<tr style=\"height: 29px;\">\n<td style=\"height: 29px;\" colspan=\"1\" rowspan=\"1\">\n<div class=\"magic-9\"><span class=\"magic-7\" style=\"font-family: Arial;\">Potencia del l\u00e1ser<\/span><\/div>\n<\/td>\n<td style=\"height: 29px;\" colspan=\"1\" rowspan=\"1\">\n<div class=\"magic-10\"><span class=\"magic-7\" style=\"font-family: Arial;\">300 W\/400 W<\/span><\/div>\n<\/td>\n<\/tr>\n<tr style=\"height: 29px;\">\n<td style=\"height: 29px;\" colspan=\"1\" rowspan=\"1\">\n<div class=\"magic-9\"><span class=\"magic-7\" style=\"font-family: Arial;\">Ancho de pulso<\/span><\/div>\n<\/td>\n<td style=\"height: 29px;\" colspan=\"1\" rowspan=\"1\">\n<div class=\"magic-10\"><span class=\"magic-7\" style=\"font-family: Arial;\">1MS-400MS<\/span><\/div>\n<\/td>\n<\/tr>\n<tr style=\"height: 29px;\">\n<td style=\"height: 29px;\" colspan=\"1\" rowspan=\"1\">\n<div class=\"magic-9\"><span class=\"magic-7\" style=\"font-family: Arial;\">Largo*ancho*alto<\/span><\/div>\n<\/td>\n<td style=\"height: 29px;\" colspan=\"1\" rowspan=\"1\">\n<div class=\"magic-10\"><span class=\"magic-7\" style=\"font-family: Arial;\">53*44*142 cm (55 kg)<\/span><\/div>\n<\/td>\n<\/tr>\n<tr style=\"height: 31px;\">\n<td style=\"height: 31px;\" colspan=\"1\" rowspan=\"1\">\n<div class=\"magic-9\"><span class=\"magic-7\" style=\"font-family: Arial;\">Potencia total<\/span><\/div>\n<\/td>\n<td style=\"height: 31px;\" colspan=\"1\" rowspan=\"1\">\n<div class=\"magic-10\"><span class=\"magic-7\" style=\"font-family: Arial;\">2000 W<\/span><\/div>\n<\/td>\n<\/tr>\n<\/tbody>\n<\/table>\n<\/div>\n<\/div>\n<div class=\"J_module\">\n<div class=\"detail-decorate-json-renderer-container\">\n<div class=\"magic-1\">\n<div><\/div>\n<h3><span class=\"magic-3\" style=\"font-family: Arial;\">Teor\u00eda<\/span><\/h3>\n<div class=\"magic-4\">\n<div class=\"magic-5\">\n<div class=\"magic-6\"><span class=\"magic-7\" style=\"font-family: Arial;\">El punto de congelaci\u00f3n 808 se basa en una din\u00e1mica solar t\u00e9rmica selectiva, a trav\u00e9s del ajuste de la longitud de onda, la energ\u00eda y el ancho del pulso del l\u00e1ser a trav\u00e9s de la piel hasta los fol\u00edculos pilosos de la ra\u00edz del cabello, la energ\u00eda t\u00e9rmica se absorbe y descompone el tejido del fol\u00edculo, lo que hace que el cabello se regenere. El sistema de depilaci\u00f3n de punto de congelaci\u00f3n r\u00e1pido se aplica para protecci\u00f3n de refrigeraci\u00f3n, puede hacer que la temperatura llegue hasta -5 \u2103, resuelve muchas dificultades. Al mismo tiempo, es una tecnolog\u00eda segura, r\u00e1pida y permanente.<\/span><\/div>\n<div><\/div>\n<\/div>\n<\/div>\n<\/div>\n<\/div>\n<\/div>\n<div class=\"J_module\">\n<div class=\"icbu-pc-images magic-11\">\n<div>\n<div class=\"flex-layout-v\">\n<div class=\"flex-layout-h magic-11\">\n<div class=\"magic-12\"><img loading=\"lazy\" decoding=\"async\" class=\"magic-13 aligncenter\" title=\"M\u00e1quina de depilaci\u00f3n l\u00e1ser de diodo de 808 nm\" src=\"https:\/\/sc04.alicdn.com\/kf\/H3e0cceca1b3c457cb325ca3dbf8bd815K\/247315878\/H3e0cceca1b3c457cb325ca3dbf8bd815K.png\" alt=\"M\u00e1quina de depilaci\u00f3n l\u00e1ser de diodo de 808 nm\" width=\"597\" height=\"531\" data-src=\"\/\/sc04.alicdn.com\/kf\/H3e0cceca1b3c457cb325ca3dbf8bd815K\/247315878\/H3e0cceca1b3c457cb325ca3dbf8bd815K.png\" \/><\/div>\n<\/div>\n<\/div>\n<\/div>\n<\/div>\n<\/div>\n<div class=\"J_module\">\n<div class=\"detail-decorate-json-renderer-container\">\n<div class=\"magic-1\">\n<h3><span class=\"magic-3\" style=\"font-family: Arial;\">Funciones<\/span><\/h3>\n<div class=\"magic-4\">\n<div class=\"magic-5\">\n<div class=\"magic-6\"><span class=\"magic-7\" style=\"font-family: Arial;\">1) 10 millones de veces la frecuencia del l\u00e1ser <\/span><\/div>\n<div class=\"magic-6\"><span class=\"magic-7\" style=\"font-family: Arial;\">2)Operaci\u00f3n r\u00e1pida, efecto duradero. <\/span><\/div>\n<div class=\"magic-6\"><span class=\"magic-7\" style=\"font-family: Arial;\">3)Seguro y sin dolor <\/span><\/div>\n<div class=\"magic-6\"><span class=\"magic-7\" style=\"font-family: Arial;\">4) \u00c1rea de foco grande <\/span><\/div>\n<div class=\"magic-6\"><span class=\"magic-7\" style=\"font-family: Arial;\">5) Sistema de refrigeraci\u00f3n TEC <\/span><\/div>\n<div class=\"magic-6\"><span class=\"magic-7\" style=\"font-family: Arial;\">6)Sistema operativo inteligente<\/span><\/div>\n<\/div>\n<\/div>\n<\/div>\n<\/div>\n<\/div>\n<div class=\"J_module\">\n<div class=\"detail-decorate-json-renderer-container\">\n<div class=\"magic-1\">\n<h3 class=\"magic-2\"><span class=\"magic-3\" style=\"font-family: Arial;\">Ventajas<\/span><\/h3>\n<div class=\"magic-4\">\n<div class=\"magic-5\">\n<div class=\"magic-6\"><span class=\"magic-7\" style=\"font-family: Arial;\">1) Depilaci\u00f3n sin dolor. <\/span><\/div>\n<div class=\"magic-6\"><span class=\"magic-7\" style=\"font-family: Arial;\">2) Efecto r\u00e1pido, depilaci\u00f3n permanente. <\/span><\/div>\n<div class=\"magic-6\"><span class=\"magic-7\" style=\"font-family: Arial;\">3) Sin tiempo de inactividad. <\/span><\/div>\n<div class=\"magic-6\"><span class=\"magic-7\" style=\"font-family: Arial;\">4) No invasivo, sin cirug\u00eda, sin inyecciones, sin efectos secundarios. <\/span><\/div>\n<div class=\"magic-6\"><span class=\"magic-7\" style=\"font-family: Arial;\">5) Nuevo control de temperatura, pantalla plegable. <\/span><\/div>\n<div class=\"magic-6\"><span class=\"magic-7\" style=\"font-family: Arial;\">6) Doble sistema de seguridad: interruptor de llave e interruptor de emergencia. <\/span><\/div>\n<div class=\"magic-6\"><span class=\"magic-7\" style=\"font-family: Arial;\">7) Sistema de enfriamiento m\u00faltiple: ciclo aire + agua + semiconductor + congelaci\u00f3n refrigeradora. <\/span><\/div>\n<div class=\"magic-6\"><span class=\"magic-7\" style=\"font-family: Arial;\">8) Adecuado para todas las pieles, adecuado para todas las partes del cuerpo. <\/span><\/div>\n<div class=\"magic-6\"><span class=\"magic-7\" style=\"font-family: Arial;\">9) Alta potencia, alta energ\u00eda. <\/span><\/div>\n<div class=\"magic-6\"><span class=\"magic-7\" style=\"font-family: Arial;\">10) Tama\u00f1o de punto grande: 15 x 15 mm, procesamiento r\u00e1pido.<\/span><\/div>\n<\/div>\n<\/div>\n<\/div>\n<\/div>\n<\/div>\n<div class=\"J_module\">\n<div class=\"icbu-pc-images magic-11\">\n<div>\n<div class=\"flex-layout-v\">\n<div class=\"flex-layout-h magic-11\">\n<div class=\"magic-14\"><img loading=\"lazy\" decoding=\"async\" class=\"magic-15 aligncenter\" title=\"M\u00e1quina de depilaci\u00f3n l\u00e1ser de diodo de 808 nm\" src=\"https:\/\/sc04.alicdn.com\/kf\/H3f6d90d6a5924ddd90426b3fd2a327bfR\/247315878\/H3f6d90d6a5924ddd90426b3fd2a327bfR.png\" alt=\"M\u00e1quina de depilaci\u00f3n l\u00e1ser de diodo de 808 nm\" width=\"507\" height=\"541\" data-src=\"\/\/sc04.alicdn.com\/kf\/H3f6d90d6a5924ddd90426b3fd2a327bfR\/247315878\/H3f6d90d6a5924ddd90426b3fd2a327bfR.png\" \/><\/div>\n<\/div>\n<\/div>\n<\/div>\n<\/div>\n<\/div>\n<div class=\"J_module\">\n<div class=\"icbu-pc-images magic-11\">\n<div class=\"flex-layout-v\">\n<div class=\"flex-layout-h magic-11\">\n<div class=\"magic-16\"><span style=\"font-family: Arial; font-size: 24px; font-weight: bold; text-transform: capitalize;\">Aplicaciones<\/span><\/div>\n<\/div>\n<\/div>\n<\/div>\n<\/div>\n<div class=\"J_module\">\n<div class=\"detail-decorate-json-renderer-container\">\n<div class=\"magic-1\">\n<div class=\"magic-4\">\n<div class=\"magic-5\">\n<div class=\"magic-6\"><span class=\"magic-7\" style=\"font-family: Arial;\">1) Depilaci\u00f3n de axilas. <\/span><\/div>\n<div class=\"magic-6\"><span class=\"magic-7\" style=\"font-family: Arial;\">2) Depilaci\u00f3n de brazos. <\/span><\/div>\n<div class=\"magic-6\"><span class=\"magic-7\" style=\"font-family: Arial;\">3) Eliminar el vello facial. <\/span><\/div>\n<div class=\"magic-6\"><span class=\"magic-7\" style=\"font-family: Arial;\">4) Depilaci\u00f3n de ment\u00f3n y labios. <\/span><\/div>\n<div class=\"magic-6\"><span class=\"magic-7\" style=\"font-family: Arial;\">5) Afeitado. <\/span><\/div>\n<div class=\"magic-6\"><span class=\"magic-7\" style=\"font-family: Arial;\">6) Depilaci\u00f3n de piernas. <\/span><\/div>\n<div class=\"magic-6\"><span class=\"magic-7\" style=\"font-family: Arial;\">7) Eliminar el vello del pecho. <\/span><\/div>\n<div class=\"magic-6\"><span class=\"magic-7\" style=\"font-family: Arial;\">8) Depilaci\u00f3n de bikini.<\/span><\/div>\n<\/div>\n<\/div>\n<\/div>\n<\/div>\n<\/div>\n<div class=\"J_module\">\n<div class=\"detail-decorate-json-renderer-container\">\n<div class=\"magic-1\">\n<h3 class=\"magic-2\"><span class=\"magic-3\" style=\"font-family: Arial;\">Efectos<\/span><\/h3>\n<div class=\"magic-4\">\n<div class=\"magic-5\">\n<div class=\"magic-6\"><\/div>\n<\/div>\n<\/div>\n<\/div>\n<\/div>\n<\/div>\n<div class=\"J_module\">\n<div class=\"icbu-pc-images magic-11\">\n<div>\n<div class=\"flex-layout-v\">\n<div class=\"flex-layout-h magic-11\">\n<div class=\"magic-18\"><img loading=\"lazy\" decoding=\"async\" class=\"magic-19 aligncenter\" title=\"M\u00e1quina de depilaci\u00f3n l\u00e1ser de diodo de 808 nm\" src=\"https:\/\/sc04.alicdn.com\/kf\/H7d9d73f793a84c4fb3390a2d306d84ce9\/247315878\/H7d9d73f793a84c4fb3390a2d306d84ce9.png\" alt=\"M\u00e1quina de depilaci\u00f3n l\u00e1ser de diodo de 808 nm\" width=\"639\" height=\"291\" data-src=\"\/\/sc04.alicdn.com\/kf\/H7d9d73f793a84c4fb3390a2d306d84ce9\/247315878\/H7d9d73f793a84c4fb3390a2d306d84ce9.png\" \/><\/div>\n<div>\n<h3><strong>Personalizar El Logotipo De<\/strong><\/h3>\n<p>Queremos hacer de su marca se destaque? Ofrecemos logotipo modificado para requisitos particulares de los servicios que te ayudar\u00e1n a crear un entorno \u00fanico y personalizado logotipo que refleja la identidad de su marca. Nuestro equipo de expertos trabajar\u00e1 estrechamente con usted para dise\u00f1ar un logotipo que resuena con los valores de tu marca y de mensajer\u00eda. Si usted est\u00e1 buscando para renovar su logotipo existente o crear uno nuevo desde cero, lo tenemos cubierto. <a href=\"\/es\/contacto\/\">P\u00f3ngase en contacto con nosotros<\/a> hoy para aprender m\u00e1s acerca de nuestro logotipo modificado para requisitos particulares de los servicios!<\/p>\n<\/div>\n<\/div>\n<\/div>\n<\/div>\n<\/div>\n<\/div>","protected":false},"excerpt":{"rendered":"<p><span class=\"magic-7\" style=\"font-family: Arial;\">El sistema de depilaci\u00f3n l\u00e1ser semiconductor de 808 nm utiliza su exclusivo l\u00e1ser de ancho de pulso largo para penetrar la epidermis hasta el fol\u00edculo piloso. De acuerdo con el principio de absorci\u00f3n selectiva de la luz, la energ\u00eda del l\u00e1ser es absorbida preferentemente por la melanina del vello, y el vello pierde la capacidad de regenerarse. Durante el proceso de tratamiento, la exclusiva tecnolog\u00eda de enfriamiento din\u00e1mico de zafiro del sistema hace que el tiempo IP de la anestesia epid\u00e9rmica sea corto, para garantizar que la epidermis no se queme y lograr una depilaci\u00f3n indolora, r\u00e1pida y permanente.<\/span><\/p>","protected":false},"featured_media":2300,"comment_status":"open","ping_status":"closed","template":"","meta":{"_kad_post_transparent":"default","_kad_post_title":"","_kad_post_layout":"default","_kad_post_sidebar_id":"","_kad_post_content_style":"default","_kad_post_vertical_padding":"default","_kad_post_feature":"","_kad_post_feature_position":"","_kad_post_header":false,"_kad_post_footer":false,"_kad_post_classname":"","rank_math_title":"","rank_math_description":"","rank_math_focus_keyword":""},"product_brand":[],"product_cat":[28],"product_tag":[],"class_list":{"0":"post-2294","1":"product","2":"type-product","3":"status-publish","4":"has-post-thumbnail","6":"product_cat-hair-removal","8":"first","9":"instock","10":"shipping-taxable","11":"product-type-simple","12":"entry","13":"content-bg","14":"loop-entry"},"_links":{"self":[{"href":"https:\/\/skbty.com\/es\/wp-json\/wp\/v2\/product\/2294","targetHints":{"allow":["GET"]}}],"collection":[{"href":"https:\/\/skbty.com\/es\/wp-json\/wp\/v2\/product"}],"about":[{"href":"https:\/\/skbty.com\/es\/wp-json\/wp\/v2\/types\/product"}],"replies":[{"embeddable":true,"href":"https:\/\/skbty.com\/es\/wp-json\/wp\/v2\/comments?post=2294"}],"wp:featuredmedia":[{"embeddable":true,"href":"https:\/\/skbty.com\/es\/wp-json\/wp\/v2\/media\/2300"}],"wp:attachment":[{"href":"https:\/\/skbty.com\/es\/wp-json\/wp\/v2\/media?parent=2294"}],"wp:term":[{"taxonomy":"product_brand","embeddable":true,"href":"https:\/\/skbty.com\/es\/wp-json\/wp\/v2\/product_brand?post=2294"},{"taxonomy":"product_cat","embeddable":true,"href":"https:\/\/skbty.com\/es\/wp-json\/wp\/v2\/product_cat?post=2294"},{"taxonomy":"product_tag","embeddable":true,"href":"https:\/\/skbty.com\/es\/wp-json\/wp\/v2\/product_tag?post=2294"}],"curies":[{"name":"WP","href":"https:\/\/api.w.org\/{rel}","templated":true}]}}