{"id":2301,"date":"2024-01-05T11:29:03","date_gmt":"2024-01-05T03:29:03","guid":{"rendered":"https:\/\/skbty.com\/?post_type=product&#038;p=2301"},"modified":"2024-06-21T11:50:04","modified_gmt":"2024-06-21T03:50:04","slug":"maquina-de-depilacion-laser-y-eliminacion-de-tatuajes-2-en-1-2","status":"publish","type":"product","link":"https:\/\/skbty.com\/es\/producto\/maquina-de-depilacion-laser-y-eliminacion-de-tatuajes-2-en-1-2\/","title":{"rendered":"M\u00e1quina de depilaci\u00f3n l\u00e1ser y eliminaci\u00f3n de tatuajes 2 en 1"},"content":{"rendered":"<div class=\"J_module\">\n<div class=\"ife-detail-decorate-table\">\n<table style=\"border-color: #f3f3f3;\" border=\"1\" cellspacing=\"0\" cellpadding=\"0\">\n<tbody>\n<tr>\n<td colspan=\"1\" rowspan=\"1\">\n<div class=\"magic-2\"><span class=\"magic-3\" style=\"font-family: Arial;\">Nombre<\/span><\/div>\n<\/td>\n<td colspan=\"1\" rowspan=\"1\">\n<div class=\"magic-4\"><span class=\"magic-3\" style=\"font-family: Arial;\">M\u00e1quina de depilaci\u00f3n l\u00e1ser de 808 nm 2 en 1 + eliminaci\u00f3n de tatuajes con picosegundos<\/span><\/div>\n<\/td>\n<\/tr>\n<tr>\n<td colspan=\"1\" rowspan=\"1\">\n<div class=\"magic-2\"><span class=\"magic-3\" style=\"font-family: Arial;\">Pantalla<\/span><\/div>\n<\/td>\n<td colspan=\"1\" rowspan=\"1\">\n<div class=\"magic-4\"><span class=\"magic-3\" style=\"font-family: Arial;\">10,4 pulgadas<\/span><\/div>\n<\/td>\n<\/tr>\n<tr>\n<td colspan=\"1\" rowspan=\"1\">\n<div class=\"magic-2\"><span class=\"magic-3\" style=\"font-family: Arial;\">Frecuencia<\/span><\/div>\n<\/td>\n<td colspan=\"1\" rowspan=\"1\">\n<div class=\"magic-4\"><span class=\"magic-3\" style=\"font-family: Arial;\">1-10Hz<\/span><\/div>\n<\/td>\n<\/tr>\n<tr>\n<td colspan=\"1\" rowspan=\"1\">\n<div class=\"magic-2\"><span class=\"magic-3\" style=\"font-family: Arial;\">Longitud de onda de depilaci\u00f3n<\/span><\/div>\n<\/td>\n<td colspan=\"1\" rowspan=\"1\">\n<div class=\"magic-4\"><span class=\"magic-3\" style=\"font-family: Arial;\">808 nm<\/span><\/div>\n<\/td>\n<\/tr>\n<tr>\n<td colspan=\"1\" rowspan=\"1\">\n<div class=\"magic-2\"><span class=\"magic-3\" style=\"font-family: Arial;\">Energ\u00eda<\/span><\/div>\n<\/td>\n<td colspan=\"1\" rowspan=\"1\">\n<div class=\"magic-4\"><span class=\"magic-3\" style=\"font-family: Arial;\">1-120 J\/cm\u00b2<\/span><\/div>\n<\/td>\n<\/tr>\n<tr>\n<td colspan=\"1\" rowspan=\"1\">\n<div class=\"magic-2\"><span class=\"magic-3\" style=\"font-family: Arial;\">Potencia del l\u00e1ser<\/span><\/div>\n<\/td>\n<td colspan=\"1\" rowspan=\"1\">\n<div class=\"magic-4\"><span class=\"magic-3\" style=\"font-family: Arial;\">300 W\/400 W<\/span><\/div>\n<\/td>\n<\/tr>\n<tr>\n<td colspan=\"1\" rowspan=\"1\">\n<div class=\"magic-2\"><span class=\"magic-3\" style=\"font-family: Arial;\">Ancho de pulso<\/span><\/div>\n<\/td>\n<td colspan=\"1\" rowspan=\"1\">\n<div class=\"magic-4\"><span class=\"magic-3\" style=\"font-family: Arial;\">1MS-400MS<\/span><\/div>\n<\/td>\n<\/tr>\n<tr>\n<td colspan=\"1\" rowspan=\"1\">\n<div class=\"magic-2\"><span class=\"magic-3\" style=\"font-family: Arial;\">Largo*ancho*alto<\/span><\/div>\n<\/td>\n<td colspan=\"1\" rowspan=\"1\">\n<div class=\"magic-4\"><span class=\"magic-3\" style=\"font-family: Arial;\">53*44*142 cm (55 kg)<\/span><\/div>\n<\/td>\n<\/tr>\n<tr>\n<td colspan=\"1\" rowspan=\"1\">\n<div class=\"magic-2\"><span class=\"magic-3\" style=\"font-family: Arial;\">Potencia total<\/span><\/div>\n<\/td>\n<td colspan=\"1\" rowspan=\"1\">\n<div class=\"magic-4\"><span class=\"magic-3\" style=\"font-family: Arial;\">2000 W<\/span><\/div>\n<\/td>\n<\/tr>\n<\/tbody>\n<\/table>\n<\/div>\n<\/div>\n<div class=\"J_module\">\n<div class=\"detail-decorate-json-renderer-container\">\n<div class=\"magic-5\">\n<div><\/div>\n<h3><span class=\"magic-7\" style=\"font-family: Arial;\">Teor\u00eda<\/span><\/h3>\n<div class=\"magic-8\">\n<div class=\"magic-9\">\n<div class=\"magic-10\">\n<p><strong><span class=\"magic-3\" style=\"font-family: Arial;\">2 en 1 utiliza tecnolog\u00eda l\u00e1ser de diodo de 808 nm y tecnolog\u00eda l\u00e1ser de picosegundos <\/span><\/strong><\/p>\n<div><span class=\"magic-3\" style=\"font-family: Arial;\">El l\u00e1ser de diodo tiene una longitud de onda de 808 nm y tiene un efecto particular sobre los melanocitos del fol\u00edculo piloso sin da\u00f1ar el tejido circundante. La luz del l\u00e1ser puede ser absorbida por los melanocitos del tallo piloso y de los fol\u00edculos pilosos y convertida en calor, elevando la temperatura de los fol\u00edculos pilosos.<br \/>\nCuando la temperatura aumenta hasta cierto punto, la estructura del fol\u00edculo piloso puede destruirse irreversiblemente y la estructura del fol\u00edculo piloso desaparece despu\u00e9s del proceso fisiol\u00f3gico natural, logrando as\u00ed el prop\u00f3sito de la depilaci\u00f3n permanente. <\/span><\/div>\n<div><span class=\"magic-3\" style=\"font-family: Arial;\">El dispositivo l\u00e1ser de picosegundos utiliza un modo de salida de pulso muy corto para reemplazar el efecto t\u00e9rmico y utiliza el principio de onda de choque mec\u00e1nica de la luz para &quot;aplastar&quot; el pigmento en part\u00edculas finas a trav\u00e9s de la energ\u00eda enfocada, que es m\u00e1s f\u00e1cil de absorber por el metabolismo humano. El l\u00e1ser de picosegundos minimiza los efectos secundarios de los efectos t\u00e9rmicos y puede lograr el prop\u00f3sito de resolver casi todo tipo de manchas de pigmento, lo que es mejor que las manchas de blanqueamiento l\u00e1ser tradicionales. El l\u00e1ser de picosegundos es un tratamiento de la piel con l\u00e1ser r\u00e1pido, f\u00e1cil, no quir\u00fargico y no invasivo para el cuerpo, incluido el pecho o el cuello, la cara, las manos, las piernas y m\u00e1s.<\/span><\/div>\n<div>\n<table style=\"border-collapse: collapse; width: 100%;\">\n<tbody>\n<tr>\n<td style=\"width: 50%;\"><img loading=\"lazy\" decoding=\"async\" class=\"magic-13 aligncenter\" title=\"M\u00e1quina de depilaci\u00f3n l\u00e1ser de 808 nm + eliminaci\u00f3n de tatuajes con picosegundos\" src=\"https:\/\/sc04.alicdn.com\/kf\/H37ad109e5dbb4fe9868f2b48e83eea3fN\/247315878\/H37ad109e5dbb4fe9868f2b48e83eea3fN.png\" alt=\"M\u00e1quina de depilaci\u00f3n l\u00e1ser de 808 nm + eliminaci\u00f3n de tatuajes con picosegundos\" width=\"591\" height=\"451\" data-src=\"\/\/sc04.alicdn.com\/kf\/H37ad109e5dbb4fe9868f2b48e83eea3fN\/247315878\/H37ad109e5dbb4fe9868f2b48e83eea3fN.png\" \/><\/td>\n<td style=\"width: 50%;\"><img loading=\"lazy\" decoding=\"async\" class=\"magic-15 aligncenter\" title=\"M\u00e1quina de depilaci\u00f3n l\u00e1ser de 808 nm + eliminaci\u00f3n de tatuajes con picosegundos\" src=\"https:\/\/sc04.alicdn.com\/kf\/Hb93de2e708ba46a78a16d7a6d8c4e502S\/247315878\/Hb93de2e708ba46a78a16d7a6d8c4e502S.png\" alt=\"M\u00e1quina de depilaci\u00f3n l\u00e1ser de 808 nm + eliminaci\u00f3n de tatuajes con picosegundos\" width=\"629\" height=\"657\" data-src=\"\/\/sc04.alicdn.com\/kf\/Hb93de2e708ba46a78a16d7a6d8c4e502S\/247315878\/Hb93de2e708ba46a78a16d7a6d8c4e502S.png\" \/><\/td>\n<\/tr>\n<\/tbody>\n<\/table>\n<\/div>\n<\/div>\n<\/div>\n<\/div>\n<\/div>\n<\/div>\n<\/div>\n<div class=\"J_module\">\n<div class=\"icbu-pc-images magic-11\">\n<div class=\"flex-layout-v\">\n<div class=\"flex-layout-h magic-11\">\n<div class=\"magic-12\"><\/div>\n<\/div>\n<\/div>\n<\/div>\n<\/div>\n<div class=\"J_module\">\n<div class=\"icbu-pc-images magic-11\">\n<div class=\"flex-layout-v\">\n<div class=\"flex-layout-h magic-11\">\n<div class=\"magic-14\"><\/div>\n<\/div>\n<\/div>\n<\/div>\n<\/div>\n<div class=\"J_module\">\n<div class=\"icbu-pc-images magic-11\">\n<div>\n<div class=\"flex-layout-v\">\n<div class=\"flex-layout-h magic-11\">\n<div class=\"magic-16\"><img loading=\"lazy\" decoding=\"async\" class=\"magic-17 aligncenter\" title=\"M\u00e1quina de depilaci\u00f3n l\u00e1ser de 808 nm + eliminaci\u00f3n de tatuajes con picosegundos\" src=\"https:\/\/sc04.alicdn.com\/kf\/Hed2faa57b1754604a282e6d596c3191al\/247315878\/Hed2faa57b1754604a282e6d596c3191al.png\" alt=\"M\u00e1quina de depilaci\u00f3n l\u00e1ser de 808 nm + eliminaci\u00f3n de tatuajes con picosegundos\" width=\"611\" height=\"371\" data-src=\"\/\/sc04.alicdn.com\/kf\/Hed2faa57b1754604a282e6d596c3191al\/247315878\/Hed2faa57b1754604a282e6d596c3191al.png\" \/><\/div>\n<\/div>\n<\/div>\n<\/div>\n<\/div>\n<\/div>\n<div class=\"J_module\">\n<div class=\"detail-decorate-json-renderer-container\">\n<div class=\"magic-5\">\n<div><\/div>\n<h3><span class=\"magic-7\" style=\"font-family: Arial;\">Funciones<\/span><\/h3>\n<div class=\"magic-8\">\n<div class=\"magic-9\">\n<div class=\"magic-10\"><span class=\"magic-3\" style=\"font-family: Arial;\">1)Se eliminaron todos los tatuajes de color, delineador de ojos y l\u00edneas de labios. <\/span><\/div>\n<div class=\"magic-10\"><span class=\"magic-3\" style=\"font-family: Arial;\">2)Eliminar el pigmento epid\u00e9rmico y d\u00e9rmico. <\/span><\/div>\n<div class=\"magic-10\"><span class=\"magic-3\" style=\"font-family: Arial;\">3) Eliminaci\u00f3n de lunares ota, lunares azules, lunares negros y manchas de caf\u00e9. <\/span><\/div>\n<div class=\"magic-10\"><span class=\"magic-3\" style=\"font-family: Arial;\">4) Eliminaci\u00f3n de manchas de la edad, pecas, manchas solares y melasma. <\/span><\/div>\n<div class=\"magic-10\"><span class=\"magic-3\" style=\"font-family: Arial;\">5)Blanqueamiento, piel tierna, etc.<\/span><\/div>\n<\/div>\n<\/div>\n<\/div>\n<\/div>\n<\/div>\n<div class=\"J_module\">\n<div class=\"detail-decorate-json-renderer-container\">\n<div class=\"magic-5\">\n<h3 class=\"magic-6\"><span class=\"magic-7\" style=\"font-family: Arial;\">Ventajas<\/span><\/h3>\n<div class=\"magic-8\">\n<div class=\"magic-9\">\n<div class=\"magic-10\"><span class=\"magic-3\" style=\"font-family: Arial;\">1)La tecnolog\u00eda m\u00e1s ventajosa combina l\u00e1seres de diodo con l\u00e1seres de picosegundos.<br \/>\n2) Cada sistema tiene fuente de alimentaci\u00f3n independiente, alta calidad y estabilidad.<br \/>\n3) Interfaz inteligente, par\u00e1metros de procesamiento preestablecidos, f\u00e1cil de operar.<br \/>\n4) El sistema avanzado de monitoreo y alarma protege la m\u00e1quina minuto a minuto.<br \/>\n5) La funci\u00f3n de cerradura de combinaci\u00f3n hace que el negocio de alquiler sea m\u00e1s f\u00e1cil de controlar.<\/span><\/div>\n<\/div>\n<\/div>\n<\/div>\n<\/div>\n<\/div>\n<div class=\"J_module\">\n<div class=\"detail-decorate-json-renderer-container\">\n<div class=\"magic-5\">\n<h3 class=\"magic-6\"><span class=\"magic-7\" style=\"font-family: Arial;\">Efectos<\/span><\/h3>\n<div class=\"magic-8\">\n<div class=\"magic-9\">\n<div class=\"magic-10\">\n<div><span class=\"magic-3\" style=\"font-family: Arial;\"><b>Efectos del l\u00e1ser de diodo de 808 nm<\/b><\/span><\/div>\n<p><span class=\"magic-3\" style=\"font-family: Arial;\"><b>1.Depilaci\u00f3n de las axilas<\/b> Despu\u00e9s de su uso, el vello de las axilas se reduce, lo que puede inhibir eficazmente el crecimiento del fol\u00edculo piloso. <\/span><br \/>\n<span class=\"magic-3\" style=\"font-family: Arial;\"><b>2.Depilaci\u00f3n de los pies<\/b> Despu\u00e9s de su uso, el vello de los pies reduce el brillo de la piel del pie. <\/span><br \/>\n<span class=\"magic-3\" style=\"font-family: Arial;\"><b>3.Depilaci\u00f3n de la espalda<\/b> Para hombres con m\u00e1s vello en la espalda, reduzca la suavidad de la espalda despu\u00e9s del uso. <\/span><br \/>\n<span class=\"magic-3\" style=\"font-family: Arial;\"><b>4.Depilaci\u00f3n de los brazos<\/b> Despu\u00e9s de su uso, el vello del brazo puede reducir significativamente el brillo de la piel del brazo.<\/span><\/p>\n<div>\n<div><span style=\"font-family: Arial;\"><span class=\"magic-3\"><b>Efectos del l\u00e1ser de picosegundos<\/b><br \/>\n<\/span><\/span><\/p>\n<div><span class=\"magic-3\" style=\"font-family: Arial;\"><b>1.Poros<\/b> Los poros gruesos y que no soportan el envejecimiento, a trav\u00e9s del tratamiento, se puede ver el efecto despu\u00e9s de la reducci\u00f3n. <\/span><\/div>\n<div><span class=\"magic-3\" style=\"font-family: Arial;\"><b>2. Punto<\/b> El l\u00e1ser de picosegundos se puede eliminar f\u00e1cilmente sin preocuparse por evitar la oscuridad y, al mismo tiempo, se pueden solucionar las manchas dif\u00edciles de la cara. <\/span><\/div>\n<div><span class=\"magic-3\" style=\"font-family: Arial;\"><b>3. L\u00edneas finas<\/b> Ninguna cantidad de crema para el cuidado de la piel puede eliminar las l\u00edneas finas debajo de los ojos, y con un tratamiento con l\u00e1ser de picosegundos en forma de panal, puede sentir la diferencia en poco tiempo. <\/span><\/div>\n<div><span class=\"magic-3\" style=\"font-family: Arial;\"><b>4. Cicatriz picada<\/b> El l\u00e1ser de matriz de puntos aplicado varias veces a\u00fan no puede mejorar por completo la cicatriz persistente, por lo que el l\u00e1ser de picosegundos aplicado varias veces puede restaurar las marcas en la cara. <\/span><\/div>\n<div><span class=\"magic-3\" style=\"font-family: Arial;\"><b>5.Tatuaje<\/b> Los tatuajes que no responden bien al tratamiento l\u00e1ser tradicional (rojo, naranja, amarillo, verde, azul y azul) se pueden eliminar con un l\u00e1ser de picosegundos, sin dejar rastro. <\/span><\/div>\n<div><span class=\"magic-3\" style=\"font-family: Arial;\"><b>6. Cara de tonto <\/b> Debido a que el l\u00e1ser de picosegundos tiene un efecto excelente sobre la melanina, la experiencia cl\u00ednica demuestra que el extremo de la piel se vuelve suave y tierno.<\/span><\/div>\n<div>\n<table style=\"border-collapse: collapse; width: 100%;\">\n<tbody>\n<tr>\n<td style=\"width: 50%;\"><img loading=\"lazy\" decoding=\"async\" class=\"magic-19 aligncenter\" title=\"M\u00e1quina de depilaci\u00f3n l\u00e1ser de 808 nm + eliminaci\u00f3n de tatuajes con picosegundos\" src=\"https:\/\/sc04.alicdn.com\/kf\/H451be777b7f64438820bb767cafcff85A\/247315878\/H451be777b7f64438820bb767cafcff85A.png\" alt=\"M\u00e1quina de depilaci\u00f3n l\u00e1ser de 808 nm + eliminaci\u00f3n de tatuajes con picosegundos\" width=\"504\" height=\"417\" data-src=\"\/\/sc04.alicdn.com\/kf\/H451be777b7f64438820bb767cafcff85A\/247315878\/H451be777b7f64438820bb767cafcff85A.png\" \/><\/td>\n<td style=\"width: 50%;\"><img loading=\"lazy\" decoding=\"async\" class=\"magic-21 aligncenter\" title=\"M\u00e1quina de depilaci\u00f3n l\u00e1ser de 808 nm + eliminaci\u00f3n de tatuajes con picosegundos\" src=\"https:\/\/sc04.alicdn.com\/kf\/Hdf4926f83b1542d1a80d1b37084da4c0i\/247315878\/Hdf4926f83b1542d1a80d1b37084da4c0i.png\" alt=\"M\u00e1quina de depilaci\u00f3n l\u00e1ser de 808 nm + eliminaci\u00f3n de tatuajes con picosegundos\" width=\"800\" height=\"611\" data-src=\"\/\/sc04.alicdn.com\/kf\/Hdf4926f83b1542d1a80d1b37084da4c0i\/247315878\/Hdf4926f83b1542d1a80d1b37084da4c0i.png\" \/><\/td>\n<\/tr>\n<\/tbody>\n<\/table>\n<\/div>\n<\/div>\n<\/div>\n<\/div>\n<\/div>\n<\/div>\n<\/div>\n<\/div>\n<\/div>\n<div class=\"J_module\">\n<div class=\"icbu-pc-images magic-11\">\n<div class=\"flex-layout-v\">\n<div class=\"magic-18\">\n<h3><strong>Personalizar El Logotipo De<\/strong><\/h3>\n<p>Queremos hacer de su marca se destaque? Ofrecemos logotipo modificado para requisitos particulares de los servicios que te ayudar\u00e1n a crear un entorno \u00fanico y personalizado logotipo que refleja la identidad de su marca. Nuestro equipo de expertos trabajar\u00e1 estrechamente con usted para dise\u00f1ar un logotipo que resuena con los valores de tu marca y de mensajer\u00eda. Si usted est\u00e1 buscando para renovar su logotipo existente o crear uno nuevo desde cero, lo tenemos cubierto. <a href=\"\/es\/contacto\/\">P\u00f3ngase en contacto con nosotros<\/a> hoy para aprender m\u00e1s acerca de nuestro logotipo modificado para requisitos particulares de los servicios!<\/p>\n<\/div>\n<\/div>\n<\/div>\n<\/div>\n<div class=\"J_module\">\n<div class=\"icbu-pc-images magic-11\">\n<div class=\"flex-layout-v\">\n<div class=\"flex-layout-h magic-11\">\n<div class=\"magic-20\"><\/div>\n<\/div>\n<\/div>\n<\/div>\n<\/div>","protected":false},"excerpt":{"rendered":"<p><span class=\"magic-3\" style=\"font-family: Arial;\">El l\u00e1ser de diodo tiene una longitud de onda de 808 nm y tiene un efecto particular sobre los melanocitos del fol\u00edculo piloso sin da\u00f1ar el tejido circundante. La luz del l\u00e1ser puede ser absorbida por los melanocitos del tallo piloso y de los fol\u00edculos pilosos y convertida en calor, elevando la temperatura de los fol\u00edculos pilosos.<\/span><br \/>\n<span class=\"magic-3\" style=\"font-family: Arial;\">El dispositivo l\u00e1ser de picosegundos utiliza un modo de salida de pulso muy corto para reemplazar el efecto t\u00e9rmico y utiliza el principio de onda de choque mec\u00e1nica de la luz para &quot;aplastar&quot; el pigmento en part\u00edculas finas a trav\u00e9s de la energ\u00eda enfocada, que es m\u00e1s f\u00e1cil de absorber por el metabolismo humano. <\/span><\/p>","protected":false},"featured_media":2302,"comment_status":"open","ping_status":"closed","template":"","meta":{"_kad_post_transparent":"default","_kad_post_title":"","_kad_post_layout":"default","_kad_post_sidebar_id":"","_kad_post_content_style":"default","_kad_post_vertical_padding":"default","_kad_post_feature":"","_kad_post_feature_position":"","_kad_post_header":false,"_kad_post_footer":false,"_kad_post_classname":"","rank_math_title":"","rank_math_description":"","rank_math_focus_keyword":""},"product_brand":[],"product_cat":[66],"product_tag":[],"class_list":{"0":"post-2301","1":"product","2":"type-product","3":"status-publish","4":"has-post-thumbnail","6":"product_cat-2-in-1-808nmpico","8":"first","9":"instock","10":"shipping-taxable","11":"product-type-simple","12":"entry","13":"content-bg","14":"loop-entry"},"_links":{"self":[{"href":"https:\/\/skbty.com\/es\/wp-json\/wp\/v2\/product\/2301","targetHints":{"allow":["GET"]}}],"collection":[{"href":"https:\/\/skbty.com\/es\/wp-json\/wp\/v2\/product"}],"about":[{"href":"https:\/\/skbty.com\/es\/wp-json\/wp\/v2\/types\/product"}],"replies":[{"embeddable":true,"href":"https:\/\/skbty.com\/es\/wp-json\/wp\/v2\/comments?post=2301"}],"wp:featuredmedia":[{"embeddable":true,"href":"https:\/\/skbty.com\/es\/wp-json\/wp\/v2\/media\/2302"}],"wp:attachment":[{"href":"https:\/\/skbty.com\/es\/wp-json\/wp\/v2\/media?parent=2301"}],"wp:term":[{"taxonomy":"product_brand","embeddable":true,"href":"https:\/\/skbty.com\/es\/wp-json\/wp\/v2\/product_brand?post=2301"},{"taxonomy":"product_cat","embeddable":true,"href":"https:\/\/skbty.com\/es\/wp-json\/wp\/v2\/product_cat?post=2301"},{"taxonomy":"product_tag","embeddable":true,"href":"https:\/\/skbty.com\/es\/wp-json\/wp\/v2\/product_tag?post=2301"}],"curies":[{"name":"WP","href":"https:\/\/api.w.org\/{rel}","templated":true}]}}