{"id":2311,"date":"2024-01-05T11:35:36","date_gmt":"2024-01-05T03:35:36","guid":{"rendered":"https:\/\/skbty.com\/?post_type=product&#038;p=2311"},"modified":"2024-06-21T11:24:54","modified_gmt":"2024-06-21T03:24:54","slug":"maquina-de-depilacion-laser-y-eliminacion-de-tatuajes-2-en-1","status":"publish","type":"product","link":"https:\/\/skbty.com\/es\/producto\/maquina-de-depilacion-laser-y-eliminacion-de-tatuajes-2-en-1\/","title":{"rendered":"M\u00e1quina de depilaci\u00f3n l\u00e1ser y eliminaci\u00f3n de tatuajes 2 en 1"},"content":{"rendered":"<div class=\"J_module\">\n<div class=\"ife-detail-decorate-table\">\n<h3>\u00bfQu\u00e9 es el? <strong>\u00bfM\u00e1quina de depilaci\u00f3n l\u00e1ser de 808 nm 2 en 1 + eliminaci\u00f3n de tatuajes con l\u00e1ser de picosegundos?<\/strong><\/h3>\n<p>El <strong>Depilaci\u00f3n l\u00e1ser 2 en 1 de 808 nm + eliminaci\u00f3n de tatuajes con l\u00e1ser de picosegundos <\/strong>La m\u00e1quina combina la tecnolog\u00eda avanzada de l\u00e1ser de diodo de 808 nm con la tecnolog\u00eda de l\u00e1ser de picosegundos para ofrecer tratamientos superiores de depilaci\u00f3n y de la piel. Este dispositivo multifuncional est\u00e1 dise\u00f1ado para tratamientos efectivos y no invasivos que se enfocan en diversos problemas de la piel y el cabello, brindando una soluci\u00f3n integral para la mejora est\u00e9tica.<\/p>\n<h3>Presupuesto<\/h3>\n<ul>\n<li><strong>Nombre<\/strong>:Depilaci\u00f3n l\u00e1ser 2 en 1 de 808 nm + Eliminaci\u00f3n de tatuajes con l\u00e1ser de picosegundos<\/li>\n<li><strong>Pantalla<\/strong>:8 pulgadas<\/li>\n<li><strong>Frecuencia<\/strong>:1-10 Hz<\/li>\n<li><strong>Longitud de onda de depilaci\u00f3n<\/strong>:808 nm<\/li>\n<li><strong>Energ\u00eda<\/strong>: 1-120 J\/cm\u00b2<\/li>\n<li><strong>Potencia del l\u00e1ser<\/strong>:300 W\/400 W<\/li>\n<li><strong>Ancho de pulso<\/strong>:1MS-400MS<\/li>\n<li><strong>Dimensiones<\/strong>: 53<em>44<\/em>142 cm (55 kg)<\/li>\n<li><strong>Potencia total<\/strong>:2000W<\/li>\n<\/ul>\n<table style=\"border-collapse: collapse; width: 100%;\">\n<tbody>\n<tr>\n<td style=\"width: 50%;\"><img loading=\"lazy\" decoding=\"async\" class=\"magic-13 aligncenter\" title=\"M\u00e1quina de eliminaci\u00f3n de tatuajes con l\u00e1ser de picosegundos\" src=\"https:\/\/sc04.alicdn.com\/kf\/H37ad109e5dbb4fe9868f2b48e83eea3fN\/247315878\/H37ad109e5dbb4fe9868f2b48e83eea3fN.png\" alt=\"M\u00e1quina de eliminaci\u00f3n de tatuajes con l\u00e1ser de picosegundos\" width=\"346\" height=\"264\" data-src=\"\/\/sc04.alicdn.com\/kf\/H37ad109e5dbb4fe9868f2b48e83eea3fN\/247315878\/H37ad109e5dbb4fe9868f2b48e83eea3fN.png\" \/><\/td>\n<td style=\"width: 50%;\"><img loading=\"lazy\" decoding=\"async\" class=\"magic-15 aligncenter\" title=\"M\u00e1quina de eliminaci\u00f3n de tatuajes con l\u00e1ser de picosegundos\" src=\"https:\/\/sc04.alicdn.com\/kf\/Hb93de2e708ba46a78a16d7a6d8c4e502S\/247315878\/Hb93de2e708ba46a78a16d7a6d8c4e502S.png\" alt=\"M\u00e1quina de eliminaci\u00f3n de tatuajes con l\u00e1ser de picosegundos\" width=\"314\" height=\"329\" data-src=\"\/\/sc04.alicdn.com\/kf\/Hb93de2e708ba46a78a16d7a6d8c4e502S\/247315878\/Hb93de2e708ba46a78a16d7a6d8c4e502S.png\" \/><\/td>\n<\/tr>\n<\/tbody>\n<\/table>\n<h3>Teor\u00eda<\/h3>\n<p>La m\u00e1quina 2 en 1 utiliza dos tecnolog\u00edas de vanguardia:<\/p>\n<ol>\n<li><strong>Tecnolog\u00eda l\u00e1ser de diodo de 808 nm<\/strong>:Esta tecnolog\u00eda act\u00faa sobre los melanocitos de los fol\u00edculos pilosos sin da\u00f1ar los tejidos circundantes. La energ\u00eda del l\u00e1ser es absorbida por la melanina, convirti\u00e9ndola en calor y elevando la temperatura de los fol\u00edculos pilosos, lo que conduce a su destrucci\u00f3n irreversible y a la eliminaci\u00f3n permanente del vello.<\/li>\n<li><strong>Tecnolog\u00eda l\u00e1ser de picosegundos<\/strong>:Esta tecnolog\u00eda emplea pulsos de muy corta duraci\u00f3n para generar ondas de choque mec\u00e1nicas que descomponen las part\u00edculas de pigmento. Estas part\u00edculas son absorbidas y eliminadas por el cuerpo, lo que minimiza el da\u00f1o t\u00e9rmico y trata de manera eficaz diversas manchas de pigmento.<\/li>\n<\/ol>\n<h3><img loading=\"lazy\" decoding=\"async\" class=\"magic-17 aligncenter\" title=\"M\u00e1quina de eliminaci\u00f3n de tatuajes con l\u00e1ser de picosegundos\" src=\"https:\/\/sc04.alicdn.com\/kf\/Hed2faa57b1754604a282e6d596c3191al\/247315878\/Hed2faa57b1754604a282e6d596c3191al.png\" alt=\"M\u00e1quina de eliminaci\u00f3n de tatuajes con l\u00e1ser de picosegundos\" width=\"484\" height=\"294\" data-src=\"\/\/sc04.alicdn.com\/kf\/Hed2faa57b1754604a282e6d596c3191al\/247315878\/Hed2faa57b1754604a282e6d596c3191al.png\" \/><\/h3>\n<h3>Funciones<\/h3>\n<ol>\n<li><strong>Eliminaci\u00f3n de tatuajes<\/strong>:Elimina todos los tatuajes de color, incluido el delineador de ojos y las l\u00edneas de los labios.<\/li>\n<li><strong>Eliminaci\u00f3n de pigmentos<\/strong>:Elimina pigmentos tanto epid\u00e9rmicos como d\u00e9rmicos como el lunar Ota, el lunar azul, el lunar negro y las manchas de caf\u00e9.<\/li>\n<li><strong>Eliminaci\u00f3n de manchas<\/strong>:Trata manchas de la edad, pecas, manchas solares y melasma.<\/li>\n<li><strong>Blanqueamiento y rejuvenecimiento de la piel<\/strong>:Mejora la textura de la piel, haci\u00e9ndola m\u00e1s blanca y suave.<\/li>\n<\/ol>\n<h3>Ventajas<\/h3>\n<ol>\n<li><strong>Tecnolog\u00eda avanzada<\/strong>:Combina l\u00e1seres de diodo y picosegundos para una mayor eficacia del tratamiento.<\/li>\n<li><strong>Fuente de alimentaci\u00f3n independiente<\/strong>:Garantiza alta calidad y estabilidad.<\/li>\n<li><strong>Interfaz inteligente<\/strong>:Par\u00e1metros de procesamiento preestablecidos para una f\u00e1cil operaci\u00f3n.<\/li>\n<li><strong>Sistema de Monitoreo<\/strong>:El sistema avanzado protege la m\u00e1quina continuamente.<\/li>\n<li><strong>Funci\u00f3n de bloqueo de combinaci\u00f3n<\/strong>:Facilita el control en la configuraci\u00f3n de negocios de alquiler.<\/li>\n<\/ol>\n<h3>Efectos<\/h3>\n<h4>Efectos del l\u00e1ser de diodo de 808 nm<\/h4>\n<ol>\n<li><strong>Depilaci\u00f3n de las axilas<\/strong>:Reduce e inhibe el crecimiento del fol\u00edculo piloso.<\/li>\n<li><strong>Depilaci\u00f3n de los pies<\/strong>:Disminuye el vello y mejora la suavidad de la piel.<\/li>\n<li><strong>Depilaci\u00f3n de la espalda<\/strong>:Reduce el vello para una piel de la espalda m\u00e1s suave.<\/li>\n<li><strong>Depilaci\u00f3n de brazos<\/strong>:Reduce significativamente el vello, mejorando el brillo de la piel.<\/li>\n<\/ol>\n<h4>Efectos del l\u00e1ser de picosegundos<\/h4>\n<ol>\n<li><strong>Reducci\u00f3n de poros<\/strong>:Mejora los poros gruesos, mejorando la textura de la piel.<\/li>\n<li><strong>Eliminaci\u00f3n de manchas<\/strong>:Elimina eficazmente las manchas faciales sin provocar ennegrecimiento.<\/li>\n<li><strong>Reducci\u00f3n de l\u00edneas finas<\/strong>:Elimina las l\u00edneas finas debajo de los ojos, ofreciendo resultados notables.<\/li>\n<li><strong>Tratamiento de cicatrices<\/strong>:Mejora las cicatrices y hoyuelos rebeldes en la cara.<\/li>\n<li><strong>Eliminaci\u00f3n de tatuajes<\/strong>:Elimina eficazmente tatuajes de varios colores sin dejar rastros.<\/li>\n<li><strong>Aclaramiento de la piel<\/strong>:Mejora la piel opaca, dej\u00e1ndola suave y tersa.<\/li>\n<\/ol>\n<h3><strong>Personalizar El Logotipo De<\/strong><\/h3>\n<p>Queremos hacer de su marca se destaque? Ofrecemos logotipo modificado para requisitos particulares de los servicios que te ayudar\u00e1n a crear un entorno \u00fanico y personalizado logotipo que refleja la identidad de su marca. Nuestro equipo de expertos trabajar\u00e1 estrechamente con usted para dise\u00f1ar un logotipo que resuena con los valores de tu marca y de mensajer\u00eda. Si usted est\u00e1 buscando para renovar su logotipo existente o crear uno nuevo desde cero, lo tenemos cubierto. <a href=\"\/es\/contacto\/\">P\u00f3ngase en contacto con nosotros<\/a> hoy para aprender m\u00e1s acerca de nuestro logotipo modificado para requisitos particulares de los servicios!<\/p>\n<\/div>\n<\/div>\n<div class=\"J_module\">\n<div class=\"detail-decorate-json-renderer-container\">\n<div class=\"magic-5\">\n<div class=\"magic-8\">\n<div class=\"magic-9\">\n<div class=\"magic-10\">\n<div><\/div>\n<\/div>\n<\/div>\n<\/div>\n<\/div>\n<\/div>\n<\/div>","protected":false},"excerpt":{"rendered":"<div><span class=\"magic-3\" style=\"font-family: Arial;\">El l\u00e1ser de diodo tiene una longitud de onda de 808 nm y tiene un efecto particular sobre los melanocitos del fol\u00edculo piloso sin da\u00f1ar el tejido circundante. La luz del l\u00e1ser puede ser absorbida por los melanocitos del tallo piloso y de los fol\u00edculos pilosos y convertida en calor, elevando la temperatura de los fol\u00edculos pilosos.<\/span><\/div>\n<div><span class=\"magic-3\" style=\"font-family: Arial;\">El dispositivo l\u00e1ser de picosegundos utiliza un modo de salida de pulso muy corto para reemplazar el efecto t\u00e9rmico y utiliza el principio de onda de choque mec\u00e1nica de la luz para &quot;aplastar&quot; el pigmento en part\u00edculas finas a trav\u00e9s de la energ\u00eda enfocada, que es m\u00e1s f\u00e1cil de absorber por el metabolismo humano.<\/span><\/div>","protected":false},"featured_media":2312,"comment_status":"open","ping_status":"closed","template":"","meta":{"_kad_post_transparent":"default","_kad_post_title":"","_kad_post_layout":"default","_kad_post_sidebar_id":"","_kad_post_content_style":"default","_kad_post_vertical_padding":"default","_kad_post_feature":"","_kad_post_feature_position":"","_kad_post_header":false,"_kad_post_footer":false,"_kad_post_classname":"","rank_math_title":"","rank_math_description":"","rank_math_focus_keyword":""},"product_brand":[],"product_cat":[66],"product_tag":[],"class_list":{"0":"post-2311","1":"product","2":"type-product","3":"status-publish","4":"has-post-thumbnail","6":"product_cat-2-in-1-808nmpico","8":"first","9":"instock","10":"shipping-taxable","11":"product-type-simple","12":"entry","13":"content-bg","14":"loop-entry"},"_links":{"self":[{"href":"https:\/\/skbty.com\/es\/wp-json\/wp\/v2\/product\/2311","targetHints":{"allow":["GET"]}}],"collection":[{"href":"https:\/\/skbty.com\/es\/wp-json\/wp\/v2\/product"}],"about":[{"href":"https:\/\/skbty.com\/es\/wp-json\/wp\/v2\/types\/product"}],"replies":[{"embeddable":true,"href":"https:\/\/skbty.com\/es\/wp-json\/wp\/v2\/comments?post=2311"}],"wp:featuredmedia":[{"embeddable":true,"href":"https:\/\/skbty.com\/es\/wp-json\/wp\/v2\/media\/2312"}],"wp:attachment":[{"href":"https:\/\/skbty.com\/es\/wp-json\/wp\/v2\/media?parent=2311"}],"wp:term":[{"taxonomy":"product_brand","embeddable":true,"href":"https:\/\/skbty.com\/es\/wp-json\/wp\/v2\/product_brand?post=2311"},{"taxonomy":"product_cat","embeddable":true,"href":"https:\/\/skbty.com\/es\/wp-json\/wp\/v2\/product_cat?post=2311"},{"taxonomy":"product_tag","embeddable":true,"href":"https:\/\/skbty.com\/es\/wp-json\/wp\/v2\/product_tag?post=2311"}],"curies":[{"name":"WP","href":"https:\/\/api.w.org\/{rel}","templated":true}]}}