{"id":2334,"date":"2024-01-06T12:17:31","date_gmt":"2024-01-06T04:17:31","guid":{"rendered":"https:\/\/skbty.com\/?post_type=product&#038;p=2334"},"modified":"2024-06-20T17:56:26","modified_gmt":"2024-06-20T09:56:26","slug":"maquina-de-belleza-de-plasma-2-en-1","status":"publish","type":"product","link":"https:\/\/skbty.com\/es\/producto\/maquina-de-belleza-de-plasma-2-en-1\/","title":{"rendered":"M\u00e1quina de belleza de plasma 2 en 1"},"content":{"rendered":"<div class=\"J_module\">\n<div class=\"detail-decorate-json-renderer-container\">\n<div class=\"magic-1\">\n<h3>\u00bfQu\u00e9 es el? <strong>\u00bfM\u00e1quina de belleza de plasma 2 en 1?<\/strong><\/h3>\n<p>El <strong>M\u00e1quina de belleza de plasma 2 en 1<\/strong> Combina el poder de las tecnolog\u00edas de plasma flash y plasma de ozono para un tratamiento integral de la piel. El plasma flash con mango dorado reafirma el rostro y elimina manchas y arrugas, mientras que el plasma de ozono con mango blanco ofrece beneficios antiinflamatorios, de esterilizaci\u00f3n, alivio de la picaz\u00f3n, metabolismo de pigmentos, control de la grasa y limpieza de la piel. El dispositivo viene con siete sondas intercambiables dise\u00f1adas para tratar diversas afecciones de la piel como alergias, acn\u00e9, eczema y dermatitis.<\/p>\n<h3>Presupuesto<\/h3>\n<ul>\n<li><strong>Nombre<\/strong>:M\u00e1quina de belleza de plasma 2 en 1<\/li>\n<li><strong>Tecnolog\u00eda<\/strong>: Plasma Flash + Plasma de Ozono<\/li>\n<li><strong>Servicio<\/strong>:OEM\/ODM<\/li>\n<li><strong>Voltaje<\/strong>:CA 110 V\/220 V<\/li>\n<li><strong>Potencia de salida<\/strong>:10-60 W<\/li>\n<li><strong>Frecuencia de salida<\/strong>:15 Hz a 150 Hz<\/li>\n<li><strong>Tama\u00f1o<\/strong>: 41(largo)\u00d741(ancho)\u00d750(alto)cm<\/li>\n<li><strong>Peso bruto<\/strong>:Alrededor de 13 kg<\/li>\n<\/ul>\n<table style=\"border-collapse: collapse; width: 100%;\">\n<tbody>\n<tr>\n<td style=\"width: 50%;\"><img loading=\"lazy\" decoding=\"async\" class=\"magic-24 aligncenter\" title=\"M\u00e1quina de belleza de plasma\" src=\"https:\/\/sc04.alicdn.com\/kf\/Hf6e5f224aa4c4cc189ebb0d5f5e15575K\/247315878\/Hf6e5f224aa4c4cc189ebb0d5f5e15575K.png\" alt=\"M\u00e1quina de belleza de plasma\" width=\"384\" height=\"256\" data-src=\"\/\/sc04.alicdn.com\/kf\/Hf6e5f224aa4c4cc189ebb0d5f5e15575K\/247315878\/Hf6e5f224aa4c4cc189ebb0d5f5e15575K.png\" \/><\/td>\n<td style=\"width: 50%;\"><img loading=\"lazy\" decoding=\"async\" class=\"magic-26 aligncenter\" title=\"M\u00e1quina de belleza de plasma\" src=\"https:\/\/sc04.alicdn.com\/kf\/H7001b3f33b1747fa92199444c8f3f588J\/247315878\/H7001b3f33b1747fa92199444c8f3f588J.png\" alt=\"M\u00e1quina de belleza de plasma\" width=\"750\" height=\"362\" data-src=\"\/\/sc04.alicdn.com\/kf\/H7001b3f33b1747fa92199444c8f3f588J\/247315878\/H7001b3f33b1747fa92199444c8f3f588J.png\" \/><\/td>\n<\/tr>\n<\/tbody>\n<\/table>\n<h3>Principio de funcionamiento<\/h3>\n<p><strong>\u00bfQu\u00e9 es el plasma?<\/strong> El plasma es un estado de la materia en el que se energiza el gas, liberando energ\u00eda y produciendo ionizaci\u00f3n. En esta m\u00e1quina, se utiliza corriente continua (CC) como fuente de energ\u00eda para crear una secuencia de descarga de chispas, calentando la piel sin da\u00f1ar los tejidos circundantes. La punta del dispositivo, colocada a 4 mm de la piel, ioniza el aire para formar plasma, estimulando la regeneraci\u00f3n celular, mejorando la absorci\u00f3n cut\u00e1nea, proporcionando una limpieza antibacteriana y mejorando la elasticidad y el contorno de la piel.<\/p>\n<h3><img loading=\"lazy\" decoding=\"async\" class=\"magic-18 aligncenter\" title=\"M\u00e1quina de belleza de plasma\" src=\"https:\/\/sc04.alicdn.com\/kf\/H0f2d4ca5d81b4a798968bff0808070b4z\/247315878\/H0f2d4ca5d81b4a798968bff0808070b4z.png\" alt=\"M\u00e1quina de belleza de plasma\" width=\"546\" height=\"212\" data-src=\"\/\/sc04.alicdn.com\/kf\/H0f2d4ca5d81b4a798968bff0808070b4z\/247315878\/H0f2d4ca5d81b4a798968bff0808070b4z.png\" \/><\/h3>\n<p><img loading=\"lazy\" decoding=\"async\" class=\"magic-20 aligncenter\" title=\"M\u00e1quina de belleza de plasma\" src=\"https:\/\/sc04.alicdn.com\/kf\/H15aa9e5f516449148cf30b3128840968w\/247315878\/H15aa9e5f516449148cf30b3128840968w.png\" alt=\"M\u00e1quina de belleza de plasma\" width=\"526\" height=\"482\" data-src=\"\/\/sc04.alicdn.com\/kf\/H15aa9e5f516449148cf30b3128840968w\/247315878\/H15aa9e5f516449148cf30b3128840968w.png\" \/><\/p>\n<h3>Modos de funcionamiento<\/h3>\n<ul>\n<li><strong>A: Modo autom\u00e1tico<\/strong>:La pausa del mango y la interfaz de operaci\u00f3n est\u00e1n sincronizadas con la tecla de inicio y se activan mediante la pantalla o el mango.<\/li>\n<li><strong>M: Modo manual<\/strong>:Al operar con pedal, la tecla de pausa o inicio del mango o de la pantalla permanece inactiva.<\/li>\n<\/ul>\n<p><strong>Controlador \u00fanico de dos canales<\/strong>:Solo se puede utilizar un mango a la vez.<\/p>\n<ul>\n<li><strong>Fuerza<\/strong>:10-60 W<\/li>\n<li><strong>Engranaje de frecuencia de pulso<\/strong>: 0-8<\/li>\n<li><strong>Equipo de nivel de energ\u00eda<\/strong>: 1-8<\/li>\n<\/ul>\n<h3>Caracter\u00edsticas<\/h3>\n<ol>\n<li><strong>Tecnolog\u00eda de plasma<\/strong>:A diferencia de los l\u00e1seres, el plasma no se dirige a crom\u00f3foros espec\u00edficos, lo que lo hace vers\u00e1til para diversas partes del cuerpo.<\/li>\n<li><strong>Generaci\u00f3n de calor<\/strong>:Utiliza peque\u00f1as corrientes el\u00e9ctricas para generar calor.<\/li>\n<li><strong>Tratamiento r\u00e1pido<\/strong>:Trata las \u00e1reas fl\u00e1cidas con precisi\u00f3n milim\u00e9trica, promoviendo el tensado inmediato de la piel y la producci\u00f3n de col\u00e1geno.<\/li>\n<li><strong>Regeneraci\u00f3n de col\u00e1geno<\/strong>:Fomenta la regeneraci\u00f3n de la piel y mejora el contorno facial.<\/li>\n<\/ol>\n<h3>Funciones<\/h3>\n<ol>\n<li>Eliminaci\u00f3n de cicatrices de acn\u00e9<\/li>\n<li>Eliminaci\u00f3n de lunares y manchas<\/li>\n<li>Eliminaci\u00f3n de pigmentos y pecas.<\/li>\n<li>Eliminaci\u00f3n de estr\u00edas y correcci\u00f3n de p\u00e1rpados.<\/li>\n<li>Lifting de la piel, reafirmaci\u00f3n y eliminaci\u00f3n de arrugas.<\/li>\n<li>Efecto tonificante<\/li>\n<\/ol>\n<h3>Efectos<\/h3>\n<ol>\n<li>Mejora la absorci\u00f3n de los ingredientes activos en los productos para el cuidado de la piel, mejorando la eficacia cosm\u00e9tica.<\/li>\n<li>Bactericida y antiinflamatorio, elimina eficazmente las bacterias y marcas del acn\u00e9 profundo de la piel al tiempo que previene su recurrencia.<\/li>\n<li>Acelera el metabolismo de la piel, promueve la regeneraci\u00f3n del col\u00e1geno y alivia el envejecimiento de la piel.<\/li>\n<li>Alivia el picor causado por alergias y sequedad.<\/li>\n<li>Inhibe la producci\u00f3n de melanina, ilumina el tono de la piel, mejora la calidad de la piel y reduce los poros.<\/li>\n<\/ol>\n<\/div>\n<\/div>\n<\/div>\n<div class=\"J_module\">\n<div class=\"icbu-pc-images magic-16\">\n<div>\n<div class=\"flex-layout-v\">\n<div class=\"flex-layout-h magic-16\">\n<div class=\"magic-29\"><img loading=\"lazy\" decoding=\"async\" class=\"magic-30 aligncenter\" title=\"M\u00e1quina de belleza de plasma\" src=\"https:\/\/sc04.alicdn.com\/kf\/Hc84e1501458c459f8036565a963fab8fG\/247315878\/Hc84e1501458c459f8036565a963fab8fG.png\" alt=\"M\u00e1quina de belleza de plasma\" width=\"547\" height=\"281\" data-src=\"\/\/sc04.alicdn.com\/kf\/Hc84e1501458c459f8036565a963fab8fG\/247315878\/Hc84e1501458c459f8036565a963fab8fG.png\" \/><\/div>\n<div>\n<h3><strong>Personalizar El Logotipo De<\/strong><\/h3>\n<p>Queremos hacer de su marca se destaque? Ofrecemos logotipo modificado para requisitos particulares de los servicios que te ayudar\u00e1n a crear un entorno \u00fanico y personalizado logotipo que refleja la identidad de su marca. Nuestro equipo de expertos trabajar\u00e1 estrechamente con usted para dise\u00f1ar un logotipo que resuena con los valores de tu marca y de mensajer\u00eda. Si usted est\u00e1 buscando para renovar su logotipo existente o crear uno nuevo desde cero, lo tenemos cubierto. <a href=\"\/es\/contacto\/\">P\u00f3ngase en contacto con nosotros<\/a> hoy para aprender m\u00e1s acerca de nuestro logotipo modificado para requisitos particulares de los servicios!<\/p>\n<\/div>\n<\/div>\n<\/div>\n<\/div>\n<\/div>\n<\/div>","protected":false},"excerpt":{"rendered":"<p><span class=\"magic-7\" style=\"font-family: Arial;\">Esta m\u00e1quina de belleza de plasma 2 en 1 consta de un plasma flash y un plasma de ozono. Una de las funciones del plasma flash con mango dorado es tensar el rostro y eliminar manchas y arrugas. Mango blanco: funci\u00f3n dos del plasma de ozono: esterilizaci\u00f3n antiinflamatoria, alivio de la picaz\u00f3n, pigmento metab\u00f3lico, regulaci\u00f3n de la secreci\u00f3n de aceite: control de la grasa, limpieza de la piel. Se pueden reemplazar siete sondas diferentes para pieles al\u00e9rgicas, acn\u00e9, eczema, dermatitis y otras pieles.<\/span><\/p>","protected":false},"featured_media":2327,"comment_status":"open","ping_status":"closed","template":"","meta":{"_kad_post_transparent":"default","_kad_post_title":"","_kad_post_layout":"default","_kad_post_sidebar_id":"","_kad_post_content_style":"default","_kad_post_vertical_padding":"default","_kad_post_feature":"","_kad_post_feature_position":"","_kad_post_header":false,"_kad_post_footer":false,"_kad_post_classname":"","rank_math_title":"","rank_math_description":"","rank_math_focus_keyword":""},"product_brand":[],"product_cat":[64],"product_tag":[],"class_list":{"0":"post-2334","1":"product","2":"type-product","3":"status-publish","4":"has-post-thumbnail","6":"product_cat-plasma-machines","8":"first","9":"instock","10":"shipping-taxable","11":"product-type-simple","12":"entry","13":"content-bg","14":"loop-entry"},"_links":{"self":[{"href":"https:\/\/skbty.com\/es\/wp-json\/wp\/v2\/product\/2334","targetHints":{"allow":["GET"]}}],"collection":[{"href":"https:\/\/skbty.com\/es\/wp-json\/wp\/v2\/product"}],"about":[{"href":"https:\/\/skbty.com\/es\/wp-json\/wp\/v2\/types\/product"}],"replies":[{"embeddable":true,"href":"https:\/\/skbty.com\/es\/wp-json\/wp\/v2\/comments?post=2334"}],"wp:featuredmedia":[{"embeddable":true,"href":"https:\/\/skbty.com\/es\/wp-json\/wp\/v2\/media\/2327"}],"wp:attachment":[{"href":"https:\/\/skbty.com\/es\/wp-json\/wp\/v2\/media?parent=2334"}],"wp:term":[{"taxonomy":"product_brand","embeddable":true,"href":"https:\/\/skbty.com\/es\/wp-json\/wp\/v2\/product_brand?post=2334"},{"taxonomy":"product_cat","embeddable":true,"href":"https:\/\/skbty.com\/es\/wp-json\/wp\/v2\/product_cat?post=2334"},{"taxonomy":"product_tag","embeddable":true,"href":"https:\/\/skbty.com\/es\/wp-json\/wp\/v2\/product_tag?post=2334"}],"curies":[{"name":"WP","href":"https:\/\/api.w.org\/{rel}","templated":true}]}}