{"id":2350,"date":"2024-01-08T16:14:20","date_gmt":"2024-01-08T08:14:20","guid":{"rendered":"https:\/\/skbty.com\/?post_type=product&#038;p=2350"},"modified":"2024-06-20T17:40:20","modified_gmt":"2024-06-20T09:40:20","slug":"maquina-de-microagujas-rf-2-en-1-3","status":"publish","type":"product","link":"https:\/\/skbty.com\/es\/producto\/maquina-de-microagujas-rf-2-en-1-3\/","title":{"rendered":"M\u00e1quina de microagujas RF 2 en 1"},"content":{"rendered":"<div class=\"J_module\">\n<div class=\"detail-decorate-json-renderer-container\">\n<div class=\"magic-1\">\n<h3>\u00bfQu\u00e9 es el? <strong>\u00bfM\u00e1quina de microagujas RF 2 en 1?<\/strong><\/h3>\n<p>El <strong>M\u00e1quina de microagujas RF 2 en 1<\/strong>, tambi\u00e9n conocido como Crystallite Depth 8, es un dispositivo m\u00e9dico de \u00faltima generaci\u00f3n que combina radiofrecuencia, microagujas aisladas y tecnolog\u00eda de matriz de puntos para tratamientos avanzados de la piel. Este dispositivo m\u00ednimamente invasivo est\u00e1 equipado con sondas intercambiables (12p, 24p, 40p, nanoprobe) que permiten una penetraci\u00f3n precisa en la piel a profundidades ajustables (0,5-7 mm), lo que lo hace ideal para una variedad de tratamientos de rejuvenecimiento de la piel y antienvejecimiento.<\/p>\n<h3><img loading=\"lazy\" decoding=\"async\" class=\"magic-10 aligncenter\" title=\"M\u00e1quina de microagujas de radiofrecuencia\" src=\"https:\/\/sc04.alicdn.com\/kf\/Hf9866e4cfd974860b77d5de20fa25727Z\/247315878\/Hf9866e4cfd974860b77d5de20fa25727Z.png\" alt=\"M\u00e1quina de microagujas de radiofrecuencia\" width=\"505\" height=\"427\" data-src=\"\/\/sc04.alicdn.com\/kf\/Hf9866e4cfd974860b77d5de20fa25727Z\/247315878\/Hf9866e4cfd974860b77d5de20fa25727Z.png\" \/><\/h3>\n<h3>Presupuesto<\/h3>\n<ul>\n<li><strong>Nombre<\/strong>:M\u00e1quina de microagujas RF 2 en 1<\/li>\n<li><strong>Pantalla t\u00e1ctil<\/strong>:15 pulgadas<\/li>\n<li><strong>Servicio OEM<\/strong>: Apoyo<\/li>\n<li><strong>Tecnolog\u00eda<\/strong>: Microagujas RF Fraccionadas<\/li>\n<li><strong>Sonda de terapia<\/strong>: 12P, 24P, 40P, Cabezal nanocristalino<\/li>\n<li><strong>Profundidad<\/strong>: 0,5-7 mm<\/li>\n<li><strong>Voltaje de funcionamiento<\/strong>:CA 110 V ~ 230 V \u00b1 101 TP3T, 50 Hz ~ 60 Hz<\/li>\n<li><strong>Frecuencia de salida<\/strong>:4 MHz<\/li>\n<li><strong>Fuerza<\/strong>:10-300 W<\/li>\n<li><strong>Tama\u00f1o de la caja de aire<\/strong>: 40\u00d743\u00d742cm<\/li>\n<\/ul>\n<h3>Principio de funcionamiento<\/h3>\n<p>El <strong>Profundidad de cristalito 8<\/strong> Utiliza un tratamiento fraccional m\u00ednimamente invasivo que combina microagujas y energ\u00eda de radiofrecuencia. Controladas por un sistema electr\u00f3nico, las agujas aisladas penetran r\u00e1pidamente en la epidermis, emiten energ\u00eda de radiofrecuencia y salen de la piel. Este proceso crea peque\u00f1as heridas, lo que permite que los nutrientes penetren profundamente en la piel, lo que desencadena una respuesta de curaci\u00f3n natural. La energ\u00eda de radiofrecuencia estimula los efectos t\u00e9rmicos, lo que promueve la licuefacci\u00f3n de la grasa, la contracci\u00f3n del tejido y la producci\u00f3n de col\u00e1geno, lo que conduce a una reducci\u00f3n de la grasa, una piel m\u00e1s firme y una mejor textura de la piel. Esta tecnolog\u00eda tambi\u00e9n trata el acn\u00e9, reduce la secreci\u00f3n de grasa y afina los poros.<\/p>\n<table style=\"border-collapse: collapse; width: 100%;\">\n<tbody>\n<tr>\n<td style=\"width: 50%;\"><img loading=\"lazy\" decoding=\"async\" class=\"magic-17 aligncenter\" title=\"M\u00e1quina de microagujas de radiofrecuencia\" src=\"https:\/\/sc04.alicdn.com\/kf\/H95ccbac9a60f4c8586498e0782f2060fB\/247315878\/H95ccbac9a60f4c8586498e0782f2060fB.png\" alt=\"M\u00e1quina de microagujas de radiofrecuencia\" width=\"339\" height=\"594\" data-src=\"\/\/sc04.alicdn.com\/kf\/H95ccbac9a60f4c8586498e0782f2060fB\/247315878\/H95ccbac9a60f4c8586498e0782f2060fB.png\" \/><\/td>\n<td style=\"width: 50%;\"><img loading=\"lazy\" decoding=\"async\" class=\"magic-19 aligncenter\" title=\"M\u00e1quina de microagujas de radiofrecuencia\" src=\"https:\/\/sc04.alicdn.com\/kf\/H165673cfb9e743b5964d01cb5717ad90L\/247315878\/H165673cfb9e743b5964d01cb5717ad90L.png\" alt=\"M\u00e1quina de microagujas de radiofrecuencia\" width=\"750\" height=\"369\" data-src=\"\/\/sc04.alicdn.com\/kf\/H165673cfb9e743b5964d01cb5717ad90L\/247315878\/H165673cfb9e743b5964d01cb5717ad90L.png\" \/><\/p>\n<p><img loading=\"lazy\" decoding=\"async\" class=\"magic-21 aligncenter\" title=\"M\u00e1quina de microagujas de radiofrecuencia\" src=\"https:\/\/sc04.alicdn.com\/kf\/H8a032c794e554272bbc00740883563cbS\/247315878\/H8a032c794e554272bbc00740883563cbS.png\" alt=\"M\u00e1quina de microagujas de radiofrecuencia\" width=\"750\" height=\"658\" data-src=\"\/\/sc04.alicdn.com\/kf\/H8a032c794e554272bbc00740883563cbS\/247315878\/H8a032c794e554272bbc00740883563cbS.png\" \/><\/td>\n<\/tr>\n<\/tbody>\n<\/table>\n<h3><img loading=\"lazy\" decoding=\"async\" class=\"magic-23 aligncenter\" title=\"M\u00e1quina de microagujas de radiofrecuencia\" src=\"https:\/\/sc04.alicdn.com\/kf\/H67eb5df8f81d4cc38f6fd3d24188489bu\/247315878\/H67eb5df8f81d4cc38f6fd3d24188489bu.png\" alt=\"M\u00e1quina de microagujas de radiofrecuencia\" width=\"588\" height=\"348\" data-src=\"\/\/sc04.alicdn.com\/kf\/H67eb5df8f81d4cc38f6fd3d24188489bu\/247315878\/H67eb5df8f81d4cc38f6fd3d24188489bu.png\" \/><\/h3>\n<h3>Ventajas<\/h3>\n<ol>\n<li><strong>Dise\u00f1o de doble manija<\/strong>:Amplia gama de \u00e1reas de tratamiento.<\/li>\n<li><strong>Variedad de sondas<\/strong>:Incluye cabezales 12P, 24P, 40P y nanoprobetas, de un solo uso para higiene.<\/li>\n<li><strong>Tratamiento fraccional RF profundo<\/strong>:Penetra el tejido subcut\u00e1neo hasta 8 mm.<\/li>\n<li><strong>Profundidad ajustable<\/strong>:La profundidad var\u00eda de 0,5 a 7 mm para diferentes espesores de piel.<\/li>\n<li><strong>Tecnolog\u00eda RF en modo r\u00e1faga<\/strong>:Entrega energ\u00eda uniformemente en m\u00faltiples niveles.<\/li>\n<li><strong>Sondas aisladas<\/strong>:Las agujas ultra afiladas, ba\u00f1adas en oro y con dise\u00f1o de cono minimizan el da\u00f1o epid\u00e9rmico.<\/li>\n<\/ol>\n<h3>Aplicaciones<\/h3>\n<ol>\n<li><strong>Eliminaci\u00f3n de arrugas<\/strong>:Trata las l\u00edneas finas, las patas de gallo, las l\u00edneas de la frente y las l\u00edneas del cuello.<\/li>\n<li><strong>Rejuvenecimiento facial<\/strong>:Mejora la regeneraci\u00f3n, firmeza y elasticidad de la piel.<\/li>\n<li><strong>Remodelaci\u00f3n de grasa y col\u00e1geno<\/strong>:Mejora la celulitis, las estr\u00edas y la textura de la piel.<\/li>\n<li><strong>Reparaci\u00f3n posparto<\/strong>:Reduce las estr\u00edas y las marcas de hinchaz\u00f3n en el abdomen, los gl\u00fateos y las piernas.<\/li>\n<li><strong>Rejuvenecimiento de la piel<\/strong>:Uniforme la piel \u00e1spera, ilumina la piel opaca y reduce los poros dilatados.<\/li>\n<li><strong>Eliminaci\u00f3n de cicatrices<\/strong>:Trata las cicatrices del acn\u00e9, las cicatrices de quemaduras y otras imperfecciones de la piel.<\/li>\n<li><strong>Tratamiento del acn\u00e9<\/strong>:Eficaz para la reducci\u00f3n activa del acn\u00e9.<\/li>\n<li><strong>Desodorizaci\u00f3n<\/strong>:Trata el mal olor de las axilas y la hiperhidrosis.<\/li>\n<li><strong>Mantenimiento regular de la piel<\/strong>:Mantiene una piel sana y joven.<\/li>\n<\/ol>\n<h3>Beneficios<\/h3>\n<ul>\n<li><strong>Tratamiento integral de la piel<\/strong>:Ofrece una amplia gama de soluciones de rejuvenecimiento de la piel y antienvejecimiento.<\/li>\n<li><strong>Tecnolog\u00eda avanzada<\/strong>:Utiliza RF y microagujas para un tratamiento eficaz y profundo del tejido.<\/li>\n<li><strong>Tratamientos personalizables<\/strong>:Profundidad de aguja ajustable y varias sondas para tratamientos personalizados.<\/li>\n<li><strong>M\u00ednimamente invasivo<\/strong>:Reduce el tiempo de inactividad y minimiza el da\u00f1o a la piel.<\/li>\n<li><strong>Seguridad mejorada<\/strong>:Las agujas aisladas y ultra afiladas garantizan procedimientos seguros y efectivos.<\/li>\n<\/ul>\n<\/div>\n<\/div>\n<\/div>\n<div class=\"J_module\">\n<div class=\"detail-decorate-json-renderer-container\">\n<div class=\"magic-1\">\n<div class=\"magic-4\"><\/div>\n<\/div>\n<\/div>\n<\/div>\n<div class=\"J_module\">\n<div class=\"icbu-pc-images magic-8\">\n<div>\n<div class=\"flex-layout-v\">\n<div class=\"flex-layout-h magic-8\">\n<div class=\"magic-28\"><img loading=\"lazy\" decoding=\"async\" class=\"magic-29 aligncenter\" title=\"M\u00e1quina de microagujas de radiofrecuencia\" src=\"https:\/\/sc04.alicdn.com\/kf\/H7a66cc85d3b8480dbc9cd509d926d30fe\/247315878\/H7a66cc85d3b8480dbc9cd509d926d30fe.png\" alt=\"M\u00e1quina de microagujas de radiofrecuencia\" width=\"518\" height=\"326\" data-src=\"\/\/sc04.alicdn.com\/kf\/H7a66cc85d3b8480dbc9cd509d926d30fe\/247315878\/H7a66cc85d3b8480dbc9cd509d926d30fe.png\" \/><\/div>\n<\/div>\n<\/div>\n<\/div>\n<\/div>\n<\/div>\n<div class=\"J_module\">\n<div class=\"icbu-pc-images magic-8\">\n<div class=\"flex-layout-v\">\n<div class=\"flex-layout-h magic-8\">\n<div class=\"magic-30\">\n<h3><strong>Personalizar El Logotipo De<\/strong><\/h3>\n<p>Queremos hacer de su marca se destaque? Ofrecemos logotipo modificado para requisitos particulares de los servicios que te ayudar\u00e1n a crear un entorno \u00fanico y personalizado logotipo que refleja la identidad de su marca. Nuestro equipo de expertos trabajar\u00e1 estrechamente con usted para dise\u00f1ar un logotipo que resuena con los valores de tu marca y de mensajer\u00eda. Si usted est\u00e1 buscando para renovar su logotipo existente o crear uno nuevo desde cero, lo tenemos cubierto. <a href=\"\/es\/contacto\/\">P\u00f3ngase en contacto con nosotros<\/a> hoy para aprender m\u00e1s acerca de nuestro logotipo modificado para requisitos particulares de los servicios!<\/p>\n<\/div>\n<\/div>\n<\/div>\n<\/div>\n<\/div>","protected":false},"excerpt":{"rendered":"<p><span class=\"magic-7\" style=\"font-family: Arial;\">Crystallite Depth 8, tambi\u00e9n conocido como el instrumento de belleza Gold RF Crystallite Depth 8, Crystallite Depth 8 es un nuevo instrumento de belleza de la piel m\u00ednimamente invasivo de alta gama, que combina un dispositivo de tecnolog\u00eda de matriz de puntos + microagujas aisladas RF. El dispositivo est\u00e1 equipado con 4 configuraciones de sonda intercambiables diferentes (12p, 24p, 40p, nanosonda), y el sistema se puede ajustar libremente para configurar el cabezal de cristal aislado para que penetre en la piel del tejido objetivo a diferentes profundidades (entre 0,5 y 7 mm), proporcionando un tratamiento m\u00ednimamente invasivo para la remodelaci\u00f3n profunda del tejido adiposo subcut\u00e1neo de 8 mm y un efecto t\u00e9rmico que penetra en el tejido subcut\u00e1neo hasta 7 mm + una profundidad adicional de 1 mm. Dise\u00f1ado para remodelar el col\u00e1geno y coagular el tejido adiposo.<\/span><\/p>","protected":false},"featured_media":2351,"comment_status":"open","ping_status":"closed","template":"","meta":{"_kad_post_transparent":"default","_kad_post_title":"","_kad_post_layout":"default","_kad_post_sidebar_id":"","_kad_post_content_style":"default","_kad_post_vertical_padding":"default","_kad_post_feature":"","_kad_post_feature_position":"","_kad_post_header":false,"_kad_post_footer":false,"_kad_post_classname":"","rank_math_title":"","rank_math_description":"","rank_math_focus_keyword":""},"product_brand":[],"product_cat":[30],"product_tag":[],"class_list":{"0":"post-2350","1":"product","2":"type-product","3":"status-publish","4":"has-post-thumbnail","6":"product_cat-microneedle","8":"first","9":"instock","10":"shipping-taxable","11":"product-type-simple","12":"entry","13":"content-bg","14":"loop-entry"},"_links":{"self":[{"href":"https:\/\/skbty.com\/es\/wp-json\/wp\/v2\/product\/2350","targetHints":{"allow":["GET"]}}],"collection":[{"href":"https:\/\/skbty.com\/es\/wp-json\/wp\/v2\/product"}],"about":[{"href":"https:\/\/skbty.com\/es\/wp-json\/wp\/v2\/types\/product"}],"replies":[{"embeddable":true,"href":"https:\/\/skbty.com\/es\/wp-json\/wp\/v2\/comments?post=2350"}],"wp:featuredmedia":[{"embeddable":true,"href":"https:\/\/skbty.com\/es\/wp-json\/wp\/v2\/media\/2351"}],"wp:attachment":[{"href":"https:\/\/skbty.com\/es\/wp-json\/wp\/v2\/media?parent=2350"}],"wp:term":[{"taxonomy":"product_brand","embeddable":true,"href":"https:\/\/skbty.com\/es\/wp-json\/wp\/v2\/product_brand?post=2350"},{"taxonomy":"product_cat","embeddable":true,"href":"https:\/\/skbty.com\/es\/wp-json\/wp\/v2\/product_cat?post=2350"},{"taxonomy":"product_tag","embeddable":true,"href":"https:\/\/skbty.com\/es\/wp-json\/wp\/v2\/product_tag?post=2350"}],"curies":[{"name":"WP","href":"https:\/\/api.w.org\/{rel}","templated":true}]}}