{"id":2365,"date":"2024-01-08T16:39:32","date_gmt":"2024-01-08T08:39:32","guid":{"rendered":"https:\/\/skbty.com\/?post_type=product&#038;p=2365"},"modified":"2024-06-20T16:37:57","modified_gmt":"2024-06-20T08:37:57","slug":"analizador-de-piel-facial-3d-de-133-pulgadas","status":"publish","type":"product","link":"https:\/\/skbty.com\/es\/producto\/analizador-de-piel-facial-3d-de-133-pulgadas\/","title":{"rendered":"Analizador de piel facial 3D de 13,3 pulgadas"},"content":{"rendered":"<div class=\"J_module\"><\/div>\n<div class=\"J_module\">\n<div class=\"detail-decorate-json-renderer-container\">\n<div class=\"magic-6\">\n<div class=\"magic-7\">\n<div class=\"magic-8\">\n<div>\n<h3>\u00bfQu\u00e9 es el 3D? <strong>\u00bfAnalizador de piel facial?<\/strong><\/h3>\n<p>El 3D <strong>Analizador de piel facial<\/strong> es un dispositivo port\u00e1til de \u00faltima generaci\u00f3n dise\u00f1ado para realizar un an\u00e1lisis integral de la piel. Mediante el uso de tecnolog\u00edas avanzadas como el escaneo facial en 3D, el reconocimiento facial con inteligencia artificial y el aprendizaje profundo, este dispositivo eval\u00faa con precisi\u00f3n las condiciones de la piel para proporcionar una base cient\u00edfica para el manejo personalizado del cuidado de la piel.<\/p>\n<h3><img loading=\"lazy\" decoding=\"async\" class=\"magic-15 aligncenter\" title=\"Analizador de piel facial\" src=\"https:\/\/sc04.alicdn.com\/kf\/H574aefb44f984ee9b4230c799b4235eez\/247315878\/H574aefb44f984ee9b4230c799b4235eez.png\" alt=\"Analizador de piel facial\" width=\"531\" height=\"397\" data-src=\"\/\/sc04.alicdn.com\/kf\/H574aefb44f984ee9b4230c799b4235eez\/247315878\/H574aefb44f984ee9b4230c799b4235eez.png\" \/><\/h3>\n<h3>Presupuesto<\/h3>\n<ul>\n<li><strong>Nombre<\/strong>:Analizador de piel facial 3D<\/li>\n<li><strong>Tipo<\/strong>:Port\u00e1til<\/li>\n<li><strong>Funci\u00f3n<\/strong>: An\u00e1lisis de arrugas de la piel, an\u00e1lisis de pigmentaci\u00f3n, an\u00e1lisis de acn\u00e9, detecci\u00f3n de humedad de la piel.<\/li>\n<li><strong>Mostrar<\/strong>: 13,3 pulgadas<\/li>\n<li><strong>Aporte<\/strong>:CA 100\/240 V 50\/60 Hz<\/li>\n<li><strong>Fuerza<\/strong>: 0-100 W<\/li>\n<li><strong>Corriente nominal<\/strong>:1A<\/li>\n<li><strong>Servicio OEM<\/strong>: Apoyo<\/li>\n<\/ul>\n<h3>Principio de funcionamiento<\/h3>\n<p>El 3D <strong>Analizador de piel facial<\/strong> Utiliza 36 millones de p\u00edxeles de alta definici\u00f3n para capturar im\u00e1genes de la piel del rostro. Emplea 8 tecnolog\u00edas de im\u00e1genes espectrales, reconocimiento facial con IA, aprendizaje profundo, simulaci\u00f3n 3D y computaci\u00f3n en la nube para analizar cuantitativamente patolog\u00edas superficiales y profundas de la piel. Este dispositivo detecta 14 indicadores de salud de la piel, lo que proporciona una evaluaci\u00f3n integral de las condiciones de la piel para un manejo preciso de la misma.<\/p>\n<h3><img loading=\"lazy\" decoding=\"async\" class=\"magic-20 aligncenter\" title=\"Analizador de piel facial\" src=\"https:\/\/sc04.alicdn.com\/kf\/H34a4d9d9a1e34a31ba97df47073ae67eS\/247315878\/H34a4d9d9a1e34a31ba97df47073ae67eS.png\" alt=\"Analizador de piel facial\" width=\"561\" height=\"560\" data-src=\"\/\/sc04.alicdn.com\/kf\/H34a4d9d9a1e34a31ba97df47073ae67eS\/247315878\/H34a4d9d9a1e34a31ba97df47073ae67eS.png\" \/><\/h3>\n<h3>Diez m\u00f3dulos<\/h3>\n<ol>\n<li><strong>M\u00f3dulo de gesti\u00f3n de archivos<\/strong><\/li>\n<li><strong>M\u00f3dulos de computaci\u00f3n en la nube y almacenamiento en la nube<\/strong><\/li>\n<li><strong>M\u00f3dulos de an\u00e1lisis cuantitativo superficial y profundo<\/strong><\/li>\n<li><strong>M\u00f3dulo de predicci\u00f3n de la piel<\/strong><\/li>\n<li><strong>M\u00f3dulo de simulaci\u00f3n 3D<\/strong><\/li>\n<li><strong>M\u00f3dulo de piel problem\u00e1tica<\/strong><\/li>\n<li><strong>M\u00f3dulo de an\u00e1lisis comparativo<\/strong><\/li>\n<li><strong>M\u00f3dulo de Informe Integrado<\/strong><\/li>\n<li><strong>M\u00f3dulo de soluci\u00f3n<\/strong><\/li>\n<li><strong>M\u00f3dulo de personalizaci\u00f3n VIP<\/strong><\/li>\n<\/ol>\n<h3>Caracter\u00edsticas<\/h3>\n<ol>\n<li><strong>Supercomputaci\u00f3n en la nube<\/strong>:Proporciona una velocidad de an\u00e1lisis sin precedentes.<\/li>\n<li><strong>Datos objetivos y precisos<\/strong>: Proporciona un an\u00e1lisis preciso de la piel.<\/li>\n<li><strong>C\u00e1maras HD<\/strong>:Las c\u00e1maras de grado industrial garantizan una calidad de imagen de alta definici\u00f3n.<\/li>\n<li><strong>Reconocimiento facial<\/strong>:Delinea autom\u00e1ticamente el rostro para un an\u00e1lisis que ahorra tiempo.<\/li>\n<li><strong>Aprendizaje profundo inteligente<\/strong>:Actualizaciones continuas y precisi\u00f3n de datos mejorada.<\/li>\n<li><strong>Almacenamiento en la nube<\/strong>:Capacidad ilimitada para almacenamiento de datos.<\/li>\n<li><strong>Gesti\u00f3n de m\u00faltiples cuentas<\/strong>:Admite m\u00faltiples cuentas de usuario.<\/li>\n<\/ol>\n<h3><img loading=\"lazy\" decoding=\"async\" class=\"magic-24 aligncenter\" title=\"Analizador de piel facial\" src=\"https:\/\/sc04.alicdn.com\/kf\/H70a26c09279a4c80a559345bab1eac1dP\/247315878\/H70a26c09279a4c80a559345bab1eac1dP.png\" alt=\"Analizador de piel facial\" width=\"697\" height=\"447\" data-src=\"\/\/sc04.alicdn.com\/kf\/H70a26c09279a4c80a559345bab1eac1dP\/247315878\/H70a26c09279a4c80a559345bab1eac1dP.png\" \/><\/h3>\n<h3>Aplicaciones<\/h3>\n<ol>\n<li><strong>Irregularidades de la piel<\/strong>:Detecta pecas, da\u00f1os solares y problemas vasculares en la superficie de la piel.<\/li>\n<li><strong>Arrugas<\/strong>:Identifica las arrugas, favoreciendo la producci\u00f3n de col\u00e1geno y elastina.<\/li>\n<li><strong>Textura<\/strong>:Analiza la textura de la piel, resaltando las zonas elevadas y hundidas.<\/li>\n<li><strong>Poros<\/strong>:Eval\u00faa la distribuci\u00f3n de los poros y sugiere tratamientos para reducir los granos.<\/li>\n<li><strong>Manchas UV<\/strong>:Detecta da\u00f1os solares y manchas en varias capas de la piel.<\/li>\n<li><strong>Decoloraci\u00f3n de la piel<\/strong>:Identifica sombras, pigmentaci\u00f3n y problemas generales del tono de la piel.<\/li>\n<li><strong>\u00c1rea vascular<\/strong>:Detecta enrojecimiento por capilares rotos, inflamaci\u00f3n o acn\u00e9.<\/li>\n<li><strong>Bacterias y aceites<\/strong>:Analiza las bacterias y el aceite naturales de la piel y sugiere tratamientos de limpieza.<\/li>\n<\/ol>\n<h3><img loading=\"lazy\" decoding=\"async\" class=\"magic-26 aligncenter\" title=\"Analizador de piel facial\" src=\"https:\/\/sc04.alicdn.com\/kf\/He939f08b8df343019642a2069afb6030Y\/247315878\/He939f08b8df343019642a2069afb6030Y.png\" alt=\"Analizador de piel facial\" width=\"601\" height=\"1047\" data-src=\"\/\/sc04.alicdn.com\/kf\/He939f08b8df343019642a2069afb6030Y\/247315878\/He939f08b8df343019642a2069afb6030Y.png\" \/><\/h3>\n<h3>Beneficios<\/h3>\n<ul>\n<li><strong>An\u00e1lisis completo de la piel<\/strong>:Proporciona informaci\u00f3n detallada sobre la salud de la piel para un cuidado personalizado.<\/li>\n<li><strong>Tecnolog\u00eda avanzada<\/strong>:Utiliza inteligencia artificial, aprendizaje profundo y simulaci\u00f3n 3D para un an\u00e1lisis preciso.<\/li>\n<li><strong>F\u00e1cil de usar<\/strong>:Cuenta con una gran pantalla t\u00e1ctil y una interfaz f\u00e1cil de usar.<\/li>\n<li><strong>Eficiente en el tiempo<\/strong>:An\u00e1lisis r\u00e1pido y preciso con reconocimiento facial automatizado.<\/li>\n<li><strong>Almacenamiento basado en la nube<\/strong>:Garantiza que los datos se almacenen de forma segura y sean f\u00e1cilmente accesibles.<\/li>\n<\/ul>\n<\/div>\n<div class=\"magic-9\">\n<div>\n<h3><strong>Personalizar El Logotipo De<\/strong><\/h3>\n<p>Queremos hacer de su marca se destaque? Ofrecemos logotipo modificado para requisitos particulares de los servicios que te ayudar\u00e1n a crear un entorno \u00fanico y personalizado logotipo que refleja la identidad de su marca. Nuestro equipo de expertos trabajar\u00e1 estrechamente con usted para dise\u00f1ar un logotipo que resuena con los valores de tu marca y de mensajer\u00eda. Si usted est\u00e1 buscando para renovar su logotipo existente o crear uno nuevo desde cero, lo tenemos cubierto. <a href=\"\/es\/contacto\/\">P\u00f3ngase en contacto con nosotros<\/a> hoy para aprender m\u00e1s acerca de nuestro logotipo modificado para requisitos particulares de los servicios!<\/p>\n<\/div>\n<\/div>\n<\/div>\n<\/div>\n<\/div>\n<\/div>\n<\/div>\n<div class=\"J_module\">\n<div class=\"detail-decorate-json-renderer-container\">\n<div class=\"magic-6\">\n<div class=\"magic-7\">\n<div class=\"magic-8\"><\/div>\n<\/div>\n<\/div>\n<\/div>\n<\/div>","protected":false},"excerpt":{"rendered":"<p><span class=\"magic-18\" style=\"font-family: Arial;\">A trav\u00e9s de 36 millones de p\u00edxeles de alta definici\u00f3n para obtener im\u00e1genes de las condiciones de la piel del rostro, utilizando 8 tipos de tecnolog\u00eda de im\u00e1genes espectrales, tecnolog\u00eda de reconocimiento facial con IA, tecnolog\u00eda de aprendizaje profundo, tecnolog\u00eda de simulaci\u00f3n 3D, almacenamiento en la nube de computaci\u00f3n en la nube, an\u00e1lisis cuantitativo de la superficie de la piel y caracter\u00edsticas patol\u00f3gicas de la piel profunda, detecci\u00f3n de 14 indicadores de salud de la piel. An\u00e1lisis y evaluaci\u00f3n integrales de los problemas de la piel, basados en una base razonable para el manejo cient\u00edfico y preciso de la piel.<\/span><\/p>","protected":false},"featured_media":2366,"comment_status":"open","ping_status":"closed","template":"","meta":{"_kad_post_transparent":"default","_kad_post_title":"","_kad_post_layout":"default","_kad_post_sidebar_id":"","_kad_post_content_style":"default","_kad_post_vertical_padding":"default","_kad_post_feature":"","_kad_post_feature_position":"","_kad_post_header":false,"_kad_post_footer":false,"_kad_post_classname":"","rank_math_title":"","rank_math_description":"","rank_math_focus_keyword":""},"product_brand":[],"product_cat":[32],"product_tag":[],"class_list":{"0":"post-2365","1":"product","2":"type-product","3":"status-publish","4":"has-post-thumbnail","6":"product_cat-skin-analyzer","8":"first","9":"instock","10":"shipping-taxable","11":"product-type-simple","12":"entry","13":"content-bg","14":"loop-entry"},"_links":{"self":[{"href":"https:\/\/skbty.com\/es\/wp-json\/wp\/v2\/product\/2365","targetHints":{"allow":["GET"]}}],"collection":[{"href":"https:\/\/skbty.com\/es\/wp-json\/wp\/v2\/product"}],"about":[{"href":"https:\/\/skbty.com\/es\/wp-json\/wp\/v2\/types\/product"}],"replies":[{"embeddable":true,"href":"https:\/\/skbty.com\/es\/wp-json\/wp\/v2\/comments?post=2365"}],"wp:featuredmedia":[{"embeddable":true,"href":"https:\/\/skbty.com\/es\/wp-json\/wp\/v2\/media\/2366"}],"wp:attachment":[{"href":"https:\/\/skbty.com\/es\/wp-json\/wp\/v2\/media?parent=2365"}],"wp:term":[{"taxonomy":"product_brand","embeddable":true,"href":"https:\/\/skbty.com\/es\/wp-json\/wp\/v2\/product_brand?post=2365"},{"taxonomy":"product_cat","embeddable":true,"href":"https:\/\/skbty.com\/es\/wp-json\/wp\/v2\/product_cat?post=2365"},{"taxonomy":"product_tag","embeddable":true,"href":"https:\/\/skbty.com\/es\/wp-json\/wp\/v2\/product_tag?post=2365"}],"curies":[{"name":"WP","href":"https:\/\/api.w.org\/{rel}","templated":true}]}}