{"id":2381,"date":"2024-01-08T17:16:03","date_gmt":"2024-01-08T09:16:03","guid":{"rendered":"https:\/\/skbty.com\/?post_type=product&#038;p=2381"},"modified":"2024-06-20T16:19:27","modified_gmt":"2024-06-20T08:19:27","slug":"estimulador-muscular-electrico-de-16-manijas-maquina-de-modelado-corporal-ems","status":"publish","type":"product","link":"https:\/\/skbty.com\/es\/producto\/estimulador-muscular-electrico-de-16-manijas-maquina-de-modelado-corporal-ems\/","title":{"rendered":"M\u00e1quina de estimulaci\u00f3n muscular EMS para esculpir el cuerpo con 16 asas"},"content":{"rendered":"<div class=\"J_module\">\n<div class=\"detail-decorate-json-renderer-container\">\n<div class=\"magic-1\">\n<h3>\u00bfQu\u00e9 es el? <strong>\u00bfM\u00e1quina EMS para esculpir el cuerpo?<\/strong><\/h3>\n<p><strong>M\u00e1quina EMS para esculpir el cuerpo<\/strong> es un dispositivo de modelado muscular personalizado dise\u00f1ado para mejorar el tono muscular, reducir la grasa y mejorar el contorno corporal general. Con su tecnolog\u00eda EMS avanzada, esta m\u00e1quina estimula las contracciones musculares mediante pulsos el\u00e9ctricos, lo que ofrece un modelado corporal eficaz y no invasivo.<\/p>\n<p><img loading=\"lazy\" decoding=\"async\" class=\"magic-17 aligncenter\" title=\"M\u00e1quina EMS para esculpir el cuerpo\" src=\"https:\/\/sc04.alicdn.com\/kf\/Hb95adc868ae64bb1b012d7b9650f3e117\/247315878\/Hb95adc868ae64bb1b012d7b9650f3e117.png\" alt=\"M\u00e1quina EMS para esculpir el cuerpo\" width=\"558\" height=\"468\" data-src=\"\/\/sc04.alicdn.com\/kf\/Hb95adc868ae64bb1b012d7b9650f3e117\/247315878\/Hb95adc868ae64bb1b012d7b9650f3e117.png\" \/><\/p>\n<h3><img loading=\"lazy\" decoding=\"async\" class=\"magic-15 aligncenter\" title=\"M\u00e1quina EMS para esculpir el cuerpo\" src=\"https:\/\/sc04.alicdn.com\/kf\/H8d68ab09258b42dea31288da0ef4e43dQ\/247315878\/H8d68ab09258b42dea31288da0ef4e43dQ.png\" alt=\"M\u00e1quina EMS para esculpir el cuerpo\" width=\"513\" height=\"407\" data-src=\"\/\/sc04.alicdn.com\/kf\/H8d68ab09258b42dea31288da0ef4e43dQ\/247315878\/H8d68ab09258b42dea31288da0ef4e43dQ.png\" \/><\/h3>\n<h3>Presupuesto<\/h3>\n<ul>\n<li><strong>Nombre del producto<\/strong>:M\u00e1quina EMS para esculpir el cuerpo<\/li>\n<li><strong>Pantalla de visualizaci\u00f3n<\/strong>: Pantalla t\u00e1ctil de 10,4 pulgadas<\/li>\n<li><strong>Voltaje<\/strong>:CA 110 V\/220 V<\/li>\n<li><strong>Tama\u00f1o de la caja de aire<\/strong>: 65\u00d745\u00d769 cm<\/li>\n<li><strong>Peso bruto<\/strong>:Alrededor de 28 kg<\/li>\n<li><strong>Tecnolog\u00eda<\/strong>:Pulsos el\u00e9ctricos EMS<\/li>\n<\/ul>\n<h3>Principio de funcionamiento<\/h3>\n<p>El <strong>M\u00e1quina EMS para esculpir el cuerpo<\/strong> Funciona mediante la liberaci\u00f3n de energ\u00eda de pulsos el\u00e9ctricos de alta intensidad a trav\u00e9s de mangos de electrodos. Estos pulsos estimulan directamente los m\u00fasculos profundos, lo que desencadena contracciones musculares r\u00e1pidas y continuas. Este proceso aumenta la tensi\u00f3n, la masa y la fuerza muscular, al mismo tiempo que promueve el crecimiento muscular y la reducci\u00f3n de grasa. Los mangos y parches de gel exclusivos de la m\u00e1quina garantizan que la energ\u00eda se distribuya de manera eficiente, imitando los potenciales de acci\u00f3n naturales iniciados por el sistema nervioso.<\/p>\n<h3><img loading=\"lazy\" decoding=\"async\" class=\"magic-10 aligncenter\" title=\"M\u00e1quina EMS para esculpir el cuerpo\" src=\"https:\/\/sc04.alicdn.com\/kf\/Ha10207a26ec245d4b98b884e0370563bV\/247315878\/Ha10207a26ec245d4b98b884e0370563bV.png\" alt=\"M\u00e1quina EMS para esculpir el cuerpo\" width=\"582\" height=\"372\" data-src=\"\/\/sc04.alicdn.com\/kf\/Ha10207a26ec245d4b98b884e0370563bV\/247315878\/Ha10207a26ec245d4b98b884e0370563bV.png\" \/><\/h3>\n<h3>Funciones<\/h3>\n<ol>\n<li><strong>Modelado corporal<\/strong>:Mejora los contornos generales del cuerpo.<\/li>\n<li><strong>Reducci\u00f3n de grasa<\/strong>:Elimina las c\u00e9lulas grasas rebeldes y la papada.<\/li>\n<li><strong>Lifting y reafirmaci\u00f3n de la piel<\/strong>: Tensa y reafirma la piel.<\/li>\n<li><strong>Regeneraci\u00f3n de col\u00e1geno<\/strong>:Promueve la producci\u00f3n de col\u00e1geno.<\/li>\n<li><strong>Contorno facial mejorado<\/strong>:Mejora el contorno facial y la definici\u00f3n de la mand\u00edbula.<\/li>\n<\/ol>\n<h3>Ventajas<\/h3>\n<ol>\n<li><strong>No invasivo y c\u00f3modo<\/strong>:Tratamiento seguro, no invasivo y con una experiencia c\u00f3moda.<\/li>\n<li><strong>Eficiente y r\u00e1pido<\/strong>:Ofrece resultados m\u00e1s r\u00e1pidos y efectivos.<\/li>\n<li><strong>Ahorro de tiempo<\/strong>:Los mangos m\u00faltiples permiten el tratamiento simult\u00e1neo de hasta ocho \u00e1reas.<\/li>\n<li><strong>Tratamientos personalizados<\/strong>:16 mangos ofrecen opciones para diferentes partes del cuerpo y grupos de m\u00fasculos.<\/li>\n<li><strong>Resultados efectivos<\/strong>:Aumenta la masa muscular en 30% y reduce la grasa en 25%.<\/li>\n<li><strong>F\u00e1cil operaci\u00f3n<\/strong>:F\u00e1cil de usar con modos autom\u00e1ticos y manuales.<\/li>\n<li><strong>Bucle inteligente<\/strong>:Cuenta con un modo autom\u00e1tico para bucle inteligente.<\/li>\n<li><strong>Bucle personalizado<\/strong>:Modo manual para control de energ\u00eda personalizado.<\/li>\n<\/ol>\n<h3>Aplicaciones<\/h3>\n<ul>\n<li><strong>Dar forma y tonificar los m\u00fasculos<\/strong>:Mejora la definici\u00f3n y el tono muscular.<\/li>\n<li><strong>Eliminar c\u00e9lulas grasas<\/strong>:Reduce la grasa rebelde y la papada.<\/li>\n<li><strong>Levanta y reafirma la piel<\/strong>:Mejora la firmeza y tirantez de la piel.<\/li>\n<li><strong>Aumentar la producci\u00f3n de col\u00e1geno<\/strong>:Mejora la regeneraci\u00f3n del col\u00e1geno para una piel m\u00e1s sana.<\/li>\n<li><strong>Mejora del contorno<\/strong>:Refina los contornos generales del rostro y del cuerpo.<\/li>\n<\/ul>\n<h3>Beneficios<\/h3>\n<ul>\n<li><strong>Contorno corporal integral<\/strong>:Trate varias \u00e1reas simult\u00e1neamente para un cuerpo m\u00e1s esculpido.<\/li>\n<li><strong>No invasivo<\/strong>:Seguro y c\u00f3modo, sin tiempo de inactividad.<\/li>\n<li><strong>Estimulaci\u00f3n muscular eficaz<\/strong>:Utiliza tecnolog\u00eda EMS avanzada para una contracci\u00f3n muscular efectiva y una reducci\u00f3n de grasa.<\/li>\n<li><strong>Tratamiento personalizado<\/strong>:Adapte la intensidad y el enfoque de los tratamientos a las necesidades individuales.<\/li>\n<\/ul>\n<h3><strong>Personalizar El Logotipo De<\/strong><\/h3>\n<p>Queremos hacer de su marca se destaque? Ofrecemos logotipo modificado para requisitos particulares de los servicios que te ayudar\u00e1n a crear un entorno \u00fanico y personalizado logotipo que refleja la identidad de su marca. Nuestro equipo de expertos trabajar\u00e1 estrechamente con usted para dise\u00f1ar un logotipo que resuena con los valores de tu marca y de mensajer\u00eda. Si usted est\u00e1 buscando para renovar su logotipo existente o crear uno nuevo desde cero, lo tenemos cubierto. <a href=\"\/es\/contacto\/\">P\u00f3ngase en contacto con nosotros<\/a> hoy para aprender m\u00e1s acerca de nuestro logotipo modificado para requisitos particulares de los servicios!<\/p>\n<\/div>\n<\/div>\n<\/div>","protected":false},"excerpt":{"rendered":"<p><span class=\"magic-7\" style=\"font-family: Arial;\">EMS es un dispositivo personalizado para moldear los m\u00fasculos. El dispositivo est\u00e1 compuesto por 4 cables con n\u00facleo de electrodos, cada uno de los cuales est\u00e1 compuesto por 4 mangos de electrodos, un total de 16 mangos de trabajo. Al colocar las manos sobre el cuerpo, puede tratar hasta ocho \u00e1reas a la vez. Con una variedad de configuraciones de intensidad y modos de tratamiento, el EMS Human Carving env\u00eda impulsos el\u00e9ctricos a trav\u00e9s de un mango colocado sobre la piel del m\u00fasculo, imitando los potenciales de acci\u00f3n iniciados por el sistema nervioso, lo que desencadena contracciones musculares r\u00edtmicas y estimula el metabolismo y la circulaci\u00f3n sangu\u00ednea. <\/span><\/p>","protected":false},"featured_media":2382,"comment_status":"open","ping_status":"closed","template":"","meta":{"_kad_post_transparent":"default","_kad_post_title":"","_kad_post_layout":"default","_kad_post_sidebar_id":"","_kad_post_content_style":"default","_kad_post_vertical_padding":"default","_kad_post_feature":"","_kad_post_feature_position":"","_kad_post_header":false,"_kad_post_footer":false,"_kad_post_classname":"","rank_math_title":"","rank_math_description":"","rank_math_focus_keyword":""},"product_brand":[],"product_cat":[31],"product_tag":[],"class_list":{"0":"post-2381","1":"product","2":"type-product","3":"status-publish","4":"has-post-thumbnail","6":"product_cat-body-slimming","8":"first","9":"instock","10":"shipping-taxable","11":"product-type-simple","12":"entry","13":"content-bg","14":"loop-entry"},"_links":{"self":[{"href":"https:\/\/skbty.com\/es\/wp-json\/wp\/v2\/product\/2381","targetHints":{"allow":["GET"]}}],"collection":[{"href":"https:\/\/skbty.com\/es\/wp-json\/wp\/v2\/product"}],"about":[{"href":"https:\/\/skbty.com\/es\/wp-json\/wp\/v2\/types\/product"}],"replies":[{"embeddable":true,"href":"https:\/\/skbty.com\/es\/wp-json\/wp\/v2\/comments?post=2381"}],"wp:featuredmedia":[{"embeddable":true,"href":"https:\/\/skbty.com\/es\/wp-json\/wp\/v2\/media\/2382"}],"wp:attachment":[{"href":"https:\/\/skbty.com\/es\/wp-json\/wp\/v2\/media?parent=2381"}],"wp:term":[{"taxonomy":"product_brand","embeddable":true,"href":"https:\/\/skbty.com\/es\/wp-json\/wp\/v2\/product_brand?post=2381"},{"taxonomy":"product_cat","embeddable":true,"href":"https:\/\/skbty.com\/es\/wp-json\/wp\/v2\/product_cat?post=2381"},{"taxonomy":"product_tag","embeddable":true,"href":"https:\/\/skbty.com\/es\/wp-json\/wp\/v2\/product_tag?post=2381"}],"curies":[{"name":"WP","href":"https:\/\/api.w.org\/{rel}","templated":true}]}}