{"id":2400,"date":"2024-01-11T17:51:00","date_gmt":"2024-01-11T09:51:00","guid":{"rendered":"https:\/\/skbty.com\/?post_type=product&#038;p=2400"},"modified":"2026-03-31T17:03:44","modified_gmt":"2026-03-31T09:03:44","slug":"maquina-de-belleza-facial-ret-face-ems-rf","status":"publish","type":"product","link":"https:\/\/skbty.com\/es\/producto\/maquina-de-belleza-facial-ret-face-ems-rf\/","title":{"rendered":"M\u00e1quina de belleza facial RF EMS RET-Face"},"content":{"rendered":"<div class=\"J_module\">\n<div class=\"detail-decorate-json-renderer-container\">\n<div class=\"magic-2\">\n<div class=\"magic-3\">\n<div class=\"magic-4\">\n<div class=\"magic-5\">\n<h3>\u00bfQu\u00e9 es el? <strong>\u00bfM\u00e1quina de belleza facial EMS RF?<\/strong><\/h3>\n<p>El <strong>M\u00e1quina de belleza facial EMS RF<\/strong> Utiliza energ\u00eda t\u00e9rmica sincronizada y tecnolog\u00eda magn\u00e9tica de pulsos de alta intensidad para mejorar el tratamiento de la piel y los m\u00fasculos del rostro. Este dispositivo avanzado combina energ\u00edas de RF y HI-EMS para lograr un estiramiento de la piel, reafirmaci\u00f3n, eliminaci\u00f3n de arrugas y tonificaci\u00f3n muscular efectivos.<\/p>\n<table style=\"border-collapse: collapse; width: 100%;\">\n<tbody>\n<tr>\n<td style=\"width: 50%;\"><img loading=\"lazy\" decoding=\"async\" class=\"magic-15 aligncenter\" title=\"M\u00e1quina de belleza facial EMS RF\" src=\"https:\/\/sc04.alicdn.com\/kf\/H56243138d7944e57b9992e9fd42209c2W\/247315878\/H56243138d7944e57b9992e9fd42209c2W.png\" alt=\"M\u00e1quina de belleza facial EMS RF\" width=\"401\" height=\"326\" data-src=\"\/\/sc04.alicdn.com\/kf\/H56243138d7944e57b9992e9fd42209c2W\/247315878\/H56243138d7944e57b9992e9fd42209c2W.png\" \/><\/td>\n<td style=\"width: 50%;\"><img loading=\"lazy\" decoding=\"async\" class=\"magic-26 aligncenter\" title=\"M\u00e1quina de belleza facial EMS RF\" src=\"https:\/\/sc04.alicdn.com\/kf\/H5703c3be9f9c481a9159d56615913d2a3\/247315878\/H5703c3be9f9c481a9159d56615913d2a3.png\" alt=\"M\u00e1quina de belleza facial EMS RF\" width=\"415\" height=\"329\" data-src=\"\/\/sc04.alicdn.com\/kf\/H5703c3be9f9c481a9159d56615913d2a3\/247315878\/H5703c3be9f9c481a9159d56615913d2a3.png\" \/><\/td>\n<\/tr>\n<\/tbody>\n<\/table>\n<h3>Presupuesto<\/h3>\n<ul>\n<li><strong>Nombre<\/strong>:M\u00e1quina de belleza facial EMS RF<\/li>\n<li><strong>Mango de operaci\u00f3n<\/strong>:6 parches<\/li>\n<li><strong>Fuerza<\/strong>: 100-220 V, 50\/60 Hz<\/li>\n<li><strong>Energ\u00eda de ondas electromagn\u00e9ticas<\/strong>:0-1,8T<\/li>\n<li><strong>Mostrar<\/strong>: Pantalla t\u00e1ctil de 15,6 pulgadas<\/li>\n<li><strong>Frecuencia de RF<\/strong>: 1M<\/li>\n<li><strong>Legumbres<\/strong>: 200\u03bcs (microsegundo)<\/li>\n<li><strong>Energ\u00eda el\u00e9ctrica<\/strong>: 40 mA<\/li>\n<li><strong>Tama\u00f1o del chasis<\/strong>: 57\u00d737,6\u00d790 cm<\/li>\n<li><strong>Tama\u00f1o de la caja de aire<\/strong>: 66x60x114 cm<\/li>\n<li><strong>Peso del embalaje<\/strong>:84 kilos<\/li>\n<\/ul>\n<h3>Principio de funcionamiento<\/h3>\n<p>El <strong>M\u00e1quina de belleza facial EMS RF<\/strong> Funciona mediante el uso de energ\u00eda t\u00e9rmica sincronizada para calentar la dermis, lo que aumenta la producci\u00f3n de col\u00e1geno para restaurar la elasticidad de la piel y eliminar las arrugas. La tecnolog\u00eda magn\u00e9tica de pulso de alta intensidad estimula las contracciones musculares, mejorando selectivamente la intensidad y la calidad muscular. Este enfoque de doble acci\u00f3n logra el estiramiento y la reafirmaci\u00f3n de la piel y la eliminaci\u00f3n de arrugas, al mismo tiempo que regenera la piel y mejora el tono muscular.<\/p>\n<table style=\"border-collapse: collapse; width: 100%;\">\n<tbody>\n<tr>\n<td style=\"width: 50%;\"><img loading=\"lazy\" decoding=\"async\" class=\"magic-20 aligncenter\" title=\"M\u00e1quina de belleza facial EMS RF\" src=\"https:\/\/sc04.alicdn.com\/kf\/H97ca48af7e2e449e93693de755539863A\/247315878\/H97ca48af7e2e449e93693de755539863A.png\" alt=\"M\u00e1quina de belleza facial EMS RF\" width=\"400\" height=\"255\" data-src=\"\/\/sc04.alicdn.com\/kf\/H97ca48af7e2e449e93693de755539863A\/247315878\/H97ca48af7e2e449e93693de755539863A.png\" \/><\/td>\n<td style=\"width: 50%;\"><img loading=\"lazy\" decoding=\"async\" class=\"magic-22 alignnone\" title=\"M\u00e1quina de belleza facial EMS RF\" src=\"https:\/\/sc04.alicdn.com\/kf\/H8006c765200f4ab9a3b5105587d12ba0y\/247315878\/H8006c765200f4ab9a3b5105587d12ba0y.png\" alt=\"M\u00e1quina de belleza facial EMS RF\" width=\"541\" height=\"222\" data-src=\"\/\/sc04.alicdn.com\/kf\/H8006c765200f4ab9a3b5105587d12ba0y\/247315878\/H8006c765200f4ab9a3b5105587d12ba0y.png\" \/><\/td>\n<\/tr>\n<\/tbody>\n<\/table>\n<h3>Caracter\u00edsticas principales<\/h3>\n<ol>\n<li><strong>Lifting y reafirmaci\u00f3n de la piel<\/strong>:Mejora la firmeza y elasticidad de la piel.<\/li>\n<li><strong>Eliminaci\u00f3n de arrugas<\/strong>:Reduce la aparici\u00f3n de arrugas.<\/li>\n<li><strong>Levantamiento de m\u00fasculos<\/strong>:Aumenta el tono muscular y la elasticidad.<\/li>\n<li><strong>Regenerar elastina y col\u00e1geno<\/strong>:Aumenta la producci\u00f3n de prote\u00ednas esenciales de la piel.<\/li>\n<\/ol>\n<h3>Ventajas t\u00e9cnicas<\/h3>\n<ol>\n<li><strong>2 Terapias en un Procedimiento<\/strong>:Combina energ\u00edas sincronizadas de RF y HI-EMS para el tratamiento simult\u00e1neo de la piel y los m\u00fasculos del rostro.<\/li>\n<li><strong>No invasivo \/ Sin dolor \/ Sin agujas<\/strong>:Completamente no invasivo y sin tiempo de inactividad.<\/li>\n<li><strong>Tratamiento facial<\/strong>:Reduce las arrugas faciales, aumenta el tono y la densidad muscular, mejora el estiramiento facial, estimula el col\u00e1geno y duplica la producci\u00f3n de elastina.<\/li>\n<li><strong>Operaci\u00f3n manos libres<\/strong>:El procedimiento se ejecuta de forma independiente una vez colocados los aplicadores.<\/li>\n<li><strong>Tratamiento facial completo en 20 minutos<\/strong>:Tratamiento c\u00f3modo y de f\u00e1cil manejo que dura s\u00f3lo 20 minutos.<\/li>\n<\/ol>\n<table style=\"border-collapse: collapse; width: 100%; height: 30px;\">\n<tbody>\n<tr style=\"height: 30px;\">\n<td style=\"width: 50%; height: 30px;\"><img loading=\"lazy\" decoding=\"async\" class=\"magic-28 aligncenter\" title=\"M\u00e1quina de belleza facial EMS RF\" src=\"https:\/\/sc04.alicdn.com\/kf\/H3c4db5ae756141508bced991de1fbee8n\/247315878\/H3c4db5ae756141508bced991de1fbee8n.png\" alt=\"M\u00e1quina de belleza facial EMS RF\" width=\"390\" height=\"312\" data-src=\"\/\/sc04.alicdn.com\/kf\/H3c4db5ae756141508bced991de1fbee8n\/247315878\/H3c4db5ae756141508bced991de1fbee8n.png\" \/><\/td>\n<td style=\"width: 50%; height: 30px;\"><img loading=\"lazy\" decoding=\"async\" class=\"magic-31 aligncenter\" title=\"M\u00e1quina de belleza facial EMS RF\" src=\"https:\/\/sc04.alicdn.com\/kf\/Hbd4cb5c0df234ea6a35231aa1a92e99bg\/247315878\/Hbd4cb5c0df234ea6a35231aa1a92e99bg.png\" alt=\"M\u00e1quina de belleza facial EMS RF\" width=\"453\" height=\"336\" data-src=\"\/\/sc04.alicdn.com\/kf\/Hbd4cb5c0df234ea6a35231aa1a92e99bg\/247315878\/Hbd4cb5c0df234ea6a35231aa1a92e99bg.png\" \/><\/td>\n<\/tr>\n<\/tbody>\n<\/table>\n<h3>Aplicaciones<\/h3>\n<ul>\n<li><strong>Lifting y tensado de la piel<\/strong>:Logra una apariencia m\u00e1s firme y juvenil.<\/li>\n<li><strong>Eliminaci\u00f3n de arrugas<\/strong>:Suaviza las l\u00edneas finas y las arrugas.<\/li>\n<li><strong>Levantamiento de m\u00fasculos<\/strong>:Mejora el tono y la elasticidad de los m\u00fasculos faciales.<\/li>\n<li><strong>Regeneraci\u00f3n de col\u00e1geno y elastina<\/strong>:Mejora la estructura y la resistencia de la piel.<\/li>\n<\/ul>\n<h3>\u00a0Beneficios<\/h3>\n<ul>\n<li><strong>Tratamiento eficaz para la piel y los m\u00fasculos<\/strong>:Tratamiento simult\u00e1neo de piel y m\u00fasculos para un rejuvenecimiento facial integral.<\/li>\n<li><strong>C\u00f3modo y seguro<\/strong>:Procedimiento no invasivo, indoloro y sin tiempo de recuperaci\u00f3n.<\/li>\n<li><strong>Resultados r\u00e1pidos<\/strong>:Mejoras notables en s\u00f3lo 20 minutos por sesi\u00f3n.<\/li>\n<li><strong>Tono y elasticidad de la piel mejorados<\/strong>:Aumenta la producci\u00f3n de col\u00e1geno y elastina para una mejor calidad de la piel.<\/li>\n<\/ul>\n<\/div>\n<\/div>\n<\/div>\n<\/div>\n<\/div>\n<\/div>\n<div class=\"J_module\">\n<div class=\"detail-decorate-json-renderer-container\">\n<div class=\"magic-2\">\n<p><span style=\"font-family: 'Playfair Display', serif; font-size: 24px; font-weight: bold; text-transform: capitalize;\">Usando efectos<\/span><\/p>\n<p><img loading=\"lazy\" decoding=\"async\" class=\"magic-39 aligncenter\" title=\"M\u00e1quina de belleza facial EMS RF\" src=\"https:\/\/sc04.alicdn.com\/kf\/H7d7f15a834ba430c9084ba75d1c9bae3Z\/247315878\/H7d7f15a834ba430c9084ba75d1c9bae3Z.jpg\" alt=\"M\u00e1quina de belleza facial EMS RF\" width=\"550\" height=\"505\" data-src=\"\/\/sc04.alicdn.com\/kf\/H7d7f15a834ba430c9084ba75d1c9bae3Z\/247315878\/H7d7f15a834ba430c9084ba75d1c9bae3Z.jpg\" \/><\/p>\n<h3><strong>Personalizar El Logotipo De<\/strong><\/h3>\n<p>Queremos hacer de su marca se destaque? Ofrecemos logotipo modificado para requisitos particulares de los servicios que te ayudar\u00e1n a crear un entorno \u00fanico y personalizado logotipo que refleja la identidad de su marca. Nuestro equipo de expertos trabajar\u00e1 estrechamente con usted para dise\u00f1ar un logotipo que resuena con los valores de tu marca y de mensajer\u00eda. Si usted est\u00e1 buscando para renovar su logotipo existente o crear uno nuevo desde cero, lo tenemos cubierto. <a href=\"\/es\/contacto\/\">P\u00f3ngase en contacto con nosotros<\/a> hoy para aprender m\u00e1s acerca de nuestro logotipo modificado para requisitos particulares de los servicios!<\/p>\n<\/div>\n<\/div>\n<\/div>","protected":false},"excerpt":{"rendered":"<p>La energ\u00eda t\u00e9rmica sincronizada puede calentar la dermis y aumentar el col\u00e1geno para restaurar la elasticidad de la piel y eliminar las arrugas. Mientras que la tecnolog\u00eda de pulso magn\u00e9tico de alta intensidad puede estimular los m\u00fasculos y hacer que estos se contraigan de forma selectiva. Al aumentar la intensidad y la calidad de los m\u00fasculos, puede lograr el prop\u00f3sito de levantar y tensar la piel. Con energ\u00eda t\u00e9rmica y un pulso alto en una sola almohadilla, puede ayudar a levantar y reafirmar el rostro, eliminar las arrugas y regenerar la piel.<\/p>","protected":false},"featured_media":2401,"comment_status":"open","ping_status":"closed","template":"","meta":{"_kad_post_transparent":"default","_kad_post_title":"","_kad_post_layout":"default","_kad_post_sidebar_id":"","_kad_post_content_style":"default","_kad_post_vertical_padding":"default","_kad_post_feature":"","_kad_post_feature_position":"","_kad_post_header":false,"_kad_post_footer":false,"_kad_post_classname":"","rank_math_title":"","rank_math_description":"","rank_math_focus_keyword":""},"product_brand":[],"product_cat":[31],"product_tag":[],"class_list":{"0":"post-2400","1":"product","2":"type-product","3":"status-publish","4":"has-post-thumbnail","6":"product_cat-body-slimming","8":"first","9":"instock","10":"sale","11":"shipping-taxable","12":"purchasable","13":"product-type-simple","14":"entry","15":"content-bg","16":"loop-entry"},"_links":{"self":[{"href":"https:\/\/skbty.com\/es\/wp-json\/wp\/v2\/product\/2400","targetHints":{"allow":["GET"]}}],"collection":[{"href":"https:\/\/skbty.com\/es\/wp-json\/wp\/v2\/product"}],"about":[{"href":"https:\/\/skbty.com\/es\/wp-json\/wp\/v2\/types\/product"}],"replies":[{"embeddable":true,"href":"https:\/\/skbty.com\/es\/wp-json\/wp\/v2\/comments?post=2400"}],"wp:featuredmedia":[{"embeddable":true,"href":"https:\/\/skbty.com\/es\/wp-json\/wp\/v2\/media\/2401"}],"wp:attachment":[{"href":"https:\/\/skbty.com\/es\/wp-json\/wp\/v2\/media?parent=2400"}],"wp:term":[{"taxonomy":"product_brand","embeddable":true,"href":"https:\/\/skbty.com\/es\/wp-json\/wp\/v2\/product_brand?post=2400"},{"taxonomy":"product_cat","embeddable":true,"href":"https:\/\/skbty.com\/es\/wp-json\/wp\/v2\/product_cat?post=2400"},{"taxonomy":"product_tag","embeddable":true,"href":"https:\/\/skbty.com\/es\/wp-json\/wp\/v2\/product_tag?post=2400"}],"curies":[{"name":"WP","href":"https:\/\/api.w.org\/{rel}","templated":true}]}}