{"id":2416,"date":"2024-01-11T18:06:55","date_gmt":"2024-01-11T10:06:55","guid":{"rendered":"https:\/\/skbty.com\/?post_type=product&#038;p=2416"},"modified":"2024-06-20T15:53:40","modified_gmt":"2024-06-20T07:53:40","slug":"maquina-de-terapia-de-luz-led-de-7-colores","status":"publish","type":"product","link":"https:\/\/skbty.com\/es\/producto\/maquina-de-terapia-de-luz-led-de-7-colores\/","title":{"rendered":"M\u00e1quina de terapia de luz LED de 7 colores"},"content":{"rendered":"<div class=\"J_module\">\n<div class=\"icbu-pc-images magic-1\">\n<div class=\"flex-layout-v\">\n<div>\n<h3>\u00bfQu\u00e9 es el? <strong>\u00bfM\u00e1quina de terapia de luz LED?<\/strong><\/h3>\n<p><strong>M\u00e1quina de terapia de luz LED<\/strong> Utiliza la terapia fotodin\u00e1mica (TFD) para tratar diversas afecciones de la piel, aprovechando la naturaleza dual de la luz como onda electromagn\u00e9tica y corriente de part\u00edculas. Esta m\u00e1quina utiliza fuentes de luz LED en combinaci\u00f3n con cosm\u00e9ticos o medicamentos fotosensibles para mejorar la salud y el aspecto de la piel.<\/p>\n<table style=\"border-collapse: collapse; width: 100%;\">\n<tbody>\n<tr>\n<td style=\"width: 50%;\"><img loading=\"lazy\" decoding=\"async\" class=\"magic-15 aligncenter\" title=\"M\u00e1quina de terapia de luz LED\" src=\"https:\/\/sc04.alicdn.com\/kf\/H6dd7a23fb9664992a06d0c98bb3adb0fL\/247315878\/H6dd7a23fb9664992a06d0c98bb3adb0fL.jpg\" alt=\"M\u00e1quina de terapia de luz LED\" width=\"527\" height=\"815\" data-src=\"\/\/sc04.alicdn.com\/kf\/H6dd7a23fb9664992a06d0c98bb3adb0fL\/247315878\/H6dd7a23fb9664992a06d0c98bb3adb0fL.jpg\" \/><\/td>\n<td style=\"width: 50%;\"><img loading=\"lazy\" decoding=\"async\" class=\"magic-17 aligncenter\" title=\"M\u00e1quina de terapia de luz LED\" src=\"https:\/\/sc04.alicdn.com\/kf\/Hc9abbcb3342645d1893bdd42baf158d7s\/247315878\/Hc9abbcb3342645d1893bdd42baf158d7s.jpg\" alt=\"M\u00e1quina de terapia de luz LED\" width=\"316\" height=\"677\" data-src=\"\/\/sc04.alicdn.com\/kf\/Hc9abbcb3342645d1893bdd42baf158d7s\/247315878\/Hc9abbcb3342645d1893bdd42baf158d7s.jpg\" \/><\/td>\n<\/tr>\n<\/tbody>\n<\/table>\n<h3>Presupuesto<\/h3>\n<ul>\n<li><strong>Nombre<\/strong>:M\u00e1quina de terapia de luz LED<\/li>\n<li><strong>Especificaci\u00f3n<\/strong>: 53<em>26<\/em>38 cm, 4,35 kg<\/li>\n<li><strong>Servicio OEM<\/strong>: Apoyo<\/li>\n<li><strong>Tecnolog\u00eda<\/strong>: Luz LED PDT + Fot\u00f3n<\/li>\n<li><strong>Colores de los LED<\/strong>:7 colores, 7 funciones<\/li>\n<li><strong>Voltaje<\/strong>:110-220 V<\/li>\n<li><strong>Accesorios<\/strong>:Motor principal, manual, cable de alimentaci\u00f3n, gafas protectoras.<\/li>\n<\/ul>\n<h3><img loading=\"lazy\" decoding=\"async\" class=\"magic-24 aligncenter\" title=\"M\u00e1quina de terapia de luz LED\" src=\"https:\/\/sc04.alicdn.com\/kf\/Hc50d2a8a852942ecac1fd6ccfde5e42dR\/247315878\/Hc50d2a8a852942ecac1fd6ccfde5e42dR.jpg\" alt=\"M\u00e1quina de terapia de luz LED\" width=\"544\" height=\"474\" data-src=\"\/\/sc04.alicdn.com\/kf\/Hc50d2a8a852942ecac1fd6ccfde5e42dR\/247315878\/Hc50d2a8a852942ecac1fd6ccfde5e42dR.jpg\" \/><\/h3>\n<h3>Principio de funcionamiento<\/h3>\n<p>El <strong>M\u00e1quina de terapia de luz LED<\/strong> El tratamiento fotodin\u00e1mico funciona seg\u00fan el principio de la terapia fotodin\u00e1mica (TFD), que se basa en la teor\u00eda m\u00e9dica. Esta tecnolog\u00eda combina fuentes de luz LED con cosm\u00e9ticos o medicamentos fotosensibles para tratar problemas de la piel como acn\u00e9, ros\u00e1cea, enrojecimiento, granos y m\u00e1s. La energ\u00eda fot\u00f3nica afecta positivamente a las c\u00e9lulas de la piel, acelerando el crecimiento celular, promoviendo la producci\u00f3n de col\u00e1geno y elastina, mejorando la microcirculaci\u00f3n sangu\u00ednea y mejorando el estado general de la piel.<\/p>\n<table style=\"border-collapse: collapse; width: 100%;\">\n<tbody>\n<tr>\n<td style=\"width: 50%;\"><img loading=\"lazy\" decoding=\"async\" class=\"magic-26 aligncenter\" title=\"M\u00e1quina de terapia de luz LED\" src=\"https:\/\/sc04.alicdn.com\/kf\/Hfad70462fcb84c209ccb72c1bb05786fs\/247315878\/Hfad70462fcb84c209ccb72c1bb05786fs.jpg\" alt=\"M\u00e1quina de terapia de luz LED\" width=\"546\" height=\"950\" data-src=\"\/\/sc04.alicdn.com\/kf\/Hfad70462fcb84c209ccb72c1bb05786fs\/247315878\/Hfad70462fcb84c209ccb72c1bb05786fs.jpg\" \/><\/td>\n<td style=\"width: 50%;\"><img loading=\"lazy\" decoding=\"async\" class=\"magic-28 aligncenter\" title=\"M\u00e1quina de terapia de luz LED\" src=\"https:\/\/sc04.alicdn.com\/kf\/H6e87db1c87cf423c8ecb03f55ce966ceM\/247315878\/H6e87db1c87cf423c8ecb03f55ce966ceM.jpg\" alt=\"M\u00e1quina de terapia de luz LED\" width=\"399\" height=\"715\" data-src=\"\/\/sc04.alicdn.com\/kf\/H6e87db1c87cf423c8ecb03f55ce966ceM\/247315878\/H6e87db1c87cf423c8ecb03f55ce966ceM.jpg\" \/><\/td>\n<\/tr>\n<\/tbody>\n<\/table>\n<h3>Funciones<\/h3>\n<ul>\n<li><strong>Luz roja (635 nm)<\/strong>: Antiinflamatorio, analg\u00e9sico, cicatrizante, trata la neurodermatitis, acn\u00e9, dolores articulares, artritis reumatoide.<\/li>\n<li><strong>Luz verde (560 nm)<\/strong>:Trata el asma, el s\u00edndrome menop\u00e1usico, el entumecimiento de los nervios, las enfermedades renales, la diabetes, las enfermedades del tracto digestivo, la aspereza de la piel, las arrugas, los puntos negros, el acn\u00e9 y los trastornos endocrinos.<\/li>\n<li><strong>Luz azul (415 nm)<\/strong>:Promueve la s\u00edntesis de prote\u00ednas y col\u00e1geno, blanquea la piel, adecuado para ictericia neonatal, piel al\u00e9rgica y grasa, trata el bocio, enfermedades card\u00edacas cr\u00f3nicas, insomnio, s\u00edndrome menop\u00e1usico.<\/li>\n<li><strong>Luz violeta (308 nm)<\/strong>:Estimula el sistema de secreci\u00f3n, trata \u00falceras de la piel y mucosas, llagas de acn\u00e9.<\/li>\n<li><strong>Luz amarilla (590 nm)<\/strong>:Inhibe la deposici\u00f3n de melanina, acelera la cicatrizaci\u00f3n de heridas y trata afecciones relacionadas con las suprarrenales.<\/li>\n<li><strong>Luz naranja (610 nm)<\/strong>:Promueve el metabolismo, aumenta el apetito, trata enfermedades card\u00edacas, latidos card\u00edacos d\u00e9biles, enfermedades card\u00edacas cr\u00f3nicas, palpitaciones card\u00edacas.<\/li>\n<li><strong>Funci\u00f3n del suplemento de calcio<\/strong>:Utiliza dos luces UVB de 320 nm para promover la conversi\u00f3n de 7-dehidrocolesterol en vitamina D3, ayudando en el metabolismo y la absorci\u00f3n de calcio y f\u00f3sforo.<\/li>\n<\/ul>\n<h3>Aplicaciones<\/h3>\n<ol>\n<li><strong>Suavizar l\u00edneas finas y arrugas<\/strong><\/li>\n<li><strong>Reducci\u00f3n de la inflamaci\u00f3n<\/strong><\/li>\n<li><strong>Mejorando las cicatrices del acn\u00e9<\/strong><\/li>\n<li><strong>C\u00f3mo prevenir los brotes eliminando las bacterias<\/strong><\/li>\n<li><strong>Promover la circulaci\u00f3n sangu\u00ednea<\/strong><\/li>\n<li><strong>Estimulaci\u00f3n de la producci\u00f3n de col\u00e1geno<\/strong><\/li>\n<li><strong>Aclarar la piel<\/strong><\/li>\n<\/ol>\n<table style=\"border-collapse: collapse; width: 100%;\">\n<tbody>\n<tr>\n<td style=\"width: 50%;\"><img loading=\"lazy\" decoding=\"async\" class=\"magic-30 aligncenter\" title=\"M\u00e1quina de terapia de luz LED\" src=\"https:\/\/sc04.alicdn.com\/kf\/Hd831c2f614cc491ba0d4e83dc2955a66G\/247315878\/Hd831c2f614cc491ba0d4e83dc2955a66G.jpg\" alt=\"M\u00e1quina de terapia de luz LED\" width=\"359\" height=\"610\" data-src=\"\/\/sc04.alicdn.com\/kf\/Hd831c2f614cc491ba0d4e83dc2955a66G\/247315878\/Hd831c2f614cc491ba0d4e83dc2955a66G.jpg\" \/><\/td>\n<td style=\"width: 50%;\"><img loading=\"lazy\" decoding=\"async\" class=\"magic-32 aligncenter\" title=\"M\u00e1quina de terapia de luz LED\" src=\"https:\/\/sc04.alicdn.com\/kf\/H4e961103ac0845dbbec7fe7d2f2858d43\/247315878\/H4e961103ac0845dbbec7fe7d2f2858d43.jpg\" alt=\"M\u00e1quina de terapia de luz LED\" width=\"454\" height=\"645\" data-src=\"\/\/sc04.alicdn.com\/kf\/H4e961103ac0845dbbec7fe7d2f2858d43\/247315878\/H4e961103ac0845dbbec7fe7d2f2858d43.jpg\" \/><\/td>\n<\/tr>\n<\/tbody>\n<\/table>\n<h3>Ventajas<\/h3>\n<ol>\n<li><strong>Nuevo panel de control inteligente<\/strong>:Ofrece una experiencia de usuario mejorada.<\/li>\n<li><strong>Programa de control de m\u00e1xima potencia<\/strong>:Sesiones de 15 minutos para un uso \u00f3ptimo de la energ\u00eda.<\/li>\n<li><strong>Cuidado integral de la piel del rostro<\/strong>:Trata una variedad de problemas de la piel.<\/li>\n<li><strong>Tratamiento no invasivo<\/strong>:Totalmente seguro y sin tiempo de inactividad.<\/li>\n<li><strong>Pantalla t\u00e1ctil completa<\/strong>:Operaci\u00f3n f\u00e1cil e intuitiva.<\/li>\n<li><strong>268 luces LED<\/strong>:Garantiza mejores resultados en el cuidado de la piel.<\/li>\n<li><strong>Acelera el metabolismo<\/strong>:Beneficios antienvejecimiento, activa la piel, reduce las arrugas y tensa la piel.<\/li>\n<\/ol>\n<\/div>\n<div class=\"flex-layout-h magic-1\">\n<h3><strong>Personalizar El Logotipo De<\/strong><\/h3>\n<p>Queremos hacer de su marca se destaque? Ofrecemos logotipo modificado para requisitos particulares de los servicios que te ayudar\u00e1n a crear un entorno \u00fanico y personalizado logotipo que refleja la identidad de su marca. Nuestro equipo de expertos trabajar\u00e1 estrechamente con usted para dise\u00f1ar un logotipo que resuena con los valores de tu marca y de mensajer\u00eda. Si usted est\u00e1 buscando para renovar su logotipo existente o crear uno nuevo desde cero, lo tenemos cubierto. <a href=\"\/es\/contacto\/\">P\u00f3ngase en contacto con nosotros<\/a> hoy para aprender m\u00e1s acerca de nuestro logotipo modificado para requisitos particulares de los servicios!<\/p>\n<\/div>\n<\/div>\n<\/div>\n<\/div>","protected":false},"excerpt":{"rendered":"<p><span class=\"magic-8\" style=\"font-family: Arial;\">La luz es una forma de energ\u00eda radiante que viaja en l\u00ednea recta a trav\u00e9s del vac\u00edo a una velocidad de 3,0 \u00d7 10 ^ m\/s. Se cree que la luz es tanto una onda electromagn\u00e9tica como una corriente de part\u00edculas. Esta comprensi\u00f3n de la dualidad onda-part\u00edcula de la luz es la base de la teor\u00eda cu\u00e1ntica de la luz. La teor\u00eda cu\u00e1ntica de la luz sostiene que debido a las diferentes energ\u00edas del cuanto de luz, diferentes rayos de luz pueden causar reacciones fotoqu\u00edmicas. El efecto fotoel\u00e9ctrico. El rasante fluorescente. El efecto de punci\u00f3n y el efecto t\u00e9rmico. Estos efectos se convierten en la base te\u00f3rica de la medicina de fototerapia.<\/span><\/p>","protected":false},"featured_media":2417,"comment_status":"open","ping_status":"closed","template":"","meta":{"_kad_post_transparent":"default","_kad_post_title":"","_kad_post_layout":"default","_kad_post_sidebar_id":"","_kad_post_content_style":"default","_kad_post_vertical_padding":"default","_kad_post_feature":"","_kad_post_feature_position":"","_kad_post_header":false,"_kad_post_footer":false,"_kad_post_classname":"","rank_math_title":"","rank_math_description":"","rank_math_focus_keyword":""},"product_brand":[],"product_cat":[33],"product_tag":[],"class_list":{"0":"post-2416","1":"product","2":"type-product","3":"status-publish","4":"has-post-thumbnail","6":"product_cat-face-care","8":"first","9":"instock","10":"shipping-taxable","11":"product-type-simple","12":"entry","13":"content-bg","14":"loop-entry"},"_links":{"self":[{"href":"https:\/\/skbty.com\/es\/wp-json\/wp\/v2\/product\/2416","targetHints":{"allow":["GET"]}}],"collection":[{"href":"https:\/\/skbty.com\/es\/wp-json\/wp\/v2\/product"}],"about":[{"href":"https:\/\/skbty.com\/es\/wp-json\/wp\/v2\/types\/product"}],"replies":[{"embeddable":true,"href":"https:\/\/skbty.com\/es\/wp-json\/wp\/v2\/comments?post=2416"}],"wp:featuredmedia":[{"embeddable":true,"href":"https:\/\/skbty.com\/es\/wp-json\/wp\/v2\/media\/2417"}],"wp:attachment":[{"href":"https:\/\/skbty.com\/es\/wp-json\/wp\/v2\/media?parent=2416"}],"wp:term":[{"taxonomy":"product_brand","embeddable":true,"href":"https:\/\/skbty.com\/es\/wp-json\/wp\/v2\/product_brand?post=2416"},{"taxonomy":"product_cat","embeddable":true,"href":"https:\/\/skbty.com\/es\/wp-json\/wp\/v2\/product_cat?post=2416"},{"taxonomy":"product_tag","embeddable":true,"href":"https:\/\/skbty.com\/es\/wp-json\/wp\/v2\/product_tag?post=2416"}],"curies":[{"name":"WP","href":"https:\/\/api.w.org\/{rel}","templated":true}]}}