{"id":2424,"date":"2024-01-11T18:14:05","date_gmt":"2024-01-11T10:14:05","guid":{"rendered":"https:\/\/skbty.com\/?post_type=product&#038;p=2424"},"modified":"2024-06-20T15:39:03","modified_gmt":"2024-06-20T07:39:03","slug":"maquinas-de-adelgazamiento-con-diodo-laser-de-1060-nm","status":"publish","type":"product","link":"https:\/\/skbty.com\/es\/producto\/maquinas-de-adelgazamiento-con-diodo-laser-de-1060-nm\/","title":{"rendered":"M\u00e1quinas de adelgazamiento con diodo l\u00e1ser de 1060 nm"},"content":{"rendered":"<div class=\"J_module\">\n<div class=\"detail-decorate-json-renderer-container\">\n<div class=\"magic-1\">\n<div class=\"magic-2\">\n<div class=\"magic-3\">\n<div class=\"magic-4\">\n<h3>\u00bfQu\u00e9 son las m\u00e1quinas de adelgazamiento con diodo l\u00e1ser de 1060 nm?<\/h3>\n<p>El <strong>M\u00e1quina de adelgazamiento con diodo l\u00e1ser de 1060 nm<\/strong> ofrece una soluci\u00f3n no invasiva para atacar y reducir las c\u00e9lulas grasas. Aprovechando la afinidad espec\u00edfica de la longitud de onda de 1060 nm para el tejido adiposo, este dispositivo avanzado minimiza la absorci\u00f3n en la dermis, lo que lo convierte en un tratamiento eficaz para las \u00e1reas grasas problem\u00e1ticas. Cada sesi\u00f3n de tratamiento dura solo 25 minutos, con resultados visibles en tan solo 6 semanas y resultados \u00f3ptimos generalmente vistos en 12 semanas.<\/p>\n<table style=\"border-collapse: collapse; width: 100%;\">\n<tbody>\n<tr>\n<td style=\"width: 50%;\">\n<h3><img loading=\"lazy\" decoding=\"async\" class=\"magic-10 aligncenter\" title=\"M\u00e1quinas de adelgazamiento con diodo l\u00e1ser de 1060 nm\" src=\"https:\/\/sc04.alicdn.com\/kf\/H36070f937b734755a52c3b7227fc2e7bO\/247315878\/H36070f937b734755a52c3b7227fc2e7bO.png\" alt=\"M\u00e1quinas de adelgazamiento con diodo l\u00e1ser de 1060 nm\" width=\"405\" height=\"397\" data-src=\"\/\/sc04.alicdn.com\/kf\/H36070f937b734755a52c3b7227fc2e7bO\/247315878\/H36070f937b734755a52c3b7227fc2e7bO.png\" \/><\/h3>\n<\/td>\n<td style=\"width: 50%;\"><img loading=\"lazy\" decoding=\"async\" class=\"magic-17 aligncenter\" title=\"M\u00e1quinas de adelgazamiento con diodo l\u00e1ser de 1060 nm\" src=\"https:\/\/sc04.alicdn.com\/kf\/H64e55533e4c94b2baa10bb30dd873018G\/247315878\/H64e55533e4c94b2baa10bb30dd873018G.png\" alt=\"M\u00e1quinas de adelgazamiento con diodo l\u00e1ser de 1060 nm\" width=\"342\" height=\"364\" data-src=\"\/\/sc04.alicdn.com\/kf\/H64e55533e4c94b2baa10bb30dd873018G\/247315878\/H64e55533e4c94b2baa10bb30dd873018G.png\" \/><\/td>\n<\/tr>\n<\/tbody>\n<\/table>\n<h3>Presupuesto<\/h3>\n<ul>\n<li><strong>Tama\u00f1o de pantalla<\/strong>: 10,4 pulgadas<\/li>\n<li><strong>N\u00famero de manijas<\/strong>: 4<\/li>\n<li><strong>Tiempo de tratamiento<\/strong>: 25 minutos<\/li>\n<li><strong>Densidad de potencia<\/strong>: 0,5 W-2 W\/cm\u00b2<\/li>\n<li><strong>Modos de potencia<\/strong>:Pulso<\/li>\n<li><strong>Longitud de onda<\/strong>:1060 nm<\/li>\n<li><strong>Sistema de enfriamiento<\/strong>: Refrigeraci\u00f3n con compresor de fre\u00f3n + agua + aire + ventiladores<\/li>\n<li><strong>Fuente de alimentaci\u00f3n<\/strong>:CA 200 V-240 V, 50\/60 Hz<\/li>\n<li><strong>Tama\u00f1o del embalaje<\/strong>: 130<em>68<\/em>88 cent\u00edmetros<\/li>\n<li><strong>Peso del embalaje<\/strong>:156 kilos<\/li>\n<\/ul>\n<h3>Principio de funcionamiento<\/h3>\n<p>El <strong>M\u00e1quina de adelgazamiento con diodo l\u00e1ser de 1060 nm<\/strong> Emplea un m\u00e9todo no invasivo basado en l\u00e1ser para atacar directamente las c\u00e9lulas grasas y reducirlas. Es adecuado tanto para hombres como para mujeres de todos los tipos de cuerpo; cada operaci\u00f3n dura un promedio de 25 minutos y puede tratar varias \u00e1reas simult\u00e1neamente. El sistema l\u00e1ser de diodo de 1060 nm utiliza tecnolog\u00eda de hipertermia para atacar espec\u00edficamente el tejido adiposo, reduciendo la grasa rebelde en los brazos, el abdomen y otras \u00e1reas. Esta tecnolog\u00eda ofrece una reducci\u00f3n permanente en la cantidad de c\u00e9lulas grasas, a diferencia de los m\u00e9todos tradicionales de p\u00e9rdida de peso.<\/p>\n<h3><img loading=\"lazy\" decoding=\"async\" class=\"magic-20 aligncenter\" title=\"M\u00e1quinas de adelgazamiento con diodo l\u00e1ser de 1060 nm\" src=\"https:\/\/sc04.alicdn.com\/kf\/Hc4ba27b831eb4baf8d6b5aa811e9102bg\/247315878\/Hc4ba27b831eb4baf8d6b5aa811e9102bg.png\" alt=\"M\u00e1quinas de adelgazamiento con diodo l\u00e1ser de 1060 nm\" width=\"530\" height=\"361\" data-src=\"\/\/sc04.alicdn.com\/kf\/Hc4ba27b831eb4baf8d6b5aa811e9102bg\/247315878\/Hc4ba27b831eb4baf8d6b5aa811e9102bg.png\" \/><\/h3>\n<table style=\"border-collapse: collapse; width: 100%;\">\n<tbody>\n<tr>\n<td style=\"width: 50%;\"><img loading=\"lazy\" decoding=\"async\" class=\"magic-22 aligncenter\" title=\"M\u00e1quinas de adelgazamiento con diodo l\u00e1ser de 1060 nm\" src=\"https:\/\/sc04.alicdn.com\/kf\/Hc168ff84a7f649f0bd3f851c71e28d8aI\/247315878\/Hc168ff84a7f649f0bd3f851c71e28d8aI.png\" alt=\"M\u00e1quinas de adelgazamiento con diodo l\u00e1ser de 1060 nm\" width=\"402\" height=\"205\" data-src=\"\/\/sc04.alicdn.com\/kf\/Hc168ff84a7f649f0bd3f851c71e28d8aI\/247315878\/Hc168ff84a7f649f0bd3f851c71e28d8aI.png\" \/><\/td>\n<td style=\"width: 50%;\"><img loading=\"lazy\" decoding=\"async\" class=\"magic-24 aligncenter\" title=\"M\u00e1quinas de adelgazamiento con diodo l\u00e1ser de 1060 nm\" src=\"https:\/\/sc04.alicdn.com\/kf\/H80d4f0b9841d469da31e660a1886e3fcA\/247315878\/H80d4f0b9841d469da31e660a1886e3fcA.png\" alt=\"M\u00e1quinas de adelgazamiento con diodo l\u00e1ser de 1060 nm\" width=\"387\" height=\"217\" data-src=\"\/\/sc04.alicdn.com\/kf\/H80d4f0b9841d469da31e660a1886e3fcA\/247315878\/H80d4f0b9841d469da31e660a1886e3fcA.png\" \/><\/td>\n<\/tr>\n<\/tbody>\n<\/table>\n<h3>Caracter\u00edsticas<\/h3>\n<ol>\n<li><strong>Absorci\u00f3n d\u00e9rmica m\u00ednima<\/strong>:Asegura que la superficie de la piel permanezca intacta.<\/li>\n<li><strong>Refrigeraci\u00f3n por contacto avanzada<\/strong>:Mejora la comodidad del paciente durante el tratamiento.<\/li>\n<li><strong>Disminuci\u00f3n de la propagaci\u00f3n del calor<\/strong>:Proporciona resultados de aspecto natural.<\/li>\n<li><strong>Efectos secundarios leves<\/strong>:Los efectos secundarios son leves y transitorios.<\/li>\n<li><strong>Tiempo de tratamiento r\u00e1pido<\/strong>:Cada zona requiere s\u00f3lo un tratamiento de 25 minutos.<\/li>\n<\/ol>\n<h3>Ventajas<\/h3>\n<ol>\n<li><strong>Tecnolog\u00eda no invasiva<\/strong>:No da\u00f1a los tejidos circundantes.<\/li>\n<li><strong>Sistema de refrigeraci\u00f3n avanzado<\/strong>:Ofrece un manejo c\u00f3modo y seguro.<\/li>\n<li><strong>Producci\u00f3n estable de alta energ\u00eda<\/strong>:Garantiza resultados de tratamiento efectivos.<\/li>\n<li><strong>Barra de elevaci\u00f3n el\u00e9ctrica<\/strong>:Ajusta la altura del cabezal de tratamiento para mayor precisi\u00f3n.<\/li>\n<\/ol>\n<h3>Aplicaciones<\/h3>\n<ul>\n<li><strong>Reducci\u00f3n de grasa<\/strong>:Se enfoca en y reduce eficazmente la grasa rebelde en varias \u00e1reas del cuerpo.<\/li>\n<li><strong>El Contornear Del Cuerpo<\/strong>:Mejora el perfil corporal a trav\u00e9s de la reducci\u00f3n de grasa no invasiva.<\/li>\n<li><strong>Estiramiento de la piel<\/strong>:La m\u00ednima absorci\u00f3n de la dermis ayuda a mantener la integridad de la piel.<\/li>\n<li><strong>Tratamientos r\u00e1pidos<\/strong>:Adecuado para horarios ocupados, cada sesi\u00f3n dura solo 25 minutos.<\/li>\n<\/ul>\n<h3>Beneficios<\/h3>\n<ul>\n<li><strong>Resultados visibles<\/strong>:Mejoras notables en tan s\u00f3lo 6 semanas, con resultados \u00f3ptimos a las 12 semanas.<\/li>\n<li><strong>Experiencia c\u00f3moda<\/strong>:La tecnolog\u00eda de enfriamiento avanzada y no invasiva garantiza un tratamiento c\u00f3modo.<\/li>\n<li><strong>Reducci\u00f3n de grasa permanente<\/strong>:Reduce la cantidad de c\u00e9lulas grasas para obtener resultados duraderos.<\/li>\n<\/ul>\n<\/div>\n<\/div>\n<\/div>\n<\/div>\n<\/div>\n<\/div>\n<div class=\"J_module\">\n<div class=\"detail-decorate-json-renderer-container\">\n<div class=\"magic-1\">\n<div class=\"magic-2\"><\/div>\n<\/div>\n<\/div>\n<\/div>\n<div class=\"J_module\">\n<div class=\"icbu-pc-images magic-8\">\n<div>\n<div class=\"flex-layout-v\">\n<div class=\"flex-layout-h magic-8\">\n<div class=\"magic-26\"><img loading=\"lazy\" decoding=\"async\" class=\"magic-27 aligncenter\" title=\"M\u00e1quinas de adelgazamiento con diodo l\u00e1ser de 1060 nm\" src=\"https:\/\/sc04.alicdn.com\/kf\/H03fcc9be0f454201848409c4b30dbda5P\/247315878\/H03fcc9be0f454201848409c4b30dbda5P.png\" alt=\"M\u00e1quinas de adelgazamiento con diodo l\u00e1ser de 1060 nm\" width=\"404\" height=\"423\" data-src=\"\/\/sc04.alicdn.com\/kf\/H03fcc9be0f454201848409c4b30dbda5P\/247315878\/H03fcc9be0f454201848409c4b30dbda5P.png\" \/><\/div>\n<\/div>\n<\/div>\n<\/div>\n<\/div>\n<\/div>\n<div class=\"J_module\">\n<div class=\"icbu-pc-images magic-8\">\n<div class=\"flex-layout-v\">\n<div class=\"flex-layout-h magic-8\">\n<div class=\"magic-28\"><\/div>\n<\/div>\n<\/div>\n<\/div>\n<\/div>\n<div class=\"J_module\">\n<div class=\"icbu-pc-images magic-8\">\n<div class=\"flex-layout-v\">\n<div class=\"flex-layout-h magic-8\">\n<div class=\"magic-30\">\n<h3><strong>Personalizar El Logotipo De<\/strong><\/h3>\n<p>Queremos hacer de su marca se destaque? Ofrecemos logotipo modificado para requisitos particulares de los servicios que te ayudar\u00e1n a crear un entorno \u00fanico y personalizado logotipo que refleja la identidad de su marca. Nuestro equipo de expertos trabajar\u00e1 estrechamente con usted para dise\u00f1ar un logotipo que resuena con los valores de tu marca y de mensajer\u00eda. Si usted est\u00e1 buscando para renovar su logotipo existente o crear uno nuevo desde cero, lo tenemos cubierto. <a href=\"\/es\/contacto\/\">P\u00f3ngase en contacto con nosotros<\/a> hoy para aprender m\u00e1s acerca de nuestro logotipo modificado para requisitos particulares de los servicios!<\/p>\n<\/div>\n<\/div>\n<\/div>\n<\/div>\n<\/div>","protected":false},"excerpt":{"rendered":"<p>Consiga una reducci\u00f3n de grasa no invasiva con la m\u00e1quina de adelgazamiento con l\u00e1ser de diodo de 1060 nm. Esta m\u00e1quina, que utiliza una tecnolog\u00eda avanzada de longitud de onda de 1060 nm, se enfoca en el tejido adiposo para lograr una reducci\u00f3n de grasa efectiva en solo 25 minutos por sesi\u00f3n.<\/p>","protected":false},"featured_media":2425,"comment_status":"open","ping_status":"closed","template":"","meta":{"_kad_post_transparent":"default","_kad_post_title":"","_kad_post_layout":"default","_kad_post_sidebar_id":"","_kad_post_content_style":"default","_kad_post_vertical_padding":"default","_kad_post_feature":"","_kad_post_feature_position":"","_kad_post_header":false,"_kad_post_footer":false,"_kad_post_classname":"","rank_math_title":"","rank_math_description":"","rank_math_focus_keyword":""},"product_brand":[],"product_cat":[31],"product_tag":[],"class_list":{"0":"post-2424","1":"product","2":"type-product","3":"status-publish","4":"has-post-thumbnail","6":"product_cat-body-slimming","8":"first","9":"instock","10":"shipping-taxable","11":"product-type-simple","12":"entry","13":"content-bg","14":"loop-entry"},"_links":{"self":[{"href":"https:\/\/skbty.com\/es\/wp-json\/wp\/v2\/product\/2424","targetHints":{"allow":["GET"]}}],"collection":[{"href":"https:\/\/skbty.com\/es\/wp-json\/wp\/v2\/product"}],"about":[{"href":"https:\/\/skbty.com\/es\/wp-json\/wp\/v2\/types\/product"}],"replies":[{"embeddable":true,"href":"https:\/\/skbty.com\/es\/wp-json\/wp\/v2\/comments?post=2424"}],"wp:featuredmedia":[{"embeddable":true,"href":"https:\/\/skbty.com\/es\/wp-json\/wp\/v2\/media\/2425"}],"wp:attachment":[{"href":"https:\/\/skbty.com\/es\/wp-json\/wp\/v2\/media?parent=2424"}],"wp:term":[{"taxonomy":"product_brand","embeddable":true,"href":"https:\/\/skbty.com\/es\/wp-json\/wp\/v2\/product_brand?post=2424"},{"taxonomy":"product_cat","embeddable":true,"href":"https:\/\/skbty.com\/es\/wp-json\/wp\/v2\/product_cat?post=2424"},{"taxonomy":"product_tag","embeddable":true,"href":"https:\/\/skbty.com\/es\/wp-json\/wp\/v2\/product_tag?post=2424"}],"curies":[{"name":"WP","href":"https:\/\/api.w.org\/{rel}","templated":true}]}}