{"id":2433,"date":"2024-01-11T18:24:55","date_gmt":"2024-01-11T10:24:55","guid":{"rendered":"https:\/\/skbty.com\/?post_type=product&#038;p=2433"},"modified":"2024-06-20T15:28:37","modified_gmt":"2024-06-20T07:28:37","slug":"maquina-de-eliminacion-de-tatuajes-con-laser-de-picosegundos-2","status":"publish","type":"product","link":"https:\/\/skbty.com\/es\/producto\/maquina-de-eliminacion-de-tatuajes-con-laser-de-picosegundos-2\/","title":{"rendered":"M\u00e1quina de eliminaci\u00f3n de tatuajes con l\u00e1ser de picosegundos"},"content":{"rendered":"<div class=\"J_module\">\n<div class=\"detail-decorate-json-renderer-container\">\n<h3>\u00bfQu\u00e9 es el? <strong>\u00bfM\u00e1quina de eliminaci\u00f3n de tatuajes con l\u00e1ser de picosegundos?<\/strong><\/h3>\n<p><strong>M\u00e1quina de eliminaci\u00f3n de tatuajes con l\u00e1ser de picosegundos<\/strong> Utiliza tiempos de pulso ultracortos (375-450 picosegundos) para ofrecer tratamientos l\u00e1ser de alta velocidad y alta energ\u00eda. Esta tecnolog\u00eda avanzada elimina eficazmente las part\u00edculas de pigmento con un da\u00f1o m\u00ednimo a los tejidos circundantes, lo que garantiza un per\u00edodo de recuperaci\u00f3n m\u00e1s corto y menos efectos secundarios.<\/p>\n<table style=\"border-collapse: collapse; width: 100%;\">\n<tbody>\n<tr>\n<td style=\"width: 50%;\">\n<h3><img loading=\"lazy\" decoding=\"async\" class=\"magic-11 aligncenter\" title=\"M\u00e1quina de eliminaci\u00f3n de tatuajes con l\u00e1ser de picosegundos\" src=\"https:\/\/sc04.alicdn.com\/kf\/H8a3436292e4f4bd98558203592165568E\/247315878\/H8a3436292e4f4bd98558203592165568E.png\" alt=\"M\u00e1quina de eliminaci\u00f3n de tatuajes con l\u00e1ser de picosegundos\" width=\"380\" height=\"352\" data-src=\"\/\/sc04.alicdn.com\/kf\/H8a3436292e4f4bd98558203592165568E\/247315878\/H8a3436292e4f4bd98558203592165568E.png\" \/><\/h3>\n<\/td>\n<td style=\"width: 50%;\"><img loading=\"lazy\" decoding=\"async\" class=\"magic-16 aligncenter\" title=\"M\u00e1quina de eliminaci\u00f3n de tatuajes con l\u00e1ser de picosegundos\" src=\"https:\/\/sc04.alicdn.com\/kf\/H60ba13dc31034cddaef2a4d561d8c4dbY\/247315878\/H60ba13dc31034cddaef2a4d561d8c4dbY.png\" alt=\"M\u00e1quina de eliminaci\u00f3n de tatuajes con l\u00e1ser de picosegundos\" width=\"516\" height=\"408\" data-src=\"\/\/sc04.alicdn.com\/kf\/H60ba13dc31034cddaef2a4d561d8c4dbY\/247315878\/H60ba13dc31034cddaef2a4d561d8c4dbY.png\" \/><\/td>\n<\/tr>\n<\/tbody>\n<\/table>\n<h3>Presupuesto<\/h3>\n<ul>\n<li><strong>Descripci\u00f3n<\/strong>:M\u00e1quina de eliminaci\u00f3n de tatuajes con l\u00e1ser de picosegundos<\/li>\n<li><strong>Voltaje<\/strong>:110 V-240 V, 50 Hz\/60 Hz<\/li>\n<li><strong>Salida l\u00e1ser<\/strong>:3000W<\/li>\n<li><strong>Frecuencia<\/strong>: 1-10 Hz (ajustable)<\/li>\n<li><strong>Tama\u00f1o del punto<\/strong>: 2-10 mm (ajustable)<\/li>\n<li><strong>Longitud de onda<\/strong>:1064 nm, 532 nm, 785 nm<\/li>\n<li><strong>Sistema de enfriamiento<\/strong>: Refrigeraci\u00f3n por aire + refrigeraci\u00f3n por agua + radiador<\/li>\n<\/ul>\n<h3>Principio de funcionamiento<\/h3>\n<p>El <strong>M\u00e1quina de eliminaci\u00f3n de tatuajes con l\u00e1ser de picosegundos<\/strong> El sistema funciona con pulsos ultracortos, de entre 375 y 450 picosegundos, lo que permite una eliminaci\u00f3n m\u00e1s r\u00e1pida y eficaz de los pigmentos. El pulso de alta velocidad genera un pico de energ\u00eda mayor, lo que permite que el \u201cefecto de fotochoque\u201d elimine de forma limpia las part\u00edculas de pigmento. El ancho de pulso ultracorto evita la conversi\u00f3n excesiva de calor, lo que reduce el da\u00f1o a los tejidos circundantes y acorta el per\u00edodo de recuperaci\u00f3n posoperatoria. La exclusiva sonda de enfoque hologr\u00e1fico aumenta la energ\u00eda hasta 22 veces, lo que mejora la desintegraci\u00f3n de los pigmentos.<\/p>\n<table style=\"border-collapse: collapse; width: 100%;\">\n<tbody>\n<tr>\n<td style=\"width: 50%;\">\n<h3><img loading=\"lazy\" decoding=\"async\" class=\"magic-38 aligncenter\" title=\"M\u00e1quina de eliminaci\u00f3n de tatuajes con l\u00e1ser de picosegundos\" src=\"https:\/\/sc04.alicdn.com\/kf\/Hca5919e6a7b843f5ba075a5fe00257aaZ\/247315878\/Hca5919e6a7b843f5ba075a5fe00257aaZ.png\" alt=\"M\u00e1quina de eliminaci\u00f3n de tatuajes con l\u00e1ser de picosegundos\" width=\"431\" height=\"282\" data-src=\"\/\/sc04.alicdn.com\/kf\/Hca5919e6a7b843f5ba075a5fe00257aaZ\/247315878\/Hca5919e6a7b843f5ba075a5fe00257aaZ.png\" \/><\/h3>\n<\/td>\n<td style=\"width: 50%;\"><img loading=\"lazy\" decoding=\"async\" class=\"magic-20 aligncenter\" title=\"M\u00e1quina de eliminaci\u00f3n de tatuajes con l\u00e1ser de picosegundos\" src=\"https:\/\/sc04.alicdn.com\/kf\/Hf8018cf19c15430cb02c7209711ecb56u\/247315878\/Hf8018cf19c15430cb02c7209711ecb56u.png\" alt=\"M\u00e1quina de eliminaci\u00f3n de tatuajes con l\u00e1ser de picosegundos\" width=\"240\" height=\"284\" data-src=\"\/\/sc04.alicdn.com\/kf\/Hf8018cf19c15430cb02c7209711ecb56u\/247315878\/Hf8018cf19c15430cb02c7209711ecb56u.png\" \/><\/td>\n<\/tr>\n<\/tbody>\n<\/table>\n<h3>C\u00f3mo funciona<\/h3>\n<p>El l\u00e1ser de picosegundos utiliza un modo de salida de pulso muy corto, que concentra la energ\u00eda para desintegrar el pigmento en gr\u00e1nulos finos, que luego son absorbidos por el metabolismo del cuerpo. Este m\u00e9todo minimiza los efectos secundarios del efecto t\u00e9rmico y trata de manera m\u00e1s eficaz diversas manchas de pigmento que los l\u00e1seres tradicionales. El principio de \u00f3ptica selectiva penetra y se dirige a los pigmentos cut\u00e1neos enfermos, los tritura y permite que el cuerpo los elimine a trav\u00e9s del metabolismo sin afectar los tejidos normales circundantes.<\/p>\n<p><img loading=\"lazy\" decoding=\"async\" class=\"magic-22 aligncenter\" title=\"M\u00e1quina de eliminaci\u00f3n de tatuajes con l\u00e1ser de picosegundos\" src=\"https:\/\/sc04.alicdn.com\/kf\/H0ecde74a52154bf6a317c148afd49376f\/247315878\/H0ecde74a52154bf6a317c148afd49376f.png\" alt=\"M\u00e1quina de eliminaci\u00f3n de tatuajes con l\u00e1ser de picosegundos\" width=\"576\" height=\"393\" data-src=\"\/\/sc04.alicdn.com\/kf\/H0ecde74a52154bf6a317c148afd49376f\/247315878\/H0ecde74a52154bf6a317c148afd49376f.png\" \/><\/p>\n<h3>Aplicaciones<\/h3>\n<ul>\n<li><strong>Eliminaci\u00f3n de tatuajes<\/strong>:Elimina tatuajes de varios colores, incluidos negro, morado, verde y azul.<\/li>\n<li><strong>Eliminaci\u00f3n de manchas<\/strong>:Trata el cloasma, las manchas de caf\u00e9, las pecas, las quemaduras solares, Otanevus y m\u00e1s.<\/li>\n<li><strong>Reducci\u00f3n de cicatrices de acn\u00e9<\/strong>:Reduce las marcas del acn\u00e9 y los hoyuelos leves del acn\u00e9.<\/li>\n<li><strong>Eliminaci\u00f3n de pigmentos<\/strong>:Elimina eficazmente diferentes tipos de pigmentaci\u00f3n.<\/li>\n<li><strong>Rejuvenecimiento de la piel<\/strong>:Mejora el tono de la piel eliminando el color amarillento y promoviendo la renovaci\u00f3n de la piel.<\/li>\n<\/ul>\n<h3><img loading=\"lazy\" decoding=\"async\" class=\"magic-35 aligncenter\" title=\"M\u00e1quina de eliminaci\u00f3n de tatuajes con l\u00e1ser de picosegundos\" src=\"https:\/\/sc04.alicdn.com\/kf\/H68721aeda8ab44358da2f2065bc74f65g\/247315878\/H68721aeda8ab44358da2f2065bc74f65g.png\" alt=\"M\u00e1quina de eliminaci\u00f3n de tatuajes con l\u00e1ser de picosegundos\" width=\"519\" height=\"362\" data-src=\"\/\/sc04.alicdn.com\/kf\/H68721aeda8ab44358da2f2065bc74f65g\/247315878\/H68721aeda8ab44358da2f2065bc74f65g.png\" \/><\/h3>\n<h3>Ventajas<\/h3>\n<ol>\n<li><strong>Alta velocidad y alta energ\u00eda<\/strong>:Los tiempos de pulso ultracortos (1 picosegundo = 0,01 nanosegundo) proporcionan tratamientos m\u00e1s r\u00e1pidos y eficientes.<\/li>\n<li><strong>Potente efecto fotomec\u00e1nico<\/strong>:El ancho de pulso corto produce un efecto fuerte, descomponiendo las part\u00edculas de pigmento en tama\u00f1os m\u00e1s peque\u00f1os.<\/li>\n<li><strong>Efecto t\u00e9rmico m\u00ednimo<\/strong>:Reduce la conversi\u00f3n de calor, minimizando el da\u00f1o a los tejidos circundantes.<\/li>\n<li><strong>Eliminaci\u00f3n completa de pigmentos<\/strong>:Garantiza la descomposici\u00f3n completa de las part\u00edculas de pigmento con menos energ\u00eda.<\/li>\n<li><strong>Per\u00edodo de recuperaci\u00f3n m\u00e1s corto<\/strong>:Un menor da\u00f1o a los tejidos circundantes da como resultado una recuperaci\u00f3n m\u00e1s r\u00e1pida y menos efectos secundarios.<\/li>\n<\/ol>\n<p><img loading=\"lazy\" decoding=\"async\" class=\"magic-31 aligncenter\" title=\"M\u00e1quina de eliminaci\u00f3n de tatuajes con l\u00e1ser de picosegundos\" src=\"https:\/\/sc04.alicdn.com\/kf\/Hf937e38fe18c44a0a39f30512db0eba92\/247315878\/Hf937e38fe18c44a0a39f30512db0eba92.jpg\" alt=\"M\u00e1quina de eliminaci\u00f3n de tatuajes con l\u00e1ser de picosegundos\" width=\"499\" height=\"1144\" data-src=\"\/\/sc04.alicdn.com\/kf\/Hf937e38fe18c44a0a39f30512db0eba92\/247315878\/Hf937e38fe18c44a0a39f30512db0eba92.jpg\" \/><\/p>\n<h3>Funciones<\/h3>\n<ol>\n<li><strong>Eliminaci\u00f3n de manchas<\/strong>:Elimina eficazmente el cloasma, las manchas de caf\u00e9, las pecas, las quemaduras solares y el Otanevus.<\/li>\n<li><strong>Eliminaci\u00f3n de tatuajes<\/strong>:Elimina tatuajes de varios colores como negro, morado, verde y azul.<\/li>\n<li><strong>Reducci\u00f3n de cicatrices de acn\u00e9<\/strong>:Reduce las marcas del acn\u00e9 y los hoyuelos leves del acn\u00e9.<\/li>\n<li><strong>Eliminaci\u00f3n de pigmentos<\/strong>:Trata eficazmente varios tipos de pigmentaci\u00f3n.<\/li>\n<li><strong>Rejuvenecimiento de la piel<\/strong>:Promueve la renovaci\u00f3n de la piel y mejora el tono de la piel.<\/li>\n<\/ol>\n<div class=\"magic-2\">\n<div class=\"magic-5\">\n<div class=\"magic-6\">\n<div class=\"magic-7\">\n<table style=\"border-collapse: collapse; width: 100%;\">\n<tbody>\n<tr>\n<td style=\"width: 50%;\"><img loading=\"lazy\" decoding=\"async\" class=\"magic-31 aligncenter\" title=\"M\u00e1quina de eliminaci\u00f3n de tatuajes con l\u00e1ser de picosegundos\" src=\"https:\/\/sc04.alicdn.com\/kf\/H37a7b1f67ab84a22bbee6371a34ac59bn\/247315878\/H37a7b1f67ab84a22bbee6371a34ac59bn.png\" alt=\"M\u00e1quina de eliminaci\u00f3n de tatuajes con l\u00e1ser de picosegundos\" width=\"445\" height=\"283\" data-src=\"\/\/sc04.alicdn.com\/kf\/H37a7b1f67ab84a22bbee6371a34ac59bn\/247315878\/H37a7b1f67ab84a22bbee6371a34ac59bn.png\" \/><\/td>\n<td style=\"width: 50%;\"><img loading=\"lazy\" decoding=\"async\" class=\"magic-33 aligncenter\" title=\"M\u00e1quina de eliminaci\u00f3n de tatuajes con l\u00e1ser de picosegundos\" src=\"https:\/\/sc04.alicdn.com\/kf\/H0d8bc69694f841efa0f806c00ae49508X\/247315878\/H0d8bc69694f841efa0f806c00ae49508X.png\" alt=\"M\u00e1quina de eliminaci\u00f3n de tatuajes con l\u00e1ser de picosegundos\" width=\"305\" height=\"305\" data-src=\"\/\/sc04.alicdn.com\/kf\/H0d8bc69694f841efa0f806c00ae49508X\/247315878\/H0d8bc69694f841efa0f806c00ae49508X.png\" \/><\/td>\n<\/tr>\n<\/tbody>\n<\/table>\n<\/div>\n<\/div>\n<\/div>\n<\/div>\n<\/div>\n<\/div>\n<div class=\"J_module\">\n<div class=\"icbu-pc-images magic-9\">\n<div class=\"flex-layout-v\">\n<div class=\"flex-layout-h magic-9\">\n<div class=\"magic-10\"><\/div>\n<\/div>\n<\/div>\n<\/div>\n<\/div>\n<div class=\"J_module\">\n<div class=\"icbu-pc-images magic-9\">\n<div class=\"flex-layout-v\">\n<div class=\"flex-layout-h magic-9\">\n<h3 class=\"magic-15\">Efectos<\/h3>\n<\/div>\n<\/div>\n<\/div>\n<\/div>\n<div class=\"J_module\">\n<div class=\"icbu-pc-images magic-9\">\n<div class=\"flex-layout-h\">\n<div class=\"text-wrapper magic-17\">\n<div class=\"text-wrapper-left text-theme-light text-align-left\">\n<div class=\"text-title\">\n<div><span class=\"magic-4\" style=\"font-family: Arial;\">\u00a0<\/span><\/div>\n<\/div>\n<\/div>\n<\/div>\n<\/div>\n<\/div>\n<\/div>\n<div class=\"J_module\">\n<div class=\"detail-decorate-json-renderer-container\">\n<div class=\"magic-2\">\n<div class=\"magic-5\">\n<div class=\"magic-6\">\n<div class=\"magic-7\"><img loading=\"lazy\" decoding=\"async\" class=\"magic-40 aligncenter\" style=\"font-family: var(--global-body-font-family);\" title=\"M\u00e1quina de eliminaci\u00f3n de tatuajes con l\u00e1ser de picosegundos\" src=\"https:\/\/sc04.alicdn.com\/kf\/H66380961817f4532b0a22c6c8b4abf39Z\/247315878\/H66380961817f4532b0a22c6c8b4abf39Z.png\" alt=\"M\u00e1quina de eliminaci\u00f3n de tatuajes con l\u00e1ser de picosegundos\" width=\"522\" height=\"331\" data-src=\"\/\/sc04.alicdn.com\/kf\/H66380961817f4532b0a22c6c8b4abf39Z\/247315878\/H66380961817f4532b0a22c6c8b4abf39Z.png\" \/><\/div>\n<div>\n<h3><strong>Personalizar El Logotipo De<\/strong><\/h3>\n<p>Queremos hacer de su marca se destaque? Ofrecemos logotipo modificado para requisitos particulares de los servicios que te ayudar\u00e1n a crear un entorno \u00fanico y personalizado logotipo que refleja la identidad de su marca. Nuestro equipo de expertos trabajar\u00e1 estrechamente con usted para dise\u00f1ar un logotipo que resuena con los valores de tu marca y de mensajer\u00eda. Si usted est\u00e1 buscando para renovar su logotipo existente o crear uno nuevo desde cero, lo tenemos cubierto. <a href=\"\/es\/contacto\/\">P\u00f3ngase en contacto con nosotros<\/a> hoy para aprender m\u00e1s acerca de nuestro logotipo modificado para requisitos particulares de los servicios!<\/p>\n<p style=\"text-align: center;\">\n<\/div>\n<\/div>\n<\/div>\n<\/div>\n<\/div>\n<\/div>","protected":false},"excerpt":{"rendered":"<div><span style=\"font-family: Tahoma;\">El l\u00e1ser de picosegundos utiliza un modo de salida de pulso muy corto, en lugar de una onda de choque mec\u00e1nica ligera, el pigmento se fragmenta en part\u00edculas finas mediante energ\u00eda enfocada, que tienen m\u00e1s probabilidades de ser absorbidas por el metabolismo del cuerpo. El l\u00e1ser de picosegundos minimizar\u00e1 los efectos secundarios del efecto t\u00e9rmico y puede lograr el objetivo de resolver casi todo tipo de manchas de pigmento, es mejor que el l\u00e1ser tradicional.<\/span><\/div>\n<p><span style=\"font-family: Tahoma;\">A trav\u00e9s del principio de \u00f3ptica selectiva, penetra en la expresi\u00f3n y act\u00faa instant\u00e1neamente sobre los pigmentos de la piel realmente enfermos, los tritura y luego elimina los pigmentos del cuerpo a trav\u00e9s de las c\u00e9lulas metab\u00f3licas del cuerpo, sin ning\u00fan efecto en el m\u00e9todo de eliminaci\u00f3n de pecas de los tejidos normales circundantes.<\/span><\/p>","protected":false},"featured_media":2434,"comment_status":"open","ping_status":"closed","template":"","meta":{"_kad_post_transparent":"default","_kad_post_title":"","_kad_post_layout":"default","_kad_post_sidebar_id":"","_kad_post_content_style":"default","_kad_post_vertical_padding":"default","_kad_post_feature":"","_kad_post_feature_position":"","_kad_post_header":false,"_kad_post_footer":false,"_kad_post_classname":"","rank_math_title":"","rank_math_description":"","rank_math_focus_keyword":""},"product_brand":[],"product_cat":[29],"product_tag":[],"class_list":{"0":"post-2433","1":"product","2":"type-product","3":"status-publish","4":"has-post-thumbnail","6":"product_cat-pico-laser","8":"first","9":"instock","10":"shipping-taxable","11":"product-type-simple","12":"entry","13":"content-bg","14":"loop-entry"},"_links":{"self":[{"href":"https:\/\/skbty.com\/es\/wp-json\/wp\/v2\/product\/2433","targetHints":{"allow":["GET"]}}],"collection":[{"href":"https:\/\/skbty.com\/es\/wp-json\/wp\/v2\/product"}],"about":[{"href":"https:\/\/skbty.com\/es\/wp-json\/wp\/v2\/types\/product"}],"replies":[{"embeddable":true,"href":"https:\/\/skbty.com\/es\/wp-json\/wp\/v2\/comments?post=2433"}],"wp:featuredmedia":[{"embeddable":true,"href":"https:\/\/skbty.com\/es\/wp-json\/wp\/v2\/media\/2434"}],"wp:attachment":[{"href":"https:\/\/skbty.com\/es\/wp-json\/wp\/v2\/media?parent=2433"}],"wp:term":[{"taxonomy":"product_brand","embeddable":true,"href":"https:\/\/skbty.com\/es\/wp-json\/wp\/v2\/product_brand?post=2433"},{"taxonomy":"product_cat","embeddable":true,"href":"https:\/\/skbty.com\/es\/wp-json\/wp\/v2\/product_cat?post=2433"},{"taxonomy":"product_tag","embeddable":true,"href":"https:\/\/skbty.com\/es\/wp-json\/wp\/v2\/product_tag?post=2433"}],"curies":[{"name":"WP","href":"https:\/\/api.w.org\/{rel}","templated":true}]}}