{"id":2441,"date":"2024-01-11T18:35:22","date_gmt":"2024-01-11T10:35:22","guid":{"rendered":"https:\/\/skbty.com\/?post_type=product&#038;p=2441"},"modified":"2024-06-20T14:40:33","modified_gmt":"2024-06-20T06:40:33","slug":"maquina-para-el-cuidado-de-la-piel-con-microdermoabrasion-hidroelectrica-14-en-1-para-tratamientos-faciales","status":"publish","type":"product","link":"https:\/\/skbty.com\/es\/producto\/maquina-para-el-cuidado-de-la-piel-con-microdermoabrasion-hidroelectrica-14-en-1-para-tratamientos-faciales\/","title":{"rendered":"M\u00e1quina para el cuidado de la piel con hidromicrodermoabrasi\u00f3n 14 en 1 para tratamientos faciales"},"content":{"rendered":"<div class=\"J_module\">\n<div class=\"detail-decorate-json-renderer-container\">\n<div class=\"magic-1\">\n<h3>\u00bfQu\u00e9 es la hidromicrodermoabrasi\u00f3n?<\/h3>\n<p><strong>Microdermoabrasi\u00f3n hidroel\u00e9ctrica<\/strong>, tambi\u00e9n conocido como Hydra Facial, aprovecha los poderes curativos del agua y el ox\u00edgeno para exfoliar suavemente la piel. A diferencia de los m\u00e9todos tradicionales que utilizan cristales duros o varillas abrasivas, esta t\u00e9cnica garantiza una experiencia m\u00e1s suave y c\u00f3moda, lo que da como resultado una piel profundamente hidratada y rejuvenecida.<\/p>\n<p><strong>Microdermoabrasi\u00f3n hidroel\u00e9ctrica<\/strong> representa el \u00faltimo avance en tecnolog\u00eda para el cuidado de la piel. Este tratamiento innovador utiliza los poderes curativos naturales del agua y el ox\u00edgeno para exfoliar la piel sin esfuerzo, sin el uso de cristales agresivos ni varillas abrasivas. El resultado es una piel profundamente hidratada y de aspecto m\u00e1s saludable.<\/p>\n<h3><img loading=\"lazy\" decoding=\"async\" class=\"magic-20 aligncenter\" title=\"M\u00e1quina de hidromicrodermoabrasi\u00f3n\" src=\"https:\/\/sc04.alicdn.com\/kf\/H2780c66ac866421383e24440bcef06094\/247315878\/H2780c66ac866421383e24440bcef06094.png\" alt=\"M\u00e1quina de hidromicrodermoabrasi\u00f3n\" width=\"523\" height=\"546\" data-src=\"\/\/sc04.alicdn.com\/kf\/H2780c66ac866421383e24440bcef06094\/247315878\/H2780c66ac866421383e24440bcef06094.png\" \/><\/h3>\n<h3><img loading=\"lazy\" decoding=\"async\" class=\"magic-30 aligncenter\" title=\"M\u00e1quina de hidromicrodermoabrasi\u00f3n\" src=\"https:\/\/sc04.alicdn.com\/kf\/Ha86f3f2a422b416bbaeadcdd2214d986J\/247315878\/Ha86f3f2a422b416bbaeadcdd2214d986J.png\" alt=\"M\u00e1quina de hidromicrodermoabrasi\u00f3n\" width=\"600\" height=\"472\" data-src=\"\/\/sc04.alicdn.com\/kf\/Ha86f3f2a422b416bbaeadcdd2214d986J\/247315878\/Ha86f3f2a422b416bbaeadcdd2214d986J.png\" \/><\/h3>\n<h3>Presupuesto<\/h3>\n<ul>\n<li><strong>Nombre<\/strong>:M\u00e1quina para el cuidado de la piel con hidromicrodermoabrasi\u00f3n 14 en 1 para tratamientos faciales<\/li>\n<li><strong>Vac\u00edo<\/strong>: &gt;100 kPa<\/li>\n<li><strong>Tecnolog\u00eda<\/strong>: Hidrodermoabrasi\u00f3n, luz fot\u00f3nica<\/li>\n<li><strong>Salida m\u00e1xima<\/strong>:250 VA<\/li>\n<li><strong>Funcionar<\/strong>: Pantalla t\u00e1ctil de 10,4\u2033<\/li>\n<li><strong>Voltaje<\/strong>: 100-240 V CA, 50 Hz\/60 Hz<\/li>\n<li><strong>Tama\u00f1o del paquete<\/strong>: 55 x 52 x 146 cm<\/li>\n<li><strong>Peso neto<\/strong>:45 kilos<\/li>\n<\/ul>\n<h3>Caracter\u00edsticas principales<\/h3>\n<ol>\n<li><strong>Exfoliaci\u00f3n suave<\/strong>:Utiliza agua y ox\u00edgeno para un proceso de exfoliaci\u00f3n no abrasivo.<\/li>\n<li><strong>Hidrataci\u00f3n profunda<\/strong>:Proporciona una hidrataci\u00f3n profunda a la piel, dej\u00e1ndola con un aspecto m\u00e1s saludable.<\/li>\n<li><strong>Tecnolog\u00eda de luz fot\u00f3nica<\/strong>:Mejora el tratamiento con terapia de luz avanzada.<\/li>\n<li><strong>Operaci\u00f3n f\u00e1cil de usar<\/strong>:Pantalla t\u00e1ctil de 10,4\u2033 para un control f\u00e1cil e intuitivo.<\/li>\n<li><strong>Aspiradora potente<\/strong>:&gt;Fuerza de vac\u00edo de 100 Kpa para una limpieza eficaz de la piel.<\/li>\n<\/ol>\n<h3>Ventajas t\u00e9cnicas<\/h3>\n<ol>\n<li><strong>Multifuncionalidad 14 en 1<\/strong>:Combina tecnolog\u00edas de hidrodermoabrasi\u00f3n y luz de fotones en un solo dispositivo.<\/li>\n<li><strong>Configuraciones ajustables<\/strong>:Configuraciones de tratamiento personalizables para diferentes tipos y condiciones de piel.<\/li>\n<li><strong>Alto rendimiento<\/strong>:La salida m\u00e1xima de 250 VA garantiza un rendimiento eficiente y potente.<\/li>\n<li><strong>Amplio rango de voltaje<\/strong>:Funciona con 100-240 V CA, adecuado para uso global.<\/li>\n<li><strong>Dise\u00f1o compacto<\/strong>:Tama\u00f1o del paquete de 55 X 52 X 146 cm, lo que lo hace adecuado para diversos entornos de spa y cl\u00ednicas.<\/li>\n<\/ol>\n<h3>Aplicaciones<\/h3>\n<ul>\n<li><strong>Exfoliaci\u00f3n<\/strong>:Elimina suavemente las c\u00e9lulas muertas de la piel para una tez m\u00e1s suave.<\/li>\n<li><strong>Hidrataci\u00f3n<\/strong>:Hidrata profundamente la piel para una apariencia m\u00e1s saludable.<\/li>\n<li><strong>Rejuvenecimiento de la piel<\/strong>:Promueve una piel de aspecto m\u00e1s joven a trav\u00e9s de una mejor exfoliaci\u00f3n e hidrataci\u00f3n.<\/li>\n<li><strong>Terapia de luz con fotones<\/strong>:Trata diversas afecciones de la piel con tecnolog\u00eda de luz avanzada.<\/li>\n<\/ul>\n<h3><img loading=\"lazy\" decoding=\"async\" class=\"magic-22 aligncenter\" title=\"M\u00e1quina de hidromicrodermoabrasi\u00f3n\" src=\"https:\/\/sc04.alicdn.com\/kf\/H41bc4e04a9cb48cf9ec3beded24d905aR\/247315878\/H41bc4e04a9cb48cf9ec3beded24d905aR.png\" alt=\"M\u00e1quina de hidromicrodermoabrasi\u00f3n\" width=\"470\" height=\"564\" data-src=\"\/\/sc04.alicdn.com\/kf\/H41bc4e04a9cb48cf9ec3beded24d905aR\/247315878\/H41bc4e04a9cb48cf9ec3beded24d905aR.png\" \/><\/h3>\n<h3>Beneficios<\/h3>\n<ul>\n<li><strong>No abrasivo<\/strong>:Proporciona una exfoliaci\u00f3n suave pero efectiva sin cristales agresivos.<\/li>\n<li><strong>Hidrataci\u00f3n profunda<\/strong>:Mejora la hidrataci\u00f3n de la piel para un brillo radiante.<\/li>\n<li><strong>F\u00e1cil de usar<\/strong>:Interfaz de pantalla t\u00e1ctil intuitiva para una operaci\u00f3n sencilla.<\/li>\n<li><strong>Vers\u00e1til<\/strong>:Adecuado para diversos tipos y condiciones de piel.<\/li>\n<\/ul>\n<\/div>\n<\/div>\n<\/div>\n<div class=\"J_module\">\n<div class=\"icbu-pc-images magic-13\">\n<div class=\"flex-layout-v\"><\/div>\n<\/div>\n<\/div>\n<div class=\"J_module\">\n<div class=\"icbu-pc-detailManyImage magic-18\">\n<div class=\"magic-25\">\n<h3><strong>Personalizar El Logotipo De<\/strong><\/h3>\n<p>Queremos hacer de su marca se destaque? Ofrecemos logotipo modificado para requisitos particulares de los servicios que te ayudar\u00e1n a crear un entorno \u00fanico y personalizado logotipo que refleja la identidad de su marca. Nuestro equipo de expertos trabajar\u00e1 estrechamente con usted para dise\u00f1ar un logotipo que resuena con los valores de tu marca y de mensajer\u00eda. Si usted est\u00e1 buscando para renovar su logotipo existente o crear uno nuevo desde cero, lo tenemos cubierto. <a href=\"\/es\/contacto\/\">P\u00f3ngase en contacto con nosotros<\/a> hoy para aprender m\u00e1s acerca de nuestro logotipo modificado para requisitos particulares de los servicios!<\/p>\n<\/div>\n<div class=\"magic-29\"><\/div>\n<\/div>\n<\/div>","protected":false},"excerpt":{"rendered":"<p><span class=\"magic-7\" style=\"font-family: Arial;\">Hidrodermoabrasi\u00f3n (Hydra Facial): lo \u00faltimo en tecnolog\u00eda para el cuidado de la piel. La hidrodermoabrasi\u00f3n utiliza los poderes curativos naturales del agua y el ox\u00edgeno para exfoliar la piel sin esfuerzo, sin el uso de cristales duros ni varillas con textura abrasiva, lo que genera una piel profundamente hidratada y de aspecto m\u00e1s saludable.<\/span><\/p>","protected":false},"featured_media":2442,"comment_status":"open","ping_status":"closed","template":"","meta":{"_kad_post_transparent":"default","_kad_post_title":"","_kad_post_layout":"default","_kad_post_sidebar_id":"","_kad_post_content_style":"default","_kad_post_vertical_padding":"default","_kad_post_feature":"","_kad_post_feature_position":"","_kad_post_header":false,"_kad_post_footer":false,"_kad_post_classname":"","rank_math_title":"","rank_math_description":"","rank_math_focus_keyword":""},"product_brand":[],"product_cat":[33],"product_tag":[],"class_list":{"0":"post-2441","1":"product","2":"type-product","3":"status-publish","4":"has-post-thumbnail","6":"product_cat-face-care","8":"first","9":"instock","10":"shipping-taxable","11":"product-type-simple","12":"entry","13":"content-bg","14":"loop-entry"},"_links":{"self":[{"href":"https:\/\/skbty.com\/es\/wp-json\/wp\/v2\/product\/2441","targetHints":{"allow":["GET"]}}],"collection":[{"href":"https:\/\/skbty.com\/es\/wp-json\/wp\/v2\/product"}],"about":[{"href":"https:\/\/skbty.com\/es\/wp-json\/wp\/v2\/types\/product"}],"replies":[{"embeddable":true,"href":"https:\/\/skbty.com\/es\/wp-json\/wp\/v2\/comments?post=2441"}],"wp:featuredmedia":[{"embeddable":true,"href":"https:\/\/skbty.com\/es\/wp-json\/wp\/v2\/media\/2442"}],"wp:attachment":[{"href":"https:\/\/skbty.com\/es\/wp-json\/wp\/v2\/media?parent=2441"}],"wp:term":[{"taxonomy":"product_brand","embeddable":true,"href":"https:\/\/skbty.com\/es\/wp-json\/wp\/v2\/product_brand?post=2441"},{"taxonomy":"product_cat","embeddable":true,"href":"https:\/\/skbty.com\/es\/wp-json\/wp\/v2\/product_cat?post=2441"},{"taxonomy":"product_tag","embeddable":true,"href":"https:\/\/skbty.com\/es\/wp-json\/wp\/v2\/product_tag?post=2441"}],"curies":[{"name":"WP","href":"https:\/\/api.w.org\/{rel}","templated":true}]}}