{"id":2450,"date":"2024-01-11T19:09:04","date_gmt":"2024-01-11T11:09:04","guid":{"rendered":"https:\/\/skbty.com\/?post_type=product&#038;p=2450"},"modified":"2024-06-20T14:26:49","modified_gmt":"2024-06-20T06:26:49","slug":"maquina-de-belleza-facial-ret","status":"publish","type":"product","link":"https:\/\/skbty.com\/es\/producto\/maquina-de-belleza-facial-ret\/","title":{"rendered":"La m\u00e1quina de belleza RET-Face"},"content":{"rendered":"<div class=\"J_module\">\n<div class=\"ife-detail-decorate-table\">\n<h3>\u00bfQu\u00e9 es el? <strong>\u00bfM\u00e1quina de belleza RET-Face?<\/strong><\/h3>\n<p><strong>M\u00e1quina de belleza facial RET<\/strong> Combina energ\u00eda t\u00e9rmica sincronizada y tecnolog\u00eda magn\u00e9tica de pulsos de alta intensidad para levantar y tensar la piel, eliminar arrugas y regenerar la elasticidad y el col\u00e1geno de la piel. Este dispositivo avanzado est\u00e1 dise\u00f1ado para tratamientos faciales no invasivos efectivos.<\/p>\n<h3><img loading=\"lazy\" decoding=\"async\" class=\"magic-18 aligncenter\" title=\"M\u00e1quina de belleza facial RET\" src=\"https:\/\/sc04.alicdn.com\/kf\/H44c2272f4c064dd6a92a0c21b0d17b90U\/247315878\/H44c2272f4c064dd6a92a0c21b0d17b90U.png\" alt=\"M\u00e1quina de belleza facial RET\" width=\"608\" height=\"588\" data-src=\"\/\/sc04.alicdn.com\/kf\/H44c2272f4c064dd6a92a0c21b0d17b90U\/247315878\/H44c2272f4c064dd6a92a0c21b0d17b90U.png\" \/><\/h3>\n<table style=\"border-collapse: collapse; width: 100%;\">\n<tbody>\n<tr>\n<td style=\"width: 50%;\"><img loading=\"lazy\" decoding=\"async\" class=\"magic-27 aligncenter\" title=\"M\u00e1quina de belleza facial RET\" src=\"https:\/\/sc04.alicdn.com\/kf\/He9dd5a2aa2314ec7b9d4bbd3cb3d73435\/247315878\/He9dd5a2aa2314ec7b9d4bbd3cb3d73435.png\" alt=\"M\u00e1quina de belleza facial RET\" width=\"564\" height=\"337\" data-src=\"\/\/sc04.alicdn.com\/kf\/He9dd5a2aa2314ec7b9d4bbd3cb3d73435\/247315878\/He9dd5a2aa2314ec7b9d4bbd3cb3d73435.png\" \/><\/td>\n<td style=\"width: 50%;\"><img loading=\"lazy\" decoding=\"async\" class=\"magic-33 aligncenter\" title=\"M\u00e1quina de belleza facial RET\" src=\"https:\/\/sc04.alicdn.com\/kf\/Hd156d959f7ed4d19903d05c0ba2cb8e54\/247315878\/Hd156d959f7ed4d19903d05c0ba2cb8e54.png\" alt=\"M\u00e1quina de belleza facial RET\" width=\"801\" height=\"389\" data-src=\"\/\/sc04.alicdn.com\/kf\/Hd156d959f7ed4d19903d05c0ba2cb8e54\/247315878\/Hd156d959f7ed4d19903d05c0ba2cb8e54.png\" \/><\/td>\n<\/tr>\n<\/tbody>\n<\/table>\n<h3>Presupuesto<\/h3>\n<ul>\n<li><strong>Tipo<\/strong>:RET- M\u00e1quina de belleza facial<\/li>\n<li><strong>Mango de operaci\u00f3n<\/strong>:6 parches<\/li>\n<li><strong>Fuerza<\/strong>: 100-220 V 50\/60 Hz<\/li>\n<li><strong>Energ\u00eda de ondas electromagn\u00e9ticas<\/strong>:0-1,8T<\/li>\n<li><strong>Mostrar<\/strong>: Pantalla t\u00e1ctil de 10,4 pulgadas<\/li>\n<li><strong>Legumbres<\/strong>: 200\u03bcs (microsegundo)<\/li>\n<li><strong>Energ\u00eda el\u00e9ctrica<\/strong>: 40 mA<\/li>\n<li><strong>Tama\u00f1o del chasis<\/strong>: 40<em>39<\/em>40 cent\u00edmetros<\/li>\n<li><strong>Peso del embalaje<\/strong>: 19 kilos<\/li>\n<\/ul>\n<h3>Principio de funcionamiento<\/h3>\n<p>El <strong>M\u00e1quina de belleza facial RET<\/strong> Utiliza energ\u00eda t\u00e9rmica sincronizada para calentar la dermis y aumentar la producci\u00f3n de col\u00e1geno, restaurando la elasticidad de la piel y eliminando las arrugas. La tecnolog\u00eda magn\u00e9tica de pulso de alta intensidad estimula los m\u00fasculos, provocando contracciones musculares selectivas. Esta combinaci\u00f3n aumenta la intensidad y la calidad muscular, logrando el prop\u00f3sito de levantar y tensar la piel. Con energ\u00eda t\u00e9rmica y pulso alto en una sola almohadilla, levanta y reafirma eficazmente el rostro, elimina las arrugas y regenera la piel.<\/p>\n<h3>Caracter\u00edsticas principales<\/h3>\n<ol>\n<li><strong>Lifting y reafirmaci\u00f3n de la piel<\/strong>:Mejora la firmeza y elasticidad de la piel.<\/li>\n<li><strong>Eliminaci\u00f3n de arrugas<\/strong>:Reduce la aparici\u00f3n de arrugas.<\/li>\n<li><strong>Levantamiento de m\u00fasculos<\/strong>:Levanta y tonifica los m\u00fasculos faciales.<\/li>\n<li><strong>Aumenta el tono muscular y la elasticidad<\/strong>:Mejora la calidad muscular general.<\/li>\n<li><strong>Regenerar elastina y col\u00e1geno<\/strong>:Aumenta la producci\u00f3n de prote\u00ednas esenciales de la piel.<\/li>\n<\/ol>\n<h3><img loading=\"lazy\" decoding=\"async\" class=\"magic-22 aligncenter\" title=\"M\u00e1quina de belleza facial RET\" src=\"https:\/\/sc04.alicdn.com\/kf\/H5703c3be9f9c481a9159d56615913d2a3\/247315878\/H5703c3be9f9c481a9159d56615913d2a3.png\" alt=\"M\u00e1quina de belleza facial RET\" width=\"588\" height=\"466\" data-src=\"\/\/sc04.alicdn.com\/kf\/H5703c3be9f9c481a9159d56615913d2a3\/247315878\/H5703c3be9f9c481a9159d56615913d2a3.png\" \/><\/h3>\n<h3>Ventajas t\u00e9cnicas<\/h3>\n<ol>\n<li><strong>2 Terapias en un Procedimiento<\/strong>:Combina energ\u00edas sincronizadas de RF y HI-EMS para el tratamiento simult\u00e1neo de la piel y los m\u00fasculos del rostro.<\/li>\n<li><strong>No invasivo \/ Sin dolor \/ Sin agujas<\/strong>:Completamente no invasivo y sin tiempo de inactividad.<\/li>\n<li><strong>Tratamiento facial<\/strong>:Reduce las arrugas faciales, aumenta el tono y la densidad muscular, levanta el rostro y estimula la producci\u00f3n de col\u00e1geno y elastina.<\/li>\n<li><strong>Operaci\u00f3n manos libres<\/strong>:El procedimiento se ejecuta de forma independiente una vez colocados los aplicadores.<\/li>\n<li><strong>Tratamiento facial completo en 20 minutos<\/strong>:Tratamiento c\u00f3modo y de f\u00e1cil manejo que dura s\u00f3lo 20 minutos.<\/li>\n<\/ol>\n<h3><img loading=\"lazy\" decoding=\"async\" class=\"magic-29 aligncenter\" title=\"M\u00e1quina de belleza facial RET\" src=\"https:\/\/sc04.alicdn.com\/kf\/Hf331778f278745ed8b5a7aa8853dac76N\/247315878\/Hf331778f278745ed8b5a7aa8853dac76N.png\" alt=\"M\u00e1quina de belleza facial RET\" width=\"572\" height=\"424\" data-src=\"\/\/sc04.alicdn.com\/kf\/Hf331778f278745ed8b5a7aa8853dac76N\/247315878\/Hf331778f278745ed8b5a7aa8853dac76N.png\" \/><\/h3>\n<h3>Aplicaciones<\/h3>\n<ul>\n<li><strong>Lifting y tensado de la piel<\/strong>:Logra una apariencia m\u00e1s firme y juvenil.<\/li>\n<li><strong>Eliminaci\u00f3n de arrugas<\/strong>:Suaviza las l\u00edneas finas y las arrugas.<\/li>\n<li><strong>Levantamiento de m\u00fasculos<\/strong>:Mejora el tono y la elasticidad de los m\u00fasculos faciales.<\/li>\n<li><strong>Regeneraci\u00f3n de col\u00e1geno y elastina<\/strong>:Mejora la estructura y la resistencia de la piel.<\/li>\n<\/ul>\n<h3>\u00a0Usando efectos<\/h3>\n<p>El <strong>M\u00e1quina de belleza facial RET<\/strong> Proporciona un rejuvenecimiento facial integral al levantar y tensar la piel, reducir las arrugas y mejorar el tono muscular. Aumenta eficazmente la producci\u00f3n de col\u00e1geno y elastina, lo que mejora la textura y la elasticidad de la piel.<\/p>\n<\/div>\n<\/div>\n<div class=\"J_module\">\n<div class=\"icbu-pc-images magic-11\">\n<div>\n<div class=\"flex-layout-v\">\n<div class=\"flex-layout-h magic-11\">\n<div class=\"magic-34\"><img loading=\"lazy\" decoding=\"async\" class=\"magic-35 aligncenter\" src=\"https:\/\/sc04.alicdn.com\/kf\/H7d7f15a834ba430c9084ba75d1c9bae3Z\/247315878\/H7d7f15a834ba430c9084ba75d1c9bae3Z.jpg\" width=\"449\" height=\"412\" data-src=\"\/\/sc04.alicdn.com\/kf\/H7d7f15a834ba430c9084ba75d1c9bae3Z\/247315878\/H7d7f15a834ba430c9084ba75d1c9bae3Z.jpg\" \/><\/div>\n<div>\n<h3><strong>Personalizar El Logotipo De<\/strong><\/h3>\n<p>Queremos hacer de su marca se destaque? Ofrecemos logotipo modificado para requisitos particulares de los servicios que te ayudar\u00e1n a crear un entorno \u00fanico y personalizado logotipo que refleja la identidad de su marca. Nuestro equipo de expertos trabajar\u00e1 estrechamente con usted para dise\u00f1ar un logotipo que resuena con los valores de tu marca y de mensajer\u00eda. Si usted est\u00e1 buscando para renovar su logotipo existente o crear uno nuevo desde cero, lo tenemos cubierto. <a href=\"\/es\/contacto\/\">P\u00f3ngase en contacto con nosotros<\/a> hoy para aprender m\u00e1s acerca de nuestro logotipo modificado para requisitos particulares de los servicios!<\/p>\n<\/div>\n<\/div>\n<\/div>\n<\/div>\n<\/div>\n<\/div>","protected":false},"excerpt":{"rendered":"<p><span class=\"magic-9\" style=\"font-family: Arial;\">La energ\u00eda t\u00e9rmica sincronizada puede calentar la dermis y aumentar el col\u00e1geno para restaurar la elasticidad de la piel y eliminar las arrugas. Mientras que la tecnolog\u00eda de pulso magn\u00e9tico de alta intensidad puede estimular los m\u00fasculos y hacer que estos se contraigan de forma selectiva. Al aumentar la intensidad y la calidad de los m\u00fasculos, puede lograr el prop\u00f3sito de levantar y tensar la piel. Con energ\u00eda t\u00e9rmica y un pulso alto en una sola almohadilla, puede ayudar a levantar y reafirmar el rostro, eliminar las arrugas y regenerar la piel.<\/span><\/p>","protected":false},"featured_media":2451,"comment_status":"open","ping_status":"closed","template":"","meta":{"_kad_post_transparent":"default","_kad_post_title":"","_kad_post_layout":"default","_kad_post_sidebar_id":"","_kad_post_content_style":"default","_kad_post_vertical_padding":"default","_kad_post_feature":"","_kad_post_feature_position":"","_kad_post_header":false,"_kad_post_footer":false,"_kad_post_classname":"","rank_math_title":"","rank_math_description":"","rank_math_focus_keyword":""},"product_brand":[],"product_cat":[33],"product_tag":[],"class_list":{"0":"post-2450","1":"product","2":"type-product","3":"status-publish","4":"has-post-thumbnail","6":"product_cat-face-care","8":"first","9":"instock","10":"shipping-taxable","11":"product-type-simple","12":"entry","13":"content-bg","14":"loop-entry"},"_links":{"self":[{"href":"https:\/\/skbty.com\/es\/wp-json\/wp\/v2\/product\/2450","targetHints":{"allow":["GET"]}}],"collection":[{"href":"https:\/\/skbty.com\/es\/wp-json\/wp\/v2\/product"}],"about":[{"href":"https:\/\/skbty.com\/es\/wp-json\/wp\/v2\/types\/product"}],"replies":[{"embeddable":true,"href":"https:\/\/skbty.com\/es\/wp-json\/wp\/v2\/comments?post=2450"}],"wp:featuredmedia":[{"embeddable":true,"href":"https:\/\/skbty.com\/es\/wp-json\/wp\/v2\/media\/2451"}],"wp:attachment":[{"href":"https:\/\/skbty.com\/es\/wp-json\/wp\/v2\/media?parent=2450"}],"wp:term":[{"taxonomy":"product_brand","embeddable":true,"href":"https:\/\/skbty.com\/es\/wp-json\/wp\/v2\/product_brand?post=2450"},{"taxonomy":"product_cat","embeddable":true,"href":"https:\/\/skbty.com\/es\/wp-json\/wp\/v2\/product_cat?post=2450"},{"taxonomy":"product_tag","embeddable":true,"href":"https:\/\/skbty.com\/es\/wp-json\/wp\/v2\/product_tag?post=2450"}],"curies":[{"name":"WP","href":"https:\/\/api.w.org\/{rel}","templated":true}]}}