{"id":2467,"date":"2024-01-12T10:14:16","date_gmt":"2024-01-12T02:14:16","guid":{"rendered":"https:\/\/skbty.com\/?post_type=product&#038;p=2467"},"modified":"2024-06-20T11:54:42","modified_gmt":"2024-06-20T03:54:42","slug":"maquina-de-estimulacion-muscular-electromagnetica-ems-neo","status":"publish","type":"product","link":"https:\/\/skbty.com\/es\/producto\/maquina-de-estimulacion-muscular-electromagnetica-ems-neo\/","title":{"rendered":"EMS NEO Electromagn\u00e9tica de Estimulaci\u00f3n Muscular de la M\u00e1quina"},"content":{"rendered":"<div class=\"ife-detail-decorate-table\">\n<h3>\u00bfQu\u00e9 es el? <strong>\u00bfEstimulaci\u00f3n muscular electromagn\u00e9tica EMS NEO?<\/strong><\/h3>\n<p><strong>M\u00e1quina de terapia de ondas de choque para estimulaci\u00f3n muscular electromagn\u00e9tica EMS NEO<\/strong> es un dispositivo no invasivo de \u00faltima generaci\u00f3n dise\u00f1ado para eliminar las c\u00e9lulas grasas y aumentar la masa muscular. Al combinar el calentamiento por radiofrecuencia sincr\u00f3nico y las ondas electromagn\u00e9ticas focalizadas de alta intensidad, esta m\u00e1quina estimula y contrae eficazmente los m\u00fasculos, centr\u00e1ndose en zonas como el abdomen, los gl\u00fateos, los brazos, las pantorrillas y los muslos.<\/p>\n<table style=\"border-collapse: collapse; width: 100%;\">\n<tbody>\n<tr>\n<td style=\"width: 50%;\">\n<h3><img loading=\"lazy\" decoding=\"async\" class=\"magic-10 aligncenter\" title=\"EMS NEO Electromagn\u00e9tica Estimulaci\u00f3n Muscular\" src=\"https:\/\/sc04.alicdn.com\/kf\/H117dd40a6cdf4508b2a7d186cdafe78bv\/247315878\/H117dd40a6cdf4508b2a7d186cdafe78bv.png\" alt=\"EMS NEO Electromagn\u00e9tica Estimulaci\u00f3n Muscular\" width=\"397\" height=\"459\" data-src=\"\/\/sc04.alicdn.com\/kf\/H117dd40a6cdf4508b2a7d186cdafe78bv\/247315878\/H117dd40a6cdf4508b2a7d186cdafe78bv.png\" \/><\/h3>\n<\/td>\n<td style=\"width: 50%;\">\n<h3><img loading=\"lazy\" decoding=\"async\" class=\"magic-27 aligncenter\" title=\"EMS NEO Electromagn\u00e9tica Estimulaci\u00f3n Muscular\" src=\"https:\/\/sc04.alicdn.com\/kf\/H824998f7b9494ad9a31652c51aeabd4fv\/247315878\/H824998f7b9494ad9a31652c51aeabd4fv.png\" alt=\"EMS NEO Electromagn\u00e9tica Estimulaci\u00f3n Muscular\" width=\"463\" height=\"491\" data-src=\"\/\/sc04.alicdn.com\/kf\/H824998f7b9494ad9a31652c51aeabd4fv\/247315878\/H824998f7b9494ad9a31652c51aeabd4fv.png\" \/><\/h3>\n<\/td>\n<\/tr>\n<\/tbody>\n<\/table>\n<h3>Presupuesto<\/h3>\n<ul>\n<li><strong>Mango de operaci\u00f3n<\/strong>: 4 asas (refrigeraci\u00f3n por agua)<\/li>\n<li><strong>Fuerza<\/strong>:220 V 50\/60 Hz<\/li>\n<li><strong>Energ\u00eda de ondas electromagn\u00e9ticas<\/strong>:0-5T<\/li>\n<li><strong>Frecuencia de RF<\/strong>:3M<\/li>\n<li><strong>Pantalla<\/strong>: Pantalla t\u00e1ctil de 10,4 pulgadas<\/li>\n<li><strong>Legumbres<\/strong>: 300\u03bcs (microsegundos)<\/li>\n<li><strong>Tama\u00f1o de la caja<\/strong>: 54<em>43<\/em>97 cent\u00edmetros<\/li>\n<li><strong>Peso bruto<\/strong>:59 kilos<\/li>\n<\/ul>\n<h3>Principio de funcionamiento<\/h3>\n<p>El <strong>M\u00e1quina de terapia de ondas de choque para estimulaci\u00f3n muscular electromagn\u00e9tica EMS NEO<\/strong> Utiliza la tecnolog\u00eda RF Sculptor para eliminar las c\u00e9lulas grasas y aumentar la masa muscular mediante una combinaci\u00f3n de calentamiento por radiofrecuencia sincr\u00f3nico y ondas electromagn\u00e9ticas focalizadas de alta intensidad. Este m\u00e9todo no invasivo estimula las contracciones musculares y reduce los dep\u00f3sitos de grasa, centr\u00e1ndose de forma eficaz en el abdomen, los gl\u00fateos, los brazos, las pantorrillas y los muslos.<\/p>\n<h3><img loading=\"lazy\" decoding=\"async\" class=\"magic-22 aligncenter\" title=\"EMS NEO Electromagn\u00e9tica Estimulaci\u00f3n Muscular\" src=\"https:\/\/sc04.alicdn.com\/kf\/H0fea23ca612c4988a4458979cd48c6cca\/247315878\/H0fea23ca612c4988a4458979cd48c6cca.png\" alt=\"EMS NEO Electromagn\u00e9tica Estimulaci\u00f3n Muscular\" width=\"550\" height=\"369\" data-src=\"\/\/sc04.alicdn.com\/kf\/H0fea23ca612c4988a4458979cd48c6cca\/247315878\/H0fea23ca612c4988a4458979cd48c6cca.png\" \/><\/h3>\n<h3>Ventajas<\/h3>\n<ol>\n<li><strong>Desarrolla m\u00fasculos y quema grasa<\/strong>:Logra crecimiento muscular y reducci\u00f3n de grasa simult\u00e1neamente.<\/li>\n<li><strong>Lifting de cadera no invasivo<\/strong>:Proporciona una soluci\u00f3n no quir\u00fargica para el levantamiento de cadera.<\/li>\n<li><strong>Idoneidad universal<\/strong>:Apto para todos, sin necesidad de anestesia ni cirug\u00eda.<\/li>\n<li><strong>Procedimiento r\u00e1pido<\/strong>:Cada sesi\u00f3n dura s\u00f3lo 30 minutos, con cuatro sesiones espaciadas entre 2 y 3 d\u00edas.<\/li>\n<li><strong>Sensaci\u00f3n de entrenamiento intenso<\/strong>:Se siente como un entrenamiento intenso.<\/li>\n<li><strong>Seguro y sin tiempos de inactividad<\/strong>:Resultados inmediatos sin necesidad de tiempo de recuperaci\u00f3n.<\/li>\n<li><strong>Resultados visibles<\/strong>:Mejora notable despu\u00e9s de dos a cuatro semanas.<\/li>\n<li><strong>Aumento de masa muscular<\/strong>:La masa muscular aument\u00f3 en un promedio de 25%.<\/li>\n<li><strong>Grasa reducida<\/strong>:Grasa reducida en un promedio de 30%.<\/li>\n<\/ol>\n<h3><img loading=\"lazy\" decoding=\"async\" class=\"magic-31 aligncenter\" title=\"EMS NEO Electromagn\u00e9tica Estimulaci\u00f3n Muscular\" src=\"https:\/\/sc04.alicdn.com\/kf\/Hfb13a8e5eee242518b7ab1020057b956i\/247315878\/Hfb13a8e5eee242518b7ab1020057b956i.png\" alt=\"EMS NEO Electromagn\u00e9tica Estimulaci\u00f3n Muscular\" width=\"582\" height=\"296\" data-src=\"\/\/sc04.alicdn.com\/kf\/Hfb13a8e5eee242518b7ab1020057b956i\/247315878\/Hfb13a8e5eee242518b7ab1020057b956i.png\" \/><\/h3>\n<h3>Funciones<\/h3>\n<ol>\n<li><strong>Desarrollar m\u00fasculo<\/strong>:Las contracciones de alta frecuencia e intensidad (30.000 veces) entrenan y aumentan la densidad y el volumen muscular.<\/li>\n<li><strong>Reducir la grasa<\/strong>:Las contracciones musculares requieren mucha energ\u00eda, lo que conduce a la apoptosis natural de las c\u00e9lulas grasas y a una reducci\u00f3n efectiva de la grasa.<\/li>\n<li><strong>Tallado de m\u00fasculos<\/strong>:Da forma a los abdominales, cintura, gl\u00fateos y oblicuos, mejorando la definici\u00f3n muscular.<\/li>\n<li><strong>Reparaci\u00f3n de los m\u00fasculos del suelo p\u00e9lvico<\/strong>:Fortalece y restaura la firmeza y elasticidad, abordando problemas como la incontinencia urinaria y la protrusi\u00f3n abdominal inferior.<\/li>\n<\/ol>\n<h3><img loading=\"lazy\" decoding=\"async\" class=\"magic-24 aligncenter\" title=\"EMS NEO Electromagn\u00e9tica Estimulaci\u00f3n Muscular\" src=\"https:\/\/sc04.alicdn.com\/kf\/Hde65317319fa4d8b9c7d0a1d51d9720bf\/247315878\/Hde65317319fa4d8b9c7d0a1d51d9720bf.png\" alt=\"EMS NEO Electromagn\u00e9tica Estimulaci\u00f3n Muscular\" width=\"544\" height=\"630\" data-src=\"\/\/sc04.alicdn.com\/kf\/Hde65317319fa4d8b9c7d0a1d51d9720bf\/247315878\/Hde65317319fa4d8b9c7d0a1d51d9720bf.png\" \/><\/h3>\n<h3>Efectos<\/h3>\n<ol>\n<li><strong>Efecto sobre el tejido muscular<\/strong>:Con la tecnolog\u00eda HI-EMT, la expansi\u00f3n y contracci\u00f3n continua de los m\u00fasculos da como resultado una remodelaci\u00f3n profunda, crecimiento muscular y aumento de la densidad y el volumen muscular. La tecnolog\u00eda HI-EMT puede inducir alrededor de 20.000 contracciones musculares forzadas por sesi\u00f3n, logrando contracciones extremas que no son posibles mediante movimientos voluntarios.<\/li>\n<li><strong>Efecto sobre el tejido adiposo<\/strong>:Las contracciones musculares extremas de la tecnolog\u00eda HI-EMT hacen que los \u00e1cidos grasos se descompongan, los cuales luego se excretan a trav\u00e9s del metabolismo normal. Este proceso fortalece los m\u00fasculos y reduce la grasa.<\/li>\n<\/ol>\n<\/div>\n<div class=\"J_module\">\n<div class=\"icbu-pc-images magic-8\">\n<div class=\"flex-layout-v\"><\/div>\n<\/div>\n<\/div>\n<div class=\"J_module\">\n<div class=\"icbu-pc-detailManyImage magic-25\"><\/div>\n<\/div>\n<div class=\"J_module\">\n<div class=\"detail-decorate-json-renderer-container\">\n<div class=\"magic-11\">\n<div class=\"magic-17\"><\/div>\n<\/div>\n<\/div>\n<\/div>\n<div class=\"J_module\">\n<div class=\"icbu-pc-images magic-8\">\n<div>\n<div class=\"flex-layout-v\">\n<div class=\"flex-layout-h magic-8\">\n<div class=\"magic-32\"><img loading=\"lazy\" decoding=\"async\" class=\"magic-33 aligncenter\" title=\"EMS NEO Electromagn\u00e9tica Estimulaci\u00f3n Muscular\" src=\"https:\/\/sc04.alicdn.com\/kf\/He7f574c8c67a4742a26ceeb4c294e7ebR\/247315878\/He7f574c8c67a4742a26ceeb4c294e7ebR.png\" alt=\"EMS NEO Electromagn\u00e9tica Estimulaci\u00f3n Muscular\" width=\"448\" height=\"505\" data-src=\"\/\/sc04.alicdn.com\/kf\/He7f574c8c67a4742a26ceeb4c294e7ebR\/247315878\/He7f574c8c67a4742a26ceeb4c294e7ebR.png\" \/><\/div>\n<div>\n<h3><strong>Personalizar El Logotipo De<\/strong><\/h3>\n<p>Queremos hacer de su marca se destaque? Ofrecemos logotipo modificado para requisitos particulares de los servicios que te ayudar\u00e1n a crear un entorno \u00fanico y personalizado logotipo que refleja la identidad de su marca. Nuestro equipo de expertos trabajar\u00e1 estrechamente con usted para dise\u00f1ar un logotipo que resuena con los valores de tu marca y de mensajer\u00eda. Si usted est\u00e1 buscando para renovar su logotipo existente o crear uno nuevo desde cero, lo tenemos cubierto. <a href=\"\/es\/contacto\/\">P\u00f3ngase en contacto con nosotros<\/a> hoy para aprender m\u00e1s acerca de nuestro logotipo modificado para requisitos particulares de los servicios!<\/p>\n<\/div>\n<\/div>\n<\/div>\n<\/div>\n<\/div>\n<\/div>","protected":false},"excerpt":{"rendered":"<div class=\"magic-20\">Principio de funcionamiento de la m\u00e1quina de terapia de ondas de choque para estimulaci\u00f3n muscular electromagn\u00e9tica EMS NEO<\/div>\n<div class=\"magic-20\">RF Sculptor es un instrumento no invasivo que elimina las c\u00e9lulas grasas y aumenta la masa muscular mediante una combinaci\u00f3n de calentamiento por radiofrecuencia sincr\u00f3nico y ondas electromagn\u00e9ticas focalizadas de alta intensidad. Se utiliza principalmente para estimular y contraer los m\u00fasculos y reducir la grasa, incluidos el abdomen, los gl\u00fateos, los brazos, las pantorrillas y los muslos.<\/div>","protected":false},"featured_media":2468,"comment_status":"open","ping_status":"closed","template":"","meta":{"_kad_post_transparent":"default","_kad_post_title":"","_kad_post_layout":"default","_kad_post_sidebar_id":"","_kad_post_content_style":"default","_kad_post_vertical_padding":"default","_kad_post_feature":"","_kad_post_feature_position":"","_kad_post_header":false,"_kad_post_footer":false,"_kad_post_classname":"","rank_math_title":"","rank_math_description":"","rank_math_focus_keyword":""},"product_brand":[],"product_cat":[31],"product_tag":[],"class_list":{"0":"post-2467","1":"product","2":"type-product","3":"status-publish","4":"has-post-thumbnail","6":"product_cat-body-slimming","8":"first","9":"instock","10":"shipping-taxable","11":"product-type-simple","12":"entry","13":"content-bg","14":"loop-entry"},"_links":{"self":[{"href":"https:\/\/skbty.com\/es\/wp-json\/wp\/v2\/product\/2467","targetHints":{"allow":["GET"]}}],"collection":[{"href":"https:\/\/skbty.com\/es\/wp-json\/wp\/v2\/product"}],"about":[{"href":"https:\/\/skbty.com\/es\/wp-json\/wp\/v2\/types\/product"}],"replies":[{"embeddable":true,"href":"https:\/\/skbty.com\/es\/wp-json\/wp\/v2\/comments?post=2467"}],"wp:featuredmedia":[{"embeddable":true,"href":"https:\/\/skbty.com\/es\/wp-json\/wp\/v2\/media\/2468"}],"wp:attachment":[{"href":"https:\/\/skbty.com\/es\/wp-json\/wp\/v2\/media?parent=2467"}],"wp:term":[{"taxonomy":"product_brand","embeddable":true,"href":"https:\/\/skbty.com\/es\/wp-json\/wp\/v2\/product_brand?post=2467"},{"taxonomy":"product_cat","embeddable":true,"href":"https:\/\/skbty.com\/es\/wp-json\/wp\/v2\/product_cat?post=2467"},{"taxonomy":"product_tag","embeddable":true,"href":"https:\/\/skbty.com\/es\/wp-json\/wp\/v2\/product_tag?post=2467"}],"curies":[{"name":"WP","href":"https:\/\/api.w.org\/{rel}","templated":true}]}}