{"id":2486,"date":"2024-01-12T11:01:19","date_gmt":"2024-01-12T03:01:19","guid":{"rendered":"https:\/\/skbty.com\/?post_type=product&#038;p=2486"},"modified":"2024-06-19T18:07:51","modified_gmt":"2024-06-19T10:07:51","slug":"maquina-de-depilacion-y-eliminacion-de-tatuajes-con-laser-de-diodo-808-2-en-1","status":"publish","type":"product","link":"https:\/\/skbty.com\/es\/producto\/maquina-de-depilacion-y-eliminacion-de-tatuajes-con-laser-de-diodo-808-2-en-1\/","title":{"rendered":"M\u00e1quina de depilaci\u00f3n y eliminaci\u00f3n de tatuajes con l\u00e1ser de diodo 808 2 en 1"},"content":{"rendered":"<h3>\u00bfQu\u00e9 es el? <strong>\u00bfM\u00e1quina de eliminaci\u00f3n de vello y tatuajes con l\u00e1ser de diodo 808 2 en 1?<\/strong><\/h3>\n<p><strong>M\u00e1quina de depilaci\u00f3n y eliminaci\u00f3n de tatuajes con l\u00e1ser de diodo 808 2 en 1<\/strong> Combina tecnolog\u00eda avanzada para eliminar eficazmente el vello y los tatuajes. Esta m\u00e1quina utiliza m\u00faltiples longitudes de onda y ofrece un tratamiento integral para distintos tipos de piel y colores de vello, lo que garantiza resultados seguros y efectivos.<\/p>\n<table style=\"border-collapse: collapse; width: 100%;\">\n<tbody>\n<tr>\n<td style=\"width: 50%;\">\n<h3><img loading=\"lazy\" decoding=\"async\" class=\"magic-23 aligncenter\" title=\"M\u00e1quina de depilaci\u00f3n y eliminaci\u00f3n de tatuajes con l\u00e1ser de diodo 808 2 en 1\" src=\"https:\/\/sc04.alicdn.com\/kf\/Hcca0352ab6c844c29f2cd55acb3faa0dB\/247315878\/Hcca0352ab6c844c29f2cd55acb3faa0dB.png\" alt=\"M\u00e1quina de depilaci\u00f3n y eliminaci\u00f3n de tatuajes con l\u00e1ser de diodo 808 2 en 1\" width=\"480\" height=\"517\" data-src=\"\/\/sc04.alicdn.com\/kf\/Hcca0352ab6c844c29f2cd55acb3faa0dB\/247315878\/Hcca0352ab6c844c29f2cd55acb3faa0dB.png\" \/><\/h3>\n<\/td>\n<td style=\"width: 50%;\"><img loading=\"lazy\" decoding=\"async\" class=\"magic-34 aligncenter\" title=\"M\u00e1quina de depilaci\u00f3n y eliminaci\u00f3n de tatuajes con l\u00e1ser de diodo 808 2 en 1\" src=\"https:\/\/sc04.alicdn.com\/kf\/H5f33bb5d54fd4741a1fe30c0144a73faB\/247315878\/H5f33bb5d54fd4741a1fe30c0144a73faB.png\" alt=\"M\u00e1quina de depilaci\u00f3n y eliminaci\u00f3n de tatuajes con l\u00e1ser de diodo 808 2 en 1\" width=\"585\" height=\"450\" data-src=\"\/\/sc04.alicdn.com\/kf\/H5f33bb5d54fd4741a1fe30c0144a73faB\/247315878\/H5f33bb5d54fd4741a1fe30c0144a73faB.png\" \/><\/td>\n<\/tr>\n<\/tbody>\n<\/table>\n<h3>Presupuesto<\/h3>\n<ul>\n<li><strong>Nombre<\/strong>:M\u00e1quina de depilaci\u00f3n y eliminaci\u00f3n de tatuajes con l\u00e1ser de diodo 808 2 en 1<\/li>\n<li><strong>Punto de luz<\/strong>:10*20MM<\/li>\n<li><strong>Tama\u00f1o de pantalla<\/strong>: 1080\u00d71920<\/li>\n<li><strong>N\u00famero de manijas<\/strong>:50 millones de rondas<\/li>\n<li><strong>Frecuencia<\/strong>:1-10 Hz<\/li>\n<li><strong>Longitud de onda<\/strong>:808 nm, 755 nm, 1064 nm, 808 nm<\/li>\n<li><strong>Barra l\u00e1ser<\/strong>: 12 barras<\/li>\n<li><strong>Energ\u00eda<\/strong>: 1-120 J\/cm\u00b2<\/li>\n<li><strong>Potencia total<\/strong>:1800W<\/li>\n<li><strong>Ancho de pulso<\/strong>:1MS-400MS<\/li>\n<li><strong>Voltaje<\/strong>:200-240 V<\/li>\n<li><strong>Disipaci\u00f3n de calor<\/strong>: Refrigeraci\u00f3n por aire + refrigeraci\u00f3n por agua + refrigeraci\u00f3n de semiconductores<\/li>\n<li><strong>Sistema de protecci\u00f3n<\/strong>: Protecci\u00f3n de temperatura, protecci\u00f3n de voltaje, protecci\u00f3n contra escasez de agua.<\/li>\n<\/ul>\n<h3>Principio de funcionamiento<\/h3>\n<h4>Principio de depilaci\u00f3n<\/h4>\n<p><strong>Tecnolog\u00eda de depilaci\u00f3n con punto de congelaci\u00f3n 810<\/strong>:Esta tecnolog\u00eda, de origen alem\u00e1n, se basa en el principio fototermodin\u00e1mico selectivo. Mediante la regulaci\u00f3n de la longitud de onda, la energ\u00eda y el ancho de pulso, la luz penetra en la superficie de la piel hasta la ra\u00edz del fol\u00edculo piloso, da\u00f1ando el tejido del fol\u00edculo para ralentizar o detener el crecimiento del vello. El sistema de punto de congelaci\u00f3n r\u00e1pida enfr\u00eda la piel local a 5 grados Celsius, superando los efectos secundarios de la depilaci\u00f3n prematura, el da\u00f1o cut\u00e1neo y la operaci\u00f3n compleja.<\/p>\n<h4>Principio del l\u00e1ser<\/h4>\n<p><strong>Modo Q-Switching y principio de fotoblasting<\/strong>:El l\u00e1ser emite una alta energ\u00eda concentrada de forma instant\u00e1nea, lo que permite que el l\u00e1ser de longitud de onda fija penetre en la epidermis y llegue r\u00e1pidamente al tejido enfermo. La masa de pigmento se calienta, se expande y explota en part\u00edculas finas, que son fagocitadas por los macr\u00f3fagos y expulsadas a trav\u00e9s del sistema linf\u00e1tico. El pigmento se desvanece y desaparece sin da\u00f1ar el tejido cut\u00e1neo normal circundante.<\/p>\n<table style=\"border-collapse: collapse; width: 100%;\">\n<tbody>\n<tr>\n<td style=\"width: 50%;\"><img loading=\"lazy\" decoding=\"async\" class=\"magic-19 aligncenter\" title=\"M\u00e1quina de depilaci\u00f3n y eliminaci\u00f3n de tatuajes con l\u00e1ser de diodo 808 2 en 1\" src=\"https:\/\/sc04.alicdn.com\/kf\/H178eff0920694d27a127e160725a0e64D\/247315878\/H178eff0920694d27a127e160725a0e64D.png\" alt=\"M\u00e1quina de depilaci\u00f3n y eliminaci\u00f3n de tatuajes con l\u00e1ser de diodo 808 2 en 1\" width=\"689\" height=\"350\" data-src=\"\/\/sc04.alicdn.com\/kf\/H178eff0920694d27a127e160725a0e64D\/247315878\/H178eff0920694d27a127e160725a0e64D.png\" \/><\/td>\n<td style=\"width: 50%;\"><img loading=\"lazy\" decoding=\"async\" class=\"magic-21 aligncenter\" title=\"M\u00e1quina de depilaci\u00f3n y eliminaci\u00f3n de tatuajes con l\u00e1ser de diodo 808 2 en 1\" src=\"https:\/\/sc04.alicdn.com\/kf\/Hc9c89b38662944938315c62adb30cc5eY\/247315878\/Hc9c89b38662944938315c62adb30cc5eY.png\" alt=\"M\u00e1quina de depilaci\u00f3n y eliminaci\u00f3n de tatuajes con l\u00e1ser de diodo 808 2 en 1\" width=\"455\" height=\"287\" data-src=\"\/\/sc04.alicdn.com\/kf\/Hc9c89b38662944938315c62adb30cc5eY\/247315878\/Hc9c89b38662944938315c62adb30cc5eY.png\" \/><\/td>\n<\/tr>\n<\/tbody>\n<\/table>\n<h3>Teor\u00eda de la depilaci\u00f3n l\u00e1ser de diodo de 755\/808\/1064 nm<\/h3>\n<ul>\n<li><strong>L\u00e1ser de diodo de 808 nm<\/strong>:L\u00e1ser de diodo de alta tecnolog\u00eda que reduce a la mitad el tiempo de tratamiento, lo que lo hace eficiente para \u00e1reas m\u00e1s grandes y garantiza una depilaci\u00f3n r\u00e1pida y efectiva.<\/li>\n<li><strong>L\u00e1ser de diodo 1064 nm<\/strong>:Ideal para pieles m\u00e1s oscuras, proporciona una depilaci\u00f3n segura y un rejuvenecimiento de la piel con un fuerte enfriamiento para un tratamiento c\u00f3modo.<\/li>\n<li><strong>L\u00e1ser de diodo de 755 nm<\/strong>:Eficaz para cabello rubio y fino, proporcionando una experiencia de tratamiento c\u00f3moda y tiempos de tratamiento m\u00e1s cortos.<\/li>\n<\/ul>\n<h3><img loading=\"lazy\" decoding=\"async\" class=\"magic-30 aligncenter\" title=\"M\u00e1quina de depilaci\u00f3n y eliminaci\u00f3n de tatuajes con l\u00e1ser de diodo 808 2 en 1\" src=\"https:\/\/sc04.alicdn.com\/kf\/H0899b67941c348e39e6762b4892d9dab8\/247315878\/H0899b67941c348e39e6762b4892d9dab8.png\" alt=\"M\u00e1quina de depilaci\u00f3n y eliminaci\u00f3n de tatuajes con l\u00e1ser de diodo 808 2 en 1\" width=\"901\" height=\"330\" data-src=\"\/\/sc04.alicdn.com\/kf\/H0899b67941c348e39e6762b4892d9dab8\/247315878\/H0899b67941c348e39e6762b4892d9dab8.png\" \/><\/h3>\n<h3>Ventajas de las ondas de 755 nm, 808 nm y 1064 nm<\/h3>\n<ul>\n<li><strong>Velocidad 808nm<\/strong>:La longitud de onda est\u00e1ndar de oro para todo tipo de cabello.<\/li>\n<li><strong>Alex 755nm<\/strong>:Especialmente eficaz para cabellos rubios y finos.<\/li>\n<li><strong>Onda larga 1064 nm<\/strong>:Eficaz para pieles oscuras y bronceadas.<\/li>\n<\/ul>\n<h3><img loading=\"lazy\" decoding=\"async\" class=\"magic-32 aligncenter\" title=\"M\u00e1quina de depilaci\u00f3n y eliminaci\u00f3n de tatuajes con l\u00e1ser de diodo 808 2 en 1\" src=\"https:\/\/sc04.alicdn.com\/kf\/H0b8b12d6e1ec4f668c6c1f124d4d4fa0m\/247315878\/H0b8b12d6e1ec4f668c6c1f124d4d4fa0m.png\" alt=\"M\u00e1quina de depilaci\u00f3n y eliminaci\u00f3n de tatuajes con l\u00e1ser de diodo 808 2 en 1\" width=\"455\" height=\"523\" data-src=\"\/\/sc04.alicdn.com\/kf\/H0b8b12d6e1ec4f668c6c1f124d4d4fa0m\/247315878\/H0b8b12d6e1ec4f668c6c1f124d4d4fa0m.png\" \/><\/h3>\n<h3>Ventajas<\/h3>\n<ol>\n<li><strong>Funciones integrales<\/strong>:Combina depilaci\u00f3n, lifting de piel, eliminaci\u00f3n de tatuajes y rejuvenecimiento de la piel.<\/li>\n<li><strong>Interfaz f\u00e1cil de usar<\/strong>:Pantalla t\u00e1ctil de alta resoluci\u00f3n de 1080 \u00d7 1920 para una f\u00e1cil operaci\u00f3n.<\/li>\n<li><strong>Sistema de refrigeraci\u00f3n avanzado<\/strong>:Refrigeraci\u00f3n por aire, refrigeraci\u00f3n por agua y refrigeraci\u00f3n de semiconductores para tratamientos seguros y confortables.<\/li>\n<li><strong>Sistemas de protecci\u00f3n m\u00faltiple<\/strong>:Incluye protecci\u00f3n contra temperatura, voltaje y escasez de agua.<\/li>\n<li><strong>Longitudes de onda vers\u00e1tiles<\/strong>:Adecuado para varios colores de cabello y tipos de piel.<\/li>\n<li><strong>Servicios OEM y ODM<\/strong>:Opciones personalizables de logotipos, idiomas e interfaces para satisfacer necesidades espec\u00edficas.<\/li>\n<\/ol>\n<h3>Aplicaciones<\/h3>\n<ul>\n<li><strong>Depilaci\u00f3n r\u00e1pida y permanente<\/strong><\/li>\n<li><strong>Eliminaci\u00f3n de tatuajes<\/strong><\/li>\n<li><strong>Rejuvenecimiento y blanqueamiento de la piel<\/strong><\/li>\n<li><strong>Eliminaci\u00f3n de arrugas y lifting de la piel<\/strong><\/li>\n<li><strong>Eliminaci\u00f3n de pigmentos<\/strong><\/li>\n<li><strong>Tratamiento del acn\u00e9<\/strong><\/li>\n<li><strong>Terapia vascular<\/strong><\/li>\n<\/ul>\n<h3><img loading=\"lazy\" decoding=\"async\" class=\"magic-25 aligncenter\" title=\"M\u00e1quina de depilaci\u00f3n y eliminaci\u00f3n de tatuajes con l\u00e1ser de diodo 808 2 en 1\" src=\"https:\/\/sc04.alicdn.com\/kf\/Ha8a7754b8d33400381abc3ae534622e8x\/247315878\/Ha8a7754b8d33400381abc3ae534622e8x.png\" alt=\"M\u00e1quina de depilaci\u00f3n y eliminaci\u00f3n de tatuajes con l\u00e1ser de diodo 808 2 en 1\" width=\"574\" height=\"719\" data-src=\"\/\/sc04.alicdn.com\/kf\/Ha8a7754b8d33400381abc3ae534622e8x\/247315878\/Ha8a7754b8d33400381abc3ae534622e8x.png\" \/><\/h3>\n<h3>Efectos<\/h3>\n<p>El <strong>M\u00e1quina de depilaci\u00f3n y eliminaci\u00f3n de tatuajes con l\u00e1ser de diodo 808 2 en 1<\/strong> Proporciona resultados efectivos y duraderos para la depilaci\u00f3n, eliminaci\u00f3n de tatuajes y rejuvenecimiento de la piel. Mejora la textura, elasticidad y apariencia general de la piel, al mismo tiempo que garantiza seguridad y comodidad.<\/p>\n<h3><strong>Personalizar El Logotipo De<\/strong><\/h3>\n<p>Queremos hacer de su marca se destaque? Ofrecemos logotipo modificado para requisitos particulares de los servicios que te ayudar\u00e1n a crear un entorno \u00fanico y personalizado logotipo que refleja la identidad de su marca. Nuestro equipo de expertos trabajar\u00e1 estrechamente con usted para dise\u00f1ar un logotipo que resuena con los valores de tu marca y de mensajer\u00eda. Si usted est\u00e1 buscando para renovar su logotipo existente o crear uno nuevo desde cero, lo tenemos cubierto. <a href=\"\/es\/contacto\/\">P\u00f3ngase en contacto con nosotros<\/a> hoy para aprender m\u00e1s acerca de nuestro logotipo modificado para requisitos particulares de los servicios!<\/p>","protected":false},"excerpt":{"rendered":"<p><span class=\"magic-9\" style=\"font-family: Arial;\"><b>Principio de depilaci\u00f3n: <\/b>La tecnolog\u00eda de depilaci\u00f3n de punto de congelaci\u00f3n 810 se origin\u00f3 en Alemania, se basa en el principio fototermodin\u00e1mico selectivo, a trav\u00e9s de una regulaci\u00f3n razonable de la longitud de onda, la energ\u00eda y el ancho del pulso, de modo que la luz a trav\u00e9s de la superficie de la piel hasta la ra\u00edz del fol\u00edculo piloso, el tejido del fol\u00edculo piloso se da\u00f1a y el crecimiento es lento o no hay crecimiento.<\/span><br \/>\n<span class=\"magic-9\" style=\"font-family: Arial;\"><b>Principio del l\u00e1ser: <\/b>Al adoptar el modo de conmutaci\u00f3n Q de gema y el principio de fotoblasting, la alta energ\u00eda concentrada del l\u00e1ser se emite instant\u00e1neamente, de modo que el l\u00e1ser con longitud de onda fija puede penetrar la epidermis instant\u00e1neamente y llegar al tejido enfermo en muy poco tiempo. <\/span><\/p>","protected":false},"featured_media":2487,"comment_status":"open","ping_status":"closed","template":"","meta":{"_kad_post_transparent":"default","_kad_post_title":"","_kad_post_layout":"default","_kad_post_sidebar_id":"","_kad_post_content_style":"default","_kad_post_vertical_padding":"default","_kad_post_feature":"","_kad_post_feature_position":"","_kad_post_header":false,"_kad_post_footer":false,"_kad_post_classname":"","rank_math_title":"","rank_math_description":"","rank_math_focus_keyword":""},"product_brand":[],"product_cat":[66],"product_tag":[],"class_list":{"0":"post-2486","1":"product","2":"type-product","3":"status-publish","4":"has-post-thumbnail","6":"product_cat-2-in-1-808nmpico","8":"first","9":"instock","10":"shipping-taxable","11":"product-type-simple","12":"entry","13":"content-bg","14":"loop-entry"},"_links":{"self":[{"href":"https:\/\/skbty.com\/es\/wp-json\/wp\/v2\/product\/2486","targetHints":{"allow":["GET"]}}],"collection":[{"href":"https:\/\/skbty.com\/es\/wp-json\/wp\/v2\/product"}],"about":[{"href":"https:\/\/skbty.com\/es\/wp-json\/wp\/v2\/types\/product"}],"replies":[{"embeddable":true,"href":"https:\/\/skbty.com\/es\/wp-json\/wp\/v2\/comments?post=2486"}],"wp:featuredmedia":[{"embeddable":true,"href":"https:\/\/skbty.com\/es\/wp-json\/wp\/v2\/media\/2487"}],"wp:attachment":[{"href":"https:\/\/skbty.com\/es\/wp-json\/wp\/v2\/media?parent=2486"}],"wp:term":[{"taxonomy":"product_brand","embeddable":true,"href":"https:\/\/skbty.com\/es\/wp-json\/wp\/v2\/product_brand?post=2486"},{"taxonomy":"product_cat","embeddable":true,"href":"https:\/\/skbty.com\/es\/wp-json\/wp\/v2\/product_cat?post=2486"},{"taxonomy":"product_tag","embeddable":true,"href":"https:\/\/skbty.com\/es\/wp-json\/wp\/v2\/product_tag?post=2486"}],"curies":[{"name":"WP","href":"https:\/\/api.w.org\/{rel}","templated":true}]}}