{"id":2504,"date":"2024-01-15T16:49:35","date_gmt":"2024-01-15T08:49:35","guid":{"rendered":"https:\/\/skbty.com\/?post_type=product&#038;p=2504"},"modified":"2024-06-19T17:32:24","modified_gmt":"2024-06-19T09:32:24","slug":"maquina-de-depilacion-laser-2-en-1-de-810-nm","status":"publish","type":"product","link":"https:\/\/skbty.com\/es\/producto\/maquina-de-depilacion-laser-2-en-1-de-810-nm\/","title":{"rendered":"M\u00e1quina de depilaci\u00f3n l\u00e1ser 2 en 1 de 810 nm"},"content":{"rendered":"<div class=\"J_module\">\n<div class=\"icbu-pc-images magic-1\">\n<div class=\"flex-layout-v\">\n<div class=\"flex-layout-h magic-1\">\n<div>\n<h3>\u00bfQu\u00e9 es el? <strong>\u00bfM\u00e1quina de depilaci\u00f3n l\u00e1ser de 810 nm?<\/strong><\/h3>\n<p><strong>M\u00e1quina de depilaci\u00f3n l\u00e1ser de 810 nm<\/strong>\u00a0Ofrece soluciones avanzadas para la depilaci\u00f3n eficaz y el rejuvenecimiento de la piel. Utilizando la teor\u00eda de la fotopir\u00f3lisis selectiva, esta tecnolog\u00eda garantiza tratamientos seguros y eficientes, que act\u00faan sobre los fol\u00edculos pilosos sin da\u00f1ar la epidermis.<\/p>\n<table style=\"border-collapse: collapse; width: 100%;\">\n<tbody>\n<tr>\n<td style=\"width: 50%;\"><img loading=\"lazy\" decoding=\"async\" class=\"magic-3 aligncenter\" title=\"M\u00e1quina de depilaci\u00f3n l\u00e1ser de diodo de 810 nm\" src=\"https:\/\/sc04.alicdn.com\/kf\/H84af7914dc6f400c9e31c9f9e3cfdfbeX\/247315878\/H84af7914dc6f400c9e31c9f9e3cfdfbeX.png\" alt=\"M\u00e1quina de depilaci\u00f3n l\u00e1ser de diodo de 810 nm\" width=\"376\" height=\"539\" data-src=\"\/\/sc04.alicdn.com\/kf\/H84af7914dc6f400c9e31c9f9e3cfdfbeX\/247315878\/H84af7914dc6f400c9e31c9f9e3cfdfbeX.png\" \/><\/td>\n<td style=\"width: 50%;\"><img loading=\"lazy\" decoding=\"async\" class=\"magic-25 aligncenter\" title=\"M\u00e1quina de depilaci\u00f3n l\u00e1ser de diodo de 810 nm\" src=\"https:\/\/sc04.alicdn.com\/kf\/H0ea90e565ae14079866dc13b59005e1bX\/247315878\/H0ea90e565ae14079866dc13b59005e1bX.png\" alt=\"M\u00e1quina de depilaci\u00f3n l\u00e1ser de diodo de 810 nm\" width=\"355\" height=\"544\" data-src=\"\/\/sc04.alicdn.com\/kf\/H0ea90e565ae14079866dc13b59005e1bX\/247315878\/H0ea90e565ae14079866dc13b59005e1bX.png\" \/><\/td>\n<\/tr>\n<\/tbody>\n<\/table>\n<h3>Presupuesto<\/h3>\n<h4>M\u00e1quina de depilaci\u00f3n l\u00e1ser de 810 nm<\/h4>\n<ul>\n<li><strong>Potencia de entrada<\/strong>:600 W ~ 1000 W<\/li>\n<li><strong>Potencia de salida<\/strong>:600 W ~ 1200 W<\/li>\n<li><strong>Frecuencia<\/strong>:1-10 Hz<\/li>\n<li><strong>Sistema de enfriamiento<\/strong>: Refrigerado por aire + refrigerado por agua + semiconductor<\/li>\n<li><strong>\u00c1rea de cobertura<\/strong>: 12 x 25 mm<\/li>\n<li><strong>Ancho de pulso<\/strong>:30-400 ms<\/li>\n<li><strong>Densidad de energ\u00eda<\/strong>: 10 ~ 180 J\/cm\u00b2<\/li>\n<li><strong>Peso total<\/strong>:60 kg<\/li>\n<li><strong>Tama\u00f1o del embalaje<\/strong>:60cm<em>60 cent\u00edmetros<\/em>130 cm<\/li>\n<\/ul>\n<h4>L\u00e1ser<\/h4>\n<ul>\n<li><strong>Potencia de entrada<\/strong>:450W~<\/li>\n<li><strong>Potencia de salida<\/strong>:450W~<\/li>\n<li><strong>Frecuencia<\/strong>:1-10 Hz<\/li>\n<li><strong>Sistema de enfriamiento<\/strong>: Refrigerado por aire + refrigerado por agua + semiconductor<\/li>\n<li><strong>\u00c1rea de cobertura<\/strong>: 1 ~ 10 mm<\/li>\n<li><strong>Densidad de energ\u00eda<\/strong>: 1~10 J\/cm\u00b2<\/li>\n<\/ul>\n<table style=\"border-collapse: collapse; width: 100%;\">\n<tbody>\n<tr>\n<td style=\"width: 50%;\"><img loading=\"lazy\" decoding=\"async\" class=\"magic-27 aligncenter\" title=\"M\u00e1quina de depilaci\u00f3n l\u00e1ser de diodo de 810 nm\" src=\"https:\/\/sc04.alicdn.com\/kf\/Ha1a6b3debfda4f288a1f2d7eadff1a6fk\/247315878\/Ha1a6b3debfda4f288a1f2d7eadff1a6fk.png\" alt=\"M\u00e1quina de depilaci\u00f3n l\u00e1ser de diodo de 810 nm\" width=\"443\" height=\"305\" data-src=\"\/\/sc04.alicdn.com\/kf\/Ha1a6b3debfda4f288a1f2d7eadff1a6fk\/247315878\/Ha1a6b3debfda4f288a1f2d7eadff1a6fk.png\" \/><\/td>\n<td style=\"width: 50%;\"><img loading=\"lazy\" decoding=\"async\" class=\"magic-29 aligncenter\" title=\"M\u00e1quina de depilaci\u00f3n l\u00e1ser de diodo de 810 nm\" src=\"https:\/\/sc04.alicdn.com\/kf\/H781ed3836a98417eab2d78d647d2edaaf\/247315878\/H781ed3836a98417eab2d78d647d2edaaf.png\" alt=\"M\u00e1quina de depilaci\u00f3n l\u00e1ser de diodo de 810 nm\" width=\"495\" height=\"303\" data-src=\"\/\/sc04.alicdn.com\/kf\/H781ed3836a98417eab2d78d647d2edaaf\/247315878\/H781ed3836a98417eab2d78d647d2edaaf.png\" \/><\/td>\n<\/tr>\n<\/tbody>\n<\/table>\n<h3><img loading=\"lazy\" decoding=\"async\" class=\"magic-18 aligncenter\" title=\"M\u00e1quina de depilaci\u00f3n l\u00e1ser de diodo de 810 nm\" src=\"https:\/\/sc04.alicdn.com\/kf\/H67108350b9924046a5b06043f9fc9d32b\/247315878\/H67108350b9924046a5b06043f9fc9d32b.png\" alt=\"M\u00e1quina de depilaci\u00f3n l\u00e1ser de diodo de 810 nm\" width=\"438\" height=\"342\" data-src=\"\/\/sc04.alicdn.com\/kf\/H67108350b9924046a5b06043f9fc9d32b\/247315878\/H67108350b9924046a5b06043f9fc9d32b.png\" \/><\/h3>\n<h3>Principio de funcionamiento<\/h3>\n<p>El principio b\u00e1sico de <strong>Depilaci\u00f3n l\u00e1ser con semiconductores<\/strong> Se basa en la teor\u00eda de la fotopir\u00f3lisis selectiva. Este m\u00e9todo, que utiliza longitudes de onda multibanda de 810 nm a 1064 nm, ofrece una amplia cobertura y es f\u00e1cilmente absorbido por los fol\u00edculos pilosos sin da\u00f1ar la epidermis. La energ\u00eda luminosa emitida es absorbida por la pigmentaci\u00f3n del fol\u00edculo piloso y convertida en calor, lo que aumenta la temperatura de los fol\u00edculos pilosos. Una vez que la temperatura alcanza un cierto nivel, causa da\u00f1os irreversibles en los fol\u00edculos. Con el tiempo, los fol\u00edculos pilosos da\u00f1ados se excretan a trav\u00e9s del metabolismo corporal, logrando una depilaci\u00f3n permanente despu\u00e9s de 4-5 tratamientos, al mismo tiempo que se rejuvenece la piel.<\/p>\n<p>El principio de funcionamiento del <strong>Mango l\u00e1ser<\/strong> El l\u00e1ser se concentra y enfoca. Cada fuente de luz l\u00e1ser proporciona un efecto de onda de choque eficiente 10% en el tejido de la piel, aplastando los melanocitos en la capa de la epidermis y conduciendo la onda de choque a la capa profunda de la dermis. Este proceso inicia la reparaci\u00f3n de los factores de crecimiento, promueve la renovaci\u00f3n y proliferaci\u00f3n de las fibras de col\u00e1geno y elastina, acelera el metabolismo de la piel y mejora la excreci\u00f3n de melanina, abordando eficazmente los problemas de pigmentaci\u00f3n profunda.<\/p>\n<table style=\"border-collapse: collapse; width: 100%;\">\n<tbody>\n<tr>\n<td style=\"width: 50%;\"><img loading=\"lazy\" decoding=\"async\" class=\"magic-21 aligncenter\" title=\"M\u00e1quina de depilaci\u00f3n l\u00e1ser de diodo de 810 nm\" src=\"https:\/\/sc04.alicdn.com\/kf\/Hb309ed3e12d2411db542f5dbabc16363n\/247315878\/Hb309ed3e12d2411db542f5dbabc16363n.png\" alt=\"M\u00e1quina de depilaci\u00f3n l\u00e1ser de diodo de 810 nm\" width=\"535\" height=\"364\" data-src=\"\/\/sc04.alicdn.com\/kf\/Hb309ed3e12d2411db542f5dbabc16363n\/247315878\/Hb309ed3e12d2411db542f5dbabc16363n.png\" \/><\/td>\n<td style=\"width: 50%;\"><img loading=\"lazy\" decoding=\"async\" class=\"magic-23 aligncenter\" title=\"M\u00e1quina de depilaci\u00f3n l\u00e1ser de diodo de 810 nm\" src=\"https:\/\/sc04.alicdn.com\/kf\/H9f6c9cae2fca4e69999ae872c8ce7d29e\/247315878\/H9f6c9cae2fca4e69999ae872c8ce7d29e.png\" alt=\"M\u00e1quina de depilaci\u00f3n l\u00e1ser de diodo de 810 nm\" width=\"463\" height=\"435\" data-src=\"\/\/sc04.alicdn.com\/kf\/H9f6c9cae2fca4e69999ae872c8ce7d29e\/247315878\/H9f6c9cae2fca4e69999ae872c8ce7d29e.png\" \/><\/td>\n<\/tr>\n<\/tbody>\n<\/table>\n<h3>Ventajas<\/h3>\n<ol>\n<li><strong>Fotopir\u00f3lisis selectiva<\/strong>:Act\u00faa sobre los fol\u00edculos pilosos sin da\u00f1ar la epidermis.<\/li>\n<li><strong>Amplia cobertura de longitud de onda<\/strong>:Multibanda de 810 nm a 1064 nm para tratamientos efectivos.<\/li>\n<li><strong>Depilaci\u00f3n eficaz<\/strong>:Logra la eliminaci\u00f3n permanente del vello con 4-5 tratamientos.<\/li>\n<li><strong>Rejuvenecimiento de la piel<\/strong>:Rejuvenece simult\u00e1neamente la piel durante la depilaci\u00f3n.<\/li>\n<li><strong>Sistema de refrigeraci\u00f3n avanzado<\/strong>:Combina refrigeraci\u00f3n por aire, agua y semiconductores para un rendimiento \u00f3ptimo.<\/li>\n<li><strong>Alta densidad energ\u00e9tica<\/strong>:Ofrece tratamientos potentes y efectivos.<\/li>\n<\/ol>\n<h3>Beneficios<\/h3>\n<ul>\n<li><strong>Depilaci\u00f3n permanente<\/strong>:Elimina eficazmente el vello y previene su nuevo crecimiento.<\/li>\n<li><strong>Rejuvenecimiento de la piel<\/strong>:Mejora la textura y la apariencia de la piel.<\/li>\n<li><strong>Seguro y no invasivo<\/strong>:Minimiza el da\u00f1o a la piel circundante.<\/li>\n<li><strong>Tratamientos r\u00e1pidos<\/strong>:Cubre eficazmente grandes \u00e1reas de tratamiento.<\/li>\n<li><strong>Mayor comodidad<\/strong>:El sistema de enfriamiento avanzado garantiza una experiencia c\u00f3moda.<\/li>\n<\/ul>\n<h3><strong>Personalizar El Logotipo De<\/strong><\/h3>\n<p>Queremos hacer de su marca se destaque? Ofrecemos logotipo modificado para requisitos particulares de los servicios que te ayudar\u00e1n a crear un entorno \u00fanico y personalizado logotipo que refleja la identidad de su marca. Nuestro equipo de expertos trabajar\u00e1 estrechamente con usted para dise\u00f1ar un logotipo que resuena con los valores de tu marca y de mensajer\u00eda. Si usted est\u00e1 buscando para renovar su logotipo existente o crear uno nuevo desde cero, lo tenemos cubierto. <a href=\"\/es\/contacto\/\">P\u00f3ngase en contacto con nosotros<\/a> hoy para aprender m\u00e1s acerca de nuestro logotipo modificado para requisitos particulares de los servicios!<\/p>\n<\/div>\n<div><\/div>\n<\/div>\n<\/div>\n<\/div>\n<\/div>","protected":false},"excerpt":{"rendered":"<div class=\"J_module\">\n<div class=\"detail-decorate-json-renderer-container\">\n<div class=\"magic-4\">\n<div class=\"magic-6\">\n<div class=\"magic-7\">\n<div class=\"magic-8\"><span class=\"magic-12\" style=\"font-family: Arial;\"><b>El principio b\u00e1sico de la depilaci\u00f3n l\u00e1ser semiconductora<\/b> Es la teor\u00eda de la fotopir\u00f3lisis selectiva, multibanda de 810 nm ~ 1064 nm, amplia cobertura, f\u00e1cil de absorber sin da\u00f1ar los fol\u00edculos pilosos de color epid\u00e9rmico.<br \/>\n<\/span><\/div>\n<\/div>\n<\/div>\n<\/div>\n<\/div>\n<\/div>\n<div class=\"J_module\">\n<div class=\"detail-decorate-json-renderer-container\">\n<div class=\"magic-4\">\n<div class=\"magic-6\">\n<div class=\"magic-7\">\n<div class=\"magic-8\"><span class=\"magic-12\" style=\"font-family: Arial;\"><b>El principio de funcionamiento del mango l\u00e1ser.<\/b> es concentrar y enfocar la energ\u00eda del l\u00e1ser, cada fuente de luz l\u00e1ser proporciona 10% del eficiente efecto de onda de choque del tejido de la piel, aplasta los melanocitos de la capa de la epidermis y conduce la onda de choque a la capa de la dermis profunda.<\/span><\/div>\n<\/div>\n<\/div>\n<\/div>\n<\/div>\n<\/div>","protected":false},"featured_media":2505,"comment_status":"open","ping_status":"closed","template":"","meta":{"_kad_post_transparent":"default","_kad_post_title":"","_kad_post_layout":"default","_kad_post_sidebar_id":"","_kad_post_content_style":"default","_kad_post_vertical_padding":"default","_kad_post_feature":"","_kad_post_feature_position":"","_kad_post_header":false,"_kad_post_footer":false,"_kad_post_classname":"","rank_math_title":"","rank_math_description":"","rank_math_focus_keyword":""},"product_brand":[],"product_cat":[66],"product_tag":[],"class_list":{"0":"post-2504","1":"product","2":"type-product","3":"status-publish","4":"has-post-thumbnail","6":"product_cat-2-in-1-808nmpico","8":"first","9":"instock","10":"shipping-taxable","11":"product-type-simple","12":"entry","13":"content-bg","14":"loop-entry"},"_links":{"self":[{"href":"https:\/\/skbty.com\/es\/wp-json\/wp\/v2\/product\/2504","targetHints":{"allow":["GET"]}}],"collection":[{"href":"https:\/\/skbty.com\/es\/wp-json\/wp\/v2\/product"}],"about":[{"href":"https:\/\/skbty.com\/es\/wp-json\/wp\/v2\/types\/product"}],"replies":[{"embeddable":true,"href":"https:\/\/skbty.com\/es\/wp-json\/wp\/v2\/comments?post=2504"}],"wp:featuredmedia":[{"embeddable":true,"href":"https:\/\/skbty.com\/es\/wp-json\/wp\/v2\/media\/2505"}],"wp:attachment":[{"href":"https:\/\/skbty.com\/es\/wp-json\/wp\/v2\/media?parent=2504"}],"wp:term":[{"taxonomy":"product_brand","embeddable":true,"href":"https:\/\/skbty.com\/es\/wp-json\/wp\/v2\/product_brand?post=2504"},{"taxonomy":"product_cat","embeddable":true,"href":"https:\/\/skbty.com\/es\/wp-json\/wp\/v2\/product_cat?post=2504"},{"taxonomy":"product_tag","embeddable":true,"href":"https:\/\/skbty.com\/es\/wp-json\/wp\/v2\/product_tag?post=2504"}],"curies":[{"name":"WP","href":"https:\/\/api.w.org\/{rel}","templated":true}]}}