{"id":2512,"date":"2024-01-15T17:03:37","date_gmt":"2024-01-15T09:03:37","guid":{"rendered":"https:\/\/skbty.com\/?post_type=product&#038;p=2512"},"modified":"2024-06-19T16:51:17","modified_gmt":"2024-06-19T08:51:17","slug":"maquina-facial-de-oxigeno-3-en-1","status":"publish","type":"product","link":"https:\/\/skbty.com\/es\/producto\/maquina-facial-de-oxigeno-3-en-1\/","title":{"rendered":"M\u00e1quina facial de ox\u00edgeno 3 en 1"},"content":{"rendered":"<div class=\"J_module\">\n<div class=\"icbu-pc-images magic-1\">\n<div class=\"flex-layout-v\">\n<h3>\u00bfQu\u00e9 es el? <strong>\u00bfM\u00e1quina facial de ox\u00edgeno 3 en 1?<\/strong><\/h3>\n<p><strong>M\u00e1quina facial de ox\u00edgeno 3 en 1<\/strong> es un dispositivo de vanguardia para el cuidado de la piel que utiliza una combinaci\u00f3n de rejuvenecimiento din\u00e1mico con ox\u00edgeno y tecnolog\u00eda de radiofrecuencia de tercera generaci\u00f3n. Al activar el mecanismo del estado natural del cuerpo (el efecto Bohr), esta m\u00e1quina mejora los niveles de ox\u00edgeno de la piel, estimula el metabolismo celular y acelera la reparaci\u00f3n de la piel. Mejora la textura de la piel desde adentro hacia afuera.<\/p>\n<table style=\"border-collapse: collapse; width: 100%;\">\n<tbody>\n<tr>\n<td style=\"width: 50%;\">\n<h3><img loading=\"lazy\" decoding=\"async\" class=\"magic-3 aligncenter\" title=\"M\u00e1quina facial de ox\u00edgeno\" src=\"https:\/\/sc04.alicdn.com\/kf\/H07f61b0e8b1b43b18f07aa52599b8d0aT\/247315878\/H07f61b0e8b1b43b18f07aa52599b8d0aT.png\" alt=\"M\u00e1quina facial de ox\u00edgeno\" width=\"414\" height=\"527\" data-src=\"\/\/sc04.alicdn.com\/kf\/H07f61b0e8b1b43b18f07aa52599b8d0aT\/247315878\/H07f61b0e8b1b43b18f07aa52599b8d0aT.png\" data-spm-anchor-id=\"a2700.details.0.i84.1e6f381adjBWnJ\" \/><\/h3>\n<\/td>\n<td style=\"width: 50%;\"><img loading=\"lazy\" decoding=\"async\" class=\"magic-15 aligncenter\" title=\"M\u00e1quina facial de ox\u00edgeno\" src=\"https:\/\/sc04.alicdn.com\/kf\/H728631b144eb4dc2b48d0cb81db0e65dK\/247315878\/H728631b144eb4dc2b48d0cb81db0e65dK.png\" alt=\"M\u00e1quina facial de ox\u00edgeno\" width=\"564\" height=\"418\" data-src=\"\/\/sc04.alicdn.com\/kf\/H728631b144eb4dc2b48d0cb81db0e65dK\/247315878\/H728631b144eb4dc2b48d0cb81db0e65dK.png\" \/><\/td>\n<\/tr>\n<\/tbody>\n<\/table>\n<h3>Presupuesto<\/h3>\n<ul>\n<li><strong>Nombre<\/strong>:M\u00e1quina facial de ox\u00edgeno 3 en 1<\/li>\n<li><strong>Tecnolog\u00eda<\/strong>: Rejuvenecimiento din\u00e1mico con ox\u00edgeno y radiofrecuencia de tercera generaci\u00f3n<\/li>\n<li><strong>Fuerza<\/strong>:5-30 Hz<\/li>\n<li><strong>Voltaje<\/strong>:110 V a 220 V, 50 a 60 Hz<\/li>\n<li><strong>Peso bruto<\/strong>:7 kilos<\/li>\n<li><strong>Tama\u00f1o del embalaje<\/strong>: 45 * 40 * 32 cent\u00edmetros<\/li>\n<\/ul>\n<h3>\u00bfQu\u00e9 es una m\u00e1quina para el cuidado facial de la piel?<\/h3>\n<p>Una m\u00e1quina para el cuidado facial de la piel est\u00e1 dise\u00f1ada para mejorar la salud y el aspecto de la piel. Este dispositivo de belleza tres en uno utiliza di\u00f3xido de carbono para activar el mecanismo natural del efecto Bohr del cuerpo, que libera ox\u00edgeno en un entorno con alto contenido de di\u00f3xido de carbono. Este proceso mejora el contenido de ox\u00edgeno de la piel, estimula el metabolismo celular y acelera la reparaci\u00f3n de la piel, lo que mejora la textura de la piel.<\/p>\n<h3>Teor\u00eda (Tecnolog\u00eda de dispositivos de belleza)<\/h3>\n<p>El <strong>M\u00e1quina facial de ox\u00edgeno 3 en 1<\/strong> El cabezal de tratamiento est\u00e1 hecho de bicarbonato de sodio y \u00e1cido c\u00edtrico. Cuando el cabezal de tratamiento entra en contacto con un gel compuesto de ingredientes activos naturales, produce una gran cantidad de CO2 en la piel. Esto estimula la circulaci\u00f3n sangu\u00ednea subcut\u00e1nea, aumentando el flujo sangu\u00edneo y la cantidad de c\u00e9lulas de ox\u00edgeno y hemoglobina en la sangre. En consecuencia, aumenta el contenido de ox\u00edgeno subcut\u00e1neo, mejorando la absorci\u00f3n de nutrientes de la piel, lo que da como resultado efectos blanqueadores y antienvejecimiento.<\/p>\n<table style=\"border-collapse: collapse; width: 100%;\">\n<tbody>\n<tr>\n<td style=\"width: 50%;\"><img loading=\"lazy\" decoding=\"async\" class=\"magic-17 aligncenter\" title=\"M\u00e1quina facial de ox\u00edgeno\" src=\"https:\/\/sc04.alicdn.com\/kf\/H4bc80867beee4103819a1ccb2ff1b95ar\/247315878\/H4bc80867beee4103819a1ccb2ff1b95ar.png\" alt=\"M\u00e1quina facial de ox\u00edgeno\" width=\"750\" height=\"425\" data-src=\"\/\/sc04.alicdn.com\/kf\/H4bc80867beee4103819a1ccb2ff1b95ar\/247315878\/H4bc80867beee4103819a1ccb2ff1b95ar.png\" \/><\/td>\n<td style=\"width: 50%;\"><img loading=\"lazy\" decoding=\"async\" class=\"magic-22 aligncenter\" title=\"M\u00e1quina facial de ox\u00edgeno\" src=\"https:\/\/sc04.alicdn.com\/kf\/H54615480b6884a729d1a473a31fbed8dW\/247315878\/H54615480b6884a729d1a473a31fbed8dW.png\" alt=\"M\u00e1quina facial de ox\u00edgeno\" width=\"790\" height=\"496\" data-src=\"\/\/sc04.alicdn.com\/kf\/H54615480b6884a729d1a473a31fbed8dW\/247315878\/H54615480b6884a729d1a473a31fbed8dW.png\" \/><\/td>\n<\/tr>\n<\/tbody>\n<\/table>\n<h3>Ventajas<\/h3>\n<ol>\n<li><strong>Frecuencia de acci\u00f3n de 1 MHz<\/strong>:Proporciona una remodelaci\u00f3n de la piel segura y eficaz.<\/li>\n<li><strong>Alta densidad energ\u00e9tica<\/strong>:Ofrece efectos notables desde el primer uso.<\/li>\n<li><strong>Eficacia a largo plazo<\/strong>:Cl\u00ednicamente probado para proporcionar resultados ideales a largo plazo.<\/li>\n<li><strong>Corriente enfocada<\/strong>:Concentrado entre los electrodos, eliminando la necesidad de enfriamiento epid\u00e9rmico.<\/li>\n<li><strong>Bajo consumo de energ\u00eda<\/strong>:Utiliza 600 mA, lo que garantiza un alto confort y una buena respuesta del cliente.<\/li>\n<li><strong>Aplicaci\u00f3n universal<\/strong>:Apto para todo tipo y tono de piel.<\/li>\n<li><strong>Caracter\u00edsticas de seguridad<\/strong>:La herramienta manual est\u00e1 equipada con un term\u00f3metro sensible para mayor seguridad.<\/li>\n<\/ol>\n<h3><img loading=\"lazy\" decoding=\"async\" class=\"magic-20 aligncenter\" title=\"M\u00e1quina facial de ox\u00edgeno\" src=\"https:\/\/sc04.alicdn.com\/kf\/H3dbafb62d646410d85454a892e02bad64\/247315878\/H3dbafb62d646410d85454a892e02bad64.png\" alt=\"M\u00e1quina facial de ox\u00edgeno\" width=\"507\" height=\"512\" data-src=\"\/\/sc04.alicdn.com\/kf\/H3dbafb62d646410d85454a892e02bad64\/247315878\/H3dbafb62d646410d85454a892e02bad64.png\" \/><\/h3>\n<h3>Beneficios<\/h3>\n<ul>\n<li><strong>Blanqueo<\/strong>:Mejora el tono y el brillo de la piel.<\/li>\n<li><strong>Antienvejecimiento<\/strong>:Reduce los signos del envejecimiento y mejora la elasticidad de la piel.<\/li>\n<li><strong>Mejora de la textura de la piel<\/strong>:Mejora la textura general y la suavidad de la piel.<\/li>\n<li><strong>Absorci\u00f3n de nutrientes<\/strong>:Aumenta la capacidad de la piel para absorber nutrientes, mejorando la salud general de la piel.<\/li>\n<li><strong>Oxigenaci\u00f3n<\/strong>:Aumenta el contenido de ox\u00edgeno en la piel para una tez m\u00e1s saludable y radiante.<\/li>\n<\/ul>\n<\/div>\n<\/div>\n<\/div>\n<div class=\"J_module\">\n<div class=\"icbu-pc-images magic-1\">\n<div class=\"flex-layout-v\"><\/div>\n<\/div>\n<\/div>\n<div class=\"J_module\">\n<div class=\"icbu-pc-detailManyImage magic-18\">\n<div class=\"magic-21\"><\/div>\n<div class=\"magic-23\"><img loading=\"lazy\" decoding=\"async\" class=\"magic-24 aligncenter\" title=\"M\u00e1quina facial de ox\u00edgeno\" src=\"https:\/\/sc04.alicdn.com\/kf\/H060666d0090d4ad4acce81eed7095edbp\/247315878\/H060666d0090d4ad4acce81eed7095edbp.png\" alt=\"M\u00e1quina facial de ox\u00edgeno\" width=\"626\" height=\"379\" data-src=\"\/\/sc04.alicdn.com\/kf\/H060666d0090d4ad4acce81eed7095edbp\/247315878\/H060666d0090d4ad4acce81eed7095edbp.png\" \/><\/div>\n<div class=\"magic-29\">\n<h3><strong>Personalizar El Logotipo De<\/strong><\/h3>\n<p>Queremos hacer de su marca se destaque? Ofrecemos logotipo modificado para requisitos particulares de los servicios que te ayudar\u00e1n a crear un entorno \u00fanico y personalizado logotipo que refleja la identidad de su marca. Nuestro equipo de expertos trabajar\u00e1 estrechamente con usted para dise\u00f1ar un logotipo que resuena con los valores de tu marca y de mensajer\u00eda. Si usted est\u00e1 buscando para renovar su logotipo existente o crear uno nuevo desde cero, lo tenemos cubierto. <a href=\"\/es\/contacto\/\">P\u00f3ngase en contacto con nosotros<\/a> hoy para aprender m\u00e1s acerca de nuestro logotipo modificado para requisitos particulares de los servicios!<\/p>\n<\/div>\n<\/div>\n<\/div>","protected":false},"excerpt":{"rendered":"<div class=\"magic-9\"><span class=\"magic-10\" style=\"font-family: Arial;\">Este es un dispositivo de belleza para la piel tres en uno, que utiliza di\u00f3xido de carbono para activar el mecanismo de estado natural del cuerpo, el efecto Bohr, de modo que la piel libera ox\u00edgeno en un ambiente con alto contenido de di\u00f3xido de carbono. Mejora el contenido de ox\u00edgeno de la piel, estimula el metabolismo celular y acelera la funci\u00f3n de reparaci\u00f3n de la piel. Mejora la textura de la piel de adentro hacia afuera.<\/span><\/div>\n<div><\/div>","protected":false},"featured_media":2513,"comment_status":"open","ping_status":"closed","template":"","meta":{"_kad_post_transparent":"default","_kad_post_title":"","_kad_post_layout":"default","_kad_post_sidebar_id":"","_kad_post_content_style":"default","_kad_post_vertical_padding":"default","_kad_post_feature":"","_kad_post_feature_position":"","_kad_post_header":false,"_kad_post_footer":false,"_kad_post_classname":"","rank_math_title":"","rank_math_description":"","rank_math_focus_keyword":""},"product_brand":[],"product_cat":[33],"product_tag":[],"class_list":{"0":"post-2512","1":"product","2":"type-product","3":"status-publish","4":"has-post-thumbnail","6":"product_cat-face-care","8":"first","9":"instock","10":"shipping-taxable","11":"product-type-simple","12":"entry","13":"content-bg","14":"loop-entry"},"_links":{"self":[{"href":"https:\/\/skbty.com\/es\/wp-json\/wp\/v2\/product\/2512","targetHints":{"allow":["GET"]}}],"collection":[{"href":"https:\/\/skbty.com\/es\/wp-json\/wp\/v2\/product"}],"about":[{"href":"https:\/\/skbty.com\/es\/wp-json\/wp\/v2\/types\/product"}],"replies":[{"embeddable":true,"href":"https:\/\/skbty.com\/es\/wp-json\/wp\/v2\/comments?post=2512"}],"wp:featuredmedia":[{"embeddable":true,"href":"https:\/\/skbty.com\/es\/wp-json\/wp\/v2\/media\/2513"}],"wp:attachment":[{"href":"https:\/\/skbty.com\/es\/wp-json\/wp\/v2\/media?parent=2512"}],"wp:term":[{"taxonomy":"product_brand","embeddable":true,"href":"https:\/\/skbty.com\/es\/wp-json\/wp\/v2\/product_brand?post=2512"},{"taxonomy":"product_cat","embeddable":true,"href":"https:\/\/skbty.com\/es\/wp-json\/wp\/v2\/product_cat?post=2512"},{"taxonomy":"product_tag","embeddable":true,"href":"https:\/\/skbty.com\/es\/wp-json\/wp\/v2\/product_tag?post=2512"}],"curies":[{"name":"WP","href":"https:\/\/api.w.org\/{rel}","templated":true}]}}