{"id":2527,"date":"2024-01-15T17:45:46","date_gmt":"2024-01-15T09:45:46","guid":{"rendered":"https:\/\/skbty.com\/?post_type=product&#038;p=2527"},"modified":"2024-06-19T15:59:38","modified_gmt":"2024-06-19T07:59:38","slug":"maquina-de-adelgazamiento-corporal-ems-de-2-y-4-manijas","status":"publish","type":"product","link":"https:\/\/skbty.com\/es\/producto\/maquina-de-adelgazamiento-corporal-ems-de-2-y-4-manijas\/","title":{"rendered":"M\u00e1quina de adelgazamiento corporal EMS de 2\/4 manijas"},"content":{"rendered":"<div class=\"J_module\"><span style=\"font-family: 'Playfair Display', serif; font-size: 24px; font-weight: bold; text-transform: capitalize;\">\u00bfQu\u00e9 es el? <\/span><strong style=\"font-family: 'Playfair Display', serif; font-size: 24px; text-transform: capitalize;\">\u00bfM\u00e1quina para adelgazar el cuerpo EMS con 2\/4 manijas?<\/strong><\/div>\n<div class=\"J_module\">\n<div class=\"icbu-pc-images magic-6\">\n<div class=\"flex-layout-v\">\n<div class=\"flex-layout-h magic-6\">\n<p><strong>M\u00e1quina de adelgazamiento corporal EMS de 2\/4 manijas<\/strong> es un dispositivo avanzado dise\u00f1ado para mejorar la densidad y el volumen muscular y, al mismo tiempo, reducir la grasa. Utilizando tecnolog\u00eda no invasiva HI FEM (campo electromagn\u00e9tico focalizado de alta intensidad) y tecnolog\u00eda de radiofrecuencia unipolar focalizada, esta m\u00e1quina brinda beneficios integrales de modelado corporal y desarrollo muscular.<\/p>\n<h3><img loading=\"lazy\" decoding=\"async\" class=\"magic-8 aligncenter\" title=\"M\u00e1quina de adelgazamiento corporal EMS\" src=\"https:\/\/sc04.alicdn.com\/kf\/H83c6263350dd45f294b5d8744e5f1157I\/247315878\/H83c6263350dd45f294b5d8744e5f1157I.jpg\" alt=\"M\u00e1quina de adelgazamiento corporal EMS\" width=\"415\" height=\"607\" data-src=\"\/\/sc04.alicdn.com\/kf\/H83c6263350dd45f294b5d8744e5f1157I\/247315878\/H83c6263350dd45f294b5d8744e5f1157I.jpg\" \/><\/h3>\n<h3>Presupuesto<\/h3>\n<ul>\n<li><strong>Nombre<\/strong>:M\u00e1quina de adelgazamiento corporal EMS de 2\/4 manijas<\/li>\n<li><strong>Energ\u00eda de ondas electromagn\u00e9ticas<\/strong>:0-5T<\/li>\n<li><strong>Frecuencia de RF<\/strong>:3,5 millones<\/li>\n<li><strong>Tama\u00f1o de pantalla<\/strong>: 12 pulgadas<\/li>\n<li><strong>Servicio OEM<\/strong>:OEM\/ODM\/Servicio en l\u00ednea las 24 horas<\/li>\n<li><strong>Legumbres<\/strong>:300us (Microsegundos)<\/li>\n<li><strong>Fuerza<\/strong>:100-240 V 50\/60 Hz<\/li>\n<li><strong>Tama\u00f1o<\/strong>: 74<em>61<\/em>45(cm)<\/li>\n<li><strong>Peso<\/strong>:35-45 kg<\/li>\n<\/ul>\n<h3>Principio de funcionamiento<\/h3>\n<ol>\n<li><strong>Tecnolog\u00eda HI FEM y RF<\/strong>:La m\u00e1quina utiliza tecnolog\u00eda de radiofrecuencia unipolar enfocada e HI FEM no invasiva para liberar energ\u00eda de vibraci\u00f3n magn\u00e9tica de alta frecuencia a trav\u00e9s de los mangos. Esto penetra los m\u00fasculos hasta una profundidad de 8 cm, induciendo una expansi\u00f3n y contracci\u00f3n continuas, simulando un entrenamiento extremo de alta frecuencia. Este proceso profundiza el crecimiento de las miofibrillas (agrandamiento muscular), produciendo nuevas cadenas de col\u00e1geno y fibras musculares (hiperplasia muscular), aumentando as\u00ed la densidad y el volumen muscular.<\/li>\n<li><strong>Calentamiento por radiofrecuencia<\/strong>:La energ\u00eda de radiofrecuencia calienta la capa de grasa a 43-45 grados Celsius, acelerando la descomposici\u00f3n de las c\u00e9lulas grasas y mejorando la fuerza de contracci\u00f3n muscular. Este enfoque de energ\u00eda dual estimula la proliferaci\u00f3n muscular, mejora el metabolismo, mejora la circulaci\u00f3n sangu\u00ednea y promueve la elasticidad muscular.<\/li>\n<li><strong>Apoptosis de c\u00e9lulas grasas<\/strong>:La alta concentraci\u00f3n de \u00e1cidos grasos provoca la apoptosis de las c\u00e9lulas grasas, que luego se excretan mediante el metabolismo normal en unas pocas semanas. Esto da como resultado un fortalecimiento muscular y una reducci\u00f3n de grasa simult\u00e1neos.<\/li>\n<\/ol>\n<table style=\"border-collapse: collapse; width: 100%;\">\n<tbody>\n<tr>\n<td style=\"width: 50%;\">\n<h3><img loading=\"lazy\" decoding=\"async\" class=\"magic-17 aligncenter\" title=\"M\u00e1quina de adelgazamiento corporal EMS\" src=\"https:\/\/sc04.alicdn.com\/kf\/H41c231afb7a249dca57d7fc873e9abdbk\/247315878\/H41c231afb7a249dca57d7fc873e9abdbk.jpg\" alt=\"M\u00e1quina de adelgazamiento corporal EMS\" width=\"492\" height=\"455\" data-src=\"\/\/sc04.alicdn.com\/kf\/H41c231afb7a249dca57d7fc873e9abdbk\/247315878\/H41c231afb7a249dca57d7fc873e9abdbk.jpg\" \/><\/h3>\n<\/td>\n<td style=\"width: 50%;\"><img loading=\"lazy\" decoding=\"async\" class=\"magic-20 aligncenter\" title=\"M\u00e1quina de adelgazamiento corporal EMS\" src=\"https:\/\/sc04.alicdn.com\/kf\/H56e13b21023c4d5e96ed34da44fec9dcB\/247315878\/H56e13b21023c4d5e96ed34da44fec9dcB.png\" alt=\"M\u00e1quina de adelgazamiento corporal EMS\" width=\"466\" height=\"460\" data-src=\"\/\/sc04.alicdn.com\/kf\/H56e13b21023c4d5e96ed34da44fec9dcB\/247315878\/H56e13b21023c4d5e96ed34da44fec9dcB.png\" \/><\/td>\n<\/tr>\n<\/tbody>\n<\/table>\n<h3>Funciones<\/h3>\n<ol>\n<li><strong>Desarrollar m\u00fasculo<\/strong>:Las contracciones musculares de alta frecuencia e intensidad (30.000 veces) entrenan y aumentan la densidad y el volumen muscular.<\/li>\n<li><strong>Reducir la grasa<\/strong>:Las intensas contracciones musculares requieren una cantidad significativa de energ\u00eda, lo que conduce a la apoptosis natural de las c\u00e9lulas grasas y a una reducci\u00f3n efectiva del espesor de la grasa.<\/li>\n<li><strong>Tallado de m\u00fasculos<\/strong>:Da forma a los abdominales, la cintura, los gl\u00fateos y los oblicuos para una apariencia esculpida.<\/li>\n<li><strong>Reparaci\u00f3n de los m\u00fasculos del suelo p\u00e9lvico<\/strong>:Fortalece los m\u00fasculos del suelo p\u00e9lvico, recuperando firmeza y elasticidad, mejorando problemas como la incontinencia urinaria y la protrusi\u00f3n abdominal inferior.<\/li>\n<\/ol>\n<h3>Beneficios de desarrollar m\u00fasculo<\/h3>\n<ol>\n<li><strong>Mejorar la obesidad<\/strong>:Mejora la eficacia de la p\u00e9rdida de peso.<\/li>\n<li><strong>Construye un cuerpo fuerte<\/strong>:Desarrolla un f\u00edsico fuerte y atractivo.<\/li>\n<li><strong>Prevenir el envejecimiento<\/strong>:Mantiene el cuerpo joven y previene el envejecimiento.<\/li>\n<li><strong>Aliviar el dolor cr\u00f3nico<\/strong>:Alivia el dolor cr\u00f3nico muscular y articular.<\/li>\n<li><strong>Mejorar la circulaci\u00f3n sangu\u00ednea<\/strong>:Mejora la circulaci\u00f3n sangu\u00ednea general.<\/li>\n<li><strong>Proteger los \u00f3rganos<\/strong>:Garantiza la seguridad del \u00fatero, los intestinos y otros \u00f3rganos.<\/li>\n<li><strong>Mejorar la diabetes<\/strong>:Ayuda a mejorar y prevenir la diabetes.<\/li>\n<li><strong>Reducir la presi\u00f3n arterial alta<\/strong>:Alivia la presi\u00f3n de los vasos sangu\u00edneos.<\/li>\n<li><strong>Prevenir enfermedades card\u00edacas<\/strong>:Reduce el riesgo de enfermedades card\u00edacas.<\/li>\n<li><strong>Mejorar la memoria<\/strong>:Mejora la memoria y previene la demencia.<\/li>\n<\/ol>\n<h3>Efectos<\/h3>\n<p>El <strong>M\u00e1quina de adelgazamiento corporal EMS de 2\/4 manijas<\/strong> Desarrolla eficazmente los m\u00fasculos, reduce la grasa y mejora la composici\u00f3n corporal general. Mejora la densidad, el volumen y la elasticidad de los m\u00fasculos, lo que proporciona un aspecto tonificado y esculpido. El dispositivo tambi\u00e9n promueve un mejor metabolismo, la circulaci\u00f3n sangu\u00ednea y la salud general, abordando diversos problemas como la obesidad, el dolor cr\u00f3nico y el envejecimiento.<\/p>\n<h3><img loading=\"lazy\" decoding=\"async\" class=\"magic-29 aligncenter\" title=\"M\u00e1quina de adelgazamiento corporal EMS\" src=\"https:\/\/sc04.alicdn.com\/kf\/H116b5f89de21443eb899113300554747q\/247315878\/H116b5f89de21443eb899113300554747q.jpg\" alt=\"M\u00e1quina de adelgazamiento corporal EMS\" width=\"520\" height=\"509\" data-src=\"\/\/sc04.alicdn.com\/kf\/H116b5f89de21443eb899113300554747q\/247315878\/H116b5f89de21443eb899113300554747q.jpg\" \/><\/h3>\n<\/div>\n<\/div>\n<\/div>\n<\/div>\n<div class=\"J_module\">\n<div class=\"icbu-pc-images magic-6\">\n<div class=\"flex-layout-v\">\n<div class=\"flex-layout-h magic-6\">\n<div class=\"magic-28\">\n<h3><strong>Personalizar El Logotipo De<\/strong><\/h3>\n<p>Queremos hacer de su marca se destaque? Ofrecemos logotipo modificado para requisitos particulares de los servicios que te ayudar\u00e1n a crear un entorno \u00fanico y personalizado logotipo que refleja la identidad de su marca. Nuestro equipo de expertos trabajar\u00e1 estrechamente con usted para dise\u00f1ar un logotipo que resuena con los valores de tu marca y de mensajer\u00eda. Si usted est\u00e1 buscando para renovar su logotipo existente o crear uno nuevo desde cero, lo tenemos cubierto. <a href=\"\/es\/contacto\/\">P\u00f3ngase en contacto con nosotros<\/a> hoy para aprender m\u00e1s acerca de nuestro logotipo modificado para requisitos particulares de los servicios!<\/p>\n<\/div>\n<\/div>\n<\/div>\n<\/div>\n<\/div>","protected":false},"excerpt":{"rendered":"<p><span class=\"magic-4\" style=\"font-family: Arial;\">1. Desarrollar m\u00fasculo Los m\u00fasculos se contraen 30.000 veces con alta frecuencia e intensidad para entrenar y aumentar la densidad y el volumen muscular.<\/span><\/p>\n<div><span class=\"magic-4\" style=\"font-family: Arial;\">2. Reduce la grasa La contracci\u00f3n final de los m\u00fasculos requiere un gran aporte de energ\u00eda, por lo que las c\u00e9lulas grasas se encuentran en el costado. El m\u00fasculo tambi\u00e9n se consume, lo que conduce a la apoptosis natural y a una reducci\u00f3n efectiva del espesor de la grasa. <\/span><\/div>\n<div><span class=\"magic-4\" style=\"font-family: Arial;\">3. Tallado de m\u00fasculos Trabaja los abdominales, da forma a la l\u00ednea del chaleco\/da forma a los m\u00fasculos de los gl\u00fateos, da forma al trasero de melocot\u00f3n\/ejercicia los oblicuos, da forma a la l\u00ednea de sirena. <\/span><\/div>\n<div>\n<p><span class=\"magic-4\" style=\"font-family: Arial;\">4. Reparaci\u00f3n de los m\u00fasculos del suelo p\u00e9lvico Fortalece eficazmente los m\u00fasculos del suelo p\u00e9lvico, restaura la firmeza, mejora la elasticidad; Fortalece los m\u00fasculos del suelo p\u00e9lvico, repele la incontinencia urinaria, las p\u00e9rdidas de orina, el goteo, as\u00ed como la protrusi\u00f3n abdominal inferior, la relajaci\u00f3n de la cuenca inferior y otros problemas; Deshazte de los orgasmos dif\u00edciles y otros problemas\u2026<\/span><\/p>\n<\/div>","protected":false},"featured_media":2528,"comment_status":"open","ping_status":"closed","template":"","meta":{"_kad_post_transparent":"default","_kad_post_title":"","_kad_post_layout":"default","_kad_post_sidebar_id":"","_kad_post_content_style":"default","_kad_post_vertical_padding":"default","_kad_post_feature":"","_kad_post_feature_position":"","_kad_post_header":false,"_kad_post_footer":false,"_kad_post_classname":"","rank_math_title":"","rank_math_description":"","rank_math_focus_keyword":""},"product_brand":[],"product_cat":[31],"product_tag":[],"class_list":{"0":"post-2527","1":"product","2":"type-product","3":"status-publish","4":"has-post-thumbnail","6":"product_cat-body-slimming","8":"first","9":"instock","10":"shipping-taxable","11":"product-type-simple","12":"entry","13":"content-bg","14":"loop-entry"},"_links":{"self":[{"href":"https:\/\/skbty.com\/es\/wp-json\/wp\/v2\/product\/2527","targetHints":{"allow":["GET"]}}],"collection":[{"href":"https:\/\/skbty.com\/es\/wp-json\/wp\/v2\/product"}],"about":[{"href":"https:\/\/skbty.com\/es\/wp-json\/wp\/v2\/types\/product"}],"replies":[{"embeddable":true,"href":"https:\/\/skbty.com\/es\/wp-json\/wp\/v2\/comments?post=2527"}],"wp:featuredmedia":[{"embeddable":true,"href":"https:\/\/skbty.com\/es\/wp-json\/wp\/v2\/media\/2528"}],"wp:attachment":[{"href":"https:\/\/skbty.com\/es\/wp-json\/wp\/v2\/media?parent=2527"}],"wp:term":[{"taxonomy":"product_brand","embeddable":true,"href":"https:\/\/skbty.com\/es\/wp-json\/wp\/v2\/product_brand?post=2527"},{"taxonomy":"product_cat","embeddable":true,"href":"https:\/\/skbty.com\/es\/wp-json\/wp\/v2\/product_cat?post=2527"},{"taxonomy":"product_tag","embeddable":true,"href":"https:\/\/skbty.com\/es\/wp-json\/wp\/v2\/product_tag?post=2527"}],"curies":[{"name":"WP","href":"https:\/\/api.w.org\/{rel}","templated":true}]}}