{"id":2544,"date":"2024-01-15T18:16:12","date_gmt":"2024-01-15T10:16:12","guid":{"rendered":"https:\/\/skbty.com\/?post_type=product&#038;p=2544"},"modified":"2025-01-17T18:54:54","modified_gmt":"2025-01-17T10:54:54","slug":"maquina-de-cuidado-facial-antienvejecimiento-emrf-2","status":"publish","type":"product","link":"https:\/\/skbty.com\/es\/producto\/maquina-de-cuidado-facial-antienvejecimiento-emrf-2\/","title":{"rendered":"M\u00e1quina de cuidado facial antienvejecimiento EMRF"},"content":{"rendered":"<div class=\"J_module\">\n<div class=\"detail-decorate-json-renderer-container\">\n<div class=\"magic-2\">\n<h3>\u00bfQu\u00e9 es el? <strong>\u00bfM\u00e1quina de cuidado facial antienvejecimiento EMRF?<\/strong><\/h3>\n<p><strong>M\u00e1quina de cuidado facial antienvejecimiento EMRF<\/strong> es un dispositivo no invasivo dise\u00f1ado para rejuvenecer y restaurar la piel del rostro. Utilizando estimulaci\u00f3n electromagn\u00e9tica facial de alta intensidad (HIFES) combinada con tecnolog\u00eda de radiofrecuencia (RF) monopolar, induce la contracci\u00f3n y el tir\u00f3n muscular continuos. Esto mejora la fuerza muscular y la tensi\u00f3n en reposo, restaura el soporte del tejido facial y mejora la remodelaci\u00f3n del col\u00e1geno, la elastina y el tejido conectivo. El resultado es una apariencia m\u00e1s joven, m\u00e1s fuerte, m\u00e1s saludable y m\u00e1s tonificada.<\/p>\n<h3><img loading=\"lazy\" decoding=\"async\" class=\"magic-14 aligncenter\" title=\"M\u00e1quina de cuidado facial antienvejecimiento EMRF\" src=\"https:\/\/sc04.alicdn.com\/kf\/H9458ad9c73274d3f9680907d1ab57276x\/247315878\/H9458ad9c73274d3f9680907d1ab57276x.png\" alt=\"M\u00e1quina de cuidado facial antienvejecimiento EMRF\" width=\"532\" height=\"485\" data-src=\"\/\/sc04.alicdn.com\/kf\/H9458ad9c73274d3f9680907d1ab57276x\/247315878\/H9458ad9c73274d3f9680907d1ab57276x.png\" \/><\/h3>\n<h3>Presupuesto<\/h3>\n<ul>\n<li><strong>Nombre<\/strong>:M\u00e1quina de cuidado facial antienvejecimiento EMRF<\/li>\n<li><strong>Tecnolog\u00eda<\/strong>:Estimulaci\u00f3n electromagn\u00e9tica facial de alta intensidad + Radiofrecuencia Monopolar<\/li>\n<li><strong>Pantalla t\u00e1ctil<\/strong>:15 pulgadas<\/li>\n<li><strong>Frecuencia de RF<\/strong>:1-4 MHz<\/li>\n<li><strong>Servicio OEM<\/strong>:OEM\/ODM\/Servicio en l\u00ednea las 24 horas<\/li>\n<li><strong>Voltaje de suministro<\/strong>:CA 100 V ~ 240 V, 50 Hz a 60 Hz<\/li>\n<li><strong>Fuerza<\/strong>:100-200 W<\/li>\n<li><strong>Tama\u00f1o de la caja de aire<\/strong>: 40\u00d743\u00d750cm<\/li>\n<li><strong>Peso bruto<\/strong>:15 kilos<\/li>\n<\/ul>\n<h3>Principio de funcionamiento<\/h3>\n<p>El <strong>EMRF<\/strong> La m\u00e1quina utiliza estimulaci\u00f3n electromagn\u00e9tica facial de alta intensidad (HIFES) y energ\u00eda de radiofrecuencia que se aplica a trav\u00e9s de un parche en la cabeza del tratamiento. Esta combinaci\u00f3n desencadena contracciones y tirones musculares r\u00edtmicos, lo que mejora la fuerza y la tensi\u00f3n muscular. La energ\u00eda de radiofrecuencia calienta uniformemente la dermis, lo que estimula la producci\u00f3n de col\u00e1geno y elastina. Este proceso mejora y reafirma los contornos faciales, da forma al rostro y mejora la textura de la piel, lo que da como resultado una apariencia m\u00e1s clara, definida y revitalizada.<\/p>\n<h3>Ventajas<\/h3>\n<ol>\n<li><strong>No invasivo<\/strong>:Tratamiento indoloro y sin necesidad de anestesia.<\/li>\n<li><strong>Alta eficiencia<\/strong>:Combina estimulaci\u00f3n electromagn\u00e9tica facial de alta intensidad con RF sincr\u00f3nica para un tratamiento eficaz de la piel y los m\u00fasculos del rostro.<\/li>\n<li><strong>Operaci\u00f3n manos libres<\/strong>:F\u00e1cil de usar, no requiere operaci\u00f3n manual.<\/li>\n<li><strong>Tratamiento r\u00e1pido<\/strong>:Una sola sesi\u00f3n de 20 minutos es suficiente para un cuidado facial completo.<\/li>\n<li><strong>Antienvejecimiento eficaz<\/strong>:Levanta el rostro, reduce l\u00edneas finas y arrugas.<\/li>\n<li><strong>Experiencia c\u00f3moda<\/strong>:Se siente similar a un masaje facial con piedras calientes, sin efectos secundarios.<\/li>\n<li><strong>Sin agujas ni cirug\u00eda<\/strong>:Una alternativa ventajosa a los tratamientos invasivos.<\/li>\n<\/ol>\n<h3>Funciones principales<\/h3>\n<ol>\n<li><strong>L\u00edneas suaves en la frente<\/strong>:Reduce la aparici\u00f3n de arrugas en la frente.<\/li>\n<li><strong>Elevadores de manzanas Elevate<\/strong>:Levanta y reafirma los m\u00fasculos de las mejillas.<\/li>\n<li><strong>Antienvejecimiento<\/strong>:Combate los signos del envejecimiento para una apariencia juvenil.<\/li>\n<li><strong>Reducir las arrugas<\/strong>:Minimiza las arrugas y l\u00edneas finas.<\/li>\n<li><strong>Esculpir la l\u00ednea de la mand\u00edbula<\/strong>:Realza y define la l\u00ednea de la mand\u00edbula.<\/li>\n<li><strong>Aumentar el tono muscular<\/strong>:Tonifica y reafirma los m\u00fasculos faciales.<\/li>\n<li><strong>Mejorar la elasticidad de la piel<\/strong>:Mejora la elasticidad de la piel para una apariencia m\u00e1s firme.<\/li>\n<\/ol>\n<h3><img loading=\"lazy\" decoding=\"async\" class=\"magic-20 aligncenter\" title=\"M\u00e1quina de cuidado facial antienvejecimiento EMRF\" src=\"https:\/\/sc04.alicdn.com\/kf\/H946fa0ed6edb44d3aee508e9e598902dU\/247315878\/H946fa0ed6edb44d3aee508e9e598902dU.png\" alt=\"M\u00e1quina de cuidado facial antienvejecimiento EMRF\" width=\"603\" height=\"492\" data-src=\"\/\/sc04.alicdn.com\/kf\/H946fa0ed6edb44d3aee508e9e598902dU\/247315878\/H946fa0ed6edb44d3aee508e9e598902dU.png\" \/><\/h3>\n<h3>Beneficios del tratamiento EMRF<\/h3>\n<p>EMRF ofrece numerosos beneficios a trav\u00e9s del cuidado facial no invasivo, entre ellos:<\/p>\n<ul>\n<li><strong>Lifting facial<\/strong>:Levanta y tensa la piel del rostro.<\/li>\n<li><strong>Reducci\u00f3n de arrugas<\/strong>:Minimiza l\u00edneas finas y arrugas.<\/li>\n<li><strong>Refuerzo de col\u00e1geno y elastina<\/strong>:Aumenta la producci\u00f3n de col\u00e1geno y elastina.<\/li>\n<li><strong>Mejora del tono muscular<\/strong>:Mejora el tono muscular y la potencia de elevaci\u00f3n.<\/li>\n<li><strong>Apariencia mejorada<\/strong>:Mejora la apariencia general del rostro.<\/li>\n<li><strong>Tono de piel uniforme<\/strong>:Proporciona un tono de piel m\u00e1s uniforme.<\/li>\n<li><strong>Mirada juvenil<\/strong>: Proporciona una apariencia naturalmente juvenil.<\/li>\n<li><strong>Resultados naturales<\/strong>:Garantiza resultados que lucen naturales.<\/li>\n<\/ul>\n<h3>Efectos<\/h3>\n<p>La EMRF mejora significativamente el tono muscular facial, la firmeza y la elasticidad de la piel, proporcionando un aspecto juvenil y rejuvenecido. Reduce eficazmente las arrugas, tensa el rostro y mejora la textura de la piel, lo que la convierte en una soluci\u00f3n ideal para el cuidado facial antienvejecimiento.<\/p>\n<\/div>\n<\/div>\n<\/div>\n<div class=\"J_module\">\n<div class=\"icbu-pc-images magic-12\">\n<div>\n<div class=\"flex-layout-v\">\n<div class=\"flex-layout-h magic-12\">\n<div class=\"magic-29\"><img loading=\"lazy\" decoding=\"async\" class=\"magic-30 aligncenter\" title=\"M\u00e1quina de cuidado facial antienvejecimiento EMRF\" src=\"https:\/\/sc04.alicdn.com\/kf\/H7da226aae95c42ebad319912f98c54bfM\/247315878\/H7da226aae95c42ebad319912f98c54bfM.png\" alt=\"M\u00e1quina de cuidado facial antienvejecimiento EMRF\" width=\"572\" height=\"395\" data-src=\"\/\/sc04.alicdn.com\/kf\/H7da226aae95c42ebad319912f98c54bfM\/247315878\/H7da226aae95c42ebad319912f98c54bfM.png\" \/><\/div>\n<\/div>\n<\/div>\n<\/div>\n<\/div>\n<\/div>\n<div class=\"J_module\">\n<div class=\"detail-decorate-json-renderer-container\">\n<div class=\"magic-2\"><\/div>\n<\/div>\n<\/div>\n<div class=\"J_module\">\n<div class=\"icbu-pc-images magic-12\">\n<div class=\"flex-layout-v\">\n<div class=\"flex-layout-h magic-12\">\n<div class=\"magic-31\"><\/div>\n<\/div>\n<\/div>\n<\/div>\n<\/div>\n<div class=\"J_module\">\n<div id=\"ali-anchor-AliMagic-eac4ep\" class=\"magic-1\" data-section=\"AliMagic-eac4ep\" data-section-title=\"About Us\">\n<h3><strong>Personalizar El Logotipo De<\/strong><\/h3>\n<p>Queremos hacer de su marca se destaque? Ofrecemos logotipo modificado para requisitos particulares de los servicios que te ayudar\u00e1n a crear un entorno \u00fanico y personalizado logotipo que refleja la identidad de su marca. Nuestro equipo de expertos trabajar\u00e1 estrechamente con usted para dise\u00f1ar un logotipo que resuena con los valores de tu marca y de mensajer\u00eda. Si usted est\u00e1 buscando para renovar su logotipo existente o crear uno nuevo desde cero, lo tenemos cubierto. <a href=\"\/es\/contacto\/\">P\u00f3ngase en contacto con nosotros<\/a> hoy para aprender m\u00e1s acerca de nuestro logotipo modificado para requisitos particulares de los servicios!<\/p>\n<\/div>\n<\/div>","protected":false},"excerpt":{"rendered":"<p><span class=\"magic-8\" style=\"font-family: Arial;\">EMRF es una m\u00e1quina de cuidado facial antienvejecimiento no invasiva, que utiliza estimulaci\u00f3n electromagn\u00e9tica facial de alta intensidad (estimulaci\u00f3n electromagn\u00e9tica facial de alta intensidad, HIFES) + Tecnolog\u00eda de radiofrecuencia (RF) monopolar induce la contracci\u00f3n y tracci\u00f3n continuas de los m\u00fasculos faciales, mejora la fuerza muscular y la tensi\u00f3n en reposo para restaurar y mejorar el soporte de los tejidos faciales y, al mismo tiempo, aumenta la remodelaci\u00f3n de col\u00e1geno, elastina y tejido conectivo, mejorando as\u00ed los problemas de envejecimiento de la musculatura facial causados por la p\u00e9rdida. Revele una versi\u00f3n m\u00e1s joven, m\u00e1s fuerte, m\u00e1s saludable, m\u00e1s tonificada, con m\u00e1s energ\u00eda y renovada de usted mismo por dentro y por fuera.<\/span><\/p>","protected":false},"featured_media":2545,"comment_status":"open","ping_status":"closed","template":"","meta":{"_kad_post_transparent":"default","_kad_post_title":"","_kad_post_layout":"default","_kad_post_sidebar_id":"","_kad_post_content_style":"default","_kad_post_vertical_padding":"default","_kad_post_feature":"","_kad_post_feature_position":"","_kad_post_header":false,"_kad_post_footer":false,"_kad_post_classname":"","rank_math_title":"","rank_math_description":"","rank_math_focus_keyword":""},"product_brand":[],"product_cat":[31],"product_tag":[],"class_list":{"0":"post-2544","1":"product","2":"type-product","3":"status-publish","4":"has-post-thumbnail","6":"product_cat-body-slimming","8":"first","9":"instock","10":"shipping-taxable","11":"product-type-simple","12":"entry","13":"content-bg","14":"loop-entry"},"_links":{"self":[{"href":"https:\/\/skbty.com\/es\/wp-json\/wp\/v2\/product\/2544","targetHints":{"allow":["GET"]}}],"collection":[{"href":"https:\/\/skbty.com\/es\/wp-json\/wp\/v2\/product"}],"about":[{"href":"https:\/\/skbty.com\/es\/wp-json\/wp\/v2\/types\/product"}],"replies":[{"embeddable":true,"href":"https:\/\/skbty.com\/es\/wp-json\/wp\/v2\/comments?post=2544"}],"wp:featuredmedia":[{"embeddable":true,"href":"https:\/\/skbty.com\/es\/wp-json\/wp\/v2\/media\/2545"}],"wp:attachment":[{"href":"https:\/\/skbty.com\/es\/wp-json\/wp\/v2\/media?parent=2544"}],"wp:term":[{"taxonomy":"product_brand","embeddable":true,"href":"https:\/\/skbty.com\/es\/wp-json\/wp\/v2\/product_brand?post=2544"},{"taxonomy":"product_cat","embeddable":true,"href":"https:\/\/skbty.com\/es\/wp-json\/wp\/v2\/product_cat?post=2544"},{"taxonomy":"product_tag","embeddable":true,"href":"https:\/\/skbty.com\/es\/wp-json\/wp\/v2\/product_tag?post=2544"}],"curies":[{"name":"WP","href":"https:\/\/api.w.org\/{rel}","templated":true}]}}