{"id":2568,"date":"2024-01-15T19:06:08","date_gmt":"2024-01-15T11:06:08","guid":{"rendered":"https:\/\/skbty.com\/?post_type=product&#038;p=2568"},"modified":"2024-06-18T18:15:29","modified_gmt":"2024-06-18T10:15:29","slug":"maquina-de-cuidado-facial-con-terapia-de-luz-led-de-7-colores","status":"publish","type":"product","link":"https:\/\/skbty.com\/es\/producto\/maquina-de-cuidado-facial-con-terapia-de-luz-led-de-7-colores\/","title":{"rendered":"M\u00e1quina de terapia de luz LED de 7 colores para el cuidado facial"},"content":{"rendered":"<div class=\"J_module\">\n<div class=\"icbu-pc-images magic-1\">\n<div class=\"flex-layout-v\">\n<div class=\"flex-layout-h magic-1\">\n<div>\n<h3>\u00bfQu\u00e9 es el? <strong>\u00bfM\u00e1quina de terapia de luz LED?<\/strong><\/h3>\n<p><strong>M\u00e1quina de terapia de luz LED<\/strong> Utiliza energ\u00eda radiante para mejorar la salud de la piel. La luz, que viaja a una velocidad de 3,0 \u00d7 10^8 m\/s, funciona como una onda electromagn\u00e9tica y como una corriente de part\u00edculas, lo que constituye la base de la teor\u00eda de la luz cu\u00e1ntica. Esta naturaleza dual permite que diferentes rayos de luz provoquen reacciones fotoqu\u00edmicas, lo que constituye la base te\u00f3rica de la medicina de fototerapia.<\/p>\n<table style=\"border-collapse: collapse; width: 100%;\">\n<tbody>\n<tr>\n<td style=\"width: 50%;\"><img loading=\"lazy\" decoding=\"async\" class=\"magic-3 aligncenter\" title=\"M\u00e1quina de terapia de luz LED\" src=\"https:\/\/sc04.alicdn.com\/kf\/H5acfccd2a6fd440d8ad528534c2b0c0bP\/247315878\/H5acfccd2a6fd440d8ad528534c2b0c0bP.png\" alt=\"M\u00e1quina de terapia de luz LED\" width=\"383\" height=\"581\" data-src=\"\/\/sc04.alicdn.com\/kf\/H5acfccd2a6fd440d8ad528534c2b0c0bP\/247315878\/H5acfccd2a6fd440d8ad528534c2b0c0bP.png\" \/><\/td>\n<td style=\"width: 50%;\"><img loading=\"lazy\" decoding=\"async\" class=\"magic-15 aligncenter\" title=\"M\u00e1quina de terapia de luz LED\" src=\"https:\/\/sc04.alicdn.com\/kf\/H8a881e933cf94cf98b754dc536f9f9bco\/247315878\/H8a881e933cf94cf98b754dc536f9f9bco.jpg\" alt=\"M\u00e1quina de terapia de luz LED\" width=\"362\" height=\"582\" data-src=\"\/\/sc04.alicdn.com\/kf\/H8a881e933cf94cf98b754dc536f9f9bco\/247315878\/H8a881e933cf94cf98b754dc536f9f9bco.jpg\" \/><\/td>\n<\/tr>\n<\/tbody>\n<\/table>\n<h3>Presupuesto<\/h3>\n<ul>\n<li><strong>Nombre<\/strong>:M\u00e1quina de terapia de luz LED<\/li>\n<li><strong>Dimensiones<\/strong>: 37<em>14.5<\/em>25 cent\u00edmetros<\/li>\n<li><strong>Peso<\/strong>:4 kilos<\/li>\n<li><strong>Servicio OEM<\/strong>: Apoyo<\/li>\n<li><strong>Tecnolog\u00eda<\/strong>: Luz LED PDT + Fot\u00f3n<\/li>\n<li><strong>Colores de los LED<\/strong>:7 colores, 7 funciones<\/li>\n<li><strong>Voltaje<\/strong>:110-220 V<\/li>\n<li><strong>Accesorios<\/strong>:Motor principal, manual, cable de alimentaci\u00f3n, gafas protectoras.<\/li>\n<\/ul>\n<h3>Principio de funcionamiento<\/h3>\n<p>La terapia fotodin\u00e1mica (TFD) se basa en una teor\u00eda m\u00e9dica que utiliza fuentes de luz LED combinadas con cosm\u00e9ticos o medicamentos fotosensibles para tratar problemas de la piel como el acn\u00e9, la ros\u00e1cea, el enrojecimiento y m\u00e1s. La TFD se ha convertido en una tecnolog\u00eda cosm\u00e9tica popular para el cuidado de la piel. La energ\u00eda fot\u00f3nica afecta positivamente a las c\u00e9lulas de la piel al acelerar el crecimiento celular, promover la producci\u00f3n de col\u00e1geno y elastina, mejorar la microcirculaci\u00f3n sangu\u00ednea y mejorar el estado general de la piel. Trata el envejecimiento, la flacidez, las l\u00edneas finas, las arrugas, los poros dilatados, la pigmentaci\u00f3n, las pecas, las quemaduras solares, la inflamaci\u00f3n del acn\u00e9 y la depresi\u00f3n.<\/p>\n<table style=\"border-collapse: collapse; width: 100%;\">\n<tbody>\n<tr>\n<td style=\"width: 50%;\"><img loading=\"lazy\" decoding=\"async\" class=\"magic-20 aligncenter\" title=\"M\u00e1quina de terapia de luz LED\" src=\"https:\/\/sc04.alicdn.com\/kf\/H4b47d17f3fe4487f98b941dbe02b2f1fe\/247315878\/H4b47d17f3fe4487f98b941dbe02b2f1fe.jpg\" alt=\"M\u00e1quina de terapia de luz LED\" width=\"525\" height=\"879\" data-src=\"\/\/sc04.alicdn.com\/kf\/H4b47d17f3fe4487f98b941dbe02b2f1fe\/247315878\/H4b47d17f3fe4487f98b941dbe02b2f1fe.jpg\" \/><\/td>\n<td style=\"width: 50%;\"><img loading=\"lazy\" decoding=\"async\" class=\"magic-22 aligncenter\" title=\"M\u00e1quina de terapia de luz LED\" src=\"https:\/\/sc04.alicdn.com\/kf\/H82020b3c91cf4bd1ba8afb63c15f668en\/247315878\/H82020b3c91cf4bd1ba8afb63c15f668en.jpg\" alt=\"M\u00e1quina de terapia de luz LED\" width=\"398\" height=\"1048\" data-src=\"\/\/sc04.alicdn.com\/kf\/H82020b3c91cf4bd1ba8afb63c15f668en\/247315878\/H82020b3c91cf4bd1ba8afb63c15f668en.jpg\" \/><\/td>\n<\/tr>\n<\/tbody>\n<\/table>\n<h3>Funciones<\/h3>\n<ul>\n<li><strong>Luz roja<\/strong>:Blanquea, renueva la piel, mejora los poros gruesos, trata la dilataci\u00f3n microvascular.<\/li>\n<li><strong>Luz azul<\/strong>:Trata el acn\u00e9, reduce la actividad del sebo, elimina las bacterias del acn\u00e9, mejora la piel grasa.<\/li>\n<li><strong>Luz verde<\/strong>:Calma la piel sensible.<\/li>\n<li><strong>Luz amarilla<\/strong>:Reduce las pecas, mejora el enrojecimiento de la piel, el eritema, la pigmentaci\u00f3n.<\/li>\n<li><strong>Cian claro<\/strong>:Equilibra la secreci\u00f3n, estabiliza la piel, controla la grasa.<\/li>\n<li><strong>Luz violeta<\/strong>:Trata el acn\u00e9 y las marcas del acn\u00e9.<\/li>\n<li><strong>Luz c\u00edclica<\/strong>:Recorre siete colores para rejuvenecer la piel y repararla en profundidad.<\/li>\n<\/ul>\n<h3>Aplicaciones<\/h3>\n<ol>\n<li><strong>Suaviza las l\u00edneas finas y las arrugas.<\/strong>:Reduce la aparici\u00f3n de l\u00edneas finas y arrugas.<\/li>\n<li><strong>Reduce la inflamaci\u00f3n<\/strong>:Alivia la inflamaci\u00f3n de la piel.<\/li>\n<li><strong>Mejora las cicatrices del acn\u00e9<\/strong>:Mejora la apariencia de las cicatrices del acn\u00e9.<\/li>\n<li><strong>Previene los brotes<\/strong>:Mata las bacterias que causan el acn\u00e9.<\/li>\n<li><strong>Promueve la circulaci\u00f3n sangu\u00ednea<\/strong>:Mejora la circulaci\u00f3n sangu\u00ednea general.<\/li>\n<li><strong>Estimula la producci\u00f3n de col\u00e1geno.<\/strong>:Aumenta la producci\u00f3n de col\u00e1geno para una piel m\u00e1s firme.<\/li>\n<li><strong>Ilumina la piel<\/strong>:Mejora la luminosidad y claridad de la piel.<\/li>\n<\/ol>\n<h3><img loading=\"lazy\" decoding=\"async\" class=\"magic-13 aligncenter\" title=\"M\u00e1quina de terapia de luz LED\" src=\"https:\/\/sc04.alicdn.com\/kf\/H60c223b12b0c44d9bf46cf46857a8920m\/247315878\/H60c223b12b0c44d9bf46cf46857a8920m.jpg\" alt=\"M\u00e1quina de terapia de luz LED\" width=\"482\" height=\"624\" data-src=\"\/\/sc04.alicdn.com\/kf\/H60c223b12b0c44d9bf46cf46857a8920m\/247315878\/H60c223b12b0c44d9bf46cf46857a8920m.jpg\" \/><\/h3>\n<h3>Caracter\u00edsticas<\/h3>\n<ol>\n<li><strong>Espectr\u00f3metro de belleza de color PDT<\/strong>: Enfoque de energ\u00eda luminosa con temperatura ajustable y experiencia de iluminaci\u00f3n integral. Sin contacto directo con la piel, lo que garantiza un uso c\u00f3modo.<\/li>\n<li><strong>Luces LED de belleza<\/strong>Blanquea, reafirma y rejuvenece la piel con 225 fuentes de luz LED y un dise\u00f1o de gran \u00e1ngulo para un rango de exposici\u00f3n ampliado.<\/li>\n<li><strong>Dise\u00f1o f\u00e1cil de usar<\/strong>:Dise\u00f1o de bot\u00f3n simple, resistente al agua y f\u00e1cil de usar.<\/li>\n<\/ol>\n<\/div>\n<\/div>\n<\/div>\n<\/div>\n<\/div>\n<div class=\"J_module\">\n<div class=\"detail-decorate-json-renderer-container\">\n<div class=\"magic-4\"><\/div>\n<\/div>\n<\/div>\n<div class=\"J_module\">\n<div class=\"detail-decorate-json-renderer-container\">\n<div class=\"magic-4\">\n<div class=\"magic-5\"><\/div>\n<\/div>\n<\/div>\n<\/div>\n<div class=\"J_module\">\n<div class=\"icbu-pc-images magic-1\">\n<div class=\"flex-layout-v\">\n<div class=\"flex-layout-h magic-1\">\n<div class=\"magic-24\">\n<table style=\"border-collapse: collapse; width: 100%;\">\n<tbody>\n<tr>\n<td style=\"width: 50%;\"><img loading=\"lazy\" decoding=\"async\" class=\"magic-25 aligncenter\" title=\"M\u00e1quina de terapia de luz LED\" src=\"https:\/\/sc04.alicdn.com\/kf\/Hd0774beaad504c64b1d4e8a707a2e5cdJ\/247315878\/Hd0774beaad504c64b1d4e8a707a2e5cdJ.jpg\" alt=\"M\u00e1quina de terapia de luz LED\" width=\"347\" height=\"481\" data-src=\"\/\/sc04.alicdn.com\/kf\/Hd0774beaad504c64b1d4e8a707a2e5cdJ\/247315878\/Hd0774beaad504c64b1d4e8a707a2e5cdJ.jpg\" \/><\/td>\n<td style=\"width: 50%;\"><img loading=\"lazy\" decoding=\"async\" class=\"magic-27 aligncenter\" title=\"M\u00e1quina de terapia de luz LED\" src=\"https:\/\/sc04.alicdn.com\/kf\/H629576496e5942e9a701c8dff5338865O\/247315878\/H629576496e5942e9a701c8dff5338865O.jpg\" alt=\"M\u00e1quina de terapia de luz LED\" width=\"433\" height=\"489\" data-src=\"\/\/sc04.alicdn.com\/kf\/H629576496e5942e9a701c8dff5338865O\/247315878\/H629576496e5942e9a701c8dff5338865O.jpg\" \/><\/td>\n<\/tr>\n<\/tbody>\n<\/table>\n<\/div>\n<\/div>\n<\/div>\n<\/div>\n<\/div>\n<div class=\"J_module\">\n<div class=\"icbu-pc-images magic-1\">\n<div class=\"flex-layout-v\">\n<div class=\"magic-26\">\n<h3><strong>Personalizar El Logotipo De<\/strong><\/h3>\n<p>Queremos hacer de su marca se destaque? Ofrecemos logotipo modificado para requisitos particulares de los servicios que te ayudar\u00e1n a crear un entorno \u00fanico y personalizado logotipo que refleja la identidad de su marca. Nuestro equipo de expertos trabajar\u00e1 estrechamente con usted para dise\u00f1ar un logotipo que resuena con los valores de tu marca y de mensajer\u00eda. Si usted est\u00e1 buscando para renovar su logotipo existente o crear uno nuevo desde cero, lo tenemos cubierto. <a href=\"\/es\/contacto\/\">P\u00f3ngase en contacto con nosotros<\/a> hoy para aprender m\u00e1s acerca de nuestro logotipo modificado para requisitos particulares de los servicios!<\/p>\n<p style=\"text-align: center;\">\n<\/div>\n<\/div>\n<\/div>\n<\/div>","protected":false},"excerpt":{"rendered":"<p><span class=\"magic-8\" style=\"font-family: Arial;\">La luz es una forma de energ\u00eda radiante que viaja en l\u00ednea recta a trav\u00e9s del vac\u00edo a una velocidad de 3,0 \u00d7 10 ^ m\/s. Se cree que la luz es tanto una onda electromagn\u00e9tica como una corriente de part\u00edculas. Esta comprensi\u00f3n de la dualidad onda-part\u00edcula de la luz es la base de la teor\u00eda cu\u00e1ntica de la luz. La teor\u00eda cu\u00e1ntica de la luz sostiene que debido a las diferentes energ\u00edas del cuanto de luz, diferentes rayos de luz pueden causar reacciones fotoqu\u00edmicas. El efecto fotoel\u00e9ctrico. El rasante fluorescente. El efecto de punci\u00f3n y el efecto t\u00e9rmico. Estos efectos se convierten en la base te\u00f3rica de la medicina de fototerapia.<\/span><\/p>","protected":false},"featured_media":2569,"comment_status":"open","ping_status":"closed","template":"","meta":{"_kad_post_transparent":"default","_kad_post_title":"","_kad_post_layout":"default","_kad_post_sidebar_id":"","_kad_post_content_style":"default","_kad_post_vertical_padding":"default","_kad_post_feature":"","_kad_post_feature_position":"","_kad_post_header":false,"_kad_post_footer":false,"_kad_post_classname":"","rank_math_title":"","rank_math_description":"","rank_math_focus_keyword":""},"product_brand":[],"product_cat":[33],"product_tag":[],"class_list":{"0":"post-2568","1":"product","2":"type-product","3":"status-publish","4":"has-post-thumbnail","6":"product_cat-face-care","8":"first","9":"instock","10":"shipping-taxable","11":"product-type-simple","12":"entry","13":"content-bg","14":"loop-entry"},"_links":{"self":[{"href":"https:\/\/skbty.com\/es\/wp-json\/wp\/v2\/product\/2568","targetHints":{"allow":["GET"]}}],"collection":[{"href":"https:\/\/skbty.com\/es\/wp-json\/wp\/v2\/product"}],"about":[{"href":"https:\/\/skbty.com\/es\/wp-json\/wp\/v2\/types\/product"}],"replies":[{"embeddable":true,"href":"https:\/\/skbty.com\/es\/wp-json\/wp\/v2\/comments?post=2568"}],"wp:featuredmedia":[{"embeddable":true,"href":"https:\/\/skbty.com\/es\/wp-json\/wp\/v2\/media\/2569"}],"wp:attachment":[{"href":"https:\/\/skbty.com\/es\/wp-json\/wp\/v2\/media?parent=2568"}],"wp:term":[{"taxonomy":"product_brand","embeddable":true,"href":"https:\/\/skbty.com\/es\/wp-json\/wp\/v2\/product_brand?post=2568"},{"taxonomy":"product_cat","embeddable":true,"href":"https:\/\/skbty.com\/es\/wp-json\/wp\/v2\/product_cat?post=2568"},{"taxonomy":"product_tag","embeddable":true,"href":"https:\/\/skbty.com\/es\/wp-json\/wp\/v2\/product_tag?post=2568"}],"curies":[{"name":"WP","href":"https:\/\/api.w.org\/{rel}","templated":true}]}}