{"id":2584,"date":"2024-01-15T19:20:39","date_gmt":"2024-01-15T11:20:39","guid":{"rendered":"https:\/\/skbty.com\/?post_type=product&#038;p=2584"},"modified":"2025-12-05T19:04:11","modified_gmt":"2025-12-05T11:04:11","slug":"maquina-de-belleza-de-plasma-de-ozono","status":"publish","type":"product","link":"https:\/\/skbty.com\/es\/producto\/maquina-de-belleza-de-plasma-de-ozono\/","title":{"rendered":"M\u00e1quina de belleza con plasma de ozono"},"content":{"rendered":"<div class=\"J_module\">\n<div class=\"detail-decorate-json-renderer-container\">\n<div class=\"magic-1\">\n<h3>\u00bfQu\u00e9 es el? <strong>\u00bfM\u00e1quina de belleza con plasma de ozono?<\/strong><\/h3>\n<p><strong>M\u00e1quina de belleza con plasma de ozono<\/strong> Utiliza tecnolog\u00eda avanzada de plasma de ozono para mejorar la salud y la belleza de la piel. Al generar un voltaje de alta frecuencia, el ox\u00edgeno del aire se electroliza para producir ozono, que mata eficazmente las bacterias, los hongos y los pat\u00f3genos que causan el acn\u00e9, promueve la regeneraci\u00f3n de la piel y mejora la elasticidad de la piel sin causar residuos ni contaminaci\u00f3n secundaria.<\/p>\n<h3><img loading=\"lazy\" decoding=\"async\" class=\"magic-10 aligncenter\" title=\"M\u00e1quina de belleza con plasma de ozono\" src=\"https:\/\/sc04.alicdn.com\/kf\/Hd70375061cf243bf87c6b36a01917c3fn\/247315878\/Hd70375061cf243bf87c6b36a01917c3fn.png\" alt=\"M\u00e1quina de belleza con plasma de ozono\" width=\"557\" height=\"383\" data-src=\"\/\/sc04.alicdn.com\/kf\/Hd70375061cf243bf87c6b36a01917c3fn\/247315878\/Hd70375061cf243bf87c6b36a01917c3fn.png\" \/><\/h3>\n<h3>\u00bfQu\u00e9 es el ozono?<\/h3>\n<p>El ozono se genera mediante la electrolisis del ox\u00edgeno del aire mediante un voltaje de alta frecuencia. Act\u00faa sobre las membranas celulares de las bacterias, da\u00f1ando sus componentes de membrana, destruyendo lipoprote\u00ednas y lipopolisac\u00e1ridos, lo que provoca la lisis y muerte celular. Este proceso mata los hongos bacterianos y los pat\u00f3genos que causan el acn\u00e9, inhibe la inflamaci\u00f3n y reduce el acn\u00e9. Despu\u00e9s de la esterilizaci\u00f3n, el ozono se reduce a ox\u00edgeno, sin dejar residuos ni contaminaci\u00f3n secundaria, a diferencia de cualquier sistema qu\u00edmico.<\/p>\n<h3>Presupuesto<\/h3>\n<ul>\n<li><strong>Nombre<\/strong>:M\u00e1quina de belleza con plasma de ozono<\/li>\n<li><strong>Tecnolog\u00eda<\/strong>:Plasma de ozono<\/li>\n<li><strong>Servicio<\/strong>:OEM\/ODM<\/li>\n<li><strong>Voltaje<\/strong>:100 V-240 V<\/li>\n<li><strong>Potencia de salida<\/strong>: 27 W<\/li>\n<li><strong>Voltaje de salida regulado<\/strong>:CC 9 V\/3 A<\/li>\n<li><strong>Tama\u00f1o<\/strong>: 40<em>33<\/em>16 cm<\/li>\n<li><strong>Peso bruto<\/strong>:Aproximadamente 2,5 kg<\/li>\n<\/ul>\n<h3>Teor\u00eda<\/h3>\n<p><strong>Plasma<\/strong>:El plasma se crea cuando los electrones libres ionizan el gas, modificando su estado. La energ\u00eda aplicada puede ser calor, CA, CC, RF, etc. En este dispositivo se utiliza corriente continua como fuente de energ\u00eda.<\/p>\n<p><img loading=\"lazy\" decoding=\"async\" class=\"magic-18 aligncenter\" title=\"M\u00e1quina de belleza con plasma de ozono\" src=\"https:\/\/sc04.alicdn.com\/kf\/H0f2d4ca5d81b4a798968bff0808070b4z\/247315878\/H0f2d4ca5d81b4a798968bff0808070b4z.png\" alt=\"M\u00e1quina de belleza con plasma de ozono\" width=\"582\" height=\"226\" data-src=\"\/\/sc04.alicdn.com\/kf\/H0f2d4ca5d81b4a798968bff0808070b4z\/247315878\/H0f2d4ca5d81b4a798968bff0808070b4z.png\" \/><\/p>\n<table style=\"border-collapse: collapse; width: 100%;\">\n<tbody>\n<tr>\n<td style=\"width: 50%;\"><img loading=\"lazy\" decoding=\"async\" class=\"magic-20 aligncenter\" title=\"M\u00e1quina de belleza con plasma de ozono\" src=\"https:\/\/sc04.alicdn.com\/kf\/H15aa9e5f516449148cf30b3128840968w\/247315878\/H15aa9e5f516449148cf30b3128840968w.png\" alt=\"M\u00e1quina de belleza con plasma de ozono\" width=\"370\" height=\"339\" data-src=\"\/\/sc04.alicdn.com\/kf\/H15aa9e5f516449148cf30b3128840968w\/247315878\/H15aa9e5f516449148cf30b3128840968w.png\" \/><\/td>\n<td style=\"width: 50%;\"><img loading=\"lazy\" decoding=\"async\" class=\"magic-22 aligncenter\" title=\"M\u00e1quina de belleza con plasma de ozono\" src=\"https:\/\/sc04.alicdn.com\/kf\/H5117a312c5844745b951682205b242ed9\/247315878\/H5117a312c5844745b951682205b242ed9.png\" alt=\"M\u00e1quina de belleza con plasma de ozono\" width=\"750\" height=\"418\" data-src=\"\/\/sc04.alicdn.com\/kf\/H5117a312c5844745b951682205b242ed9\/247315878\/H5117a312c5844745b951682205b242ed9.png\" \/><\/td>\n<\/tr>\n<\/tbody>\n<\/table>\n<h3>Caracter\u00edsticas<\/h3>\n<ol>\n<li><strong>Aplicaci\u00f3n universal<\/strong>:Se puede utilizar en todas las partes del cuerpo.<\/li>\n<li><strong>Sin heridas<\/strong>:No deja heridas en la epidermis despu\u00e9s del tratamiento.<\/li>\n<li><strong>Regeneraci\u00f3n de la piel<\/strong>: Favorece la regeneraci\u00f3n de la piel post-tratamiento.<\/li>\n<li><strong>Producci\u00f3n de col\u00e1geno<\/strong>:Estimula la producci\u00f3n de col\u00e1geno nuevo en la dermis.<\/li>\n<li><strong>Elasticidad de la piel mejorada<\/strong>:Mejora la elasticidad de la piel a trav\u00e9s de la formaci\u00f3n de nuevo col\u00e1geno.<\/li>\n<li><strong>No invasivo<\/strong>:Sin dolor, sin cicatrices, sin sangrado, sin heridas, no invasivo, m\u00e1s seguro y m\u00e1s efectivo.<\/li>\n<\/ol>\n<h3>Funciones<\/h3>\n<ol>\n<li><strong>Absorci\u00f3n mejorada<\/strong>:Mejora la tasa de absorci\u00f3n de ingredientes efectivos en productos para el cuidado de la piel.<\/li>\n<li><strong>Esterilizaci\u00f3n y antiinflamaci\u00f3n<\/strong>:Elimina eficazmente las bacterias del acn\u00e9 profundo de la piel, las marcas del acn\u00e9 y previene su recurrencia.<\/li>\n<li><strong>Acelera el metabolismo<\/strong>:Promueve la regeneraci\u00f3n del col\u00e1geno y alivia el envejecimiento de la piel.<\/li>\n<li><strong>Alivia la picaz\u00f3n<\/strong>:Alivia la picaz\u00f3n de la piel causada por alergias y sequedad.<\/li>\n<li><strong>Aclara el tono de la piel<\/strong>:Inhibe la melanina, ilumina el tono de la piel, refina la textura de la piel y reduce los poros.<\/li>\n<\/ol>\n<h3>Efectos del plasma de ozono<\/h3>\n<ol>\n<li><strong>Penetraci\u00f3n eficiente<\/strong>:Activa las c\u00e9lulas epid\u00e9rmicas de la piel instant\u00e1neamente, aumentando la hidrofilicidad de la piel y ayudando a que las soluciones nutritivas se absorban completamente para mejorar la textura y el brillo de la piel.<\/li>\n<li><strong>Mejora la elasticidad y antienvejecimiento.<\/strong>:Equilibra el potencial de membrana, permitiendo que los iones pasen f\u00e1cilmente, tensando la membrana y mejorando la elasticidad de la piel.<\/li>\n<li><strong>Elimina el acn\u00e9 y las hemorroides<\/strong>:Exfolia las c\u00e9lulas gliales muertas, mata las bacterias que provocan el acn\u00e9 e inhibe la secreci\u00f3n de sebo, previniendo la recurrencia del acn\u00e9.<\/li>\n<li><strong>Antibacteriano y antiinflamatorio<\/strong>:Contiene \u00e1tomos y mol\u00e9culas de ox\u00edgeno reactivo que destruyen las membranas celulares bacterianas, el ADN y las prote\u00ednas, proporcionando un fuerte efecto bactericida.<\/li>\n<\/ol>\n<\/div>\n<\/div>\n<\/div>\n<div class=\"J_module\">\n<div class=\"detail-decorate-json-renderer-container\">\n<div class=\"magic-1\">\n<div class=\"magic-4\"><\/div>\n<\/div>\n<\/div>\n<\/div>\n<div class=\"J_module\">\n<div class=\"detail-decorate-json-renderer-container\">\n<div class=\"magic-1\">\n<div class=\"magic-4\">\n<div class=\"magic-5\">\n<div class=\"magic-6\">\n<div><\/div>\n<\/div>\n<\/div>\n<\/div>\n<\/div>\n<\/div>\n<\/div>\n<div class=\"J_module\">\n<div class=\"icbu-pc-images magic-8\">\n<div>\n<div class=\"flex-layout-v\">\n<div class=\"flex-layout-h magic-8\">\n<div class=\"magic-27\"><img loading=\"lazy\" decoding=\"async\" class=\"magic-28 aligncenter\" title=\"M\u00e1quina de belleza con plasma de ozono\" src=\"https:\/\/sc04.alicdn.com\/kf\/Hc84e1501458c459f8036565a963fab8fG\/247315878\/Hc84e1501458c459f8036565a963fab8fG.png\" alt=\"M\u00e1quina de belleza con plasma de ozono\" width=\"750\" height=\"385\" data-src=\"\/\/sc04.alicdn.com\/kf\/Hc84e1501458c459f8036565a963fab8fG\/247315878\/Hc84e1501458c459f8036565a963fab8fG.png\" \/><\/div>\n<\/div>\n<div>\n<h3><strong>Personalizar El Logotipo De<\/strong><\/h3>\n<p>Queremos hacer de su marca se destaque? Ofrecemos logotipo modificado para requisitos particulares de los servicios que te ayudar\u00e1n a crear un entorno \u00fanico y personalizado logotipo que refleja la identidad de su marca. Nuestro equipo de expertos trabajar\u00e1 estrechamente con usted para dise\u00f1ar un logotipo que resuena con los valores de tu marca y de mensajer\u00eda. Si usted est\u00e1 buscando para renovar su logotipo existente o crear uno nuevo desde cero, lo tenemos cubierto. <a href=\"\/es\/contacto\/\">P\u00f3ngase en contacto con nosotros<\/a> hoy para aprender m\u00e1s acerca de nuestro logotipo modificado para requisitos particulares de los servicios!<\/p>\n<p style=\"text-align: center;\">\n<\/div>\n<\/div>\n<\/div>\n<\/div>\n<\/div>","protected":false},"excerpt":{"rendered":"<p><span class=\"magic-7\" style=\"font-family: Arial;\">El ozono act\u00faa sobre la membrana celular de las bacterias, provocando da\u00f1os en los componentes de la membrana, destruyendo las lipoprote\u00ednas y lipopolisac\u00e1ridos de la membrana, modificando la lisis y muerte celular, matando as\u00ed hongos bacterianos y pulgones en un periodo de tiempo muy corto, e inhibiendo la inflamaci\u00f3n y el efecto del acn\u00e9 es evidente., el ozono se reduce a ox\u00edgeno despu\u00e9s de la esterilizaci\u00f3n. No hay residuos ni contaminaci\u00f3n secundaria, lo que es inalcanzable con cualquier sistema qu\u00edmico.<\/span><\/p>","protected":false},"featured_media":2585,"comment_status":"open","ping_status":"closed","template":"","meta":{"_kad_post_transparent":"default","_kad_post_title":"","_kad_post_layout":"default","_kad_post_sidebar_id":"","_kad_post_content_style":"default","_kad_post_vertical_padding":"default","_kad_post_feature":"","_kad_post_feature_position":"","_kad_post_header":false,"_kad_post_footer":false,"_kad_post_classname":"","rank_math_title":"","rank_math_description":"","rank_math_focus_keyword":""},"product_brand":[],"product_cat":[33],"product_tag":[],"class_list":{"0":"post-2584","1":"product","2":"type-product","3":"status-publish","4":"has-post-thumbnail","6":"product_cat-face-care","7":"product_shipping_class-included-shipping","9":"first","10":"instock","11":"sale","12":"shipping-taxable","13":"purchasable","14":"product-type-simple","15":"entry","16":"content-bg","17":"loop-entry"},"_links":{"self":[{"href":"https:\/\/skbty.com\/es\/wp-json\/wp\/v2\/product\/2584","targetHints":{"allow":["GET"]}}],"collection":[{"href":"https:\/\/skbty.com\/es\/wp-json\/wp\/v2\/product"}],"about":[{"href":"https:\/\/skbty.com\/es\/wp-json\/wp\/v2\/types\/product"}],"replies":[{"embeddable":true,"href":"https:\/\/skbty.com\/es\/wp-json\/wp\/v2\/comments?post=2584"}],"wp:featuredmedia":[{"embeddable":true,"href":"https:\/\/skbty.com\/es\/wp-json\/wp\/v2\/media\/2585"}],"wp:attachment":[{"href":"https:\/\/skbty.com\/es\/wp-json\/wp\/v2\/media?parent=2584"}],"wp:term":[{"taxonomy":"product_brand","embeddable":true,"href":"https:\/\/skbty.com\/es\/wp-json\/wp\/v2\/product_brand?post=2584"},{"taxonomy":"product_cat","embeddable":true,"href":"https:\/\/skbty.com\/es\/wp-json\/wp\/v2\/product_cat?post=2584"},{"taxonomy":"product_tag","embeddable":true,"href":"https:\/\/skbty.com\/es\/wp-json\/wp\/v2\/product_tag?post=2584"}],"curies":[{"name":"WP","href":"https:\/\/api.w.org\/{rel}","templated":true}]}}