{"id":2600,"date":"2024-01-15T19:33:42","date_gmt":"2024-01-15T11:33:42","guid":{"rendered":"https:\/\/skbty.com\/?post_type=product&#038;p=2600"},"modified":"2024-06-18T15:36:58","modified_gmt":"2024-06-18T07:36:58","slug":"dispositivo-de-mesoterapia-facial","status":"publish","type":"product","link":"https:\/\/skbty.com\/es\/producto\/dispositivo-de-mesoterapia-facial\/","title":{"rendered":"Dispositivo de mesoterapia Hello Face 2 en 1"},"content":{"rendered":"<div class=\"J_module\">\n<div class=\"detail-decorate-json-renderer-container\">\n<div class=\"magic-1\">\n<h3>\u00bfQu\u00e9 es el? <strong>\u00bfDispositivo de mesoterapia facial Hola?<\/strong><\/h3>\n<p><strong>Dispositivo de mesoterapia Hello Face 2 en 1<\/strong> es un dispositivo avanzado para el cuidado de la piel dise\u00f1ado para suministrar nutrientes a la piel en profundidad y activar la regeneraci\u00f3n del col\u00e1geno. Este dispositivo, que combina la mesoterapia y las tecnolog\u00edas de radiofrecuencia, aborda de manera eficaz diversos problemas de la piel, como las arrugas, la flacidez y el tono desigual de la piel, y ofrece una soluci\u00f3n integral para el rejuvenecimiento de la piel.<\/p>\n<h3>Tecnolog\u00eda de <strong>Mesoterapia facial<\/strong><\/h3>\n<p><strong>Mango de mesoterapia<\/strong>:El flujo de aire a ultraalta velocidad pasa a trav\u00e9s de un generador de part\u00edculas, descomponiendo los nutrientes en cientos de millones de part\u00edculas finas. Estas part\u00edculas luego se aceleran a velocidad supers\u00f3nica, rompiendo la barrera cut\u00e1nea y entregando nutrientes a las capas profundas de la piel.<\/p>\n<p><strong>Mango RF<\/strong>:La onda el\u00e9ctrica RF penetra en las capas superficiales, medias y profundas de la piel, activando la reorganizaci\u00f3n y regeneraci\u00f3n del col\u00e1geno para lograr efectos lifting y tensor.<\/p>\n<table style=\"border-collapse: collapse; width: 100%;\">\n<tbody>\n<tr>\n<td style=\"width: 50%;\"><img loading=\"lazy\" decoding=\"async\" class=\"magic-23 aligncenter\" title=\" Dispositivo de mesoterapia Hello Face\" src=\"https:\/\/sc04.alicdn.com\/kf\/H30209224264e47ed9573b5099bd4f395z\/247315878\/H30209224264e47ed9573b5099bd4f395z.jpg\" alt=\" Dispositivo de mesoterapia Hello Face\" width=\"385\" height=\"1191\" data-src=\"\/\/sc04.alicdn.com\/kf\/H30209224264e47ed9573b5099bd4f395z\/247315878\/H30209224264e47ed9573b5099bd4f395z.jpg\" \/><\/td>\n<td style=\"width: 50%;\"><img loading=\"lazy\" decoding=\"async\" class=\"magic-25 aligncenter\" title=\" Dispositivo de mesoterapia Hello Face\" src=\"https:\/\/sc04.alicdn.com\/kf\/H5be873a0debe4678b204d55227619797E\/247315878\/H5be873a0debe4678b204d55227619797E.jpg\" alt=\" Dispositivo de mesoterapia Hello Face\" width=\"364\" height=\"1185\" data-src=\"\/\/sc04.alicdn.com\/kf\/H5be873a0debe4678b204d55227619797E\/247315878\/H5be873a0debe4678b204d55227619797E.jpg\" \/><\/td>\n<\/tr>\n<\/tbody>\n<\/table>\n<h3>Presupuesto<\/h3>\n<ul>\n<li><strong>Nombre<\/strong>: Dispositivo de mesoterapia Hello Face 2 en 1<\/li>\n<li><strong>Caracter\u00edsticas<\/strong>: Eliminador de arrugas, reafirmante de la piel, antienvejecimiento, reafirmante, revitalizador de la piel, blanqueador, rejuvenecimiento de la piel, eliminaci\u00f3n de imperfecciones, humectante, limpiador de poros.<\/li>\n<li><strong>Servicio<\/strong>:OEM\/ODM<\/li>\n<li><strong>Voltaje de trabajo<\/strong>:CA 220 V-230 V<\/li>\n<li><strong>Frecuencia<\/strong>:4 MHz<\/li>\n<li><strong>Presi\u00f3n del aire<\/strong>: 0,65 MPa<\/li>\n<li><strong>Fuerza<\/strong>:160W<\/li>\n<li><strong>Tama\u00f1o<\/strong>: 40<em>33<\/em>16 cm<\/li>\n<li><strong>Peso bruto<\/strong>:7,2 kg<\/li>\n<\/ul>\n<h3>Caracter\u00edsticas y beneficios<\/h3>\n<ol>\n<li><strong>Reafirmaci\u00f3n de la piel delicada<\/strong>:La r\u00e1pida descomposici\u00f3n de los nutrientes en lo profundo de la piel garantiza un tensado eficaz.<\/li>\n<li><strong>Dispositivo todo en uno<\/strong>:Combina m\u00faltiples energ\u00edas para un cuidado integral de la piel.<\/li>\n<li><strong>Experiencia mejorada<\/strong>:Las ondas de radio RF penetran profundamente en la piel, activando la recombinaci\u00f3n y regeneraci\u00f3n del col\u00e1geno.<\/li>\n<li><strong>Reparaci\u00f3n de precisi\u00f3n potente<\/strong>:Proporciona reparaci\u00f3n y restauraci\u00f3n dirigida de las capas de la piel.<\/li>\n<li><strong>C\u00f3modo y miniaturizado<\/strong>:Instrumento de belleza RF miniaturizado que es preciso y potente.<\/li>\n<li><strong>Seguro y f\u00e1cil de usar<\/strong>:Ofrece cuidado de la piel a nivel de sal\u00f3n en casa con una operaci\u00f3n sencilla.<\/li>\n<li><strong>\u00c1reas de tratamiento<\/strong>:Eficaz en los pliegues nasales, bolsas bajo los ojos, papada y para crear un rostro en forma de V.<\/li>\n<\/ol>\n<table style=\"border-collapse: collapse; width: 100%;\">\n<tbody>\n<tr>\n<td style=\"width: 50%;\"><img loading=\"lazy\" decoding=\"async\" class=\"magic-19 aligncenter\" title=\" Dispositivo de mesoterapia Hello Face\" src=\"https:\/\/sc04.alicdn.com\/kf\/H3439a3b8cf9547babe1f7210168b5618B\/247315878\/H3439a3b8cf9547babe1f7210168b5618B.jpg\" alt=\" Dispositivo de mesoterapia Hello Face\" width=\"545\" height=\"1024\" data-src=\"\/\/sc04.alicdn.com\/kf\/H3439a3b8cf9547babe1f7210168b5618B\/247315878\/H3439a3b8cf9547babe1f7210168b5618B.jpg\" \/><\/td>\n<td style=\"width: 50%;\"><img loading=\"lazy\" decoding=\"async\" class=\"magic-21 aligncenter\" title=\" Dispositivo de mesoterapia Hello Face\" src=\"https:\/\/sc04.alicdn.com\/kf\/H314468e725b240be8fa67f2a0d8ef969s\/247315878\/H314468e725b240be8fa67f2a0d8ef969s.jpg\" alt=\" Dispositivo de mesoterapia Hello Face\" width=\"470\" height=\"1023\" data-src=\"\/\/sc04.alicdn.com\/kf\/H314468e725b240be8fa67f2a0d8ef969s\/247315878\/H314468e725b240be8fa67f2a0d8ef969s.jpg\" \/><\/td>\n<\/tr>\n<\/tbody>\n<\/table>\n<h3>Aplicaciones<\/h3>\n<ul>\n<li><strong>Eliminaci\u00f3n de arrugas<\/strong>:Reduce eficazmente las l\u00edneas finas y las arrugas.<\/li>\n<li><strong>Estiramiento de la piel<\/strong>:Reafirma y tensa la piel fl\u00e1cida.<\/li>\n<li><strong>Antienvejecimiento<\/strong>:Combate los signos del envejecimiento para una apariencia juvenil.<\/li>\n<li><strong>Revitalizaci\u00f3n de la piel<\/strong>:Revitaliza y rejuvenece la piel, mejorando el aspecto general.<\/li>\n<li><strong>Blanqueo<\/strong>:Mejora el tono de la piel y reduce las imperfecciones.<\/li>\n<li><strong>Hidratante<\/strong>:Hidrata profundamente la piel.<\/li>\n<li><strong>Limpieza de poros<\/strong>:Limpia y minimiza los poros para una piel m\u00e1s suave.<\/li>\n<\/ul>\n<div class=\"magic-4\">\n<div class=\"magic-5\">\n<div class=\"magic-6\">\n<table style=\"border-collapse: collapse; width: 100%;\">\n<tbody>\n<tr>\n<td style=\"width: 50%;\"><img loading=\"lazy\" decoding=\"async\" class=\"magic-27 aligncenter\" title=\" Dispositivo de mesoterapia Hello Face\" src=\"https:\/\/sc04.alicdn.com\/kf\/H0d22ccafebd342b1839b00dd85a9fb5e4\/247315878\/H0d22ccafebd342b1839b00dd85a9fb5e4.jpg\" alt=\" Dispositivo de mesoterapia Hello Face\" width=\"460\" height=\"786\" data-src=\"\/\/sc04.alicdn.com\/kf\/H0d22ccafebd342b1839b00dd85a9fb5e4\/247315878\/H0d22ccafebd342b1839b00dd85a9fb5e4.jpg\" \/><\/td>\n<td style=\"width: 50%;\"><img loading=\"lazy\" decoding=\"async\" class=\"magic-29 aligncenter\" title=\" Dispositivo de mesoterapia Hello Face\" src=\"https:\/\/sc04.alicdn.com\/kf\/Ha2da571fd45d47deb19ac768bc3765eer\/247315878\/Ha2da571fd45d47deb19ac768bc3765eer.jpg\" alt=\" Dispositivo de mesoterapia Hello Face\" width=\"495\" height=\"787\" data-src=\"\/\/sc04.alicdn.com\/kf\/Ha2da571fd45d47deb19ac768bc3765eer\/247315878\/Ha2da571fd45d47deb19ac768bc3765eer.jpg\" \/><\/td>\n<\/tr>\n<\/tbody>\n<\/table>\n<\/div>\n<\/div>\n<\/div>\n<\/div>\n<\/div>\n<\/div>\n<div class=\"J_module\">\n<div class=\"icbu-pc-images magic-8\">\n<div class=\"flex-layout-v\">\n<div class=\"flex-layout-h magic-8\"><\/div>\n<\/div>\n<\/div>\n<\/div>\n<div class=\"J_module\">\n<div class=\"detail-decorate-json-renderer-container\">\n<div class=\"magic-1\">\n<div class=\"magic-4\">\n<div class=\"magic-5\">\n<div class=\"magic-6\"><\/div>\n<\/div>\n<\/div>\n<\/div>\n<\/div>\n<\/div>\n<div class=\"J_module\">\n<div class=\"icbu-pc-images magic-8\">\n<div class=\"flex-layout-v\">\n<div class=\"flex-layout-h magic-8\">\n<div class=\"magic-18\">\n<h3><strong>Personalizar El Logotipo De<\/strong><\/h3>\n<p>Queremos hacer de su marca se destaque? Ofrecemos logotipo modificado para requisitos particulares de los servicios que te ayudar\u00e1n a crear un entorno \u00fanico y personalizado logotipo que refleja la identidad de su marca. Nuestro equipo de expertos trabajar\u00e1 estrechamente con usted para dise\u00f1ar un logotipo que resuena con los valores de tu marca y de mensajer\u00eda. Si usted est\u00e1 buscando para renovar su logotipo existente o crear uno nuevo desde cero, lo tenemos cubierto. <a href=\"\/es\/contacto\/\">P\u00f3ngase en contacto con nosotros<\/a> hoy para aprender m\u00e1s acerca de nuestro logotipo modificado para requisitos particulares de los servicios!<\/p>\n<\/div>\n<\/div>\n<\/div>\n<\/div>\n<\/div>","protected":false},"excerpt":{"rendered":"<p><span class=\"magic-7\" style=\"font-family: Arial;\"><b>Manejo de mesoterapia:<\/b> El flujo de aire de ultra alta velocidad pasa a trav\u00e9s del generador de part\u00edculas para descomponer instant\u00e1neamente los nutrientes en cientos de millones de part\u00edculas finas, y luego el acelerador de part\u00edculas acelera las part\u00edculas de nutrientes a una velocidad supers\u00f3nica, rompiendo instant\u00e1neamente la barrera de la piel y entregando nutrientes a las capas profundas de la piel.<\/span><\/p>\n<p><span class=\"magic-7\" style=\"font-family: Arial;\"><b>Mango RF: <\/b>La onda el\u00e9ctrica RF se transmite a las capas superficiales, medias y profundas de la piel para activar la reorganizaci\u00f3n y regeneraci\u00f3n del col\u00e1geno para lograr el efecto de lifting y tensado.<\/span><\/p>","protected":false},"featured_media":2601,"comment_status":"open","ping_status":"closed","template":"","meta":{"_kad_post_transparent":"default","_kad_post_title":"","_kad_post_layout":"default","_kad_post_sidebar_id":"","_kad_post_content_style":"default","_kad_post_vertical_padding":"default","_kad_post_feature":"","_kad_post_feature_position":"","_kad_post_header":false,"_kad_post_footer":false,"_kad_post_classname":"","rank_math_title":"","rank_math_description":"","rank_math_focus_keyword":""},"product_brand":[],"product_cat":[33],"product_tag":[],"class_list":{"0":"post-2600","1":"product","2":"type-product","3":"status-publish","4":"has-post-thumbnail","6":"product_cat-face-care","8":"first","9":"instock","10":"shipping-taxable","11":"product-type-simple","12":"entry","13":"content-bg","14":"loop-entry"},"_links":{"self":[{"href":"https:\/\/skbty.com\/es\/wp-json\/wp\/v2\/product\/2600","targetHints":{"allow":["GET"]}}],"collection":[{"href":"https:\/\/skbty.com\/es\/wp-json\/wp\/v2\/product"}],"about":[{"href":"https:\/\/skbty.com\/es\/wp-json\/wp\/v2\/types\/product"}],"replies":[{"embeddable":true,"href":"https:\/\/skbty.com\/es\/wp-json\/wp\/v2\/comments?post=2600"}],"wp:featuredmedia":[{"embeddable":true,"href":"https:\/\/skbty.com\/es\/wp-json\/wp\/v2\/media\/2601"}],"wp:attachment":[{"href":"https:\/\/skbty.com\/es\/wp-json\/wp\/v2\/media?parent=2600"}],"wp:term":[{"taxonomy":"product_brand","embeddable":true,"href":"https:\/\/skbty.com\/es\/wp-json\/wp\/v2\/product_brand?post=2600"},{"taxonomy":"product_cat","embeddable":true,"href":"https:\/\/skbty.com\/es\/wp-json\/wp\/v2\/product_cat?post=2600"},{"taxonomy":"product_tag","embeddable":true,"href":"https:\/\/skbty.com\/es\/wp-json\/wp\/v2\/product_tag?post=2600"}],"curies":[{"name":"WP","href":"https:\/\/api.w.org\/{rel}","templated":true}]}}