{"id":2685,"date":"2024-03-08T16:28:03","date_gmt":"2024-03-08T08:28:03","guid":{"rendered":"https:\/\/skbty.com\/?post_type=product&#038;p=2685"},"modified":"2024-06-17T17:02:20","modified_gmt":"2024-06-17T09:02:20","slug":"hola-maquina-de-mesoterapia-facial","status":"publish","type":"product","link":"https:\/\/skbty.com\/es\/producto\/hola-maquina-de-mesoterapia-facial\/","title":{"rendered":"M\u00e1quina de mesoterapia HELLO FACE"},"content":{"rendered":"<div class=\"J_module\">\n<div class=\"detail-decorate-json-renderer-container\">\n<div class=\"magic-1\"><\/div>\n<\/div>\n<\/div>\n<div class=\"J_module\">\n<div class=\"icbu-pc-images magic-8\">\n<div class=\"flex-layout-v\">\n<div class=\"flex-layout-h magic-8\">\n<h3>\u00bfQu\u00e9 es la m\u00e1quina de mesoterapia HELLO FACE?<\/h3>\n<p><strong>Dispositivo de mesoterapia HELLO FACE<\/strong> Utiliza tecnolog\u00eda avanzada de pulverizaci\u00f3n a alta presi\u00f3n para convertir las soluciones nutritivas en nanomol\u00e9culas que penetran instant\u00e1neamente en la piel. Mantenida a una temperatura constante de 36 grados cent\u00edgrados, la piel experimenta un efecto refrescante inmediato, activando la circulaci\u00f3n sangu\u00ednea y abriendo los poros. Esto permite que las mol\u00e9culas ultrafinas lleguen a las capas m\u00e1s profundas de la piel, aportando nutrientes que despiertan la regeneraci\u00f3n celular, reparan las c\u00e9lulas da\u00f1adas y restauran la funci\u00f3n de barrera de la piel. Este dispositivo aborda los problemas de la piel desde su ra\u00edz, mejora la resistencia de la piel y promueve una piel m\u00e1s sana. Funciona en combinaci\u00f3n con varios productos hidratantes, reparadores y antienvejecimiento para lograr resultados \u00f3ptimos.<\/p>\n<h3>Principio de funcionamiento<\/h3>\n<p><strong>Tecnolog\u00eda de s\u00faper transmisi\u00f3n HELLO FACE II<\/strong><\/p>\n<p>El dispositivo HELLO FACE II emplea tecnolog\u00eda de chorro de alta presi\u00f3n para disolver instant\u00e1neamente soluciones nutritivas en peque\u00f1as nanomol\u00e9culas. Estas mol\u00e9culas penetran profundamente en la piel, capa por capa, y aportan nutrientes que estimulan la regeneraci\u00f3n celular y reparan las c\u00e9lulas da\u00f1adas. Esta tecnolog\u00eda mejora la resistencia de la piel, promueve la salud general de la piel y funciona eficazmente con productos hidratantes, reparadores y antienvejecimiento para lograr resultados perfectos.<\/p>\n<h3>Ventajas<\/h3>\n<ul>\n<li><strong>Tecnolog\u00eda de punta<\/strong>Liderando el camino en nuevas experiencias de cuidado de la piel.<\/li>\n<li><strong>Alta tecnolog\u00eda y no invasiva<\/strong>:Ofrece tratamientos indoloros y no invasivos.<\/li>\n<li><strong>Piel joven<\/strong>:Promueve una piel joven y rica en col\u00e1geno.<\/li>\n<\/ul>\n<h3>Presupuesto<\/h3>\n<ul>\n<li><strong>Nombre<\/strong>: Dispositivo de mesoterapia Hello Face<\/li>\n<li><strong>Caracter\u00edsticas<\/strong>:Eliminador de arrugas, tensor de la piel, antienvejecimiento, reafirmante, revitalizador de la piel, blanqueador, rejuvenecimiento de la piel, eliminaci\u00f3n de imperfecciones, humectante, limpiador de poros.<\/li>\n<li><strong>Servicio<\/strong>:OEM\/ODM<\/li>\n<li><strong>Voltaje<\/strong>:CA 210 V-240 V<\/li>\n<li><strong>Voltaje de trabajo<\/strong>: 24 V<\/li>\n<li><strong>Presi\u00f3n del aire<\/strong>: 1 MPa<\/li>\n<li><strong>Fuerza<\/strong>:140W<\/li>\n<li><strong>Tama\u00f1o<\/strong>: 38<em>31<\/em>24 cm<\/li>\n<li><strong>Peso bruto<\/strong>:6,8 kg<\/li>\n<\/ul>\n<table style=\"border-collapse: collapse; width: 100%;\">\n<tbody>\n<tr>\n<td style=\"width: 33.311%;\"><img loading=\"lazy\" decoding=\"async\" class=\"magic-19 aligncenter\" title=\"M\u00e1quina de mesoterapia HELLO FACE\" src=\"https:\/\/sc04.alicdn.com\/kf\/H8bb0410966ba41b18b472670e6618d2cW\/247315878\/H8bb0410966ba41b18b472670e6618d2cW.jpg\" alt=\"M\u00e1quina de mesoterapia HELLO FACE\" width=\"309\" height=\"384\" data-src=\"\/\/sc04.alicdn.com\/kf\/H8bb0410966ba41b18b472670e6618d2cW\/247315878\/H8bb0410966ba41b18b472670e6618d2cW.jpg\" \/><\/td>\n<td style=\"width: 35.0983%;\"><img loading=\"lazy\" decoding=\"async\" class=\"magic-21 aligncenter\" title=\"M\u00e1quina de mesoterapia HELLO FACE\" src=\"https:\/\/sc04.alicdn.com\/kf\/H7e69602adb5e46528734352c165cfc8bM\/247315878\/H7e69602adb5e46528734352c165cfc8bM.jpg\" alt=\"M\u00e1quina de mesoterapia HELLO FACE\" width=\"415\" height=\"418\" data-src=\"\/\/sc04.alicdn.com\/kf\/H7e69602adb5e46528734352c165cfc8bM\/247315878\/H7e69602adb5e46528734352c165cfc8bM.jpg\" \/><\/td>\n<td style=\"width: 31.5907%;\"><img loading=\"lazy\" decoding=\"async\" class=\"magic-33 aligncenter\" title=\"M\u00e1quina de mesoterapia HELLO FACE\" src=\"https:\/\/sc04.alicdn.com\/kf\/H601523f71c1646f8a2003eb91d514bd0A\/247315878\/H601523f71c1646f8a2003eb91d514bd0A.jpg\" alt=\"M\u00e1quina de mesoterapia HELLO FACE\" width=\"273\" height=\"461\" data-src=\"\/\/sc04.alicdn.com\/kf\/H601523f71c1646f8a2003eb91d514bd0A\/247315878\/H601523f71c1646f8a2003eb91d514bd0A.jpg\" \/><\/td>\n<\/tr>\n<\/tbody>\n<\/table>\n<h3>Beneficios y caracter\u00edsticas<\/h3>\n<ol>\n<li><strong>Tecnolog\u00eda avanzada<\/strong>:Utiliza tecnolog\u00eda de chorro de alta presi\u00f3n para una penetraci\u00f3n profunda en la piel.<\/li>\n<li><strong>Temperatura constante<\/strong>:Mantiene una temperatura constante de 36 grados cent\u00edgrados para una \u00f3ptima absorci\u00f3n en la piel.<\/li>\n<li><strong>Efecto inmediato<\/strong>:Activa la circulaci\u00f3n sangu\u00ednea, abre los poros y aporta nutrientes al instante.<\/li>\n<li><strong>Regeneraci\u00f3n celular<\/strong>:Estimula la regeneraci\u00f3n celular y repara las c\u00e9lulas da\u00f1adas.<\/li>\n<li><strong>Reparaci\u00f3n de la funci\u00f3n de barrera<\/strong>:Restaura la funci\u00f3n de barrera de la piel para una piel m\u00e1s saludable.<\/li>\n<li><strong>Cuidado integral de la piel<\/strong>:Trabaja con productos de hidrataci\u00f3n, reparaci\u00f3n y antienvejecimiento para lograr los mejores resultados.<\/li>\n<\/ol>\n<table style=\"border-collapse: collapse; width: 100%;\">\n<tbody>\n<tr>\n<td style=\"width: 50%;\"><img loading=\"lazy\" decoding=\"async\" class=\"magic-25 aligncenter\" title=\"M\u00e1quina de mesoterapia HELLO FACE\" src=\"https:\/\/sc04.alicdn.com\/kf\/H28aecbc8fde6430fa2efd2d9d75984faI\/247315878\/H28aecbc8fde6430fa2efd2d9d75984faI.jpg\" alt=\"M\u00e1quina de mesoterapia HELLO FACE\" width=\"431\" height=\"582\" data-src=\"\/\/sc04.alicdn.com\/kf\/H28aecbc8fde6430fa2efd2d9d75984faI\/247315878\/H28aecbc8fde6430fa2efd2d9d75984faI.jpg\" \/><\/td>\n<td style=\"width: 50%;\"><img loading=\"lazy\" decoding=\"async\" class=\"magic-27 aligncenter\" title=\"M\u00e1quina de mesoterapia HELLO FACE\" src=\"https:\/\/sc04.alicdn.com\/kf\/H8c508d6eefac429aabd7cd5ad074a82bS\/247315878\/H8c508d6eefac429aabd7cd5ad074a82bS.jpg\" alt=\"M\u00e1quina de mesoterapia HELLO FACE\" width=\"359\" height=\"631\" data-src=\"\/\/sc04.alicdn.com\/kf\/H8c508d6eefac429aabd7cd5ad074a82bS\/247315878\/H8c508d6eefac429aabd7cd5ad074a82bS.jpg\" \/><\/td>\n<\/tr>\n<\/tbody>\n<\/table>\n<h3>Aplicaciones<\/h3>\n<ul>\n<li><strong>Eliminaci\u00f3n de arrugas<\/strong>:Reduce eficazmente las arrugas y l\u00edneas finas.<\/li>\n<li><strong>Estiramiento de la piel<\/strong>:Reafirma y tensa la piel.<\/li>\n<li><strong>Antienvejecimiento<\/strong>:Combate los signos del envejecimiento para una apariencia juvenil.<\/li>\n<li><strong>Revitalizaci\u00f3n de la piel<\/strong>:Revitaliza y rejuvenece la piel.<\/li>\n<li><strong>Blanqueo<\/strong>:Mejora el tono de la piel y reduce las imperfecciones.<\/li>\n<li><strong>Hidratante<\/strong>:Hidrata profundamente la piel.<\/li>\n<li><strong>Limpieza de poros<\/strong>:Limpia y minimiza los poros para una tez m\u00e1s suave.<\/li>\n<\/ul>\n<\/div>\n<\/div>\n<\/div>\n<\/div>\n<div class=\"J_module\">\n<div class=\"icbu-pc-images magic-8\">\n<div class=\"flex-layout-v\">\n<div class=\"flex-layout-h magic-8\">\n<div class=\"magic-30\">\n<h3><strong>Personalizar El Logotipo De<\/strong><\/h3>\n<p>Queremos hacer de su marca se destaque? Ofrecemos logotipo modificado para requisitos particulares de los servicios que te ayudar\u00e1n a crear un entorno \u00fanico y personalizado logotipo que refleja la identidad de su marca. Nuestro equipo de expertos trabajar\u00e1 estrechamente con usted para dise\u00f1ar un logotipo que resuena con los valores de tu marca y de mensajer\u00eda. Si usted est\u00e1 buscando para renovar su logotipo existente o crear uno nuevo desde cero, lo tenemos cubierto. <a href=\"\/es\/contacto\/\">P\u00f3ngase en contacto con nosotros<\/a> hoy para aprender m\u00e1s acerca de nuestro logotipo modificado para requisitos particulares de los servicios!<\/p>\n<\/div>\n<\/div>\n<\/div>\n<\/div>\n<\/div>\n<div class=\"J_module\">\n<div class=\"icbu-pc-images magic-8\">\n<div class=\"flex-layout-v\">\n<div class=\"flex-layout-h magic-8\">\n<div class=\"magic-32\"><\/div>\n<\/div>\n<\/div>\n<\/div>\n<\/div>\n<div class=\"J_module\">\n<div class=\"icbu-pc-images magic-8\">\n<div class=\"flex-layout-v\">\n<div class=\"flex-layout-h magic-8\">\n<div class=\"magic-34\"><\/div>\n<\/div>\n<\/div>\n<\/div>\n<\/div>\n<div class=\"J_module\">\n<div class=\"icbu-pc-images magic-8\">\n<div>\n<div class=\"flex-layout-v\">\n<div class=\"flex-layout-h magic-8\"><\/div>\n<\/div>\n<\/div>\n<\/div>\n<\/div>\n<div class=\"J_module\">\n<div class=\"icbu-pc-detailManyImage magic-40\">\n<div class=\"magic-41\"><\/div>\n<\/div>\n<\/div>","protected":false},"excerpt":{"rendered":"<p>La soluci\u00f3n nutritiva se pulveriza instant\u00e1neamente en peque\u00f1as nanomol\u00e9culas mediante tecnolog\u00eda de pulverizaci\u00f3n de alta presi\u00f3n. El producto se mantiene a una temperatura constante de 36 grados Celsius. La piel se enfr\u00eda instant\u00e1neamente y reacciona, activando la circulaci\u00f3n sangu\u00ednea para abrir los poros de la piel, de modo que la esencia nutritiva de mol\u00e9culas peque\u00f1as ultrafinas se precipita en un microsegundo. La capa inferior de la piel libera nutrientes a la piel capa por capa, lo que despierta la funci\u00f3n de regeneraci\u00f3n celular.<\/p>","protected":false},"featured_media":2686,"comment_status":"open","ping_status":"closed","template":"","meta":{"_kad_post_transparent":"default","_kad_post_title":"","_kad_post_layout":"default","_kad_post_sidebar_id":"","_kad_post_content_style":"default","_kad_post_vertical_padding":"default","_kad_post_feature":"","_kad_post_feature_position":"","_kad_post_header":false,"_kad_post_footer":false,"_kad_post_classname":"","rank_math_title":"","rank_math_description":"","rank_math_focus_keyword":""},"product_brand":[],"product_cat":[33],"product_tag":[],"class_list":{"0":"post-2685","1":"product","2":"type-product","3":"status-publish","4":"has-post-thumbnail","6":"product_cat-face-care","8":"first","9":"instock","10":"shipping-taxable","11":"product-type-simple","12":"entry","13":"content-bg","14":"loop-entry"},"_links":{"self":[{"href":"https:\/\/skbty.com\/es\/wp-json\/wp\/v2\/product\/2685","targetHints":{"allow":["GET"]}}],"collection":[{"href":"https:\/\/skbty.com\/es\/wp-json\/wp\/v2\/product"}],"about":[{"href":"https:\/\/skbty.com\/es\/wp-json\/wp\/v2\/types\/product"}],"replies":[{"embeddable":true,"href":"https:\/\/skbty.com\/es\/wp-json\/wp\/v2\/comments?post=2685"}],"wp:featuredmedia":[{"embeddable":true,"href":"https:\/\/skbty.com\/es\/wp-json\/wp\/v2\/media\/2686"}],"wp:attachment":[{"href":"https:\/\/skbty.com\/es\/wp-json\/wp\/v2\/media?parent=2685"}],"wp:term":[{"taxonomy":"product_brand","embeddable":true,"href":"https:\/\/skbty.com\/es\/wp-json\/wp\/v2\/product_brand?post=2685"},{"taxonomy":"product_cat","embeddable":true,"href":"https:\/\/skbty.com\/es\/wp-json\/wp\/v2\/product_cat?post=2685"},{"taxonomy":"product_tag","embeddable":true,"href":"https:\/\/skbty.com\/es\/wp-json\/wp\/v2\/product_tag?post=2685"}],"curies":[{"name":"WP","href":"https:\/\/api.w.org\/{rel}","templated":true}]}}