{"id":2692,"date":"2024-03-08T16:42:03","date_gmt":"2024-03-08T08:42:03","guid":{"rendered":"https:\/\/skbty.com\/?post_type=product&#038;p=2692"},"modified":"2024-06-17T16:30:43","modified_gmt":"2024-06-17T08:30:43","slug":"maquina-de-masaje-con-rodillo-de-bolas-interior","status":"publish","type":"product","link":"https:\/\/skbty.com\/es\/producto\/maquina-de-masaje-con-rodillo-de-bolas-interior\/","title":{"rendered":"M\u00e1quina de masaje con rodillo de bolas internas"},"content":{"rendered":"<div class=\"J_module\">\n<div class=\"detail-decorate-json-renderer-container\">\n<div class=\"magic-1\">\n<div class=\"magic-2\">\n<div class=\"magic-3\">\n<div>\n<h3>\u00bfQu\u00e9 es la m\u00e1quina de masaje con rodillo de bolas internas?<\/h3>\n<p><strong>El rodillo de bola interior<\/strong> es una m\u00e1quina moldeadora corporal de \u00faltima generaci\u00f3n y reconocida mundialmente. Utilizando una innovadora tecnolog\u00eda de microvibraci\u00f3n por compresi\u00f3n, mejora el drenaje linf\u00e1tico, estimula la circulaci\u00f3n sangu\u00ednea, reduce y mejora la celulitis, revierte los signos del envejecimiento, tonifica los m\u00fasculos y ayuda a la desintoxicaci\u00f3n. Se puede utilizar tanto en el rostro como en el cuerpo, siendo los muslos, los gl\u00fateos y la parte superior de los brazos las zonas de tratamiento m\u00e1s populares.<\/p>\n<p><img loading=\"lazy\" decoding=\"async\" class=\"magic-8 aligncenter\" title=\"M\u00e1quina de masaje con rodillo de bolas internas\" src=\"https:\/\/sc04.alicdn.com\/kf\/Hc470fc6b3f8b4adcbdf42de4e32f6260g\/247315878\/Hc470fc6b3f8b4adcbdf42de4e32f6260g.jpg\" alt=\"M\u00e1quina de masaje con rodillo de bolas internas\" width=\"473\" height=\"363\" data-src=\"\/\/sc04.alicdn.com\/kf\/Hc470fc6b3f8b4adcbdf42de4e32f6260g\/247315878\/Hc470fc6b3f8b4adcbdf42de4e32f6260g.jpg\" \/><\/p>\n<p><strong>Presupuesto:<\/strong><\/p>\n<ul>\n<li><strong>Tama\u00f1o de pantalla:<\/strong> Pantalla LCD grande de 10,4 pulgadas<\/li>\n<li><strong>N\u00famero de manijas:<\/strong> 2<\/li>\n<li><strong>Tecnolog\u00eda:<\/strong> Microvibraci\u00f3n de compresi\u00f3n + infrarrojos<\/li>\n<li><strong>Frecuencia de salida:<\/strong> 40-355 Hz<\/li>\n<li><strong>Voltaje de entrada:<\/strong> CA 110 V\/220 V<\/li>\n<li><strong>Potencia de salida:<\/strong> 10-300 W<\/li>\n<li><strong>Fusible:<\/strong> 5A<\/li>\n<li><strong>Tama\u00f1o de la caja de aire:<\/strong> 46\u00d752\u00d735cm<\/li>\n<li><strong>Peso total:<\/strong> 13 kilos<\/li>\n<\/ul>\n<h3>Principio de funcionamiento<\/h3>\n<p>La m\u00e1quina Inner Ball Roller emplea microvibraci\u00f3n de compresi\u00f3n no invasiva combinada con tecnolog\u00eda infrarroja. Las bolas de silicona giran 360\u00b0 a lo largo de los rodillos, generando un efecto de \u201ccompresi\u00f3n por pulsaci\u00f3n\u201d. Este movimiento continuo de empujar, tirar y amasar aplica presi\u00f3n sobre la piel, estimulando la actividad celular, el flujo sangu\u00edneo y la oxigenaci\u00f3n. Los dep\u00f3sitos de grasa se aflojan y descomponen, reduciendo la celulitis. El masaje de tejido profundo tambi\u00e9n suaviza y estira los m\u00fasculos, reduciendo la rigidez, acelerando el metabolismo y promoviendo la desintoxicaci\u00f3n. Adem\u00e1s, estimula los fibroblastos para aumentar la producci\u00f3n de col\u00e1geno y elastina, lo que da como resultado una piel m\u00e1s suave, firme y joven.<\/p>\n<h3><img loading=\"lazy\" decoding=\"async\" class=\"magic-20 aligncenter\" title=\"M\u00e1quina de masaje con rodillo de bolas internas\" src=\"https:\/\/sc04.alicdn.com\/kf\/H542d399a3e6a44e1aabae96cf61fc452V\/247315878\/H542d399a3e6a44e1aabae96cf61fc452V.png\" alt=\"M\u00e1quina de masaje con rodillo de bolas internas\" width=\"662\" height=\"370\" data-src=\"\/\/sc04.alicdn.com\/kf\/H542d399a3e6a44e1aabae96cf61fc452V\/247315878\/H542d399a3e6a44e1aabae96cf61fc452V.png\" \/><\/h3>\n<h3>Funciones<\/h3>\n<ul>\n<li><strong>Eliminaci\u00f3n de celulitis:<\/strong> Reduce y mejora eficazmente la apariencia de la celulitis.<\/li>\n<li><strong>Mejora la circulaci\u00f3n sangu\u00ednea:<\/strong> Mejora la circulaci\u00f3n sangu\u00ednea local.<\/li>\n<li><strong>Firmeza de la piel:<\/strong> Tensa y reafirma la piel.<\/li>\n<li><strong>Tonificaci\u00f3n muscular:<\/strong> Tonifica y relaja los m\u00fasculos.<\/li>\n<li><strong>Producci\u00f3n de col\u00e1geno:<\/strong> Estimula la producci\u00f3n de col\u00e1geno y elastina.<\/li>\n<li><strong>Nutrici\u00f3n de la piel:<\/strong> Ilumina y nutre la piel.<\/li>\n<li><strong>Minimizaci\u00f3n de l\u00edneas de expresi\u00f3n:<\/strong> Reduce las l\u00edneas finas.<\/li>\n<li><strong>Anti-flacidez:<\/strong> Previene y reduce la flacidez de la piel.<\/li>\n<li><strong>Alivio del dolor:<\/strong> Alivia el dolor al reducir la inflamaci\u00f3n del tejido.<\/li>\n<\/ul>\n<h3><img loading=\"lazy\" decoding=\"async\" class=\"magic-23 aligncenter\" title=\"M\u00e1quina de masaje con rodillo de bolas internas\" src=\"https:\/\/sc04.alicdn.com\/kf\/H0e2cb347cd8447cb9d0bdfb4370ef8e8o\/247315878\/H0e2cb347cd8447cb9d0bdfb4370ef8e8o.jpg\" alt=\"M\u00e1quina de masaje con rodillo de bolas internas\" width=\"466\" height=\"436\" data-src=\"\/\/sc04.alicdn.com\/kf\/H0e2cb347cd8447cb9d0bdfb4370ef8e8o\/247315878\/H0e2cb347cd8447cb9d0bdfb4370ef8e8o.jpg\" \/><\/h3>\n<h3>Caracter\u00edsticas<\/h3>\n<ol>\n<li><strong>Mango de tambor giratorio inteligente de 360\u00b0:<\/strong> Garantiza un funcionamiento continuo, seguro y estable.<\/li>\n<li><strong>Pantalla LED:<\/strong> Muestra el tiempo y la velocidad, lo que facilita el control y el ajuste.<\/li>\n<li><strong>Interruptor de direcci\u00f3n con una tecla:<\/strong> Permite cambiar f\u00e1cilmente entre direcciones de avance y retroceso.<\/li>\n<li><strong>Pelota de silicona flexible:<\/strong> Proporciona un proceso de enrollado suave y delicado sin escozor.<\/li>\n<li><strong>Operaci\u00f3n sin esfuerzo:<\/strong> No necesita ning\u00fan masaje laborioso, lo que garantiza un uso sencillo y seguro.<\/li>\n<\/ol>\n<h3>Aplicaciones<\/h3>\n<h4>Tratamiento de rostro y cuello<\/h4>\n<ol>\n<li><strong>Reducci\u00f3n de arrugas:<\/strong> Reduce las arrugas causadas por el sol y el estr\u00e9s, dejando la piel rejuvenecida y radiante.<\/li>\n<li><strong>Aclaraci\u00f3n del tono de la piel:<\/strong> Estimula la oxigenaci\u00f3n, devolviendo un brillo saludable.<\/li>\n<li><strong>Relajaci\u00f3n y tonificaci\u00f3n muscular:<\/strong> Relaja y tonifica los m\u00fasculos faciales, mejorando la apariencia y el cutis de la piel.<\/li>\n<li><strong>Restauraci\u00f3n de la vitalidad:<\/strong> Mejora el tono de la piel, reduce las ojeras y las bolsas debajo de los ojos y estimula la producci\u00f3n de col\u00e1geno y elastina para una piel m\u00e1s firme y suave.<\/li>\n<\/ol>\n<h4>Tratamiento corporal<\/h4>\n<ol>\n<li><strong>Reducci\u00f3n de celulitis:<\/strong> Reduce la retenci\u00f3n de c\u00e9lulas grasas y agua, mejorando las \u00e1reas problem\u00e1ticas.<\/li>\n<li><strong>Circulaci\u00f3n linf\u00e1tica:<\/strong> Activa la circulaci\u00f3n sangu\u00ednea y linf\u00e1tica local.<\/li>\n<li><strong>Mejora del tono y la textura:<\/strong> Tonifica y tensa el tejido, produciendo un tono de piel m\u00e1s juvenil.<\/li>\n<\/ol>\n<h3>Efectos<\/h3>\n<p>La sinergia de la microvibraci\u00f3n por compresi\u00f3n mec\u00e1nica y los rayos infrarrojos mejora la circulaci\u00f3n sangu\u00ednea, el flujo linf\u00e1tico y descompone los agregados grasos. Reduce la celulitis, reafirma la piel y remodela el cuerpo desde los primeros tratamientos. La mejora del flujo sangu\u00edneo y del metabolismo promueve la reorganizaci\u00f3n de los tejidos, la desintoxicaci\u00f3n y mejora el aspecto de la celulitis.<\/p>\n<p><img loading=\"lazy\" decoding=\"async\" class=\"magic-28 aligncenter\" title=\"M\u00e1quina de masaje con rodillo de bolas internas\" src=\"https:\/\/sc04.alicdn.com\/kf\/H81b16f5c732140efae6eb2f92802a79be\/247315878\/H81b16f5c732140efae6eb2f92802a79be.png\" alt=\"M\u00e1quina de masaje con rodillo de bolas internas\" width=\"406\" height=\"486\" data-src=\"\/\/sc04.alicdn.com\/kf\/H81b16f5c732140efae6eb2f92802a79be\/247315878\/H81b16f5c732140efae6eb2f92802a79be.png\" \/><\/p>\n<h3>Observaciones cl\u00ednicas<\/h3>\n<p>Los estudios cl\u00ednicos han demostrado que la terapia de microvibraci\u00f3n por compresi\u00f3n es eficaz para estimular el volumen sangu\u00edneo, aumentar la oxigenaci\u00f3n, mejorar el drenaje linf\u00e1tico y potenciar la microcirculaci\u00f3n. Tambi\u00e9n es ideal para tratar la estasis venosa y eliminar toxinas.<\/p>\n<\/div>\n<div><\/div>\n<\/div>\n<\/div>\n<\/div>\n<\/div>\n<\/div>\n<div class=\"J_module\">\n<div class=\"detail-decorate-json-renderer-container\">\n<div class=\"magic-1\">\n<div class=\"magic-2\">\n<div class=\"magic-3\">\n<div class=\"magic-4\">\n<h3><strong>Personalizar El Logotipo De<\/strong><\/h3>\n<p>Queremos hacer de su marca se destaque? Ofrecemos logotipo modificado para requisitos particulares de los servicios que te ayudar\u00e1n a crear un entorno \u00fanico y personalizado logotipo que refleja la identidad de su marca. Nuestro equipo de expertos trabajar\u00e1 estrechamente con usted para dise\u00f1ar un logotipo que resuena con los valores de tu marca y de mensajer\u00eda. Si usted est\u00e1 buscando para renovar su logotipo existente o crear uno nuevo desde cero, lo tenemos cubierto. <a href=\"\/es\/contacto\/\">P\u00f3ngase en contacto con nosotros<\/a> hoy para aprender m\u00e1s acerca de nuestro logotipo modificado para requisitos particulares de los servicios!<\/p>\n<\/div>\n<\/div>\n<\/div>\n<\/div>\n<\/div>\n<\/div>\n<div class=\"J_module\">\n<div class=\"icbu-pc-images magic-6\">\n<div class=\"flex-layout-v\">\n<div class=\"flex-layout-h magic-6\">\n<div class=\"magic-19\"><\/div>\n<\/div>\n<\/div>\n<\/div>\n<\/div>\n<div class=\"J_module\">\n<div class=\"detail-decorate-json-renderer-container\">\n<div class=\"magic-1\">\n<div><\/div>\n<\/div>\n<\/div>\n<\/div>\n<div class=\"J_module\">\n<div class=\"detail-decorate-json-renderer-container\">\n<div class=\"magic-1\">\n<div class=\"magic-2\">\n<div class=\"magic-3\">\n<div class=\"magic-4\">\n<div><\/div>\n<\/div>\n<\/div>\n<\/div>\n<\/div>\n<\/div>\n<\/div>\n<div class=\"J_module\">\n<div class=\"icbu-pc-images magic-6\">\n<div class=\"flex-layout-v\">\n<div class=\"flex-layout-h magic-6\">\n<div class=\"magic-27\"><\/div>\n<\/div>\n<\/div>\n<\/div>\n<\/div>","protected":false},"excerpt":{"rendered":"<p><span class=\"magic-5\" style=\"font-family: Arial;\"><span data-spm-anchor-id=\"a2700.details.0.i61.27b89d639KtIbM\">El rodillo de bolas interno es una m\u00e1quina moldeadora corporal de vanguardia y reconocida mundialmente. Mediante una innovadora microvibraci\u00f3n de compresi\u00f3n, mejora el drenaje linf\u00e1tico, aumenta la circulaci\u00f3n sangu\u00ednea, mejora la celulitis, reduce la celulitis, revierte los signos del envejecimiento, tonifica los m\u00fasculos y es un tratamiento de desintoxicaci\u00f3n. Se puede utilizar en el rostro y el cuerpo. Las zonas m\u00e1s populares para el tratamiento son los muslos, los gl\u00fateos y la parte superior de los brazos.<\/span><\/span><\/p>","protected":false},"featured_media":2693,"comment_status":"open","ping_status":"closed","template":"","meta":{"_kad_post_transparent":"default","_kad_post_title":"","_kad_post_layout":"default","_kad_post_sidebar_id":"","_kad_post_content_style":"default","_kad_post_vertical_padding":"default","_kad_post_feature":"","_kad_post_feature_position":"","_kad_post_header":false,"_kad_post_footer":false,"_kad_post_classname":"","rank_math_title":"","rank_math_description":"","rank_math_focus_keyword":""},"product_brand":[],"product_cat":[31],"product_tag":[],"class_list":{"0":"post-2692","1":"product","2":"type-product","3":"status-publish","4":"has-post-thumbnail","6":"product_cat-body-slimming","8":"first","9":"instock","10":"shipping-taxable","11":"product-type-simple","12":"entry","13":"content-bg","14":"loop-entry"},"_links":{"self":[{"href":"https:\/\/skbty.com\/es\/wp-json\/wp\/v2\/product\/2692","targetHints":{"allow":["GET"]}}],"collection":[{"href":"https:\/\/skbty.com\/es\/wp-json\/wp\/v2\/product"}],"about":[{"href":"https:\/\/skbty.com\/es\/wp-json\/wp\/v2\/types\/product"}],"replies":[{"embeddable":true,"href":"https:\/\/skbty.com\/es\/wp-json\/wp\/v2\/comments?post=2692"}],"wp:featuredmedia":[{"embeddable":true,"href":"https:\/\/skbty.com\/es\/wp-json\/wp\/v2\/media\/2693"}],"wp:attachment":[{"href":"https:\/\/skbty.com\/es\/wp-json\/wp\/v2\/media?parent=2692"}],"wp:term":[{"taxonomy":"product_brand","embeddable":true,"href":"https:\/\/skbty.com\/es\/wp-json\/wp\/v2\/product_brand?post=2692"},{"taxonomy":"product_cat","embeddable":true,"href":"https:\/\/skbty.com\/es\/wp-json\/wp\/v2\/product_cat?post=2692"},{"taxonomy":"product_tag","embeddable":true,"href":"https:\/\/skbty.com\/es\/wp-json\/wp\/v2\/product_tag?post=2692"}],"curies":[{"name":"WP","href":"https:\/\/api.w.org\/{rel}","templated":true}]}}