{"id":2700,"date":"2024-04-03T15:16:36","date_gmt":"2024-04-03T07:16:36","guid":{"rendered":"https:\/\/skbty.com\/?post_type=product&#038;p=2700"},"modified":"2025-12-05T19:09:31","modified_gmt":"2025-12-05T11:09:31","slug":"dispositivo-de-masaje-con-rodillos-y-microvibraciones","status":"publish","type":"product","link":"https:\/\/skbty.com\/es\/producto\/dispositivo-de-masaje-con-rodillos-y-microvibraciones\/","title":{"rendered":"Dispositivo de masaje con rodillos y microvibraci\u00f3n"},"content":{"rendered":"<div id=\"module_product_packaging_and_quick_detail\">\n<div class=\"widget-detail-overview\">\n<h3>Descripci\u00f3n del masaje con rodillos<\/h3>\n<p>Presentamos la m\u00e1quina de masaje con microvibraci\u00f3n y rodillos, un avanzado instrumento el\u00e9ctrico con bolas dise\u00f1ado para tratar tejidos y m\u00fasculos con precisi\u00f3n. El dispositivo presenta un dise\u00f1o cil\u00edndrico compuesto por m\u00faltiples bolas rodantes que utilizan la presi\u00f3n de microvibraci\u00f3n para brindar una terapia de masaje efectiva. La exclusiva &quot;configuraci\u00f3n en forma de panal&quot; de las bolas se alinea con curvas ergon\u00f3micas, creando movimientos r\u00edtmicos y pulsados que hacen que la operaci\u00f3n sea m\u00e1s eficiente, potente y profundamente penetrante.<\/p>\n<p style=\"text-align: center;\"><iframe loading=\"lazy\" src=\"\/\/www.youtube.com\/embed\/L7FbNVF0yFg\" width=\"560\" height=\"314\" allowfullscreen=\"allowfullscreen\"><\/iframe><\/p>\n<div data-spm-anchor-id=\"a2700.details.0.i61.57065ba5t7RUMd\">\n<p><img loading=\"lazy\" decoding=\"async\" class=\"magic-8 aligncenter\" title=\"Masaje rodante\" src=\"https:\/\/sc04.alicdn.com\/kf\/H14e7e9450be84060b0aa2613cc8770ebh\/247315878\/H14e7e9450be84060b0aa2613cc8770ebh.jpg\" alt=\"Masaje rodante\" width=\"472\" height=\"472\" data-src=\"\/\/sc04.alicdn.com\/kf\/H14e7e9450be84060b0aa2613cc8770ebh\/247315878\/H14e7e9450be84060b0aa2613cc8770ebh.jpg\" \/><\/p>\n<\/div>\n<h3>Detalles del producto<\/h3>\n<ul>\n<li><strong>Nombre del producto<\/strong>:M\u00e1quina laminadora de microvibraci\u00f3n<\/li>\n<li><strong>Presupuesto<\/strong>: 55*7,2 cm<\/li>\n<li><strong>M\u00e1xima potencia<\/strong>: 40 W<\/li>\n<li><strong>Fuente de alimentaci\u00f3n<\/strong>: 12 V 1 A<\/li>\n<li><strong>Peso<\/strong>:1200 gramos<\/li>\n<\/ul>\n<h3>Ventajas<\/h3>\n<p>La m\u00e1quina de rodillos con microvibraci\u00f3n cuenta con 39 bolas rodantes, cada una de 25 mm de di\u00e1metro. El cilindro gira a una frecuencia de 40 a 320 Hz, ajustable para diferentes partes del cuerpo. Su dise\u00f1o de doble manija garantiza una distribuci\u00f3n uniforme de la fuerza y una f\u00e1cil operaci\u00f3n.<\/p>\n<h3><img loading=\"lazy\" decoding=\"async\" class=\"magic-8 aligncenter\" title=\"Masaje rodante\" src=\"https:\/\/sc04.alicdn.com\/kf\/H268ec1c00f264a20a2b18321871d3de9c\/247315878\/H268ec1c00f264a20a2b18321871d3de9c.jpg\" alt=\"Masaje rodante\" width=\"466\" height=\"466\" data-src=\"\/\/sc04.alicdn.com\/kf\/H268ec1c00f264a20a2b18321871d3de9c\/247315878\/H268ec1c00f264a20a2b18321871d3de9c.jpg\" \/><\/h3>\n<h3>Eficacia del producto<\/h3>\n<ol>\n<li><strong>Dragado de meridianos<\/strong>:Ayuda a regular el flujo sangu\u00edneo y aliviar el dolor muscular estimulando los meridianos del cuerpo.<\/li>\n<li><strong>Alivio de la protrusi\u00f3n de la espalda<\/strong>:Alivia las molestias asociadas con la protrusi\u00f3n de la espalda.<\/li>\n<li><strong>Reducci\u00f3n de grasa<\/strong>:Ayuda a descomponer los dep\u00f3sitos de grasa, mejorando las curvas del cuerpo.<\/li>\n<li><strong>Ayuda digestiva<\/strong>:Masajear el abdomen promueve el peristaltismo gastrointestinal, ayudando a la digesti\u00f3n.<\/li>\n<li><strong>Estiramiento de senos<\/strong>:Mejora la firmeza y la forma del pecho.<\/li>\n<\/ol>\n<div class=\"J_module\">\n<div class=\"detail-decorate-json-renderer-container\">\n<div class=\"magic-1\">\n<div class=\"magic-2\">\n<div class=\"magic-3\">\n<div class=\"magic-4\" data-spm-anchor-id=\"a2700.details.0.i61.57065ba5t7RUMd\"><\/div>\n<\/div>\n<\/div>\n<\/div>\n<\/div>\n<\/div>\n<div class=\"J_module\">\n<div>\n<table style=\"border-collapse: collapse; width: 100%;\">\n<tbody>\n<tr>\n<td style=\"width: 50%;\"><img loading=\"lazy\" decoding=\"async\" class=\"magic-15 aligncenter\" title=\"Masaje rodante\" src=\"https:\/\/sc04.alicdn.com\/kf\/H5c39bd4597c4410c92a5dd73744359eb6\/247315878\/H5c39bd4597c4410c92a5dd73744359eb6.png\" alt=\"Masaje rodante\" width=\"428\" height=\"428\" data-src=\"\/\/sc04.alicdn.com\/kf\/H5c39bd4597c4410c92a5dd73744359eb6\/247315878\/H5c39bd4597c4410c92a5dd73744359eb6.png\" \/><\/td>\n<td style=\"width: 50%;\"><img loading=\"lazy\" decoding=\"async\" class=\"magic-17 aligncenter\" title=\"Masaje rodante\" src=\"https:\/\/sc04.alicdn.com\/kf\/Hb08d9005680a4d21b6c2c875f5964b5eC\/247315878\/Hb08d9005680a4d21b6c2c875f5964b5eC.jpg\" alt=\"Masaje rodante\" width=\"315\" height=\"420\" data-src=\"\/\/sc04.alicdn.com\/kf\/Hb08d9005680a4d21b6c2c875f5964b5eC\/247315878\/Hb08d9005680a4d21b6c2c875f5964b5eC.jpg\" \/><\/td>\n<\/tr>\n<\/tbody>\n<\/table>\n<\/div>\n<div class=\"icbu-pc-images magic-6\">\n<div class=\"flex-layout-v\">\n<div class=\"flex-layout-h magic-6\">\n<div class=\"magic-14\"><\/div>\n<\/div>\n<\/div>\n<\/div>\n<\/div>\n<h3>Funciones mejoradas<\/h3>\n<ul>\n<li><strong>Dise\u00f1o ergon\u00f3mico<\/strong>:La configuraci\u00f3n de bola en forma de panal garantiza que el dispositivo se ajuste a las curvas naturales del cuerpo, proporcionando un masaje m\u00e1s c\u00f3modo y efectivo.<\/li>\n<li><strong>Frecuencia ajustable<\/strong>:La frecuencia de rotaci\u00f3n personalizable permite una terapia dirigida a diferentes partes del cuerpo, maximizando los beneficios.<\/li>\n<li><strong>Facilidad de uso<\/strong>:El dise\u00f1o de doble mango no solo hace que el dispositivo sea m\u00e1s f\u00e1cil de operar, sino que tambi\u00e9n garantiza que la fuerza se aplique de manera uniforme, lo que reduce la fatiga del operador.<\/li>\n<\/ul>\n<p>La m\u00e1quina de masaje con microvibraci\u00f3n es una herramienta excelente para quienes buscan mejorar su bienestar f\u00edsico a trav\u00e9s de una terapia de masaje no invasiva y eficaz. Sus caracter\u00edsticas avanzadas y su dise\u00f1o ergon\u00f3mico la convierten en un elemento indispensable para las rutinas de cuidado personal.<\/p>\n<\/div>\n<\/div>\n<div id=\"module_product_specification\">\n<div id=\"J-rich-text-description\" class=\"richtext richtext-detail rich-text-description is-magic\">\n<div id=\"detail_decorate_root\" data-magic-global=\"%7B%22bizId%22%3A2209652043073%2C%22pageId%22%3A21408191363%2C%22siteId%22%3A10002137009%7D\">\n<div class=\"J_module\">\n<div class=\"detail-decorate-json-renderer-container\">\n<div class=\"magic-1\">\n<div class=\"magic-2\">\n<div class=\"magic-3\"><\/div>\n<\/div>\n<\/div>\n<\/div>\n<\/div>\n<div class=\"J_module\">\n<div class=\"detail-decorate-json-renderer-container\">\n<div class=\"magic-1\">\n<div class=\"magic-2\">\n<div class=\"magic-3\">\n<div>\n<h3><strong>Personalizar El Logotipo De<\/strong><\/h3>\n<p>Queremos hacer de su marca se destaque? Ofrecemos logotipo modificado para requisitos particulares de los servicios que te ayudar\u00e1n a crear un entorno \u00fanico y personalizado logotipo que refleja la identidad de su marca. Nuestro equipo de expertos trabajar\u00e1 estrechamente con usted para dise\u00f1ar un logotipo que resuena con los valores de tu marca y de mensajer\u00eda. Si usted est\u00e1 buscando para renovar su logotipo existente o crear uno nuevo desde cero, lo tenemos cubierto. <a href=\"\/es\/contacto\/\">P\u00f3ngase en contacto con nosotros<\/a> hoy para aprender m\u00e1s acerca de nuestro logotipo modificado para requisitos particulares de los servicios!<\/p>\n<p style=\"text-align: center;\"><iframe loading=\"lazy\" src=\"\/\/www.youtube.com\/embed\/Vds_NGy93qk\" width=\"560\" height=\"314\" allowfullscreen=\"allowfullscreen\"><\/iframe><\/p>\n<\/div>\n<\/div>\n<\/div>\n<\/div>\n<\/div>\n<\/div>\n<div class=\"J_module\">\n<div class=\"detail-decorate-json-renderer-container\">\n<div class=\"magic-1\">\n<div style=\"text-align: center;\"><\/div>\n<div class=\"magic-2\">\n<div>\n<table style=\"border-collapse: collapse; width: 100%;\">\n<tbody>\n<tr>\n<td style=\"width: 50%;\"><\/td>\n<td style=\"width: 50%;\"><\/td>\n<\/tr>\n<\/tbody>\n<\/table>\n<\/div>\n<\/div>\n<\/div>\n<\/div>\n<\/div>\n<div class=\"J_module\">\n<div class=\"icbu-pc-images magic-6\">\n<div class=\"flex-layout-v\">\n<div class=\"flex-layout-h magic-6\">\n<div class=\"magic-7\"><\/div>\n<\/div>\n<\/div>\n<div><\/div>\n<\/div>\n<\/div>\n<\/div>\n<\/div>\n<\/div>","protected":false},"excerpt":{"rendered":"<p>Este es un instrumento de bola el\u00e9ctrica de presi\u00f3n de microvibraci\u00f3n que act\u00faa sobre los tejidos y m\u00fasculos, y es un cilindro compuesto de m\u00faltiples bolas. Act\u00faa sobre varias partes del cuerpo apretando y rodando; la &quot;configuraci\u00f3n de panal&quot; especial de las bolas est\u00e1 m\u00e1s en l\u00ednea con el dise\u00f1o de curva ergon\u00f3mica, generando pulso y movimientos r\u00edtmicos, haciendo que la operaci\u00f3n ahorre m\u00e1s trabajo, el masaje sea m\u00e1s poderoso y la penetraci\u00f3n m\u00e1s fuerte.<\/p>","protected":false},"featured_media":2702,"comment_status":"open","ping_status":"closed","template":"","meta":{"_kad_post_transparent":"default","_kad_post_title":"","_kad_post_layout":"default","_kad_post_sidebar_id":"","_kad_post_content_style":"default","_kad_post_vertical_padding":"default","_kad_post_feature":"","_kad_post_feature_position":"","_kad_post_header":false,"_kad_post_footer":false,"_kad_post_classname":"","rank_math_title":"","rank_math_description":"","rank_math_focus_keyword":""},"product_brand":[],"product_cat":[67],"product_tag":[71,73,72],"class_list":{"0":"post-2700","1":"product","2":"type-product","3":"status-publish","4":"has-post-thumbnail","6":"product_cat-vera-roller-machines","7":"product_tag-micro-vibration","8":"product_tag-rolling-massage","9":"product_tag-rolling-massage-device","10":"product_shipping_class-included-shipping","12":"first","13":"instock","14":"sale","15":"shipping-taxable","16":"purchasable","17":"product-type-simple","18":"entry","19":"content-bg","20":"loop-entry"},"_links":{"self":[{"href":"https:\/\/skbty.com\/es\/wp-json\/wp\/v2\/product\/2700","targetHints":{"allow":["GET"]}}],"collection":[{"href":"https:\/\/skbty.com\/es\/wp-json\/wp\/v2\/product"}],"about":[{"href":"https:\/\/skbty.com\/es\/wp-json\/wp\/v2\/types\/product"}],"replies":[{"embeddable":true,"href":"https:\/\/skbty.com\/es\/wp-json\/wp\/v2\/comments?post=2700"}],"wp:featuredmedia":[{"embeddable":true,"href":"https:\/\/skbty.com\/es\/wp-json\/wp\/v2\/media\/2702"}],"wp:attachment":[{"href":"https:\/\/skbty.com\/es\/wp-json\/wp\/v2\/media?parent=2700"}],"wp:term":[{"taxonomy":"product_brand","embeddable":true,"href":"https:\/\/skbty.com\/es\/wp-json\/wp\/v2\/product_brand?post=2700"},{"taxonomy":"product_cat","embeddable":true,"href":"https:\/\/skbty.com\/es\/wp-json\/wp\/v2\/product_cat?post=2700"},{"taxonomy":"product_tag","embeddable":true,"href":"https:\/\/skbty.com\/es\/wp-json\/wp\/v2\/product_tag?post=2700"}],"curies":[{"name":"WP","href":"https:\/\/api.w.org\/{rel}","templated":true}]}}