{"id":2752,"date":"2024-06-04T16:50:54","date_gmt":"2024-06-04T08:50:54","guid":{"rendered":"https:\/\/skbty.com\/?post_type=product&#038;p=2752"},"modified":"2024-06-18T15:47:15","modified_gmt":"2024-06-18T07:47:15","slug":"maquina-de-depilacion-y-tatuajes-con-laser-pico-2-en-1","status":"publish","type":"product","link":"https:\/\/skbty.com\/es\/producto\/maquina-de-depilacion-y-tatuajes-con-laser-pico-2-en-1\/","title":{"rendered":"M\u00e1quina de depilaci\u00f3n y tatuajes l\u00e1ser Pico 2 en 1"},"content":{"rendered":"<div class=\"J_module\">\n<div data-section=\"AliMagic-75po0l\" data-section-title=\"Products Description\" data-spm-anchor-id=\"a2700.details.0.i53.7ac112f70cwNC0\">\n<h2>M\u00e1quina de depilaci\u00f3n y tatuajes l\u00e1ser Pico 2 en 1<\/h2>\n<h3>Principio de funcionamiento<\/h3>\n<h4>Principio del l\u00e1ser<\/h4>\n<p>La m\u00e1quina de depilaci\u00f3n y tatuaje l\u00e1ser Pico 2 en 1 utiliza el modo Q-switched de gemas y el principio de fotoblasteo. Los pulsos l\u00e1ser de alta energ\u00eda se emiten instant\u00e1neamente, lo que permite que el l\u00e1ser de longitud de onda fija penetre en la epidermis en muy poco tiempo. El grupo de pigmentos objetivo se calienta r\u00e1pidamente, se expande y se desintegra. Las part\u00edculas finas de pigmento son absorbidas por los macr\u00f3fagos y eliminadas a trav\u00e9s del sistema linf\u00e1tico, eliminando eficazmente las manchas.<\/p>\n<h4>Principio de la depilaci\u00f3n<\/h4>\n<p>Basado en la termodin\u00e1mica fotoel\u00e9ctrica selectiva, este equipo ajusta la longitud de onda, la energ\u00eda y el ancho de pulso para permitir que la energ\u00eda de la luz penetre en la piel y llegue a las ra\u00edces del fol\u00edculo piloso. Esto da\u00f1a el tejido del fol\u00edculo piloso, lo que ralentiza o detiene el crecimiento del vello. El sistema de depilaci\u00f3n con punto de congelaci\u00f3n r\u00e1pido utiliza una tecnolog\u00eda de enfriamiento \u00fanica para reducir la temperatura local de la epidermis a 5 \u00b0C, lo que garantiza un proceso de depilaci\u00f3n indoloro y eficiente sin da\u00f1ar la piel.<\/p>\n<table style=\"border-collapse: collapse; width: 100%;\">\n<tbody>\n<tr>\n<td style=\"width: 50%;\"><img loading=\"lazy\" decoding=\"async\" class=\"magic-27 alignnone\" title=\"M\u00e1quina de depilaci\u00f3n y tatuajes l\u00e1ser Pico 2 en 1\" src=\"https:\/\/sc04.alicdn.com\/kf\/H2b36a04f94984e03afec782eaeccd6c4m\/247315878\/H2b36a04f94984e03afec782eaeccd6c4m.png\" alt=\"M\u00e1quina de depilaci\u00f3n y tatuajes l\u00e1ser Pico 2 en 1\" width=\"750\" height=\"402\" data-src=\"\/\/sc04.alicdn.com\/kf\/H2b36a04f94984e03afec782eaeccd6c4m\/247315878\/H2b36a04f94984e03afec782eaeccd6c4m.png\" \/><\/td>\n<td style=\"width: 50%;\"><img loading=\"lazy\" decoding=\"async\" class=\"magic-29 aligncenter\" title=\"M\u00e1quina de depilaci\u00f3n y tatuajes l\u00e1ser Pico 2 en 1\" src=\"https:\/\/sc04.alicdn.com\/kf\/Hdfe137e0fb5a4c5c8d4eacd1e4351dd31\/247315878\/Hdfe137e0fb5a4c5c8d4eacd1e4351dd31.png\" alt=\"M\u00e1quina de depilaci\u00f3n y tatuajes l\u00e1ser Pico 2 en 1\" width=\"405\" height=\"310\" data-src=\"\/\/sc04.alicdn.com\/kf\/Hdfe137e0fb5a4c5c8d4eacd1e4351dd31\/247315878\/Hdfe137e0fb5a4c5c8d4eacd1e4351dd31.png\" \/><\/td>\n<\/tr>\n<\/tbody>\n<\/table>\n<h3>Especificaciones del producto<\/h3>\n<ul>\n<li><strong>Nombre<\/strong>:M\u00e1quina de depilaci\u00f3n y tatuajes l\u00e1ser Pico 2 en 1<\/li>\n<\/ul>\n<h4>Par\u00e1metros del mango del l\u00e1ser<\/h4>\n<ul>\n<li><strong>Longitud de onda de la luz<\/strong>:532 nm\/785 nm\/1064 nm<\/li>\n<li><strong>Frecuencia<\/strong>: 0-3,0 Hz<\/li>\n<li><strong>Energ\u00eda<\/strong>: 0,5-2,9 J\/cm\u00b2<\/li>\n<\/ul>\n<h4>Par\u00e1metros del instrumento de depilaci\u00f3n<\/h4>\n<ul>\n<li><strong>Tama\u00f1o del punto<\/strong>: 12 x 26 mm<\/li>\n<li><strong>Resoluci\u00f3n<\/strong>: 1080\u00d71920<\/li>\n<li><strong>Operaciones<\/strong>: 50,000,000<\/li>\n<li><strong>Longitud de onda<\/strong>:808 nm<\/li>\n<li><strong>Frecuencia<\/strong>:1-10 Hz<\/li>\n<li><strong>Energ\u00eda<\/strong>: 1-50 J\/cm\u00b2<\/li>\n<li><strong>Fuerza<\/strong>:2000W<\/li>\n<li><strong>Ancho de pulso<\/strong>:1MS-400MS<\/li>\n<li><strong>Voltaje<\/strong>:200-240 V<\/li>\n<li><strong>Enfriamiento<\/strong>: Semiconductores + refrigeraci\u00f3n por aire + refrigeraci\u00f3n TEC<\/li>\n<li><strong>Tama\u00f1o del paquete<\/strong>: 61 cm 55 cm 57 cm<\/li>\n<li><strong>Soporte de idioma<\/strong>:Personalizable<\/li>\n<li><strong>Peso<\/strong>:32,5 kilos<\/li>\n<\/ul>\n<h3>Caracter\u00edsticas<\/h3>\n<ul>\n<li>Nueva experiencia con apariencia refinada<\/li>\n<li>Recuperaci\u00f3n r\u00e1pida y posicionamiento preciso.<\/li>\n<li>Depilaci\u00f3n con enfriamiento por hielo y filtro de micrones<\/li>\n<li>Uso multiusos suave y c\u00f3modo.<\/li>\n<\/ul>\n<div class=\"magic-28\"><\/div>\n<div>\n<table style=\"border-collapse: collapse; width: 100%;\">\n<tbody>\n<tr>\n<td style=\"width: 50%;\"><img loading=\"lazy\" decoding=\"async\" class=\"magic-31 aligncenter\" title=\"M\u00e1quina de depilaci\u00f3n y tatuajes l\u00e1ser Pico 2 en 1\" src=\"https:\/\/sc04.alicdn.com\/kf\/Hcd4539f86171472996b55ef04ae039a25\/247315878\/Hcd4539f86171472996b55ef04ae039a25.png\" alt=\"M\u00e1quina de depilaci\u00f3n y tatuajes l\u00e1ser Pico 2 en 1\" width=\"422\" height=\"422\" data-src=\"\/\/sc04.alicdn.com\/kf\/Hcd4539f86171472996b55ef04ae039a25\/247315878\/Hcd4539f86171472996b55ef04ae039a25.png\" \/><\/td>\n<td style=\"width: 50%;\"><img loading=\"lazy\" decoding=\"async\" class=\"magic-33 aligncenter\" title=\"M\u00e1quina de depilaci\u00f3n y tatuajes l\u00e1ser Pico 2 en 1\" src=\"https:\/\/sc04.alicdn.com\/kf\/Ha4e108c318d04b3db4693932245fde4fd\/247315878\/Ha4e108c318d04b3db4693932245fde4fd.png\" alt=\"M\u00e1quina de depilaci\u00f3n y tatuajes l\u00e1ser Pico 2 en 1\" width=\"415\" height=\"378\" data-src=\"\/\/sc04.alicdn.com\/kf\/Ha4e108c318d04b3db4693932245fde4fd\/247315878\/Ha4e108c318d04b3db4693932245fde4fd.png\" \/><\/td>\n<\/tr>\n<\/tbody>\n<\/table>\n<\/div>\n<h4>Funciones<\/h4>\n<ol>\n<li>Quitar manchas<\/li>\n<li>Eliminaci\u00f3n de tatuajes<\/li>\n<li>Tratamiento de cicatrices leves<\/li>\n<li>Depilaci\u00f3n<\/li>\n<li>Rejuvenecimiento de la piel<\/li>\n<\/ol>\n<h3>Ventajas<\/h3>\n<ol>\n<li><strong>Emisor l\u00e1ser de marca<\/strong>:Luz estable y rendimiento, larga vida \u00fatil.<\/li>\n<li><strong>Seguridad<\/strong>:Tratamiento estable y seguro que no da\u00f1a la piel.<\/li>\n<li><strong>Alta eficiencia<\/strong>:Absorci\u00f3n eficaz de melanina para una depilaci\u00f3n sin dolor.<\/li>\n<li><strong>Sin dolor<\/strong>:El sistema de enfriamiento Sapphire Touch garantiza un tratamiento seguro y sin dolor.<\/li>\n<li><strong>Resultados r\u00e1pidos<\/strong>:El tama\u00f1o de punto grande aumenta la velocidad del tratamiento.<\/li>\n<li><strong>Depilaci\u00f3n permanente<\/strong>:Apto para todo tipo de piel con excelentes resultados.<\/li>\n<\/ol>\n<h3><img loading=\"lazy\" decoding=\"async\" class=\"magic-35 aligncenter\" title=\"M\u00e1quina de depilaci\u00f3n y tatuajes l\u00e1ser Pico 2 en 1\" src=\"https:\/\/sc04.alicdn.com\/kf\/Hf399b3f702a64dfea0beaf4dc9e4b2c9F\/247315878\/Hf399b3f702a64dfea0beaf4dc9e4b2c9F.png\" alt=\"M\u00e1quina de depilaci\u00f3n y tatuajes l\u00e1ser Pico 2 en 1\" width=\"557\" height=\"447\" data-src=\"\/\/sc04.alicdn.com\/kf\/Hf399b3f702a64dfea0beaf4dc9e4b2c9F\/247315878\/Hf399b3f702a64dfea0beaf4dc9e4b2c9F.png\" \/><\/h3>\n<h3>Aplicaciones<\/h3>\n<ol>\n<li><strong>Reducci\u00f3n de poros<\/strong>:Efecto de estrechamiento visible despu\u00e9s de un ciclo de tratamiento.<\/li>\n<li><strong>Eliminaci\u00f3n de manchas<\/strong>:Elimina f\u00e1cilmente las manchas sin preocuparse por la hiperpigmentaci\u00f3n.<\/li>\n<li><strong>Reducci\u00f3n de l\u00edneas finas<\/strong>:Mejora notable en las l\u00edneas finas con el tratamiento con l\u00e1ser de picosegundos en forma de panal.<\/li>\n<li><strong>Tratamiento de cicatrices<\/strong>:Eficaz para cicatrices rebeldes y marcas de viruela.<\/li>\n<li><strong>Suavidad de la piel<\/strong>:Mejora la textura de la piel, dej\u00e1ndola suave y tersa.<\/li>\n<li><strong>Eliminaci\u00f3n de tatuajes<\/strong>:Elimina colores de tatuajes dif\u00edciles (rojo, naranja, amarillo, verde, azul) sin dejar rastros.<\/li>\n<\/ol>\n<\/div>\n<\/div>\n<div class=\"J_module\">\n<div class=\"detail-decorate-json-renderer-container\">\n<div class=\"magic-4\">\n<div class=\"magic-7\">\n<div class=\"magic-8\">\n<h3 class=\"magic-9\"><span style=\"font-family: Arial;\">Im\u00e1genes del producto<\/span><\/h3>\n<\/div>\n<\/div>\n<\/div>\n<\/div>\n<\/div>\n<div class=\"J_module\">\n<div class=\"detail-decorate-json-renderer-container\">\n<div class=\"magic-4\">\n<div class=\"magic-7\">\n<div class=\"magic-8\">\n<div class=\"magic-9\">\n<table style=\"border-collapse: collapse; width: 100%;\">\n<tbody>\n<tr>\n<td style=\"width: 50%;\"><img loading=\"lazy\" decoding=\"async\" class=\"magic-31 alignnone\" title=\"M\u00e1quina de depilaci\u00f3n y tatuajes l\u00e1ser Pico 2 en 1\" src=\"https:\/\/sc04.alicdn.com\/kf\/H873a43bc0ea642aa8ec9487c0c7de1d8K\/247315878\/H873a43bc0ea642aa8ec9487c0c7de1d8K.png\" alt=\"M\u00e1quina de depilaci\u00f3n y tatuajes l\u00e1ser Pico 2 en 1\" width=\"1000\" height=\"1000\" data-src=\"\/\/sc04.alicdn.com\/kf\/H873a43bc0ea642aa8ec9487c0c7de1d8K\/247315878\/H873a43bc0ea642aa8ec9487c0c7de1d8K.png\" \/><\/td>\n<td style=\"width: 50%;\"><img loading=\"lazy\" decoding=\"async\" class=\"magic-31 alignnone\" title=\"M\u00e1quina de depilaci\u00f3n y tatuajes l\u00e1ser Pico 2 en 1\" src=\"https:\/\/sc04.alicdn.com\/kf\/H8397ceef7d3c4ecdb5a598f1b67b8be6C\/247315878\/H8397ceef7d3c4ecdb5a598f1b67b8be6C.png\" alt=\"M\u00e1quina de depilaci\u00f3n y tatuajes l\u00e1ser Pico 2 en 1\" width=\"1000\" height=\"1000\" data-src=\"\/\/sc04.alicdn.com\/kf\/H8397ceef7d3c4ecdb5a598f1b67b8be6C\/247315878\/H8397ceef7d3c4ecdb5a598f1b67b8be6C.png\" \/><\/td>\n<\/tr>\n<\/tbody>\n<\/table>\n<\/div>\n<\/div>\n<\/div>\n<\/div>\n<\/div>\n<\/div>\n<div class=\"J_module\">\n<div class=\"icbu-pc-images magic-1\">\n<div class=\"flex-layout-v\">\n<div class=\"flex-layout-h magic-1\">\n<div class=\"magic-30\"><\/div>\n<\/div>\n<\/div>\n<\/div>\n<\/div>\n<div class=\"J_module\">\n<div class=\"icbu-pc-images magic-1\">\n<div class=\"flex-layout-v\">\n<div class=\"flex-layout-h magic-1\">\n<div class=\"magic-30\">\n<h3><strong>Personalizar El Logotipo De<\/strong><\/h3>\n<p>Queremos hacer de su marca se destaque? Ofrecemos logotipo modificado para requisitos particulares de los servicios que te ayudar\u00e1n a crear un entorno \u00fanico y personalizado logotipo que refleja la identidad de su marca. Nuestro equipo de expertos trabajar\u00e1 estrechamente con usted para dise\u00f1ar un logotipo que resuena con los valores de tu marca y de mensajer\u00eda. Si usted est\u00e1 buscando para renovar su logotipo existente o crear uno nuevo desde cero, lo tenemos cubierto. <a href=\"\/es\/contacto\/\">P\u00f3ngase en contacto con nosotros<\/a> hoy para aprender m\u00e1s acerca de nuestro logotipo modificado para requisitos particulares de los servicios!<\/p>\n<p>&nbsp;<\/p>\n<\/div>\n<div style=\"text-align: center;\"><iframe loading=\"lazy\" src=\"\/\/www.youtube.com\/embed\/_Tv6Vu_I_Mw?si=UIqSYODM4GoOZp64\" width=\"560\" height=\"314\" allowfullscreen=\"allowfullscreen\"><\/iframe><\/div>\n<\/div>\n<\/div>\n<\/div>\n<\/div>","protected":false},"excerpt":{"rendered":"<p>Pruebe la m\u00e1quina de diodo l\u00e1ser Picosecond + 808 de escritorio para eliminar manchas, tatuajes, cicatrices y depilaci\u00f3n permanente de manera eficaz. Segura, eficaz y vers\u00e1til.<\/p>","protected":false},"featured_media":2755,"comment_status":"open","ping_status":"closed","template":"","meta":{"_kad_post_transparent":"default","_kad_post_title":"","_kad_post_layout":"default","_kad_post_sidebar_id":"","_kad_post_content_style":"default","_kad_post_vertical_padding":"default","_kad_post_feature":"","_kad_post_feature_position":"","_kad_post_header":false,"_kad_post_footer":false,"_kad_post_classname":"","rank_math_title":"","rank_math_description":"","rank_math_focus_keyword":"Laser Tattoo Removal"},"product_brand":[],"product_cat":[29],"product_tag":[],"class_list":{"0":"post-2752","1":"product","2":"type-product","3":"status-publish","4":"has-post-thumbnail","6":"product_cat-pico-laser","8":"first","9":"instock","10":"shipping-taxable","11":"product-type-simple","12":"entry","13":"content-bg","14":"loop-entry"},"_links":{"self":[{"href":"https:\/\/skbty.com\/es\/wp-json\/wp\/v2\/product\/2752","targetHints":{"allow":["GET"]}}],"collection":[{"href":"https:\/\/skbty.com\/es\/wp-json\/wp\/v2\/product"}],"about":[{"href":"https:\/\/skbty.com\/es\/wp-json\/wp\/v2\/types\/product"}],"replies":[{"embeddable":true,"href":"https:\/\/skbty.com\/es\/wp-json\/wp\/v2\/comments?post=2752"}],"wp:featuredmedia":[{"embeddable":true,"href":"https:\/\/skbty.com\/es\/wp-json\/wp\/v2\/media\/2755"}],"wp:attachment":[{"href":"https:\/\/skbty.com\/es\/wp-json\/wp\/v2\/media?parent=2752"}],"wp:term":[{"taxonomy":"product_brand","embeddable":true,"href":"https:\/\/skbty.com\/es\/wp-json\/wp\/v2\/product_brand?post=2752"},{"taxonomy":"product_cat","embeddable":true,"href":"https:\/\/skbty.com\/es\/wp-json\/wp\/v2\/product_cat?post=2752"},{"taxonomy":"product_tag","embeddable":true,"href":"https:\/\/skbty.com\/es\/wp-json\/wp\/v2\/product_tag?post=2752"}],"curies":[{"name":"WP","href":"https:\/\/api.w.org\/{rel}","templated":true}]}}