{"id":2782,"date":"2024-06-04T17:44:50","date_gmt":"2024-06-04T09:44:50","guid":{"rendered":"https:\/\/skbty.com\/?post_type=product&#038;p=2782"},"modified":"2025-01-09T17:13:41","modified_gmt":"2025-01-09T09:13:41","slug":"silla-magica-de-6t-para-rehabilitacion-de-musculos-del-suelo-pelvico-con-estimulacion-electromagnetica-no-invasiva-y-sistema-ems","status":"publish","type":"product","link":"https:\/\/skbty.com\/es\/producto\/silla-magica-de-6t-para-rehabilitacion-de-musculos-del-suelo-pelvico-con-estimulacion-electromagnetica-no-invasiva-y-sistema-ems\/","title":{"rendered":"Silla para reparaci\u00f3n de m\u00fasculos del suelo p\u00e9lvico con banda de rodadura de 6T"},"content":{"rendered":"<h3>Principio de reparaci\u00f3n de los m\u00fasculos del suelo p\u00e9lvico<\/h3>\n<p>La silla de resonancia p\u00e9lvica BTL Emsella, tambi\u00e9n conocida como la \u201csilla feliz\u201d, revoluciona el tratamiento de la incontinencia urinaria. Mediante el uso de la tecnolog\u00eda avanzada \u201cHIFEM\u201d (electromagn\u00e9tica focalizada de alta intensidad), estimula las neuronas motoras para controlar los m\u00fasculos del suelo p\u00e9lvico. Este proceso desencadena hipercontracciones repetidas para reconstruir la fuerza y la resistencia de los m\u00fasculos del suelo p\u00e9lvico y del sistema urinario, lo que ayuda de manera eficaz a la reparaci\u00f3n, la fuerza y la resistencia de los m\u00fasculos del suelo p\u00e9lvico.<\/p>\n<p><img loading=\"lazy\" decoding=\"async\" class=\"wp-image-2789 aligncenter\" title=\"Reparaci\u00f3n de los m\u00fasculos del suelo p\u00e9lvico\" src=\"https:\/\/skbty.com\/wp-content\/uploads\/2024\/06\/GirlSit-xuanchuan-1024x585.jpg\" alt=\"Reparaci\u00f3n de los m\u00fasculos del suelo p\u00e9lvico\" width=\"677\" height=\"387\" srcset=\"https:\/\/skbty.com\/wp-content\/uploads\/2024\/06\/GirlSit-xuanchuan-1024x585.jpg 1024w, https:\/\/skbty.com\/wp-content\/uploads\/2024\/06\/GirlSit-xuanchuan-300x171.jpg 300w, https:\/\/skbty.com\/wp-content\/uploads\/2024\/06\/GirlSit-xuanchuan-768x439.jpg 768w, https:\/\/skbty.com\/wp-content\/uploads\/2024\/06\/GirlSit-xuanchuan-1536x878.jpg 1536w, https:\/\/skbty.com\/wp-content\/uploads\/2024\/06\/GirlSit-xuanchuan-600x343.jpg 600w, https:\/\/skbty.com\/wp-content\/uploads\/2024\/06\/GirlSit-xuanchuan.jpg 1792w\" sizes=\"auto, (max-width: 677px) 100vw, 677px\" \/><\/p>\n<h4>C\u00f3mo funciona la tecnolog\u00eda HIFEM<\/h4>\n<p>La tecnolog\u00eda HIFEM genera un campo electromagn\u00e9tico de alta intensidad que penetra profundamente en los m\u00fasculos del suelo p\u00e9lvico. Este m\u00e9todo no invasivo garantiza la estimulaci\u00f3n de las neuronas motoras sin necesidad de cirug\u00eda ni procedimientos invasivos. Los pulsos electromagn\u00e9ticos hacen que los m\u00fasculos se contraigan de forma r\u00e1pida y repetida, superando con creces el n\u00famero de contracciones que se podr\u00edan lograr mediante ejercicios voluntarios \u00fanicamente.<\/p>\n<p><img loading=\"lazy\" decoding=\"async\" class=\"wp-image-2786 aligncenter\" title=\"Reparaci\u00f3n de los m\u00fasculos del suelo p\u00e9lvico\" src=\"https:\/\/skbty.com\/wp-content\/uploads\/2024\/06\/\u56fe\u7247\u5df2\u7c98\u8d34\u81f32024-4-16-15-31.png\" alt=\"Reparaci\u00f3n de los m\u00fasculos del suelo p\u00e9lvico\" width=\"425\" height=\"418\" srcset=\"https:\/\/skbty.com\/wp-content\/uploads\/2024\/06\/\u56fe\u7247\u5df2\u7c98\u8d34\u81f32024-4-16-15-31.png 750w, https:\/\/skbty.com\/wp-content\/uploads\/2024\/06\/\u56fe\u7247\u5df2\u7c98\u8d34\u81f32024-4-16-15-31-300x295.png 300w, https:\/\/skbty.com\/wp-content\/uploads\/2024\/06\/\u56fe\u7247\u5df2\u7c98\u8d34\u81f32024-4-16-15-31-600x590.png 600w\" sizes=\"auto, (max-width: 425px) 100vw, 425px\" \/><\/p>\n<h4>Proceso de tratamiento<\/h4>\n<p>Cada sesi\u00f3n con el sill\u00f3n BTL Emsella dura aproximadamente 30 minutos. Durante este tiempo, los pacientes permanecen completamente vestidos y sentados c\u00f3modamente. El tratamiento no requiere anestesia y no produce dolor. Los pacientes pueden reanudar sus actividades normales inmediatamente despu\u00e9s de la sesi\u00f3n, ya que no requiere un per\u00edodo de recuperaci\u00f3n.<\/p>\n<h4>Ventajas de la silla Metis Happy<\/h4>\n<ol>\n<li><strong>Activaci\u00f3n de los m\u00fasculos del suelo p\u00e9lvico<\/strong>:La silla Metis Happy Chair activa el tejido muscular del suelo p\u00e9lvico y promueve la regeneraci\u00f3n del col\u00e1geno, que es fundamental para mantener la fuerza y elasticidad de estos m\u00fasculos. El col\u00e1geno es un componente vital que proporciona estructura y soporte a los tejidos, asegurando que permanezcan firmes y resistentes.<\/li>\n<li><strong>Fortalecimiento de los m\u00fasculos del suelo p\u00e9lvico<\/strong>:Las sesiones regulares con la Happy Chair mejoran eficazmente los m\u00fasculos del suelo p\u00e9lvico, recuperando su firmeza y elasticidad. Esto conduce a un mejor control de la vejiga y a una reducci\u00f3n de los s\u00edntomas de incontinencia urinaria. La mayor fuerza muscular tambi\u00e9n favorece una mejor posici\u00f3n y funcionamiento de los \u00f3rganos p\u00e9lvicos.<\/li>\n<li><strong>Reducci\u00f3n de la incontinencia y las p\u00e9rdidas de orina<\/strong>:Al fortalecer los m\u00fasculos del suelo p\u00e9lvico, la Happy Chair ayuda a combatir diversos problemas como la incontinencia, las p\u00e9rdidas de orina y el goteo. Tambi\u00e9n aborda problemas relacionados con un abdomen inferior d\u00e9bil, que puede contribuir al prolapso de los \u00f3rganos p\u00e9lvicos y otros problemas de salud.<\/li>\n<li><strong>Salud sexual mejorada<\/strong>:Un fortalecimiento de los m\u00fasculos del suelo p\u00e9lvico puede mejorar la salud sexual y reducir problemas como la dificultad para alcanzar el orgasmo. Un mayor tono y control muscular pueden contribuir a unas experiencias sexuales m\u00e1s satisfactorias y a un bienestar sexual general.<\/li>\n<\/ol>\n<h4>Beneficios y eficacia<\/h4>\n<ul>\n<li><strong>Contracci\u00f3n muscular intensiva<\/strong>:La silla activa aproximadamente 12.000 contracciones musculares del suelo p\u00e9lvico en 30 minutos. Este entrenamiento intensivo fortalece significativamente los m\u00fasculos y mejora el control urinario. El efecto supera al de los ejercicios tradicionales de Kegel, lo que proporciona un tratamiento m\u00e1s eficiente y eficaz.<\/li>\n<li><strong>Tecnolog\u00eda no invasiva<\/strong>:Utilizando la tecnolog\u00eda de estrechamiento vaginal no invasiva m\u00e1s avanzada, el tratamiento es seguro, c\u00f3modo y no requiere desvestirse ni per\u00edodo de abstinencia. Las pacientes pueden mantener sus rutinas habituales sin interrupciones.<\/li>\n<li><strong>Curso de tratamiento eficaz<\/strong>:Una sesi\u00f3n de la silla Metis Happy Chair es m\u00e1s eficaz que 10.000 ejercicios de Kegel. Esta notable eficacia significa que los pacientes pueden lograr mejoras notables en un per\u00edodo de tiempo m\u00e1s corto.<\/li>\n<li><strong>Conveniencia y comodidad<\/strong>:Cada sesi\u00f3n de tratamiento dura solo 30 minutos, sin dolor, anestesia ni per\u00edodo de recuperaci\u00f3n. Esta comodidad permite a los pacientes adaptar f\u00e1cilmente el tratamiento a sus apretadas agendas.<\/li>\n<\/ul>\n<p><img loading=\"lazy\" decoding=\"async\" class=\"wp-image-2785 aligncenter\" title=\"reparaci\u00f3n de los m\u00fasculos del suelo p\u00e9lvico,\" src=\"https:\/\/skbty.com\/wp-content\/uploads\/2024\/06\/\u56fe\u7247\u5df2\u7c98\u8d34\u81f32024-4-16-15-32.png\" alt=\"reparaci\u00f3n de los m\u00fasculos del suelo p\u00e9lvico,\" width=\"456\" height=\"442\" srcset=\"https:\/\/skbty.com\/wp-content\/uploads\/2024\/06\/\u56fe\u7247\u5df2\u7c98\u8d34\u81f32024-4-16-15-32.png 750w, https:\/\/skbty.com\/wp-content\/uploads\/2024\/06\/\u56fe\u7247\u5df2\u7c98\u8d34\u81f32024-4-16-15-32-300x291.png 300w, https:\/\/skbty.com\/wp-content\/uploads\/2024\/06\/\u56fe\u7247\u5df2\u7c98\u8d34\u81f32024-4-16-15-32-600x582.png 600w\" sizes=\"auto, (max-width: 456px) 100vw, 456px\" \/><\/p>\n<h3>Beneficios a largo plazo<\/h3>\n<p>El uso regular de la silla BTL Emsella puede producir mejoras sostenidas en la salud del suelo p\u00e9lvico. Los pacientes suelen informar de beneficios a largo plazo, como un mejor control de la vejiga, una reducci\u00f3n de las p\u00e9rdidas urinarias, la reparaci\u00f3n de los m\u00fasculos del suelo p\u00e9lvico y una mayor satisfacci\u00f3n sexual. El tratamiento constante ayuda a mantener la fuerza y la funcionalidad de los m\u00fasculos del suelo p\u00e9lvico, lo que previene problemas futuros y promueve el bienestar general.<\/p>\n<h3><strong>Personalizar El Logotipo De<\/strong><\/h3>\n<p>Queremos hacer de su marca se destaque? Ofrecemos logotipo modificado para requisitos particulares de los servicios que te ayudar\u00e1n a crear un entorno \u00fanico y personalizado logotipo que refleja la identidad de su marca. Nuestro equipo de expertos trabajar\u00e1 estrechamente con usted para dise\u00f1ar un logotipo que resuena con los valores de tu marca y de mensajer\u00eda. Si usted est\u00e1 buscando para renovar su logotipo existente o crear uno nuevo desde cero, lo tenemos cubierto. <a href=\"\/es\/contacto\/\">P\u00f3ngase en contacto con nosotros<\/a> hoy para aprender m\u00e1s acerca de nuestro logotipo modificado para requisitos particulares de los servicios!<\/p>\n<p style=\"text-align: center;\"><iframe loading=\"lazy\" src=\"\/\/www.youtube.com\/embed\/HE8EiDrZZU0?si=oZgDwGREVs-M2BzF\" width=\"560\" height=\"314\" allowfullscreen=\"allowfullscreen\"><\/iframe><\/p>","protected":false},"excerpt":{"rendered":"<p>La silla de resonancia p\u00e9lvica BTL Emsella, tambi\u00e9n conocida como la \u201csilla feliz\u201d, revoluciona el tratamiento de la incontinencia urinaria con tecnolog\u00eda avanzada HIFEM. Estimula los m\u00fasculos del suelo p\u00e9lvico, mejorando la fuerza y la resistencia, y promoviendo la regeneraci\u00f3n del col\u00e1geno. Este tratamiento no invasivo de 30 minutos ofrece importantes beneficios en comparaci\u00f3n con los ejercicios tradicionales de Kegel, ya que mejora la firmeza y la elasticidad de los m\u00fasculos p\u00e9lvicos y el control urinario sin dolor ni tiempo de recuperaci\u00f3n. Ideal para tratar la incontinencia, las p\u00e9rdidas de orina y los problemas de salud sexual, la silla feliz Metis ofrece una soluci\u00f3n c\u00f3moda y eficaz para la reparaci\u00f3n de los m\u00fasculos del suelo p\u00e9lvico y el bienestar general.<\/p>","protected":false},"featured_media":2783,"comment_status":"open","ping_status":"closed","template":"","meta":{"_kad_post_transparent":"default","_kad_post_title":"","_kad_post_layout":"default","_kad_post_sidebar_id":"","_kad_post_content_style":"default","_kad_post_vertical_padding":"default","_kad_post_feature":"","_kad_post_feature_position":"","_kad_post_header":false,"_kad_post_footer":false,"_kad_post_classname":"","rank_math_title":"","rank_math_description":"","rank_math_focus_keyword":"Floor Muscle Repair"},"product_brand":[],"product_cat":[183],"product_tag":[],"class_list":{"0":"post-2782","1":"product","2":"type-product","3":"status-publish","4":"has-post-thumbnail","6":"product_cat-magic-chair","8":"first","9":"instock","10":"shipping-taxable","11":"product-type-simple","12":"entry","13":"content-bg","14":"loop-entry"},"_links":{"self":[{"href":"https:\/\/skbty.com\/es\/wp-json\/wp\/v2\/product\/2782","targetHints":{"allow":["GET"]}}],"collection":[{"href":"https:\/\/skbty.com\/es\/wp-json\/wp\/v2\/product"}],"about":[{"href":"https:\/\/skbty.com\/es\/wp-json\/wp\/v2\/types\/product"}],"replies":[{"embeddable":true,"href":"https:\/\/skbty.com\/es\/wp-json\/wp\/v2\/comments?post=2782"}],"wp:featuredmedia":[{"embeddable":true,"href":"https:\/\/skbty.com\/es\/wp-json\/wp\/v2\/media\/2783"}],"wp:attachment":[{"href":"https:\/\/skbty.com\/es\/wp-json\/wp\/v2\/media?parent=2782"}],"wp:term":[{"taxonomy":"product_brand","embeddable":true,"href":"https:\/\/skbty.com\/es\/wp-json\/wp\/v2\/product_brand?post=2782"},{"taxonomy":"product_cat","embeddable":true,"href":"https:\/\/skbty.com\/es\/wp-json\/wp\/v2\/product_cat?post=2782"},{"taxonomy":"product_tag","embeddable":true,"href":"https:\/\/skbty.com\/es\/wp-json\/wp\/v2\/product_tag?post=2782"}],"curies":[{"name":"WP","href":"https:\/\/api.w.org\/{rel}","templated":true}]}}