{"id":3449,"date":"2025-07-09T19:05:19","date_gmt":"2025-07-09T11:05:19","guid":{"rendered":"https:\/\/skbty.com\/?post_type=product&#038;p=3449"},"modified":"2025-12-05T18:49:23","modified_gmt":"2025-12-05T10:49:23","slug":"tres-cabez808nm-diodo-de-diodo-de-tres-cabez808nm-asequible-maquina-de-depillaser","status":"publish","type":"product","link":"https:\/\/skbty.com\/es\/producto\/tres-cabez808nm-diodo-de-diodo-de-tres-cabez808nm-asequible-maquina-de-depillaser\/","title":{"rendered":"Depiladora l\u00e1ser asequible de tres cabezales de diodo 808nm - Depiladora multifunci\u00f3n"},"content":{"rendered":"<h1><strong>Revolucionar Tu Cl\u00ednica: la Introducci\u00f3n de la 156WF-2T Tres de Cabeza 808nm Diodo L\u00e1ser Asequible M\u00e1quina del Retiro del Pelo<\/strong><\/h1>\n<p>En la siempre cambiante mundo de la est\u00e9tica, de mantenerse un paso por delante de la curva no es s\u00f3lo una ventaja, es una necesidad. Sus clientes de la demanda efectiva, segura y c\u00f3moda de los tratamientos que ofrecen real, con resultados duraderos. El ciclo interminable de afeitado, depilaci\u00f3n con cera y la depilaci\u00f3n es una fatigosa carga que deseas perder para siempre. Entonces, la pregunta es, \u00bfest\u00e1s equipado para ofrecer la soluci\u00f3n definitiva? \u00bfEst\u00e1s listo para mejorar su pr\u00e1ctica, aumente sus ingresos, y construir una reputaci\u00f3n para la excelencia?<\/p>\n<p>Introduzca el <strong>156WF-2T Tres de Cabeza 808nm Diodo L\u00e1ser Asequible M\u00e1quina del Retiro del Pelo<\/strong>. No se trata de otra pieza de equipo; es una gran socio comercial dise\u00f1ado para ofrecer un rendimiento sin precedentes, versatilidad, y la satisfacci\u00f3n del cliente. La combinaci\u00f3n de tecnolog\u00eda de vanguardia con dise\u00f1o centrado en el usuario, la 156WF-2T est\u00e1 a punto de convertirse en la piedra angular de sus servicios de est\u00e9tica.<\/p>\n<h2><img loading=\"lazy\" decoding=\"async\" class=\"aligncenter wp-image-3451\" src=\"https:\/\/skbty.com\/wp-content\/uploads\/2025\/07\/affordable-laser-hair-removal-1024x1024.jpg\" alt=\"asequible depilaci\u00f3n l\u00e1ser de la m\u00e1quina Multi-funcional de dispositivo del retiro del pelo\" width=\"650\" height=\"650\" srcset=\"https:\/\/skbty.com\/wp-content\/uploads\/2025\/07\/affordable-laser-hair-removal-1024x1024.jpg 1024w, https:\/\/skbty.com\/wp-content\/uploads\/2025\/07\/affordable-laser-hair-removal-300x300.jpg 300w, https:\/\/skbty.com\/wp-content\/uploads\/2025\/07\/affordable-laser-hair-removal-150x150.jpg 150w, https:\/\/skbty.com\/wp-content\/uploads\/2025\/07\/affordable-laser-hair-removal-768x768.jpg 768w, https:\/\/skbty.com\/wp-content\/uploads\/2025\/07\/affordable-laser-hair-removal-12x12.jpg 12w, https:\/\/skbty.com\/wp-content\/uploads\/2025\/07\/affordable-laser-hair-removal-600x600.jpg 600w, https:\/\/skbty.com\/wp-content\/uploads\/2025\/07\/affordable-laser-hair-removal-100x100.jpg 100w, https:\/\/skbty.com\/wp-content\/uploads\/2025\/07\/affordable-laser-hair-removal.jpg 1200w\" sizes=\"auto, (max-width: 650px) 100vw, 650px\" \/><\/h2>\n<h2><strong>El Futuro de la Est\u00e9tica de la Tecnolog\u00eda est\u00e1 Aqu\u00ed<\/strong><\/h2>\n<p>Durante a\u00f1os, la industria de la belleza ha perseguido el sue\u00f1o de la verdad permanente, sin dolor del retiro del pelo. Los clientes son m\u00e1s educados que nunca, y est\u00e1n buscando soluciones avanzadas que van m\u00e1s all\u00e1 de la temporal y a menudo dolorosa a los m\u00e9todos del pasado. Quieren eliminar definitivamente el vello no deseado en su cara, las piernas, la espalda, la l\u00ednea del bikini, y en todas partes en el medio.<\/p>\n<h3><strong>M\u00e1s all\u00e1 de Soluciones Temporales: la B\u00fasqueda de La Eliminaci\u00f3n Permanente del Pelo<\/strong><\/h3>\n<p>El <strong>Asequible Depilaci\u00f3n L\u00e1ser De La M\u00e1quina<\/strong> responde a esta llamada directamente. Se aprovecha el poder de uno de los m\u00e1s eficaces tecnolog\u00edas en el mercado para ofrecer un servicio que no s\u00f3lo quitar el cabello\u2014que sistem\u00e1ticamente se reduce su capacidad para volver a crecer. Por la prestaci\u00f3n de este gran demanda de servicios, no s\u00f3lo la venta de una sola sesi\u00f3n; usted est\u00e1 ofreciendo un viaje que cambia la vida hacia liso, sin preocupaciones de la piel. Este es el tipo de transformador resultado que genera lealtad de los clientes que se convierten en sus m\u00e1s fervientes defensores.<\/p>\n<h2><strong>Desbloqueo de la Ciencia: \u00bfC\u00f3mo 808nm Diodo L\u00e1ser es una Tecnolog\u00eda que Funciona<\/strong><\/h2>\n<p>Lo que hace que el <strong>Asequible Depilaci\u00f3n L\u00e1ser De La M\u00e1quina<\/strong> tan incre\u00edblemente eficaz? La magia reside en su tecnolog\u00eda de n\u00facleo: el laser del diodo 808nm. Para apreciar realmente su poder, necesitamos entender el elegante ciencia detr\u00e1s de \u00e9l.<\/p>\n<h3><strong>El Principio de Selectivo Photothermodynamics Explic\u00f3<\/strong><\/h3>\n<p>En su coraz\u00f3n, la m\u00e1quina opera sobre el principio de selectivo photothermodynamics. Suena complejo, pero el concepto es maravillosamente simple. La m\u00e1quina emite un haz altamente concentrado de luz a una longitud de onda espec\u00edfica (808nm). Esta luz pasa a inofensivamente a trav\u00e9s de la capa externa de la piel (la epidermis) y es absorbida selectivamente por la melanina (el pigmento) que se concentra en el fol\u00edculo del cabello y su ra\u00edz.<\/p>\n<p>Una vez absorbida, la energ\u00eda de la luz se convierte en energ\u00eda t\u00e9rmica o calor. Este calor controlado con precisi\u00f3n los objetivos y da\u00f1a el fol\u00edculo piloso de regeneraci\u00f3n de las estructuras, de manera efectiva, la desactivaci\u00f3n de su capacidad para producir nuevos cabellos. Piense en ello como un misil inteligente que s\u00f3lo busca el fol\u00edculo del pelo, dejando la piel circundante de tejido fresco, c\u00f3modo y completamente ilesa.<\/p>\n<h3><strong>Por qu\u00e9 808nm es el Est\u00e1ndar de Oro de la longitud de Onda<\/strong><\/h3>\n<p>Diferentes longitudes de onda de l\u00e1ser de destino de melanina en diversos grados. La longitud de onda 808nm representa el &#034;est\u00e1ndar de oro&#034; para el retiro del pelo porque logra el equilibrio perfecto. Se penetra a una profundidad suficiente para llegar a incluso el m\u00e1s obstinado de los fol\u00edculos del cabello, mientras que tener una moderada tasa de absorci\u00f3n de la melanina. Esto hace que sea excepcionalmente eficaz para una amplia gama de tipos de piel (desde muy justo para los tonos m\u00e1s oscuros) y los colores del pelo, una versatilidad que es crucial para cualquier cl\u00ednica moderna con el objetivo de servir a una clientela diversa.<\/p>\n<h2><strong>Una Triple Amenaza para el Vello no deseado: La una Versatilidad sin precedentes de Tres Cabezales Intercambiables<\/strong><\/h2>\n<p>Una de las limitaciones m\u00e1s importantes de los mayores sistemas de l\u00e1ser fue su uno-tama\u00f1o-caber-todo acercamiento. El cuerpo humano, sin embargo, es un paisaje de curvas, los \u00e1ngulos y las diferentes \u00e1reas de superficie. El <strong>Asequible Depilaci\u00f3n L\u00e1ser De La M\u00e1quina<\/strong> \u2013 <strong>Multi-funcional de dispositivo del retiro del pelo<\/strong> se rompe de esta limitaci\u00f3n con su revolucionario de tres la cabeza del sistema, d\u00e1ndole la herramienta perfecta para cualquier tipo de trabajo.<\/p>\n<h4><strong>La Precisi\u00f3n &#034;Elefante Nariz&#034; De La Cabeza: Para Intrincado Y Delicado \u00c1reas<\/strong><\/h4>\n<p>\u00bfAlguna vez has luchado para tratar efectivamente el labio superior, el espacio entre las cejas, los nudillos, o los contornos de las orejas? El exclusivo dise\u00f1o &#034;Elefante Nariz&#034; de la cabeza es tu soluci\u00f3n. Su peque\u00f1o, dirigida punta permite una precisi\u00f3n sin precedentes, asegurando que usted puede de manera segura y efectiva de tratar a las personas dif\u00edciles de llegar a las zonas que otras m\u00e1quinas no pueden soportar.<\/p>\n<h4><strong>El Caballo de batalla de la Cabeza (15x15mm): Perfecto para las Medianas Zonas<\/strong><\/h4>\n<p>Este es el go-to aplicador para la mayor\u00eda de las \u00e1reas de tratamiento. El 15x15mm tama\u00f1o de la mancha es perfectamente equilibrado para el control y la eficiencia, por lo que es ideal para las axilas, l\u00ednea del bikini, y los brazos. Proporciona una excelente cobertura al tiempo que permite la aplicaci\u00f3n minuciosa, asegurando que el pelo no se queda atr\u00e1s.<\/p>\n<h4><strong>La Alta Eficiencia de la Cabeza (21x19mm): Cubrir Grandes \u00c1reas en un Tiempo R\u00e9cord<\/strong><\/h4>\n<p>Para grandes \u00e1reas del cuerpo como la espalda, el pecho y las patas completas, el tiempo es dinero. La gran 21x19mm spot tama\u00f1o de la cabeza es una eficiencia de potencia. Esto le permite cubrir significativamente m\u00e1s \u00e1rea de superficie con cada pulso, reduciendo dr\u00e1sticamente los tiempos de tratamiento. Esto significa que usted puede caber m\u00e1s clientes en su horario y sus clientes pueden disfrutar de m\u00e1s r\u00e1pido, m\u00e1s conveniente sesiones\u2014un ganar-ganar para todos.<\/p>\n<h2><strong>La Redefinici\u00f3n De Cliente Comodidad: El Avanzado De Triple Acci\u00f3n Del Sistema De Refrigeraci\u00f3n<\/strong><\/h2>\n<p>Tal vez la barrera m\u00e1s grande para los clientes teniendo en cuenta la depilaci\u00f3n l\u00e1ser es el miedo al dolor. El 156WF-2T direcciones de esto en la cabeza-con un l\u00edder en la industria de triple acci\u00f3n del sistema de refrigeraci\u00f3n. Esto no es solo un m\u00e9todo de enfriamiento; es una combinaci\u00f3n sin\u00e9rgica de <strong>Semiconductores de refrigeraci\u00f3n + refrigeraci\u00f3n por Aire + avanzada TEC (Enfriamiento Termoel\u00e9ctrico) de refrigeraci\u00f3n.<\/strong><\/p>\n<p>Este potente sistema funciona en tiempo real para mantener la punta de la pieza de mano en un g\u00e9lido 5\u00b0 Celsius. A medida que el l\u00e1ser emite su energ\u00eda t\u00e9rmica profundamente en el fol\u00edculo, la superficie de la piel se mantiene felizmente fresco y c\u00f3modo. Esta &#034;congelaci\u00f3n r\u00e1pida&#034; punto de la tecnolog\u00eda adormece la zona, convirtiendo lo que sol\u00eda ser un dolor, sensaci\u00f3n instant\u00e1nea en un suave, pr\u00e1cticamente indolora, de la experiencia. Esta caracter\u00edstica va a transformar a sus clientes, la percepci\u00f3n de la depilaci\u00f3n l\u00e1ser y establecer su cl\u00ednica aparte de la competencia.<\/p>\n<h2><strong>Potencia, Precisi\u00f3n y Rendimiento: Una Inmersi\u00f3n Profunda en la 156WF-2T multi-funcional de dispositivo del retiro del pelo Especificaciones T\u00e9cnicas<\/strong><\/h2>\n<p>Para los m\u00e1s exigentes profesionales, los n\u00fameros de la materia. El 156WF-2T<strong>\u00a0<\/strong>est\u00e1 construido con componentes que la promesa de potencia, confiabilidad, y un incre\u00edble retorno de la inversi\u00f3n.<\/p>\n<ul>\n<li><strong>Longitud de onda:<\/strong>\u00a0Del Laser del Diodo 808nm<\/li>\n<li><strong>Manejar Los Jefes:<\/strong>\u00a015x15mm, 21x19mm, y la especializada &#034;Elefante Nariz&#034; de la Cabeza<\/li>\n<li><strong>Conteo De Tiro:<\/strong>\u00a0Un asombroso\u00a0<strong>20.000.000 de operaciones<\/strong>, que asegura a\u00f1os de servicio confiable y un bajo coste por tratamiento.<\/li>\n<li><strong>Potencia Total:<\/strong>\u00a0Un robusto\u00a0<strong>2000W<\/strong>\u00a0sistema coherente y eficaz para el suministro de energ\u00eda.<\/li>\n<li><strong>La Energ\u00eda De Fluencia:<\/strong>\u00a0Un altamente ajustable rango de\u00a0<strong>1-120 J\/cm2<\/strong>, lo que permite personalizar los tratamientos para diferentes tipos de piel, cabello espesores y \u00e1reas del cuerpo.<\/li>\n<li><strong>Ancho De Pulso:<\/strong>\u00a0Una amplia gama de\u00a0<strong>5ms-400 ms<\/strong>\u00a0para el m\u00e1ximo control sobre el efecto t\u00e9rmico.<\/li>\n<li><strong>Frecuencia:<\/strong>\u00a0<strong>1-10Hz<\/strong>para permitir r\u00e1pidas, vuelo sin motor &#034;en movimiento&#034; t\u00e9cnicas para agilizar las sesiones.<\/li>\n<li><strong>Pantalla:<\/strong>\u00a0Un grande, de aguas cristalinas\u00a0<strong>15.6-pulgadas de pantalla t\u00e1ctil<\/strong>\u00a0para un funcionamiento sin esfuerzo.<\/li>\n<li><strong>Sistema De Refrigeraci\u00f3n:<\/strong>\u00a0Semiconductor + Aire + TEC de refrigeraci\u00f3n para el cliente superior de confort.<\/li>\n<li><strong>Protecciones De Seguridad:<\/strong>\u00a0Sistemas integrados para la temperatura, el voltaje y la protecci\u00f3n de la escasez de agua.<\/li>\n<li><strong>Voltaje:<\/strong>\u00a0Compatibilidad Universal con\u00a0<strong>110V-220V<\/strong>.<\/li>\n<li><strong>Tanque De Agua:<\/strong>\u00a0Grandes\u00a0<strong>5L de capacidad<\/strong>\u00a0para un funcionamiento prolongado sin sobrecalentamiento.<\/li>\n<\/ul>\n<h2><strong>Una Interfaz Dise\u00f1ada para Usted: Control Intuitivo al Alcance de Tu mano<\/strong><\/h2>\n<p>La m\u00e1quina m\u00e1s potente es in\u00fatil si es demasiado complicado para operar. El 156WF-2T caracter\u00edsticas de una brillantemente simple e intuitiva interfaz de usuario se muestran en su gran pantalla de 15,6 pulgadas de pantalla. El flujo de trabajo l\u00f3gico y simplificado:<\/p>\n<ol>\n<li><strong>Seleccione El G\u00e9nero:<\/strong>\u00a0Elija entre el macho y la hembra de ajustes preestablecidos.<\/li>\n<li><strong>Seleccione El Tipo De Piel:<\/strong>\u00a0Elegir el tono de piel, asegurando seguro y eficaz de los par\u00e1metros sugeridos.<\/li>\n<li><strong>Seleccione La Parte Del Cuerpo:<\/strong>\u00a0Toque la zona a tratar (Cara, Brazos, Piernas, Bikini, etc.).<\/li>\n<\/ol>\n<p>A continuaci\u00f3n, el sistema presenta un tratamiento claro de la pantalla donde usted puede ajustar la energ\u00eda (fluence), el ancho de pulso y la frecuencia. Grandes, claras lecturas de temperatura y nivel de agua te mantiene informado en todo momento. Con &#034;Listo&#034; y &#034;en Espera&#034; de los botones, usted est\u00e1 siempre en control completo. Este usuario-dise\u00f1o amigable minimiza la curva de aprendizaje, capacitar a sus t\u00e9cnicos para realizar la confianza, los tratamientos efectivos desde el primer d\u00eda.<\/p>\n<h2><strong>La seguridad como una piedra Angular: Construido en la Protecci\u00f3n y el Cuidado de los clientes de los Protocolos de<\/strong><\/h2>\n<p>Cliente la seguridad no es negociable. El 156WF-2T <strong>multi-funcional de dispositivo del retiro del pelo <\/strong>est\u00e1 dise\u00f1ado con m\u00faltiples capas de protecci\u00f3n, y proporcionar directrices claras para su uso profesional para garantizar los mejores resultados.<\/p>\n<h3><strong>Pre-Tratamiento y Contraindicaciones<\/strong><\/h3>\n<p>Esta es una profesional de grado m\u00e9dico est\u00e9tico dispositivo y no debe ser utilizado en personas que est\u00e1n embarazadas o que tienen presi\u00f3n arterial alta, enfermedades del coraz\u00f3n, diabetes, o una alergia conocida a la luz. El tratamiento en zonas con heridas abiertas, tambi\u00e9n est\u00e1 prohibido. Una exhaustiva consulta con el cliente es esencial antes de comenzar cualquier curso de tratamiento.<\/p>\n<h3><strong>Esenciales De Cuidado Post-Tratamiento<\/strong><\/h3>\n<p>Adecuada atenci\u00f3n posterior es crucial para el logro de un resultado impecable y la prevenci\u00f3n de la irritaci\u00f3n. Asesorar a sus clientes:<\/p>\n<ul>\n<li>Evite el jab\u00f3n, gel de ducha y espejo de maquillaje en la zona tratada durante al menos 6 horas.<\/li>\n<li>Limpie suavemente con agua solamente en el d\u00eda del tratamiento.<\/li>\n<li>S\u00f3lo se aplican suave, calmante de cuidado de la piel f\u00f3rmulas para los primeros d\u00edas.<\/li>\n<li>Use ropa suelta para evitar la fricci\u00f3n.<\/li>\n<li>Estrictamente evitar la exposici\u00f3n al sol, saunas y piscina para varios d\u00edas post-tratamiento para proteger la sensible piel.<\/li>\n<\/ul>\n<h2><strong>Conclusi\u00f3n: La Inversi\u00f3n Inteligente para un Pr\u00f3spero Negocio de Est\u00e9tica<\/strong><\/h2>\n<p>La elecci\u00f3n de la 156WF-2T de Tres la Cabeza del Laser del Diodo 808nm es m\u00e1s que una compra de equipos; es una inversi\u00f3n estrat\u00e9gica en el futuro de su negocio. Usted est\u00e1 invirtiendo en <strong>versatilidad<\/strong> con tres especializada cabezas para tratar cualquier zona del cuerpo. Usted est\u00e1 invirtiendo en <strong>la satisfacci\u00f3n del cliente<\/strong> con una pr\u00e1cticamente indoloro y muy eficaz de tratamiento. Usted est\u00e1 invirtiendo en <strong>la eficiencia<\/strong> con un sistema potente y grandes tama\u00f1os de spot que reducir los tiempos de tratamiento. Y usted est\u00e1 invirtiendo en una incre\u00edble <strong>el retorno de la inversi\u00f3n<\/strong> gracias a sus 20 millones de tiro, de la esperanza de vida y una construcci\u00f3n robusta.<\/p>\n<p>Dejar de ofrecer los arreglos provisionales y comenzar a proporcionar soluciones permanentes. Elevar sus servicios, el deleite de sus clientes, y ver crecer tu negocio con el 156WF-2T.<\/p>\n<h2><strong>Preguntas Frecuentes (FAQs)<\/strong><\/h2>\n<p><strong>1. Qui\u00e9n es el cliente ideal para el laser del diodo 808nm el tratamiento?<\/strong> El laser del diodo 808nm es conocido por su versatilidad. Es seguro y eficaz para una amplia gama de tipos de piel, desde los tipos de piel Fitzpatrick I (muy justo) a VI (muy oscuro), aunque una consulta y prueba de parche se recomienda siempre. Funciona mejor en los clientes con el pelo m\u00e1s oscuro (marr\u00f3n, negro) como el l\u00e1ser de los objetivos de la melanina en el fol\u00edculo piloso.<\/p>\n<p><strong>2. \u00bfC\u00f3mo funciona esta m\u00e1quina la tecnolog\u00eda se diferencian de la Luz Pulsada Intensa (IPL)?<\/strong> Mientras tanto el uso de la luz para el retiro del pelo, un diodo l\u00e1ser es mucho m\u00e1s avanzado. Un l\u00e1ser utiliza una sola, concentrada y precisa de la longitud de onda (808nm) para centrarse espec\u00edficamente en el fol\u00edculo piloso. IPL utiliza un amplio espectro de la luz dispersa, que es menos espec\u00edfica, menos eficaz en el fol\u00edculo, y puede llevar a un mayor riesgo de afectar a la piel circundante, especialmente en los tonos de piel m\u00e1s oscuros. El 156WF-2T ofrece una m\u00e1s potente, preciso y seguro de tratamiento.<\/p>\n<p><strong>3. \u00bfCu\u00e1l es la expectativa de vida y el mantenimiento de la m\u00e1quina?<\/strong> La pieza de mano est\u00e1 clasificado para un incre\u00edble 20 millones de vacunas, que ofrece excepcionales para la longevidad de una cl\u00ednica ocupada. Mantenimiento de rutina es sencilla y principalmente consiste en la verificaci\u00f3n regular y cambiar el agua destilada en el 5L tanque de enfriamiento y mantenimiento de la m\u00e1quina de ventilaci\u00f3n limpias para asegurar un flujo de aire \u00f3ptimo para el sistema de enfriamiento.<\/p>\n<p><strong>4. \u00bfCu\u00e1ntas sesiones de tratamiento ser\u00e1 de un cliente normalmente necesita?<\/strong> El pelo crece en ciclos diferentes (an\u00e1gena, cat\u00e1gena, tel\u00f3gena), y la depilaci\u00f3n l\u00e1ser s\u00f3lo es eficaz en el pelo en la fase activa del crecimiento (an\u00e1gena). Por lo tanto, m\u00faltiples sesiones son necesarias para capturar todos los pelos en esta fase. Normalmente, los clientes a alcanzar resultados \u00f3ptimos con un curso de 6 a 8 sesiones, espaciadas de 4 a 8 semanas, dependiendo de la zona de tratamiento.<\/p>\n<p><strong>5. Lo importante es el triple sistema de refrigeraci\u00f3n para la experiencia del cliente?<\/strong> Es cr\u00edticamente importante y un punto de venta importante. El avanzado sistema de refrigeraci\u00f3n que mantiene la punta del aplicador en el 5\u00b0C es la clave para proporcionar un tratamiento pr\u00e1cticamente indoloro. Este alto nivel de confort anima a los clientes a completar su tratamiento completo del curso y entusiastas acerca de su experiencia positiva para los amigos y la familia, por lo que es uno de los activos m\u00e1s valiosos para la retenci\u00f3n de clientes y referencias.<\/p>\n<h2><strong>Personalizar El Logotipo De<\/strong><\/h2>\n<p>Queremos hacer de su marca se destaque? Ofrecemos logotipo modificado para requisitos particulares de los servicios que te ayudar\u00e1n a crear un entorno \u00fanico y personalizado logotipo que refleja la identidad de su marca. Nuestro equipo de expertos trabajar\u00e1 estrechamente con usted para dise\u00f1ar un logotipo que resuena con los valores de tu marca y de mensajer\u00eda. Si usted est\u00e1 buscando para renovar su logotipo existente o crear uno nuevo desde cero, lo tenemos cubierto.\u00a0<a href=\"https:\/\/skbty.com\/es\/contacto\/\">P\u00f3ngase en contacto con nosotros<\/a>\u00a0hoy para aprender m\u00e1s acerca de nuestro logotipo modificado para requisitos particulares de los servicios!<\/p>","protected":false},"excerpt":{"rendered":"<p>La autonom\u00eda de su pr\u00e1ctica con el <strong>156WF-2T de Tres la Cabeza del Laser del Diodo 808nm<\/strong>el todo-en-una soluci\u00f3n para los profesionales de la depilaci\u00f3n. Este potente motor de la m\u00e1quina combina una estructura robusta de 2000W sistema con el est\u00e1ndar de oro de la longitud de onda 808nm para demostrado cl\u00ednicamente los resultados. Lograr incomparable versatilidad con tres cabezales de tratamiento especializados dise\u00f1ados para todo, desde grandes \u00e1reas del cuerpo a los intrincados contornos faciales. Su revolucionario de triple acci\u00f3n sistema de refrigeraci\u00f3n garantiza que cada sesi\u00f3n es pr\u00e1cticamente indoloro, garantizando cliente superior de comodidad y satisfacci\u00f3n. Con una intuitiva pantalla de 15,6 pulgadas de pantalla t\u00e1ctil y un total de 20 millones de tiro, de la esperanza de vida, la 156WF-2T es la inversi\u00f3n inteligente para elevar sus servicios, reducir los tiempos de tratamiento, y de la unidad de negocio de crecimiento.<\/p>","protected":false},"featured_media":3450,"comment_status":"open","ping_status":"closed","template":"","meta":{"_kad_post_transparent":"default","_kad_post_title":"","_kad_post_layout":"default","_kad_post_sidebar_id":"","_kad_post_content_style":"default","_kad_post_vertical_padding":"default","_kad_post_feature":"","_kad_post_feature_position":"","_kad_post_header":false,"_kad_post_footer":false,"_kad_post_classname":"","rank_math_title":"","rank_math_description":"","rank_math_focus_keyword":""},"product_brand":[],"product_cat":[28],"product_tag":[],"class_list":{"0":"post-3449","1":"product","2":"type-product","3":"status-publish","4":"has-post-thumbnail","6":"product_cat-hair-removal","8":"first","9":"instock","10":"sale","11":"shipping-taxable","12":"purchasable","13":"product-type-simple","14":"entry","15":"content-bg","16":"loop-entry"},"_links":{"self":[{"href":"https:\/\/skbty.com\/es\/wp-json\/wp\/v2\/product\/3449","targetHints":{"allow":["GET"]}}],"collection":[{"href":"https:\/\/skbty.com\/es\/wp-json\/wp\/v2\/product"}],"about":[{"href":"https:\/\/skbty.com\/es\/wp-json\/wp\/v2\/types\/product"}],"replies":[{"embeddable":true,"href":"https:\/\/skbty.com\/es\/wp-json\/wp\/v2\/comments?post=3449"}],"wp:featuredmedia":[{"embeddable":true,"href":"https:\/\/skbty.com\/es\/wp-json\/wp\/v2\/media\/3450"}],"wp:attachment":[{"href":"https:\/\/skbty.com\/es\/wp-json\/wp\/v2\/media?parent=3449"}],"wp:term":[{"taxonomy":"product_brand","embeddable":true,"href":"https:\/\/skbty.com\/es\/wp-json\/wp\/v2\/product_brand?post=3449"},{"taxonomy":"product_cat","embeddable":true,"href":"https:\/\/skbty.com\/es\/wp-json\/wp\/v2\/product_cat?post=3449"},{"taxonomy":"product_tag","embeddable":true,"href":"https:\/\/skbty.com\/es\/wp-json\/wp\/v2\/product_tag?post=3449"}],"curies":[{"name":"WP","href":"https:\/\/api.w.org\/{rel}","templated":true}]}}