{"id":3,"date":"2023-06-02T06:10:22","date_gmt":"2023-06-02T06:10:22","guid":{"rendered":"https:\/\/skbty.com\/?page_id=3"},"modified":"2023-06-21T16:59:30","modified_gmt":"2023-06-21T08:59:30","slug":"politique-de-confidentialite","status":"publish","type":"page","link":"https:\/\/skbty.com\/fr\/politique-de-confidentialite\/","title":{"rendered":"Politique De Confidentialit\u00e9"},"content":{"rendered":"<h2 class=\"wp-block-heading\">Qui sommes-nous<\/h2>\n\n\n\n<p>L&#039;adresse de notre site Web est : https:\/\/skbty.com.<\/p>\n\n\n\n<h2 class=\"wp-block-heading\">Commentaires<\/h2>\n\n\n\n<p>Lorsque les visiteurs laissent des commentaires sur le site, nous collectons les donn\u00e9es affich\u00e9es dans le formulaire de commentaires, ainsi que l&#039;adresse IP du visiteur et la cha\u00eene de l&#039;agent utilisateur du navigateur pour aider \u00e0 la d\u00e9tection du spam.<\/p>\n\n\n\n<p>Une cha\u00eene anonymis\u00e9e cr\u00e9\u00e9e \u00e0 partir de votre adresse e-mail (\u00e9galement appel\u00e9e hash) peut \u00eatre envoy\u00e9e au service Gravatar pour v\u00e9rifier si vous l&#039;utilisez. La politique de confidentialit\u00e9 du service Gravatar est disponible ici : https:\/\/automattic.com\/privacy\/. Apr\u00e8s approbation de votre commentaire, votre photo de profil sera visible publiquement \u00e0 cot\u00e9 de votre commentaire.<\/p>\n\n\n\n<h2 class=\"wp-block-heading\">M\u00e9dias<\/h2>\n\n\n\n<p>Si vous t\u00e9l\u00e9chargez des images sur le site web, \u00e9vitez de t\u00e9l\u00e9charger des images contenant des donn\u00e9es de localisation int\u00e9gr\u00e9es (EXIF GPS). Les visiteurs du site web peuvent t\u00e9l\u00e9charger et extraire toutes les donn\u00e9es de localisation des images pr\u00e9sentes sur le site web.<\/p>\n\n\n\n<h2 class=\"wp-block-heading\">Cookies<\/h2>\n\n\n\n<p>Si vous d\u00e9posez un commentaire sur notre site, il vous sera propos\u00e9 d&#039;enregistrer votre nom, votre adresse e-mail et votre site web dans des cookies. Ces cookies sont uniquement destin\u00e9s \u00e0 votre confort afin de ne pas avoir \u00e0 saisir \u00e0 nouveau ces informations si vous d\u00e9posez un autre commentaire. Ces cookies expirent au bout d&#039;un an.<\/p>\n\n\n\n<p>Si vous visitez notre page de connexion, nous installerons un cookie temporaire afin de d\u00e9terminer si votre navigateur accepte les cookies. Ce cookie ne contient aucune donn\u00e9e personnelle et sera supprim\u00e9 lorsque vous fermerez votre navigateur.<\/p>\n\n\n\n<p>Lorsque vous vous connectez, nous mettons en place un certain nombre de cookies pour enregistrer vos informations de connexion et vos pr\u00e9f\u00e9rences d\u2019affichage \u00e0 l\u2019\u00e9cran. La dur\u00e9e de vie d\u2019un cookie de connexion est de deux jours, celle d\u2019un cookie d\u2019option d\u2019affichage est d\u2019un an. Si vous cochez \u00ab Se souvenir de moi \u00bb, votre cookie de connexion sera conserv\u00e9 pendant deux semaines. Si vous vous d\u00e9connectez de votre compte, le cookie de connexion sera supprim\u00e9.<\/p>\n\n\n\n<p>Si vous modifiez ou publiez un article, un cookie suppl\u00e9mentaire sera enregistr\u00e9 dans votre navigateur. Ce cookie ne contient aucune donn\u00e9e personnelle et indique simplement l&#039;identifiant de l&#039;article que vous venez de modifier. Il expire au bout d&#039;un jour.<\/p>\n\n\n\n<h2 class=\"wp-block-heading\">Contenu int\u00e9gr\u00e9 provenant d&#039;autres sites Web<\/h2>\n\n\n\n<p>Les articles de ce site peuvent inclure du contenu int\u00e9gr\u00e9 (par exemple des vid\u00e9os, des images, des articles, etc.). Le contenu int\u00e9gr\u00e9 provenant d&#039;autres sites Web se comporte exactement de la m\u00eame mani\u00e8re que si le visiteur avait visit\u00e9 cet autre site Web.<\/p>\n\n\n\n<p>Ces sites Web peuvent collecter des donn\u00e9es sur vous, utiliser des cookies, int\u00e9grer un suivi tiers suppl\u00e9mentaire et surveiller votre interaction avec ce contenu int\u00e9gr\u00e9, y compris le suivi de votre interaction avec le contenu int\u00e9gr\u00e9 si vous avez un compte et \u00eates connect\u00e9 \u00e0 ce site Web.<\/p>\n\n\n\n<h2 class=\"wp-block-heading\">Avec qui partageons-nous vos donn\u00e9es ?<\/h2>\n\n\n\n<p>Si vous demandez une r\u00e9initialisation de mot de passe, votre adresse IP sera incluse dans l&#039;e-mail de r\u00e9initialisation.<\/p>\n\n\n\n<h2 class=\"wp-block-heading\">Combien de temps conservons-nous vos donn\u00e9es ?<\/h2>\n\n\n\n<p>Si vous laissez un commentaire, le commentaire et ses m\u00e9tadonn\u00e9es sont conserv\u00e9s ind\u00e9finiment. Cela nous permet de reconna\u00eetre et d&#039;approuver automatiquement les commentaires suivants au lieu de les laisser dans une file d&#039;attente de mod\u00e9ration.<\/p>\n\n\n\n<p>Pour les utilisateurs qui s&#039;inscrivent sur notre site Web (le cas \u00e9ch\u00e9ant), nous stockons \u00e9galement les informations personnelles qu&#039;ils fournissent dans leur profil d&#039;utilisateur. Tous les utilisateurs peuvent voir, modifier ou supprimer leurs informations personnelles \u00e0 tout moment (\u00e0 l&#039;exception de leur nom d&#039;utilisateur). Les administrateurs du site Web peuvent \u00e9galement voir et modifier ces informations.<\/p>\n\n\n\n<h2 class=\"wp-block-heading\">Quels droits avez-vous sur vos donn\u00e9es<\/h2>\n\n\n\n<p><strong class=\"privacy-policy-tutorial\"> <\/strong>Si vous avez un compte ou si vous avez laiss\u00e9 des commentaires sur le site, vous pouvez demander \u00e0 recevoir un fichier contenant toutes les donn\u00e9es personnelles que nous poss\u00e9dons \u00e0 votre sujet, incluant celles que vous nous avez fournies. Vous pouvez \u00e9galement demander la suppression des donn\u00e9es personnelles vous concernant. Cela ne prend pas en compte les donn\u00e9es stock\u00e9es \u00e0 des fins administratives, l\u00e9gales ou de s\u00e9curit\u00e9.<\/p>\n\n\n\n<h2 class=\"wp-block-heading\">O\u00f9 vos donn\u00e9es sont envoy\u00e9es<\/h2>\n\n\n\n<p>Les commentaires des visiteurs peuvent \u00eatre v\u00e9rifi\u00e9s via un service automatis\u00e9 de d\u00e9tection de spam.<\/p>\n\n\n\n<p class=\"has-theme-palette-3-color has-text-color has-large-font-size\"><strong>Outre les \u00e9l\u00e9ments ci-dessus, il existe quelques \u00e9l\u00e9ments pour la politique de confidentialit\u00e9 ci-dessous<\/strong><\/p>\n\n\n\n<p>Cette politique de confidentialit\u00e9 d\u00e9crit comment vos informations personnelles sont collect\u00e9es, utilis\u00e9es et partag\u00e9es lorsque vous nous visitez ou effectuez un achat sur nous.<\/p>\n\n\n\n<p>INFORMATIONS PERSONNELLES QUE NOUS COLLECTONS<\/p>\n\n\n\n<p>Lorsque vous visitez le Site, nous collectons automatiquement certaines informations sur votre appareil, notamment des informations sur votre navigateur Web, votre adresse IP, votre fuseau horaire et certains des cookies install\u00e9s sur votre appareil. De plus, lorsque vous naviguez sur le Site, nous collectons des informations sur les pages Web ou les produits individuels que vous consultez, les sites Web ou les termes de recherche qui vous ont renvoy\u00e9 vers le Site et des informations sur la fa\u00e7on dont vous interagissez avec le Site. Nous d\u00e9signons ces informations collect\u00e9es automatiquement par le terme \u00ab Informations sur l&#039;appareil \u00bb.<\/p>\n\n\n\n<p>Informations sur l&#039;appareil QUE NOUS COLLECTONS<\/p>\n\n\n\n<p>\u2013 Les \u00ab cookies \u00bb sont des fichiers de donn\u00e9es qui sont plac\u00e9s sur votre appareil ou votre ordinateur et qui incluent souvent un identifiant unique anonyme. Pour plus d\u2019informations sur les cookies et sur la fa\u00e7on de les d\u00e9sactiver, visitez le site&nbsp;<a href=\"https:\/\/link.zhihu.com\/?target=http%3A\/\/www.allaboutcookies.org\" target=\"_blank\" rel=\"noopener\">http:\/\/www.allaboutcookies.org<\/a>.<\/p>\n\n\n\n<p>\u2013 Les \u00ab fichiers journaux \u00bb suivent les actions se produisant sur le Site et collectent des donn\u00e9es, notamment votre adresse IP, le type de navigateur, le fournisseur de services Internet, les pages de renvoi\/sortie et les horodatages.<\/p>\n\n\n\n<p>\u2013 Les \u00ab balises Web \u00bb, les \u00ab tags \u00bb et les \u00ab pixels \u00bb sont des fichiers \u00e9lectroniques utilis\u00e9s pour enregistrer des informations sur la fa\u00e7on dont vous naviguez sur le Site.<\/p>\n\n\n\n<p>De plus, lorsque vous effectuez un achat ou tentez d&#039;effectuer un achat via le Site, nous collectons certaines informations vous concernant, notamment votre nom, votre adresse de facturation, votre adresse de livraison, vos informations de paiement (y compris les num\u00e9ros de carte de cr\u00e9dit, votre adresse e-mail et votre num\u00e9ro de t\u00e9l\u00e9phone). Nous appelons ces informations \u00ab Informations de commande \u00bb.<\/p>\n\n\n\n<p>Lorsque nous parlons d\u2019\u00ab Informations personnelles \u00bb dans la pr\u00e9sente Politique de confidentialit\u00e9, nous parlons \u00e0 la fois d\u2019Informations sur l\u2019appareil et d\u2019Informations sur la commande.<\/p>\n\n\n\n<p>COMMENT UTILISONS-NOUS VOS INFORMATIONS PERSONNELLES ?<\/p>\n\n\n\n<p>Nous utilisons les informations de commande que nous collectons g\u00e9n\u00e9ralement pour ex\u00e9cuter toutes les commandes pass\u00e9es via le site (y compris le traitement de vos informations de paiement, l&#039;organisation de l&#039;exp\u00e9dition et la fourniture de factures et\/ou de confirmations de commande). De plus, nous utilisons ces informations de commande pour :<\/p>\n\n\n\n<p>\u2013 Communiquer avec vous ;<\/p>\n\n\n\n<p>\u2013 Filtrer nos commandes pour d\u00e9tecter tout risque potentiel ou fraude\u00a0;<\/p>\n\n\n\n<p>\u2013 Lorsque cela correspond aux pr\u00e9f\u00e9rences que vous avez partag\u00e9es avec nous, vous fournir des informations ou des publicit\u00e9s relatives \u00e0 nos produits ou services.<\/p>\n\n\n\n<p>Nous utilisons les informations sur les appareils que nous collectons pour nous aider \u00e0 d\u00e9tecter les risques potentiels et les fraudes (en particulier, votre adresse IP) et, plus g\u00e9n\u00e9ralement, pour am\u00e9liorer et optimiser notre site (par exemple, en g\u00e9n\u00e9rant des analyses sur la fa\u00e7on dont nos clients naviguent et interagissent avec le site, et pour \u00e9valuer le succ\u00e8s de nos campagnes de marketing et de publicit\u00e9).<\/p>\n\n\n\n<p>PARTAGE DE VOS INFORMATIONS PERSONNELLES<\/p>\n\n\n\n<p>Nous partageons vos informations personnelles avec des tiers pour nous aider \u00e0 utiliser vos informations personnelles, comme d\u00e9crit ci-dessus. Par exemple, nous utilisons WordPress Soft pour alimenter notre boutique en ligne.<\/p>\n\n\n\n<p>Nous utilisons \u00e9galement Google Analytics pour nous aider \u00e0 comprendre comment nos clients utilisent le site. Vous pouvez en savoir plus sur la mani\u00e8re dont Google utilise vos informations personnelles ici\u00a0:&nbsp;<a href=\"https:\/\/link.zhihu.com\/?target=https%3A\/\/www.google.com\/intl\/en\/policies\/privacy\/\" target=\"_blank\" rel=\"noopener\">https:\/\/www.google.com\/intl\/en\/policies\/privacy\/<\/a>Vous pouvez \u00e9galement vous d\u00e9sinscrire de Google Analytics ici :&nbsp;<a href=\"https:\/\/link.zhihu.com\/?target=https%3A\/\/tools.google.com\/dlpage\/gaoptout\" target=\"_blank\" rel=\"noopener\">https:\/\/tools.google.com\/dlpage\/gaoptout<\/a>.<\/p>\n\n\n\n<p>Enfin, nous pouvons \u00e9galement partager vos informations personnelles pour nous conformer aux lois et r\u00e9glementations applicables, pour r\u00e9pondre \u00e0 une assignation \u00e0 compara\u00eetre, \u00e0 un mandat de perquisition ou \u00e0 toute autre demande l\u00e9gale d&#039;informations que nous recevons, ou pour prot\u00e9ger nos droits.<\/p>\n\n\n\n<p>PUBLICIT\u00c9 COMPORTEMENTALE<\/p>\n\n\n\n<p>Comme d\u00e9crit ci-dessus, nous utilisons vos informations personnelles pour vous fournir des publicit\u00e9s cibl\u00e9es ou des communications marketing susceptibles de vous int\u00e9resser. Pour plus d&#039;informations sur le fonctionnement de la publicit\u00e9 cibl\u00e9e, vous pouvez visiter la page \u00e9ducative de la Network Advertising Initiative (\u00ab NAI \u00bb) \u00e0 l&#039;adresse&nbsp;<a href=\"https:\/\/link.zhihu.com\/?target=http%3A\/\/www.networkadvertising.org\/understanding-online-advertising\/how-does-it-work\" target=\"_blank\" rel=\"noopener\">http:\/\/www.networkadvertising.org\/understanding-online-advertising\/how-does-it-work<\/a>.<\/p>\n\n\n\n<p>Vous pouvez d\u00e9sactiver la publicit\u00e9 cibl\u00e9e en utilisant les liens ci-dessous\u00a0:<\/p>\n\n\n\n<p>\u2013 Facebook:&nbsp;<a href=\"https:\/\/link.zhihu.com\/?target=https%3A\/\/www.facebook.com\/settings\/%3Ftab%3Dads\" target=\"_blank\" rel=\"noopener\">https:\/\/www.facebook.com\/settings\/?tab=ads<\/a><\/p>\n\n\n\n<p>- Google:&nbsp;<a href=\"https:\/\/link.zhihu.com\/?target=https%3A\/\/www.google.com\/settings\/ads\/anonymous\" target=\"_blank\" rel=\"noopener\">https:\/\/www.google.com\/settings\/ads\/anonymous<\/a><\/p>\n\n\n\n<p>\u2013 Bing:&nbsp;<a href=\"https:\/\/link.zhihu.com\/?target=https%3A\/\/advertise.bingads.microsoft.com\/en-us\/resources\/policies\/personalized-ads\" target=\"_blank\" rel=\"noopener\">https:\/\/advertise.bingads.microsoft.com\/en-us\/resources\/policies\/personalized-ads<\/a><\/p>\n\n\n\n<p>De plus, vous pouvez d\u00e9sactiver certains de ces services en visitant le portail de d\u00e9sactivation de la Digital Advertising Alliance \u00e0 l&#039;adresse suivante\u00a0:&nbsp;<a href=\"https:\/\/link.zhihu.com\/?target=http%3A\/\/optout.aboutads.info\/\" target=\"_blank\" rel=\"noopener\">http:\/\/optout.aboutads.info\/<\/a>.<\/p>\n\n\n\n<p>NE PAS SUIVRE<\/p>\n\n\n\n<p>Veuillez noter que nous ne modifions pas les pratiques de collecte et d&#039;utilisation des donn\u00e9es de notre site lorsque nous voyons un signal \u00ab Ne pas suivre \u00bb de votre navigateur.<\/p>\n\n\n\n<p>VOS DROITS<\/p>\n\n\n\n<p>Si vous \u00eates r\u00e9sident europ\u00e9en, vous avez le droit d&#039;acc\u00e9der aux informations personnelles que nous d\u00e9tenons \u00e0 votre sujet et de demander que vos informations personnelles soient corrig\u00e9es, mises \u00e0 jour ou supprim\u00e9es. Si vous souhaitez exercer ce droit, veuillez nous contacter via les coordonn\u00e9es ci-dessous.<\/p>\n\n\n\n<p>De plus, si vous \u00eates un r\u00e9sident europ\u00e9en, nous notons que nous traitons vos informations afin de remplir les contrats que nous pourrions avoir avec vous (par exemple si vous passez une commande via le Site), ou pour poursuivre nos int\u00e9r\u00eats commerciaux l\u00e9gitimes \u00e9num\u00e9r\u00e9s ci-dessus. De plus, veuillez noter que vos informations seront transf\u00e9r\u00e9es en dehors de l&#039;Europe, notamment au Canada et aux \u00c9tats-Unis.<\/p>\n\n\n\n<p>CONSERVATION DES DONN\u00c9ES<\/p>\n\n\n\n<p>Lorsque vous passez une commande via le Site, nous conserverons vos informations de commande dans nos archives, sauf si et jusqu&#039;\u00e0 ce que vous nous demandiez de supprimer ces informations.<\/p>\n\n\n\n<p>CHANGEMENTS<\/p>\n\n\n\n<p>Nous pouvons mettre \u00e0 jour cette politique de confidentialit\u00e9 de temps \u00e0 autre afin de refl\u00e9ter, par exemple, des changements dans nos pratiques ou pour d&#039;autres raisons op\u00e9rationnelles, l\u00e9gales ou r\u00e9glementaires.<\/p>\n\n\n\n<p>MINEURS<\/p>\n\n\n\n<p>Le Site n&#039;est pas destin\u00e9 aux personnes de moins de 13 ans.<\/p>\n\n\n\n<p>CONTACTEZ-NOUS<\/p>\n\n\n\n<p>Pour plus d&#039;informations sur nos pratiques de confidentialit\u00e9, si vous avez des questions ou si vous souhaitez d\u00e9poser une plainte, veuillez nous contacter.<\/p>\n\n\n\n<p><\/p>","protected":false},"excerpt":{"rendered":"<p>Qui sommes-nous L&#039;adresse de notre site Web est : https:\/\/skbty.com. Commentaires Quand vous laissez un commentaire sur notre site web, les donn\u00e9es inscrites dans le formulaire de commentaire, mais aussi votre adresse IP et l&#039;agent utilisateur de votre navigateur sont collect\u00e9s pour nous aider \u00e0 la d\u00e9tection des commentaires ind\u00e9sirables. Une cha\u00eene anonymis\u00e9e cr\u00e9\u00e9e \u00e0 partir de votre adresse e-mail (\u00e9galement appel\u00e9e hachage) peut \u00eatre fournie\u2026<\/p>","protected":false},"author":1,"featured_media":0,"parent":0,"menu_order":0,"comment_status":"closed","ping_status":"open","template":"","meta":{"_kad_post_transparent":"","_kad_post_title":"","_kad_post_layout":"","_kad_post_sidebar_id":"","_kad_post_content_style":"","_kad_post_vertical_padding":"","_kad_post_feature":"","_kad_post_feature_position":"","_kad_post_header":false,"_kad_post_footer":false,"_kad_post_classname":"","rank_math_title":"","rank_math_description":"","rank_math_focus_keyword":"","footnotes":""},"class_list":["post-3","page","type-page","status-publish","hentry"],"_links":{"self":[{"href":"https:\/\/skbty.com\/fr\/wp-json\/wp\/v2\/pages\/3","targetHints":{"allow":["GET"]}}],"collection":[{"href":"https:\/\/skbty.com\/fr\/wp-json\/wp\/v2\/pages"}],"about":[{"href":"https:\/\/skbty.com\/fr\/wp-json\/wp\/v2\/types\/page"}],"author":[{"embeddable":true,"href":"https:\/\/skbty.com\/fr\/wp-json\/wp\/v2\/users\/1"}],"replies":[{"embeddable":true,"href":"https:\/\/skbty.com\/fr\/wp-json\/wp\/v2\/comments?post=3"}],"version-history":[{"count":0,"href":"https:\/\/skbty.com\/fr\/wp-json\/wp\/v2\/pages\/3\/revisions"}],"wp:attachment":[{"href":"https:\/\/skbty.com\/fr\/wp-json\/wp\/v2\/media?parent=3"}],"curies":[{"name":"Wp wp","href":"https:\/\/api.w.org\/{rel}","templated":true}]}}