{"id":1385,"date":"2023-06-03T22:39:08","date_gmt":"2023-06-03T14:39:08","guid":{"rendered":"https:\/\/skbty.com\/?post_type=product&#038;p=1385"},"modified":"2026-03-31T17:07:28","modified_gmt":"2026-03-31T09:07:28","slug":"machine-rf-fractionnee-a-micro-aiguilles-dorees","status":"publish","type":"product","link":"https:\/\/skbty.com\/fr\/produit\/machine-rf-fractionnee-a-micro-aiguilles-dorees\/","title":{"rendered":"Machine RF fractionn\u00e9e \u00e0 micro-aiguilles Golden"},"content":{"rendered":"<div class=\"J_module\">\n<div id=\"ali-anchor-AliMagic-9mo2rc\" class=\"magic-0\" data-section=\"AliMagic-9mo2rc\" data-section-title=\"Products Description\" data-spm-anchor-id=\"a2700.details.0.i25.41b676aerROOHh\">\n<h2>RF fractionn\u00e9e \u00e0 micro-aiguilles dor\u00e9es : obtenez une peau plus ferme, plus lisse et plus jeune<\/h2>\n<p>Vous souffrez de rides, de cicatrices d&#039;acn\u00e9 ou d&#039;un rel\u00e2chement cutan\u00e9 ? La machine RF fractionn\u00e9e Golden Microneedle offre une solution r\u00e9volutionnaire pour le rajeunissement de la peau, offrant des r\u00e9sultats remarquables avec un temps d&#039;arr\u00eat minimal. Ce traitement innovant combine la puissance du microneedling avec l&#039;\u00e9nergie de la radiofr\u00e9quence pour stimuler la production de collag\u00e8ne et raffermir la peau pour une apparence plus lisse et plus jeune.<\/p>\n<h2><img loading=\"lazy\" decoding=\"async\" class=\"magic-9 aligncenter\" title=\"Machine RF fractionn\u00e9e \u00e0 micro-aiguilles Golden\" src=\"https:\/\/sc04.alicdn.com\/kf\/Hfba3514d2b8c4427b0126b236b9ba9d7R\/247315878\/Hfba3514d2b8c4427b0126b236b9ba9d7R.jpg\" alt=\"Machine RF fractionn\u00e9e \u00e0 micro-aiguilles Golden\" width=\"582\" height=\"553\" data-src=\"\/\/sc04.alicdn.com\/kf\/Hfba3514d2b8c4427b0126b236b9ba9d7R\/247315878\/Hfba3514d2b8c4427b0126b236b9ba9d7R.jpg\" \/><\/h2>\n<h2>Comment fonctionne la RF fractionn\u00e9e Golden Microneedle<\/h2>\n<p>Ce traitement de pointe utilise une pi\u00e8ce \u00e0 main sp\u00e9cialis\u00e9e dot\u00e9e de micro-aiguilles plaqu\u00e9es or ultrafines qui p\u00e9n\u00e8trent la peau \u00e0 des profondeurs contr\u00f4l\u00e9es (0,25 \u00e0 3 mm). Au fur et \u00e0 mesure que les aiguilles p\u00e9n\u00e8trent, elles d\u00e9livrent une \u00e9nergie radiofr\u00e9quence pr\u00e9cise directement au derme, contournant l&#039;\u00e9piderme et minimisant les dommages \u00e0 la surface de la peau.<\/p>\n<p>Cet apport \u00e9nerg\u00e9tique cibl\u00e9 stimule la production de collag\u00e8ne et d&#039;\u00e9lastine, les \u00e9l\u00e9ments essentiels d&#039;une peau jeune. Le r\u00e9sultat ? Une peau plus ferme, plus lisse et plus \u00e9clatante, avec une texture et un teint am\u00e9lior\u00e9s.<\/p>\n<h2><img loading=\"lazy\" decoding=\"async\" class=\"magic-18 aligncenter\" title=\"Machine RF fractionn\u00e9e \u00e0 micro-aiguilles Golden\" src=\"https:\/\/sc04.alicdn.com\/kf\/H6fefb9fcf28c406aa7e1bba756337a69B\/247315878\/H6fefb9fcf28c406aa7e1bba756337a69B.png\" alt=\"Machine RF fractionn\u00e9e \u00e0 micro-aiguilles Golden\" width=\"637\" height=\"254\" data-src=\"\/\/sc04.alicdn.com\/kf\/H6fefb9fcf28c406aa7e1bba756337a69B\/247315878\/H6fefb9fcf28c406aa7e1bba756337a69B.png\" \/><\/h2>\n<h2>\u00c0 quels probl\u00e8mes de peau peut-il r\u00e9pondre\u00a0?<\/h2>\n<p>Le traitement RF fractionn\u00e9 Golden Microneedle est tr\u00e8s polyvalent et efficace pour traiter un large \u00e9ventail de probl\u00e8mes de peau, notamment\u00a0:<\/p>\n<p><strong>Visage et cou :<\/strong><\/p>\n<ul>\n<li>Rides et ridules<\/li>\n<li>Peau et bajoues rel\u00e2ch\u00e9es<\/li>\n<li>Cicatrices d&#039;acn\u00e9<\/li>\n<li>Pores dilat\u00e9s<\/li>\n<li>Teint et texture de peau irr\u00e9guliers<\/li>\n<\/ul>\n<p><strong>Yeux:<\/strong><\/p>\n<ul>\n<li>Yeux fatigu\u00e9s<\/li>\n<li>Rides et ridules<\/li>\n<li>Paupi\u00e8res tombantes<\/li>\n<li>Peau cr\u00e9pue<\/li>\n<\/ul>\n<p><strong>Corps:<\/strong><\/p>\n<ul>\n<li>Peau l\u00e2che ou affaiss\u00e9e sur l&#039;abdomen, les bras, les jambes et les fesses<\/li>\n<li>Vergetures<\/li>\n<li>Cellulite<\/li>\n<\/ul>\n<h2><img loading=\"lazy\" decoding=\"async\" class=\"magic-20 aligncenter\" title=\"Machine RF fractionn\u00e9e \u00e0 micro-aiguilles Golden\" src=\"https:\/\/sc04.alicdn.com\/kf\/H78a661c1241e42e690315e255865985ct\/247315878\/H78a661c1241e42e690315e255865985ct.jpg\" alt=\"Machine RF fractionn\u00e9e \u00e0 micro-aiguilles Golden\" width=\"471\" height=\"466\" data-src=\"\/\/sc04.alicdn.com\/kf\/H78a661c1241e42e690315e255865985ct\/247315878\/H78a661c1241e42e690315e255865985ct.jpg\" \/><\/h2>\n<h2>D\u00e9couvrez les avantages<\/h2>\n<p>Le traitement RF fractionn\u00e9 Golden Microneedle offre une multitude d&#039;avantages :<\/p>\n<ul>\n<li><strong>Minimalement invasif :<\/strong>\u00a0Contrairement aux proc\u00e9dures chirurgicales traditionnelles, ce traitement est peu invasif et n\u00e9cessite peu ou pas de temps d\u2019arr\u00eat.<\/li>\n<li><strong>S\u00fbr et efficace :<\/strong>\u00a0La d\u00e9livrance pr\u00e9cise de l\u2019\u00e9nergie RF garantit des r\u00e9sultats optimaux avec un minimum d\u2019inconfort et de risque d\u2019effets secondaires.<\/li>\n<li><strong>Convient \u00e0 tous les types de peau :<\/strong>\u00a0Ce traitement est s\u00fbr et efficace pour tous les types de peau, y compris les peaux sensibles.<\/li>\n<li><strong>R\u00e9sultats durables :<\/strong>\u00a0La production de collag\u00e8ne stimul\u00e9e continue d\u2019am\u00e9liorer la texture et le teint de la peau pendant des mois apr\u00e8s le traitement, offrant des r\u00e9sultats durables.<\/li>\n<\/ul>\n<h2><img loading=\"lazy\" decoding=\"async\" class=\"magic-22 aligncenter\" title=\"Machine RF fractionn\u00e9e \u00e0 micro-aiguilles Golden\" src=\"https:\/\/sc04.alicdn.com\/kf\/H4eef1bf8fc684ced9730c0bc99cf73eac\/247315878\/H4eef1bf8fc684ced9730c0bc99cf73eac.jpg\" alt=\"Machine RF fractionn\u00e9e \u00e0 micro-aiguilles Golden\" width=\"560\" height=\"790\" data-src=\"\/\/sc04.alicdn.com\/kf\/H4eef1bf8fc684ced9730c0bc99cf73eac\/247315878\/H4eef1bf8fc684ced9730c0bc99cf73eac.jpg\" \/><\/h2>\n<h2>Principales caract\u00e9ristiques et avantages\u00a0:<\/h2>\n<ul>\n<li><strong>Confort assist\u00e9 par aspiration :<\/strong>\u00a0La t\u00eate de traitement utilise la technologie du vide pour tendre doucement la peau, assurant ainsi un plus grand confort pendant la proc\u00e9dure.<\/li>\n<li><strong>Aiguilles non isol\u00e9es :<\/strong>\u00a0Permet une r\u00e9partition uniforme de l\u2019\u00e9nergie sur l\u2019\u00e9piderme et le derme pour des r\u00e9sultats optimaux.<\/li>\n<li><strong>Technologie du moteur pas \u00e0 pas :<\/strong>\u00a0Assure une p\u00e9n\u00e9tration douce et pr\u00e9cise de l\u2019aiguille, minimisant l\u2019inconfort et les saignements.<\/li>\n<li><strong>Aiguilles plaqu\u00e9es or :<\/strong>\u00a0Hypoallerg\u00e9nique et biocompatible, r\u00e9duisant le risque de r\u00e9actions allergiques et favorisant une conductivit\u00e9 RF optimale.<\/li>\n<li><strong>Contr\u00f4le pr\u00e9cis de la profondeur :<\/strong>\u00a0La profondeur de l&#039;aiguille r\u00e9glable permet des traitements personnalis\u00e9s adapt\u00e9s aux probl\u00e8mes de peau et aux zones du corps.<\/li>\n<li><strong>Syst\u00e8me d&#039;aiguille de s\u00e9curit\u00e9 :<\/strong>\u00a0Les pointes d\u2019aiguilles st\u00e9riles et jetables garantissent hygi\u00e8ne et s\u00e9curit\u00e9.<\/li>\n<\/ul>\n<h2><img loading=\"lazy\" decoding=\"async\" class=\"magic-30 aligncenter\" title=\"Machine RF fractionn\u00e9e \u00e0 micro-aiguilles Golden\" src=\"https:\/\/sc04.alicdn.com\/kf\/H7ab83577142c43f8a6e29578a7b6779fd\/247315878\/H7ab83577142c43f8a6e29578a7b6779fd.png\" alt=\"Machine RF fractionn\u00e9e \u00e0 micro-aiguilles Golden\" width=\"651\" height=\"505\" data-src=\"\/\/sc04.alicdn.com\/kf\/H7ab83577142c43f8a6e29578a7b6779fd\/247315878\/H7ab83577142c43f8a6e29578a7b6779fd.png\" \/><\/h2>\n<h2>D\u00e9couvrez la r\u00e9f\u00e9rence absolue en mati\u00e8re de rajeunissement de la peau<\/h2>\n<p>La machine RF fractionn\u00e9e Golden Microneedle offre une solution s\u00fbre, efficace et peu invasive pour obtenir une peau jeune et radieuse. Si vous \u00eates pr\u00eat \u00e0 remonter le temps et \u00e0 obtenir le teint de vos r\u00eaves, ce traitement r\u00e9volutionnaire pourrait \u00eatre la solution parfaite pour vous.<\/p>\n<h2><strong>Personnaliser Le Logo<\/strong><\/h2>\n<p>Vous voulez faire de votre marque de se d\u00e9marquer? Nous vous proposons logo personnalis\u00e9 de services pour vous aider \u00e0 cr\u00e9er un unique et personnalis\u00e9e de logo, qui refl\u00e8te l&#039;identit\u00e9 de votre marque. Notre \u00e9quipe d&#039;experts travaillera en \u00e9troite collaboration avec vous pour concevoir un logo qui r\u00e9sonne avec les valeurs de votre marque et de messagerie. Si vous \u00eates \u00e0 la recherche de r\u00e9organiser votre logo existant ou en cr\u00e9er un nouveau \u00e0 partir de z\u00e9ro, nous vous avons avons couvert. <a href=\"\/fr\/contact\/\">Contactez-nous<\/a> aujourd&#039;hui pour en savoir plus sur notre logo personnalis\u00e9 de services!<\/p>\n<\/div>\n<\/div>","protected":false},"excerpt":{"rendered":"<p>Le syst\u00e8me d&#039;aiguilles \u00e0 radiofr\u00e9quence \u00e0 matrice fractionn\u00e9e traverse l&#039;\u00e9piderme et le derme gr\u00e2ce \u00e0 une matrice multipoint sp\u00e9cialement con\u00e7ue, une s\u00e9quence de contr\u00f4le de moteur num\u00e9rique \u00e0 grande vitesse, contr\u00f4le avec pr\u00e9cision la profondeur de 0,25 \u00e0 3 mm, puis lib\u00e8re la radiofr\u00e9quence \u00e0 partir de la racine. L&#039;extr\u00e9mit\u00e9 de l&#039;aiguille matricielle stimule le collag\u00e8ne et les tissus \u00e9lastiques, ce qui est sans danger pour l&#039;\u00e9piderme, et l&#039;\u00e9nergie de radiofr\u00e9quence peut bien p\u00e9n\u00e9trer dans le derme pour stimuler l&#039;hyperplasie du collag\u00e8ne, ce qui est non seulement le meilleur moyen d&#039;am\u00e9liorer les cicatrices, mais aussi un traitement efficace. m\u00e9thode de traitement. \u00c0 long terme, c&#039;est un excellent moyen de resserrer les rides de votre peau.<\/p>","protected":false},"featured_media":1386,"comment_status":"open","ping_status":"closed","template":"","meta":{"_kad_post_transparent":"default","_kad_post_title":"","_kad_post_layout":"default","_kad_post_sidebar_id":"","_kad_post_content_style":"default","_kad_post_vertical_padding":"default","_kad_post_feature":"","_kad_post_feature_position":"","_kad_post_header":false,"_kad_post_footer":false,"_kad_post_classname":"","rank_math_title":"","rank_math_description":"","rank_math_focus_keyword":""},"product_brand":[],"product_cat":[30],"product_tag":[],"class_list":{"0":"post-1385","1":"product","2":"type-product","3":"status-publish","4":"has-post-thumbnail","6":"product_cat-microneedle","8":"first","9":"instock","10":"sale","11":"shipping-taxable","12":"purchasable","13":"product-type-simple","14":"entry","15":"content-bg","16":"loop-entry"},"_links":{"self":[{"href":"https:\/\/skbty.com\/fr\/wp-json\/wp\/v2\/product\/1385","targetHints":{"allow":["GET"]}}],"collection":[{"href":"https:\/\/skbty.com\/fr\/wp-json\/wp\/v2\/product"}],"about":[{"href":"https:\/\/skbty.com\/fr\/wp-json\/wp\/v2\/types\/product"}],"replies":[{"embeddable":true,"href":"https:\/\/skbty.com\/fr\/wp-json\/wp\/v2\/comments?post=1385"}],"wp:featuredmedia":[{"embeddable":true,"href":"https:\/\/skbty.com\/fr\/wp-json\/wp\/v2\/media\/1386"}],"wp:attachment":[{"href":"https:\/\/skbty.com\/fr\/wp-json\/wp\/v2\/media?parent=1385"}],"wp:term":[{"taxonomy":"product_brand","embeddable":true,"href":"https:\/\/skbty.com\/fr\/wp-json\/wp\/v2\/product_brand?post=1385"},{"taxonomy":"product_cat","embeddable":true,"href":"https:\/\/skbty.com\/fr\/wp-json\/wp\/v2\/product_cat?post=1385"},{"taxonomy":"product_tag","embeddable":true,"href":"https:\/\/skbty.com\/fr\/wp-json\/wp\/v2\/product_tag?post=1385"}],"curies":[{"name":"Wp wp","href":"https:\/\/api.w.org\/{rel}","templated":true}]}}