{"id":1419,"date":"2023-06-04T13:45:13","date_gmt":"2023-06-04T05:45:13","guid":{"rendered":"https:\/\/skbty.com\/?post_type=product&#038;p=1419"},"modified":"2025-06-20T11:44:20","modified_gmt":"2025-06-20T03:44:20","slug":"machine-depilation-au-laser-a-diode-avec-longueurs-donde-de-755-808-1064-nm","status":"publish","type":"product","link":"https:\/\/skbty.com\/fr\/produit\/machine-depilation-au-laser-a-diode-avec-longueurs-donde-de-755-808-1064-nm\/","title":{"rendered":"Machine d&#039;\u00e9pilation au laser \u00e0 diode avec longueurs d&#039;onde de 755\/808\/1064 nm"},"content":{"rendered":"<div class=\"J_module\">\n<h2>Machine d&#039;\u00e9pilation au laser \u00e0 diode \u00e0 triple longueur d&#039;onde 755\/808\/1064 nm : la solution ultime pour une \u00e9pilation d\u00e9finitive<\/h2>\n<h2>Introduction<\/h2>\n<p>D\u00e9couvrez la r\u00e9f\u00e9rence absolue en mati\u00e8re d&#039;\u00e9pilation au laser avec l&#039;appareil d&#039;\u00e9pilation au laser \u00e0 diode \u00e0 triple longueur d&#039;onde 755\/808\/1064 nm de pointe. Cet appareil puissant combine les avantages uniques de trois longueurs d&#039;onde hautement efficaces pour offrir des r\u00e9sultats d&#039;\u00e9pilation exceptionnels et durables pour tous les types de peau et toutes les couleurs de poils.<\/p>\n<h2><img loading=\"lazy\" decoding=\"async\" class=\"magic-25 aligncenter\" title=\"Machine d&#039;\u00e9pilation \u00e0 diode laser 755\/808\/1064\" src=\"https:\/\/sc04.alicdn.com\/kf\/H0b8b12d6e1ec4f668c6c1f124d4d4fa0m\/247315878\/H0b8b12d6e1ec4f668c6c1f124d4d4fa0m.png\" alt=\"Machine d&#039;\u00e9pilation \u00e0 diode laser 755\/808\/1064\" width=\"432\" height=\"496\" data-src=\"\/\/sc04.alicdn.com\/kf\/H0b8b12d6e1ec4f668c6c1f124d4d4fa0m\/247315878\/H0b8b12d6e1ec4f668c6c1f124d4d4fa0m.png\" \/><\/h2>\n<h2>Le pouvoir des trois : une \u00e9pilation de qualit\u00e9 sup\u00e9rieure<\/h2>\n<h3>Cibler tous les types de peau et de cheveux avec pr\u00e9cision<\/h3>\n<p>Cette machine innovante exploite la puissance de trois longueurs d&#039;onde laser distinctes, chacune ciblant la m\u00e9lanine (pigment des poils) \u00e0 diff\u00e9rentes profondeurs de la peau :<\/p>\n<ul>\n<li><strong>Laser \u00e0 diode 808 nm :<\/strong>\u00a0Consid\u00e9r\u00e9e comme la r\u00e9f\u00e9rence en mati\u00e8re d\u2019\u00e9pilation, cette longueur d\u2019onde cible efficacement la m\u00e9lanine dans la plupart des types de poils et des tons de peau, offrant des r\u00e9sultats exceptionnels avec un minimum d\u2019inconfort.<\/li>\n<li><strong>Laser Alexandrite 755 nm :<\/strong>\u00a0Id\u00e9alement adapt\u00e9e aux peaux plus claires et aux poils plus fins, cette longueur d\u2019onde est hautement absorb\u00e9e par la m\u00e9lanine, ce qui la rend particuli\u00e8rement efficace pour traiter des zones comme le visage, le cou et les bras.<\/li>\n<li><strong>Laser Nd:YAG 1064 nm :<\/strong>\u00a0Traitant de mani\u00e8re s\u00fbre et efficace les tons de peau plus fonc\u00e9s, cette longueur d\u2019onde p\u00e9n\u00e8tre plus profond\u00e9ment dans la peau pour cibler la m\u00e9lanine tout en minimisant le risque d\u2019hyperpigmentation.<\/li>\n<\/ul>\n<h3><img loading=\"lazy\" decoding=\"async\" class=\"magic-23 aligncenter\" title=\"Machine d&#039;\u00e9pilation \u00e0 diode laser 755\/808\/1064\" src=\"https:\/\/sc04.alicdn.com\/kf\/H0899b67941c348e39e6762b4892d9dab8\/247315878\/H0899b67941c348e39e6762b4892d9dab8.png\" alt=\"Machine d&#039;\u00e9pilation \u00e0 diode laser 755\/808\/1064\" width=\"754\" height=\"276\" data-src=\"\/\/sc04.alicdn.com\/kf\/H0899b67941c348e39e6762b4892d9dab8\/247315878\/H0899b67941c348e39e6762b4892d9dab8.png\" \/><\/h3>\n<h3>Avantages de la technologie \u00e0 triple longueur d&#039;onde<\/h3>\n<p>Cette approche multi-longueurs d\u2019onde offre une gamme d\u2019avantages :<\/p>\n<ul>\n<li><strong>Polyvalence pour tous les types de peau et de cheveux :<\/strong>\u00a0Traitez en toute s\u00e9curit\u00e9 et efficacement une large gamme de tons de peau et de couleurs de cheveux, du clair au fonc\u00e9 et du fin au grossier.<\/li>\n<li><strong>Traitement cibl\u00e9 :<\/strong>\u00a0Chaque longueur d\u2019onde cible sp\u00e9cifiquement la m\u00e9lanine dans le follicule pileux, laissant la peau environnante intacte.<\/li>\n<li><strong>Traitements plus rapides :<\/strong>\u00a0La grande taille du spot et la puissance de sortie \u00e9lev\u00e9e permettent un traitement rapide de zones plus larges, telles que le dos, les jambes et la poitrine.<\/li>\n<li><strong>Confort am\u00e9lior\u00e9 :<\/strong>\u00a0Le syst\u00e8me de refroidissement avanc\u00e9 assure un confort maximal pendant le traitement, minimisant l\u2019inconfort souvent associ\u00e9 aux m\u00e9thodes d\u2019\u00e9pilation traditionnelles.<\/li>\n<li><strong>R\u00e9duction des poils \u00e0 long terme :<\/strong>\u00a0Constatez une r\u00e9duction significative des poils ind\u00e9sirables apr\u00e8s une s\u00e9rie de traitements, de nombreuses personnes obtenant une r\u00e9duction permanente des poils.<\/li>\n<\/ul>\n<h2><img loading=\"lazy\" decoding=\"async\" class=\"magic-27 aligncenter\" title=\"Machine d&#039;\u00e9pilation \u00e0 diode laser 755\/808\/1064\" src=\"https:\/\/sc04.alicdn.com\/kf\/Ha8a7754b8d33400381abc3ae534622e8x\/247315878\/Ha8a7754b8d33400381abc3ae534622e8x.png\" alt=\"Machine d&#039;\u00e9pilation \u00e0 diode laser 755\/808\/1064\" width=\"451\" height=\"564\" data-src=\"\/\/sc04.alicdn.com\/kf\/Ha8a7754b8d33400381abc3ae534622e8x\/247315878\/Ha8a7754b8d33400381abc3ae534622e8x.png\" \/><\/h2>\n<h2>D\u00e9couvrez la diff\u00e9rence : pourquoi choisir cette machine ?<\/h2>\n<h3>Fonctionnalit\u00e9s avanc\u00e9es pour des r\u00e9sultats optimaux<\/h3>\n<p>Cette machine d&#039;\u00e9pilation au laser \u00e0 diode \u00e0 triple longueur d&#039;onde est \u00e9quip\u00e9e de fonctionnalit\u00e9s qui la distinguent :<\/p>\n<ul>\n<li><strong>Puissance de sortie \u00e9lev\u00e9e :<\/strong>\u00a0La puissance de sortie (600 W-3000 W) garantit une \u00e9pilation efficace et des temps de traitement plus rapides.<\/li>\n<li><strong>Interface \u00e0 grand \u00e9cran tactile :<\/strong>\u00a0L&#039;\u00e9cran tactile LCD intuitif de 15,6 pouces offre un acc\u00e8s facile aux param\u00e8tres et protocoles de traitement.<\/li>\n<li><strong>Param\u00e8tres r\u00e9glables\u00a0:<\/strong>\u00a0Personnalisez les traitements pour diff\u00e9rents types de peau, couleurs de cheveux et zones de traitement avec des param\u00e8tres de densit\u00e9 \u00e9nerg\u00e9tique, de dur\u00e9e d&#039;impulsion et de fr\u00e9quence r\u00e9glables.<\/li>\n<li><strong>Syst\u00e8me de refroidissement avanc\u00e9 :<\/strong>\u00a0Le syst\u00e8me int\u00e9gr\u00e9 de refroidissement par semi-conducteur, par air et par eau garantit un confort maximal pendant le traitement et minimise le risque d&#039;effets secondaires.<\/li>\n<li><strong>Personnalisation en ligne :<\/strong>\u00a0Adaptez la machine \u00e0 vos besoins sp\u00e9cifiques avec des services OEM et ODM en option, notamment la personnalisation du logo, les options linguistiques, etc.<\/li>\n<\/ul>\n<h2>Conclusion<\/h2>\n<p>L&#039;appareil d&#039;\u00e9pilation au laser \u00e0 diode triple longueur d&#039;onde 755\/808\/1064 nm est la solution ultime pour obtenir des r\u00e9sultats d&#039;\u00e9pilation durables avec un confort et une s\u00e9curit\u00e9 exceptionnels. D\u00e9couvrez la confiance que procure une peau lisse et sans poils !<\/p>\n<h2><strong>Personnaliser Le Logo<\/strong><\/h2>\n<p>Vous voulez faire de votre marque de se d\u00e9marquer? Nous vous proposons logo personnalis\u00e9 de services pour vous aider \u00e0 cr\u00e9er un unique et personnalis\u00e9e de logo, qui refl\u00e8te l&#039;identit\u00e9 de votre marque. Notre \u00e9quipe d&#039;experts travaillera en \u00e9troite collaboration avec vous pour concevoir un logo qui r\u00e9sonne avec les valeurs de votre marque et de messagerie. Si vous \u00eates \u00e0 la recherche de r\u00e9organiser votre logo existant ou en cr\u00e9er un nouveau \u00e0 partir de z\u00e9ro, nous vous avons avons couvert. <a href=\"\/fr\/contact\/\">Contactez-nous<\/a> aujourd&#039;hui pour en savoir plus sur notre logo personnalis\u00e9 de services!<\/p>\n<\/div>","protected":false},"excerpt":{"rendered":"<p>Obtenez une peau lisse et sans poils gr\u00e2ce \u00e0 la puissante machine d&#039;\u00e9pilation au laser \u00e0 diode \u00e0 triple longueur d&#039;onde 755\/808\/1064 nm. Cette technologie avanc\u00e9e cible tous les types de peau et de poils pour des r\u00e9sultats exceptionnels et durables. R\u00e9servez votre consultation !<\/p>","protected":false},"featured_media":2061,"comment_status":"open","ping_status":"closed","template":"","meta":{"_kad_post_transparent":"default","_kad_post_title":"","_kad_post_layout":"default","_kad_post_sidebar_id":"","_kad_post_content_style":"default","_kad_post_vertical_padding":"default","_kad_post_feature":"","_kad_post_feature_position":"","_kad_post_header":false,"_kad_post_footer":false,"_kad_post_classname":"","rank_math_title":"","rank_math_description":"","rank_math_focus_keyword":""},"product_brand":[],"product_cat":[28],"product_tag":[],"class_list":{"0":"post-1419","1":"product","2":"type-product","3":"status-publish","4":"has-post-thumbnail","6":"product_cat-hair-removal","8":"first","9":"instock","10":"shipping-taxable","11":"product-type-simple","12":"entry","13":"content-bg","14":"loop-entry"},"_links":{"self":[{"href":"https:\/\/skbty.com\/fr\/wp-json\/wp\/v2\/product\/1419","targetHints":{"allow":["GET"]}}],"collection":[{"href":"https:\/\/skbty.com\/fr\/wp-json\/wp\/v2\/product"}],"about":[{"href":"https:\/\/skbty.com\/fr\/wp-json\/wp\/v2\/types\/product"}],"replies":[{"embeddable":true,"href":"https:\/\/skbty.com\/fr\/wp-json\/wp\/v2\/comments?post=1419"}],"wp:featuredmedia":[{"embeddable":true,"href":"https:\/\/skbty.com\/fr\/wp-json\/wp\/v2\/media\/2061"}],"wp:attachment":[{"href":"https:\/\/skbty.com\/fr\/wp-json\/wp\/v2\/media?parent=1419"}],"wp:term":[{"taxonomy":"product_brand","embeddable":true,"href":"https:\/\/skbty.com\/fr\/wp-json\/wp\/v2\/product_brand?post=1419"},{"taxonomy":"product_cat","embeddable":true,"href":"https:\/\/skbty.com\/fr\/wp-json\/wp\/v2\/product_cat?post=1419"},{"taxonomy":"product_tag","embeddable":true,"href":"https:\/\/skbty.com\/fr\/wp-json\/wp\/v2\/product_tag?post=1419"}],"curies":[{"name":"Wp wp","href":"https:\/\/api.w.org\/{rel}","templated":true}]}}