{"id":1482,"date":"2023-06-06T11:11:13","date_gmt":"2023-06-06T03:11:13","guid":{"rendered":"https:\/\/skbty.com\/?post_type=product&#038;p=1482"},"modified":"2025-02-27T00:33:38","modified_gmt":"2025-02-26T16:33:38","slug":"appareil-de-beaute-intelligent-7-en-1-pour-la-gestion-de-la-peau-bleu-glacier","status":"publish","type":"product","link":"https:\/\/skbty.com\/fr\/produit\/appareil-de-beaute-intelligent-7-en-1-pour-la-gestion-de-la-peau-bleu-glacier\/","title":{"rendered":"Appareil de beaut\u00e9 intelligent 7 en 1 Ice Blue pour la gestion de la peau"},"content":{"rendered":"<div class=\"J_module\">\n<h2>Appareil de beaut\u00e9 intelligent 7 en 1 Ice Blue Skin Management : r\u00e9volutionner les soins de la peau personnalis\u00e9s<\/h2>\n<h3>Introduction<\/h3>\n<p>D\u00e9couvrez l&#039;avenir des soins de la peau avec la machine de gestion de la peau intelligente 7 en 1 Ice Blue, un appareil r\u00e9volutionnaire qui combine une analyse avanc\u00e9e de la peau avec des traitements multifonctionnels pour une approche v\u00e9ritablement personnalis\u00e9e et efficace du rajeunissement de la peau.<\/p>\n<h2><img loading=\"lazy\" decoding=\"async\" class=\"magic-7 aligncenter\" src=\"https:\/\/sc04.alicdn.com\/kf\/H8e4e37642f384735aa0bda622bf5d07fg\/247315878\/H8e4e37642f384735aa0bda622bf5d07fg.png\" width=\"572\" height=\"715\" data-src=\"\/\/sc04.alicdn.com\/kf\/H8e4e37642f384735aa0bda622bf5d07fg\/247315878\/H8e4e37642f384735aa0bda622bf5d07fg.png\" \/><\/h2>\n<h2>D\u00e9voilement du Smart Ice Blue : une nouvelle \u00e8re de soins de la peau<\/h2>\n<h3>Analyse avanc\u00e9e de la peau pour des traitements personnalis\u00e9s<\/h3>\n<p>Ce syst\u00e8me de pointe va au-del\u00e0 des soins de la peau traditionnels en analysant d&#039;abord les besoins uniques de votre peau :<\/p>\n<ol>\n<li><strong>Imagerie haute d\u00e9finition :<\/strong>\u00a0Une cam\u00e9ra micro-gamme de 10 m\u00e9gapixels capture des images d\u00e9taill\u00e9es de votre peau.<\/li>\n<li><strong>Imagerie \u00e0 trois spectres :<\/strong>\u00a0Utilise trois spectres lumineux diff\u00e9rents pour r\u00e9v\u00e9ler les affections cutan\u00e9es souterraines.<\/li>\n<li><strong>Analyse bas\u00e9e sur l&#039;IA :<\/strong>\u00a0Un moteur de base intelligent aliment\u00e9 par l&#039;intelligence artificielle analyse huit dimensions cl\u00e9s de la peau, identifiant des probl\u00e8mes sp\u00e9cifiques tels que les rides, la pigmentation, les pores, etc.<\/li>\n<li><strong>Plans de traitement personnalis\u00e9s :<\/strong>\u00a0Sur la base de l\u2019analyse, le syst\u00e8me g\u00e9n\u00e8re des plans de traitement personnalis\u00e9s et recommande des produits de soins de la peau de qualit\u00e9 professionnelle adapt\u00e9s \u00e0 vos besoins uniques.<\/li>\n<\/ol>\n<h3><img loading=\"lazy\" decoding=\"async\" class=\"magic-21 aligncenter\" src=\"https:\/\/sc04.alicdn.com\/kf\/Had23fe22a052424781d12f7318a4a543X\/247315878\/Had23fe22a052424781d12f7318a4a543X.jpg\" width=\"586\" height=\"330\" data-src=\"\/\/sc04.alicdn.com\/kf\/Had23fe22a052424781d12f7318a4a543X\/247315878\/Had23fe22a052424781d12f7318a4a543X.jpg\" \/><\/h3>\n<h3>Sept technologies puissantes, un syst\u00e8me innovant<\/h3>\n<p>Le Smart Ice Blue d\u00e9livre ensuite des traitements cibl\u00e9s en utilisant une combinaison de sept technologies avanc\u00e9es :<\/p>\n<ol>\n<li><strong>R\u00e9frig\u00e9ration de glace :<\/strong>\u00a0Apaise, r\u00e9pare et raffermit la peau tout en retenant l&#039;humidit\u00e9.<\/li>\n<li><strong>Infusion ultrasonique :<\/strong>\u00a0Am\u00e9liore l&#039;absorption du produit en poussant les ingr\u00e9dients de soin en profondeur dans la peau.<\/li>\n<li><strong>Th\u00e9rapie RF \u00e0 l&#039;or :<\/strong>\u00a0Stimule la production de collag\u00e8ne et raffermit la peau gr\u00e2ce \u00e0 l&#039;\u00e9nergie radiofr\u00e9quence d\u00e9livr\u00e9e par une sonde plaqu\u00e9e or 24 carats.<\/li>\n<li><strong>Stylo pulv\u00e9risateur ionique :<\/strong>\u00a0Fournit des ingr\u00e9dients de soin de la peau nano-atomis\u00e9s pour une p\u00e9n\u00e9tration profonde et une absorption optimale.<\/li>\n<li><strong>Scalpel \u00e0 haute fr\u00e9quence :<\/strong>\u00a0Exfolie en douceur et \u00e9limine les impuret\u00e9s sans endommager la barri\u00e8re cutan\u00e9e.<\/li>\n<li><strong>Stylo \u00e0 bulles ionique :<\/strong>\u00a0Am\u00e9liore le m\u00e9tabolisme cellulaire et am\u00e9liore la circulation sanguine pour un \u00e9clat sain.<\/li>\n<\/ol>\n<h2>Avantages du syst\u00e8me Smart Ice Blue<\/h2>\n<h3>Vivez la transformation<\/h3>\n<p>Cette solution de soin de la peau tout-en-un offre une gamme d&#039;avantages :<\/p>\n<ul>\n<li><strong>Traitements personnalis\u00e9s :<\/strong>\u00a0Des traitements sur mesure r\u00e9pondent \u00e0 vos probl\u00e8mes de peau sp\u00e9cifiques pour des r\u00e9sultats optimaux.<\/li>\n<li><strong>Non invasif et s\u00fbr :<\/strong>\u00a0Profitez d\u2019une exp\u00e9rience confortable sans temps d\u2019arr\u00eat.<\/li>\n<li><strong>Applications multifonctionnelles :<\/strong>\u00a0Traitez un large \u00e9ventail de probl\u00e8mes de peau, notamment le vieillissement, la pigmentation, l\u2019acn\u00e9, etc.<\/li>\n<li><strong>Absorption am\u00e9lior\u00e9e du produit :<\/strong>\u00a0Maximisez l\u2019efficacit\u00e9 des produits de soins de la peau gr\u00e2ce aux technologies d\u2019infusion profonde.<\/li>\n<li><strong>R\u00e9sultats visibles :<\/strong>\u00a0D\u00e9couvrez un teint plus lumineux, plus lisse et plus jeune.<\/li>\n<\/ul>\n<h2 class=\"p1\"><b>Poign\u00e9es<\/b><\/h2>\n<p class=\"p3\"><span class=\"s1\"> 1. <\/span><b>Sonde de r\u00e9frig\u00e9ration de glace :<\/b> Combine la r\u00e9frig\u00e9ration des semi-conducteurs, le refroidissement par air et le refroidissement par hydro-refroidissement pour r\u00e9duire la temp\u00e9rature \u00e0 -5 \u2103, apaiser et r\u00e9parer la peau sensible, r\u00e9tr\u00e9cir les pores et emprisonner l&#039;humidit\u00e9 et la nutrition.<\/p>\n<p class=\"p3\"><span class=\"s1\"> 2. <\/span><b>Sonde d&#039;importation \u00e0 ultrasons :<\/b> Les ondes ultrasonores \u00e0 haute fr\u00e9quence (1 000 000 fois\/s) atteignent la couche du fascia, diffusant les ingr\u00e9dients de soin en profondeur dans la peau et favorisant l&#039;absorption.<\/p>\n<p class=\"p3\"><span class=\"s1\"> 3. <\/span><b>Sonde RF en or :<\/b> La sonde RF plaqu\u00e9e or 24 carats am\u00e9liore l&#039;absorption des produits de soin de la peau, dirige l&#039;\u00e9nergie thermique vers la couche inf\u00e9rieure de la peau, stimule la prolif\u00e9ration du collag\u00e8ne et reconstruit le r\u00e9seau de fibres de collag\u00e8ne.<\/p>\n<p class=\"p3\"><span class=\"s1\"> 4. <\/span><b>Stylo pulv\u00e9risateur ionique :<\/b> La nano-atomisation ultra-micro d\u00e9compose les ingr\u00e9dients de soins de la peau en mol\u00e9cules \u00e0 l&#039;\u00e9chelle nanom\u00e9trique pour une p\u00e9n\u00e9tration en profondeur et un apport nutritionnel.<\/p>\n<p class=\"p3\"><span class=\"s1\"> 5. <\/span><b>Couteau \u00e0 pelle haute fr\u00e9quence :<\/b> Les vibrations \u00e0 haute fr\u00e9quence (24 KHZ-25 KHZ) \u00e9liminent la salet\u00e9, les points noirs, l&#039;acn\u00e9 et les r\u00e9sidus de maquillage des pores sans endommager la barri\u00e8re cutan\u00e9e.<\/p>\n<p class=\"p3\"><span class=\"s1\"> 6. <\/span><b>Stylo \u00e0 bulles ionique :<\/b> Utilise 1 \u00e0 3 millions de vibrations pour p\u00e9n\u00e9trer l&#039;essence en profondeur dans la peau, massant doucement les cellules, favorisant le m\u00e9tabolisme, augmentant la viabilit\u00e9 cellulaire et am\u00e9liorant la circulation sanguine et lymphatique.<\/p>\n<h2><img loading=\"lazy\" decoding=\"async\" class=\"magic-23 aligncenter\" src=\"https:\/\/sc04.alicdn.com\/kf\/H73e7652001e84b35ac6e72069be3d48dC\/247315878\/H73e7652001e84b35ac6e72069be3d48dC.png\" width=\"546\" height=\"1372\" data-src=\"\/\/sc04.alicdn.com\/kf\/H73e7652001e84b35ac6e72069be3d48dC\/247315878\/H73e7652001e84b35ac6e72069be3d48dC.png\" \/><\/h2>\n<\/div>\n<div class=\"J_module\">\n<div class=\"detail-decorate-json-renderer-container\">\n<div class=\"magic-14\">\n<div class=\"magic-17\">\n<div class=\"magic-18\">\n<div>\n<h2 class=\"p1\"><b>Effets du produit<\/b><\/h2>\n<p class=\"p3\">Le syst\u00e8me d&#039;analyse de la peau Smart Ice Blue \u2013 7 en 1 offre une gestion compl\u00e8te de la peau, int\u00e9grant une technologie de pointe pour la beaut\u00e9 du visage. Ses fonctionnalit\u00e9s avanc\u00e9es garantissent des traitements efficaces et non invasifs qui am\u00e9liorent la sant\u00e9 et l&#039;apparence de la peau, ce qui en fait un outil indispensable pour les professionnels des soins de la peau et les passionn\u00e9s de beaut\u00e9.<\/p>\n<\/div>\n<div class=\"magic-19\"><img decoding=\"async\" class=\"magic-31\" src=\"https:\/\/sc04.alicdn.com\/kf\/H505110bc16ac4170b4230287e6b6bd35a\/247315878\/H505110bc16ac4170b4230287e6b6bd35a.png\" data-src=\"\/\/sc04.alicdn.com\/kf\/H505110bc16ac4170b4230287e6b6bd35a\/247315878\/H505110bc16ac4170b4230287e6b6bd35a.png\" \/><\/div>\n<\/div>\n<\/div>\n<\/div>\n<\/div>\n<\/div>\n<div class=\"J_module\">\n<div class=\"icbu-pc-images magic-5\">\n<div class=\"flex-layout-v\">\n<div class=\"flex-layout-h magic-5\">\n<div class=\"magic-24\">\n<h2><strong>Personnaliser Le Logo<\/strong><\/h2>\n<p>Vous voulez faire de votre marque de se d\u00e9marquer? Nous vous proposons logo personnalis\u00e9 de services pour vous aider \u00e0 cr\u00e9er un unique et personnalis\u00e9e de logo, qui refl\u00e8te l&#039;identit\u00e9 de votre marque. Notre \u00e9quipe d&#039;experts travaillera en \u00e9troite collaboration avec vous pour concevoir un logo qui r\u00e9sonne avec les valeurs de votre marque et de messagerie. Si vous \u00eates \u00e0 la recherche de r\u00e9organiser votre logo existant ou en cr\u00e9er un nouveau \u00e0 partir de z\u00e9ro, nous vous avons avons couvert. <a href=\"\/fr\/contact\/\">Contactez-nous<\/a> aujourd&#039;hui pour en savoir plus sur notre logo personnalis\u00e9 de services!<\/p>\n<div class=\"J_module\">\n<h2>Conclusion<\/h2>\n<p>Le syst\u00e8me d&#039;analyse de la peau 7 en 1 Smart Ice Blue repr\u00e9sente une nouvelle \u00e8re de soins de la peau personnalis\u00e9s. Combinant une analyse avanc\u00e9e de la peau avec des traitements multifonctionnels, cet appareil r\u00e9volutionnaire vous permet d&#039;obtenir la meilleure peau possible.<\/p>\n<\/div>\n<\/div>\n<\/div>\n<\/div>\n<\/div>\n<\/div>","protected":false},"excerpt":{"rendered":"<p>Faites l&#039;exp\u00e9rience de soins de la peau personnalis\u00e9s avec le syst\u00e8me d&#039;analyse de la peau Smart Ice Blue 7 en 1 ! Cet appareil r\u00e9volutionnaire analyse votre peau et vous propose des traitements personnalis\u00e9s pour des r\u00e9sultats optimaux. Obtenez le teint de vos r\u00eaves d\u00e8s aujourd&#039;hui !<\/p>","protected":false},"featured_media":1501,"comment_status":"open","ping_status":"closed","template":"","meta":{"_kad_post_transparent":"default","_kad_post_title":"","_kad_post_layout":"default","_kad_post_sidebar_id":"","_kad_post_content_style":"default","_kad_post_vertical_padding":"default","_kad_post_feature":"","_kad_post_feature_position":"","_kad_post_header":false,"_kad_post_footer":false,"_kad_post_classname":"","rank_math_title":"","rank_math_description":"","rank_math_focus_keyword":""},"product_brand":[],"product_cat":[32],"product_tag":[],"class_list":{"0":"post-1482","1":"product","2":"type-product","3":"status-publish","4":"has-post-thumbnail","6":"product_cat-skin-analyzer","8":"first","9":"instock","10":"shipping-taxable","11":"product-type-simple","12":"entry","13":"content-bg","14":"loop-entry"},"_links":{"self":[{"href":"https:\/\/skbty.com\/fr\/wp-json\/wp\/v2\/product\/1482","targetHints":{"allow":["GET"]}}],"collection":[{"href":"https:\/\/skbty.com\/fr\/wp-json\/wp\/v2\/product"}],"about":[{"href":"https:\/\/skbty.com\/fr\/wp-json\/wp\/v2\/types\/product"}],"replies":[{"embeddable":true,"href":"https:\/\/skbty.com\/fr\/wp-json\/wp\/v2\/comments?post=1482"}],"wp:featuredmedia":[{"embeddable":true,"href":"https:\/\/skbty.com\/fr\/wp-json\/wp\/v2\/media\/1501"}],"wp:attachment":[{"href":"https:\/\/skbty.com\/fr\/wp-json\/wp\/v2\/media?parent=1482"}],"wp:term":[{"taxonomy":"product_brand","embeddable":true,"href":"https:\/\/skbty.com\/fr\/wp-json\/wp\/v2\/product_brand?post=1482"},{"taxonomy":"product_cat","embeddable":true,"href":"https:\/\/skbty.com\/fr\/wp-json\/wp\/v2\/product_cat?post=1482"},{"taxonomy":"product_tag","embeddable":true,"href":"https:\/\/skbty.com\/fr\/wp-json\/wp\/v2\/product_tag?post=1482"}],"curies":[{"name":"Wp wp","href":"https:\/\/api.w.org\/{rel}","templated":true}]}}