{"id":1557,"date":"2023-06-06T14:02:41","date_gmt":"2023-06-06T06:02:41","guid":{"rendered":"https:\/\/skbty.com\/?post_type=product&#038;p=1557"},"modified":"2025-06-20T11:31:31","modified_gmt":"2025-06-20T03:31:31","slug":"machine-de-perte-de-poids-par-cryolipolyse-pour-bruler-les-graisses","status":"publish","type":"product","link":"https:\/\/skbty.com\/fr\/produit\/machine-de-perte-de-poids-par-cryolipolyse-pour-bruler-les-graisses\/","title":{"rendered":"Cryolipolysis De Graisse Burn Machine De Perte De Poids"},"content":{"rendered":"<div class=\"J_module\">\n<div class=\"icbu-pc-images magic-7\">\n<div class=\"text-wrapper-below text-theme-light text-align-left\">\n<h2>Appareil de perte de poids par cryolipolyse : \u00e9liminez la graisse et sculptez le corps de vos r\u00eaves<\/h2>\n<h2>Introduction<\/h2>\n<p>D\u00e9couvrez la puissance du froid avec la machine r\u00e9volutionnaire de perte de poids Cryolipolysis Fat Burn. Ce traitement de remodelage corporel non invasif utilise une technologie de refroidissement avanc\u00e9e pour cibler et \u00e9liminer les cellules graisseuses tenaces, r\u00e9v\u00e9lant une silhouette plus mince et plus sculpt\u00e9e, le tout sans chirurgie, temps d&#039;arr\u00eat ou entra\u00eenements intenses.<\/p>\n<table style=\"border-collapse: collapse; width: 100%;\">\n<tbody>\n<tr>\n<td style=\"width: 50%;\">\n<h2><img loading=\"lazy\" decoding=\"async\" class=\"magic-9 aligncenter\" title=\"Cryolipolysis De Graisse Burn Machine De Perte De Poids\" src=\"https:\/\/sc04.alicdn.com\/kf\/H1225e24c7d0a40b69b6379145f3586fc1\/247315878\/H1225e24c7d0a40b69b6379145f3586fc1.jpg\" alt=\"Cryolipolysis De Graisse Burn Machine De Perte De Poids\" width=\"353\" height=\"499\" data-src=\"\/\/sc04.alicdn.com\/kf\/H1225e24c7d0a40b69b6379145f3586fc1\/247315878\/H1225e24c7d0a40b69b6379145f3586fc1.jpg\" \/><\/h2>\n<\/td>\n<td style=\"width: 50%;\"><img decoding=\"async\" class=\"magic-35\" src=\"https:\/\/sc04.alicdn.com\/kf\/H093616f2167d4ed4beaa7138e1a0433bg\/247315878\/H093616f2167d4ed4beaa7138e1a0433bg.png\" data-src=\"\/\/sc04.alicdn.com\/kf\/H093616f2167d4ed4beaa7138e1a0433bg\/247315878\/H093616f2167d4ed4beaa7138e1a0433bg.png\" \/><\/td>\n<\/tr>\n<\/tbody>\n<\/table>\n<h2>La science derri\u00e8re la cryolipolyse : comment fonctionne la cong\u00e9lation des graisses<\/h2>\n<h3>Congeler les cellules adipeuses \u00e0 la perfection<\/h3>\n<p>La cryolipolyse, \u00e9galement connue sous le nom de cong\u00e9lation des graisses, est une m\u00e9thode scientifiquement prouv\u00e9e pour r\u00e9duire les amas graisseux tenaces. Voici comment cela fonctionne :<\/p>\n<ol>\n<li><strong>Refroidissement cibl\u00e9 :<\/strong>\u00a0L&#039;appareil utilise des applicateurs plac\u00e9s sur la zone \u00e0 traiter. Ces applicateurs assurent un refroidissement contr\u00f4l\u00e9 des cellules graisseuses cibl\u00e9es.<\/li>\n<li><strong>Cristallisation et apoptose :<\/strong>\u00a0Le processus de refroidissement contr\u00f4l\u00e9 avec pr\u00e9cision provoque la cristallisation (gel) des cellules adipeuses sans endommager la peau ou les tissus environnants. Ces cellules adipeuses cristallis\u00e9es subissent un processus naturel de mort cellulaire appel\u00e9 apoptose.<\/li>\n<li><strong>\u00c9limination naturelle :<\/strong>\u00a0Au cours des semaines et des mois suivants, le syst\u00e8me lymphatique de votre corps traite et \u00e9limine naturellement les cellules graisseuses mortes, entra\u00eenant une r\u00e9duction progressive de la couche de graisse.<\/li>\n<\/ol>\n<h2><img loading=\"lazy\" decoding=\"async\" class=\"magic-13 aligncenter\" title=\"Cryolipolysis De Graisse Burn Machine De Perte De Poids\" src=\"https:\/\/sc04.alicdn.com\/kf\/H48809e87124041a7a635b10c35580101z\/247315878\/H48809e87124041a7a635b10c35580101z.png\" alt=\"Cryolipolysis De Graisse Burn Machine De Perte De Poids\" width=\"513\" height=\"542\" data-src=\"\/\/sc04.alicdn.com\/kf\/H48809e87124041a7a635b10c35580101z\/247315878\/H48809e87124041a7a635b10c35580101z.png\" \/><\/h2>\n<h2>Avantages de la cryolipolyse : vivez la transformation<\/h2>\n<h3>Atteignez vos objectifs corporels en toute simplicit\u00e9<\/h3>\n<p>Ce traitement de remodelage corporel non invasif offre une gamme d&#039;avantages :<\/p>\n<ul>\n<li><strong>Non chirurgical et non invasif :<\/strong>\u00a0Dites adieu aux aiguilles, aux incisions et \u00e0 l\u2019anesth\u00e9sie.<\/li>\n<li><strong>Pas de temps d&#039;arr\u00eat :<\/strong>\u00a0Reprenez vos activit\u00e9s quotidiennes imm\u00e9diatement apr\u00e8s votre s\u00e9ance de traitement.<\/li>\n<li><strong>R\u00e9duction cibl\u00e9e des graisses :<\/strong>\u00a0Ciblez sp\u00e9cifiquement les bourrelets de graisse tenaces dans des zones comme l\u2019abdomen, les poign\u00e9es d\u2019amour, les cuisses et le haut des bras.<\/li>\n<li><strong>S\u00fbr et efficace :<\/strong> La machine de perte de poids Cryolipolysis Fat Burn est con\u00e7ue pour la s\u00e9curit\u00e9 et l&#039;efficacit\u00e9.<\/li>\n<li><strong>R\u00e9sultats d&#039;apparence naturelle :<\/strong>\u00a0Obtenez un physique plus mince et plus sculpt\u00e9 avec des r\u00e9sultats progressifs et naturels.<\/li>\n<\/ul>\n<table style=\"border-collapse: collapse; width: 100%;\">\n<tbody>\n<tr>\n<td style=\"width: 50%;\"><img loading=\"lazy\" decoding=\"async\" class=\"magic-16 aligncenter\" title=\"Cryolipolysis De Graisse Burn Machine De Perte De Poids\" src=\"https:\/\/sc04.alicdn.com\/kf\/H68368ec364544162bf73bcd22d52f6f4M\/247315878\/H68368ec364544162bf73bcd22d52f6f4M.png\" alt=\"Cryolipolysis De Graisse Burn Machine De Perte De Poids\" width=\"375\" height=\"473\" data-src=\"\/\/sc04.alicdn.com\/kf\/H68368ec364544162bf73bcd22d52f6f4M\/247315878\/H68368ec364544162bf73bcd22d52f6f4M.png\" \/><\/td>\n<td style=\"width: 50%;\"><img loading=\"lazy\" decoding=\"async\" class=\"magic-18 alignnone\" title=\"Cryolipolysis De Graisse Burn Machine De Perte De Poids\" src=\"https:\/\/sc04.alicdn.com\/kf\/Ha676949c75c448118969b1d4175e38bby\/247315878\/Ha676949c75c448118969b1d4175e38bby.png\" alt=\"Cryolipolysis De Graisse Burn Machine De Perte De Poids\" width=\"800\" height=\"800\" data-src=\"\/\/sc04.alicdn.com\/kf\/Ha676949c75c448118969b1d4175e38bby\/247315878\/Ha676949c75c448118969b1d4175e38bby.png\" \/><\/td>\n<\/tr>\n<\/tbody>\n<\/table>\n<h2>Fonctionnalit\u00e9s avanc\u00e9es pour un confort et des r\u00e9sultats am\u00e9lior\u00e9s<\/h2>\n<p>Cette machine de cong\u00e9lation des graisses de pointe est \u00e9quip\u00e9e de fonctionnalit\u00e9s qui am\u00e9liorent \u00e0 la fois le confort et les r\u00e9sultats :<\/p>\n<ul>\n<li><strong>R\u00e9frig\u00e9ration \u00e0 deux canaux :<\/strong>\u00a0Deux applicateurs de traitement peuvent \u00eatre utilis\u00e9s simultan\u00e9ment, r\u00e9duisant ainsi le temps de traitement et permettant des traitements personnalis\u00e9s.<\/li>\n<li><strong>Refroidissement \u00e0 360 degr\u00e9s :<\/strong>\u00a0La conception avanc\u00e9e de l&#039;applicateur assure un refroidissement uniforme et des r\u00e9sultats optimaux.<\/li>\n<li><strong>Intensit\u00e9 de pression n\u00e9gative en cinq \u00e9tapes :<\/strong>\u00a0Les r\u00e9glages de pression r\u00e9glables am\u00e9liorent le confort et l\u2019efficacit\u00e9 du traitement.<\/li>\n<li><strong>Fonctions de s\u00e9curit\u00e9 int\u00e9gr\u00e9es\u00a0:<\/strong>\u00a0Des capteurs de temp\u00e9rature et une d\u00e9tection automatique du d\u00e9bit d&#039;eau garantissent des traitements s\u00fbrs et efficaces.<\/li>\n<\/ul>\n<h2><img loading=\"lazy\" decoding=\"async\" class=\"magic-37 aligncenter\" title=\"Cryolipolysis De Graisse Burn Machine De Perte De Poids\" src=\"https:\/\/sc04.alicdn.com\/kf\/H869fef358bad48e59465e0e217f119915\/247315878\/H869fef358bad48e59465e0e217f119915.png\" alt=\"Cryolipolysis De Graisse Burn Machine De Perte De Poids\" width=\"515\" height=\"629\" data-src=\"\/\/sc04.alicdn.com\/kf\/H869fef358bad48e59465e0e217f119915\/247315878\/H869fef358bad48e59465e0e217f119915.png\" \/><\/h2>\n<h2>Conclusion<\/h2>\n<p>La machine de perte de poids Cryolipolysis Fat Burn est une solution r\u00e9volutionnaire pour atteindre vos objectifs de remodelage corporel sans chirurgie ni temps d&#039;arr\u00eat. D\u00e9couvrez la puissance de la cong\u00e9lation des graisses et lib\u00e9rez votre confiance en vous.<\/p>\n<h2><strong>Personnaliser Le Logo<\/strong><\/h2>\n<p>Vous voulez faire de votre marque de se d\u00e9marquer? Nous vous proposons logo personnalis\u00e9 de services pour vous aider \u00e0 cr\u00e9er un unique et personnalis\u00e9e de logo, qui refl\u00e8te l&#039;identit\u00e9 de votre marque. Notre \u00e9quipe d&#039;experts travaillera en \u00e9troite collaboration avec vous pour concevoir un logo qui r\u00e9sonne avec les valeurs de votre marque et de messagerie. Si vous \u00eates \u00e0 la recherche de r\u00e9organiser votre logo existant ou en cr\u00e9er un nouveau \u00e0 partir de z\u00e9ro, nous vous avons avons couvert. <a href=\"\/fr\/contact\/\">Contactez-nous<\/a> aujourd&#039;hui pour en savoir plus sur notre logo personnalis\u00e9 de services!<\/p>\n<\/div>\n<\/div>\n<\/div>","protected":false},"excerpt":{"rendered":"<p>\u00c9liminez les graisses tenaces gr\u00e2ce \u00e0 la machine de perte de poids Cryolipolysis Fat Burn ! Ce traitement non invasif utilise une technologie de refroidissement avanc\u00e9e pour cibler et \u00e9liminer les cellules graisseuses, r\u00e9v\u00e9lant une silhouette plus mince et plus sculpt\u00e9e. R\u00e9servez votre consultation d\u00e8s aujourd&#039;hui !<\/p>","protected":false},"featured_media":1533,"comment_status":"open","ping_status":"closed","template":"","meta":{"_kad_post_transparent":"default","_kad_post_title":"","_kad_post_layout":"default","_kad_post_sidebar_id":"","_kad_post_content_style":"default","_kad_post_vertical_padding":"default","_kad_post_feature":"","_kad_post_feature_position":"","_kad_post_header":false,"_kad_post_footer":false,"_kad_post_classname":"","rank_math_title":"","rank_math_description":"","rank_math_focus_keyword":""},"product_brand":[],"product_cat":[31],"product_tag":[],"class_list":{"0":"post-1557","1":"product","2":"type-product","3":"status-publish","4":"has-post-thumbnail","6":"product_cat-body-slimming","8":"first","9":"instock","10":"shipping-taxable","11":"product-type-simple","12":"entry","13":"content-bg","14":"loop-entry"},"_links":{"self":[{"href":"https:\/\/skbty.com\/fr\/wp-json\/wp\/v2\/product\/1557","targetHints":{"allow":["GET"]}}],"collection":[{"href":"https:\/\/skbty.com\/fr\/wp-json\/wp\/v2\/product"}],"about":[{"href":"https:\/\/skbty.com\/fr\/wp-json\/wp\/v2\/types\/product"}],"replies":[{"embeddable":true,"href":"https:\/\/skbty.com\/fr\/wp-json\/wp\/v2\/comments?post=1557"}],"wp:featuredmedia":[{"embeddable":true,"href":"https:\/\/skbty.com\/fr\/wp-json\/wp\/v2\/media\/1533"}],"wp:attachment":[{"href":"https:\/\/skbty.com\/fr\/wp-json\/wp\/v2\/media?parent=1557"}],"wp:term":[{"taxonomy":"product_brand","embeddable":true,"href":"https:\/\/skbty.com\/fr\/wp-json\/wp\/v2\/product_brand?post=1557"},{"taxonomy":"product_cat","embeddable":true,"href":"https:\/\/skbty.com\/fr\/wp-json\/wp\/v2\/product_cat?post=1557"},{"taxonomy":"product_tag","embeddable":true,"href":"https:\/\/skbty.com\/fr\/wp-json\/wp\/v2\/product_tag?post=1557"}],"curies":[{"name":"Wp wp","href":"https:\/\/api.w.org\/{rel}","templated":true}]}}