{"id":1678,"date":"2023-06-12T09:46:29","date_gmt":"2023-06-12T01:46:29","guid":{"rendered":"https:\/\/skbty.com\/?post_type=product&#038;p=1678"},"modified":"2024-06-26T14:42:38","modified_gmt":"2024-06-26T06:42:38","slug":"machine-depilation-au-laser-a-diode-portable-808-nm","status":"publish","type":"product","link":"https:\/\/skbty.com\/fr\/produit\/machine-depilation-au-laser-a-diode-portable-808-nm\/","title":{"rendered":"Portable 808 nm Diode Laser Hair Removal Machine"},"content":{"rendered":"<div>\n<div>\n<h2>Machine d&#039;\u00e9pilation au laser \u00e0 diode 808 nm : obtenez une peau lisse et sans poils avec un confort in\u00e9gal\u00e9<\/h2>\n<h2>Introduction<\/h2>\n<p>D\u00e9couvrez la r\u00e9f\u00e9rence absolue en mati\u00e8re d&#039;\u00e9pilation au laser avec l&#039;appareil d&#039;\u00e9pilation au laser \u00e0 diode de 808 nm. Cet appareil de pointe exploite la puissance d&#039;un laser \u00e0 diode de 808 nm pour fournir une \u00e9nergie pr\u00e9cise aux follicules pileux, d\u00e9sactivant ainsi efficacement leur capacit\u00e9 \u00e0 faire repousser les poils. Profitez d&#039;une peau lisse et sans poils avec des r\u00e9sultats durables et un confort in\u00e9gal\u00e9.<\/p>\n<h2><img loading=\"lazy\" decoding=\"async\" class=\"aligncenter\" src=\"https:\/\/sc04.alicdn.com\/kf\/Hc65f834570d84192bef3197ad565be6cB\/247315878\/Hc65f834570d84192bef3197ad565be6cB.png\" width=\"672\" height=\"230\" data-src=\"\/\/sc04.alicdn.com\/kf\/Hc65f834570d84192bef3197ad565be6cB\/247315878\/Hc65f834570d84192bef3197ad565be6cB.png\" \/><\/h2>\n<h2>La science de l&#039;\u00e9pilation au laser \u00e0 diode 808 nm<\/h2>\n<h3>Cibler les follicules pileux avec pr\u00e9cision<\/h3>\n<p>Le laser \u00e0 diode de 808 nm \u00e9met une longueur d&#039;onde de lumi\u00e8re sp\u00e9cifique qui est facilement absorb\u00e9e par la m\u00e9lanine, le pigment responsable de la couleur des cheveux. Cette \u00e9nergie cibl\u00e9e chauffe et d\u00e9sactive le follicule pileux, emp\u00eachant ainsi la repousse des poils.<\/p>\n<h3><img loading=\"lazy\" decoding=\"async\" class=\"aligncenter\" title=\"Machine d&#039;\u00e9pilation au laser \u00e0 diode 808 nm\" src=\"https:\/\/sc04.alicdn.com\/kf\/H27c318b0099642c58c2708fe85a234708\/247315878\/H27c318b0099642c58c2708fe85a234708.jpg\" alt=\"Machine d&#039;\u00e9pilation au laser \u00e0 diode 808 nm\" width=\"559\" height=\"346\" data-src=\"\/\/sc04.alicdn.com\/kf\/H27c318b0099642c58c2708fe85a234708\/247315878\/H27c318b0099642c58c2708fe85a234708.jpg\" \/><\/h3>\n<h3>Avantages de la technologie laser \u00e0 diode 808 nm<\/h3>\n<ul>\n<li><strong>Ciblage pr\u00e9cis :<\/strong>\u00a0L\u2019\u00e9nergie laser est absorb\u00e9e de mani\u00e8re s\u00e9lective par la m\u00e9lanine du follicule pileux, laissant la peau environnante indemne.<\/li>\n<li><strong>Efficace pour diff\u00e9rents types de peau et de cheveux :<\/strong>\u00a0Convient \u00e0 une large gamme de tons de peau et de couleurs de cheveux, du clair au fonc\u00e9.<\/li>\n<li><strong>Traitements pratiquement indolores :<\/strong>\u00a0Le syst\u00e8me de refroidissement avanc\u00e9 assure un confort maximal pendant le traitement, minimisant l\u2019inconfort souvent associ\u00e9 aux m\u00e9thodes d\u2019\u00e9pilation traditionnelles.<\/li>\n<li><strong>R\u00e9sultats durables :<\/strong>\u00a0Constatez une r\u00e9duction significative des poils ind\u00e9sirables apr\u00e8s une s\u00e9rie de traitements, de nombreuses personnes obtenant une r\u00e9duction permanente des poils.<\/li>\n<\/ul>\n<h2><img loading=\"lazy\" decoding=\"async\" class=\"wp-image-1642 aligncenter\" src=\"https:\/\/skbty.com\/wp-content\/uploads\/2023\/06\/\u5fae\u4fe1\u622a\u56fe_20230608180748.png\" alt=\"\" width=\"588\" height=\"356\" srcset=\"https:\/\/skbty.com\/wp-content\/uploads\/2023\/06\/\u5fae\u4fe1\u622a\u56fe_20230608180748.png 1163w, https:\/\/skbty.com\/wp-content\/uploads\/2023\/06\/\u5fae\u4fe1\u622a\u56fe_20230608180748-300x182.png 300w, https:\/\/skbty.com\/wp-content\/uploads\/2023\/06\/\u5fae\u4fe1\u622a\u56fe_20230608180748-1024x620.png 1024w, https:\/\/skbty.com\/wp-content\/uploads\/2023\/06\/\u5fae\u4fe1\u622a\u56fe_20230608180748-768x465.png 768w, https:\/\/skbty.com\/wp-content\/uploads\/2023\/06\/\u5fae\u4fe1\u622a\u56fe_20230608180748-600x363.png 600w\" sizes=\"auto, (max-width: 588px) 100vw, 588px\" \/><\/h2>\n<h2>D\u00e9couvrez la diff\u00e9rence : pourquoi choisir cette machine ?<\/h2>\n<h3>Des fonctionnalit\u00e9s avanc\u00e9es pour des r\u00e9sultats exceptionnels<\/h3>\n<p>Cette machine d&#039;\u00e9pilation au laser \u00e0 diode 808 nm est \u00e9quip\u00e9e de fonctionnalit\u00e9s qui la distinguent :<\/p>\n<ul>\n<li><strong>Puissance de sortie \u00e9lev\u00e9e :<\/strong>\u00a0La puissance de sortie de 1800 W garantit des traitements efficaces et des r\u00e9sultats optimaux.<\/li>\n<li><strong>Param\u00e8tres r\u00e9glables\u00a0:<\/strong>\u00a0Personnalisez les traitements pour diff\u00e9rents types de peau, couleurs de cheveux et zones de traitement avec une densit\u00e9 \u00e9nerg\u00e9tique r\u00e9glable (1~200J\/cm2) et une largeur d&#039;impulsion (1ms-400ms).<\/li>\n<li><strong>Grande taille de spot :<\/strong>\u00a0La taille du spot de 12x12 mm permet un traitement rapide et efficace de zones plus larges, telles que les jambes, le dos et la poitrine.<\/li>\n<li><strong>Syst\u00e8me de refroidissement avanc\u00e9 :<\/strong>\u00a0Le syst\u00e8me int\u00e9gr\u00e9 de refroidissement par air, eau et semi-conducteurs assure un confort maximal pendant le traitement, minimisant ainsi le risque de br\u00fblures ou d\u2019inconfort.<\/li>\n<li><strong>Interface conviviale :<\/strong>\u00a0L&#039;\u00e9cran tactile num\u00e9rique LCD intuitif de 8 pouces offre un acc\u00e8s facile aux param\u00e8tres et protocoles de traitement.<\/li>\n<\/ul>\n<h2><img loading=\"lazy\" decoding=\"async\" class=\"aligncenter\" src=\"https:\/\/sc04.alicdn.com\/kf\/H8735921797ee4bcead849429b6d9510cU\/247315878\/H8735921797ee4bcead849429b6d9510cU.png\" width=\"520\" height=\"370\" data-src=\"\/\/sc04.alicdn.com\/kf\/H8735921797ee4bcead849429b6d9510cU\/247315878\/H8735921797ee4bcead849429b6d9510cU.png\" \/><\/h2>\n<h2>Conclusion<\/h2>\n<p>L&#039;appareil d&#039;\u00e9pilation au laser \u00e0 diode 808 nm repr\u00e9sente une avanc\u00e9e significative dans la technologie d&#039;\u00e9pilation au laser. D\u00e9couvrez la confiance que procure une peau lisse et sans poils, obtenue gr\u00e2ce \u00e0 des traitements s\u00fbrs, efficaces et confortables.<\/p>\n<\/div>\n<\/div>\n<div>\n<div>\n<div>\n<div>\n<div>\n<div>\n<h2><strong>Personnaliser Le Logo<\/strong><\/h2>\n<p>Vous voulez faire de votre marque de se d\u00e9marquer? Nous vous proposons logo personnalis\u00e9 de services pour vous aider \u00e0 cr\u00e9er un unique et personnalis\u00e9e de logo, qui refl\u00e8te l&#039;identit\u00e9 de votre marque. Notre \u00e9quipe d&#039;experts travaillera en \u00e9troite collaboration avec vous pour concevoir un logo qui r\u00e9sonne avec les valeurs de votre marque et de messagerie. Si vous \u00eates \u00e0 la recherche de r\u00e9organiser votre logo existant ou en cr\u00e9er un nouveau \u00e0 partir de z\u00e9ro, nous vous avons avons couvert. <a href=\"\/fr\/contact\/\">Contactez-nous<\/a> aujourd&#039;hui pour en savoir plus sur notre logo personnalis\u00e9 de services!<\/p>\n<\/div>\n<\/div>\n<\/div>\n<\/div>\n<\/div>\n<\/div>","protected":false},"excerpt":{"rendered":"<p>Le point de cong\u00e9lation 808 est bas\u00e9 sur une dynamique solaire-thermique s\u00e9lective, en ajustant la longueur d&#039;onde, l&#039;\u00e9nergie et la largeur d&#039;impulsion du laser \u00e0 travers la peau jusqu&#039;aux follicules pileux de la racine des cheveux, l&#039;\u00e9nergie thermique est absorb\u00e9e et d\u00e9compose le tissu folliculaire, ce qui permet la r\u00e9g\u00e9n\u00e9ration des cheveux. Le syst\u00e8me d&#039;\u00e9pilation rapide au point de cong\u00e9lation s&#039;applique \u00e0 la protection contre le froid, il peut augmenter la temp\u00e9rature jusqu&#039;\u00e0 -5 \u2103, il r\u00e9sout de nombreuses difficult\u00e9s. En m\u00eame temps, c&#039;est une technologie s\u00fbre, rapide et permanente.<\/p>","protected":false},"featured_media":1679,"comment_status":"open","ping_status":"closed","template":"","meta":{"_kad_post_transparent":"default","_kad_post_title":"","_kad_post_layout":"default","_kad_post_sidebar_id":"","_kad_post_content_style":"default","_kad_post_vertical_padding":"default","_kad_post_feature":"","_kad_post_feature_position":"","_kad_post_header":false,"_kad_post_footer":false,"_kad_post_classname":"","rank_math_title":"","rank_math_description":"","rank_math_focus_keyword":""},"product_brand":[],"product_cat":[28],"product_tag":[],"class_list":{"0":"post-1678","1":"product","2":"type-product","3":"status-publish","4":"has-post-thumbnail","6":"product_cat-hair-removal","8":"first","9":"instock","10":"shipping-taxable","11":"product-type-simple","12":"entry","13":"content-bg","14":"loop-entry"},"_links":{"self":[{"href":"https:\/\/skbty.com\/fr\/wp-json\/wp\/v2\/product\/1678","targetHints":{"allow":["GET"]}}],"collection":[{"href":"https:\/\/skbty.com\/fr\/wp-json\/wp\/v2\/product"}],"about":[{"href":"https:\/\/skbty.com\/fr\/wp-json\/wp\/v2\/types\/product"}],"replies":[{"embeddable":true,"href":"https:\/\/skbty.com\/fr\/wp-json\/wp\/v2\/comments?post=1678"}],"wp:featuredmedia":[{"embeddable":true,"href":"https:\/\/skbty.com\/fr\/wp-json\/wp\/v2\/media\/1679"}],"wp:attachment":[{"href":"https:\/\/skbty.com\/fr\/wp-json\/wp\/v2\/media?parent=1678"}],"wp:term":[{"taxonomy":"product_brand","embeddable":true,"href":"https:\/\/skbty.com\/fr\/wp-json\/wp\/v2\/product_brand?post=1678"},{"taxonomy":"product_cat","embeddable":true,"href":"https:\/\/skbty.com\/fr\/wp-json\/wp\/v2\/product_cat?post=1678"},{"taxonomy":"product_tag","embeddable":true,"href":"https:\/\/skbty.com\/fr\/wp-json\/wp\/v2\/product_tag?post=1678"}],"curies":[{"name":"Wp wp","href":"https:\/\/api.w.org\/{rel}","templated":true}]}}