{"id":1708,"date":"2023-06-12T10:57:11","date_gmt":"2023-06-12T02:57:11","guid":{"rendered":"https:\/\/skbty.com\/?post_type=product&#038;p=1708"},"modified":"2024-06-26T14:24:27","modified_gmt":"2024-06-26T06:24:27","slug":"machine-depilation-au-laser-a-diode-808-nm-2-en-1-de-10-pouces-et-machine-delimination-des-tatouages-au-laser-picoseconde","status":"publish","type":"product","link":"https:\/\/skbty.com\/fr\/produit\/machine-depilation-au-laser-a-diode-808-nm-2-en-1-de-10-pouces-et-machine-delimination-des-tatouages-au-laser-picoseconde\/","title":{"rendered":"Machine de d\u00e9tatouage au laser picoseconde 2 en 1"},"content":{"rendered":"<div>\n<div>\n<h2>Machine d&#039;\u00e9pilation 2 en 1 808 nm et de d\u00e9tatouage au laser picoseconde : la solution ultime pour une peau lisse et sans tache<\/h2>\n<h2>Introduction<\/h2>\n<p>D\u00e9couvrez la synergie ultime des technologies esth\u00e9tiques avanc\u00e9es avec la machine d&#039;\u00e9pilation au laser picoseconde 2 en 1 808 nm et de d\u00e9tatouage. Cet appareil puissant combine la pr\u00e9cision de l&#039;\u00e9pilation au laser \u00e0 diode 808 nm avec la polyvalence d&#039;un laser picoseconde pour l&#039;\u00e9limination des tatouages et le rajeunissement de la peau, offrant une solution compl\u00e8te pour obtenir une peau parfaitement lisse et \u00e9clatante.<\/p>\n<h2><img loading=\"lazy\" decoding=\"async\" class=\"aligncenter\" title=\"Machine de d\u00e9tatouage au laser picoseconde\" src=\"https:\/\/sc04.alicdn.com\/kf\/Hc65f834570d84192bef3197ad565be6cB\/247315878\/Hc65f834570d84192bef3197ad565be6cB.png\" alt=\"Machine de d\u00e9tatouage au laser picoseconde\" width=\"631\" height=\"216\" data-src=\"\/\/sc04.alicdn.com\/kf\/Hc65f834570d84192bef3197ad565be6cB\/247315878\/Hc65f834570d84192bef3197ad565be6cB.png\" \/><\/h2>\n<h2>Deux technologies puissantes, un appareil innovant<\/h2>\n<h3>\u00c9pilation au laser \u00e0 diode 808 nm : cibler les poils ind\u00e9sirables \u00e0 la racine<\/h3>\n<p>Le laser \u00e0 diode de 808 nm cible la m\u00e9lanine des follicules pileux, en d\u00e9livrant une \u00e9nergie pr\u00e9cise qui chauffe et d\u00e9sactive la capacit\u00e9 du follicule \u00e0 faire repousser les poils. Cette longueur d&#039;onde est tr\u00e8s efficace pour diff\u00e9rents types de peau et de poils, offrant :<\/p>\n<ul>\n<li><strong>Ciblage pr\u00e9cis :<\/strong>\u00a0L\u2019\u00e9nergie laser est absorb\u00e9e de mani\u00e8re s\u00e9lective par la m\u00e9lanine du follicule pileux, laissant la peau environnante intacte.<\/li>\n<li><strong>Traitements pratiquement indolores :<\/strong>\u00a0Le syst\u00e8me de refroidissement int\u00e9gr\u00e9 maintient une temp\u00e9rature confortable pendant le traitement, minimisant ainsi l\u2019inconfort.<\/li>\n<li><strong>R\u00e9sultats durables :<\/strong>\u00a0B\u00e9n\u00e9ficiez d\u2019une r\u00e9duction significative des poils ind\u00e9sirables apr\u00e8s une s\u00e9rie de traitements.<\/li>\n<\/ul>\n<h3><img loading=\"lazy\" decoding=\"async\" class=\"aligncenter\" title=\"Machine de d\u00e9tatouage au laser picoseconde\" src=\"https:\/\/sc04.alicdn.com\/kf\/H57d58f3b40044007a850a1bd8528b6aa9\/247315878\/H57d58f3b40044007a850a1bd8528b6aa9.png\" alt=\"Machine de d\u00e9tatouage au laser picoseconde\" width=\"535\" height=\"372\" data-src=\"\/\/sc04.alicdn.com\/kf\/H57d58f3b40044007a850a1bd8528b6aa9\/247315878\/H57d58f3b40044007a850a1bd8528b6aa9.png\" \/>Laser picoseconde : effacement des tatouages et des imperfections<\/h3>\n<p>Le laser picoseconde d\u00e9livre des impulsions d&#039;\u00e9nergie ultra-courtes qui brisent l&#039;encre et le pigment du tatouage en minuscules particules, qui sont ensuite naturellement \u00e9limin\u00e9es par l&#039;organisme. Cette technologie avanc\u00e9e offre :<\/p>\n<ul>\n<li><strong>Suppression efficace des tatouages :<\/strong>\u00a0Cible et d\u00e9compose une large gamme de couleurs d\u2019encre de tatouage, y compris les bleus et les verts tenaces.<\/li>\n<li><strong>\u00c9limination des pigments :<\/strong>\u00a0Traite divers probl\u00e8mes de pigmentation, notamment les taches de rousseur, les taches solaires, les taches de vieillesse et le m\u00e9lasma.<\/li>\n<li><strong>Rajeunissement de la peau :<\/strong>\u00a0Stimule la production de collag\u00e8ne pour une peau plus ferme, plus lisse et d\u2019apparence plus jeune.<\/li>\n<\/ul>\n<h2><img loading=\"lazy\" decoding=\"async\" class=\"aligncenter\" title=\"Machine de d\u00e9tatouage au laser picoseconde\" src=\"https:\/\/sc04.alicdn.com\/kf\/Hc0c54bb924fc47718b5bf6f1907c79f7w\/247315878\/Hc0c54bb924fc47718b5bf6f1907c79f7w.png\" alt=\"Machine de d\u00e9tatouage au laser picoseconde\" width=\"550\" height=\"376\" data-src=\"\/\/sc04.alicdn.com\/kf\/Hc0c54bb924fc47718b5bf6f1907c79f7w\/247315878\/Hc0c54bb924fc47718b5bf6f1907c79f7w.png\" \/><\/h2>\n<h2>Avantages du syst\u00e8me 2 en 1<\/h2>\n<h3>D\u00e9couvrez la puissance combin\u00e9e<\/h3>\n<p>Cette machine polyvalente offre une gamme d&#039;avantages :<\/p>\n<ul>\n<li><strong>Traitements complets :<\/strong>\u00a0Traitez plusieurs probl\u00e8mes de peau avec un seul appareil, notamment les poils ind\u00e9sirables, les tatouages, la pigmentation et le vieillissement cutan\u00e9.<\/li>\n<li><strong>Solution \u00e9conomique :<\/strong>\u00a0Investir dans un syst\u00e8me 2 en 1 offre une valeur significative par rapport \u00e0 l\u2019achat d\u2019appareils s\u00e9par\u00e9s.<\/li>\n<li><strong>Confort client am\u00e9lior\u00e9\u00a0:<\/strong>\u00a0Offrez une gamme plus large de soins \u00e0 vos clients, am\u00e9liorant ainsi leur satisfaction et leur fid\u00e9lit\u00e9.<\/li>\n<li><strong>Conception peu encombrante :<\/strong>\u00a0Le syst\u00e8me int\u00e9gr\u00e9 permet d&#039;\u00e9conomiser un espace pr\u00e9cieux dans votre clinique ou salle de traitement.<\/li>\n<\/ul>\n<h2><img loading=\"lazy\" decoding=\"async\" class=\"aligncenter\" title=\"Machine de d\u00e9tatouage au laser picoseconde\" src=\"https:\/\/sc04.alicdn.com\/kf\/H9e0fc5118ac84fc58af1213d8a577086A\/247315878\/H9e0fc5118ac84fc58af1213d8a577086A.png\" alt=\"Machine de d\u00e9tatouage au laser picoseconde\" width=\"614\" height=\"429\" data-src=\"\/\/sc04.alicdn.com\/kf\/H9e0fc5118ac84fc58af1213d8a577086A\/247315878\/H9e0fc5118ac84fc58af1213d8a577086A.png\" \/><\/h2>\n<h2>Caract\u00e9ristiques pour des performances et un confort optimaux<\/h2>\n<p>Ce syst\u00e8me 2 en 1 avanc\u00e9 est \u00e9quip\u00e9 de fonctionnalit\u00e9s qui garantissent des r\u00e9sultats exceptionnels et le confort du client :<\/p>\n<ul>\n<li><strong>Puissance de sortie \u00e9lev\u00e9e :<\/strong>\u00a0La puissance de sortie de 2000 W garantit des traitements efficaces et des r\u00e9sultats optimaux.<\/li>\n<li><strong>Param\u00e8tres r\u00e9glables\u00a0:<\/strong>\u00a0Personnalisez les traitements pour diff\u00e9rents types de peau, couleurs de cheveux et densit\u00e9s d\u2019encre de tatouage.<\/li>\n<li><strong>Interface \u00e0 grand \u00e9cran tactile :<\/strong>\u00a0L&#039;\u00e9cran tactile LCD intuitif de 10,4 pouces offre un acc\u00e8s facile aux param\u00e8tres et protocoles de traitement.<\/li>\n<li><strong>Technologie de refroidissement avanc\u00e9e :<\/strong>\u00a0Le syst\u00e8me de refroidissement int\u00e9gr\u00e9 minimise l\u2019inconfort et prot\u00e8ge la peau pendant le traitement.<\/li>\n<\/ul>\n<h2>Conclusion<\/h2>\n<p>La machine laser picoseconde et d&#039;\u00e9pilation 2 en 1 808 nm change la donne dans le monde de la m\u00e9decine esth\u00e9tique. Cet appareil polyvalent et puissant offre des r\u00e9sultats exceptionnels pour l&#039;\u00e9pilation, le d\u00e9tatouage et le rajeunissement de la peau. D\u00e9couvrez la solution ultime pour obtenir une peau lisse, impeccable et \u00e9clatante.<\/p>\n<h2><strong>Personnaliser Le Logo<\/strong><\/h2>\n<p>Vous voulez faire de votre marque de se d\u00e9marquer? Nous vous proposons logo personnalis\u00e9 de services pour vous aider \u00e0 cr\u00e9er un unique et personnalis\u00e9e de logo, qui refl\u00e8te l&#039;identit\u00e9 de votre marque. Notre \u00e9quipe d&#039;experts travaillera en \u00e9troite collaboration avec vous pour concevoir un logo qui r\u00e9sonne avec les valeurs de votre marque et de messagerie. Si vous \u00eates \u00e0 la recherche de r\u00e9organiser votre logo existant ou en cr\u00e9er un nouveau \u00e0 partir de z\u00e9ro, nous vous avons avons couvert. <a href=\"\/fr\/contact\/\">Contactez-nous<\/a> aujourd&#039;hui pour en savoir plus sur notre logo personnalis\u00e9 de services!<\/p>\n<\/div>\n<\/div>","protected":false},"excerpt":{"rendered":"<p>Le point de cong\u00e9lation 808 est bas\u00e9 sur une dynamique solaire-thermique s\u00e9lective, en ajustant la longueur d&#039;onde, l&#039;\u00e9nergie et la largeur d&#039;impulsion du laser \u00e0 travers la peau jusqu&#039;aux follicules pileux de la racine des cheveux, l&#039;\u00e9nergie thermique est absorb\u00e9e et d\u00e9compose le tissu folliculaire, ce qui permet la r\u00e9g\u00e9n\u00e9ration des cheveux. Le syst\u00e8me d&#039;\u00e9pilation rapide au point de cong\u00e9lation s&#039;applique \u00e0 la protection contre le froid, il peut augmenter la temp\u00e9rature jusqu&#039;\u00e0 -5 \u2103, il r\u00e9sout de nombreuses difficult\u00e9s. En m\u00eame temps, c&#039;est une technologie s\u00fbre, rapide et permanente.<\/p>","protected":false},"featured_media":1715,"comment_status":"open","ping_status":"closed","template":"","meta":{"_kad_post_transparent":"default","_kad_post_title":"","_kad_post_layout":"default","_kad_post_sidebar_id":"","_kad_post_content_style":"default","_kad_post_vertical_padding":"default","_kad_post_feature":"","_kad_post_feature_position":"","_kad_post_header":false,"_kad_post_footer":false,"_kad_post_classname":"","rank_math_title":"","rank_math_description":"","rank_math_focus_keyword":""},"product_brand":[],"product_cat":[28],"product_tag":[],"class_list":{"0":"post-1708","1":"product","2":"type-product","3":"status-publish","4":"has-post-thumbnail","6":"product_cat-hair-removal","8":"first","9":"instock","10":"shipping-taxable","11":"product-type-simple","12":"entry","13":"content-bg","14":"loop-entry"},"_links":{"self":[{"href":"https:\/\/skbty.com\/fr\/wp-json\/wp\/v2\/product\/1708","targetHints":{"allow":["GET"]}}],"collection":[{"href":"https:\/\/skbty.com\/fr\/wp-json\/wp\/v2\/product"}],"about":[{"href":"https:\/\/skbty.com\/fr\/wp-json\/wp\/v2\/types\/product"}],"replies":[{"embeddable":true,"href":"https:\/\/skbty.com\/fr\/wp-json\/wp\/v2\/comments?post=1708"}],"wp:featuredmedia":[{"embeddable":true,"href":"https:\/\/skbty.com\/fr\/wp-json\/wp\/v2\/media\/1715"}],"wp:attachment":[{"href":"https:\/\/skbty.com\/fr\/wp-json\/wp\/v2\/media?parent=1708"}],"wp:term":[{"taxonomy":"product_brand","embeddable":true,"href":"https:\/\/skbty.com\/fr\/wp-json\/wp\/v2\/product_brand?post=1708"},{"taxonomy":"product_cat","embeddable":true,"href":"https:\/\/skbty.com\/fr\/wp-json\/wp\/v2\/product_cat?post=1708"},{"taxonomy":"product_tag","embeddable":true,"href":"https:\/\/skbty.com\/fr\/wp-json\/wp\/v2\/product_tag?post=1708"}],"curies":[{"name":"Wp wp","href":"https:\/\/api.w.org\/{rel}","templated":true}]}}