{"id":1727,"date":"2023-06-13T15:04:55","date_gmt":"2023-06-13T07:04:55","guid":{"rendered":"https:\/\/skbty.com\/?post_type=product&#038;p=1727"},"modified":"2024-06-25T17:40:50","modified_gmt":"2024-06-25T09:40:50","slug":"appareil-depilation-a-diode-laser-alexandrite-755-nm-1064-nm","status":"publish","type":"product","link":"https:\/\/skbty.com\/fr\/produit\/appareil-depilation-a-diode-laser-alexandrite-755-nm-1064-nm\/","title":{"rendered":"Appareil d&#039;\u00e9pilation \u00e0 diode laser Alexandrite 755 nm\/1064 nm"},"content":{"rendered":"<div>\n<h2>Appareil d&#039;\u00e9pilation \u00e0 diode laser Alexandrite 755 nm\/1064 nm : obtenez une peau lisse et sans poils en toute confiance<\/h2>\n<h2>Introduction<\/h2>\n<p>D\u00e9couvrez la r\u00e9f\u00e9rence absolue en mati\u00e8re d&#039;\u00e9pilation au laser avec l&#039;appareil d&#039;\u00e9pilation \u00e0 diode laser Alexandrite 755 nm\/1064 nm. Cet appareil de pointe combine la puissance de deux longueurs d&#039;onde hautement efficaces - Alexandrite (755 nm) et Nd:YAG (1064 nm) - pour offrir des r\u00e9sultats d&#039;\u00e9pilation exceptionnels et durables pour tous les types de peau.<\/p>\n<h2><img loading=\"lazy\" decoding=\"async\" class=\"aligncenter\" src=\"https:\/\/sc04.alicdn.com\/kf\/H88b2ae692b4d46a283e08d2f6019873d6\/247315878\/H88b2ae692b4d46a283e08d2f6019873d6.png\" width=\"409\" height=\"433\" data-src=\"\/\/sc04.alicdn.com\/kf\/H88b2ae692b4d46a283e08d2f6019873d6\/247315878\/H88b2ae692b4d46a283e08d2f6019873d6.png\" \/><\/h2>\n<h2>La science derri\u00e8re l\u2019\u00e9pilation \u00e0 double longueur d\u2019onde<\/h2>\n<h3>Cibler les follicules pileux avec pr\u00e9cision<\/h3>\n<p>Cet appareil innovant utilise les propri\u00e9t\u00e9s uniques de deux longueurs d&#039;onde laser pour cibler et d\u00e9sactiver efficacement les follicules pileux :<\/p>\n<ol>\n<li><strong>Laser Alexandrite (755 nm) :<\/strong>\u00a0Id\u00e9al pour cibler la m\u00e9lanine dans les types de peau plus clairs (I-III), la longueur d&#039;onde de 755 nm est fortement absorb\u00e9e par la m\u00e9lanine dans le follicule pileux, fournissant une \u00e9nergie qui d\u00e9sactive efficacement la capacit\u00e9 du follicule \u00e0 faire repousser les cheveux.<\/li>\n<li><strong>Laser Nd:YAG (1064 nm) :<\/strong>\u00a0Traitant de mani\u00e8re s\u00fbre et efficace les types de peau plus fonc\u00e9s (IV-VI), la longueur d&#039;onde de 1064 nm p\u00e9n\u00e8tre plus profond\u00e9ment dans la peau pour cibler la m\u00e9lanine tout en minimisant le risque d&#039;hyperpigmentation (assombrissement de la peau).<\/li>\n<\/ol>\n<h3>Avantages des doubles longueurs d&#039;onde<\/h3>\n<p>Cette approche \u00e0 double longueur d\u2019onde offre plusieurs avantages cl\u00e9s :<\/p>\n<ul>\n<li><strong>Polyvalence pour tous les types de peau :<\/strong>\u00a0Traitez de mani\u00e8re s\u00fbre et efficace une large gamme de tons de peau, du clair au fonc\u00e9.<\/li>\n<li><strong>Traitement cibl\u00e9 :<\/strong>\u00a0Les longueurs d\u2019onde sp\u00e9cifiques ciblent la m\u00e9lanine dans le follicule pileux, laissant la peau environnante intacte.<\/li>\n<li><strong>R\u00e9sultats durables :<\/strong>\u00a0B\u00e9n\u00e9ficiez d\u2019une r\u00e9duction significative des poils ind\u00e9sirables apr\u00e8s une s\u00e9rie de traitements.<\/li>\n<\/ul>\n<h2>D\u00e9couvrez la diff\u00e9rence du laser Alexandrite<\/h2>\n<h3>Pour une peau lisse et sans poils<\/h3>\n<p>Cet appareil d&#039;\u00e9pilation au laser avanc\u00e9 offre une gamme d&#039;avantages :<\/p>\n<ul>\n<li><strong>Traitements rapides et efficaces :<\/strong>\u00a0La grande taille du spot (6-18 mm) et la puissance de sortie \u00e9lev\u00e9e (2000 W) permettent un traitement rapide de grandes zones, telles que le dos, les jambes et la poitrine.<\/li>\n<li><strong>Confort am\u00e9lior\u00e9 gr\u00e2ce au refroidissement DCD\u00a0:<\/strong>\u00a0La technologie innovante Dynamic Cooling Device (DCD) d\u00e9livre un flux continu d\u2019air froid vers la zone de traitement, minimisant ainsi l\u2019inconfort et prot\u00e9geant la peau des dommages caus\u00e9s par la chaleur.<\/li>\n<li><strong>S\u00fbr et efficace pour tous les types de peau :<\/strong>\u00a0Le syst\u00e8me \u00e0 double longueur d\u2019onde et les param\u00e8tres r\u00e9glables permettent un traitement s\u00fbr et efficace sur une large gamme de tons de peau.<\/li>\n<li><strong>R\u00e9duction des poils \u00e0 long terme :<\/strong>\u00a0Profitez d\u2019une peau lisse et sans poils pendant des mois, voire des ann\u00e9es, apr\u00e8s avoir termin\u00e9 une s\u00e9rie de traitements.<\/li>\n<\/ul>\n<h2>Conclusion<\/h2>\n<p>L&#039;appareil d&#039;\u00e9pilation \u00e0 diode laser Alexandrite 755 nm\/1064 nm est la solution ultime pour obtenir des r\u00e9sultats d&#039;\u00e9pilation durables avec un confort et une s\u00e9curit\u00e9 exceptionnels. D\u00e9couvrez la confiance que procure une peau lisse et sans poils !<\/p>\n<\/div>\n<div>\n<div>\n<div>\n<h2><strong>Personnaliser Le Logo<\/strong><\/h2>\n<p>Vous voulez faire de votre marque de se d\u00e9marquer? Nous vous proposons logo personnalis\u00e9 de services pour vous aider \u00e0 cr\u00e9er un unique et personnalis\u00e9e de logo, qui refl\u00e8te l&#039;identit\u00e9 de votre marque. Notre \u00e9quipe d&#039;experts travaillera en \u00e9troite collaboration avec vous pour concevoir un logo qui r\u00e9sonne avec les valeurs de votre marque et de messagerie. Si vous \u00eates \u00e0 la recherche de r\u00e9organiser votre logo existant ou en cr\u00e9er un nouveau \u00e0 partir de z\u00e9ro, nous vous avons avons couvert. <a href=\"\/fr\/contact\/\">Contactez-nous<\/a> aujourd&#039;hui pour en savoir plus sur notre logo personnalis\u00e9 de services!<\/p>\n<\/div>\n<\/div>\n<div>\n<div>\n<div>\n<div><\/div>\n<\/div>\n<\/div>\n<\/div>\n<\/div>","protected":false},"excerpt":{"rendered":"<p><span class=\"magic-15\" style=\"font-family: Verdana;\"><span data-spm-anchor-id=\"a2700.details.0.i31.54a41f7d82ZBtQ\">Laser Alexandrite 755 nm et impulsion longue nd Yag 1064, le meilleur pic d&#039;absorption de la longueur d&#039;onde de la m\u00e9lanine, r\u00f4le sp\u00e9cifique direct dans le follicule pileux dans les cellules de m\u00e9lanome, capacit\u00e9 particuli\u00e8rement forte \u00e0 poils, en particulier pour les poils denses et la couleur de la peau, \u00e9pilation partielle des poils noirs.<\/span><\/span><\/p>\n<p><span class=\"magic-15\" style=\"font-family: Verdana;\">Grand spot, haute vitesse, raccourcit le temps de traitement de 4 \u00e0 5 fois. Dix minutes en plus pour l&#039;\u00e9pilation de grandes surfaces, 3 \u00e0 5 minutes pour \u00e9liminer les petites zones de poils, en particulier pour l&#039;\u00e9pilation de grandes surfaces.<\/span><\/p>","protected":false},"featured_media":1733,"comment_status":"open","ping_status":"closed","template":"","meta":{"_kad_post_transparent":"default","_kad_post_title":"","_kad_post_layout":"default","_kad_post_sidebar_id":"","_kad_post_content_style":"default","_kad_post_vertical_padding":"default","_kad_post_feature":"","_kad_post_feature_position":"","_kad_post_header":false,"_kad_post_footer":false,"_kad_post_classname":"","rank_math_title":"","rank_math_description":"","rank_math_focus_keyword":""},"product_brand":[],"product_cat":[28],"product_tag":[],"class_list":{"0":"post-1727","1":"product","2":"type-product","3":"status-publish","4":"has-post-thumbnail","6":"product_cat-hair-removal","8":"first","9":"instock","10":"shipping-taxable","11":"product-type-simple","12":"entry","13":"content-bg","14":"loop-entry"},"_links":{"self":[{"href":"https:\/\/skbty.com\/fr\/wp-json\/wp\/v2\/product\/1727","targetHints":{"allow":["GET"]}}],"collection":[{"href":"https:\/\/skbty.com\/fr\/wp-json\/wp\/v2\/product"}],"about":[{"href":"https:\/\/skbty.com\/fr\/wp-json\/wp\/v2\/types\/product"}],"replies":[{"embeddable":true,"href":"https:\/\/skbty.com\/fr\/wp-json\/wp\/v2\/comments?post=1727"}],"wp:featuredmedia":[{"embeddable":true,"href":"https:\/\/skbty.com\/fr\/wp-json\/wp\/v2\/media\/1733"}],"wp:attachment":[{"href":"https:\/\/skbty.com\/fr\/wp-json\/wp\/v2\/media?parent=1727"}],"wp:term":[{"taxonomy":"product_brand","embeddable":true,"href":"https:\/\/skbty.com\/fr\/wp-json\/wp\/v2\/product_brand?post=1727"},{"taxonomy":"product_cat","embeddable":true,"href":"https:\/\/skbty.com\/fr\/wp-json\/wp\/v2\/product_cat?post=1727"},{"taxonomy":"product_tag","embeddable":true,"href":"https:\/\/skbty.com\/fr\/wp-json\/wp\/v2\/product_tag?post=1727"}],"curies":[{"name":"Wp wp","href":"https:\/\/api.w.org\/{rel}","templated":true}]}}