{"id":1735,"date":"2023-06-13T15:16:18","date_gmt":"2023-06-13T07:16:18","guid":{"rendered":"https:\/\/skbty.com\/?post_type=product&#038;p=1735"},"modified":"2024-06-25T17:33:05","modified_gmt":"2024-06-25T09:33:05","slug":"machine-de-detatouage-au-laser-picoseconde-3","status":"publish","type":"product","link":"https:\/\/skbty.com\/fr\/produit\/machine-de-detatouage-au-laser-picoseconde-3\/","title":{"rendered":"Machine de d\u00e9tatouage au laser picoseconde"},"content":{"rendered":"<div>\n<div>\n<h2>Machine de d\u00e9tatouage au laser picoseconde : effacez le pass\u00e9, sans encre et sans souci<\/h2>\n<h2>Introduction<\/h2>\n<p>D\u00e9couvrez l&#039;avenir de l&#039;\u00e9limination des tatouages avec la machine de pointe pour l&#039;\u00e9limination des tatouages au laser picoseconde. Cet appareil avanc\u00e9 exploite la puissance des impulsions laser picosecondes ultra-courtes pour briser l&#039;encre de tatouage en minuscules particules, offrant des r\u00e9sultats plus rapides, plus s\u00fbrs et plus efficaces que les m\u00e9thodes traditionnelles d&#039;\u00e9limination des tatouages au laser.<\/p>\n<h2><img loading=\"lazy\" decoding=\"async\" class=\"aligncenter\" title=\"\u00c9limination des tatouages au laser picoseconde\" src=\"https:\/\/sc04.alicdn.com\/kf\/H68721aeda8ab44358da2f2065bc74f65g\/247315878\/H68721aeda8ab44358da2f2065bc74f65g.png\" alt=\"\u00c9limination des tatouages au laser picoseconde\" width=\"607\" height=\"424\" data-src=\"\/\/sc04.alicdn.com\/kf\/H68721aeda8ab44358da2f2065bc74f65g\/247315878\/H68721aeda8ab44358da2f2065bc74f65g.png\" \/><\/h2>\n<h2>L&#039;avantage de la picoseconde : r\u00e9volutionner l&#039;\u00e9limination des tatouages<\/h2>\n<h3>Comment \u00e7a marche : d\u00e9composer l&#039;encre avec pr\u00e9cision<\/h3>\n<p>Contrairement aux lasers traditionnels qui utilisent la chaleur pour d\u00e9composer l&#039;encre de tatouage, les lasers picosecondes d\u00e9livrent de l&#039;\u00e9nergie par rafales ultra-courtes (des trillioni\u00e8mes de seconde). Cette distribution rapide d&#039;\u00e9nergie cr\u00e9e un effet photoacoustique, brisant les particules d&#039;encre en une fine poussi\u00e8re qui est facilement \u00e9limin\u00e9e par les processus naturels du corps.<\/p>\n<h3><img loading=\"lazy\" decoding=\"async\" class=\"aligncenter\" title=\"\u00c9limination des tatouages au laser picoseconde\" src=\"https:\/\/sc04.alicdn.com\/kf\/H46ed6c2cdc78454ab4dfe600bbef7631y\/247315878\/H46ed6c2cdc78454ab4dfe600bbef7631y.png\" alt=\"\u00c9limination des tatouages au laser picoseconde\" width=\"614\" height=\"419\" data-src=\"\/\/sc04.alicdn.com\/kf\/H46ed6c2cdc78454ab4dfe600bbef7631y\/247315878\/H46ed6c2cdc78454ab4dfe600bbef7631y.png\" \/><\/h3>\n<h3>Avantages du laser picoseconde par rapport aux lasers traditionnels<\/h3>\n<p>L\u2019avantage de la picoseconde se traduit par une s\u00e9rie d\u2019avantages :<\/p>\n<ul>\n<li><strong>\u00c9clatement d&#039;encre am\u00e9lior\u00e9\u00a0:<\/strong>\u00a0Les impulsions picosecondes d\u00e9composent l\u2019encre du tatouage plus efficacement que les lasers nanosecondes, ce qui entra\u00eene une d\u00e9coloration plus rapide et moins de s\u00e9ances de traitement.<\/li>\n<li><strong>Risque r\u00e9duit de cicatrices :<\/strong>\u00a0La dur\u00e9e d\u2019impulsion ultra-courte minimise l\u2019accumulation de chaleur dans la peau, r\u00e9duisant ainsi consid\u00e9rablement le risque de br\u00fblures, de cicatrices ou d\u2019hypopigmentation (\u00e9claircissement de la peau).<\/li>\n<li><strong>Suppression de tatouage polyvalente :<\/strong>\u00a0Cible efficacement une large gamme de couleurs d\u2019encre de tatouage, y compris les couleurs tenaces comme les bleus et les verts.<\/li>\n<li><strong>Sans danger pour tous les types de peau :<\/strong>\u00a0Convient \u00e0 une large gamme de tons de peau, y compris les types de peau plus fonc\u00e9s.<\/li>\n<\/ul>\n<h2><img loading=\"lazy\" decoding=\"async\" class=\"aligncenter\" title=\"\u00c9limination des tatouages au laser picoseconde\" src=\"https:\/\/sc04.alicdn.com\/kf\/H22f2900271704371b6a53c02b05dfb25r\/247315878\/H22f2900271704371b6a53c02b05dfb25r.png\" alt=\"\u00c9limination des tatouages au laser picoseconde\" width=\"622\" height=\"460\" data-src=\"\/\/sc04.alicdn.com\/kf\/H22f2900271704371b6a53c02b05dfb25r\/247315878\/H22f2900271704371b6a53c02b05dfb25r.png\" \/><\/h2>\n<h2>D\u00e9couvrez la diff\u00e9rence : pourquoi choisir cette machine ?<\/h2>\n<h3>Fonctionnalit\u00e9s avanc\u00e9es pour des r\u00e9sultats optimaux<\/h3>\n<p>Cette machine de d\u00e9tatouage au laser picoseconde est \u00e9quip\u00e9e de fonctionnalit\u00e9s qui la distinguent :<\/p>\n<ul>\n<li><strong>Puissance de sortie \u00e9lev\u00e9e :<\/strong>\u00a0La puissance laser de 2000 W assure une d\u00e9composition puissante et efficace de l&#039;encre de tatouage.<\/li>\n<li><strong>Taille du spot r\u00e9glable :<\/strong>\u00a0Ciblez des tatouages de diff\u00e9rentes tailles avec pr\u00e9cision gr\u00e2ce \u00e0 la taille de spot r\u00e9glable (2 \u00e0 10 mm).<\/li>\n<li><strong>Plusieurs longueurs d&#039;onde :<\/strong>\u00a0Les longueurs d\u2019onde de 1064 nm, 532 nm et 785 nm ciblent efficacement un large spectre de couleurs d\u2019encre de tatouage.<\/li>\n<li><strong>Niveaux d&#039;\u00e9nergie r\u00e9glables :<\/strong>\u00a0Personnalisez les traitements pour des r\u00e9sultats optimaux en fonction de la couleur de l\u2019encre, de la profondeur et du type de peau.<\/li>\n<li><strong>Syst\u00e8me de refroidissement avanc\u00e9 :<\/strong>\u00a0Le syst\u00e8me de refroidissement par air, eau et module semi-conducteur assure un confort maximal pendant le traitement.<\/li>\n<li><strong>Bras de guidage de lumi\u00e8re import\u00e9\u00a0:<\/strong>\u00a0Le bras de guidage de lumi\u00e8re de haute qualit\u00e9 provenant de Cor\u00e9e du Sud garantit une distribution d&#039;\u00e9nergie pr\u00e9cise pour des r\u00e9sultats optimaux.<\/li>\n<\/ul>\n<h2><img loading=\"lazy\" decoding=\"async\" class=\"aligncenter\" title=\"\u00c9limination des tatouages au laser picoseconde\" src=\"https:\/\/sc04.alicdn.com\/kf\/H66380961817f4532b0a22c6c8b4abf39Z\/247315878\/H66380961817f4532b0a22c6c8b4abf39Z.png\" alt=\"\u00c9limination des tatouages au laser picoseconde\" width=\"682\" height=\"432\" data-src=\"\/\/sc04.alicdn.com\/kf\/H66380961817f4532b0a22c6c8b4abf39Z\/247315878\/H66380961817f4532b0a22c6c8b4abf39Z.png\" \/><\/h2>\n<h2>Conclusion<\/h2>\n<p>La machine de d\u00e9tatouage au laser picoseconde repr\u00e9sente une avanc\u00e9e significative dans la technologie de d\u00e9tatouage. Faites l&#039;exp\u00e9rience d&#039;une d\u00e9tatouage plus rapide, plus s\u00fbre et plus efficace avec un temps d&#039;arr\u00eat minimal. Adoptez un avenir sans encre ind\u00e9sirable !<\/p>\n<\/div>\n<\/div>\n<div>\n<div>\n<div>\n<div>\n<div><\/div>\n<\/div>\n<\/div>\n<\/div>\n<\/div>\n<div>\n<div>\n<div>\n<div>\n<div>\n<div>\n<div>\n<div>\n<div>\n<h2><strong>Personnaliser Le Logo<\/strong><\/h2>\n<p>Vous voulez faire de votre marque de se d\u00e9marquer? Nous vous proposons logo personnalis\u00e9 de services pour vous aider \u00e0 cr\u00e9er un unique et personnalis\u00e9e de logo, qui refl\u00e8te l&#039;identit\u00e9 de votre marque. Notre \u00e9quipe d&#039;experts travaillera en \u00e9troite collaboration avec vous pour concevoir un logo qui r\u00e9sonne avec les valeurs de votre marque et de messagerie. Si vous \u00eates \u00e0 la recherche de r\u00e9organiser votre logo existant ou en cr\u00e9er un nouveau \u00e0 partir de z\u00e9ro, nous vous avons avons couvert. <a href=\"\/fr\/contact\/\">Contactez-nous<\/a> aujourd&#039;hui pour en savoir plus sur notre logo personnalis\u00e9 de services!<\/p>\n<\/div>\n<\/div>\n<\/div>\n<\/div>\n<\/div>\n<\/div>\n<\/div>\n<\/div>\n<\/div>","protected":false},"excerpt":{"rendered":"<p>Le laser picoseconde utilise un mode de sortie \u00e0 impulsion tr\u00e8s courte, au lieu d&#039;une onde de choc m\u00e9canique l\u00e9g\u00e8re, le pigment est bris\u00e9 en fines particules via une \u00e9nergie focalis\u00e9e, ce qui est plus susceptible d&#039;\u00eatre absorb\u00e9 par le m\u00e9tabolisme du corps. Le laser picoseconde permettra de minimiser les effets secondaires de l&#039;effet thermique, peut atteindre l&#039;objectif de r\u00e9soudre presque tous les types de taches pigmentaires, est meilleur que le laser traditionnel.<\/p>","protected":false},"featured_media":1742,"comment_status":"open","ping_status":"closed","template":"","meta":{"_kad_post_transparent":"default","_kad_post_title":"","_kad_post_layout":"default","_kad_post_sidebar_id":"","_kad_post_content_style":"default","_kad_post_vertical_padding":"default","_kad_post_feature":"","_kad_post_feature_position":"","_kad_post_header":false,"_kad_post_footer":false,"_kad_post_classname":"","rank_math_title":"","rank_math_description":"","rank_math_focus_keyword":""},"product_brand":[],"product_cat":[29],"product_tag":[],"class_list":{"0":"post-1735","1":"product","2":"type-product","3":"status-publish","4":"has-post-thumbnail","6":"product_cat-pico-laser","8":"first","9":"instock","10":"shipping-taxable","11":"product-type-simple","12":"entry","13":"content-bg","14":"loop-entry"},"_links":{"self":[{"href":"https:\/\/skbty.com\/fr\/wp-json\/wp\/v2\/product\/1735","targetHints":{"allow":["GET"]}}],"collection":[{"href":"https:\/\/skbty.com\/fr\/wp-json\/wp\/v2\/product"}],"about":[{"href":"https:\/\/skbty.com\/fr\/wp-json\/wp\/v2\/types\/product"}],"replies":[{"embeddable":true,"href":"https:\/\/skbty.com\/fr\/wp-json\/wp\/v2\/comments?post=1735"}],"wp:featuredmedia":[{"embeddable":true,"href":"https:\/\/skbty.com\/fr\/wp-json\/wp\/v2\/media\/1742"}],"wp:attachment":[{"href":"https:\/\/skbty.com\/fr\/wp-json\/wp\/v2\/media?parent=1735"}],"wp:term":[{"taxonomy":"product_brand","embeddable":true,"href":"https:\/\/skbty.com\/fr\/wp-json\/wp\/v2\/product_brand?post=1735"},{"taxonomy":"product_cat","embeddable":true,"href":"https:\/\/skbty.com\/fr\/wp-json\/wp\/v2\/product_cat?post=1735"},{"taxonomy":"product_tag","embeddable":true,"href":"https:\/\/skbty.com\/fr\/wp-json\/wp\/v2\/product_tag?post=1735"}],"curies":[{"name":"Wp wp","href":"https:\/\/api.w.org\/{rel}","templated":true}]}}