{"id":1746,"date":"2023-06-13T17:30:11","date_gmt":"2023-06-13T09:30:11","guid":{"rendered":"https:\/\/skbty.com\/?post_type=product&#038;p=1746"},"modified":"2024-06-25T17:17:19","modified_gmt":"2024-06-25T09:17:19","slug":"machine-portable-de-lavage-des-sourcils-au-laser-picoseconde","status":"publish","type":"product","link":"https:\/\/skbty.com\/fr\/produit\/machine-portable-de-lavage-des-sourcils-au-laser-picoseconde\/","title":{"rendered":"Machine portative de lavage des sourcils au laser picoseconde"},"content":{"rendered":"<div>\n<div>\n<h2>Machine portable de lavage des sourcils au laser picoseconde : \u00e9limination des pigments de niveau sup\u00e9rieur<\/h2>\n<h2>Introduction<\/h2>\n<p>D\u00e9couvrez l&#039;avenir de l&#039;\u00e9limination des pigments avec la machine portable de lavage des sourcils au laser picoseconde. Cet appareil de pointe utilise des impulsions laser picosecondes ultra-courtes pour briser les particules de pigments sans endommager la peau environnante, offrant des r\u00e9sultats plus rapides, plus s\u00fbrs et plus efficaces que les traitements au laser traditionnels.<\/p>\n<h2><img loading=\"lazy\" decoding=\"async\" class=\"aligncenter\" title=\"Lavage des sourcils au laser picoseconde\" src=\"https:\/\/sc04.alicdn.com\/kf\/H52fb6093d87347e49f6a90c34492313dJ\/247315878\/H52fb6093d87347e49f6a90c34492313dJ.png\" alt=\"Lavage des sourcils au laser picoseconde\" width=\"705\" height=\"297\" data-src=\"\/\/sc04.alicdn.com\/kf\/H52fb6093d87347e49f6a90c34492313dJ\/247315878\/H52fb6093d87347e49f6a90c34492313dJ.png\" \/><\/h2>\n<h2>La puissance de la technologie picoseconde<\/h2>\n<h3>Comment \u00e7a marche : Transformer l&#039;\u00e9limination des pigments<\/h3>\n<p>Contrairement aux lasers traditionnels qui utilisent la chaleur pour d\u00e9composer les pigments, les lasers picosecondes d\u00e9livrent de l&#039;\u00e9nergie par rafales ultra-courtes (des trillioni\u00e8mes de seconde). Cette distribution rapide d&#039;\u00e9nergie cr\u00e9e un effet photoacoustique, brisant les particules de pigment en minuscules fragments semblables \u00e0 de la poussi\u00e8re qui sont facilement \u00e9limin\u00e9s par les processus naturels du corps.<\/p>\n<h3><img loading=\"lazy\" decoding=\"async\" class=\"aligncenter\" title=\"Lavage des sourcils au laser picoseconde\" src=\"https:\/\/sc04.alicdn.com\/kf\/H46ed6c2cdc78454ab4dfe600bbef7631y\/247315878\/H46ed6c2cdc78454ab4dfe600bbef7631y.png\" alt=\"Lavage des sourcils au laser picoseconde\" width=\"560\" height=\"382\" data-src=\"\/\/sc04.alicdn.com\/kf\/H46ed6c2cdc78454ab4dfe600bbef7631y\/247315878\/H46ed6c2cdc78454ab4dfe600bbef7631y.png\" \/><\/h3>\n<h3>Avantages du laser picoseconde par rapport aux lasers traditionnels<\/h3>\n<p>L\u2019avantage de la picoseconde se traduit par une s\u00e9rie d\u2019avantages :<\/p>\n<ul>\n<li><strong>Brisation am\u00e9lior\u00e9e des pigments :<\/strong>\u00a0Les impulsions picosecondes d\u00e9composent les pigments plus efficacement que les lasers nanosecondes, ce qui conduit \u00e0 des r\u00e9sultats plus rapides et plus visibles.<\/li>\n<li><strong>Risque r\u00e9duit d\u2019effets secondaires :<\/strong>\u00a0La dur\u00e9e d\u2019impulsion ultra-courte minimise l\u2019accumulation de chaleur dans la peau, r\u00e9duisant ainsi consid\u00e9rablement le risque de br\u00fblures, de cicatrices ou d\u2019hyperpigmentation (assombrissement de la peau).<\/li>\n<li><strong>Moins de traitements requis\u00a0:<\/strong>\u00a0Obtenez les r\u00e9sultats souhait\u00e9s avec moins de s\u00e9ances de traitement par rapport aux traitements au laser traditionnels.<\/li>\n<li><strong>Applications polyvalentes :<\/strong>\u00a0Cible efficacement une large gamme de pigments, y compris l&#039;encre de tatouage, les taches de vieillesse, les taches solaires, les taches de rousseur, etc.<\/li>\n<\/ul>\n<h2><img loading=\"lazy\" decoding=\"async\" class=\"aligncenter\" title=\"Lavage des sourcils au laser picoseconde\" src=\"https:\/\/sc04.alicdn.com\/kf\/H22f2900271704371b6a53c02b05dfb25r\/247315878\/H22f2900271704371b6a53c02b05dfb25r.png\" alt=\"Lavage des sourcils au laser picoseconde\" width=\"562\" height=\"416\" data-src=\"\/\/sc04.alicdn.com\/kf\/H22f2900271704371b6a53c02b05dfb25r\/247315878\/H22f2900271704371b6a53c02b05dfb25r.png\" \/><\/h2>\n<h2>Avantages de la machine portable de lavage des sourcils au laser picoseconde<\/h2>\n<h3>Obtenez des sourcils impeccables avec pr\u00e9cision<\/h3>\n<p>Cet appareil avanc\u00e9 offre une gamme d&#039;avantages pour une \u00e9limination s\u00fbre et efficace des pigments :<\/p>\n<ul>\n<li><strong>Ciblage pr\u00e9cis :<\/strong>\u00a0L\u2019\u00e9nergie laser cible s\u00e9lectivement le pigment, laissant la peau environnante intacte.<\/li>\n<li><strong>Efficace sur diff\u00e9rentes couleurs de pigments :<\/strong>\u00a0La machine offre plusieurs longueurs d&#039;onde (1064 nm, 532 nm, 785 nm) pour cibler un large spectre de couleurs de pigments, notamment le noir, le rouge, le marron, etc.<\/li>\n<li><strong>Niveaux d&#039;\u00e9nergie r\u00e9glables :<\/strong>\u00a0L&#039;appareil permet un contr\u00f4le pr\u00e9cis des niveaux d&#039;\u00e9nergie pour personnaliser les traitements en fonction des types de peau individuels et de la profondeur des pigments.<\/li>\n<li><strong>Exp\u00e9rience confortable :<\/strong>\u00a0Le syst\u00e8me de refroidissement avanc\u00e9 assure un confort maximal pendant le traitement.<\/li>\n<li><strong>Portable et pratique :<\/strong>\u00a0La conception compacte permet un transport et une utilisation faciles dans divers environnements.<\/li>\n<\/ul>\n<h2>Conclusion<\/h2>\n<p>La machine portable de lavage des sourcils au laser picoseconde repr\u00e9sente une avanc\u00e9e significative dans la technologie d&#039;\u00e9limination des pigments. B\u00e9n\u00e9ficiez de r\u00e9sultats plus rapides, plus s\u00fbrs et plus efficaces avec un temps d&#039;arr\u00eat minimal. Dites adieu aux pigments ind\u00e9sirables et bonjour \u00e0 un teint plus lumineux et plus uniforme.<\/p>\n<div>\n<div>\n<h2><strong>Personnaliser Le Logo<\/strong><\/h2>\n<p>Vous voulez faire de votre marque de se d\u00e9marquer? Nous vous proposons logo personnalis\u00e9 de services pour vous aider \u00e0 cr\u00e9er un unique et personnalis\u00e9e de logo, qui refl\u00e8te l&#039;identit\u00e9 de votre marque. Notre \u00e9quipe d&#039;experts travaillera en \u00e9troite collaboration avec vous pour concevoir un logo qui r\u00e9sonne avec les valeurs de votre marque et de messagerie. Si vous \u00eates \u00e0 la recherche de r\u00e9organiser votre logo existant ou en cr\u00e9er un nouveau \u00e0 partir de z\u00e9ro, nous vous avons avons couvert. <a href=\"\/fr\/contact\/\">Contactez-nous<\/a> aujourd&#039;hui pour en savoir plus sur notre logo personnalis\u00e9 de services!<\/p>\n<\/div>\n<\/div>\n<div>\n<div>\n<div>\n<div><\/div>\n<\/div>\n<\/div>\n<\/div>\n<\/div>\n<\/div>\n<div><\/div>","protected":false},"excerpt":{"rendered":"<p>Le laser picoseconde utilise un mode de sortie \u00e0 impulsion tr\u00e8s courte, au lieu d&#039;une onde de choc m\u00e9canique l\u00e9g\u00e8re, le pigment est bris\u00e9 en fines particules via une \u00e9nergie focalis\u00e9e, ce qui est plus susceptible d&#039;\u00eatre absorb\u00e9 par le m\u00e9tabolisme du corps. Le laser picoseconde permettra de minimiser les effets secondaires de l&#039;effet thermique, peut atteindre l&#039;objectif de r\u00e9soudre presque tous les types de taches pigmentaires, est meilleur que le laser traditionnel.<\/p>","protected":false},"featured_media":1753,"comment_status":"open","ping_status":"closed","template":"","meta":{"_kad_post_transparent":"default","_kad_post_title":"","_kad_post_layout":"default","_kad_post_sidebar_id":"","_kad_post_content_style":"default","_kad_post_vertical_padding":"default","_kad_post_feature":"","_kad_post_feature_position":"","_kad_post_header":false,"_kad_post_footer":false,"_kad_post_classname":"","rank_math_title":"","rank_math_description":"","rank_math_focus_keyword":""},"product_brand":[],"product_cat":[29],"product_tag":[],"class_list":{"0":"post-1746","1":"product","2":"type-product","3":"status-publish","4":"has-post-thumbnail","6":"product_cat-pico-laser","8":"first","9":"instock","10":"shipping-taxable","11":"product-type-simple","12":"entry","13":"content-bg","14":"loop-entry"},"_links":{"self":[{"href":"https:\/\/skbty.com\/fr\/wp-json\/wp\/v2\/product\/1746","targetHints":{"allow":["GET"]}}],"collection":[{"href":"https:\/\/skbty.com\/fr\/wp-json\/wp\/v2\/product"}],"about":[{"href":"https:\/\/skbty.com\/fr\/wp-json\/wp\/v2\/types\/product"}],"replies":[{"embeddable":true,"href":"https:\/\/skbty.com\/fr\/wp-json\/wp\/v2\/comments?post=1746"}],"wp:featuredmedia":[{"embeddable":true,"href":"https:\/\/skbty.com\/fr\/wp-json\/wp\/v2\/media\/1753"}],"wp:attachment":[{"href":"https:\/\/skbty.com\/fr\/wp-json\/wp\/v2\/media?parent=1746"}],"wp:term":[{"taxonomy":"product_brand","embeddable":true,"href":"https:\/\/skbty.com\/fr\/wp-json\/wp\/v2\/product_brand?post=1746"},{"taxonomy":"product_cat","embeddable":true,"href":"https:\/\/skbty.com\/fr\/wp-json\/wp\/v2\/product_cat?post=1746"},{"taxonomy":"product_tag","embeddable":true,"href":"https:\/\/skbty.com\/fr\/wp-json\/wp\/v2\/product_tag?post=1746"}],"curies":[{"name":"Wp wp","href":"https:\/\/api.w.org\/{rel}","templated":true}]}}