{"id":1771,"date":"2023-06-13T18:22:09","date_gmt":"2023-06-13T10:22:09","guid":{"rendered":"https:\/\/skbty.com\/?post_type=product&#038;p=1771"},"modified":"2024-06-25T16:49:31","modified_gmt":"2024-06-25T08:49:31","slug":"machine-amincissante-pour-sculpter-le-corps-a-chaud","status":"publish","type":"product","link":"https:\/\/skbty.com\/fr\/produit\/machine-amincissante-pour-sculpter-le-corps-a-chaud\/","title":{"rendered":"Machine de modelage corporel amincissante \u00e0 chaud"},"content":{"rendered":"<div>\n<div>\n<h2><strong>Machine de modelage \u00e0 chaud : sculptez votre corps sans effort gr\u00e2ce \u00e0 la technologie RF non invasive<\/strong><\/h2>\n<h2>Introduction<\/h2>\n<p>D\u00e9couvrez l&#039;avenir du remodelage corporel avec la machine r\u00e9volutionnaire de modelage \u00e0 chaud. Cet appareil de pointe utilise une technologie de radiofr\u00e9quence (RF) avanc\u00e9e pour cibler et r\u00e9duire la graisse tenace, raffermir la peau et sculpter votre corps dans sa forme la plus confiante - le tout sans chirurgie, temps d&#039;arr\u00eat ou inconfort.<\/p>\n<h2><img loading=\"lazy\" decoding=\"async\" class=\"aligncenter\" title=\"Machine de sculpture \u00e0 chaud\" src=\"https:\/\/sc04.alicdn.com\/kf\/H461dc4bc3085498693393293e6225d52K\/247315878\/H461dc4bc3085498693393293e6225d52K.jpg\" alt=\"Machine de sculpture \u00e0 chaud\" width=\"455\" height=\"674\" data-src=\"\/\/sc04.alicdn.com\/kf\/H461dc4bc3085498693393293e6225d52K\/247315878\/H461dc4bc3085498693393293e6225d52K.jpg\" \/><\/h2>\n<h2>Le pouvoir de la sculpture \u00e0 chaud : comment \u00e7a marche<\/h2>\n<h3>RF monopolaire non invasive pour une r\u00e9duction cibl\u00e9e des graisses<\/h3>\n<p>La machine de modelage \u00e0 chaud exploite la puissance de l&#039;\u00e9nergie RF monopolaire, une m\u00e9thode s\u00fbre et efficace pour obtenir des r\u00e9sultats remarquables en mati\u00e8re de remodelage corporel. Voici comment cela fonctionne :<\/p>\n<ol>\n<li><strong>Chauffage des tissus profonds :<\/strong>\u00a0L&#039;appareil \u00e9met des ondes RF pr\u00e9cises qui p\u00e9n\u00e8trent profond\u00e9ment dans la couche de graisse sous-cutan\u00e9e (la couche de graisse juste sous la peau).<\/li>\n<li><strong>Destruction cibl\u00e9e des cellules graisseuses :<\/strong>\u00a0L\u2019\u00e9nergie RF chauffe les cellules adipeuses, augmentant leur temp\u00e9rature jusqu\u2019\u00e0 un point o\u00f9 elles subissent une apoptose (mort cellulaire naturelle) sans endommager les tissus environnants.<\/li>\n<li><strong>\u00c9limination naturelle des graisses :<\/strong>\u00a0Le syst\u00e8me lymphatique de votre corps traite et \u00e9limine naturellement les cellules graisseuses d\u00e9truites au fil du temps, ce qui donne une apparence plus mince et plus sculpt\u00e9e.<\/li>\n<\/ol>\n<h2><img loading=\"lazy\" decoding=\"async\" class=\"aligncenter\" title=\"Machine de sculpture \u00e0 chaud\" src=\"https:\/\/sc04.alicdn.com\/kf\/H6b2416d416e64645ace99220e02f37164\/247315878\/H6b2416d416e64645ace99220e02f37164.jpg\" alt=\"Machine de sculpture \u00e0 chaud\" width=\"561\" height=\"1126\" data-src=\"\/\/sc04.alicdn.com\/kf\/H6b2416d416e64645ace99220e02f37164\/247315878\/H6b2416d416e64645ace99220e02f37164.jpg\" \/><\/h2>\n<h2>Avantages du modelage \u00e0 chaud : vivez la transformation<\/h2>\n<h3>Atteignez vos objectifs corporels en toute simplicit\u00e9<\/h3>\n<p>La machine de modelage \u00e0 chaud offre une large gamme d&#039;avantages qui en font un choix sup\u00e9rieur pour le remodelage du corps :<\/p>\n<ul>\n<li><strong>Non invasif et indolore :<\/strong>\u00a0Profitez d\u2019une exp\u00e9rience de traitement confortable sans avoir besoin d\u2019aiguilles, d\u2019incisions ou d\u2019anesth\u00e9sie.<\/li>\n<li><strong>S\u00fbr et efficace :<\/strong>\u00a0La machine de sculpture \u00e0 chaud utilise une technologie cliniquement \u00e9prouv\u00e9e et un contr\u00f4le de la temp\u00e9rature en temps r\u00e9el pour garantir un traitement s\u00fbr et efficace.<\/li>\n<li><strong>Traitement personnalis\u00e9 :<\/strong>\u00a0L&#039;appareil peut \u00eatre personnalis\u00e9 pour cibler des zones sp\u00e9cifiques, notamment l&#039;abdomen, les bras, les jambes, le visage, etc.<\/li>\n<li><strong>Zones de traitement simultan\u00e9es :<\/strong>\u00a0Traitez plusieurs zones de votre corps en m\u00eame temps, maximisant ainsi l\u2019efficacit\u00e9 et les r\u00e9sultats.<\/li>\n<li><strong>Pas de temps d&#039;arr\u00eat :<\/strong>\u00a0Reprenez vos activit\u00e9s quotidiennes imm\u00e9diatement apr\u00e8s votre s\u00e9ance de traitement.<\/li>\n<li><strong>R\u00e9sultats durables :<\/strong>\u00a0Avec un mode de vie sain, les r\u00e9sultats du Hot Sculpting peuvent durer des mois, voire des ann\u00e9es.<\/li>\n<\/ul>\n<table style=\"border-collapse: collapse; width: 100%;\">\n<tbody>\n<tr>\n<td style=\"width: 50%;\"><img loading=\"lazy\" decoding=\"async\" class=\"aligncenter\" title=\"Machine de sculpture \u00e0 chaud\" src=\"https:\/\/sc04.alicdn.com\/kf\/H6f119de25b0645a28c04655865ea68d5T\/247315878\/H6f119de25b0645a28c04655865ea68d5T.jpg\" alt=\"Machine de sculpture \u00e0 chaud\" width=\"406\" height=\"708\" data-src=\"\/\/sc04.alicdn.com\/kf\/H6f119de25b0645a28c04655865ea68d5T\/247315878\/H6f119de25b0645a28c04655865ea68d5T.jpg\" data-spm-anchor-id=\"a2700.details.0.i50.7be628c5jGYoTf\" \/><\/td>\n<td style=\"width: 50%;\"><img loading=\"lazy\" decoding=\"async\" class=\"aligncenter\" title=\"Machine de sculpture \u00e0 chaud\" src=\"https:\/\/sc04.alicdn.com\/kf\/Hcf8c631ba8074b039d316f48594a26bew\/247315878\/Hcf8c631ba8074b039d316f48594a26bew.jpg\" alt=\"Machine de sculpture \u00e0 chaud\" width=\"346\" height=\"742\" data-src=\"\/\/sc04.alicdn.com\/kf\/Hcf8c631ba8074b039d316f48594a26bew\/247315878\/Hcf8c631ba8074b039d316f48594a26bew.jpg\" \/><\/td>\n<\/tr>\n<\/tbody>\n<\/table>\n<h2>Sculpture \u00e0 chaud : une science \u00e0 l&#039;appui<\/h2>\n<h3>Des r\u00e9sultats cliniquement prouv\u00e9s auxquels vous pouvez faire confiance<\/h3>\n<p>L&#039;efficacit\u00e9 de la machine de modelage \u00e0 chaud est confirm\u00e9e par des recherches cliniques et des \u00e9tudes histologiques approfondies :<\/p>\n<ul>\n<li><strong>R\u00e9duction des graisses :<\/strong>\u00a0Des \u00e9tudes ont montr\u00e9 une r\u00e9duction moyenne de la graisse de 26% dans les zones trait\u00e9es apr\u00e8s une s\u00e9rie de s\u00e9ances de Hot Sculpting.<\/li>\n<li><strong>Stimulation du collag\u00e8ne :<\/strong>\u00a0L\u2019\u00e9nergie RF stimule \u00e9galement la production de collag\u00e8ne, ce qui donne une peau plus ferme, plus tendue et plus jeune.<\/li>\n<\/ul>\n<h2>Conclusion<\/h2>\n<p>La machine de modelage \u00e0 chaud r\u00e9volutionne la fa\u00e7on dont nous abordons le remodelage corporel. Cette technologie innovante offre un moyen s\u00fbr, efficace et confortable d&#039;obtenir la silhouette souhait\u00e9e avec des r\u00e9sultats durables. Dites adieu \u00e0 la graisse tenace et bonjour \u00e0 une personne plus confiante gr\u00e2ce au pouvoir transformateur du modelage \u00e0 chaud.<\/p>\n<\/div>\n<\/div>\n<div>\n<div>\n<div>\n<div>\n<h2><strong>Personnaliser Le Logo<\/strong><\/h2>\n<p>Vous voulez faire de votre marque de se d\u00e9marquer? Nous vous proposons logo personnalis\u00e9 de services pour vous aider \u00e0 cr\u00e9er un unique et personnalis\u00e9e de logo, qui refl\u00e8te l&#039;identit\u00e9 de votre marque. Notre \u00e9quipe d&#039;experts travaillera en \u00e9troite collaboration avec vous pour concevoir un logo qui r\u00e9sonne avec les valeurs de votre marque et de messagerie. Si vous \u00eates \u00e0 la recherche de r\u00e9organiser votre logo existant ou en cr\u00e9er un nouveau \u00e0 partir de z\u00e9ro, nous vous avons avons couvert. <a href=\"\/fr\/contact\/\">Contactez-nous<\/a> aujourd&#039;hui pour en savoir plus sur notre logo personnalis\u00e9 de services!<\/p>\n<\/div>\n<\/div>\n<div>\n<div>\n<div>\n<div><\/div>\n<\/div>\n<\/div>\n<\/div>\n<\/div>\n<\/div>","protected":false},"excerpt":{"rendered":"<p>D\u00e9couvrez la Hot Sculpting Machine \u2013 la solution de remodelage corporel non invasive que vous attendiez ! Cette technologie RF r\u00e9volutionnaire fait fondre la graisse et raffermit la peau, r\u00e9v\u00e9lant une silhouette plus mince et plus sculpt\u00e9e. Apprenez-en plus et r\u00e9servez votre consultation d\u00e8s aujourd&#039;hui !<\/p>","protected":false},"featured_media":1809,"comment_status":"open","ping_status":"closed","template":"","meta":{"_kad_post_transparent":"default","_kad_post_title":"","_kad_post_layout":"default","_kad_post_sidebar_id":"","_kad_post_content_style":"default","_kad_post_vertical_padding":"default","_kad_post_feature":"","_kad_post_feature_position":"","_kad_post_header":false,"_kad_post_footer":false,"_kad_post_classname":"","rank_math_title":"","rank_math_description":"","rank_math_focus_keyword":""},"product_brand":[],"product_cat":[31],"product_tag":[],"class_list":{"0":"post-1771","1":"product","2":"type-product","3":"status-publish","4":"has-post-thumbnail","6":"product_cat-body-slimming","8":"first","9":"instock","10":"shipping-taxable","11":"product-type-simple","12":"entry","13":"content-bg","14":"loop-entry"},"_links":{"self":[{"href":"https:\/\/skbty.com\/fr\/wp-json\/wp\/v2\/product\/1771","targetHints":{"allow":["GET"]}}],"collection":[{"href":"https:\/\/skbty.com\/fr\/wp-json\/wp\/v2\/product"}],"about":[{"href":"https:\/\/skbty.com\/fr\/wp-json\/wp\/v2\/types\/product"}],"replies":[{"embeddable":true,"href":"https:\/\/skbty.com\/fr\/wp-json\/wp\/v2\/comments?post=1771"}],"wp:featuredmedia":[{"embeddable":true,"href":"https:\/\/skbty.com\/fr\/wp-json\/wp\/v2\/media\/1809"}],"wp:attachment":[{"href":"https:\/\/skbty.com\/fr\/wp-json\/wp\/v2\/media?parent=1771"}],"wp:term":[{"taxonomy":"product_brand","embeddable":true,"href":"https:\/\/skbty.com\/fr\/wp-json\/wp\/v2\/product_brand?post=1771"},{"taxonomy":"product_cat","embeddable":true,"href":"https:\/\/skbty.com\/fr\/wp-json\/wp\/v2\/product_cat?post=1771"},{"taxonomy":"product_tag","embeddable":true,"href":"https:\/\/skbty.com\/fr\/wp-json\/wp\/v2\/product_tag?post=1771"}],"curies":[{"name":"Wp wp","href":"https:\/\/api.w.org\/{rel}","templated":true}]}}