{"id":1788,"date":"2023-06-13T19:28:38","date_gmt":"2023-06-13T11:28:38","guid":{"rendered":"https:\/\/skbty.com\/?post_type=product&#038;p=1788"},"modified":"2024-06-25T16:56:16","modified_gmt":"2024-06-25T08:56:16","slug":"machine-de-microneedling-rf-3-en-1","status":"publish","type":"product","link":"https:\/\/skbty.com\/fr\/produit\/machine-de-microneedling-rf-3-en-1\/","title":{"rendered":"Machine de microneedling RF 3 en 1"},"content":{"rendered":"<div class=\"J_module\">\n<div class=\"ife-detail-decorate-table\">\n<h2>Machine de microneedling RF 3 en 1 : rajeunissez votre peau avec pr\u00e9cision<\/h2>\n<h2>Introduction<\/h2>\n<p>Faites l&#039;exp\u00e9rience d&#039;un rajeunissement cutan\u00e9 ultime avec la machine de microneedling RF 3 en 1 de pointe. Cet appareil innovant combine la puissance de l&#039;\u00e9nergie de radiofr\u00e9quence (RF) et du microneedling pour stimuler la production de collag\u00e8ne, raffermir la peau et traiter un large \u00e9ventail de probl\u00e8mes cutan\u00e9s, des rides et cicatrices d&#039;acn\u00e9 aux vergetures et \u00e0 la texture in\u00e9gale.<\/p>\n<h3><img loading=\"lazy\" decoding=\"async\" class=\"magic-7 aligncenter\" title=\"Machine de micro-aiguilletage RF\" src=\"https:\/\/sc04.alicdn.com\/kf\/H4eef1bf8fc684ced9730c0bc99cf73eac\/247315878\/H4eef1bf8fc684ced9730c0bc99cf73eac.jpg\" alt=\"Machine de micro-aiguilletage RF\" width=\"504\" height=\"711\" data-src=\"\/\/sc04.alicdn.com\/kf\/H4eef1bf8fc684ced9730c0bc99cf73eac\/247315878\/H4eef1bf8fc684ced9730c0bc99cf73eac.jpg\" \/><\/h3>\n<table style=\"border-collapse: collapse; width: 100%;\">\n<tbody>\n<tr>\n<td style=\"width: 50%;\"><img loading=\"lazy\" decoding=\"async\" class=\"magic-7 aligncenter\" title=\"Machine de micro-aiguilletage RF\" src=\"https:\/\/sc04.alicdn.com\/kf\/H72dff4b1dbc545759e0e868870d78ec0A\/247315878\/H72dff4b1dbc545759e0e868870d78ec0A.jpg\" alt=\"Machine de micro-aiguilletage RF\" width=\"460\" height=\"460\" data-src=\"\/\/sc04.alicdn.com\/kf\/H72dff4b1dbc545759e0e868870d78ec0A\/247315878\/H72dff4b1dbc545759e0e868870d78ec0A.jpg\" \/><\/td>\n<td style=\"width: 50%;\"><img loading=\"lazy\" decoding=\"async\" class=\"magic-7 aligncenter\" title=\"Machine de micro-aiguilletage RF\" src=\"https:\/\/sc04.alicdn.com\/kf\/H0bea08b2980d4b9f870beacf8d4e9485O\/247315878\/H0bea08b2980d4b9f870beacf8d4e9485O.jpg\" alt=\"Machine de micro-aiguilletage RF\" width=\"452\" height=\"412\" data-src=\"\/\/sc04.alicdn.com\/kf\/H0bea08b2980d4b9f870beacf8d4e9485O\/247315878\/H0bea08b2980d4b9f870beacf8d4e9485O.jpg\" \/><\/td>\n<\/tr>\n<\/tbody>\n<\/table>\n<h2>Comprendre la science : le microneedling RF expliqu\u00e9<\/h2>\n<h3>Comment \u00e7a marche : une puissante synergie<\/h3>\n<p>La machine de microneedling RF 3 en 1 offre des r\u00e9sultats remarquables en combinant deux technologies \u00e9prouv\u00e9es :<\/p>\n<ol>\n<li><strong>Micro-aiguilletage :<\/strong>\u00a0Cette proc\u00e9dure mini-invasive utilise de minuscules aiguilles st\u00e9riles pour cr\u00e9er des micro-canaux dans la peau, d\u00e9clenchant la r\u00e9ponse de gu\u00e9rison naturelle du corps et stimulant la production de collag\u00e8ne et d&#039;\u00e9lastine.<\/li>\n<li><strong>\u00c9nergie radiofr\u00e9quence :<\/strong>\u00a0Simultan\u00e9ment, l\u2019\u00e9nergie RF est d\u00e9livr\u00e9e directement aux couches plus profondes de la peau gr\u00e2ce aux micro-aiguilles, am\u00e9liorant encore la production de collag\u00e8ne et le resserrement des tissus.<\/li>\n<\/ol>\n<h3><img loading=\"lazy\" decoding=\"async\" class=\"magic-7 aligncenter\" title=\"Machine de micro-aiguilletage RF\" src=\"https:\/\/sc04.alicdn.com\/kf\/H8d4fde7a23cc4e188171b74cf72e0e49F\/247315878\/H8d4fde7a23cc4e188171b74cf72e0e49F.jpg\" alt=\"Machine de micro-aiguilletage RF\" width=\"494\" height=\"499\" data-src=\"\/\/sc04.alicdn.com\/kf\/H8d4fde7a23cc4e188171b74cf72e0e49F\/247315878\/H8d4fde7a23cc4e188171b74cf72e0e49F.jpg\" \/><\/h3>\n<h3>Cibler les probl\u00e8mes de peau avec pr\u00e9cision<\/h3>\n<p>La machine de microneedling RF 3 en 1 est tr\u00e8s efficace pour traiter une vari\u00e9t\u00e9 de probl\u00e8mes de peau, notamment\u00a0:<\/p>\n<ul>\n<li><strong>Rides et ridules :<\/strong>\u00a0Stimule la production de collag\u00e8ne pour lisser les rides et restaurer une apparence jeune.<\/li>\n<li><strong>Cicatrices d&#039;acn\u00e9 :<\/strong>\u00a0R\u00e9duit l\u2019apparence des cicatrices d\u2019acn\u00e9 en favorisant le remodelage du collag\u00e8ne et le resurfa\u00e7age de la peau.<\/li>\n<li><strong>Vergetures :<\/strong>\u00a0Minimise l\u2019apparence des vergetures en stimulant la production de collag\u00e8ne et d\u2019\u00e9lastine dans la zone touch\u00e9e.<\/li>\n<li><strong>Pores dilat\u00e9s :<\/strong>\u00a0Resserre et affine les pores pour une texture de peau plus lisse et plus uniforme.<\/li>\n<li><strong>Teint et texture de peau irr\u00e9guliers :<\/strong>\u00a0Favorise un teint plus lumineux et plus \u00e9clatant en r\u00e9duisant l\u2019hyperpigmentation et en am\u00e9liorant la texture de la peau.<\/li>\n<\/ul>\n<h2>Avantages de la machine de microneedling RF 3 en 1<\/h2>\n<h3>Vivez la transformation<\/h3>\n<p>Ce traitement avanc\u00e9 de rajeunissement de la peau offre une gamme d&#039;avantages :<\/p>\n<ul>\n<li><strong>S\u00fbr et efficace :<\/strong>\u00a0Convient \u00e0 tous les types et tons de peau.<\/li>\n<li><strong>Minimalement invasif :<\/strong>\u00a0N\u00e9cessite peu ou pas de temps d\u2019arr\u00eat.<\/li>\n<li><strong>Traitements personnalisables :<\/strong>\u00a0Diff\u00e9rentes profondeurs d\u2019aiguilles et niveaux d\u2019\u00e9nergie RF peuvent \u00eatre ajust\u00e9s pour cibler des probl\u00e8mes de peau sp\u00e9cifiques.<\/li>\n<li><strong>R\u00e9sultats d&#039;apparence naturelle :<\/strong>\u00a0Stimule les processus de gu\u00e9rison de votre corps pour des am\u00e9liorations progressives et durables.<\/li>\n<li><strong>Applications polyvalentes :<\/strong>\u00a0Peut \u00eatre utilis\u00e9 sur le visage, le corps et les zones d\u00e9licates comme les yeux.<\/li>\n<\/ul>\n<h2>Micro-aiguilles RF en or : la r\u00e9f\u00e9rence absolue<\/h2>\n<p>Cette machine 3 en 1 est \u00e9quip\u00e9e de micro-aiguilles RF en or, offrant plusieurs avantages :<\/p>\n<ul>\n<li><strong>Conductivit\u00e9 am\u00e9lior\u00e9e :<\/strong>\u00a0L\u2019or est un excellent conducteur d\u2019\u00e9nergie RF, assurant une distribution optimale de l\u2019\u00e9nergie aux tissus cibl\u00e9s.<\/li>\n<li><strong>Biocompatibilit\u00e9 :<\/strong>\u00a0L\u2019or est hautement biocompatible, minimisant ainsi le risque de r\u00e9actions allergiques ou d\u2019irritation cutan\u00e9e.<\/li>\n<li><strong>Pr\u00e9cision et Confort :<\/strong>\u00a0Les aiguilles fines et isol\u00e9es d\u00e9livrent l\u2019\u00e9nergie RF avec pr\u00e9cision, minimisant ainsi l\u2019inconfort pendant le traitement.<\/li>\n<\/ul>\n<h2><img loading=\"lazy\" decoding=\"async\" class=\"magic-7 aligncenter\" title=\"Machine de micro-aiguilletage RF\" src=\"https:\/\/sc04.alicdn.com\/kf\/H7d7f15a834ba430c9084ba75d1c9bae3Z\/247315878\/H7d7f15a834ba430c9084ba75d1c9bae3Z.jpg\" alt=\"Machine de micro-aiguilletage RF\" width=\"539\" height=\"495\" data-src=\"\/\/sc04.alicdn.com\/kf\/H7d7f15a834ba430c9084ba75d1c9bae3Z\/247315878\/H7d7f15a834ba430c9084ba75d1c9bae3Z.jpg\" \/><\/h2>\n<h2>Conclusion<\/h2>\n<p>La machine de microneedling RF 3 en 1 change la donne dans le monde du rajeunissement de la peau. Ce traitement innovant combine la puissance du microneedling et de l&#039;\u00e9nergie radiofr\u00e9quence pour offrir des r\u00e9sultats exceptionnels pour un large \u00e9ventail de probl\u00e8mes de peau. Red\u00e9couvrez l&#039;\u00e9clat naturel de votre peau et obtenez un teint plus lisse et plus jeune gr\u00e2ce \u00e0 cette technologie avanc\u00e9e.<\/p>\n<p>&nbsp;<\/p>\n<\/div>\n<\/div>\n<div class=\"J_module\">\n<div class=\"icbu-pc-images magic-8\">\n<div class=\"flex-layout-v\">\n<div class=\"flex-layout-h magic-8\">\n<div class=\"magic-11\">\n<div>\n<div>\n<h2><strong>Personnaliser Le Logo<\/strong><\/h2>\n<p>Vous voulez faire de votre marque de se d\u00e9marquer? Nous vous proposons logo personnalis\u00e9 de services pour vous aider \u00e0 cr\u00e9er un unique et personnalis\u00e9e de logo, qui refl\u00e8te l&#039;identit\u00e9 de votre marque. Notre \u00e9quipe d&#039;experts travaillera en \u00e9troite collaboration avec vous pour concevoir un logo qui r\u00e9sonne avec les valeurs de votre marque et de messagerie. Si vous \u00eates \u00e0 la recherche de r\u00e9organiser votre logo existant ou en cr\u00e9er un nouveau \u00e0 partir de z\u00e9ro, nous vous avons avons couvert. <a href=\"\/fr\/contact\/\">Contactez-nous<\/a> aujourd&#039;hui pour en savoir plus sur notre logo personnalis\u00e9 de services!<\/p>\n<\/div>\n<\/div>\n<div>\n<div>\n<div>\n<div><\/div>\n<\/div>\n<\/div>\n<\/div>\n<\/div>\n<\/div>\n<\/div>\n<\/div>\n<\/div>","protected":false},"excerpt":{"rendered":"<p>Faites l&#039;exp\u00e9rience du rajeunissement ultime de la peau avec la machine de microneedling RF 3 en 1 ! Ce traitement innovant combine le microneedling et l&#039;\u00e9nergie radiofr\u00e9quence pour stimuler le collag\u00e8ne, raffermir la peau et r\u00e9pondre \u00e0 un large \u00e9ventail de probl\u00e8mes de peau. R\u00e9servez votre consultation d\u00e8s aujourd&#039;hui !<\/p>","protected":false},"featured_media":1789,"comment_status":"open","ping_status":"closed","template":"","meta":{"_kad_post_transparent":"default","_kad_post_title":"","_kad_post_layout":"default","_kad_post_sidebar_id":"","_kad_post_content_style":"default","_kad_post_vertical_padding":"default","_kad_post_feature":"","_kad_post_feature_position":"","_kad_post_header":false,"_kad_post_footer":false,"_kad_post_classname":"","rank_math_title":"","rank_math_description":"","rank_math_focus_keyword":""},"product_brand":[],"product_cat":[30],"product_tag":[],"class_list":{"0":"post-1788","1":"product","2":"type-product","3":"status-publish","4":"has-post-thumbnail","6":"product_cat-microneedle","8":"first","9":"instock","10":"shipping-taxable","11":"product-type-simple","12":"entry","13":"content-bg","14":"loop-entry"},"_links":{"self":[{"href":"https:\/\/skbty.com\/fr\/wp-json\/wp\/v2\/product\/1788","targetHints":{"allow":["GET"]}}],"collection":[{"href":"https:\/\/skbty.com\/fr\/wp-json\/wp\/v2\/product"}],"about":[{"href":"https:\/\/skbty.com\/fr\/wp-json\/wp\/v2\/types\/product"}],"replies":[{"embeddable":true,"href":"https:\/\/skbty.com\/fr\/wp-json\/wp\/v2\/comments?post=1788"}],"wp:featuredmedia":[{"embeddable":true,"href":"https:\/\/skbty.com\/fr\/wp-json\/wp\/v2\/media\/1789"}],"wp:attachment":[{"href":"https:\/\/skbty.com\/fr\/wp-json\/wp\/v2\/media?parent=1788"}],"wp:term":[{"taxonomy":"product_brand","embeddable":true,"href":"https:\/\/skbty.com\/fr\/wp-json\/wp\/v2\/product_brand?post=1788"},{"taxonomy":"product_cat","embeddable":true,"href":"https:\/\/skbty.com\/fr\/wp-json\/wp\/v2\/product_cat?post=1788"},{"taxonomy":"product_tag","embeddable":true,"href":"https:\/\/skbty.com\/fr\/wp-json\/wp\/v2\/product_tag?post=1788"}],"curies":[{"name":"Wp wp","href":"https:\/\/api.w.org\/{rel}","templated":true}]}}