{"id":1841,"date":"2023-06-14T17:11:24","date_gmt":"2023-06-14T09:11:24","guid":{"rendered":"https:\/\/skbty.com\/?post_type=product&#038;p=1841"},"modified":"2026-03-31T17:10:07","modified_gmt":"2026-03-31T09:10:07","slug":"maitre-de-la-fievre-448k-portable-despagne","status":"publish","type":"product","link":"https:\/\/skbty.com\/fr\/produit\/maitre-de-la-fievre-448k-portable-despagne\/","title":{"rendered":"Portable Espagne 448k Fi\u00e8vre Ma\u00eetre"},"content":{"rendered":"<div class=\"J_module\">\n<div class=\"icbu-pc-detailManyImage magic-2\">\n<div>\n<h2>448K Fever Master : le guide ultime de cet appareil innovant<\/h2>\n<p>Le 448K Fever Master est un appareil r\u00e9volutionnaire qui utilise une technologie de pointe pour r\u00e9pondre \u00e0 un large \u00e9ventail de probl\u00e8mes de sant\u00e9 et de beaut\u00e9. Ce guide complet vous plongera dans les principes de fonctionnement, les avantages et les applications de l&#039;instrument.<\/p>\n<table style=\"border-collapse: collapse; width: 100%;\">\n<tbody>\n<tr>\n<td style=\"width: 50%;\"><img loading=\"lazy\" decoding=\"async\" class=\"aligncenter wp-image-3190\" src=\"https:\/\/skbty.com\/wp-content\/uploads\/2023\/06\/BD3-1024x1024.jpg\" alt=\"448k fi\u00e8vre ma\u00eetre\" width=\"355\" height=\"355\" data-wp-pid=\"3190\" srcset=\"https:\/\/skbty.com\/wp-content\/uploads\/2023\/06\/BD3-1024x1024.jpg 1024w, https:\/\/skbty.com\/wp-content\/uploads\/2023\/06\/BD3-300x300.jpg 300w, https:\/\/skbty.com\/wp-content\/uploads\/2023\/06\/BD3-150x150.jpg 150w, https:\/\/skbty.com\/wp-content\/uploads\/2023\/06\/BD3-768x768.jpg 768w, https:\/\/skbty.com\/wp-content\/uploads\/2023\/06\/BD3-1536x1536.jpg 1536w, https:\/\/skbty.com\/wp-content\/uploads\/2023\/06\/BD3-2048x2048.jpg 2048w, https:\/\/skbty.com\/wp-content\/uploads\/2023\/06\/BD3-1320x1320.jpg 1320w, https:\/\/skbty.com\/wp-content\/uploads\/2023\/06\/BD3-600x600.jpg 600w, https:\/\/skbty.com\/wp-content\/uploads\/2023\/06\/BD3-100x100.jpg 100w, https:\/\/skbty.com\/wp-content\/uploads\/2023\/06\/BD3-1200x1200.jpg 1200w\" sizes=\"auto, (max-width: 355px) 100vw, 355px\" \/><\/td>\n<td style=\"width: 50%;\"><img loading=\"lazy\" decoding=\"async\" class=\"aligncenter wp-image-3197\" src=\"https:\/\/skbty.com\/wp-content\/uploads\/2023\/06\/448k-white.jpg\" alt=\"448k fi\u00e8vre ma\u00eetre\" width=\"318\" height=\"279\" data-wp-pid=\"3197\" srcset=\"https:\/\/skbty.com\/wp-content\/uploads\/2023\/06\/448k-white.jpg 956w, https:\/\/skbty.com\/wp-content\/uploads\/2023\/06\/448k-white-300x263.jpg 300w, https:\/\/skbty.com\/wp-content\/uploads\/2023\/06\/448k-white-768x673.jpg 768w, https:\/\/skbty.com\/wp-content\/uploads\/2023\/06\/448k-white-600x526.jpg 600w\" sizes=\"auto, (max-width: 318px) 100vw, 318px\" \/><\/td>\n<\/tr>\n<\/tbody>\n<\/table>\n<h3><strong>Principe de fonctionnement du 448k Fever Master<\/strong><\/h3>\n<p>La technologie de base du 448K Fever Master est issue des recherches du scientifique espagnol Joseph Calbet. Il a d\u00e9couvert qu&#039;une augmentation de la temp\u00e9rature dans la partie profonde du corps peut cibler efficacement les cellules canc\u00e9reuses. Bien que l&#039;instrument puisse augmenter la temp\u00e9rature des cellules canc\u00e9reuses \u00e0 35 degr\u00e9s, il n&#039;endommage pas les cellules saines. Cette augmentation de la temp\u00e9rature inhibe la r\u00e9plication des cellules canc\u00e9reuses et favorise la mort cellulaire.<\/p>\n<p>La technologie du 448K Fever Master s&#039;\u00e9tend au-del\u00e0 du traitement du cancer. Elle peut \u00e9galement \u00eatre appliqu\u00e9e \u00e0 la beaut\u00e9, favorisant une peau saine et r\u00e9duisant la graisse. La capacit\u00e9 de l&#039;instrument \u00e0 r\u00e9guler la temp\u00e9rature interne est essentielle pour renforcer le syst\u00e8me immunitaire et am\u00e9liorer la sant\u00e9 globale.<\/p>\n<h3><img loading=\"lazy\" decoding=\"async\" class=\"magic-4 aligncenter\" title=\"448K Ma\u00eetre de la fi\u00e8vre\" src=\"https:\/\/sc04.alicdn.com\/kf\/Hc76c90c080b440d29134682a88d12c77D\/247315878\/Hc76c90c080b440d29134682a88d12c77D.png\" alt=\"448K Ma\u00eetre de la fi\u00e8vre\" width=\"618\" height=\"464\" data-src=\"\/\/sc04.alicdn.com\/kf\/Hc76c90c080b440d29134682a88d12c77D\/247315878\/Hc76c90c080b440d29134682a88d12c77D.png\" \/><\/h3>\n<h3><strong>Poign\u00e9e de fascia<\/strong><\/h3>\n<p>Le manche Fascia int\u00e8gre la technologie EMS, qui permet de stimuler le corps par micro-courant. Cette stimulation permet de fermer le circuit de circulation de la douleur, favorisant ainsi la circulation sanguine et r\u00e9duisant la douleur. Les micro-vibrations et l&#039;augmentation de la temp\u00e9rature au niveau du site de massage am\u00e9liorent encore la circulation sanguine, stimulant ainsi la r\u00e9paration musculaire.<\/p>\n<h3><img loading=\"lazy\" decoding=\"async\" class=\"magic-4 aligncenter\" title=\"448K Ma\u00eetre de la fi\u00e8vre\" src=\"https:\/\/sc04.alicdn.com\/kf\/H8605842074f647148226e24a7643c3a1M\/247315878\/H8605842074f647148226e24a7643c3a1M.png\" alt=\"448K Ma\u00eetre de la fi\u00e8vre\" width=\"901\" height=\"676\" data-src=\"\/\/sc04.alicdn.com\/kf\/H8605842074f647148226e24a7643c3a1M\/247315878\/H8605842074f647148226e24a7643c3a1M.png\" \/><\/h3>\n<h3><strong>Principe de la PAC<\/strong><\/h3>\n<p>Le principe CAP utilise une temp\u00e9rature ambiante constante et un chauffage en profondeur par radiofr\u00e9quence pour garantir une exp\u00e9rience confortable. Cette technologie g\u00e9n\u00e8re une chaleur pr\u00e9cise, ciblant les couches les plus profondes de la peau, stimulant la production de particules collo\u00efdales ioniques et charg\u00e9es. La friction g\u00e9n\u00e9r\u00e9e par les vibrations produit une \u00e9nergie thermique rapide, tandis que l&#039;action de la r\u00e9sonance mol\u00e9culaire polaire sous l&#039;action de la r\u00e9sonance mol\u00e9culaire polaire chauffe le tissu collag\u00e8ne de la couche dermique.<\/p>\n<h3><strong>Principe RES<\/strong><\/h3>\n<p>Le principe RES utilise une \u00e9nergie \u00e0 haute fr\u00e9quence pour p\u00e9n\u00e9trer profond\u00e9ment dans le corps humain, en ciblant sp\u00e9cifiquement le cortex cutan\u00e9. Ce processus g\u00e9n\u00e8re une chaleur profonde, d\u00e9composant la graisse corporelle et r\u00e9duisant le poids. Les courants \u00e0 haute fr\u00e9quence sont transmis aux tissus humains et, en raison de la faible amplitude de vibration, le mouvement des ions est minimal.<\/p>\n<table style=\"border-collapse: collapse; width: 100%;\">\n<tbody>\n<tr>\n<td style=\"width: 50%;\"><img loading=\"lazy\" decoding=\"async\" class=\"magic-4 aligncenter\" title=\"448K Ma\u00eetre de la fi\u00e8vre\" src=\"https:\/\/sc04.alicdn.com\/kf\/H174b4308e2854fc89f49039a35bdc442T\/247315878\/H174b4308e2854fc89f49039a35bdc442T.png\" alt=\"448K Ma\u00eetre de la fi\u00e8vre\" width=\"901\" height=\"675\" data-src=\"\/\/sc04.alicdn.com\/kf\/H174b4308e2854fc89f49039a35bdc442T\/247315878\/H174b4308e2854fc89f49039a35bdc442T.png\" \/><\/td>\n<td style=\"width: 50%;\"><img loading=\"lazy\" decoding=\"async\" class=\"magic-4 aligncenter\" title=\"448K Ma\u00eetre de la fi\u00e8vre\" src=\"https:\/\/sc04.alicdn.com\/kf\/Ha4f89871856849dbb6b7387d27192859T\/247315878\/Ha4f89871856849dbb6b7387d27192859T.png\" alt=\"448K Ma\u00eetre de la fi\u00e8vre\" width=\"900\" height=\"675\" data-src=\"\/\/sc04.alicdn.com\/kf\/Ha4f89871856849dbb6b7387d27192859T\/247315878\/Ha4f89871856849dbb6b7387d27192859T.png\" \/><\/td>\n<\/tr>\n<\/tbody>\n<\/table>\n<h3><strong>Image physique de l&#039;instrument<\/strong><\/h3>\n<p>Le 448K Fever Master comprend deux \u00e9l\u00e9ments principaux : l&#039;h\u00f4te et le spectacle. L&#039;h\u00f4te abrite le panneau de commande et les circuits, tandis que le spectacle comprend les diff\u00e9rentes poign\u00e9es et sondes de commande.<\/p>\n<p><img loading=\"lazy\" decoding=\"async\" class=\"magic-4 aligncenter\" title=\"448K Ma\u00eetre de la fi\u00e8vre\" src=\"https:\/\/sc04.alicdn.com\/kf\/H2ee5a872125f4e8aad4936c77cd83b00i\/247315878\/H2ee5a872125f4e8aad4936c77cd83b00i.png\" alt=\"448K Ma\u00eetre de la fi\u00e8vre\" width=\"636\" height=\"477\" data-src=\"\/\/sc04.alicdn.com\/kf\/H2ee5a872125f4e8aad4936c77cd83b00i\/247315878\/H2ee5a872125f4e8aad4936c77cd83b00i.png\" \/><\/p>\n<h3><strong>Pi\u00e8ces de fonctionnement et avantages<\/strong><\/h3>\n<p>Le 448K Fever Master b\u00e9n\u00e9ficie d&#039;une conception polyvalente avec plusieurs pi\u00e8ces fonctionnelles, chacune adapt\u00e9e \u00e0 des zones sp\u00e9cifiques du corps.<\/p>\n<ul>\n<li><strong>Cuir chevelu:<\/strong>\u00a0L&#039;appareil am\u00e9liore efficacement la sant\u00e9 du cuir chevelu et r\u00e9duit la perte de cheveux.<\/li>\n<li><strong>N&#039;importe quelle partie du corps :<\/strong>\u00a0Il peut \u00eatre utilis\u00e9 pour am\u00e9liorer le bien-\u00eatre g\u00e9n\u00e9ral et am\u00e9liorer la sensation de froid.<\/li>\n<li><strong>Taille et abdomen :<\/strong>\u00a0L&#039;instrument aide \u00e0 r\u00e9duire la graisse postnatale et cible les d\u00e9p\u00f4ts de graisse tenaces au niveau de la taille et de l&#039;abdomen.<\/li>\n<li><strong>Jambes:<\/strong>\u00a0Il r\u00e9pare les dommages et soulage la fatigue des jambes.<\/li>\n<\/ul>\n<div class=\"magic-3\"><\/div>\n<div>\n<table style=\"border-collapse: collapse; width: 100%;\">\n<tbody>\n<tr>\n<td style=\"width: 35.7909%;\"><img loading=\"lazy\" decoding=\"async\" class=\"magic-6 aligncenter\" title=\"448K Ma\u00eetre de la fi\u00e8vre\" src=\"https:\/\/sc04.alicdn.com\/kf\/H2e4874ee8d4940f89f92e470df3869f4b\/247315878\/H2e4874ee8d4940f89f92e470df3869f4b.png\" alt=\"448K Ma\u00eetre de la fi\u00e8vre\" width=\"315\" height=\"468\" data-src=\"\/\/sc04.alicdn.com\/kf\/H2e4874ee8d4940f89f92e470df3869f4b\/247315878\/H2e4874ee8d4940f89f92e470df3869f4b.png\" \/><\/td>\n<td style=\"width: 64.2091%;\"><img loading=\"lazy\" decoding=\"async\" class=\"aligncenter wp-image-2621\" title=\"448K Ma\u00eetre de la fi\u00e8vre\" src=\"https:\/\/skbty.com\/wp-content\/uploads\/2023\/06\/1-1.png\" alt=\"448K Ma\u00eetre de la fi\u00e8vre\" width=\"688\" height=\"237\" srcset=\"https:\/\/skbty.com\/wp-content\/uploads\/2023\/06\/1-1.png 858w, https:\/\/skbty.com\/wp-content\/uploads\/2023\/06\/1-1-300x103.png 300w, https:\/\/skbty.com\/wp-content\/uploads\/2023\/06\/1-1-768x265.png 768w, https:\/\/skbty.com\/wp-content\/uploads\/2023\/06\/1-1-600x207.png 600w\" sizes=\"auto, (max-width: 688px) 100vw, 688px\" \/><\/td>\n<\/tr>\n<\/tbody>\n<\/table>\n<\/div>\n<h3><strong>Conclusion<\/strong><\/h3>\n<p>Le 448K Fever Master est un appareil de pointe qui allie technologie de pointe et polyvalence pour r\u00e9pondre \u00e0 un large \u00e9ventail de probl\u00e8mes de sant\u00e9 et de beaut\u00e9. Son approche innovante offre une solution compl\u00e8te pour am\u00e9liorer le bien-\u00eatre g\u00e9n\u00e9ral et obtenir les r\u00e9sultats esth\u00e9tiques souhait\u00e9s.<\/p>\n<\/div>\n<div class=\"magic-3\">\n<h3><strong>Personnaliser Le Logo<\/strong><\/h3>\n<p>Vous voulez faire de votre marque de se d\u00e9marquer? Nous vous proposons logo personnalis\u00e9 de services pour vous aider \u00e0 cr\u00e9er un unique et personnalis\u00e9e de logo, qui refl\u00e8te l&#039;identit\u00e9 de votre marque. Notre \u00e9quipe d&#039;experts travaillera en \u00e9troite collaboration avec vous pour concevoir un logo qui r\u00e9sonne avec les valeurs de votre marque et de messagerie. Si vous \u00eates \u00e0 la recherche de r\u00e9organiser votre logo existant ou en cr\u00e9er un nouveau \u00e0 partir de z\u00e9ro, nous vous avons avons couvert. <a href=\"\/fr\/contact\/\">Contactez-nous<\/a> aujourd&#039;hui pour en savoir plus sur notre logo personnalis\u00e9 de services!<\/p>\n<\/div>\n<div class=\"magic-5\"><\/div>\n<\/div>\n<\/div>","protected":false},"excerpt":{"rendered":"<p>La technologie de base de cet instrument peut \u00e9galement \u00eatre appliqu\u00e9e \u00e0 la beaut\u00e9. L&#039;augmentation de la temp\u00e9rature corporelle n&#039;est pas seulement pour la beaut\u00e9, mais aussi pour les parties profondes du corps lors de l&#039;op\u00e9ration. Et la temp\u00e9rature interne et votre sant\u00e9 sont tr\u00e8s \u00e9troitement li\u00e9es. Avec une augmentation de la temp\u00e9rature corporelle d&#039;un degr\u00e9, l&#039;immunit\u00e9 de votre corps peut \u00eatre renforc\u00e9e de 5 \u00e0 10 fois.<\/p>","protected":false},"featured_media":3248,"comment_status":"open","ping_status":"closed","template":"","meta":{"_kad_post_transparent":"default","_kad_post_title":"","_kad_post_layout":"default","_kad_post_sidebar_id":"","_kad_post_content_style":"default","_kad_post_vertical_padding":"default","_kad_post_feature":"","_kad_post_feature_position":"","_kad_post_header":false,"_kad_post_footer":false,"_kad_post_classname":"","rank_math_title":"","rank_math_description":"","rank_math_focus_keyword":""},"product_brand":[],"product_cat":[31],"product_tag":[],"class_list":{"0":"post-1841","1":"product","2":"type-product","3":"status-publish","4":"has-post-thumbnail","6":"product_cat-body-slimming","7":"product_shipping_class-included-shipping","9":"first","10":"instock","11":"sale","12":"shipping-taxable","13":"purchasable","14":"product-type-variable","15":"entry","16":"content-bg","17":"loop-entry"},"_links":{"self":[{"href":"https:\/\/skbty.com\/fr\/wp-json\/wp\/v2\/product\/1841","targetHints":{"allow":["GET"]}}],"collection":[{"href":"https:\/\/skbty.com\/fr\/wp-json\/wp\/v2\/product"}],"about":[{"href":"https:\/\/skbty.com\/fr\/wp-json\/wp\/v2\/types\/product"}],"replies":[{"embeddable":true,"href":"https:\/\/skbty.com\/fr\/wp-json\/wp\/v2\/comments?post=1841"}],"wp:featuredmedia":[{"embeddable":true,"href":"https:\/\/skbty.com\/fr\/wp-json\/wp\/v2\/media\/3248"}],"wp:attachment":[{"href":"https:\/\/skbty.com\/fr\/wp-json\/wp\/v2\/media?parent=1841"}],"wp:term":[{"taxonomy":"product_brand","embeddable":true,"href":"https:\/\/skbty.com\/fr\/wp-json\/wp\/v2\/product_brand?post=1841"},{"taxonomy":"product_cat","embeddable":true,"href":"https:\/\/skbty.com\/fr\/wp-json\/wp\/v2\/product_cat?post=1841"},{"taxonomy":"product_tag","embeddable":true,"href":"https:\/\/skbty.com\/fr\/wp-json\/wp\/v2\/product_tag?post=1841"}],"curies":[{"name":"Wp wp","href":"https:\/\/api.w.org\/{rel}","templated":true}]}}