{"id":1898,"date":"2023-06-15T17:18:58","date_gmt":"2023-06-15T09:18:58","guid":{"rendered":"https:\/\/skbty.com\/?post_type=product&#038;p=1898"},"modified":"2024-06-25T14:18:52","modified_gmt":"2024-06-25T06:18:52","slug":"appareil-dentrainement-musculaire-electromagnetique-a-haute-intensite","status":"publish","type":"product","link":"https:\/\/skbty.com\/fr\/produit\/appareil-dentrainement-musculaire-electromagnetique-a-haute-intensite\/","title":{"rendered":"Appareil d&#039;entra\u00eenement musculaire \u00e9lectromagn\u00e9tique \u00e0 haute intensit\u00e9"},"content":{"rendered":"<div>\n<h2><strong>Appareil d&#039;entra\u00eenement musculaire \u00e9lectromagn\u00e9tique \u00e0 haute intensit\u00e9 : d\u00e9veloppez vos muscles et br\u00fblez les graisses simultan\u00e9ment<\/strong><\/h2>\n<h2>Introduction<\/h2>\n<p>Imaginez un entra\u00eenement qui d\u00e9veloppe les muscles et br\u00fble les graisses en m\u00eame temps, sans que vous ne transpiriez. C&#039;est la promesse de la technologie d&#039;entra\u00eenement musculaire \u00e9lectromagn\u00e9tique \u00e0 haute intensit\u00e9 (HI-EMT). Cette approche r\u00e9volutionnaire de la sculpture corporelle utilise l&#039;\u00e9nergie \u00e9lectromagn\u00e9tique focalis\u00e9e pour induire de puissantes contractions musculaires, ce qui entra\u00eene une augmentation de la masse musculaire et une r\u00e9duction de la graisse.<\/p>\n<h2><img loading=\"lazy\" decoding=\"async\" class=\"aligncenter\" title=\"Appareil d&#039;entra\u00eenement musculaire \u00e9lectromagn\u00e9tique \u00e0 haute intensit\u00e9\" src=\"https:\/\/sc04.alicdn.com\/kf\/H5f2759d94c574d09a19db1301c0082e1M\/247315878\/H5f2759d94c574d09a19db1301c0082e1M.png\" alt=\"Appareil d&#039;entra\u00eenement musculaire \u00e9lectromagn\u00e9tique \u00e0 haute intensit\u00e9\" width=\"748\" height=\"295\" data-src=\"\/\/sc04.alicdn.com\/kf\/H5f2759d94c574d09a19db1301c0082e1M\/247315878\/H5f2759d94c574d09a19db1301c0082e1M.png\" \/><\/h2>\n<h2>Comprendre la technologie HI-EMT<\/h2>\n<h3>Comment fonctionne le HI-EMT<\/h3>\n<p>La technologie HI-EMT utilise l&#039;\u00e9nergie \u00e9lectromagn\u00e9tique focalis\u00e9e pour p\u00e9n\u00e9trer profond\u00e9ment dans les tissus musculaires. Cette \u00e9nergie stimule les motoneurones, d\u00e9clenchant des contractions musculaires intenses impossibles \u00e0 obtenir par un exercice volontaire. Ces contractions supramaximales obligent les muscles \u00e0 s&#039;adapter et \u00e0 se renforcer, ce qui entra\u00eene une augmentation de la masse musculaire et de la d\u00e9finition.<\/p>\n<table style=\"border-collapse: collapse; width: 100%;\">\n<tbody>\n<tr>\n<td style=\"width: 50%;\">\n<h3><img loading=\"lazy\" decoding=\"async\" class=\"aligncenter\" title=\"Appareil d&#039;entra\u00eenement musculaire \u00e9lectromagn\u00e9tique \u00e0 haute intensit\u00e9\" src=\"https:\/\/sc04.alicdn.com\/kf\/H6777279f78a14a9cbac40d1416b3e718L\/247315878\/H6777279f78a14a9cbac40d1416b3e718L.png\" alt=\"Appareil d&#039;entra\u00eenement musculaire \u00e9lectromagn\u00e9tique \u00e0 haute intensit\u00e9\" width=\"407\" height=\"382\" data-src=\"\/\/sc04.alicdn.com\/kf\/H6777279f78a14a9cbac40d1416b3e718L\/247315878\/H6777279f78a14a9cbac40d1416b3e718L.png\" \/><\/h3>\n<\/td>\n<td style=\"width: 50%;\"><img loading=\"lazy\" decoding=\"async\" class=\"aligncenter\" title=\"Appareil d&#039;entra\u00eenement musculaire \u00e9lectromagn\u00e9tique \u00e0 haute intensit\u00e9\" src=\"https:\/\/sc04.alicdn.com\/kf\/Hdac18fa2e3dc4da0bbba6b47f06af7efF\/247315878\/Hdac18fa2e3dc4da0bbba6b47f06af7efF.png\" alt=\"Appareil d&#039;entra\u00eenement musculaire \u00e9lectromagn\u00e9tique \u00e0 haute intensit\u00e9\" width=\"350\" height=\"343\" data-src=\"\/\/sc04.alicdn.com\/kf\/Hdac18fa2e3dc4da0bbba6b47f06af7efF\/247315878\/Hdac18fa2e3dc4da0bbba6b47f06af7efF.png\" \/><\/td>\n<\/tr>\n<\/tbody>\n<\/table>\n<h3>La science de la croissance musculaire et de la combustion des graisses<\/h3>\n<ul>\n<li><strong>Renforcement musculaire :<\/strong>\u00a0Les contractions intenses induites par la HI-EMT forcent les fibres musculaires \u00e0 subir un remodelage et une croissance. Ce processus, connu sous le nom d&#039;hypertrophie, entra\u00eene une augmentation de la taille et de la force musculaire.<\/li>\n<li><strong>R\u00e9duction des graisses :<\/strong>\u00a0L&#039;activit\u00e9 musculaire extr\u00eame pendant une s\u00e9ance HI-EMT n\u00e9cessite une quantit\u00e9 importante d&#039;\u00e9nergie. Cette \u00e9nergie provient des r\u00e9serves de graisse, ce qui entra\u00eene la d\u00e9gradation et la r\u00e9duction des graisses.<\/li>\n<\/ul>\n<h2><img loading=\"lazy\" decoding=\"async\" class=\"aligncenter\" title=\"Appareil d&#039;entra\u00eenement musculaire \u00e9lectromagn\u00e9tique \u00e0 haute intensit\u00e9\" src=\"https:\/\/sc04.alicdn.com\/kf\/Ha0da38970baf44b5be76b4dc2df4ae25F\/247315878\/Ha0da38970baf44b5be76b4dc2df4ae25F.png\" alt=\"Appareil d&#039;entra\u00eenement musculaire \u00e9lectromagn\u00e9tique \u00e0 haute intensit\u00e9\" width=\"613\" height=\"414\" data-src=\"\/\/sc04.alicdn.com\/kf\/Ha0da38970baf44b5be76b4dc2df4ae25F\/247315878\/Ha0da38970baf44b5be76b4dc2df4ae25F.png\" \/><\/h2>\n<h2>Avantages de l&#039;entra\u00eenement musculaire HI-EMT<\/h2>\n<h3>Atteignez vos objectifs de remise en forme plus rapidement<\/h3>\n<p>HI-EMT offre une gamme d&#039;avantages pour ceux qui cherchent \u00e0 atteindre leurs objectifs de remise en forme plus efficacement :<\/p>\n<ul>\n<li><strong>D\u00e9velopper les muscles :<\/strong>\u00a0B\u00e9n\u00e9ficiez d\u2019une augmentation significative de la masse et de la d\u00e9finition musculaire, en particulier au niveau de l\u2019abdomen, des fesses, des cuisses et des bras.<\/li>\n<li><strong>Br\u00fbler les graisses :<\/strong>\u00a0Ciblez les amas graisseux tenaces et obtenez un physique plus sculpt\u00e9.<\/li>\n<li><strong>Non invasif et indolore :<\/strong>\u00a0Profitez d\u2019une exp\u00e9rience de traitement confortable sans aucune incision, aiguille ou temps d\u2019arr\u00eat.<\/li>\n<li><strong>S\u00e9ances rapides et pratiques :<\/strong>\u00a0Les s\u00e9ances typiques durent environ 30 minutes, ce qui permet de les int\u00e9grer facilement dans un emploi du temps charg\u00e9.<\/li>\n<\/ul>\n<h2><img loading=\"lazy\" decoding=\"async\" class=\"aligncenter\" title=\"Appareil d&#039;entra\u00eenement musculaire \u00e9lectromagn\u00e9tique \u00e0 haute intensit\u00e9\" src=\"https:\/\/sc04.alicdn.com\/kf\/Hc80eea17b5a843abbd20410cb6647787U\/247315878\/Hc80eea17b5a843abbd20410cb6647787U.png\" alt=\"Appareil d&#039;entra\u00eenement musculaire \u00e9lectromagn\u00e9tique \u00e0 haute intensit\u00e9\" width=\"747\" height=\"331\" data-src=\"\/\/sc04.alicdn.com\/kf\/Hc80eea17b5a843abbd20410cb6647787U\/247315878\/Hc80eea17b5a843abbd20410cb6647787U.png\" \/><\/h2>\n<table style=\"font-family: var(--global-body-font-family);\" cellspacing=\"0\" cellpadding=\"0\">\n<tbody>\n<tr>\n<td width=\"87\"><img loading=\"lazy\" decoding=\"async\" class=\"aligncenter\" title=\"Appareil d&#039;entra\u00eenement musculaire \u00e9lectromagn\u00e9tique \u00e0 haute intensit\u00e9\" src=\"https:\/\/sc04.alicdn.com\/kf\/Hd1c6785d9a294825acf1a5247336a44ft\/247315878\/Hd1c6785d9a294825acf1a5247336a44ft.png\" alt=\"Appareil d&#039;entra\u00eenement musculaire \u00e9lectromagn\u00e9tique \u00e0 haute intensit\u00e9\" width=\"361\" height=\"327\" data-src=\"\/\/sc04.alicdn.com\/kf\/Hd1c6785d9a294825acf1a5247336a44ft\/247315878\/Hd1c6785d9a294825acf1a5247336a44ft.png\" \/><\/td>\n<td width=\"90\"><img loading=\"lazy\" decoding=\"async\" class=\"magic-34 aligncenter\" title=\"Appareil d&#039;entra\u00eenement musculaire \u00e9lectromagn\u00e9tique \u00e0 haute intensit\u00e9\" src=\"https:\/\/sc04.alicdn.com\/kf\/H1b57f1a7ea2b4afe90de3f7a624188953\/247315878\/H1b57f1a7ea2b4afe90de3f7a624188953.png\" alt=\"Appareil d&#039;entra\u00eenement musculaire \u00e9lectromagn\u00e9tique \u00e0 haute intensit\u00e9\" width=\"546\" height=\"407\" data-src=\"\/\/sc04.alicdn.com\/kf\/H1b57f1a7ea2b4afe90de3f7a624188953\/247315878\/H1b57f1a7ea2b4afe90de3f7a624188953.png\" \/><\/td>\n<\/tr>\n<\/tbody>\n<\/table>\n<h2>HI-EMT vs HIIT traditionnel<\/h2>\n<h3>Comparaison de deux m\u00e9thodes puissantes<\/h3>\n<p>Bien que le HI-EMT et l&#039;entra\u00eenement par intervalles \u00e0 haute intensit\u00e9 (HIIT) offrent tous deux des avantages significatifs en mati\u00e8re de condition physique, ils diff\u00e8rent dans leur approche :<\/p>\n<ul>\n<li><strong>HI-EMT :<\/strong>\u00a0Utilise l\u2019\u00e9nergie \u00e9lectromagn\u00e9tique pour induire des contractions musculaires supramaximales impossibles \u00e0 obtenir par un exercice volontaire.<\/li>\n<li><strong>HIIT:<\/strong>\u00a0S\u2019appuie sur de courtes p\u00e9riodes d\u2019exercice intense suivies de br\u00e8ves p\u00e9riodes de r\u00e9cup\u00e9ration pour augmenter la fr\u00e9quence cardiaque et br\u00fbler des calories.<\/li>\n<\/ul>\n<h4>Choisir la bonne approche<\/h4>\n<p>La m\u00e9thode id\u00e9ale pour vous d\u00e9pendra de vos objectifs individuels, de votre niveau de forme physique et de vos pr\u00e9f\u00e9rences.<\/p>\n<h2>R\u00e9sultats prouv\u00e9s avec HI-EMT<\/h2>\n<h3>Technologie scientifiquement prouv\u00e9e<\/h3>\n<p>De nombreuses \u00e9tudes ont d\u00e9montr\u00e9 l&#039;efficacit\u00e9 de l&#039;HI-EMT dans le d\u00e9veloppement musculaire et la r\u00e9duction de la graisse. Les recherches ont montr\u00e9 que les traitements HI-EMT peuvent conduire \u00e0 :<\/p>\n<ul>\n<li><strong>Augmentation de l&#039;\u00e9paisseur musculaire :<\/strong>\u00a0Une augmentation moyenne de 15 \u00e0 16% de l\u2019\u00e9paisseur des muscles abdominaux apr\u00e8s une s\u00e9rie de traitements.<\/li>\n<li><strong>R\u00e9duction de la graisse sous-cutan\u00e9e :<\/strong>\u00a0Une r\u00e9duction d\u2019environ 19% dans la couche de graisse sous-cutan\u00e9e de l\u2019abdomen.<\/li>\n<\/ul>\n<p><span style=\"font-family: 'Playfair Display', serif; font-size: 32px; font-weight: bold; text-transform: capitalize;\">Cas de beaut\u00e9 mince<\/span><\/p>\n<\/div>\n<div>\n<div>\n<div>\n<table style=\"font-family: var(--global-body-font-family);\" width=\"992\" cellspacing=\"0\" cellpadding=\"0\">\n<tbody>\n<tr>\n<td width=\"87\"><img loading=\"lazy\" decoding=\"async\" class=\"alignright\" title=\"Appareil d&#039;entra\u00eenement musculaire \u00e9lectromagn\u00e9tique \u00e0 haute intensit\u00e9\" src=\"https:\/\/sc04.alicdn.com\/kf\/Hbb9bc3286ffe44debcd06e7c79cb7c14g\/247315878\/Hbb9bc3286ffe44debcd06e7c79cb7c14g.png\" alt=\"Appareil d&#039;entra\u00eenement musculaire \u00e9lectromagn\u00e9tique \u00e0 haute intensit\u00e9\" width=\"445\" height=\"286\" data-src=\"\/\/sc04.alicdn.com\/kf\/Hbb9bc3286ffe44debcd06e7c79cb7c14g\/247315878\/Hbb9bc3286ffe44debcd06e7c79cb7c14g.png\" \/><\/td>\n<td width=\"90\"><img loading=\"lazy\" decoding=\"async\" class=\"alignleft\" title=\"Appareil d&#039;entra\u00eenement musculaire \u00e9lectromagn\u00e9tique \u00e0 haute intensit\u00e9\" src=\"https:\/\/sc04.alicdn.com\/kf\/H6bf27b941c6643309a971a51ccec552fu\/247315878\/H6bf27b941c6643309a971a51ccec552fu.png\" alt=\"Appareil d&#039;entra\u00eenement musculaire \u00e9lectromagn\u00e9tique \u00e0 haute intensit\u00e9\" width=\"424\" height=\"245\" data-src=\"\/\/sc04.alicdn.com\/kf\/H6bf27b941c6643309a971a51ccec552fu\/247315878\/H6bf27b941c6643309a971a51ccec552fu.png\" \/><\/td>\n<\/tr>\n<tr>\n<td width=\"87\"><img loading=\"lazy\" decoding=\"async\" class=\"alignright\" title=\"Appareil d&#039;entra\u00eenement musculaire \u00e9lectromagn\u00e9tique \u00e0 haute intensit\u00e9\" src=\"https:\/\/sc04.alicdn.com\/kf\/H0008c233a65c4640b312a8f64a17a8efc\/247315878\/H0008c233a65c4640b312a8f64a17a8efc.png\" alt=\"Appareil d&#039;entra\u00eenement musculaire \u00e9lectromagn\u00e9tique \u00e0 haute intensit\u00e9\" width=\"446\" height=\"272\" data-src=\"\/\/sc04.alicdn.com\/kf\/H0008c233a65c4640b312a8f64a17a8efc\/247315878\/H0008c233a65c4640b312a8f64a17a8efc.png\" \/><\/td>\n<td width=\"90\"><img loading=\"lazy\" decoding=\"async\" class=\"alignleft\" title=\"Appareil d&#039;entra\u00eenement musculaire \u00e9lectromagn\u00e9tique \u00e0 haute intensit\u00e9\" src=\"https:\/\/sc04.alicdn.com\/kf\/Ha27d9e5c07144efe98cc0306da35d533f\/247315878\/Ha27d9e5c07144efe98cc0306da35d533f.png\" alt=\"Appareil d&#039;entra\u00eenement musculaire \u00e9lectromagn\u00e9tique \u00e0 haute intensit\u00e9\" width=\"465\" height=\"293\" data-src=\"\/\/sc04.alicdn.com\/kf\/Ha27d9e5c07144efe98cc0306da35d533f\/247315878\/Ha27d9e5c07144efe98cc0306da35d533f.png\" \/><\/td>\n<\/tr>\n<tr>\n<td width=\"87\"><img loading=\"lazy\" decoding=\"async\" class=\"alignright\" title=\"Appareil d&#039;entra\u00eenement musculaire \u00e9lectromagn\u00e9tique \u00e0 haute intensit\u00e9\" src=\"https:\/\/sc04.alicdn.com\/kf\/H662ed3f19b9543fc96c4ddfb7090cc5dQ\/247315878\/H662ed3f19b9543fc96c4ddfb7090cc5dQ.png\" alt=\"Appareil d&#039;entra\u00eenement musculaire \u00e9lectromagn\u00e9tique \u00e0 haute intensit\u00e9\" width=\"438\" height=\"277\" data-src=\"\/\/sc04.alicdn.com\/kf\/H662ed3f19b9543fc96c4ddfb7090cc5dQ\/247315878\/H662ed3f19b9543fc96c4ddfb7090cc5dQ.png\" \/><\/td>\n<td width=\"90\"><img loading=\"lazy\" decoding=\"async\" class=\"alignnone wp-image-1854 size-full\" title=\"Appareil d&#039;entra\u00eenement musculaire \u00e9lectromagn\u00e9tique \u00e0 haute intensit\u00e9\" src=\"https:\/\/skbty.com\/wp-content\/uploads\/2023\/06\/\u5fae\u4fe1\u622a\u56fe_20230614171304.png\" alt=\"Appareil d&#039;entra\u00eenement musculaire \u00e9lectromagn\u00e9tique \u00e0 haute intensit\u00e9\" width=\"389\" height=\"290\" srcset=\"https:\/\/skbty.com\/wp-content\/uploads\/2023\/06\/\u5fae\u4fe1\u622a\u56fe_20230614171304.png 389w, https:\/\/skbty.com\/wp-content\/uploads\/2023\/06\/\u5fae\u4fe1\u622a\u56fe_20230614171304-300x224.png 300w\" sizes=\"auto, (max-width: 389px) 100vw, 389px\" \/><\/td>\n<\/tr>\n<\/tbody>\n<\/table>\n<h2>Conclusion<\/h2>\n<p>L&#039;entra\u00eenement musculaire HI-EMT r\u00e9volutionne notre approche de la sculpture corporelle. Cette technologie innovante offre un moyen s\u00fbr, efficace et non invasif de d\u00e9velopper les muscles, de br\u00fbler les graisses et d&#039;obtenir un physique plus d\u00e9fini. Si vous cherchez un moyen d&#039;acc\u00e9l\u00e9rer votre parcours de remise en forme et d&#039;atteindre vos objectifs corporels plus rapidement, HI-EMT pourrait \u00eatre la solution que vous recherchez.<\/p>\n<h2><strong>Personnaliser Le Logo<\/strong><\/h2>\n<p>Vous voulez faire de votre marque de se d\u00e9marquer? Nous vous proposons logo personnalis\u00e9 de services pour vous aider \u00e0 cr\u00e9er un unique et personnalis\u00e9e de logo, qui refl\u00e8te l&#039;identit\u00e9 de votre marque. Notre \u00e9quipe d&#039;experts travaillera en \u00e9troite collaboration avec vous pour concevoir un logo qui r\u00e9sonne avec les valeurs de votre marque et de messagerie. Si vous \u00eates \u00e0 la recherche de r\u00e9organiser votre logo existant ou en cr\u00e9er un nouveau \u00e0 partir de z\u00e9ro, nous vous avons avons couvert. <a href=\"\/fr\/contact\/\">Contactez-nous<\/a> aujourd&#039;hui pour en savoir plus sur notre logo personnalis\u00e9 de services!<\/p>\n<\/div>\n<\/div>\n<div>\n<div>\n<div>\n<div><\/div>\n<\/div>\n<\/div>\n<\/div>\n<\/div>","protected":false},"excerpt":{"rendered":"<p>D\u00e9veloppez vos muscles et br\u00fblez les graisses sans effort gr\u00e2ce \u00e0 la puissance du HI-EMT ! Cette technologie r\u00e9volutionnaire utilise l&#039;\u00e9nergie \u00e9lectromagn\u00e9tique pour induire des contractions musculaires intenses, ce qui entra\u00eene une augmentation de la masse musculaire et une r\u00e9duction de la graisse. D\u00e9couvrez l&#039;avenir de la sculpture corporelle \u2013 sans transpirer !<\/p>","protected":false},"featured_media":1904,"comment_status":"open","ping_status":"closed","template":"","meta":{"_kad_post_transparent":"default","_kad_post_title":"","_kad_post_layout":"default","_kad_post_sidebar_id":"","_kad_post_content_style":"default","_kad_post_vertical_padding":"default","_kad_post_feature":"","_kad_post_feature_position":"","_kad_post_header":false,"_kad_post_footer":false,"_kad_post_classname":"","rank_math_title":"","rank_math_description":"","rank_math_focus_keyword":""},"product_brand":[],"product_cat":[31],"product_tag":[],"class_list":{"0":"post-1898","1":"product","2":"type-product","3":"status-publish","4":"has-post-thumbnail","6":"product_cat-body-slimming","8":"first","9":"instock","10":"shipping-taxable","11":"product-type-simple","12":"entry","13":"content-bg","14":"loop-entry"},"_links":{"self":[{"href":"https:\/\/skbty.com\/fr\/wp-json\/wp\/v2\/product\/1898","targetHints":{"allow":["GET"]}}],"collection":[{"href":"https:\/\/skbty.com\/fr\/wp-json\/wp\/v2\/product"}],"about":[{"href":"https:\/\/skbty.com\/fr\/wp-json\/wp\/v2\/types\/product"}],"replies":[{"embeddable":true,"href":"https:\/\/skbty.com\/fr\/wp-json\/wp\/v2\/comments?post=1898"}],"wp:featuredmedia":[{"embeddable":true,"href":"https:\/\/skbty.com\/fr\/wp-json\/wp\/v2\/media\/1904"}],"wp:attachment":[{"href":"https:\/\/skbty.com\/fr\/wp-json\/wp\/v2\/media?parent=1898"}],"wp:term":[{"taxonomy":"product_brand","embeddable":true,"href":"https:\/\/skbty.com\/fr\/wp-json\/wp\/v2\/product_brand?post=1898"},{"taxonomy":"product_cat","embeddable":true,"href":"https:\/\/skbty.com\/fr\/wp-json\/wp\/v2\/product_cat?post=1898"},{"taxonomy":"product_tag","embeddable":true,"href":"https:\/\/skbty.com\/fr\/wp-json\/wp\/v2\/product_tag?post=1898"}],"curies":[{"name":"Wp wp","href":"https:\/\/api.w.org\/{rel}","templated":true}]}}