{"id":1914,"date":"2023-06-15T18:14:58","date_gmt":"2023-06-15T10:14:58","guid":{"rendered":"https:\/\/skbty.com\/?post_type=product&#038;p=1914"},"modified":"2024-06-24T19:00:35","modified_gmt":"2024-06-24T11:00:35","slug":"machine-portable-de-cryolipolyse-amincissante-a-360-degres-pour-la-congelation-des-graisses","status":"publish","type":"product","link":"https:\/\/skbty.com\/fr\/produit\/machine-portable-de-cryolipolyse-amincissante-a-360-degres-pour-la-congelation-des-graisses\/","title":{"rendered":"Machine portable de cryolipolyse amincissante \u00e0 360 degr\u00e9s pour la cong\u00e9lation des graisses"},"content":{"rendered":"<div>\n<h1><strong>Appareil de cryolipolyse pour l&#039;amincissement des graisses : la solution ultime pour la mise en forme du corps<\/strong><\/h1>\n<h2><strong>Caract\u00e9ristiques de la machine :<\/strong><\/h2>\n<ul>\n<li><strong>Nom:<\/strong> Machine de cong\u00e9lation des graisses par cryolipolyse<\/li>\n<li><strong>Usage:<\/strong>\u00a0Corps, visage<\/li>\n<li><strong>Service OEM :<\/strong>\u00a0Soutien<\/li>\n<li><strong>Poign\u00e9es :<\/strong>\u00a09 poign\u00e9es 6 en 1<\/li>\n<li><strong>Technologie:<\/strong>\u00a0Cong\u00e9lation fra\u00eeche<\/li>\n<li><strong>Param\u00e8tres du produit :<\/strong>\n<ul>\n<li>Mode d&#039;alimentation : 220 V CA : 101 TP3T, 50 Hz ; 110 V CA : 101 TP3T, 60 Hz<\/li>\n<li>Puissance nominale : 800 W<\/li>\n<li>Pression n\u00e9gative : 0-80 Kpa<\/li>\n<li>Refroidissement : -10\u2103 \u00e0 45\u2103<\/li>\n<li>Puissance laser : 100 mw\/pi\u00e8ce<\/li>\n<li>Fr\u00e9quence de cavitation : 40 kHz<\/li>\n<li>Fr\u00e9quence RF : 5 MHz<\/li>\n<li>Quantit\u00e9 cryog\u00e9nique : 3 pi\u00e8ces<\/li>\n<li>Liquide de refroidissement : eau purifi\u00e9e ou liquide de refroidissement sp\u00e9cial<\/li>\n<li>Temp\u00e9rature ambiante : 5\u00b0C-40\u00b0C<\/li>\n<li>Humidit\u00e9 relative : \u226480%<\/li>\n<li>\u00c9cran tactile : 8 pouces<\/li>\n<li>Taille de la machine: 63<em>55<\/em>96 cm<\/li>\n<li>Taille de l&#039;emballage : 64<em>43<\/em>64 cm<\/li>\n<li>Poids brut : 40 kg<\/li>\n<\/ul>\n<\/li>\n<\/ul>\n<h2><img loading=\"lazy\" decoding=\"async\" class=\"aligncenter wp-image-2223\" title=\"Cryolipolyse Minceur Gel des Graisses\" src=\"https:\/\/skbty.com\/wp-content\/uploads\/2023\/06\/1111.png\" alt=\"Cryolipolyse Minceur Gel des Graisses\" width=\"647\" height=\"930\" srcset=\"https:\/\/skbty.com\/wp-content\/uploads\/2023\/06\/1111.png 790w, https:\/\/skbty.com\/wp-content\/uploads\/2023\/06\/1111-209x300.png 209w, https:\/\/skbty.com\/wp-content\/uploads\/2023\/06\/1111-713x1024.png 713w, https:\/\/skbty.com\/wp-content\/uploads\/2023\/06\/1111-768x1103.png 768w, https:\/\/skbty.com\/wp-content\/uploads\/2023\/06\/1111-600x862.png 600w\" sizes=\"auto, (max-width: 647px) 100vw, 647px\" \/><\/h2>\n<h2><strong>Qu&#039;est-ce que la cryolipolyse ou la cong\u00e9lation des graisses ?<\/strong><\/h2>\n<p>La cryolipolyse est une m\u00e9thode innovante et non invasive qui utilise la technologie du refroidissement pour cibler et \u00e9liminer les cellules graisseuses, ce qui entra\u00eene une r\u00e9duction visible de la graisse et un remodelage du corps. Cette technologie est id\u00e9ale pour ceux qui ont du mal \u00e0 \u00e9liminer la graisse par l&#039;exercice ou un r\u00e9gime.<\/p>\n<h2><img loading=\"lazy\" decoding=\"async\" class=\"aligncenter wp-image-2227\" title=\"Cryolipolyse Minceur Gel des Graisses\" src=\"https:\/\/skbty.com\/wp-content\/uploads\/2023\/06\/H063711e978834fb9ad0d3334f53c5136e.png\" alt=\"Cryolipolyse Minceur Gel des Graisses\" width=\"558\" height=\"452\" srcset=\"https:\/\/skbty.com\/wp-content\/uploads\/2023\/06\/H063711e978834fb9ad0d3334f53c5136e.png 790w, https:\/\/skbty.com\/wp-content\/uploads\/2023\/06\/H063711e978834fb9ad0d3334f53c5136e-300x243.png 300w, https:\/\/skbty.com\/wp-content\/uploads\/2023\/06\/H063711e978834fb9ad0d3334f53c5136e-768x621.png 768w, https:\/\/skbty.com\/wp-content\/uploads\/2023\/06\/H063711e978834fb9ad0d3334f53c5136e-600x485.png 600w\" sizes=\"auto, (max-width: 558px) 100vw, 558px\" \/><\/h2>\n<h2><strong>Comment \u00e7a marche : la science derri\u00e8re la cryolipolyse<\/strong><\/h2>\n<p>La cryolipolyse consiste \u00e0 congeler avec pr\u00e9cision les cellules adipeuses, ce qui les fait mourir naturellement. Apr\u00e8s la cong\u00e9lation, la graisse des cellules adipeuses se cristallise plus rapidement que les cellules normales. Les cellules adipeuses restantes sont r\u00e9organis\u00e9es et, apr\u00e8s un traitement, les cellules adipeuses cristallis\u00e9es meurent progressivement et sont naturellement \u00e9limin\u00e9es du corps. Cela entra\u00eene une diminution de l&#039;\u00e9paisseur de la graisse et une courbe corporelle plus \u00e9vidente.<\/p>\n<h2><strong>NOUVELLE TECHNOLOGIE-CRYO ANGLE<\/strong><\/h2>\n<p>Cryo Angle est la derni\u00e8re technologie de refroidissement par cong\u00e9lation des graisses qui utilise un applicateur sp\u00e9cial \u00e0 360\u00b0 pour cibler les graisses tenaces qui r\u00e9sistent aux changements de r\u00e9gime alimentaire et \u00e0 l&#039;exercice, gelant, d\u00e9truisant et \u00e9liminant efficacement les cellules graisseuses sous la peau sans endommager les couches environnantes.<\/p>\n<table style=\"border-collapse: collapse; width: 100%;\">\n<tbody>\n<tr>\n<td style=\"width: 50%;\"><img loading=\"lazy\" decoding=\"async\" class=\"aligncenter\" title=\"Cryolipolyse Minceur Gel des Graisses\" src=\"https:\/\/sc04.alicdn.com\/kf\/Hf6ce5f60b4ce4bccabf1d0948f6c75c25\/247315878\/Hf6ce5f60b4ce4bccabf1d0948f6c75c25.jpg\" alt=\"Cryolipolyse Minceur Gel des Graisses\" width=\"585\" height=\"936\" data-src=\"\/\/sc04.alicdn.com\/kf\/Hf6ce5f60b4ce4bccabf1d0948f6c75c25\/247315878\/Hf6ce5f60b4ce4bccabf1d0948f6c75c25.jpg\" \/><\/td>\n<td style=\"width: 50%;\"><img loading=\"lazy\" decoding=\"async\" class=\"aligncenter\" title=\"Cryolipolyse Minceur Gel des Graisses\" src=\"https:\/\/sc04.alicdn.com\/kf\/Hc3fdd2e471114ffaae7a98571afb2dafR\/247315878\/Hc3fdd2e471114ffaae7a98571afb2dafR.jpg\" alt=\"Cryolipolyse Minceur Gel des Graisses\" width=\"750\" height=\"1200\" data-src=\"\/\/sc04.alicdn.com\/kf\/Hc3fdd2e471114ffaae7a98571afb2dafR\/247315878\/Hc3fdd2e471114ffaae7a98571afb2dafR.jpg\" \/><\/td>\n<\/tr>\n<\/tbody>\n<\/table>\n<table style=\"border-collapse: collapse; width: 100%;\">\n<tbody>\n<tr>\n<td style=\"width: 50%;\"><img loading=\"lazy\" decoding=\"async\" class=\"aligncenter\" title=\"Cryolipolyse Minceur Gel des Graisses\" src=\"https:\/\/sc04.alicdn.com\/kf\/H97d483bcd0884bae882ae8d2ea1e88b83\/247315878\/H97d483bcd0884bae882ae8d2ea1e88b83.jpg\" alt=\"Cryolipolyse Minceur Gel des Graisses\" width=\"750\" height=\"1200\" data-src=\"\/\/sc04.alicdn.com\/kf\/H97d483bcd0884bae882ae8d2ea1e88b83\/247315878\/H97d483bcd0884bae882ae8d2ea1e88b83.jpg\" \/><\/td>\n<td style=\"width: 50%;\"><img loading=\"lazy\" decoding=\"async\" class=\"aligncenter\" title=\"Cryolipolyse Minceur Gel des Graisses\" src=\"https:\/\/sc04.alicdn.com\/kf\/H720d5c6a69b64381babbac46a827e026U\/247315878\/H720d5c6a69b64381babbac46a827e026U.jpg\" alt=\"Cryolipolyse Minceur Gel des Graisses\" width=\"750\" height=\"1200\" data-src=\"\/\/sc04.alicdn.com\/kf\/H720d5c6a69b64381babbac46a827e026U\/247315878\/H720d5c6a69b64381babbac46a827e026U.jpg\" \/><\/td>\n<\/tr>\n<\/tbody>\n<\/table>\n<h2><strong>Avantages:<\/strong><\/h2>\n<ul>\n<li><strong>R\u00e9duction visible des graisses :<\/strong>\u00a0La cryolipolyse entra\u00eene une r\u00e9duction visible de la graisse et un remodelage du corps.<\/li>\n<li><strong>Non invasif :<\/strong>\u00a0Cette technologie est non invasive et n\u2019endommage pas les tissus environnants.<\/li>\n<li><strong>R\u00e9sultats permanents :<\/strong>\u00a0Les cellules graisseuses sont \u00e9limin\u00e9es d\u00e9finitivement, ce qui donne des r\u00e9sultats \u00e0 long terme.<\/li>\n<li><strong>Facile \u00e0 utiliser :<\/strong>\u00a0La machine de cong\u00e9lation des graisses froides est facile \u00e0 utiliser et est livr\u00e9e avec une interface conviviale.<\/li>\n<\/ul>\n<h2><strong>Conclusion:<\/strong><\/h2>\n<p>La machine de cong\u00e9lation des graisses Cool Fat Freezing est une technologie r\u00e9volutionnaire qui utilise une technologie de refroidissement avanc\u00e9e pour cibler et \u00e9liminer les cellules graisseuses, ce qui entra\u00eene une r\u00e9duction visible de la graisse et un remodelage du corps. Gr\u00e2ce \u00e0 son approche non invasive et s\u00fbre, cette machine est la solution ultime pour ceux qui cherchent \u00e0 obtenir un corps plus mince et plus tonique.<\/p>\n<\/div>\n<div>\n<div><\/div>\n<div><img loading=\"lazy\" decoding=\"async\" class=\"aligncenter wp-image-2226\" title=\"Cryolipolyse Minceur Gel des Graisses\" src=\"https:\/\/skbty.com\/wp-content\/uploads\/2023\/06\/H063711e978834fb9ad0d3334f53c5136e.jpg\" alt=\"Cryolipolyse Minceur Gel des Graisses\" width=\"498\" height=\"432\" srcset=\"https:\/\/skbty.com\/wp-content\/uploads\/2023\/06\/H063711e978834fb9ad0d3334f53c5136e.jpg 790w, https:\/\/skbty.com\/wp-content\/uploads\/2023\/06\/H063711e978834fb9ad0d3334f53c5136e-300x260.jpg 300w, https:\/\/skbty.com\/wp-content\/uploads\/2023\/06\/H063711e978834fb9ad0d3334f53c5136e-768x666.jpg 768w, https:\/\/skbty.com\/wp-content\/uploads\/2023\/06\/H063711e978834fb9ad0d3334f53c5136e-600x520.jpg 600w\" sizes=\"auto, (max-width: 498px) 100vw, 498px\" \/><\/div>\n<div><\/div>\n<div>\n<div>\n<div>\n<div class=\"layoutkit-flexbox css-qyvfwg\">\n<div class=\"layoutkit-flexbox css-i80ya5\">\n<div tabindex=\"0\" data-testid=\"virtuoso-scroller\" data-virtuoso-scroller=\"true\">\n<div data-viewport-type=\"element\">\n<div data-testid=\"virtuoso-item-list\">\n<div data-index=\"2\" data-known-size=\"2325\" data-item-index=\"2\">\n<div class=\"layoutkit-flexbox css-fwqjpa acss-xqi55h\">\n<div class=\"layoutkit-flexbox css-9pyqzz acss-4ej7mt\">\n<div class=\"layoutkit-flexbox css-roa2v7 acss-1fr3od3\">\n<div class=\"layoutkit-flexbox css-9pyqzz acss-13xnlhu\" role=\"menubar\">\n<div class=\"layoutkit-flexbox css-7k1dqj acss-r7dee\">\n<h2 class=\"acss-55oylt\"><strong style=\"font-family: 'Playfair Display', serif; font-size: 24px; text-transform: capitalize;\">Personnaliser Le Logo<\/strong><\/h2>\n<\/div>\n<\/div>\n<\/div>\n<\/div>\n<\/div>\n<\/div>\n<\/div>\n<\/div>\n<\/div>\n<\/div>\n<\/div>\n<\/div>\n<\/div>\n<div>\n<p>Vous voulez faire de votre marque de se d\u00e9marquer? Nous vous proposons logo personnalis\u00e9 de services pour vous aider \u00e0 cr\u00e9er un unique et personnalis\u00e9e de logo, qui refl\u00e8te l&#039;identit\u00e9 de votre marque. Notre \u00e9quipe d&#039;experts travaillera en \u00e9troite collaboration avec vous pour concevoir un logo qui r\u00e9sonne avec les valeurs de votre marque et de messagerie. Si vous \u00eates \u00e0 la recherche de r\u00e9organiser votre logo existant ou en cr\u00e9er un nouveau \u00e0 partir de z\u00e9ro, nous vous avons avons couvert. <a href=\"\/fr\/contact\/\">Contactez-nous<\/a> aujourd&#039;hui pour en savoir plus sur notre logo personnalis\u00e9 de services!<\/p>\n<\/div>\n<\/div>\n<\/div>","protected":false},"excerpt":{"rendered":"<p>D\u00e9couvrez la machine r\u00e9volutionnaire de cong\u00e9lation des graisses Cool Fat Freezing qui utilise une technologie de refroidissement avanc\u00e9e pour cibler et \u00e9liminer les cellules graisseuses, ce qui entra\u00eene une r\u00e9duction visible des graisses et un remodelage du corps.<\/p>","protected":false},"featured_media":1915,"comment_status":"open","ping_status":"closed","template":"","meta":{"_kad_post_transparent":"default","_kad_post_title":"","_kad_post_layout":"default","_kad_post_sidebar_id":"","_kad_post_content_style":"default","_kad_post_vertical_padding":"default","_kad_post_feature":"","_kad_post_feature_position":"","_kad_post_header":false,"_kad_post_footer":false,"_kad_post_classname":"","rank_math_title":"","rank_math_description":"","rank_math_focus_keyword":""},"product_brand":[],"product_cat":[31],"product_tag":[],"class_list":{"0":"post-1914","1":"product","2":"type-product","3":"status-publish","4":"has-post-thumbnail","6":"product_cat-body-slimming","8":"first","9":"instock","10":"shipping-taxable","11":"product-type-simple","12":"entry","13":"content-bg","14":"loop-entry"},"_links":{"self":[{"href":"https:\/\/skbty.com\/fr\/wp-json\/wp\/v2\/product\/1914","targetHints":{"allow":["GET"]}}],"collection":[{"href":"https:\/\/skbty.com\/fr\/wp-json\/wp\/v2\/product"}],"about":[{"href":"https:\/\/skbty.com\/fr\/wp-json\/wp\/v2\/types\/product"}],"replies":[{"embeddable":true,"href":"https:\/\/skbty.com\/fr\/wp-json\/wp\/v2\/comments?post=1914"}],"wp:featuredmedia":[{"embeddable":true,"href":"https:\/\/skbty.com\/fr\/wp-json\/wp\/v2\/media\/1915"}],"wp:attachment":[{"href":"https:\/\/skbty.com\/fr\/wp-json\/wp\/v2\/media?parent=1914"}],"wp:term":[{"taxonomy":"product_brand","embeddable":true,"href":"https:\/\/skbty.com\/fr\/wp-json\/wp\/v2\/product_brand?post=1914"},{"taxonomy":"product_cat","embeddable":true,"href":"https:\/\/skbty.com\/fr\/wp-json\/wp\/v2\/product_cat?post=1914"},{"taxonomy":"product_tag","embeddable":true,"href":"https:\/\/skbty.com\/fr\/wp-json\/wp\/v2\/product_tag?post=1914"}],"curies":[{"name":"Wp wp","href":"https:\/\/api.w.org\/{rel}","templated":true}]}}