{"id":1922,"date":"2023-06-15T18:21:50","date_gmt":"2023-06-15T10:21:50","guid":{"rendered":"https:\/\/skbty.com\/?post_type=product&#038;p=1922"},"modified":"2024-06-24T18:32:55","modified_gmt":"2024-06-24T10:32:55","slug":"machine-de-perte-de-poids-par-cryolipolyse-a-360-degres-pour-perte-de-poids-par-congelation-des-graisses","status":"publish","type":"product","link":"https:\/\/skbty.com\/fr\/produit\/machine-de-perte-de-poids-par-cryolipolyse-a-360-degres-pour-perte-de-poids-par-congelation-des-graisses\/","title":{"rendered":"Machine de perte de poids par cong\u00e9lation des graisses par cryolipolyse \u00e0 360 degr\u00e9s"},"content":{"rendered":"<div>\n<h1><strong>Machine de perte de poids par cryolipolyse 360\u00b0 pour l&#039;amincissement et la cong\u00e9lation des graisses : la solution ultime pour la mise en forme du corps<\/strong><\/h1>\n<h2><strong>Qu&#039;est-ce que la cryolipolyse amincissante par cong\u00e9lation des graisses ?<\/strong><\/h2>\n<p>La cryolipolyse amincissante par cong\u00e9lation des graisses est une m\u00e9thode innovante et non invasive qui r\u00e9duit en douceur et efficacement la graisse dans les zones cibl\u00e9es du corps, ce qui entra\u00eene une r\u00e9duction visible et avanc\u00e9e de la graisse dans la zone trait\u00e9e. Cette technologie utilise le refroidissement pour cibler de mani\u00e8re s\u00e9lective les bourrelets graisseux et \u00e9liminer les cellules graisseuses gr\u00e2ce \u00e0 un processus progressif qui n&#039;endommage pas les tissus environnants, r\u00e9duisant ainsi l&#039;exc\u00e8s de graisse.<\/p>\n<table style=\"border-collapse: collapse; width: 100%;\">\n<tbody>\n<tr>\n<td style=\"width: 50%;\">\n<h2><img loading=\"lazy\" decoding=\"async\" class=\"aligncenter\" title=\"Cryolipolyse Minceur Cong\u00e9lation des graisses\" src=\"https:\/\/sc04.alicdn.com\/kf\/H93747fe0d3274ad29ed2d4e9acf34903d\/247315878\/H93747fe0d3274ad29ed2d4e9acf34903d.jpg\" alt=\"Cryolipolyse Minceur Cong\u00e9lation des graisses\" width=\"558\" height=\"539\" data-src=\"\/\/sc04.alicdn.com\/kf\/H93747fe0d3274ad29ed2d4e9acf34903d\/247315878\/H93747fe0d3274ad29ed2d4e9acf34903d.jpg\" \/><\/h2>\n<\/td>\n<td style=\"width: 50%;\"><img loading=\"lazy\" decoding=\"async\" class=\"aligncenter\" title=\"Cryolipolyse Minceur Cong\u00e9lation des graisses\" src=\"https:\/\/sc04.alicdn.com\/kf\/H8f31b42148964c8db525800df7b68c06S\/247315878\/H8f31b42148964c8db525800df7b68c06S.jpg\" alt=\"Cryolipolyse Minceur Cong\u00e9lation des graisses\" width=\"750\" height=\"589\" data-src=\"\/\/sc04.alicdn.com\/kf\/H8f31b42148964c8db525800df7b68c06S\/247315878\/H8f31b42148964c8db525800df7b68c06S.jpg\" \/><\/td>\n<\/tr>\n<\/tbody>\n<\/table>\n<h2><strong>Comment \u00e7a marche : la science derri\u00e8re la cryolipolyse<\/strong><\/h2>\n<p>La cryolipolyse utilise une technologie de refroidissement pour cibler et geler les cellules graisseuses, qui sont ensuite \u00e9limin\u00e9es naturellement par le corps. Ce processus est s\u00fbr et ne nuit pas aux tissus environnants. Le refroidissement par contact des mains ajuste la temp\u00e9rature de la peau d&#039;un c\u00f4t\u00e9, prot\u00e8ge la fine structure dermique et permet d&#039;obtenir l&#039;effet de r\u00e9duction de la graisse et de remodelage du corps tout en resserrant la peau.<\/p>\n<h2><strong>Caract\u00e9ristiques de la machine :<\/strong><\/h2>\n<ul>\n<li><strong>Nom:<\/strong>\u00a0Machine de perte de poids corporelle par cong\u00e9lation des graisses par cryoth\u00e9rapie \u00e0 360 degr\u00e9s<\/li>\n<li><strong>Usage:<\/strong>\u00a0Corps, visage<\/li>\n<li><strong>Service OEM :<\/strong>\u00a0Soutien<\/li>\n<li><strong>Poign\u00e9es :<\/strong>\u00a09 poign\u00e9es 6 en 1<\/li>\n<li><strong>CTechnologie :<\/strong>\u00a0Cong\u00e9lation fra\u00eeche<\/li>\n<li><strong>NOUVELLE TECHNOLOGIE-CRYO ANGLE :<\/strong>\u00a0Cryo Angle est la derni\u00e8re technologie de refroidissement par cong\u00e9lation des graisses qui utilise un applicateur sp\u00e9cial \u00e0 360\u00b0 pour cibler les graisses tenaces qui r\u00e9sistent aux changements de r\u00e9gime alimentaire et \u00e0 l&#039;exercice, gelant, d\u00e9truisant et \u00e9liminant efficacement les cellules graisseuses sous la peau sans endommager les couches environnantes.<\/li>\n<\/ul>\n<table style=\"border-collapse: collapse; width: 100%;\">\n<tbody>\n<tr>\n<td style=\"width: 50%;\"><img loading=\"lazy\" decoding=\"async\" class=\"aligncenter\" title=\"Cryolipolyse Minceur Cong\u00e9lation des graisses\" src=\"https:\/\/sc04.alicdn.com\/kf\/H05a8a8d574f44035ad6ddea538857e36o\/247315878\/H05a8a8d574f44035ad6ddea538857e36o.jpg\" alt=\"Cryolipolyse Minceur Cong\u00e9lation des graisses\" width=\"750\" height=\"1169\" data-src=\"\/\/sc04.alicdn.com\/kf\/H05a8a8d574f44035ad6ddea538857e36o\/247315878\/H05a8a8d574f44035ad6ddea538857e36o.jpg\" \/><\/td>\n<td style=\"width: 50%;\"><img loading=\"lazy\" decoding=\"async\" class=\"aligncenter\" title=\"Cryolipolyse Minceur Cong\u00e9lation des graisses\" src=\"https:\/\/sc04.alicdn.com\/kf\/Ha9bd41f1b1294b9ab5f290be0db5811cx\/247315878\/Ha9bd41f1b1294b9ab5f290be0db5811cx.jpg\" alt=\"Cryolipolyse Minceur Cong\u00e9lation des graisses\" width=\"750\" height=\"1203\" data-src=\"\/\/sc04.alicdn.com\/kf\/Ha9bd41f1b1294b9ab5f290be0db5811cx\/247315878\/Ha9bd41f1b1294b9ab5f290be0db5811cx.jpg\" \/><\/td>\n<\/tr>\n<\/tbody>\n<\/table>\n<h2><img loading=\"lazy\" decoding=\"async\" class=\"aligncenter\" title=\"Cryolipolyse Minceur Cong\u00e9lation des graisses\" src=\"https:\/\/sc04.alicdn.com\/kf\/Ha55884564ba34b39ab35c8ce12688fdaJ\/247315878\/Ha55884564ba34b39ab35c8ce12688fdaJ.jpg\" alt=\"Cryolipolyse Minceur Cong\u00e9lation des graisses\" width=\"459\" height=\"508\" data-src=\"\/\/sc04.alicdn.com\/kf\/Ha55884564ba34b39ab35c8ce12688fdaJ\/247315878\/Ha55884564ba34b39ab35c8ce12688fdaJ.jpg\" \/><\/h2>\n<h2><strong>Avantages:<\/strong><\/h2>\n<ul>\n<li><strong>R\u00e9duction visible des graisses :<\/strong>\u00a0La cryolipolyse entra\u00eene une r\u00e9duction visible et avanc\u00e9e de la graisse dans la zone trait\u00e9e.<\/li>\n<li><strong>Modelage du corps :<\/strong>\u00a0Cette technologie permet d\u2019obtenir un effet de r\u00e9duction de la graisse et de remodelage du corps tout en resserrant la peau.<\/li>\n<li><strong>Non invasif :<\/strong>\u00a0La cryolipolyse est une m\u00e9thode non invasive qui n\u2019endommage pas les tissus environnants.<\/li>\n<li><strong>R\u00e9sultats permanents :<\/strong>\u00a0Les cellules graisseuses sont \u00e9limin\u00e9es d\u00e9finitivement, ce qui donne des r\u00e9sultats \u00e0 long terme.<\/li>\n<\/ul>\n<h2><strong>Conclusion:<\/strong><\/h2>\n<p>La machine de perte de poids par cryolipolyse 360\u00b0 est une technologie r\u00e9volutionnaire qui utilise une technologie de refroidissement avanc\u00e9e pour cibler et \u00e9liminer les cellules graisseuses, ce qui entra\u00eene une r\u00e9duction visible de la graisse et un remodelage du corps. Gr\u00e2ce \u00e0 son approche non invasive et s\u00fbre, cette machine est la solution ultime pour ceux qui cherchent \u00e0 obtenir un corps plus mince et plus tonique.<\/p>\n<\/div>\n<div><\/div>\n<div>\n<div>\n<div>\n<div>\n<div>\n<div><img loading=\"lazy\" decoding=\"async\" class=\"aligncenter\" title=\"Cryolipolyse Minceur Cong\u00e9lation des graisses\" src=\"https:\/\/sc04.alicdn.com\/kf\/H0e947c357e5440d89f0aa442f0031adah\/247315878\/H0e947c357e5440d89f0aa442f0031adah.jpg\" alt=\"Cryolipolyse Minceur Cong\u00e9lation des graisses\" width=\"508\" height=\"997\" data-src=\"\/\/sc04.alicdn.com\/kf\/H0e947c357e5440d89f0aa442f0031adah\/247315878\/H0e947c357e5440d89f0aa442f0031adah.jpg\" \/><\/div>\n<\/div>\n<div>\n<div>\n<div>\n<div class=\"layoutkit-flexbox css-qyvfwg\">\n<div class=\"layoutkit-flexbox css-i80ya5\">\n<div tabindex=\"0\" data-testid=\"virtuoso-scroller\" data-virtuoso-scroller=\"true\">\n<div data-viewport-type=\"element\">\n<div data-testid=\"virtuoso-item-list\">\n<div data-index=\"2\" data-known-size=\"2325\" data-item-index=\"2\">\n<div class=\"layoutkit-flexbox css-fwqjpa acss-xqi55h\">\n<div class=\"layoutkit-flexbox css-9pyqzz acss-4ej7mt\">\n<div class=\"layoutkit-flexbox css-roa2v7 acss-1fr3od3\">\n<div class=\"layoutkit-flexbox css-9pyqzz acss-13xnlhu\" role=\"menubar\">\n<div class=\"layoutkit-flexbox css-7k1dqj acss-r7dee\">\n<h2 class=\"acss-55oylt\"><strong style=\"font-family: 'Playfair Display', serif; font-size: 24px; text-transform: capitalize;\">Personnaliser Le Logo<\/strong><\/h2>\n<\/div>\n<\/div>\n<\/div>\n<\/div>\n<\/div>\n<\/div>\n<\/div>\n<\/div>\n<\/div>\n<\/div>\n<\/div>\n<\/div>\n<\/div>\n<div>\n<p>Vous voulez faire de votre marque de se d\u00e9marquer? Nous vous proposons logo personnalis\u00e9 de services pour vous aider \u00e0 cr\u00e9er un unique et personnalis\u00e9e de logo, qui refl\u00e8te l&#039;identit\u00e9 de votre marque. Notre \u00e9quipe d&#039;experts travaillera en \u00e9troite collaboration avec vous pour concevoir un logo qui r\u00e9sonne avec les valeurs de votre marque et de messagerie. Si vous \u00eates \u00e0 la recherche de r\u00e9organiser votre logo existant ou en cr\u00e9er un nouveau \u00e0 partir de z\u00e9ro, nous vous avons avons couvert. <a href=\"\/fr\/contact\/\">Contactez-nous<\/a> aujourd&#039;hui pour en savoir plus sur notre logo personnalis\u00e9 de services!<\/p>\n<\/div>\n<div>\n<div>\n<div>\n<div>\n<div><\/div>\n<\/div>\n<\/div>\n<\/div>\n<\/div>\n<\/div>\n<\/div>\n<\/div>\n<\/div>\n<\/div>","protected":false},"excerpt":{"rendered":"<div class=\"J_module\">\n<div class=\"detail-decorate-json-renderer-container\">\n<div class=\"magic-2\">\n<div class=\"magic-5\">\n<div class=\"magic-6\">\n<div class=\"magic-7\"><span class=\"magic-8\" data-spm-anchor-id=\"a2700.details.0.i45.6af76191eTByXc\">La cryolipolyse est une nouvelle m\u00e9thode non invasive qui r\u00e9duit en douceur et efficacement la graisse dans les zones cibl\u00e9es du corps, ce qui entra\u00eene une r\u00e9duction visible et avanc\u00e9e de la graisse dans la zone trait\u00e9e. \u00c9tant donn\u00e9 que les triglyc\u00e9rides contenus dans la graisse sont convertis en solides \u00e0 des temp\u00e9ratures extr\u00eamement basses, elle utilise une technologie de refroidissement pour cibler de mani\u00e8re s\u00e9lective les bourrelets graisseux et \u00e9liminer les cellules graisseuses gr\u00e2ce \u00e0 un processus progressif qui ne nuit pas aux tissus environnants, r\u00e9duisant ainsi l&#039;exc\u00e8s de graisse. Le refroidissement par contact des mains ajuste la temp\u00e9rature de la peau d&#039;un c\u00f4t\u00e9, prot\u00e8ge la fine structure dermique et permet d&#039;obtenir l&#039;effet de r\u00e9duction de la graisse et de remodelage du corps tout en resserrant la peau ! Appareil d&#039;amincissement par cong\u00e9lation pour le remodelage du corps, syst\u00e8me de cong\u00e9lation pour faire fondre la graisse et syst\u00e8me de beaut\u00e9 pour faire fondre la graisse et la cellulite.<\/span><\/div>\n<\/div>\n<\/div>\n<\/div>\n<\/div>\n<\/div>\n<div class=\"J_module\"><\/div>","protected":false},"featured_media":1923,"comment_status":"open","ping_status":"closed","template":"","meta":{"_kad_post_transparent":"default","_kad_post_title":"","_kad_post_layout":"default","_kad_post_sidebar_id":"","_kad_post_content_style":"default","_kad_post_vertical_padding":"default","_kad_post_feature":"","_kad_post_feature_position":"","_kad_post_header":false,"_kad_post_footer":false,"_kad_post_classname":"","rank_math_title":"","rank_math_description":"","rank_math_focus_keyword":""},"product_brand":[],"product_cat":[31],"product_tag":[],"class_list":{"0":"post-1922","1":"product","2":"type-product","3":"status-publish","4":"has-post-thumbnail","6":"product_cat-body-slimming","8":"first","9":"instock","10":"shipping-taxable","11":"product-type-simple","12":"entry","13":"content-bg","14":"loop-entry"},"_links":{"self":[{"href":"https:\/\/skbty.com\/fr\/wp-json\/wp\/v2\/product\/1922","targetHints":{"allow":["GET"]}}],"collection":[{"href":"https:\/\/skbty.com\/fr\/wp-json\/wp\/v2\/product"}],"about":[{"href":"https:\/\/skbty.com\/fr\/wp-json\/wp\/v2\/types\/product"}],"replies":[{"embeddable":true,"href":"https:\/\/skbty.com\/fr\/wp-json\/wp\/v2\/comments?post=1922"}],"wp:featuredmedia":[{"embeddable":true,"href":"https:\/\/skbty.com\/fr\/wp-json\/wp\/v2\/media\/1923"}],"wp:attachment":[{"href":"https:\/\/skbty.com\/fr\/wp-json\/wp\/v2\/media?parent=1922"}],"wp:term":[{"taxonomy":"product_brand","embeddable":true,"href":"https:\/\/skbty.com\/fr\/wp-json\/wp\/v2\/product_brand?post=1922"},{"taxonomy":"product_cat","embeddable":true,"href":"https:\/\/skbty.com\/fr\/wp-json\/wp\/v2\/product_cat?post=1922"},{"taxonomy":"product_tag","embeddable":true,"href":"https:\/\/skbty.com\/fr\/wp-json\/wp\/v2\/product_tag?post=1922"}],"curies":[{"name":"Wp wp","href":"https:\/\/api.w.org\/{rel}","templated":true}]}}