{"id":1928,"date":"2023-06-15T18:40:54","date_gmt":"2023-06-15T10:40:54","guid":{"rendered":"https:\/\/skbty.com\/?post_type=product&#038;p=1928"},"modified":"2024-06-24T15:31:23","modified_gmt":"2024-06-24T07:31:23","slug":"machine-damincissement-du-corps-ems-a-1-poignee-a-usage-domestique","status":"publish","type":"product","link":"https:\/\/skbty.com\/fr\/produit\/machine-damincissement-du-corps-ems-a-1-poignee-a-usage-domestique\/","title":{"rendered":"Appareil amincissant pour le corps EMS \u00e0 1 poign\u00e9e \u00e0 usage domestique"},"content":{"rendered":"<div>\n<div>\n<div class=\"layoutkit-flexbox css-qyvfwg\">\n<div class=\"layoutkit-flexbox css-i80ya5\">\n<div tabindex=\"0\" data-testid=\"virtuoso-scroller\" data-virtuoso-scroller=\"true\">\n<div data-viewport-type=\"element\">\n<div data-testid=\"virtuoso-item-list\">\n<div data-index=\"2\" data-known-size=\"2325\" data-item-index=\"2\">\n<div class=\"layoutkit-flexbox css-fwqjpa acss-xqi55h\">\n<div class=\"layoutkit-flexbox css-9pyqzz acss-4ej7mt\">\n<div class=\"layoutkit-flexbox css-roa2v7 acss-1fr3od3\">\n<div class=\"layoutkit-flexbox css-o3n4io acss-9nl0uq\">\n<div id=\"EuHgFA58\" class=\"layoutkit-flexbox css-fr78qt\">\n<div>\n<article data-code-type=\"markdown\">\n<div class=\"acss-1x7ejwa\">\n<h1><strong>Le guide ultime de l&#039;utilisation \u00e0 domicile de la machine amincissante EMS \u00e0 1 poign\u00e9e<\/strong><\/h1>\n<h2><strong>R\u00e9volutionnez votre corps avec la technologie \u00e9lectromagn\u00e9tique puls\u00e9e \u00e0 haute intensit\u00e9<\/strong><\/h2>\n<p>Vous en avez assez d&#039;essayer diff\u00e9rentes m\u00e9thodes de perte de poids avec peu ou pas de r\u00e9sultats ? Vous souhaitez obtenir un corps plus mince sans subir de proc\u00e9dures invasives ou passer des heures \u00e0 la salle de sport ? Ne cherchez plus ! La machine d&#039;amincissement corporel EMS \u00e0 1 poign\u00e9e \u00e0 usage domestique change la donne dans le monde de la technologie d&#039;amincissement corporel.<\/p>\n<h2><strong>Comment \u00e7a marche : la science derri\u00e8re la technologie HI-EMT<\/strong><\/h2>\n<p>La machine d&#039;amincissement corporel EMS \u00e0 1 poign\u00e9e \u00e0 usage domestique utilise une technologie \u00e9lectromagn\u00e9tique puls\u00e9e \u00e0 haute intensit\u00e9 pour stimuler les contractions musculaires. Cette technologie est bas\u00e9e sur le principe selon lequel les muscles peuvent \u00eatre forc\u00e9s \u00e0 se contracter et \u00e0 se d\u00e9tendre rapidement, ce qui entra\u00eene une augmentation de la masse musculaire et une r\u00e9duction de la graisse.<\/p>\n<h2><img loading=\"lazy\" decoding=\"async\" class=\"aligncenter\" title=\"Appareil d&#039;amincissement corporel EMS\" src=\"https:\/\/sc04.alicdn.com\/kf\/Hee7834dbc6924c72b14598a28ee78993G\/247315878\/Hee7834dbc6924c72b14598a28ee78993G.jpg\" alt=\"Appareil d&#039;amincissement corporel EMS\" width=\"520\" height=\"813\" data-src=\"\/\/sc04.alicdn.com\/kf\/Hee7834dbc6924c72b14598a28ee78993G\/247315878\/Hee7834dbc6924c72b14598a28ee78993G.jpg\" \/><\/h2>\n<h2><strong>Zones de traitement : o\u00f9 puis-je utiliser la machine ?<\/strong><\/h2>\n<p>La machine d&#039;amincissement du corps EMS \u00e0 1 poign\u00e9e \u00e0 usage domestique peut \u00eatre utilis\u00e9e pour traiter diverses zones du corps, notamment\u00a0:<\/p>\n<ul>\n<li><strong>Fesses<\/strong>: Obtenez un derri\u00e8re plus tonique et plus relev\u00e9<\/li>\n<li><strong>Cuisses<\/strong>: Affinez vos cuisses et obtenez une silhouette plus d\u00e9finie<\/li>\n<li><strong>Les hanches<\/strong>:R\u00e9duisez la graisse et augmentez la masse musculaire de vos hanches<\/li>\n<li><strong>Bras<\/strong>: Obtenez des bras toniques et minces<\/li>\n<li><strong>ABS<\/strong>:Obtenez un ventre plus plat et plus d\u00e9fini<\/li>\n<\/ul>\n<h2><img loading=\"lazy\" decoding=\"async\" class=\"aligncenter\" title=\"Appareil d&#039;amincissement corporel EMS\" src=\"https:\/\/sc04.alicdn.com\/kf\/Hbf93baffd38a48769974b8d1c727f42fa\/247315878\/Hbf93baffd38a48769974b8d1c727f42fa.jpg\" alt=\"Appareil d&#039;amincissement corporel EMS\" width=\"641\" height=\"1597\" data-src=\"\/\/sc04.alicdn.com\/kf\/Hbf93baffd38a48769974b8d1c727f42fa\/247315878\/Hbf93baffd38a48769974b8d1c727f42fa.jpg\" \/><\/h2>\n<h2><strong>Caract\u00e9ristiques de s\u00e9curit\u00e9 : Syst\u00e8me de refroidissement d&#039;air intelligent<\/strong><\/h2>\n<p>La machine amincissante EMS \u00e0 1 poign\u00e9e \u00e0 usage domestique est dot\u00e9e d&#039;un syst\u00e8me de refroidissement par air intelligent qui garantit que la machine ne g\u00e9n\u00e8re pas de temp\u00e9ratures \u00e9lev\u00e9es pendant le traitement. Ce syst\u00e8me am\u00e9liore \u00e9galement la dur\u00e9e de vie et le facteur de s\u00e9curit\u00e9 de la machine.<\/p>\n<h2><strong>R\u00e9sultats : que puis-je attendre de la machine ?<\/strong><\/h2>\n<p>La machine amincissante pour le corps EMS \u00e0 1 poign\u00e9e \u00e0 usage domestique peut r\u00e9duire la graisse en\u00a0<strong>21%<\/strong>\u00a0et augmenter la masse musculaire en\u00a0<strong>16%<\/strong>Cette machine est id\u00e9ale pour ceux qui souhaitent obtenir un corps plus mince en position allong\u00e9e.<\/p>\n<h2><strong>Sp\u00e9cifications techniques : ce que vous devez savoir<\/strong><\/h2>\n<ul>\n<li><strong>Puissance d&#039;entr\u00e9e<\/strong>: 220\/110 V 50\/60 Hz<\/li>\n<li><strong>Consommation \u00e9lectrique maximale<\/strong>: 2,3 kVA<\/li>\n<li><strong>Puissance de sortie<\/strong>: 2000 W<\/li>\n<li><strong>Couleur de la machine<\/strong>: Gris<\/li>\n<li><strong>Intensit\u00e9 de sortie<\/strong>: 7 T<\/li>\n<li><strong>Forme de l&#039;impulsion de stimulation<\/strong>: Biphas\u00e9<\/li>\n<li><strong>Dur\u00e9e d&#039;impulsion<\/strong>: 300 \u00b5s<\/li>\n<li><strong>Poign\u00e9es<\/strong>: 1<\/li>\n<li><strong>Taille du paquet<\/strong>: 576252cm\/42kg<\/li>\n<\/ul>\n<h2><strong>Principe : Comment fonctionne la technologie HI-EMT<\/strong><\/h2>\n<p>La machine d&#039;amincissement du corps EMS \u00e0 1 poign\u00e9e \u00e0 usage domestique utilise la technologie HI-EMT pour dilater et contracter en continu les muscles autologues et effectuer un entra\u00eenement extr\u00eame pour remodeler en profondeur la structure interne du muscle, ce qui entra\u00eene la croissance des fibrilles musculaires et la production de nouvelles cha\u00eenes de prot\u00e9ines et fibres musculaires.<\/p>\n<h2><img loading=\"lazy\" decoding=\"async\" class=\"aligncenter\" title=\"Appareil d&#039;amincissement corporel EMS\" src=\"https:\/\/sc04.alicdn.com\/kf\/H41c231afb7a249dca57d7fc873e9abdbk\/247315878\/H41c231afb7a249dca57d7fc873e9abdbk.jpg\" alt=\"Appareil d&#039;amincissement corporel EMS\" width=\"490\" height=\"453\" data-src=\"\/\/sc04.alicdn.com\/kf\/H41c231afb7a249dca57d7fc873e9abdbk\/247315878\/H41c231afb7a249dca57d7fc873e9abdbk.jpg\" \/><\/h2>\n<h2><strong>Effet d&#039;augmentation musculaire : tonifiez et affinez votre silhouette<\/strong><\/h2>\n<p>La machine d&#039;amincissement corporel EMS \u00e0 1 poign\u00e9e \u00e0 usage domestique utilise la technologie HI-EMT pour forcer les contractions musculaires, ce qui entra\u00eene une augmentation de la masse musculaire. Cette machine peut augmenter l&#039;adaptation des tissus musculaires, ce qui entra\u00eene la croissance des myofibrilles et des fibres musculaires.<\/p>\n<h2><strong>Effet r\u00e9ducteur de graisse : dites adieu \u00e0 l&#039;exc\u00e8s de graisse<\/strong><\/h2>\n<p>La machine amincissante corporelle EMS \u00e0 1 poign\u00e9e \u00e0 usage domestique peut r\u00e9duire la graisse d&#039;environ\u00a0<strong>19%<\/strong>Cette machine fonctionne en induisant l\u2019apoptose, un processus naturel de mort cellulaire, entra\u00eenant une r\u00e9duction des cellules graisseuses.<\/p>\n<h2><img loading=\"lazy\" decoding=\"async\" class=\"aligncenter\" title=\"Appareil d&#039;amincissement corporel EMS\" src=\"https:\/\/sc04.alicdn.com\/kf\/H60f2d1eda176420cb0c637505a6ce970f\/247315878\/H60f2d1eda176420cb0c637505a6ce970f.jpg\" alt=\"Appareil d&#039;amincissement corporel EMS\" width=\"592\" height=\"1062\" data-src=\"\/\/sc04.alicdn.com\/kf\/H60f2d1eda176420cb0c637505a6ce970f\/247315878\/H60f2d1eda176420cb0c637505a6ce970f.jpg\" \/><\/h2>\n<h2><strong>Conclusion : Obtenez un corps plus mince en toute simplicit\u00e9<\/strong><\/h2>\n<p>La machine amincissante EMS \u00e0 1 poign\u00e9e \u00e0 usage domestique est une technologie r\u00e9volutionnaire qui peut vous aider \u00e0 obtenir un corps plus mince en position allong\u00e9e. Cette machine est s\u00fbre, non invasive et peut \u00eatre utilis\u00e9e pour traiter diverses zones du corps.<\/p>\n<h2><img loading=\"lazy\" decoding=\"async\" class=\"aligncenter\" title=\"Appareil d&#039;amincissement corporel EMS\" src=\"https:\/\/sc04.alicdn.com\/kf\/H116b5f89de21443eb899113300554747q\/247315878\/H116b5f89de21443eb899113300554747q.jpg\" alt=\"Appareil d&#039;amincissement corporel EMS\" width=\"523\" height=\"512\" data-src=\"\/\/sc04.alicdn.com\/kf\/H116b5f89de21443eb899113300554747q\/247315878\/H116b5f89de21443eb899113300554747q.jpg\" \/><\/h2>\n<h2><strong>Questions fr\u00e9quemment pos\u00e9es<\/strong><\/h2>\n<h3>Q\u00a0:\u00a0La machine amincissante corporelle EMS \u00e0 1 poign\u00e9e \u00e0 usage domestique est-elle s\u00fbre \u00e0 utiliser\u00a0?<\/h3>\n<p>R : Oui, la machine est s\u00fbre et non invasive et dispose d\u2019un syst\u00e8me de refroidissement par air intelligent pour garantir la s\u00e9curit\u00e9 pendant le traitement.<\/p>\n<h3>Q : Combien de temps dure une s\u00e9ance de traitement ?<\/h3>\n<p>R : Les s\u00e9ances de traitement durent g\u00e9n\u00e9ralement environ 30 minutes.<\/p>\n<h3>Q : Puis-je utiliser la machine sur plusieurs zones du corps ?<\/h3>\n<p>R : Oui, la machine peut \u00eatre utilis\u00e9e pour traiter diff\u00e9rentes zones du corps, notamment les fesses, les cuisses, les hanches, les bras et les abdominaux.<\/p>\n<h3>Q : \u00c0 quelle fr\u00e9quence dois-je utiliser la machine ?<\/h3>\n<p>R : Pour de meilleurs r\u00e9sultats, utilisez la machine 2 \u00e0 3 fois par semaine.<\/p>\n<h3>Q : La machine est-elle facile \u00e0 utiliser ?<\/h3>\n<p>R : Oui, la machine est facile \u00e0 utiliser et est livr\u00e9e avec un manuel d\u2019utilisation pour vous guider.<\/p>\n<\/div>\n<\/article>\n<\/div>\n<\/div>\n<\/div>\n<div class=\"layoutkit-flexbox css-9pyqzz acss-13xnlhu\" role=\"menubar\">\n<div class=\"layoutkit-flexbox css-7k1dqj acss-r7dee\">\n<h2 class=\"acss-55oylt\"><strong style=\"font-family: 'Playfair Display', serif; font-size: 24px; text-transform: capitalize;\">Personnaliser Le Logo<\/strong><\/h2>\n<\/div>\n<\/div>\n<\/div>\n<\/div>\n<\/div>\n<\/div>\n<\/div>\n<\/div>\n<\/div>\n<\/div>\n<\/div>\n<\/div>\n<\/div>\n<div>\n<p>Vous voulez faire de votre marque de se d\u00e9marquer? Nous vous proposons logo personnalis\u00e9 de services pour vous aider \u00e0 cr\u00e9er un unique et personnalis\u00e9e de logo, qui refl\u00e8te l&#039;identit\u00e9 de votre marque. Notre \u00e9quipe d&#039;experts travaillera en \u00e9troite collaboration avec vous pour concevoir un logo qui r\u00e9sonne avec les valeurs de votre marque et de messagerie. Si vous \u00eates \u00e0 la recherche de r\u00e9organiser votre logo existant ou en cr\u00e9er un nouveau \u00e0 partir de z\u00e9ro, nous vous avons avons couvert. <a href=\"\/fr\/contact\/\">Contactez-nous<\/a> aujourd&#039;hui pour en savoir plus sur notre logo personnalis\u00e9 de services!<\/p>\n<\/div>\n<div>\n<div>\n<div>\n<div>\n<div><\/div>\n<\/div>\n<\/div>\n<\/div>\n<\/div>","protected":false},"excerpt":{"rendered":"<p>En utilisant la technologie HI-EMT (High Energy Focused Electromagnetic Wave) pour dilater et contracter en continu les muscles autologues et effectuer un entra\u00eenement extr\u00eame pour remodeler en profondeur la structure interne du muscle, c&#039;est-\u00e0-dire la croissance des fibrilles musculaires (\u00e9largissement musculaire) et produire de nouvelles cha\u00eenes prot\u00e9iques et fibres musculaires (hyperplasie musculaire), afin d&#039;entra\u00eener et d&#039;augmenter la densit\u00e9 et le volume musculaire.<\/p>","protected":false},"featured_media":2079,"comment_status":"open","ping_status":"closed","template":"","meta":{"_kad_post_transparent":"default","_kad_post_title":"","_kad_post_layout":"default","_kad_post_sidebar_id":"","_kad_post_content_style":"default","_kad_post_vertical_padding":"default","_kad_post_feature":"","_kad_post_feature_position":"","_kad_post_header":false,"_kad_post_footer":false,"_kad_post_classname":"","rank_math_title":"","rank_math_description":"","rank_math_focus_keyword":""},"product_brand":[],"product_cat":[31],"product_tag":[],"class_list":{"0":"post-1928","1":"product","2":"type-product","3":"status-publish","4":"has-post-thumbnail","6":"product_cat-body-slimming","8":"first","9":"instock","10":"shipping-taxable","11":"product-type-simple","12":"entry","13":"content-bg","14":"loop-entry"},"_links":{"self":[{"href":"https:\/\/skbty.com\/fr\/wp-json\/wp\/v2\/product\/1928","targetHints":{"allow":["GET"]}}],"collection":[{"href":"https:\/\/skbty.com\/fr\/wp-json\/wp\/v2\/product"}],"about":[{"href":"https:\/\/skbty.com\/fr\/wp-json\/wp\/v2\/types\/product"}],"replies":[{"embeddable":true,"href":"https:\/\/skbty.com\/fr\/wp-json\/wp\/v2\/comments?post=1928"}],"wp:featuredmedia":[{"embeddable":true,"href":"https:\/\/skbty.com\/fr\/wp-json\/wp\/v2\/media\/2079"}],"wp:attachment":[{"href":"https:\/\/skbty.com\/fr\/wp-json\/wp\/v2\/media?parent=1928"}],"wp:term":[{"taxonomy":"product_brand","embeddable":true,"href":"https:\/\/skbty.com\/fr\/wp-json\/wp\/v2\/product_brand?post=1928"},{"taxonomy":"product_cat","embeddable":true,"href":"https:\/\/skbty.com\/fr\/wp-json\/wp\/v2\/product_cat?post=1928"},{"taxonomy":"product_tag","embeddable":true,"href":"https:\/\/skbty.com\/fr\/wp-json\/wp\/v2\/product_tag?post=1928"}],"curies":[{"name":"Wp wp","href":"https:\/\/api.w.org\/{rel}","templated":true}]}}