{"id":1938,"date":"2023-06-16T16:43:46","date_gmt":"2023-06-16T08:43:46","guid":{"rendered":"https:\/\/skbty.com\/?post_type=product&#038;p=1938"},"modified":"2025-12-05T18:51:37","modified_gmt":"2025-12-05T10:51:37","slug":"emslim-machine-avec-rf-un-gros-equipement-portatif-de-reduction-sculpt-muscle-bruler-la-graisse","status":"publish","type":"product","link":"https:\/\/skbty.com\/fr\/produit\/emslim-machine-avec-rf-un-gros-equipement-portatif-de-reduction-sculpt-muscle-bruler-la-graisse\/","title":{"rendered":"Emslim Machine avec RF: UN Portable de R\u00e9duction de la Graisse de l&#039;\u00c9quipement de Sculpter des Muscles"},"content":{"rendered":"<h1><strong>D\u00e9bloquer Votre Corps de R\u00eave \u00e0 la Maison: Le Guide Ultime pour la Emslim Machine avec le RF \u2013 UN portable de r\u00e9duction de la graisse de l&#039;\u00e9quipement<\/strong><\/h1>\n<p>Soyons honn\u00eates un instant. Vous avez \u00e9t\u00e9 de mettre dans le travail. Vous avez nettoy\u00e9 votre r\u00e9gime alimentaire, vous \u00eates frapper la salle de gym (ou votre salon tapis de yoga), de mani\u00e8re coh\u00e9rente, et que vous buvez beaucoup d&#039;eau. Vous \u00eates en train de faire tout ce qui est \u201cdroit\u201d. Pourtant, il y a les zones rebelles\u2014ce petit toutou sur vos abdominaux, ces poign\u00e9es d&#039;amour qui refusent de quitter, ou \u00e0 l&#039;arri\u00e8re de votre bras qui n&#039;ont tout simplement pas la d\u00e9finition que vous avez envie. C&#039;est frustrant, n&#039;est-ce pas? Vous \u00eates si pr\u00e8s du but, mais il se sent comme il y a un mur invisible vous ne pouvez tout simplement pas \u00e0 briser.<\/p>\n<p>Que faire si je vous ai dit que le secret pour se frayer un chemin \u00e0 travers ce mur n&#039;\u00e9tait pas un autre r\u00e9gime \u00e0 la mode ou une punition nouvelle routine d&#039;entra\u00eenement? Que faire si la r\u00e9ponse est un appareil r\u00e9volutionnaire, autrefois r\u00e9serv\u00e9 \u00e0 la haute fin de c\u00e9l\u00e9brit\u00e9 cliniques, que vous pouvez maintenant utiliser dans le confort de votre propre maison?<\/p>\n<p>Pr\u00e9parez-vous \u00e0 rencontrer votre nouveau meilleur ami de la remise en forme. C&#039;est le guide ultime pour la maison Emslim machine avec le RF \u2013 UN portable de r\u00e9duction de la graisse de l&#039;\u00e9quipement, l&#039;appareil r\u00e9volutionnaire qui change la fa\u00e7on dont nous pensons \u00e0 sculpter le corps pour toujours.<\/p>\n<h2><img loading=\"lazy\" decoding=\"async\" class=\"aligncenter size-full wp-image-3432\" src=\"https:\/\/skbty.com\/wp-content\/uploads\/2025\/07\/portable-fat-reduction-equipment-.avif\" alt=\"portable de la r\u00e9duction de la graisse de l&#039;\u00e9quipement\" width=\"750\" height=\"795\" srcset=\"https:\/\/skbty.com\/wp-content\/uploads\/2025\/07\/portable-fat-reduction-equipment-.avif 750w, https:\/\/skbty.com\/wp-content\/uploads\/2025\/07\/portable-fat-reduction-equipment--283x300.jpg 283w, https:\/\/skbty.com\/wp-content\/uploads\/2025\/07\/portable-fat-reduction-equipment--11x12.jpg 11w, https:\/\/skbty.com\/wp-content\/uploads\/2025\/07\/portable-fat-reduction-equipment--600x636.jpg 600w\" sizes=\"auto, (max-width: 750px) 100vw, 750px\" \/><\/h2>\n<h2><strong>La remise en forme du Plateau: Pourquoi Votre Dur labeur \u00e0 la salle de Gym N&#039;est pas Toujours Suffisant<\/strong><\/h2>\n<p>Nous avons tous \u00e9t\u00e9 l\u00e0. Vous lancez un nouveau voyage de remise en forme, et pour la premi\u00e8re quelques semaines ou quelques mois, les r\u00e9sultats sont incroyables. Le poids diminue, vos v\u00eatements vous vont mieux, et votre \u00e9nergie \u00e0 travers le toit. Mais alors... il s&#039;arr\u00eate. L&#039;\u00e9chelle ne c\u00e9dera pas. Le miroir semble le m\u00eame, jour apr\u00e8s jour. C&#039;est la redoutable de remise en forme de plateau.<\/p>\n<p>Cela se produit parce que nos corps sont incroyablement intelligent et adaptatif. Ils s&#039;habituer \u00e0 nos routines d&#039;entra\u00eenement. En outre, le traditionnel exercice a ses limites. Vous pouvez faire un millier de redressements assis, mais vous ne pouvez activer volontairement, environ 30 \u00e0 40% de vos fibres musculaires. Et aucune quantit\u00e9 de cardio sp\u00e9cifiquement \u201cspot de r\u00e9duire la graisse de votre ventre. C&#039;est un produit biologique de limitation. C&#039;est l\u00e0 o\u00f9 la science et de la technologie de l&#039;\u00e9tape pour vous donner un avantage injuste.<\/p>\n<h2><strong>Une R\u00e9volution dans Votre Salon: pr\u00e9sentation de l&#039;Emslim avec la Technologie RF<\/strong><\/h2>\n<p>Imaginez \u00eatre en mesure d&#039;obtenir les r\u00e9sultats de 20.000 parfait craquements ou des squats en une seule s\u00e9ance de 30 minutes pendant que vous rattraper sur votre favori Netflix spectacle. Il ressemble \u00e0 de la science-fiction, mais c&#039;est la r\u00e9alit\u00e9 de la <strong>portable de la r\u00e9duction de la graisse de l&#039;\u00e9quipement<\/strong>. Cet \u00e9l\u00e9gant, puissant appareil est con\u00e7u pour faire ce qui \u00e9tait auparavant impossible: construire le muscle et br\u00fbler les graisses <em>simultan\u00e9ment<\/em> et <em>de fa\u00e7on cibl\u00e9e<\/em>. C&#039;est pas de la magie; c&#039;est une brillante combinaison de deux cliniquement prouv\u00e9 technologies.<\/p>\n<h3><strong>Alors, Quelle Est Exactement Cette Maison \u00c0 Sculpter Le Corps De Marvel?<\/strong><\/h3>\n<p>Au c\u0153ur de la Emslim avec le RF est un double action centrale. Il utilise deux types distincts de l&#039;\u00e9nergie \u00e0 livrer une pierre deux coups contre la graisse et la d\u00e9finition musculaire. Pensez \u00e0 elle comme ayant deux d&#039;\u00e9lite personnels formateurs de travailler sur votre corps en m\u00eame temps. Nous allons d\u00e9composer ce duo dynamique.<\/p>\n<h4><strong>Le \u201cMuscle\u201d de la Magie: Focalis\u00e9s de Haute Intensit\u00e9 \u00c9lectromagn\u00e9tique (HIFEM) de la Technologie<\/strong><\/h4>\n<p>Le \u201cEm\u201d dans Emslim signifie \u00e9lectromagn\u00e9tique. HIFEM de la technologie est le renforcement musculaire moteur de l&#039;appareil. Il utilise un puissant mais fort champ \u00e9lectromagn\u00e9tique pour induire ce que l&#039;on appelle supramaximale des contractions musculaires.<\/p>\n<p>Que veut dire en anglais? L&#039;appareil de pagaie, lorsqu&#039;il est plac\u00e9 sur votre zone cible (comme votre abdomen), provoque vos muscles \u00e0 se contracter et \u00e0 une intensit\u00e9 et le taux que vous pourriez jamais obtenir sur votre propre. On parle de milliers de profond, de puissantes contractions en quelques minutes. Cette intense \u201cs\u00e9ance d&#039;entra\u00eenement\u201d les forces de vos fibres musculaires \u00e0 remodeler et \u00e0 cro\u00eetre, entra\u00eenant une augmentation de la densit\u00e9 musculaire et la d\u00e9finition. C&#039;est comme faire le plus incroyablement efficace de la s\u00e9ance d&#039;entra\u00eenement de votre vie sans casser une sueur.<\/p>\n<h4><strong>La \u201cGraisse de la Fusion de la\u201d Merveille: la Radiofr\u00e9quence (RF) de l&#039;\u00c9nergie<\/strong><\/h4>\n<p>Alors que HIFEM est en train de construire votre muscle, la Radiofr\u00e9quence (RF) de la composante obtient de travailler sur la couche de graisse tenaces assis sur le dessus. L&#039;\u00e9nergie de RF r\u00e9chauffe doucement le tissu juste en dessous de votre peau. Cette chaleur fait deux choses incroyables:<\/p>\n<ol>\n<li><strong>Pr\u00e9-Chauffe les Muscles:<\/strong>\u00a0Il agit comme un warm-up, faire de la HIFEM induite par des contractions musculaires encore plus efficace et confortable.<\/li>\n<li><strong>Perturbe Les Cellules De Graisse:<\/strong>\u00a0Le RF chaleur \u00e9l\u00e8ve la temp\u00e9rature de votre graisse sous-cutan\u00e9e de cellules \u00e0 un point o\u00f9 ils ne peuvent plus survivre. Ce processus, appel\u00e9 apoptose, provoque les cellules de graisse \u00e0 \u00eatre endommag\u00e9 de fa\u00e7on permanente. Au cours de la prochaine quelques semaines, votre corps naturel du syst\u00e8me lymphatique n&#039;a qu&#039;\u00e0 identifier ces cellules endommag\u00e9es que les d\u00e9chets et les bouff\u00e9es. Le r\u00e9sultat? Mesurer la r\u00e9duction de l&#039;\u00e9paisseur de la couche de graisse.<\/li>\n<\/ol>\n<h2><img loading=\"lazy\" decoding=\"async\" class=\"aligncenter\" title=\"EMS Body Sculpt\" src=\"https:\/\/sc04.alicdn.com\/kf\/H9f2de02ec9bb4a7f837d70884724de83z\/247315878\/H9f2de02ec9bb4a7f837d70884724de83z.jpg\" alt=\"EMS Body Sculpt\" width=\"549\" height=\"889\" data-src=\"\/\/sc04.alicdn.com\/kf\/H9f2de02ec9bb4a7f837d70884724de83z\/247315878\/H9f2de02ec9bb4a7f837d70884724de83z.jpg\" \/><\/h2>\n<h2><strong>La Puissance de Deux-en-Un: Pourquoi HIFEM + RF est Votre Arme Secr\u00e8te<\/strong><\/h2>\n<p>En apportant cette technologie de pointe dans votre maison peut sembler intimidant, mais le processus ne pouvait pas \u00eatre plus simple. Il est con\u00e7u pour la facilit\u00e9 d&#039;utilisation, de s\u00e9curit\u00e9 et de confort.<\/p>\n<h3><strong>Mise en Place pour le Succ\u00e8s en Seulement Quelques Minutes<\/strong><\/h3>\n<ol>\n<li><strong>Se Mettre \u00c0 L&#039;Aise:<\/strong>\u00a0Trouver un endroit confortable sur votre lit, un canap\u00e9 ou un tapis de sol. Vous serez l\u00e0 pendant environ 30 minutes, de sorte que vous pourriez aussi bien vous d\u00e9tendre!<\/li>\n<li><strong>La pr\u00e9paration de la Zone:<\/strong>\u00a0S&#039;assurer de la peau sur votre zone cible (par exemple, votre estomac) est propre, sec et exempt de toutes les lotions ou des huiles.<\/li>\n<li><strong>La Position de la palette:<\/strong>\u00a0Place de l&#039;applicateur de la pagaie directement sur le groupe de muscles. Utiliser les sangles pour le fixer fermement et confortablement en place. Il ne devrait pas \u00eatre trop serr\u00e9.<\/li>\n<li><strong>Allumer et Commencer \u00c0:<\/strong>\u00a0Allumez la machine. Plupart des unit\u00e9s ont une pr\u00e9-s\u00e9rie de programmes. S\u00e9lectionnez le \u201cHIFEM + RF\u201d mode combin\u00e9. Toujours commencer l&#039;intensit\u00e9 \u00e0 un niveau faible.<\/li>\n<li><strong>Trouver Votre Niveau De Puissance:<\/strong>\u00a0Augmenter progressivement l&#039;intensit\u00e9 \u00e0 un niveau qui se sent fort et puissant, mais jamais douloureux. Vous aurez l&#039;impression de fortes contractions musculaires et une douce, agr\u00e9able sensation de chaleur. C&#039;est la technologie au travail!<\/li>\n<li><strong>D\u00e9tendez-vous et Laissez-le Travailler:<\/strong>\u00a0Maintenant, pour le meilleur partie. Pour les 30 prochaines minutes, vous pouvez lire un livre, r\u00e9pondre \u00e0 des courriels, \u00e9couter un podcast, ou tout simplement fermer les yeux et d\u00e9tendez-vous. La machine fait tout le travail pour vous.<\/li>\n<li><strong>Post-S\u00e9ance:<\/strong>\u00a0Une fois que le programme est termin\u00e9, il suffit de unstrap la pagaie et vous avez termin\u00e9! Il n&#039;y a aucune interruption de service. Vous pourriez vous sentir comme vous venez d&#039;avoir une grande s\u00e9ance d&#039;entra\u00eenement, mais vous pouvez imm\u00e9diatement aller sur votre journ\u00e9e. Assurez-vous de boire beaucoup d&#039;eau pour aider votre corps \u00e0 \u00e9liminer les adipocytes trait\u00e9s.<\/li>\n<\/ol>\n<h2><img loading=\"lazy\" decoding=\"async\" class=\"aligncenter\" title=\"EMS Body Sculpt\" src=\"https:\/\/sc04.alicdn.com\/kf\/Hb3ad41fbe350447d95e2b8f91eede6f8V\/247315878\/Hb3ad41fbe350447d95e2b8f91eede6f8V.jpg\" alt=\"EMS Body Sculpt\" width=\"562\" height=\"743\" data-src=\"\/\/sc04.alicdn.com\/kf\/Hb3ad41fbe350447d95e2b8f91eede6f8V\/247315878\/Hb3ad41fbe350447d95e2b8f91eede6f8V.jpg\" \/><\/h2>\n<h2><strong>Est la Maison Emslim avec RF pour Vous?<\/strong><\/h2>\n<p>Ce portable de r\u00e9duction de la graisse de l&#039;\u00e9quipement est un formidable outil, mais il est important d&#039;avoir les bonnes attentes. Ce n&#039;est pas une perte de poids de l&#039;appareil pour l&#039;ob\u00e9sit\u00e9. Au lieu de cela, c&#039;est un <em>sculpter le corps<\/em> de l&#039;appareil. Il est parfait pour les personnes qui sont:<\/p>\n<ul>\n<li>D\u00e9j\u00e0 \u00e0 la t\u00eate d&#039;une relativement bonne sant\u00e9 et style de vie actif.<\/li>\n<li>Dans les 15 \u00e0 20 kilos de, leur poids id\u00e9al mais la lutte avec les zones \u00e0 probl\u00e8me sp\u00e9cifique.<\/li>\n<li>Qui cherchent \u00e0 am\u00e9liorer la d\u00e9finition musculaire et le ton dans leurs abdos, les fessiers et les bras.<\/li>\n<li>La r\u00e9cup\u00e9ration d&#039;une blessure (avec l&#039;approbation du m\u00e9decin) et de vouloir reconstruire la force musculaire en toute s\u00e9curit\u00e9.<\/li>\n<li>Les parents occup\u00e9s ou les professionnels qui ne peuvent pas passer des heures \u00e0 la salle de gym, mais encore envie de la prime de r\u00e9sultats.<\/li>\n<\/ul>\n<h3><strong>Plus Que Juste l&#039;Abs: Cibler les Diff\u00e9rentes Parties du Corps pour un Corps entier de la Transformation<\/strong><\/h3>\n<p>Tandis que l&#039;abdomen est le plus populaire de la zone de traitement, la polyvalence de la <strong>portable de la r\u00e9duction de la graisse de l&#039;\u00e9quipement<\/strong> est l&#039;une de ses plus grandes forces. Vous pouvez l&#039;utiliser pour:<\/p>\n<ul>\n<li><strong>Sculpter Votre Abdomen:<\/strong>\u00a0R\u00e9aliser que tant convoit\u00e9 six-pack de d\u00e9finition et de r\u00e9duire le bas du ventre gras.<\/li>\n<li><strong>Soulevez Vos Fesses:<\/strong>\u00a0Fournir un non-chirurgical \u201cbutt lift\u201d effet par la construction et de tonifier les muscles des fessiers pour un perkier, un rond de forme.<\/li>\n<li><strong>Tonifier Vos Bras:<\/strong>\u00a0Cible les biceps et les triceps de la lutte contre \u201cles ailes de bingo\u201d et de cr\u00e9er \u00e9l\u00e9gant, d\u00e9fini les bras.<\/li>\n<li><strong>D\u00e9finir Vos Cuisses:<\/strong>\u00a0Sculpter l&#039;avant et \u00e0 l&#039;arri\u00e8re de vos cuisses pour les plus fort, plus profil\u00e9e jambes.<\/li>\n<li><strong>Renforcer Vos Mollets:<\/strong>\u00a0Construire et d\u00e9finir vos muscles du mollet, une zone notoirement difficile \u00e0 cro\u00eetre avec le traditionnel exercice.<\/li>\n<\/ul>\n<h2><strong>Votre Nouveau Partenaire de Fitness: l&#039;Int\u00e9gration de Emslim dans un mode de Vie Sain<\/strong><\/h2>\n<p>Il est crucial pour afficher l&#039;Emslim avec RF non comme un remplacement pour les saines habitudes de vie, mais comme un partenaire puissant qui amplifie vos efforts. Pensez-y comme un turbocompresseur pour votre voiture, il fait un bon moteur de r\u00e9aliser de fa\u00e7on spectaculaire.<\/p>\n<p>Continuer avec votre r\u00e9gime alimentaire \u00e9quilibr\u00e9 et de l&#039;exercice r\u00e9gulier. La machine va construire un fort et muscl\u00e9 de la fondation et de se tailler loin de la graisse, et votre style de vie sain pour maintenir et am\u00e9liorer les r\u00e9sultats \u00e0 long terme. \u00c0 l&#039;aide de la machine peut m\u00eame vous motiver, que de voir des r\u00e9sultats tangibles dans le miroir est le meilleur carburant pour vous garder sur la bonne voie avec votre nutrition et d&#039;autres s\u00e9ances d&#039;entra\u00eenement. Typique d&#039;un protocole recommand\u00e9 est de 4 \u00e0 6 s\u00e9ances sur deux \u00e0 trois semaines pour des r\u00e9sultats optimaux.<\/p>\n<h2><img loading=\"lazy\" decoding=\"async\" class=\"aligncenter\" title=\"EMS Body Sculpt\" src=\"https:\/\/sc04.alicdn.com\/kf\/H093d27d43ee14476a3410687011f735eH\/247315878\/H093d27d43ee14476a3410687011f735eH.jpg\" alt=\"EMS Body Sculpt\" width=\"595\" height=\"973\" data-src=\"\/\/sc04.alicdn.com\/kf\/H093d27d43ee14476a3410687011f735eH\/247315878\/H093d27d43ee14476a3410687011f735eH.jpg\" \/><\/h2>\n<h2><strong>L&#039;Avenir de remise en forme Est Dans Vos Mains<\/strong><\/h2>\n<p>La ligne entre les professionnels de soins cliniques et de personnels \u00e0 domicile de bien-\u00eatre est flou, et le Emslim avec le RF est \u00e0 l&#039;avant-garde de cette r\u00e9volution passionnante. Pas plus de rendez-vous, pas plus de la clinique de frais, pas plus de sentiment d&#039;auto-conscience. Vous avez maintenant le pouvoir de prendre le contr\u00f4le de votre corps esth\u00e9tique du destin sur vos propres termes, dans votre propre temps, dans votre propre espace priv\u00e9.<\/p>\n<p>Investir dans une maison Emslim avec le RF est plus que juste l&#039;achat d&#039;un gadget, c&#039;est un investissement pour votre confiance, votre motivation et votre capacit\u00e9 \u00e0 enfin atteindre le corps que vous avez travaill\u00e9 si dur pour. Bienvenue dans le futur de remise en forme.<\/p>\n<h2><img loading=\"lazy\" decoding=\"async\" class=\"aligncenter\" title=\"EMS Body Sculpt\" src=\"https:\/\/sc04.alicdn.com\/kf\/H14204d0a5f3d4b5eba840cbb31a63384t\/247315878\/H14204d0a5f3d4b5eba840cbb31a63384t.jpg\" alt=\"EMS Body Sculpt\" width=\"480\" height=\"657\" data-src=\"\/\/sc04.alicdn.com\/kf\/H14204d0a5f3d4b5eba840cbb31a63384t\/247315878\/H14204d0a5f3d4b5eba840cbb31a63384t.jpg\" \/><\/h2>\n<p>&nbsp;<\/p>\n<div>\n<div>\n<table style=\"font-family: var(--global-body-font-family);\" width=\"992\" cellspacing=\"0\" cellpadding=\"0\">\n<tbody>\n<tr>\n<td width=\"87\"><img loading=\"lazy\" decoding=\"async\" class=\"alignright\" title=\"EMS Body Sculpt\" src=\"https:\/\/sc04.alicdn.com\/kf\/Hbb9bc3286ffe44debcd06e7c79cb7c14g\/247315878\/Hbb9bc3286ffe44debcd06e7c79cb7c14g.png\" alt=\"EMS Body Sculpt\" width=\"445\" height=\"286\" data-src=\"\/\/sc04.alicdn.com\/kf\/Hbb9bc3286ffe44debcd06e7c79cb7c14g\/247315878\/Hbb9bc3286ffe44debcd06e7c79cb7c14g.png\" \/><\/td>\n<td width=\"90\"><img loading=\"lazy\" decoding=\"async\" class=\"alignleft\" title=\"EMS Body Sculpt\" src=\"https:\/\/sc04.alicdn.com\/kf\/H6bf27b941c6643309a971a51ccec552fu\/247315878\/H6bf27b941c6643309a971a51ccec552fu.png\" alt=\"EMS Body Sculpt\" width=\"424\" height=\"245\" data-src=\"\/\/sc04.alicdn.com\/kf\/H6bf27b941c6643309a971a51ccec552fu\/247315878\/H6bf27b941c6643309a971a51ccec552fu.png\" \/><\/td>\n<\/tr>\n<tr>\n<td width=\"87\"><img loading=\"lazy\" decoding=\"async\" class=\"alignright\" title=\"EMS Body Sculpt\" src=\"https:\/\/sc04.alicdn.com\/kf\/H0008c233a65c4640b312a8f64a17a8efc\/247315878\/H0008c233a65c4640b312a8f64a17a8efc.png\" alt=\"EMS Body Sculpt\" width=\"446\" height=\"272\" data-src=\"\/\/sc04.alicdn.com\/kf\/H0008c233a65c4640b312a8f64a17a8efc\/247315878\/H0008c233a65c4640b312a8f64a17a8efc.png\" \/><\/td>\n<td width=\"90\"><img loading=\"lazy\" decoding=\"async\" class=\"alignleft\" title=\"EMS Body Sculpt\" src=\"https:\/\/sc04.alicdn.com\/kf\/Ha27d9e5c07144efe98cc0306da35d533f\/247315878\/Ha27d9e5c07144efe98cc0306da35d533f.png\" alt=\"EMS Body Sculpt\" width=\"465\" height=\"293\" data-src=\"\/\/sc04.alicdn.com\/kf\/Ha27d9e5c07144efe98cc0306da35d533f\/247315878\/Ha27d9e5c07144efe98cc0306da35d533f.png\" \/><\/td>\n<\/tr>\n<tr>\n<td width=\"87\"><img loading=\"lazy\" decoding=\"async\" class=\"alignright\" title=\"EMS Body Sculpt\" src=\"https:\/\/sc04.alicdn.com\/kf\/H662ed3f19b9543fc96c4ddfb7090cc5dQ\/247315878\/H662ed3f19b9543fc96c4ddfb7090cc5dQ.png\" alt=\"EMS Body Sculpt\" width=\"438\" height=\"277\" data-src=\"\/\/sc04.alicdn.com\/kf\/H662ed3f19b9543fc96c4ddfb7090cc5dQ\/247315878\/H662ed3f19b9543fc96c4ddfb7090cc5dQ.png\" \/><\/td>\n<td width=\"90\"><img loading=\"lazy\" decoding=\"async\" class=\"alignnone wp-image-1854 size-full\" title=\"EMS Body Sculpt\" src=\"https:\/\/skbty.com\/wp-content\/uploads\/2023\/06\/\u5fae\u4fe1\u622a\u56fe_20230614171304.png\" alt=\"EMS Body Sculpt\" width=\"389\" height=\"290\" srcset=\"https:\/\/skbty.com\/wp-content\/uploads\/2023\/06\/\u5fae\u4fe1\u622a\u56fe_20230614171304.png 389w, https:\/\/skbty.com\/wp-content\/uploads\/2023\/06\/\u5fae\u4fe1\u622a\u56fe_20230614171304-300x224.png 300w\" sizes=\"auto, (max-width: 389px) 100vw, 389px\" \/><\/td>\n<\/tr>\n<\/tbody>\n<\/table>\n<\/div>\n<\/div>\n<div id=\"message-group-27c0d13d-cb91-4764-9af4-dcb2bc46da94\" class=\"GroupContainer-grQTmn gzHfNN\">\n<div class=\"GridContainer-dXkBYs ieLooV\">\n<div class=\"Container-btbEOh cjLUlV\">\n<div class=\"MessageContent-eCraCN gAXxQk\">\n<div id=\"message-5c2c767a-b6b8-4745-b92d-795bd49a3ef9\" class=\"Container-cbkHbc dwcxTM MessageWrapper-haNQyn kcGqQR selected\">\n<div class=\"MessageContainer-cCZhjv fnigol message message-assistant\">\n<div class=\"ContextContainer-hrBmDP hAPxzm context-menu-container\">\n<div class=\"MessageContentContainer-gVugAi jsbmwp message-content-container message-content-container-assistant\">\n<div class=\"block-wrapper\">\n<div class=\"markdown\">\n<h2><strong>Foire aux Questions (FAQ)<\/strong><\/h2>\n<p><strong>1. Le traitement est-il bless\u00e9? Que fait-il envie?<\/strong> Pas du tout! C&#039;est un tr\u00e8s sensation unique, mais pas douloureux. Vous vous sentirez vos muscles subissant de tr\u00e8s fortes et profondes des contractions, semblable \u00e0 une s\u00e9ance d&#039;entra\u00eenement intense. Dans le m\u00eame temps, le RF composant cr\u00e9e une douce sensation de chaleur, un peu comme un massage aux pierres chaudes. La plupart des utilisateurs y sentirez \u00e0 l&#039;aise et de s&#039;habituer \u00e0 la sensation \u00e0 l&#039;int\u00e9rieur de minutes.<\/p>\n<p><strong>2. Combien de temps aurai-je voir les r\u00e9sultats de ma maison sessions?<\/strong> Vous pouvez vous sentir des r\u00e9sultats tangibles \u00e0 droite apr\u00e8s la premi\u00e8re session, avec la zone trait\u00e9e sensation plus ferme et plus fort. Cependant, des r\u00e9sultats visibles apparaissent g\u00e9n\u00e9ralement de fa\u00e7on plus graduelle. Les effets de renforcement musculaire devenir de plus en plus perceptibles, pendant 2 \u00e0 4 semaines, tandis que la r\u00e9duction de la graisse continue \u00e0 s&#039;am\u00e9liorer jusqu&#039;\u00e0 3 mois pour que votre corps \u00e9limine les adipocytes trait\u00e9s. La coh\u00e9rence est la cl\u00e9!<\/p>\n<p><strong>3. Puis-je l&#039;utiliser tous les jours pour des r\u00e9sultats plus rapides?<\/strong> Non, et vous ne devriez pas. Tout comme avec d&#039;intenses halt\u00e9rophilie, vos muscles ont besoin de temps pour r\u00e9cup\u00e9rer, r\u00e9parer et d\u00e9velopper. \u00c0 l&#039;aide de la machine tous les jours sur le train les muscles et \u00eatre contre-productif. La recommandation standard est de traiter une zone de 2 \u00e0 3 fois par semaine, avec au moins un jour de repos entre les sessions de ce groupe musculaire.<\/p>\n<p><strong>4. Est-ce un remplacement pour aller \u00e0 la gym et la saine alimentation?<\/strong> Absolument pas. Il est pr\u00e9f\u00e9rable consid\u00e9r\u00e9 comme un puissant acc\u00e9l\u00e9rateur et de l&#039;amplificateur. Une alimentation saine et l&#039;exercice r\u00e9gulier sont essentiels pour la sant\u00e9 et le maintien de vos r\u00e9sultats. Le Emslim avec le RF est un outil de sculpture con\u00e7ue pour parfaire ce que vous \u00eates d\u00e9j\u00e0 en train de, en ciblant les zones rebelles que le r\u00e9gime alimentaire et l&#039;exercice seuls ne peuvent pas le r\u00e9parer.<\/p>\n<p><strong>5. Comment est-ce diff\u00e9rent d&#039;une unit\u00e9 TENS, je peux acheter \u00e0 la pharmacie?<\/strong> C&#039;est une question fantastique. Tout \u00e0 la fois l&#039;utilisation de courants \u00e9lectriques, de leurs finalit\u00e9s et de la technologie sont des mondes \u00e0 part. Une unit\u00e9 TENS utilise une faible fr\u00e9quence des courants \u00e9lectriques pour stimuler les nerfs sensoriels pour bloquer les signaux de la douleur. Il n&#039;est pas et ne peut pas contracter les muscles avec suffisamment de force pour construire. HIFEM de la technologie, d&#039;autre part, utilise un puissant, concentr\u00e9 <em>champ \u00e9lectromagn\u00e9tique<\/em> pour contourner les nerfs et induire directement profond, supramaximale des contractions dans le tissu musculaire lui-m\u00eame, l&#039;obligeant \u00e0 s&#039;adapter et \u00e0 cro\u00eetre.<\/p>\n<\/div>\n<\/div>\n<\/div>\n<\/div>\n<\/div>\n<\/div>\n<\/div>\n<\/div>\n<\/div>\n<\/div>\n<div>\n<h2><strong>Personnaliser Le Logo<\/strong><\/h2>\n<p>Vous voulez faire de votre marque de se d\u00e9marquer? Nous vous proposons logo personnalis\u00e9 de services pour vous aider \u00e0 cr\u00e9er un unique et personnalis\u00e9e de logo, qui refl\u00e8te l&#039;identit\u00e9 de votre marque. Notre \u00e9quipe d&#039;experts travaillera en \u00e9troite collaboration avec vous pour concevoir un logo qui r\u00e9sonne avec les valeurs de votre marque et de messagerie. Si vous \u00eates \u00e0 la recherche de r\u00e9organiser votre logo existant ou en cr\u00e9er un nouveau \u00e0 partir de z\u00e9ro, nous vous avons avons couvert. <a href=\"\/fr\/contact\/\">Contactez-nous<\/a> aujourd&#039;hui pour en savoir plus sur notre logo personnalis\u00e9 de services!<\/p>\n<\/div>","protected":false},"excerpt":{"rendered":"<p>D\u00e9couvrez les EMS Body Sculpt Machine, une technologie r\u00e9volutionnaire qui peut vous aider \u00e0 obtenir un corps parfait en position couch\u00e9e. R\u00e9duction de la graisse, de 21% et une augmentation de la masse musculaire de 16% avec ce s\u00fbr et non invasif de la machine.<\/p>","protected":false},"featured_media":1950,"comment_status":"open","ping_status":"closed","template":"","meta":{"_kad_post_transparent":"default","_kad_post_title":"","_kad_post_layout":"default","_kad_post_sidebar_id":"","_kad_post_content_style":"default","_kad_post_vertical_padding":"default","_kad_post_feature":"","_kad_post_feature_position":"","_kad_post_header":false,"_kad_post_footer":false,"_kad_post_classname":"","rank_math_title":"","rank_math_description":"","rank_math_focus_keyword":""},"product_brand":[],"product_cat":[31],"product_tag":[],"class_list":{"0":"post-1938","1":"product","2":"type-product","3":"status-publish","4":"has-post-thumbnail","6":"product_cat-body-slimming","8":"first","9":"instock","10":"sale","11":"shipping-taxable","12":"purchasable","13":"product-type-simple","14":"entry","15":"content-bg","16":"loop-entry"},"_links":{"self":[{"href":"https:\/\/skbty.com\/fr\/wp-json\/wp\/v2\/product\/1938","targetHints":{"allow":["GET"]}}],"collection":[{"href":"https:\/\/skbty.com\/fr\/wp-json\/wp\/v2\/product"}],"about":[{"href":"https:\/\/skbty.com\/fr\/wp-json\/wp\/v2\/types\/product"}],"replies":[{"embeddable":true,"href":"https:\/\/skbty.com\/fr\/wp-json\/wp\/v2\/comments?post=1938"}],"wp:featuredmedia":[{"embeddable":true,"href":"https:\/\/skbty.com\/fr\/wp-json\/wp\/v2\/media\/1950"}],"wp:attachment":[{"href":"https:\/\/skbty.com\/fr\/wp-json\/wp\/v2\/media?parent=1938"}],"wp:term":[{"taxonomy":"product_brand","embeddable":true,"href":"https:\/\/skbty.com\/fr\/wp-json\/wp\/v2\/product_brand?post=1938"},{"taxonomy":"product_cat","embeddable":true,"href":"https:\/\/skbty.com\/fr\/wp-json\/wp\/v2\/product_cat?post=1938"},{"taxonomy":"product_tag","embeddable":true,"href":"https:\/\/skbty.com\/fr\/wp-json\/wp\/v2\/product_tag?post=1938"}],"curies":[{"name":"Wp wp","href":"https:\/\/api.w.org\/{rel}","templated":true}]}}