{"id":1952,"date":"2023-06-16T17:00:47","date_gmt":"2023-06-16T09:00:47","guid":{"rendered":"https:\/\/skbty.com\/?post_type=product&#038;p=1952"},"modified":"2024-06-24T14:51:25","modified_gmt":"2024-06-24T06:51:25","slug":"machine-amincissante-a-4-poignees-pour-perte-de-poids-au-laser-1060-nm","status":"publish","type":"product","link":"https:\/\/skbty.com\/fr\/produit\/machine-amincissante-a-4-poignees-pour-perte-de-poids-au-laser-1060-nm\/","title":{"rendered":"Machine amincissante \u00e0 4 poign\u00e9es pour perte de poids au laser 1060 nm"},"content":{"rendered":"<div>\n<div>\n<h1><strong>Machine amincissante \u00e0 4 poign\u00e9es pour perte de poids au laser 1060 nm : r\u00e9volutionne la r\u00e9duction des graisses<\/strong><\/h1>\n<p>Vous en avez assez de lutter contre la graisse ind\u00e9sirable ? Ne cherchez pas plus loin que la machine amincissante \u00e0 4 poign\u00e9es pour perte de poids au laser 1060 nm, une technologie r\u00e9volutionnaire qui perturbe et \u00e9limine les cellules graisseuses ind\u00e9sirables en seulement 25 minutes.<\/p>\n<h2><img loading=\"lazy\" decoding=\"async\" class=\"aligncenter\" title=\"Perte de poids au laser 1060 nm\" src=\"https:\/\/sc04.alicdn.com\/kf\/H31f755f7f7404cf6984caf287aa43448Q\/247315878\/H31f755f7f7404cf6984caf287aa43448Q.png\" alt=\"Perte de poids au laser 1060 nm\" width=\"571\" height=\"936\" data-src=\"\/\/sc04.alicdn.com\/kf\/H31f755f7f7404cf6984caf287aa43448Q\/247315878\/H31f755f7f7404cf6984caf287aa43448Q.png\" \/><\/h2>\n<h2><strong>Zone de traitement<\/strong><\/h2>\n<p>La machine d&#039;amincissement \u00e0 4 poign\u00e9es pour perte de poids au laser 1060 nm est con\u00e7ue pour traiter les zones de graisse g\u00eanantes sur le corps, les bras et les jambes.<\/p>\n<h2><strong>Puissance d&#039;entr\u00e9e<\/strong><\/h2>\n<p>La machine fonctionne sur une alimentation de 220\/110V 50\/60Hz, ce qui la rend facile \u00e0 utiliser et \u00e0 entretenir.<\/p>\n<h2><strong>Couleur de la machine<\/strong><\/h2>\n<p>La machine est disponible dans une couleur blanche \u00e9l\u00e9gante et moderne, parfaite pour n&#039;importe quelle clinique ou spa.<\/p>\n<h2><strong>Poign\u00e9es<\/strong><\/h2>\n<p>La machine est livr\u00e9e avec 4 poign\u00e9es, ce qui la rend facile \u00e0 utiliser et \u00e0 man\u0153uvrer.<\/p>\n<h2><strong>Comment \u00e7a marche<\/strong><\/h2>\n<p>La machine amincissante \u00e0 4 poign\u00e9es pour perte de poids au laser 1060 nm utilise une technologie de pointe pour perturber et \u00e9liminer les cellules graisseuses ind\u00e9sirables. La longueur d&#039;onde de 1060 nm a une affinit\u00e9 sp\u00e9cifique pour le tissu adipeux, associ\u00e9e \u00e0 une absorption minimale dans le derme, permettant un traitement efficace des zones de graisse g\u00eanantes en seulement 25 minutes. Au fil du temps, le corps \u00e9limine naturellement les cellules graisseuses perturb\u00e9es, avec des r\u00e9sultats visibles d\u00e8s 6 semaines et des r\u00e9sultats optimaux g\u00e9n\u00e9ralement visibles en seulement deux mois.<\/p>\n<h2><img loading=\"lazy\" decoding=\"async\" class=\"aligncenter\" title=\"Perte de poids au laser 1060 nm\" src=\"https:\/\/sc04.alicdn.com\/kf\/H523b8ed3512e415d96c6e93bd03539b3B\/247315878\/H523b8ed3512e415d96c6e93bd03539b3B.jpg\" alt=\"Perte de poids au laser 1060 nm\" width=\"547\" height=\"547\" data-src=\"\/\/sc04.alicdn.com\/kf\/H523b8ed3512e415d96c6e93bd03539b3B\/247315878\/H523b8ed3512e415d96c6e93bd03539b3B.jpg\" \/><\/h2>\n<h2><strong>Caract\u00e9ristiques<\/strong><\/h2>\n<p>La machine amincissante \u00e0 4 poign\u00e9es pour perte de poids au laser 1060 nm offre une gamme de fonctionnalit\u00e9s, notamment\u00a0:<\/p>\n<ul>\n<li>L&#039;absorption minimale dans le derme laisse la surface de la peau intacte<\/li>\n<li>Le refroidissement par contact avanc\u00e9 am\u00e9liore le confort du patient<\/li>\n<li>Le lissage de la diffusion de chaleur offre des r\u00e9sultats d&#039;apparence naturelle<\/li>\n<li>Effets secondaires l\u00e9gers et transitoires<\/li>\n<li>Traitement rapide de 25 minutes par zone<\/li>\n<li>Applicateurs polyvalents pour s&#039;adapter \u00e0 une vari\u00e9t\u00e9 de formes et de tailles de corps<\/li>\n<li>Un retour sur investissement \u00e9lev\u00e9 pour augmenter plus rapidement les revenus de vos patients<\/li>\n<li>Une \u00e9quipe de support Lasershape d\u00e9di\u00e9e pour assurer le succ\u00e8s clinique et marketing<\/li>\n<li>Marketing direct aupr\u00e8s des consommateurs pour accro\u00eetre la notori\u00e9t\u00e9 et les prospects<\/li>\n<\/ul>\n<table style=\"border-collapse: collapse; width: 100%;\">\n<tbody>\n<tr>\n<td style=\"width: 50%;\"><img loading=\"lazy\" decoding=\"async\" class=\"aligncenter\" title=\"Perte de poids au laser 1060 nm\" src=\"https:\/\/sc04.alicdn.com\/kf\/Hcb26690e06584d009ab316424a9c71c8M\/247315878\/Hcb26690e06584d009ab316424a9c71c8M.png\" alt=\"Perte de poids au laser 1060 nm\" width=\"399\" height=\"260\" data-src=\"\/\/sc04.alicdn.com\/kf\/Hcb26690e06584d009ab316424a9c71c8M\/247315878\/Hcb26690e06584d009ab316424a9c71c8M.png\" \/><\/td>\n<td style=\"width: 50%;\"><img loading=\"lazy\" decoding=\"async\" class=\"aligncenter\" title=\"Perte de poids au laser 1060 nm\" src=\"https:\/\/sc04.alicdn.com\/kf\/H3825157f491a4f2eb88c8c97f154db28Q\/247315878\/H3825157f491a4f2eb88c8c97f154db28Q.png\" alt=\"Perte de poids au laser 1060 nm\" width=\"345\" height=\"184\" data-src=\"\/\/sc04.alicdn.com\/kf\/H3825157f491a4f2eb88c8c97f154db28Q\/247315878\/H3825157f491a4f2eb88c8c97f154db28Q.png\" \/><\/td>\n<\/tr>\n<\/tbody>\n<\/table>\n<h2><strong>Conclusion<\/strong><\/h2>\n<p>La machine amincissante \u00e0 4 poign\u00e9es pour perte de poids au laser 1060 nm est une technologie r\u00e9volutionnaire qui perturbe et \u00e9limine les cellules graisseuses ind\u00e9sirables en seulement 25 minutes. Gr\u00e2ce \u00e0 sa facilit\u00e9 d&#039;utilisation, \u00e0 ses effets secondaires minimes et \u00e0 son temps de traitement rapide, c&#039;est la solution parfaite pour tous ceux qui cherchent \u00e0 r\u00e9duire leur graisse et \u00e0 obtenir un physique plus tonique.<\/p>\n<\/div>\n<div>\n<table style=\"border-collapse: collapse; width: 100%;\">\n<tbody>\n<tr>\n<td style=\"width: 50%;\"><img loading=\"lazy\" decoding=\"async\" class=\"aligncenter\" title=\"Perte de poids au laser 1060 nm\" src=\"https:\/\/sc04.alicdn.com\/kf\/H948d07df04db41d48abbb1283742bd47E\/247315878\/H948d07df04db41d48abbb1283742bd47E.jpg\" alt=\"Perte de poids au laser 1060 nm\" width=\"750\" height=\"684\" data-src=\"\/\/sc04.alicdn.com\/kf\/H948d07df04db41d48abbb1283742bd47E\/247315878\/H948d07df04db41d48abbb1283742bd47E.jpg\" \/><\/td>\n<td style=\"width: 50%;\"><img loading=\"lazy\" decoding=\"async\" class=\"aligncenter\" title=\"Perte de poids au laser 1060 nm\" src=\"https:\/\/sc04.alicdn.com\/kf\/Hb0e010ae69b240be99383363cf528b1dk\/247315878\/Hb0e010ae69b240be99383363cf528b1dk.png\" alt=\"Perte de poids au laser 1060 nm\" width=\"325\" height=\"426\" data-src=\"\/\/sc04.alicdn.com\/kf\/Hb0e010ae69b240be99383363cf528b1dk\/247315878\/Hb0e010ae69b240be99383363cf528b1dk.png\" \/><\/td>\n<\/tr>\n<\/tbody>\n<\/table>\n<\/div>\n<\/div>\n<div><\/div>\n<div>\n<div>\n<div>\n<div>\n<div>\n<div><\/div>\n<\/div>\n<\/div>\n<\/div>\n<\/div>\n<\/div>\n<div>\n<h3><strong>Personnaliser Le Logo<\/strong><\/h3>\n<p>Vous voulez faire de votre marque de se d\u00e9marquer? Nous vous proposons logo personnalis\u00e9 de services pour vous aider \u00e0 cr\u00e9er un unique et personnalis\u00e9e de logo, qui refl\u00e8te l&#039;identit\u00e9 de votre marque. Notre \u00e9quipe d&#039;experts travaillera en \u00e9troite collaboration avec vous pour concevoir un logo qui r\u00e9sonne avec les valeurs de votre marque et de messagerie. Si vous \u00eates \u00e0 la recherche de r\u00e9organiser votre logo existant ou en cr\u00e9er un nouveau \u00e0 partir de z\u00e9ro, nous vous avons avons couvert. <a href=\"\/fr\/contact\/\">Contactez-nous<\/a> aujourd&#039;hui pour en savoir plus sur notre logo personnalis\u00e9 de services!<\/p>\n<\/div>","protected":false},"excerpt":{"rendered":"<p>Cette nouvelle technologie est optimis\u00e9e pour perturber et \u00e9liminer les cellules graisseuses ind\u00e9sirables. L&#039;affinit\u00e9 sp\u00e9cifique de la longueur d&#039;onde de 1060 nm pour le tissu adipeux, associ\u00e9e \u00e0 une absorption minimale dans le derme, permet de traiter efficacement les zones de graisse g\u00eanantes en seulement 25 minutes. Au fil du temps, le corps \u00e9limine naturellement les cellules graisseuses perturb\u00e9es avec des r\u00e9sultats visibles d\u00e8s 6 semaines et des r\u00e9sultats optimaux peuvent g\u00e9n\u00e9ralement \u00eatre observ\u00e9s en seulement deux mois.<\/p>","protected":false},"featured_media":1957,"comment_status":"open","ping_status":"closed","template":"","meta":{"_kad_post_transparent":"default","_kad_post_title":"","_kad_post_layout":"default","_kad_post_sidebar_id":"","_kad_post_content_style":"default","_kad_post_vertical_padding":"default","_kad_post_feature":"","_kad_post_feature_position":"","_kad_post_header":false,"_kad_post_footer":false,"_kad_post_classname":"","rank_math_title":"","rank_math_description":"","rank_math_focus_keyword":""},"product_brand":[],"product_cat":[31],"product_tag":[],"class_list":{"0":"post-1952","1":"product","2":"type-product","3":"status-publish","4":"has-post-thumbnail","6":"product_cat-body-slimming","8":"first","9":"instock","10":"shipping-taxable","11":"product-type-simple","12":"entry","13":"content-bg","14":"loop-entry"},"_links":{"self":[{"href":"https:\/\/skbty.com\/fr\/wp-json\/wp\/v2\/product\/1952","targetHints":{"allow":["GET"]}}],"collection":[{"href":"https:\/\/skbty.com\/fr\/wp-json\/wp\/v2\/product"}],"about":[{"href":"https:\/\/skbty.com\/fr\/wp-json\/wp\/v2\/types\/product"}],"replies":[{"embeddable":true,"href":"https:\/\/skbty.com\/fr\/wp-json\/wp\/v2\/comments?post=1952"}],"wp:featuredmedia":[{"embeddable":true,"href":"https:\/\/skbty.com\/fr\/wp-json\/wp\/v2\/media\/1957"}],"wp:attachment":[{"href":"https:\/\/skbty.com\/fr\/wp-json\/wp\/v2\/media?parent=1952"}],"wp:term":[{"taxonomy":"product_brand","embeddable":true,"href":"https:\/\/skbty.com\/fr\/wp-json\/wp\/v2\/product_brand?post=1952"},{"taxonomy":"product_cat","embeddable":true,"href":"https:\/\/skbty.com\/fr\/wp-json\/wp\/v2\/product_cat?post=1952"},{"taxonomy":"product_tag","embeddable":true,"href":"https:\/\/skbty.com\/fr\/wp-json\/wp\/v2\/product_tag?post=1952"}],"curies":[{"name":"Wp wp","href":"https:\/\/api.w.org\/{rel}","templated":true}]}}