{"id":1970,"date":"2023-06-16T18:14:42","date_gmt":"2023-06-16T10:14:42","guid":{"rendered":"https:\/\/skbty.com\/?post_type=product&#038;p=1970"},"modified":"2024-06-24T14:37:26","modified_gmt":"2024-06-24T06:37:26","slug":"analyseur-dhumidite-du-visage","status":"publish","type":"product","link":"https:\/\/skbty.com\/fr\/produit\/analyseur-dhumidite-du-visage\/","title":{"rendered":"Analyseur d&#039;humidit\u00e9 du visage"},"content":{"rendered":"<div>\n<h1><strong>Analyseur d&#039;hydratation du visage : d\u00e9couvrez les secrets de votre peau<\/strong><\/h1>\n<p>Vous en avez assez de deviner ce qui se passe avec votre peau ? Vous voulez conna\u00eetre les secrets pour obtenir une peau saine et \u00e9clatante ? Ne cherchez pas plus loin que le Facial Moisture Analyzer, un appareil d&#039;analyse de la peau portable qui utilise une technologie de pointe pour fournir des recommandations de soins de la peau pr\u00e9cises et personnalis\u00e9es.<\/p>\n<h2><strong>Qu\u2019est-ce qu\u2019un analyseur d\u2019hydratation du visage ?<\/strong><\/h2>\n<p>L&#039;analyseur d&#039;humidit\u00e9 du visage est un appareil d&#039;analyse de la peau portable con\u00e7u pour vous aider \u00e0 mieux comprendre votre peau. Gr\u00e2ce \u00e0 sa technologie avanc\u00e9e, il peut d\u00e9tecter divers probl\u00e8mes de peau tels que les taches, les pores, l&#039;humidit\u00e9, la texture et les rides. Cet appareil est parfait pour tous ceux qui souhaitent prendre le contr\u00f4le de leur routine de soins de la peau et obtenir une peau saine et \u00e9clatante.<\/p>\n<h2><img loading=\"lazy\" decoding=\"async\" class=\"aligncenter\" title=\"Analyseur d&#039;humidit\u00e9 du visage\" src=\"https:\/\/sc04.alicdn.com\/kf\/Hb19d432465d944e89218bbfbf526be3aJ\/247315878\/Hb19d432465d944e89218bbfbf526be3aJ.jpg\" alt=\"Analyseur d&#039;humidit\u00e9 du visage\" width=\"587\" height=\"384\" data-src=\"\/\/sc04.alicdn.com\/kf\/Hb19d432465d944e89218bbfbf526be3aJ\/247315878\/Hb19d432465d944e89218bbfbf526be3aJ.jpg\" \/><\/h2>\n<h2><strong>Pr\u00e9sentation du produit<\/strong><\/h2>\n<ul>\n<li><strong>Taper:<\/strong>\u00a0Portable<\/li>\n<li><strong>Nom du produit:<\/strong>\u00a0Appareil d&#039;analyse de la peau<\/li>\n<li><strong>Usage:<\/strong>\u00a0Affronter<\/li>\n<\/ul>\n<h3><strong>Fonction:<\/strong>\u00a0Analyse de la peau, analyse des rides de la peau, analyse de la pigmentation, analyse du visage<\/h3>\n<h2><img loading=\"lazy\" decoding=\"async\" class=\"aligncenter\" title=\"Analyseur d&#039;humidit\u00e9 du visage\" src=\"https:\/\/sc04.alicdn.com\/kf\/Hd6ac1fb64c0a49bdaddcc6fac13adad6N\/247315878\/Hd6ac1fb64c0a49bdaddcc6fac13adad6N.jpg\" alt=\"Analyseur d&#039;humidit\u00e9 du visage\" width=\"565\" height=\"288\" data-src=\"\/\/sc04.alicdn.com\/kf\/Hd6ac1fb64c0a49bdaddcc6fac13adad6N\/247315878\/Hd6ac1fb64c0a49bdaddcc6fac13adad6N.jpg\" \/><\/h2>\n<h2><strong>Technologie avanc\u00e9e<\/strong><\/h2>\n<p>L&#039;analyseur d&#039;humidit\u00e9 du visage utilise une combinaison de lumi\u00e8re visible RVB, de lumi\u00e8re polaris\u00e9e PL et de technologie d&#039;imagerie \u00e0 spectre UV pour fournir une analyse pr\u00e9cise et d\u00e9taill\u00e9e de la peau. Cette technologie est combin\u00e9e \u00e0 l&#039;intelligence artificielle et \u00e0 l&#039;analyse d&#039;images pour fournir des recommandations personnalis\u00e9es en mati\u00e8re de soins de la peau.<\/p>\n<h2><strong>Caract\u00e9ristiques<\/strong><\/h2>\n<ul>\n<li><strong>B\u00c9LIER:<\/strong>\u00a02 Go<\/li>\n<li><strong>Pixel:<\/strong>\u00a01500 M\u00e9ga<\/li>\n<li><strong>Stockage:<\/strong>\u00a0Carte SD externe 64 Go<\/li>\n<li><strong>\u00c9cran:<\/strong>\u00a010,1 pouces<\/li>\n<li><strong>Pouvoir:<\/strong>\u00a045 W, 110-220 V, 50 Hz<\/li>\n<\/ul>\n<h2><strong>Magic Mirror Plus : l&#039;\u00e9quipement de d\u00e9tection de peau le plus avanc\u00e9 au monde<\/strong><\/h2>\n<p>Magic Mirror Plus est l&#039;\u00e9quipement de d\u00e9tection de peau le plus avanc\u00e9 au monde qui combine la prise de vue, l&#039;analyse et l&#039;affichage 3 en 1. Gr\u00e2ce \u00e0 sa technologie avanc\u00e9e d&#039;imagerie spectrale RVB, UV et PL, il peut d\u00e9tecter 10 probl\u00e8mes de peau du derme et de l&#039;\u00e9piderme en seulement 15 secondes. Cet appareil est parfait pour les entreprises de cosm\u00e9tiques, les salons de beaut\u00e9, les cliniques de soins de la peau et les \u00e9coles de formation.<\/p>\n<h2><strong>Comment fonctionne le Magic Mirror Plus<\/strong><\/h2>\n<p>Magic Mirror Plus utilise une combinaison de technologie de pointe et d&#039;intelligence artificielle pour fournir des recommandations de soins de la peau pr\u00e9cises et personnalis\u00e9es. Avec ses 12 ann\u00e9es de tests de march\u00e9 et ses 30 millions de bases de donn\u00e9es cliniques, il peut pr\u00e9dire l&#039;\u00e9volution de la peau dans 3 \u00e0 5 ans.<\/p>\n<h2><strong>D\u00e9tails du produit<\/strong><\/h2>\n<ul>\n<li>Cam\u00e9ra HD 20 m\u00e9gapixels RVB + UV + PL avec technologie autofocus<\/li>\n<li>Syst\u00e8me de cam\u00e9ra d&#039;ombrage brevet\u00e9 avec conception cach\u00e9e de billes \u00e9lastiques miniatures de type poussoir<\/li>\n<li>Utilisation de la tablette Android 10,1 pouces<\/li>\n<\/ul>\n<h2><img loading=\"lazy\" decoding=\"async\" class=\"aligncenter\" title=\"Analyseur d&#039;humidit\u00e9 du visage\" src=\"https:\/\/sc04.alicdn.com\/kf\/H3f8fd33eb88d47b3b0905dbc713138a6i\/247315878\/H3f8fd33eb88d47b3b0905dbc713138a6i.jpg\" alt=\"Analyseur d&#039;humidit\u00e9 du visage\" width=\"688\" height=\"322\" data-src=\"\/\/sc04.alicdn.com\/kf\/H3f8fd33eb88d47b3b0905dbc713138a6i\/247315878\/H3f8fd33eb88d47b3b0905dbc713138a6i.jpg\" \/><\/h2>\n<h2><strong>Syst\u00e8me et structure<\/strong><\/h2>\n<p>L&#039;analyseur d&#039;humidit\u00e9 du visage dispose d&#039;une interface conviviale qui vous permet de naviguer facilement dans le processus d&#039;analyse de la peau. Le syst\u00e8me identifie automatiquement la zone d&#039;analyse et vous pouvez l&#039;ajuster selon vos besoins.<\/p>\n<h2><strong>Comprendre le vieillissement cutan\u00e9 et embellir la peau<\/strong><\/h2>\n<p>L&#039;analyseur d&#039;hydratation du visage fournit deux pr\u00e9visions : le vieillissement cutan\u00e9 et l&#039;embellissement cutan\u00e9. Le vieillissement cutan\u00e9 repr\u00e9sente la pr\u00e9vision de l&#039;\u00e9tat de la peau dans les 3 \u00e0 5 prochaines ann\u00e9es sans aucun traitement ou th\u00e9rapie de soin de la peau. L&#039;embellissement cutan\u00e9 repr\u00e9sente la pr\u00e9vision de l&#039;\u00e9tat d&#039;embellissement de la peau dans les 3 \u00e0 5 prochaines ann\u00e9es avec des traitements de soin de la peau professionnels.<\/p>\n<h2><strong>Conclusion<\/strong><\/h2>\n<p>Le Facial Moisture Analyzer est un appareil r\u00e9volutionnaire d&#039;analyse de la peau qui peut vous aider \u00e0 d\u00e9couvrir les secrets de votre peau. Gr\u00e2ce \u00e0 sa technologie avanc\u00e9e et \u00e0 ses recommandations personnalis\u00e9es en mati\u00e8re de soins de la peau, c&#039;est l&#039;appareil id\u00e9al pour tous ceux qui souhaitent obtenir une peau saine et \u00e9clatante.<\/p>\n<\/div>\n<div>\n<div>\n<div>\n<div>\n<div>\n<div>\n<h2><strong>Personnaliser Le Logo<\/strong><\/h2>\n<p>Vous voulez faire de votre marque de se d\u00e9marquer? Nous vous proposons logo personnalis\u00e9 de services pour vous aider \u00e0 cr\u00e9er un unique et personnalis\u00e9e de logo, qui refl\u00e8te l&#039;identit\u00e9 de votre marque. Notre \u00e9quipe d&#039;experts travaillera en \u00e9troite collaboration avec vous pour concevoir un logo qui r\u00e9sonne avec les valeurs de votre marque et de messagerie. Si vous \u00eates \u00e0 la recherche de r\u00e9organiser votre logo existant ou en cr\u00e9er un nouveau \u00e0 partir de z\u00e9ro, nous vous avons avons couvert. <a href=\"\/fr\/contact\/\">Contactez-nous<\/a> aujourd&#039;hui pour en savoir plus sur notre logo personnalis\u00e9 de services!<\/p>\n<p style=\"text-align: center;\">\n<\/div>\n<\/div>\n<\/div>\n<\/div>\n<\/div>\n<\/div>","protected":false},"excerpt":{"rendered":"<p>D\u00e9couvrez la puissance du Facial Moisture Analyzer, un appareil r\u00e9volutionnaire d&#039;analyse de la peau qui r\u00e9v\u00e8le les secrets de votre peau. D\u00e9couvrez comment Magic Mirror Plus utilise une technologie avanc\u00e9e pour fournir des recommandations de soins de la peau pr\u00e9cises et personnalis\u00e9es.<\/p>","protected":false},"featured_media":1977,"comment_status":"open","ping_status":"closed","template":"","meta":{"_kad_post_transparent":"default","_kad_post_title":"","_kad_post_layout":"default","_kad_post_sidebar_id":"","_kad_post_content_style":"default","_kad_post_vertical_padding":"default","_kad_post_feature":"","_kad_post_feature_position":"","_kad_post_header":false,"_kad_post_footer":false,"_kad_post_classname":"","rank_math_title":"","rank_math_description":"","rank_math_focus_keyword":""},"product_brand":[],"product_cat":[32],"product_tag":[],"class_list":{"0":"post-1970","1":"product","2":"type-product","3":"status-publish","4":"has-post-thumbnail","6":"product_cat-skin-analyzer","8":"first","9":"instock","10":"shipping-taxable","11":"product-type-simple","12":"entry","13":"content-bg","14":"loop-entry"},"_links":{"self":[{"href":"https:\/\/skbty.com\/fr\/wp-json\/wp\/v2\/product\/1970","targetHints":{"allow":["GET"]}}],"collection":[{"href":"https:\/\/skbty.com\/fr\/wp-json\/wp\/v2\/product"}],"about":[{"href":"https:\/\/skbty.com\/fr\/wp-json\/wp\/v2\/types\/product"}],"replies":[{"embeddable":true,"href":"https:\/\/skbty.com\/fr\/wp-json\/wp\/v2\/comments?post=1970"}],"wp:featuredmedia":[{"embeddable":true,"href":"https:\/\/skbty.com\/fr\/wp-json\/wp\/v2\/media\/1977"}],"wp:attachment":[{"href":"https:\/\/skbty.com\/fr\/wp-json\/wp\/v2\/media?parent=1970"}],"wp:term":[{"taxonomy":"product_brand","embeddable":true,"href":"https:\/\/skbty.com\/fr\/wp-json\/wp\/v2\/product_brand?post=1970"},{"taxonomy":"product_cat","embeddable":true,"href":"https:\/\/skbty.com\/fr\/wp-json\/wp\/v2\/product_cat?post=1970"},{"taxonomy":"product_tag","embeddable":true,"href":"https:\/\/skbty.com\/fr\/wp-json\/wp\/v2\/product_tag?post=1970"}],"curies":[{"name":"Wp wp","href":"https:\/\/api.w.org\/{rel}","templated":true}]}}